{"id":21233,"date":"2022-02-01T06:17:34","date_gmt":"2022-02-01T05:17:34","guid":{"rendered":"https:\/\/kaco.de\/%e7%89%88%e6%9c%ac%e8%af%b4%e6%98%8e\/"},"modified":"2025-01-15T08:24:19","modified_gmt":"2025-01-15T07:24:19","slug":"%e7%89%88%e6%9c%ac%e8%af%b4%e6%98%8e","status":"publish","type":"page","link":"https:\/\/kaco.de\/cn\/%e7%89%88%e6%9c%ac%e8%af%b4%e6%98%8e\/","title":{"rendered":"\u7248\u672c\u8bf4\u660e"},"content":{"rendered":"\t\t<div data-elementor-type=\"wp-page\" data-elementor-id=\"21233\" class=\"elementor elementor-21233 elementor-9\" data-elementor-post-type=\"page\">\n\t\t\t\t\t\t<section class=\"elementor-section elementor-top-section elementor-element elementor-element-4ab2f19 elementor-section-full_width elementor-section-stretched elementor-section-height-default elementor-section-height-default\" data-id=\"4ab2f19\" data-element_type=\"section\" data-settings=\"{&quot;stretch_section&quot;:&quot;section-stretched&quot;}\">\n\t\t\t\t\t\t<div class=\"elementor-container elementor-column-gap-default\">\n\t\t\t\t\t<div class=\"elementor-column elementor-col-100 elementor-top-column elementor-element elementor-element-bef4270\" data-id=\"bef4270\" data-element_type=\"column\">\n\t\t\t<div class=\"elementor-widget-wrap elementor-element-populated\">\n\t\t\t\t\t\t<div class=\"elementor-element elementor-element-4110d91 elementor-widget elementor-widget-image\" data-id=\"4110d91\" data-element_type=\"widget\" data-widget_type=\"image.default\">\n\t\t\t\t<div class=\"elementor-widget-container\">\n\t\t\t\t\t\t\t\t\t\t\t\t\t\t\t<img fetchpriority=\"high\" decoding=\"async\" width=\"3800\" height=\"1200\" src=\"https:\/\/kaco.de\/wp-content\/uploads\/standorte-03-kaco@2x.jpg\" class=\"attachment-full size-full wp-image-23382\" alt=\"\" srcset=\"https:\/\/kaco.de\/wp-content\/uploads\/standorte-03-kaco@2x.jpg 3800w, https:\/\/kaco.de\/wp-content\/uploads\/standorte-03-kaco@2x-300x95.jpg 300w, https:\/\/kaco.de\/wp-content\/uploads\/standorte-03-kaco@2x-1536x485.jpg 1536w, https:\/\/kaco.de\/wp-content\/uploads\/standorte-03-kaco@2x-2048x647.jpg 2048w\" sizes=\"(max-width: 3800px) 100vw, 3800px\" \/>\t\t\t\t\t\t\t\t\t\t\t\t\t\t\t<\/div>\n\t\t\t\t<\/div>\n\t\t\t\t\t<\/div>\n\t\t<\/div>\n\t\t\t\t\t<\/div>\n\t\t<\/section>\n\t\t\t\t<section class=\"elementor-section elementor-top-section elementor-element elementor-element-3b80d34 elementor-section-content-bottom elementor-section-stretched pageheader elementor-section-boxed elementor-section-height-default elementor-section-height-default\" data-id=\"3b80d34\" data-element_type=\"section\" data-settings=\"{&quot;background_background&quot;:&quot;classic&quot;,&quot;stretch_section&quot;:&quot;section-stretched&quot;}\">\n\t\t\t\t\t\t<div class=\"elementor-container elementor-column-gap-default\">\n\t\t\t\t\t<div class=\"elementor-column elementor-col-50 elementor-top-column elementor-element elementor-element-193e669 pageheader-row-left\" data-id=\"193e669\" data-element_type=\"column\" data-settings=\"{&quot;background_background&quot;:&quot;classic&quot;}\">\n\t\t\t<div class=\"elementor-widget-wrap elementor-element-populated\">\n\t\t\t\t\t\t<div class=\"elementor-element elementor-element-fb895ee elementor-widget elementor-widget-heading\" data-id=\"fb895ee\" data-element_type=\"widget\" data-widget_type=\"heading.default\">\n\t\t\t\t<div class=\"elementor-widget-container\">\n\t\t\t\t\t<span class=\"elementor-heading-title elementor-size-default\">KACO<\/span>\t\t\t\t<\/div>\n\t\t\t\t<\/div>\n\t\t\t\t<div class=\"elementor-element elementor-element-92dfe73 elementor-widget elementor-widget-heading\" data-id=\"92dfe73\" data-element_type=\"widget\" data-widget_type=\"heading.default\">\n\t\t\t\t<div class=\"elementor-widget-container\">\n\t\t\t\t\t<h1 class=\"elementor-heading-title elementor-size-default\">\u7248\u672c\u8bf4\u660e<\/h1>\t\t\t\t<\/div>\n\t\t\t\t<\/div>\n\t\t\t\t\t<\/div>\n\t\t<\/div>\n\t\t\t\t<div class=\"elementor-column elementor-col-50 elementor-top-column elementor-element elementor-element-eeacf0d\" data-id=\"eeacf0d\" data-element_type=\"column\">\n\t\t\t<div class=\"elementor-widget-wrap\">\n\t\t\t\t\t\t\t<\/div>\n\t\t<\/div>\n\t\t\t\t\t<\/div>\n\t\t<\/section>\n\t\t\t\t<section class=\"elementor-section elementor-top-section elementor-element elementor-element-ceaac3a elementor-section-boxed elementor-section-height-default elementor-section-height-default\" data-id=\"ceaac3a\" data-element_type=\"section\">\n\t\t\t\t\t\t<div class=\"elementor-container elementor-column-gap-default\">\n\t\t\t\t\t<div class=\"elementor-column elementor-col-100 elementor-top-column elementor-element elementor-element-d8a75e0\" data-id=\"d8a75e0\" data-element_type=\"column\">\n\t\t\t<div class=\"elementor-widget-wrap elementor-element-populated\">\n\t\t\t\t\t\t<div class=\"elementor-element elementor-element-0139611 elementor-widget elementor-widget-text-editor\" data-id=\"0139611\" data-element_type=\"widget\" data-widget_type=\"text-editor.default\">\n\t\t\t\t<div class=\"elementor-widget-container\">\n\t\t\t\t\t\t\t\t\t<div id=\"c739\" class=\"csc-default\"><strong> KACO GmbH + Co. KG<\/strong><br \/>Industriestra\u00dfe 19<br \/>74912 Kirchardt<\/div><div id=\"c746\" class=\"csc-default\">\u7535\u8bdd: <a href=\"tel:+4971316360\">+49 (0) 7266 9130 &#8211; 0<\/a><br \/>\u4f20\u771f: +49 (0) 7266 9130 &#8211; 1386<\/div><div id=\"c738\" class=\"csc-default\">\u7535\u5b50\u90ae\u4ef6: <a href=\"mailto:info@kaco.de\">info@kaco.de<\/a><\/div><div id=\"c443\" class=\"csc-default\"><p>\u7248\u672c\u8bf4\u660e<\/p><\/div><div class=\"csc-default\">\u5408\u6cd5\u80a1\u4e1c\uff1aHeinrich Bach + Co. GmbH\u516c\u53f8\uff0c\u7531\u603b\u7ecf\u7406Vincent Escat\u3001Yanfang Sun\u548cGernot-Alois Feiel\u4ee3\u7406\u3002<\/div><div>\u00a0<\/div><div class=\"csc-default\">\u5546\u4e1a\u6ce8\u518c\uff1a\u65af\u56fe\u52a0\u7279\u00a0 HRA 100953<br \/>\u589e\u503c\u7a0e\u7f16\u53f7\uff1a 65214\/75000\uff0c\u6d77\u5c14\u5e03\u9686\u7a0e\u52a1\u5c40<br \/>\u589e\u503c\u7a0e\u8bc6\u522b\u53f7\uff1a DE145801743\u4fe1\u606f\uff1a<br \/>\u6240\u6709\u53d1\u5e03\u5185\u5bb9\u7684\u7248\u6743\u4e0e\u8d23\u4efb\u5c5e\u51fa\u7248\u5546\u6240\u6709\u3002\u514d\u8d23\u58f0\u660e\uff1a<br \/>\u5c3d\u7ba1\u5728\u5185\u5bb9\u4e0a\u8fdb\u884c\u4e86\u4e25\u683c\u7684\u63a7\u5236\uff0c\u6211\u4eec\u5bf9\u5916\u90e8\u94fe\u63a5\u7684\u5185\u5bb9\u4e0d\u627f\u62c5\u4efb\u4f55\u8d23\u4efb\u3002\u94fe\u63a5\u7f51\u9875\u7684\u5185\u5bb9\u4ec5\u7531\u5176\u8fd0\u8425\u5546\u8d1f\u8d23\u3002<\/div>\t\t\t\t\t\t\t\t<\/div>\n\t\t\t\t<\/div>\n\t\t\t\t<div class=\"elementor-element elementor-element-404369a elementor-widget elementor-widget-spacer\" data-id=\"404369a\" data-element_type=\"widget\" data-widget_type=\"spacer.default\">\n\t\t\t\t<div class=\"elementor-widget-container\">\n\t\t\t\t\t\t\t<div class=\"elementor-spacer\">\n\t\t\t<div class=\"elementor-spacer-inner\"><\/div>\n\t\t<\/div>\n\t\t\t\t\t\t<\/div>\n\t\t\t\t<\/div>\n\t\t\t\t\t<\/div>\n\t\t<\/div>\n\t\t\t\t\t<\/div>\n\t\t<\/section>\n\t\t\t\t<\/div>\n\t\t","protected":false},"excerpt":{"rendered":"<p>KACO \u7248\u672c\u8bf4\u660e KACO GmbH + Co. KGIndustriestra\u00dfe 1974912 Kir [&hellip;]<\/p>\n","protected":false},"author":3,"featured_media":0,"parent":0,"menu_order":0,"comment_status":"closed","ping_status":"closed","template":"","meta":{"_acf_changed":false,"site-sidebar-layout":"no-sidebar","site-content-layout":"page-builder","ast-site-content-layout":"default","site-content-style":"default","site-sidebar-style":"default","ast-global-header-display":"","ast-banner-title-visibility":"","ast-main-header-display":"","ast-hfb-above-header-display":"","ast-hfb-below-header-display":"","ast-hfb-mobile-header-display":"","site-post-title":"disabled","ast-breadcrumbs-content":"","ast-featured-img":"disabled","footer-sml-layout":"","ast-disable-related-posts":"","theme-transparent-header-meta":"","adv-header-id-meta":"","stick-header-meta":"","header-above-stick-meta":"","header-main-stick-meta":"","header-below-stick-meta":"","astra-migrate-meta-layouts":"default","ast-page-background-enabled":"default","ast-page-background-meta":{"desktop":{"background-color":"var(--ast-global-color-4)","background-image":"","background-repeat":"repeat","background-position":"center center","background-size":"auto","background-attachment":"scroll","background-type":"","background-media":"","overlay-type":"","overlay-color":"","overlay-opacity":"","overlay-gradient":""},"tablet":{"background-color":"","background-image":"","background-repeat":"repeat","background-position":"center center","background-size":"auto","background-attachment":"scroll","background-type":"","background-media":"","overlay-type":"","overlay-color":"","overlay-opacity":"","overlay-gradient":""},"mobile":{"background-color":"","background-image":"","background-repeat":"repeat","background-position":"center center","background-size":"auto","background-attachment":"scroll","background-type":"","background-media":"","overlay-type":"","overlay-color":"","overlay-opacity":"","overlay-gradient":""}},"ast-content-background-meta":{"desktop":{"background-color":"var(--ast-global-color-5)","background-image":"","background-repeat":"repeat","background-position":"center center","background-size":"auto","background-attachment":"scroll","background-type":"","background-media":"","overlay-type":"","overlay-color":"","overlay-opacity":"","overlay-gradient":""},"tablet":{"background-color":"var(--ast-global-color-5)","background-image":"","background-repeat":"repeat","background-position":"center center","background-size":"auto","background-attachment":"scroll","background-type":"","background-media":"","overlay-type":"","overlay-color":"","overlay-opacity":"","overlay-gradient":""},"mobile":{"background-color":"var(--ast-global-color-5)","background-image":"","background-repeat":"repeat","background-position":"center center","background-size":"auto","background-attachment":"scroll","background-type":"","background-media":"","overlay-type":"","overlay-color":"","overlay-opacity":"","overlay-gradient":""}},"footnotes":""},"class_list":["post-21233","page","type-page","status-publish","hentry"],"acf":[],"yoast_head":"<!-- This site is optimized with the Yoast SEO plugin v27.3 - https:\/\/yoast.com\/product\/yoast-seo-wordpress\/ -->\n<title>\u7248\u672c\u8bf4\u660e - KACO - Der Experte f\u00fcr Dichtungssysteme<\/title>\n<meta name=\"description\" content=\"KACO \u7248\u672c\u8bf4\u660e KACO GmbH + Co. KGIndustriestra\u00dfe 1974912 Kirchardt\u7535\u8bdd: +49 (0) 7266 9130 - 0\u4f20\u771f: +49 (0) 7266 9130 - 1386\u7535\u5b50\u90ae\u4ef6: info@kaco.de\u7248\u672c\u8bf4\u660e\u5408\u6cd5\u80a1\u4e1c\uff1aHeinrich Bach\" \/>\n<meta name=\"robots\" content=\"index, follow, max-snippet:-1, max-image-preview:large, max-video-preview:-1\" \/>\n<link rel=\"canonical\" href=\"https:\/\/kaco.de\/impressum\/\" \/>\n<meta property=\"og:locale\" content=\"zh_CN\" \/>\n<meta property=\"og:type\" content=\"article\" \/>\n<meta property=\"og:title\" content=\"\u7248\u672c\u8bf4\u660e - KACO - Der Experte f\u00fcr Dichtungssysteme\" \/>\n<meta property=\"og:description\" content=\"KACO \u7248\u672c\u8bf4\u660e KACO GmbH + Co. KGIndustriestra\u00dfe 1974912 Kirchardt\u7535\u8bdd: +49 (0) 7266 9130 - 0\u4f20\u771f: +49 (0) 7266 9130 - 1386\u7535\u5b50\u90ae\u4ef6: info@kaco.de\u7248\u672c\u8bf4\u660e\u5408\u6cd5\u80a1\u4e1c\uff1aHeinrich Bach\" \/>\n<meta property=\"og:url\" content=\"https:\/\/kaco.de\/impressum\/\" \/>\n<meta property=\"og:site_name\" content=\"KACO - Der Experte f\u00fcr Dichtungssysteme\" \/>\n<meta property=\"article:modified_time\" content=\"2025-01-15T07:24:19+00:00\" \/>\n<meta property=\"og:image\" content=\"https:\/\/kaco.de\/wp-content\/uploads\/standorte-03-kaco@2x.jpg\" \/>\n\t<meta property=\"og:image:width\" content=\"2560\" \/>\n\t<meta property=\"og:image:height\" content=\"808\" \/>\n\t<meta property=\"og:image:type\" content=\"image\/jpeg\" \/>\n<meta name=\"twitter:card\" content=\"summary_large_image\" \/>\n<meta name=\"twitter:label1\" content=\"\u9884\u8ba1\u9605\u8bfb\u65f6\u95f4\" \/>\n\t<meta name=\"twitter:data1\" content=\"1 \u5206\" \/>\n<script type=\"application\/ld+json\" class=\"yoast-schema-graph\">{\"@context\":\"https:\\\/\\\/schema.org\",\"@graph\":[{\"@type\":\"WebPage\",\"@id\":\"https:\\\/\\\/kaco.de\\\/impressum\\\/\",\"url\":\"https:\\\/\\\/kaco.de\\\/impressum\\\/\",\"name\":\"\u7248\u672c\u8bf4\u660e - KACO - Der Experte f\u00fcr Dichtungssysteme\",\"isPartOf\":{\"@id\":\"https:\\\/\\\/kaco.de\\\/#website\"},\"primaryImageOfPage\":{\"@id\":\"https:\\\/\\\/kaco.de\\\/impressum\\\/#primaryimage\"},\"image\":{\"@id\":\"https:\\\/\\\/kaco.de\\\/impressum\\\/#primaryimage\"},\"thumbnailUrl\":\"https:\\\/\\\/kaco.de\\\/wp-content\\\/uploads\\\/standorte-03-kaco@2x.jpg\",\"datePublished\":\"2022-02-01T05:17:34+00:00\",\"dateModified\":\"2025-01-15T07:24:19+00:00\",\"description\":\"KACO \u7248\u672c\u8bf4\u660e KACO GmbH + Co. KGIndustriestra\u00dfe 1974912 Kirchardt\u7535\u8bdd: +49 (0) 7266 9130 - 0\u4f20\u771f: +49 (0) 7266 9130 - 1386\u7535\u5b50\u90ae\u4ef6: info@kaco.de\u7248\u672c\u8bf4\u660e\u5408\u6cd5\u80a1\u4e1c\uff1aHeinrich Bach\",\"breadcrumb\":{\"@id\":\"https:\\\/\\\/kaco.de\\\/impressum\\\/#breadcrumb\"},\"inLanguage\":\"zh-Hans\",\"potentialAction\":[{\"@type\":\"ReadAction\",\"target\":[\"https:\\\/\\\/kaco.de\\\/impressum\\\/\"]}]},{\"@type\":\"ImageObject\",\"inLanguage\":\"zh-Hans\",\"@id\":\"https:\\\/\\\/kaco.de\\\/impressum\\\/#primaryimage\",\"url\":\"https:\\\/\\\/kaco.de\\\/wp-content\\\/uploads\\\/standorte-03-kaco@2x.jpg\",\"contentUrl\":\"https:\\\/\\\/kaco.de\\\/wp-content\\\/uploads\\\/standorte-03-kaco@2x.jpg\"},{\"@type\":\"BreadcrumbList\",\"@id\":\"https:\\\/\\\/kaco.de\\\/impressum\\\/#breadcrumb\",\"itemListElement\":[{\"@type\":\"ListItem\",\"position\":1,\"name\":\"Home\",\"item\":\"https:\\\/\\\/kaco.de\\\/cn\\\/\"},{\"@type\":\"ListItem\",\"position\":2,\"name\":\"\u7248\u672c\u8bf4\u660e\"}]},{\"@type\":\"WebSite\",\"@id\":\"https:\\\/\\\/kaco.de\\\/#website\",\"url\":\"https:\\\/\\\/kaco.de\\\/\",\"name\":\"KACO - Der Experte f\u00fcr Dichtungssysteme\",\"description\":\"Seien Sie mit unseren hochpr\u00e4zisen und anwendungsorientierten Dichtungsl\u00f6sungen bestens f\u00fcr die Automobil- und Maschinenbauindustrie ger\u00fcstet.\",\"publisher\":{\"@id\":\"https:\\\/\\\/kaco.de\\\/#organization\"},\"potentialAction\":[{\"@type\":\"SearchAction\",\"target\":{\"@type\":\"EntryPoint\",\"urlTemplate\":\"https:\\\/\\\/kaco.de\\\/?s={search_term_string}\"},\"query-input\":{\"@type\":\"PropertyValueSpecification\",\"valueRequired\":true,\"valueName\":\"search_term_string\"}}],\"inLanguage\":\"zh-Hans\"},{\"@type\":\"Organization\",\"@id\":\"https:\\\/\\\/kaco.de\\\/#organization\",\"name\":\"KACO - Der Experte f\u00fcr Dichtungssysteme\",\"url\":\"https:\\\/\\\/kaco.de\\\/\",\"logo\":{\"@type\":\"ImageObject\",\"inLanguage\":\"zh-Hans\",\"@id\":\"https:\\\/\\\/kaco.de\\\/#\\\/schema\\\/logo\\\/image\\\/\",\"url\":\"https:\\\/\\\/kaco.de\\\/wp-content\\\/uploads\\\/cropped-logo1.png\",\"contentUrl\":\"https:\\\/\\\/kaco.de\\\/wp-content\\\/uploads\\\/cropped-logo1.png\",\"width\":851,\"height\":254,\"caption\":\"KACO - Der Experte f\u00fcr Dichtungssysteme\"},\"image\":{\"@id\":\"https:\\\/\\\/kaco.de\\\/#\\\/schema\\\/logo\\\/image\\\/\"}}]}<\/script>\n<!-- \/ Yoast SEO plugin. -->","yoast_head_json":{"title":"\u7248\u672c\u8bf4\u660e - KACO - Der Experte f\u00fcr Dichtungssysteme","description":"KACO \u7248\u672c\u8bf4\u660e KACO GmbH + Co. KGIndustriestra\u00dfe 1974912 Kirchardt\u7535\u8bdd: +49 (0) 7266 9130 - 0\u4f20\u771f: +49 (0) 7266 9130 - 1386\u7535\u5b50\u90ae\u4ef6: info@kaco.de\u7248\u672c\u8bf4\u660e\u5408\u6cd5\u80a1\u4e1c\uff1aHeinrich Bach","robots":{"index":"index","follow":"follow","max-snippet":"max-snippet:-1","max-image-preview":"max-image-preview:large","max-video-preview":"max-video-preview:-1"},"canonical":"https:\/\/kaco.de\/impressum\/","og_locale":"zh_CN","og_type":"article","og_title":"\u7248\u672c\u8bf4\u660e - KACO - Der Experte f\u00fcr Dichtungssysteme","og_description":"KACO \u7248\u672c\u8bf4\u660e KACO GmbH + Co. KGIndustriestra\u00dfe 1974912 Kirchardt\u7535\u8bdd: +49 (0) 7266 9130 - 0\u4f20\u771f: +49 (0) 7266 9130 - 1386\u7535\u5b50\u90ae\u4ef6: info@kaco.de\u7248\u672c\u8bf4\u660e\u5408\u6cd5\u80a1\u4e1c\uff1aHeinrich Bach","og_url":"https:\/\/kaco.de\/impressum\/","og_site_name":"KACO - Der Experte f\u00fcr Dichtungssysteme","article_modified_time":"2025-01-15T07:24:19+00:00","og_image":[{"width":2560,"height":808,"url":"https:\/\/kaco.de\/wp-content\/uploads\/standorte-03-kaco@2x.jpg","type":"image\/jpeg"}],"twitter_card":"summary_large_image","twitter_misc":{"\u9884\u8ba1\u9605\u8bfb\u65f6\u95f4":"1 \u5206"},"schema":{"@context":"https:\/\/schema.org","@graph":[{"@type":"WebPage","@id":"https:\/\/kaco.de\/impressum\/","url":"https:\/\/kaco.de\/impressum\/","name":"\u7248\u672c\u8bf4\u660e - KACO - Der Experte f\u00fcr Dichtungssysteme","isPartOf":{"@id":"https:\/\/kaco.de\/#website"},"primaryImageOfPage":{"@id":"https:\/\/kaco.de\/impressum\/#primaryimage"},"image":{"@id":"https:\/\/kaco.de\/impressum\/#primaryimage"},"thumbnailUrl":"https:\/\/kaco.de\/wp-content\/uploads\/standorte-03-kaco@2x.jpg","datePublished":"2022-02-01T05:17:34+00:00","dateModified":"2025-01-15T07:24:19+00:00","description":"KACO \u7248\u672c\u8bf4\u660e KACO GmbH + Co. KGIndustriestra\u00dfe 1974912 Kirchardt\u7535\u8bdd: +49 (0) 7266 9130 - 0\u4f20\u771f: +49 (0) 7266 9130 - 1386\u7535\u5b50\u90ae\u4ef6: info@kaco.de\u7248\u672c\u8bf4\u660e\u5408\u6cd5\u80a1\u4e1c\uff1aHeinrich Bach","breadcrumb":{"@id":"https:\/\/kaco.de\/impressum\/#breadcrumb"},"inLanguage":"zh-Hans","potentialAction":[{"@type":"ReadAction","target":["https:\/\/kaco.de\/impressum\/"]}]},{"@type":"ImageObject","inLanguage":"zh-Hans","@id":"https:\/\/kaco.de\/impressum\/#primaryimage","url":"https:\/\/kaco.de\/wp-content\/uploads\/standorte-03-kaco@2x.jpg","contentUrl":"https:\/\/kaco.de\/wp-content\/uploads\/standorte-03-kaco@2x.jpg"},{"@type":"BreadcrumbList","@id":"https:\/\/kaco.de\/impressum\/#breadcrumb","itemListElement":[{"@type":"ListItem","position":1,"name":"Home","item":"https:\/\/kaco.de\/cn\/"},{"@type":"ListItem","position":2,"name":"\u7248\u672c\u8bf4\u660e"}]},{"@type":"WebSite","@id":"https:\/\/kaco.de\/#website","url":"https:\/\/kaco.de\/","name":"KACO - Der Experte f\u00fcr Dichtungssysteme","description":"Seien Sie mit unseren hochpr\u00e4zisen und anwendungsorientierten Dichtungsl\u00f6sungen bestens f\u00fcr die Automobil- und Maschinenbauindustrie ger\u00fcstet.","publisher":{"@id":"https:\/\/kaco.de\/#organization"},"potentialAction":[{"@type":"SearchAction","target":{"@type":"EntryPoint","urlTemplate":"https:\/\/kaco.de\/?s={search_term_string}"},"query-input":{"@type":"PropertyValueSpecification","valueRequired":true,"valueName":"search_term_string"}}],"inLanguage":"zh-Hans"},{"@type":"Organization","@id":"https:\/\/kaco.de\/#organization","name":"KACO - Der Experte f\u00fcr Dichtungssysteme","url":"https:\/\/kaco.de\/","logo":{"@type":"ImageObject","inLanguage":"zh-Hans","@id":"https:\/\/kaco.de\/#\/schema\/logo\/image\/","url":"https:\/\/kaco.de\/wp-content\/uploads\/cropped-logo1.png","contentUrl":"https:\/\/kaco.de\/wp-content\/uploads\/cropped-logo1.png","width":851,"height":254,"caption":"KACO - Der Experte f\u00fcr Dichtungssysteme"},"image":{"@id":"https:\/\/kaco.de\/#\/schema\/logo\/image\/"}}]}},"_links":{"self":[{"href":"https:\/\/kaco.de\/cn\/wp-json\/wp\/v2\/pages\/21233","targetHints":{"allow":["GET"]}}],"collection":[{"href":"https:\/\/kaco.de\/cn\/wp-json\/wp\/v2\/pages"}],"about":[{"href":"https:\/\/kaco.de\/cn\/wp-json\/wp\/v2\/types\/page"}],"author":[{"embeddable":true,"href":"https:\/\/kaco.de\/cn\/wp-json\/wp\/v2\/users\/3"}],"replies":[{"embeddable":true,"href":"https:\/\/kaco.de\/cn\/wp-json\/wp\/v2\/comments?post=21233"}],"version-history":[{"count":6,"href":"https:\/\/kaco.de\/cn\/wp-json\/wp\/v2\/pages\/21233\/revisions"}],"predecessor-version":[{"id":30049,"href":"https:\/\/kaco.de\/cn\/wp-json\/wp\/v2\/pages\/21233\/revisions\/30049"}],"wp:attachment":[{"href":"https:\/\/kaco.de\/cn\/wp-json\/wp\/v2\/media?parent=21233"}],"curies":[{"name":"wp","href":"https:\/\/api.w.org\/{rel}","templated":true}]}}