{"id":21307,"date":"2022-01-15T00:18:17","date_gmt":"2022-01-14T23:18:17","guid":{"rendered":"https:\/\/kaco.de\/%e7%89%a9%e6%b5%81\/"},"modified":"2022-03-25T12:18:07","modified_gmt":"2022-03-25T11:18:07","slug":"%e7%89%a9%e6%b5%81","status":"publish","type":"page","link":"https:\/\/kaco.de\/cn\/%e8%83%bd%e5%8a%9b\/%e7%89%a9%e6%b5%81\/","title":{"rendered":"\u7269\u6d41"},"content":{"rendered":"\t\t<div data-elementor-type=\"wp-page\" data-elementor-id=\"21307\" class=\"elementor elementor-21307 elementor-639\" data-elementor-post-type=\"page\">\n\t\t\t\t\t\t<section class=\"elementor-section elementor-top-section elementor-element elementor-element-d98c42b elementor-section-full_width elementor-section-stretched elementor-section-height-default elementor-section-height-default\" data-id=\"d98c42b\" data-element_type=\"section\" data-settings=\"{&quot;stretch_section&quot;:&quot;section-stretched&quot;}\">\n\t\t\t\t\t\t<div class=\"elementor-container elementor-column-gap-default\">\n\t\t\t\t\t<div class=\"elementor-column elementor-col-100 elementor-top-column elementor-element elementor-element-472196f\" data-id=\"472196f\" data-element_type=\"column\">\n\t\t\t<div class=\"elementor-widget-wrap elementor-element-populated\">\n\t\t\t\t\t\t<div class=\"elementor-element elementor-element-0fc03e5 elementor-widget elementor-widget-image\" data-id=\"0fc03e5\" data-element_type=\"widget\" data-widget_type=\"image.default\">\n\t\t\t\t<div class=\"elementor-widget-container\">\n\t\t\t\t\t\t\t\t\t\t\t\t\t\t\t<img fetchpriority=\"high\" decoding=\"async\" width=\"3800\" height=\"1200\" src=\"https:\/\/kaco.de\/wp-content\/uploads\/logistik-kaco@2x-1.jpg\" class=\"attachment-full size-full wp-image-22751\" alt=\"\" srcset=\"https:\/\/kaco.de\/wp-content\/uploads\/logistik-kaco@2x-1.jpg 3800w, https:\/\/kaco.de\/wp-content\/uploads\/logistik-kaco@2x-1-300x95.jpg 300w, https:\/\/kaco.de\/wp-content\/uploads\/logistik-kaco@2x-1-1536x485.jpg 1536w, https:\/\/kaco.de\/wp-content\/uploads\/logistik-kaco@2x-1-2048x647.jpg 2048w\" sizes=\"(max-width: 3800px) 100vw, 3800px\" \/>\t\t\t\t\t\t\t\t\t\t\t\t\t\t\t<\/div>\n\t\t\t\t<\/div>\n\t\t\t\t\t<\/div>\n\t\t<\/div>\n\t\t\t\t\t<\/div>\n\t\t<\/section>\n\t\t\t\t<section class=\"elementor-section elementor-top-section elementor-element elementor-element-811538f elementor-section-content-bottom elementor-section-stretched pageheader elementor-section-boxed elementor-section-height-default elementor-section-height-default\" data-id=\"811538f\" data-element_type=\"section\" data-settings=\"{&quot;background_background&quot;:&quot;classic&quot;,&quot;stretch_section&quot;:&quot;section-stretched&quot;}\">\n\t\t\t\t\t\t<div class=\"elementor-container elementor-column-gap-default\">\n\t\t\t\t\t<div class=\"elementor-column elementor-col-50 elementor-top-column elementor-element elementor-element-797fade pageheader-row-left\" data-id=\"797fade\" data-element_type=\"column\" data-settings=\"{&quot;background_background&quot;:&quot;classic&quot;}\">\n\t\t\t<div class=\"elementor-widget-wrap elementor-element-populated\">\n\t\t\t\t\t\t<div class=\"elementor-element elementor-element-8bc49eb elementor-widget elementor-widget-heading\" data-id=\"8bc49eb\" data-element_type=\"widget\" data-widget_type=\"heading.default\">\n\t\t\t\t<div class=\"elementor-widget-container\">\n\t\t\t\t\t<span class=\"elementor-heading-title elementor-size-default\">\u7269\u6d41<\/span>\t\t\t\t<\/div>\n\t\t\t\t<\/div>\n\t\t\t\t<div class=\"elementor-element elementor-element-06c90e3 elementor-widget elementor-widget-heading\" data-id=\"06c90e3\" data-element_type=\"widget\" data-widget_type=\"heading.default\">\n\t\t\t\t<div class=\"elementor-widget-container\">\n\t\t\t\t\t<h1 class=\"elementor-heading-title elementor-size-default\">\u6211\u4eec\u4e3a\u60a8 <br>\n\u63d0\u4f9b\u989d\u5916\u670d\u52a1<\/h1>\t\t\t\t<\/div>\n\t\t\t\t<\/div>\n\t\t\t\t\t<\/div>\n\t\t<\/div>\n\t\t\t\t<div class=\"elementor-column elementor-col-50 elementor-top-column elementor-element elementor-element-1c70921\" data-id=\"1c70921\" data-element_type=\"column\">\n\t\t\t<div class=\"elementor-widget-wrap\">\n\t\t\t\t\t\t\t<\/div>\n\t\t<\/div>\n\t\t\t\t\t<\/div>\n\t\t<\/section>\n\t\t\t\t<section class=\"elementor-section elementor-top-section elementor-element elementor-element-ef2bd2c elementor-section-boxed elementor-section-height-default elementor-section-height-default\" data-id=\"ef2bd2c\" data-element_type=\"section\">\n\t\t\t\t\t\t<div class=\"elementor-container elementor-column-gap-default\">\n\t\t\t\t\t<div class=\"elementor-column elementor-col-66 elementor-top-column elementor-element elementor-element-845a1c7\" data-id=\"845a1c7\" data-element_type=\"column\">\n\t\t\t<div class=\"elementor-widget-wrap elementor-element-populated\">\n\t\t\t\t\t\t<div class=\"elementor-element elementor-element-41a1804 elementor-widget elementor-widget-heading\" data-id=\"41a1804\" data-element_type=\"widget\" data-widget_type=\"heading.default\">\n\t\t\t\t<div class=\"elementor-widget-container\">\n\t\t\t\t\t<h2 class=\"elementor-heading-title elementor-size-default\">\u6211\u4eec\u4e3a\u5ba2\u6237\u6295\u5165\u6211\u4eec\u7684\u7269\u6d41\u80fd\u529b<\/h2>\t\t\t\t<\/div>\n\t\t\t\t<\/div>\n\t\t\t\t<div class=\"elementor-element elementor-element-cf63cd1 elementor-widget elementor-widget-text-editor\" data-id=\"cf63cd1\" data-element_type=\"widget\" data-widget_type=\"text-editor.default\">\n\t\t\t\t<div class=\"elementor-widget-container\">\n\t\t\t\t\t\t\t\t\t<p><span style=\"color: #333333;\">\u4ece\u4ea7\u54c1\u5f00\u53d1\u5230\u751f\u4ea7\u548c\u9500\u552e \u2013 KACO \u5c3d\u6700\u5927\u53ef\u80fd\u4e3a\u5ba2\u6237\u5168\u8eab\u5fc3\u63d0\u4f9b\u670d\u52a1\u3002 \u56e0\u6b64\uff0c\u6211\u4eec\u5728\u81ea\u5df1\u4f01\u4e1a\u4e2d\u4e5f\u5f62\u6210\u4e86\u5f88\u5927\u4e00\u90e8\u5206\u4ef7\u503c\u94fe \u2013 \u5373\u7269\u6d41\u3002<\/span><\/p><p><span style=\"color: #333333;\">\u65e0\u8bba\u662f\u5206\u62e3\u3001\u5305\u88c5\u8fd8\u662f\u53d1\u8fd0\u3002 KACO \u53ef\u786e\u4fdd\u6d41\u7a0b\u987a\u7545\uff0c\u8ba9\u5ba2\u6237\u80fd\u5c3d\u5feb\u83b7\u5f97\u63a8\u52a8\u672a\u6765\u53d1\u5c55\u7684\u89e3\u51b3\u65b9\u6848\u3002 \u6211\u4eec\u5728\u8fd9\u65b9\u9762\u5c24\u5176\u6ce8\u91cd\u6548\u7387\u3001\u53ef\u9760\u6027\u548c\u5b89\u5168\u6027\u3002 \u4e00\u5957\u4e0e\u5ba2\u6237\u9700\u6c42\u76f8\u534f\u8c03\u7684\u65b9\u6848\u786e\u4fdd\u7269\u6d41\u7ed3\u6784\u6e05\u6670\u3002 \u56e0\u6b64\uff0c\u6211\u4eec\u8ffd\u6c42\u4e3a\u5ba2\u6237\u63d0\u4f9b\u5168\u9762\u670d\u52a1\uff0c\u4ee5\u5c3d\u53ef\u80fd\u964d\u4f4e\u8fc7\u7a0b\u6210\u672c\uff0c\u63d0\u9ad8\u6548\u7387\u3002<\/span><\/p><p><span style=\"color: #333333;\">\u6211\u4eec\u7684\u7269\u6d41\u80fd\u529b\u5305\u62ec\u6309\u7167\u5ba2\u6237\u9700\u6c42\u5206\u62e3\u4ee5\u53ca\u8d34\u6807\u7b7e\u3001\u7279\u6b8a\u5305\u88c5\u548c\u8f6c\u5305\u3002 \u4f5c\u4e3a\u7ecf\u6279\u51c6\u7684\u51fa\u53e3\u5546\uff0c\u6211\u4eec\u53ef\u5728\u5168\u7403\u4f9b\u8d27\uff0c\u4e2a\u6027\u5316\u5730\u56de\u5e94\u5ba2\u6237\u7684\u8981\u6c42\u3002<\/span><\/p><p><span style=\"color: #333333;\">\u4e0d\u4ec5\u5bf9\u4e8e\u5ba2\u6237\uff0c\u5bf9\u4e8e KACO \u6765\u8bf4\uff0c\u7269\u6d41\u80fd\u529b\u4e5f\u662f\u4e00\u79cd\u6709\u4ef7\u503c\u7684\u8d44\u6e90\u3002 \u5185\u90e8\u7269\u6d41\u548c\u81ea\u4e3b\u4e3a\u751f\u4ea7\u90e8\u95e8\u63d0\u4f9b\u6750\u6599\u4e5f\u662f\u6211\u4eec\u4ef7\u503c\u94fe\u9ad8\u4ef7\u503c\u7684\u7acb\u8db3\u70b9\u3002<\/span><\/p><h4><span style=\"color: #333333;\">\u6211\u4eec\u884c\u4e3a\u7684\u6807\u51c6\u5c31\u662f\u4fdd\u8bc1\u5ba2\u6237\u6700\u9ad8\u6ee1\u610f\u5ea6\u3002<\/span><\/h4>\t\t\t\t\t\t\t\t<\/div>\n\t\t\t\t<\/div>\n\t\t\t\t\t<\/div>\n\t\t<\/div>\n\t\t\t\t<div class=\"elementor-column elementor-col-33 elementor-top-column elementor-element elementor-element-c7c270a\" data-id=\"c7c270a\" data-element_type=\"column\">\n\t\t\t<div class=\"elementor-widget-wrap\">\n\t\t\t\t\t\t\t<\/div>\n\t\t<\/div>\n\t\t\t\t\t<\/div>\n\t\t<\/section>\n\t\t\t\t<section class=\"elementor-section elementor-top-section elementor-element elementor-element-902f031 elementor-section-boxed elementor-section-height-default elementor-section-height-default\" data-id=\"902f031\" data-element_type=\"section\">\n\t\t\t\t\t\t<div class=\"elementor-container elementor-column-gap-default\">\n\t\t\t\t\t<div class=\"elementor-column elementor-col-100 elementor-top-column elementor-element elementor-element-bcad558\" data-id=\"bcad558\" data-element_type=\"column\">\n\t\t\t<div class=\"elementor-widget-wrap elementor-element-populated\">\n\t\t\t\t\t\t<div class=\"elementor-element elementor-element-b886515 elementor-widget elementor-widget-spacer\" data-id=\"b886515\" data-element_type=\"widget\" data-widget_type=\"spacer.default\">\n\t\t\t\t<div class=\"elementor-widget-container\">\n\t\t\t\t\t\t\t<div class=\"elementor-spacer\">\n\t\t\t<div class=\"elementor-spacer-inner\"><\/div>\n\t\t<\/div>\n\t\t\t\t\t\t<\/div>\n\t\t\t\t<\/div>\n\t\t\t\t\t<\/div>\n\t\t<\/div>\n\t\t\t\t\t<\/div>\n\t\t<\/section>\n\t\t\t\t<\/div>\n\t\t","protected":false},"excerpt":{"rendered":"<p>\u7269\u6d41 \u6211\u4eec\u4e3a\u60a8 \u63d0\u4f9b\u989d\u5916\u670d\u52a1 \u6211\u4eec\u4e3a\u5ba2\u6237\u6295\u5165\u6211\u4eec\u7684\u7269\u6d41\u80fd\u529b \u4ece\u4ea7\u54c1\u5f00\u53d1\u5230\u751f\u4ea7\u548c\u9500\u552e \u2013 KACO \u5c3d\u6700\u5927\u53ef\u80fd\u4e3a [&hellip;]<\/p>\n","protected":false},"author":3,"featured_media":0,"parent":21382,"menu_order":0,"comment_status":"closed","ping_status":"closed","template":"","meta":{"_acf_changed":false,"site-sidebar-layout":"no-sidebar","site-content-layout":"page-builder","ast-site-content-layout":"default","site-content-style":"default","site-sidebar-style":"default","ast-global-header-display":"","ast-banner-title-visibility":"","ast-main-header-display":"","ast-hfb-above-header-display":"","ast-hfb-below-header-display":"","ast-hfb-mobile-header-display":"","site-post-title":"disabled","ast-breadcrumbs-content":"","ast-featured-img":"disabled","footer-sml-layout":"","ast-disable-related-posts":"","theme-transparent-header-meta":"","adv-header-id-meta":"","stick-header-meta":"","header-above-stick-meta":"","header-main-stick-meta":"","header-below-stick-meta":"","astra-migrate-meta-layouts":"default","ast-page-background-enabled":"default","ast-page-background-meta":{"desktop":{"background-color":"var(--ast-global-color-4)","background-image":"","background-repeat":"repeat","background-position":"center center","background-size":"auto","background-attachment":"scroll","background-type":"","background-media":"","overlay-type":"","overlay-color":"","overlay-opacity":"","overlay-gradient":""},"tablet":{"background-color":"","background-image":"","background-repeat":"repeat","background-position":"center center","background-size":"auto","background-attachment":"scroll","background-type":"","background-media":"","overlay-type":"","overlay-color":"","overlay-opacity":"","overlay-gradient":""},"mobile":{"background-color":"","background-image":"","background-repeat":"repeat","background-position":"center center","background-size":"auto","background-attachment":"scroll","background-type":"","background-media":"","overlay-type":"","overlay-color":"","overlay-opacity":"","overlay-gradient":""}},"ast-content-background-meta":{"desktop":{"background-color":"var(--ast-global-color-5)","background-image":"","background-repeat":"repeat","background-position":"center center","background-size":"auto","background-attachment":"scroll","background-type":"","background-media":"","overlay-type":"","overlay-color":"","overlay-opacity":"","overlay-gradient":""},"tablet":{"background-color":"var(--ast-global-color-5)","background-image":"","background-repeat":"repeat","background-position":"center center","background-size":"auto","background-attachment":"scroll","background-type":"","background-media":"","overlay-type":"","overlay-color":"","overlay-opacity":"","overlay-gradient":""},"mobile":{"background-color":"var(--ast-global-color-5)","background-image":"","background-repeat":"repeat","background-position":"center center","background-size":"auto","background-attachment":"scroll","background-type":"","background-media":"","overlay-type":"","overlay-color":"","overlay-opacity":"","overlay-gradient":""}},"footnotes":""},"class_list":["post-21307","page","type-page","status-publish","hentry"],"acf":[],"yoast_head":"<!-- This site is optimized with the Yoast SEO plugin v27.4 - https:\/\/yoast.com\/product\/yoast-seo-wordpress\/ -->\n<title>\u7269\u6d41 - KACO - Der Experte f\u00fcr Dichtungssysteme<\/title>\n<meta name=\"description\" content=\"\u7269\u6d41 \u6211\u4eec\u4e3a\u60a8 \u63d0\u4f9b\u989d\u5916\u670d\u52a1 \u6211\u4eec\u4e3a\u5ba2\u6237\u6295\u5165\u6211\u4eec\u7684\u7269\u6d41\u80fd\u529b \u4ece\u4ea7\u54c1\u5f00\u53d1\u5230\u751f\u4ea7\u548c\u9500\u552e \u2013 KACO \u5c3d\u6700\u5927\u53ef\u80fd\u4e3a\u5ba2\u6237\u5168\u8eab\u5fc3\u63d0\u4f9b\u670d\u52a1\u3002 \u56e0\u6b64\uff0c\u6211\u4eec\u5728\u81ea\u5df1\u4f01\u4e1a\u4e2d\u4e5f\u5f62\u6210\u4e86\u5f88\u5927\u4e00\u90e8\u5206\u4ef7\u503c\u94fe \u2013 \u5373\u7269\u6d41\u3002\u65e0\u8bba\u662f\u5206\u62e3\u3001\u5305\u88c5\u8fd8\u662f\u53d1\u8fd0\u3002 KACO \u53ef\u786e\u4fdd\u6d41\u7a0b\u987a\u7545\uff0c\u8ba9\u5ba2\u6237\u80fd\u5c3d\u5feb\u83b7\u5f97\u63a8\u52a8\u672a\u6765\u53d1\u5c55\u7684\u89e3\u51b3\u65b9\u6848\u3002\" \/>\n<meta name=\"robots\" content=\"index, follow, max-snippet:-1, max-image-preview:large, max-video-preview:-1\" \/>\n<link rel=\"canonical\" href=\"https:\/\/kaco.de\/cn\/\u7269\u6d41\/\" \/>\n<meta property=\"og:locale\" content=\"zh_CN\" \/>\n<meta property=\"og:type\" content=\"article\" \/>\n<meta property=\"og:title\" content=\"\u7269\u6d41 - KACO - Der Experte f\u00fcr Dichtungssysteme\" \/>\n<meta property=\"og:description\" content=\"\u7269\u6d41 \u6211\u4eec\u4e3a\u60a8 \u63d0\u4f9b\u989d\u5916\u670d\u52a1 \u6211\u4eec\u4e3a\u5ba2\u6237\u6295\u5165\u6211\u4eec\u7684\u7269\u6d41\u80fd\u529b \u4ece\u4ea7\u54c1\u5f00\u53d1\u5230\u751f\u4ea7\u548c\u9500\u552e \u2013 KACO \u5c3d\u6700\u5927\u53ef\u80fd\u4e3a\u5ba2\u6237\u5168\u8eab\u5fc3\u63d0\u4f9b\u670d\u52a1\u3002 \u56e0\u6b64\uff0c\u6211\u4eec\u5728\u81ea\u5df1\u4f01\u4e1a\u4e2d\u4e5f\u5f62\u6210\u4e86\u5f88\u5927\u4e00\u90e8\u5206\u4ef7\u503c\u94fe \u2013 \u5373\u7269\u6d41\u3002\u65e0\u8bba\u662f\u5206\u62e3\u3001\u5305\u88c5\u8fd8\u662f\u53d1\u8fd0\u3002 KACO \u53ef\u786e\u4fdd\u6d41\u7a0b\u987a\u7545\uff0c\u8ba9\u5ba2\u6237\u80fd\u5c3d\u5feb\u83b7\u5f97\u63a8\u52a8\u672a\u6765\u53d1\u5c55\u7684\u89e3\u51b3\u65b9\u6848\u3002\" \/>\n<meta property=\"og:url\" content=\"https:\/\/kaco.de\/cn\/\u7269\u6d41\/\" \/>\n<meta property=\"og:site_name\" content=\"KACO - Der Experte f\u00fcr Dichtungssysteme\" \/>\n<meta property=\"article:modified_time\" content=\"2022-03-25T11:18:07+00:00\" \/>\n<meta property=\"og:image\" content=\"https:\/\/kaco.de\/wp-content\/uploads\/logistik-kaco@2x-1.jpg\" \/>\n<meta name=\"twitter:card\" content=\"summary_large_image\" \/>\n<meta name=\"twitter:label1\" content=\"\u9884\u8ba1\u9605\u8bfb\u65f6\u95f4\" \/>\n\t<meta name=\"twitter:data1\" content=\"1 \u5206\" \/>\n<script type=\"application\/ld+json\" class=\"yoast-schema-graph\">{\"@context\":\"https:\\\/\\\/schema.org\",\"@graph\":[{\"@type\":\"WebPage\",\"@id\":\"https:\\\/\\\/kaco.de\\\/cn\\\/%e7%89%a9%e6%b5%81\\\/\",\"url\":\"https:\\\/\\\/kaco.de\\\/cn\\\/%e7%89%a9%e6%b5%81\\\/\",\"name\":\"\u7269\u6d41 - KACO - Der Experte f\u00fcr Dichtungssysteme\",\"isPartOf\":{\"@id\":\"https:\\\/\\\/kaco.de\\\/#website\"},\"primaryImageOfPage\":{\"@id\":\"https:\\\/\\\/kaco.de\\\/cn\\\/%e7%89%a9%e6%b5%81\\\/#primaryimage\"},\"image\":{\"@id\":\"https:\\\/\\\/kaco.de\\\/cn\\\/%e7%89%a9%e6%b5%81\\\/#primaryimage\"},\"thumbnailUrl\":\"https:\\\/\\\/kaco.de\\\/wp-content\\\/uploads\\\/logistik-kaco@2x-1.jpg\",\"datePublished\":\"2022-01-14T23:18:17+00:00\",\"dateModified\":\"2022-03-25T11:18:07+00:00\",\"description\":\"\u7269\u6d41 \u6211\u4eec\u4e3a\u60a8 \u63d0\u4f9b\u989d\u5916\u670d\u52a1 \u6211\u4eec\u4e3a\u5ba2\u6237\u6295\u5165\u6211\u4eec\u7684\u7269\u6d41\u80fd\u529b \u4ece\u4ea7\u54c1\u5f00\u53d1\u5230\u751f\u4ea7\u548c\u9500\u552e \u2013 KACO \u5c3d\u6700\u5927\u53ef\u80fd\u4e3a\u5ba2\u6237\u5168\u8eab\u5fc3\u63d0\u4f9b\u670d\u52a1\u3002 \u56e0\u6b64\uff0c\u6211\u4eec\u5728\u81ea\u5df1\u4f01\u4e1a\u4e2d\u4e5f\u5f62\u6210\u4e86\u5f88\u5927\u4e00\u90e8\u5206\u4ef7\u503c\u94fe \u2013 \u5373\u7269\u6d41\u3002\u65e0\u8bba\u662f\u5206\u62e3\u3001\u5305\u88c5\u8fd8\u662f\u53d1\u8fd0\u3002 KACO \u53ef\u786e\u4fdd\u6d41\u7a0b\u987a\u7545\uff0c\u8ba9\u5ba2\u6237\u80fd\u5c3d\u5feb\u83b7\u5f97\u63a8\u52a8\u672a\u6765\u53d1\u5c55\u7684\u89e3\u51b3\u65b9\u6848\u3002\",\"breadcrumb\":{\"@id\":\"https:\\\/\\\/kaco.de\\\/cn\\\/%e7%89%a9%e6%b5%81\\\/#breadcrumb\"},\"inLanguage\":\"zh-Hans\",\"potentialAction\":[{\"@type\":\"ReadAction\",\"target\":[\"https:\\\/\\\/kaco.de\\\/cn\\\/%e7%89%a9%e6%b5%81\\\/\"]}]},{\"@type\":\"ImageObject\",\"inLanguage\":\"zh-Hans\",\"@id\":\"https:\\\/\\\/kaco.de\\\/cn\\\/%e7%89%a9%e6%b5%81\\\/#primaryimage\",\"url\":\"https:\\\/\\\/kaco.de\\\/wp-content\\\/uploads\\\/logistik-kaco@2x-1.jpg\",\"contentUrl\":\"https:\\\/\\\/kaco.de\\\/wp-content\\\/uploads\\\/logistik-kaco@2x-1.jpg\"},{\"@type\":\"BreadcrumbList\",\"@id\":\"https:\\\/\\\/kaco.de\\\/cn\\\/%e7%89%a9%e6%b5%81\\\/#breadcrumb\",\"itemListElement\":[{\"@type\":\"ListItem\",\"position\":1,\"name\":\"Home\",\"item\":\"https:\\\/\\\/kaco.de\\\/cn\\\/\"},{\"@type\":\"ListItem\",\"position\":2,\"name\":\"\u7269\u6d41\"}]},{\"@type\":\"WebSite\",\"@id\":\"https:\\\/\\\/kaco.de\\\/#website\",\"url\":\"https:\\\/\\\/kaco.de\\\/\",\"name\":\"KACO - Der Experte f\u00fcr Dichtungssysteme\",\"description\":\"Seien Sie mit unseren hochpr\u00e4zisen und anwendungsorientierten Dichtungsl\u00f6sungen bestens f\u00fcr die Automobil- und Maschinenbauindustrie ger\u00fcstet.\",\"publisher\":{\"@id\":\"https:\\\/\\\/kaco.de\\\/#organization\"},\"potentialAction\":[{\"@type\":\"SearchAction\",\"target\":{\"@type\":\"EntryPoint\",\"urlTemplate\":\"https:\\\/\\\/kaco.de\\\/?s={search_term_string}\"},\"query-input\":{\"@type\":\"PropertyValueSpecification\",\"valueRequired\":true,\"valueName\":\"search_term_string\"}}],\"inLanguage\":\"zh-Hans\"},{\"@type\":\"Organization\",\"@id\":\"https:\\\/\\\/kaco.de\\\/#organization\",\"name\":\"KACO - Der Experte f\u00fcr Dichtungssysteme\",\"url\":\"https:\\\/\\\/kaco.de\\\/\",\"logo\":{\"@type\":\"ImageObject\",\"inLanguage\":\"zh-Hans\",\"@id\":\"https:\\\/\\\/kaco.de\\\/#\\\/schema\\\/logo\\\/image\\\/\",\"url\":\"https:\\\/\\\/kaco.de\\\/wp-content\\\/uploads\\\/cropped-logo1.png\",\"contentUrl\":\"https:\\\/\\\/kaco.de\\\/wp-content\\\/uploads\\\/cropped-logo1.png\",\"width\":851,\"height\":254,\"caption\":\"KACO - Der Experte f\u00fcr Dichtungssysteme\"},\"image\":{\"@id\":\"https:\\\/\\\/kaco.de\\\/#\\\/schema\\\/logo\\\/image\\\/\"}}]}<\/script>\n<!-- \/ Yoast SEO plugin. -->","yoast_head_json":{"title":"\u7269\u6d41 - KACO - Der Experte f\u00fcr Dichtungssysteme","description":"\u7269\u6d41 \u6211\u4eec\u4e3a\u60a8 \u63d0\u4f9b\u989d\u5916\u670d\u52a1 \u6211\u4eec\u4e3a\u5ba2\u6237\u6295\u5165\u6211\u4eec\u7684\u7269\u6d41\u80fd\u529b \u4ece\u4ea7\u54c1\u5f00\u53d1\u5230\u751f\u4ea7\u548c\u9500\u552e \u2013 KACO \u5c3d\u6700\u5927\u53ef\u80fd\u4e3a\u5ba2\u6237\u5168\u8eab\u5fc3\u63d0\u4f9b\u670d\u52a1\u3002 \u56e0\u6b64\uff0c\u6211\u4eec\u5728\u81ea\u5df1\u4f01\u4e1a\u4e2d\u4e5f\u5f62\u6210\u4e86\u5f88\u5927\u4e00\u90e8\u5206\u4ef7\u503c\u94fe \u2013 \u5373\u7269\u6d41\u3002\u65e0\u8bba\u662f\u5206\u62e3\u3001\u5305\u88c5\u8fd8\u662f\u53d1\u8fd0\u3002 KACO \u53ef\u786e\u4fdd\u6d41\u7a0b\u987a\u7545\uff0c\u8ba9\u5ba2\u6237\u80fd\u5c3d\u5feb\u83b7\u5f97\u63a8\u52a8\u672a\u6765\u53d1\u5c55\u7684\u89e3\u51b3\u65b9\u6848\u3002","robots":{"index":"index","follow":"follow","max-snippet":"max-snippet:-1","max-image-preview":"max-image-preview:large","max-video-preview":"max-video-preview:-1"},"canonical":"https:\/\/kaco.de\/cn\/\u7269\u6d41\/","og_locale":"zh_CN","og_type":"article","og_title":"\u7269\u6d41 - KACO - Der Experte f\u00fcr Dichtungssysteme","og_description":"\u7269\u6d41 \u6211\u4eec\u4e3a\u60a8 \u63d0\u4f9b\u989d\u5916\u670d\u52a1 \u6211\u4eec\u4e3a\u5ba2\u6237\u6295\u5165\u6211\u4eec\u7684\u7269\u6d41\u80fd\u529b \u4ece\u4ea7\u54c1\u5f00\u53d1\u5230\u751f\u4ea7\u548c\u9500\u552e \u2013 KACO \u5c3d\u6700\u5927\u53ef\u80fd\u4e3a\u5ba2\u6237\u5168\u8eab\u5fc3\u63d0\u4f9b\u670d\u52a1\u3002 \u56e0\u6b64\uff0c\u6211\u4eec\u5728\u81ea\u5df1\u4f01\u4e1a\u4e2d\u4e5f\u5f62\u6210\u4e86\u5f88\u5927\u4e00\u90e8\u5206\u4ef7\u503c\u94fe \u2013 \u5373\u7269\u6d41\u3002\u65e0\u8bba\u662f\u5206\u62e3\u3001\u5305\u88c5\u8fd8\u662f\u53d1\u8fd0\u3002 KACO \u53ef\u786e\u4fdd\u6d41\u7a0b\u987a\u7545\uff0c\u8ba9\u5ba2\u6237\u80fd\u5c3d\u5feb\u83b7\u5f97\u63a8\u52a8\u672a\u6765\u53d1\u5c55\u7684\u89e3\u51b3\u65b9\u6848\u3002","og_url":"https:\/\/kaco.de\/cn\/\u7269\u6d41\/","og_site_name":"KACO - Der Experte f\u00fcr Dichtungssysteme","article_modified_time":"2022-03-25T11:18:07+00:00","og_image":[{"url":"https:\/\/kaco.de\/wp-content\/uploads\/logistik-kaco@2x-1.jpg","type":"","width":"","height":""}],"twitter_card":"summary_large_image","twitter_misc":{"\u9884\u8ba1\u9605\u8bfb\u65f6\u95f4":"1 \u5206"},"schema":{"@context":"https:\/\/schema.org","@graph":[{"@type":"WebPage","@id":"https:\/\/kaco.de\/cn\/%e7%89%a9%e6%b5%81\/","url":"https:\/\/kaco.de\/cn\/%e7%89%a9%e6%b5%81\/","name":"\u7269\u6d41 - KACO - Der Experte f\u00fcr Dichtungssysteme","isPartOf":{"@id":"https:\/\/kaco.de\/#website"},"primaryImageOfPage":{"@id":"https:\/\/kaco.de\/cn\/%e7%89%a9%e6%b5%81\/#primaryimage"},"image":{"@id":"https:\/\/kaco.de\/cn\/%e7%89%a9%e6%b5%81\/#primaryimage"},"thumbnailUrl":"https:\/\/kaco.de\/wp-content\/uploads\/logistik-kaco@2x-1.jpg","datePublished":"2022-01-14T23:18:17+00:00","dateModified":"2022-03-25T11:18:07+00:00","description":"\u7269\u6d41 \u6211\u4eec\u4e3a\u60a8 \u63d0\u4f9b\u989d\u5916\u670d\u52a1 \u6211\u4eec\u4e3a\u5ba2\u6237\u6295\u5165\u6211\u4eec\u7684\u7269\u6d41\u80fd\u529b \u4ece\u4ea7\u54c1\u5f00\u53d1\u5230\u751f\u4ea7\u548c\u9500\u552e \u2013 KACO \u5c3d\u6700\u5927\u53ef\u80fd\u4e3a\u5ba2\u6237\u5168\u8eab\u5fc3\u63d0\u4f9b\u670d\u52a1\u3002 \u56e0\u6b64\uff0c\u6211\u4eec\u5728\u81ea\u5df1\u4f01\u4e1a\u4e2d\u4e5f\u5f62\u6210\u4e86\u5f88\u5927\u4e00\u90e8\u5206\u4ef7\u503c\u94fe \u2013 \u5373\u7269\u6d41\u3002\u65e0\u8bba\u662f\u5206\u62e3\u3001\u5305\u88c5\u8fd8\u662f\u53d1\u8fd0\u3002 KACO \u53ef\u786e\u4fdd\u6d41\u7a0b\u987a\u7545\uff0c\u8ba9\u5ba2\u6237\u80fd\u5c3d\u5feb\u83b7\u5f97\u63a8\u52a8\u672a\u6765\u53d1\u5c55\u7684\u89e3\u51b3\u65b9\u6848\u3002","breadcrumb":{"@id":"https:\/\/kaco.de\/cn\/%e7%89%a9%e6%b5%81\/#breadcrumb"},"inLanguage":"zh-Hans","potentialAction":[{"@type":"ReadAction","target":["https:\/\/kaco.de\/cn\/%e7%89%a9%e6%b5%81\/"]}]},{"@type":"ImageObject","inLanguage":"zh-Hans","@id":"https:\/\/kaco.de\/cn\/%e7%89%a9%e6%b5%81\/#primaryimage","url":"https:\/\/kaco.de\/wp-content\/uploads\/logistik-kaco@2x-1.jpg","contentUrl":"https:\/\/kaco.de\/wp-content\/uploads\/logistik-kaco@2x-1.jpg"},{"@type":"BreadcrumbList","@id":"https:\/\/kaco.de\/cn\/%e7%89%a9%e6%b5%81\/#breadcrumb","itemListElement":[{"@type":"ListItem","position":1,"name":"Home","item":"https:\/\/kaco.de\/cn\/"},{"@type":"ListItem","position":2,"name":"\u7269\u6d41"}]},{"@type":"WebSite","@id":"https:\/\/kaco.de\/#website","url":"https:\/\/kaco.de\/","name":"KACO - Der Experte f\u00fcr Dichtungssysteme","description":"Seien Sie mit unseren hochpr\u00e4zisen und anwendungsorientierten Dichtungsl\u00f6sungen bestens f\u00fcr die Automobil- und Maschinenbauindustrie ger\u00fcstet.","publisher":{"@id":"https:\/\/kaco.de\/#organization"},"potentialAction":[{"@type":"SearchAction","target":{"@type":"EntryPoint","urlTemplate":"https:\/\/kaco.de\/?s={search_term_string}"},"query-input":{"@type":"PropertyValueSpecification","valueRequired":true,"valueName":"search_term_string"}}],"inLanguage":"zh-Hans"},{"@type":"Organization","@id":"https:\/\/kaco.de\/#organization","name":"KACO - Der Experte f\u00fcr Dichtungssysteme","url":"https:\/\/kaco.de\/","logo":{"@type":"ImageObject","inLanguage":"zh-Hans","@id":"https:\/\/kaco.de\/#\/schema\/logo\/image\/","url":"https:\/\/kaco.de\/wp-content\/uploads\/cropped-logo1.png","contentUrl":"https:\/\/kaco.de\/wp-content\/uploads\/cropped-logo1.png","width":851,"height":254,"caption":"KACO - Der Experte f\u00fcr Dichtungssysteme"},"image":{"@id":"https:\/\/kaco.de\/#\/schema\/logo\/image\/"}}]}},"_links":{"self":[{"href":"https:\/\/kaco.de\/cn\/wp-json\/wp\/v2\/pages\/21307","targetHints":{"allow":["GET"]}}],"collection":[{"href":"https:\/\/kaco.de\/cn\/wp-json\/wp\/v2\/pages"}],"about":[{"href":"https:\/\/kaco.de\/cn\/wp-json\/wp\/v2\/types\/page"}],"author":[{"embeddable":true,"href":"https:\/\/kaco.de\/cn\/wp-json\/wp\/v2\/users\/3"}],"replies":[{"embeddable":true,"href":"https:\/\/kaco.de\/cn\/wp-json\/wp\/v2\/comments?post=21307"}],"version-history":[{"count":0,"href":"https:\/\/kaco.de\/cn\/wp-json\/wp\/v2\/pages\/21307\/revisions"}],"up":[{"embeddable":true,"href":"https:\/\/kaco.de\/cn\/wp-json\/wp\/v2\/pages\/21382"}],"wp:attachment":[{"href":"https:\/\/kaco.de\/cn\/wp-json\/wp\/v2\/media?parent=21307"}],"curies":[{"name":"wp","href":"https:\/\/api.w.org\/{rel}","templated":true}]}}