{"id":21315,"date":"2022-01-14T23:51:07","date_gmt":"2022-01-14T22:51:07","guid":{"rendered":"https:\/\/kaco.de\/ptfe%e7%94%9f%e4%ba%a7\/"},"modified":"2022-01-14T23:51:07","modified_gmt":"2022-01-14T22:51:07","slug":"ptfe%e7%94%9f%e4%ba%a7","status":"publish","type":"page","link":"https:\/\/kaco.de\/cn\/%e8%83%bd%e5%8a%9b\/%e7%94%9f%e4%ba%a7\/ptfe%e7%94%9f%e4%ba%a7\/","title":{"rendered":"PTFE \u751f\u4ea7"},"content":{"rendered":"\t\t<div data-elementor-type=\"wp-page\" data-elementor-id=\"21315\" class=\"elementor elementor-21315 elementor-3421\" data-elementor-post-type=\"page\">\n\t\t\t\t\t\t<section class=\"elementor-section elementor-top-section elementor-element elementor-element-2764512 elementor-section-full_width elementor-section-stretched elementor-section-height-default elementor-section-height-default\" data-id=\"2764512\" data-element_type=\"section\" data-settings=\"{&quot;stretch_section&quot;:&quot;section-stretched&quot;}\">\n\t\t\t\t\t\t<div class=\"elementor-container elementor-column-gap-default\">\n\t\t\t\t\t<div class=\"elementor-column elementor-col-100 elementor-top-column elementor-element elementor-element-c3f6f9e\" data-id=\"c3f6f9e\" data-element_type=\"column\">\n\t\t\t<div class=\"elementor-widget-wrap elementor-element-populated\">\n\t\t\t\t\t\t<div class=\"elementor-element elementor-element-0f7c4f1 elementor-widget elementor-widget-image\" data-id=\"0f7c4f1\" data-element_type=\"widget\" data-widget_type=\"image.default\">\n\t\t\t\t<div class=\"elementor-widget-container\">\n\t\t\t\t\t\t\t\t\t\t\t\t\t\t\t<img fetchpriority=\"high\" decoding=\"async\" width=\"1400\" height=\"442\" src=\"https:\/\/kaco.de\/wp-content\/uploads\/kompetenzen-ptfe-kaco-2@2x-3024x955.jpg\" class=\"attachment-large size-large wp-image-22987\" alt=\"\" srcset=\"https:\/\/kaco.de\/wp-content\/uploads\/kompetenzen-ptfe-kaco-2@2x-3024x955.jpg 3024w, https:\/\/kaco.de\/wp-content\/uploads\/kompetenzen-ptfe-kaco-2@2x-300x95.jpg 300w, https:\/\/kaco.de\/wp-content\/uploads\/kompetenzen-ptfe-kaco-2@2x-1536x485.jpg 1536w, https:\/\/kaco.de\/wp-content\/uploads\/kompetenzen-ptfe-kaco-2@2x-2048x647.jpg 2048w\" sizes=\"(max-width: 1400px) 100vw, 1400px\" \/>\t\t\t\t\t\t\t\t\t\t\t\t\t\t\t<\/div>\n\t\t\t\t<\/div>\n\t\t\t\t\t<\/div>\n\t\t<\/div>\n\t\t\t\t\t<\/div>\n\t\t<\/section>\n\t\t\t\t<section class=\"elementor-section elementor-top-section elementor-element elementor-element-9889a53 elementor-section-content-bottom elementor-section-stretched pageheader elementor-section-boxed elementor-section-height-default elementor-section-height-default\" data-id=\"9889a53\" data-element_type=\"section\" data-settings=\"{&quot;background_background&quot;:&quot;classic&quot;,&quot;stretch_section&quot;:&quot;section-stretched&quot;}\">\n\t\t\t\t\t\t<div class=\"elementor-container elementor-column-gap-default\">\n\t\t\t\t\t<div class=\"elementor-column elementor-col-50 elementor-top-column elementor-element elementor-element-8a3692b pageheader-row-left\" data-id=\"8a3692b\" data-element_type=\"column\" data-settings=\"{&quot;background_background&quot;:&quot;classic&quot;}\">\n\t\t\t<div class=\"elementor-widget-wrap elementor-element-populated\">\n\t\t\t\t\t\t<div class=\"elementor-element elementor-element-9003954 elementor-widget elementor-widget-heading\" data-id=\"9003954\" data-element_type=\"widget\" data-widget_type=\"heading.default\">\n\t\t\t\t<div class=\"elementor-widget-container\">\n\t\t\t\t\t<span class=\"elementor-heading-title elementor-size-default\">PTFE \u751f\u4ea7<\/span>\t\t\t\t<\/div>\n\t\t\t\t<\/div>\n\t\t\t\t<div class=\"elementor-element elementor-element-cb9748a elementor-widget elementor-widget-heading\" data-id=\"cb9748a\" data-element_type=\"widget\" data-widget_type=\"heading.default\">\n\t\t\t\t<div class=\"elementor-widget-container\">\n\t\t\t\t\t<h1 class=\"elementor-heading-title elementor-size-default\">PTFE \u57ab\u5708 <br>KACO \u5236\u9020<\/h1>\t\t\t\t<\/div>\n\t\t\t\t<\/div>\n\t\t\t\t\t<\/div>\n\t\t<\/div>\n\t\t\t\t<div class=\"elementor-column elementor-col-50 elementor-top-column elementor-element elementor-element-dbafe59\" data-id=\"dbafe59\" data-element_type=\"column\">\n\t\t\t<div class=\"elementor-widget-wrap\">\n\t\t\t\t\t\t\t<\/div>\n\t\t<\/div>\n\t\t\t\t\t<\/div>\n\t\t<\/section>\n\t\t\t\t<section class=\"elementor-section elementor-top-section elementor-element elementor-element-67db441 elementor-section-boxed elementor-section-height-default elementor-section-height-default\" data-id=\"67db441\" data-element_type=\"section\">\n\t\t\t\t\t\t<div class=\"elementor-container elementor-column-gap-default\">\n\t\t\t\t\t<div class=\"elementor-column elementor-col-50 elementor-top-column elementor-element elementor-element-915457a\" data-id=\"915457a\" data-element_type=\"column\">\n\t\t\t<div class=\"elementor-widget-wrap elementor-element-populated\">\n\t\t\t\t\t\t<div class=\"elementor-element elementor-element-64d06c5 elementor-widget elementor-widget-text-editor\" data-id=\"64d06c5\" data-element_type=\"widget\" data-widget_type=\"text-editor.default\">\n\t\t\t\t<div class=\"elementor-widget-container\">\n\t\t\t\t\t\t\t\t\t<p class=\"MsoNormal\" style=\"mso-margin-top-alt: auto; mso-margin-bottom-alt: auto;\">PTFE \u57ab\u5708\u51e0\u4e4e\u5728\u4efb\u4f55\u9700\u8981\u7528\u5230\u52a8\u6001\u5bc6\u5c01\u7cfb\u7edf\u7684\u5730\u65b9\u4f7f\u7528\uff0c\u6bd4\u5982\u5728\u66f2\u8f74\u3001\u51f8\u8f6e\u8f74\u6216\u51cf\u901f\u673a\u4e2d\u3002 PTFE \u57ab\u5708\u4e8e 2015\/16 \u5e74\u5728\u57fa\u5c14\u590f\u7279\u5de5\u5382\u5b9e\u73b0\u4e86\u5de5\u4e1a\u5316\u751f\u4ea7\uff0c\u5e76\u4e8e 2018 \u5e74\u8f6c\u79fb\u5230\u5b89\u5fbd\u5206\u516c\u53f8\u751f\u4ea7\u3002 \u6211\u4eec\u5c06\u81ea\u4e3b\u6279\u91cf\u751f\u4ea7 PTFE \u57ab\u5708\u7684\u80fd\u529b\u8f6c\u79fb\u5230\u5b89\u5fbd\u548c\u65e0\u9521\u5de5\u5382\u3002 \u4f46 KACO \u76ee\u524d\u4e5f\u5728\u6b27\u6d32\u5de5\u5382\u751f\u4ea7\u7535\u52a8\u6c7d\u8f66\u7528\u9014\u7684\u6837\u4ef6\uff08\u8f74\u63a5\u5730\u73af\uff09\u3002<\/p>\n<p class=\"MsoNormal\" style=\"mso-margin-top-alt: auto; mso-margin-bottom-alt: auto;\">\u751f\u4ea7\u8fc7\u7a0b\u5305\u542b\u4e09\u4e2a\u6b65\u9aa4\uff1a<\/p>\n<ol start=\"1\" type=\"1\">\n<li class=\"MsoNormal\" style=\"mso-margin-top-alt: auto; mso-margin-bottom-alt: auto; mso-list: l0 level1 lfo1; tab-stops: list 36.0pt;\">\u5728\u73b0\u4ee3\u5316\u538b\u529b\u673a\u4e0a\u5c06 PTFE \u590d\u5408\u7269\uff08\u7531\u8457\u540d\u5236\u9020\u5546\u6309\u7167\u6211\u4eec\u7684\u65b9\u6848\u751f\u4ea7\uff09\u538b\u5236\u6210\u6240\u8c13\u7684\u201c\u751f\u576f&nbsp;\u201d<\/li>\n<li class=\"MsoNormal\" style=\"mso-margin-top-alt: auto; mso-margin-bottom-alt: auto; mso-list: l0 level1 lfo1; tab-stops: list 36.0pt;\">\u70e7\u7ed3\u534a\u6210\u54c1<\/li>\n<li class=\"MsoNormal\" style=\"mso-margin-top-alt: auto; mso-margin-bottom-alt: auto; mso-list: l0 level1 lfo1; tab-stops: list 36.0pt;\">\u5c06\u534a\u6210\u54c1\u673a\u52a0\u5de5\u6210 PTFE \u57ab\u5708<\/li>\n<\/ol>\n<p class=\"MsoNormal\" style=\"mso-margin-top-alt: auto; mso-margin-bottom-alt: auto;\">\u81ea\u8425\u751f\u4ea7\u4e3a KACO \u548c\u5ba2\u6237\u5e26\u6765\u4e86\u5927\u91cf\u4f18\u52bf\u3002 \u4e00\u65b9\u9762\u6211\u4eec\u5f88\u5927\u7a0b\u5ea6\u4e0a\u4e0d\u518d\u4f9d\u8d56\u5176\u5b83\u5236\u9020\u5546\u7684\u4f9b\u8d27\u80fd\u529b\u3002 \u6211\u4eec\u4e5f\u53ef\u4ee5\u5bf9\u5ba2\u6237\u8ba2\u5355\u7684\u5927\u5e45\u6ce2\u52a8\u5feb\u901f\u53cd\u5e94\u3002 \u53e6\u5916\uff0cKACO \u8fd8\u62d3\u5c55\u4e86\u81ea\u8425\u751f\u4ea7 PTFE \u5bc6\u5c01\u7cfb\u7edf\u9886\u57df\u7684\u4e13\u4e1a\u77e5\u8bc6\u3002 \u4e0d\u4ec5\u5982\u6b64\uff1a \u6211\u4eec\u540c\u6837\u4e5f\u53ef\u4ee5\u6709\u76ee\u6807\u5730\u5f71\u54cd\u548c\u5f00\u53d1\u5bc6\u5c01\u5143\u4ef6\u7684\u6280\u672f\u6027\u80fd\uff0c\u6bd4\u5982\u5728\u51cf\u5c11\u6469\u64e6\u65b9\u9762\u3002 \u5f00\u53d1\u8bf8\u5982\u7535\u52a8\u6c7d\u8f66\uff08\u6bd4\u5982\u84c4\u7535\u6c60\u6392\u6c14\uff09\u4e4b\u7c7b\u65b0\u4e1a\u52a1\u9886\u57df\u7684\u89e3\u51b3\u65b9\u6848\u65f6\uff0c\u6211\u4eec\u4e5f\u59cb\u7ec8\u53ef\u4ee5\u4ece\u6e90\u5934\u4e0a\u501f\u52a9\u81ea\u8eab\u7684\u7ecf\u9a8c\u3002<\/p>\n<p><style>@font-face<br \/>\t{font-family:\"Cambria Math\";<br \/>\tpanose-1:2 4 5 3 5 4 6 3 2 4;<br \/>\tmso-font-charset:0;<br \/>\tmso-generic-font-family:roman;<br \/>\tmso-font-pitch:variable;<br \/>\tmso-font-signature:3 0 0 0 1 0;}p.MsoNormal, li.MsoNormal, div.MsoNormal<br \/>\t{mso-style-unhide:no;<br \/>\tmso-style-qformat:yes;<br \/>\tmso-style-parent:\"\";<br \/>\tmargin:0cm;<br \/>\tmso-pagination:widow-orphan;<br \/>\tfont-size:12.0pt;<br \/>\tfont-family:\"Times New Roman\",serif;<br \/>\tmso-fareast-font-family:\"Times New Roman\";}.MsoChpDefault<br \/>\t{mso-style-type:export-only;<br \/>\tmso-default-props:yes;<br \/>\tfont-family:\"Calibri\",sans-serif;<br \/>\tmso-ascii-font-family:Calibri;<br \/>\tmso-ascii-theme-font:minor-latin;<br \/>\tmso-fareast-font-family:Calibri;<br \/>\tmso-fareast-theme-font:minor-latin;<br \/>\tmso-hansi-font-family:Calibri;<br \/>\tmso-hansi-theme-font:minor-latin;<br \/>\tmso-bidi-font-family:\"Times New Roman\";<br \/>\tmso-bidi-theme-font:minor-bidi;<br \/>\tmso-fareast-language:EN-US;}div.WordSection1<br \/>\t{page:WordSection1;}ol<br \/>\t{margin-bottom:0cm;}ul<br \/>\t{margin-bottom:0cm;}<\/style><\/p>\n\t\t\t\t\t\t\t\t<\/div>\n\t\t\t\t<\/div>\n\t\t\t\t\t<\/div>\n\t\t<\/div>\n\t\t\t\t<div class=\"elementor-column elementor-col-50 elementor-top-column elementor-element elementor-element-919e376\" data-id=\"919e376\" data-element_type=\"column\">\n\t\t\t<div class=\"elementor-widget-wrap elementor-element-populated\">\n\t\t\t\t\t\t<div class=\"elementor-element elementor-element-8d968b6 elementor-widget elementor-widget-image\" data-id=\"8d968b6\" data-element_type=\"widget\" data-widget_type=\"image.default\">\n\t\t\t\t<div class=\"elementor-widget-container\">\n\t\t\t\t\t\t\t\t\t\t\t\t\t\t\t<img decoding=\"async\" width=\"1024\" height=\"1024\" src=\"https:\/\/kaco.de\/wp-content\/uploads\/kompetenzen-ptfe-kaco@2x-1024x1024.jpg\" class=\"attachment-large size-large wp-image-22988\" alt=\"\" srcset=\"https:\/\/kaco.de\/wp-content\/uploads\/kompetenzen-ptfe-kaco@2x-1024x1024.jpg 1024w, https:\/\/kaco.de\/wp-content\/uploads\/kompetenzen-ptfe-kaco@2x-300x300.jpg 300w, https:\/\/kaco.de\/wp-content\/uploads\/kompetenzen-ptfe-kaco@2x-150x150.jpg 150w, https:\/\/kaco.de\/wp-content\/uploads\/kompetenzen-ptfe-kaco@2x-768x768.jpg 768w, https:\/\/kaco.de\/wp-content\/uploads\/kompetenzen-ptfe-kaco@2x-1536x1536.jpg 1536w, https:\/\/kaco.de\/wp-content\/uploads\/kompetenzen-ptfe-kaco@2x.jpg 1600w\" sizes=\"(max-width: 1024px) 100vw, 1024px\" \/>\t\t\t\t\t\t\t\t\t\t\t\t\t\t\t<\/div>\n\t\t\t\t<\/div>\n\t\t\t\t\t<\/div>\n\t\t<\/div>\n\t\t\t\t\t<\/div>\n\t\t<\/section>\n\t\t\t\t<\/div>\n\t\t","protected":false},"excerpt":{"rendered":"<p>PTFE \u751f\u4ea7 PTFE \u57ab\u5708 KACO \u5236\u9020 PTFE \u57ab\u5708\u51e0\u4e4e\u5728\u4efb\u4f55\u9700\u8981\u7528\u5230\u52a8\u6001\u5bc6\u5c01\u7cfb\u7edf\u7684\u5730\u65b9\u4f7f\u7528\uff0c\u6bd4\u5982\u5728 [&hellip;]<\/p>\n","protected":false},"author":3,"featured_media":0,"parent":21327,"menu_order":0,"comment_status":"closed","ping_status":"closed","template":"","meta":{"_acf_changed":false,"site-sidebar-layout":"no-sidebar","site-content-layout":"page-builder","ast-site-content-layout":"default","site-content-style":"default","site-sidebar-style":"default","ast-global-header-display":"","ast-banner-title-visibility":"","ast-main-header-display":"","ast-hfb-above-header-display":"","ast-hfb-below-header-display":"","ast-hfb-mobile-header-display":"","site-post-title":"disabled","ast-breadcrumbs-content":"","ast-featured-img":"disabled","footer-sml-layout":"","ast-disable-related-posts":"","theme-transparent-header-meta":"","adv-header-id-meta":"","stick-header-meta":"","header-above-stick-meta":"","header-main-stick-meta":"","header-below-stick-meta":"","astra-migrate-meta-layouts":"default","ast-page-background-enabled":"default","ast-page-background-meta":{"desktop":{"background-color":"var(--ast-global-color-4)","background-image":"","background-repeat":"repeat","background-position":"center center","background-size":"auto","background-attachment":"scroll","background-type":"","background-media":"","overlay-type":"","overlay-color":"","overlay-opacity":"","overlay-gradient":""},"tablet":{"background-color":"","background-image":"","background-repeat":"repeat","background-position":"center center","background-size":"auto","background-attachment":"scroll","background-type":"","background-media":"","overlay-type":"","overlay-color":"","overlay-opacity":"","overlay-gradient":""},"mobile":{"background-color":"","background-image":"","background-repeat":"repeat","background-position":"center center","background-size":"auto","background-attachment":"scroll","background-type":"","background-media":"","overlay-type":"","overlay-color":"","overlay-opacity":"","overlay-gradient":""}},"ast-content-background-meta":{"desktop":{"background-color":"var(--ast-global-color-5)","background-image":"","background-repeat":"repeat","background-position":"center center","background-size":"auto","background-attachment":"scroll","background-type":"","background-media":"","overlay-type":"","overlay-color":"","overlay-opacity":"","overlay-gradient":""},"tablet":{"background-color":"var(--ast-global-color-5)","background-image":"","background-repeat":"repeat","background-position":"center center","background-size":"auto","background-attachment":"scroll","background-type":"","background-media":"","overlay-type":"","overlay-color":"","overlay-opacity":"","overlay-gradient":""},"mobile":{"background-color":"var(--ast-global-color-5)","background-image":"","background-repeat":"repeat","background-position":"center center","background-size":"auto","background-attachment":"scroll","background-type":"","background-media":"","overlay-type":"","overlay-color":"","overlay-opacity":"","overlay-gradient":""}},"footnotes":""},"class_list":["post-21315","page","type-page","status-publish","hentry"],"acf":[],"yoast_head":"<!-- This site is optimized with the Yoast SEO plugin v27.3 - https:\/\/yoast.com\/product\/yoast-seo-wordpress\/ -->\n<title>PTFE \u751f\u4ea7 - KACO - Der Experte f\u00fcr Dichtungssysteme<\/title>\n<meta name=\"description\" content=\"PTFE \u751f\u4ea7 PTFE \u57ab\u5708 KACO \u5236\u9020 PTFE \u57ab\u5708\u51e0\u4e4e\u5728\u4efb\u4f55\u9700\u8981\u7528\u5230\u52a8\u6001\u5bc6\u5c01\u7cfb\u7edf\u7684\u5730\u65b9\u4f7f\u7528\uff0c\u6bd4\u5982\u5728\u66f2\u8f74\u3001\u51f8\u8f6e\u8f74\u6216\u51cf\u901f\u673a\u4e2d\u3002 PTFE \u57ab\u5708\u4e8e 2015\/16 \u5e74\u5728\u57fa\u5c14\u590f\u7279\u5de5\u5382\u5b9e\u73b0\u4e86\u5de5\u4e1a\u5316\u751f\u4ea7\uff0c\u5e76\u4e8e 2018 \u5e74\u8f6c\u79fb\u5230\u5b89\u5fbd\u5206\u516c\u53f8\u751f\u4ea7\u3002 \u6211\u4eec\u5c06\u81ea\u4e3b\u6279\u91cf\u751f\u4ea7 PTFE \u57ab\u5708\u7684\u80fd\u529b\u8f6c\u79fb\u5230\u5b89\u5fbd\u548c\u65e0\u9521\u5de5\u5382\u3002\" \/>\n<meta name=\"robots\" content=\"index, follow, max-snippet:-1, max-image-preview:large, max-video-preview:-1\" \/>\n<link rel=\"canonical\" href=\"https:\/\/kaco.de\/cn\/\u80fd\u529b\/\u751f\u4ea7\/ptfe\u751f\u4ea7\/\" \/>\n<meta property=\"og:locale\" content=\"zh_CN\" \/>\n<meta property=\"og:type\" content=\"article\" \/>\n<meta property=\"og:title\" content=\"PTFE \u751f\u4ea7 - KACO - Der Experte f\u00fcr Dichtungssysteme\" \/>\n<meta property=\"og:description\" content=\"PTFE \u751f\u4ea7 PTFE \u57ab\u5708 KACO \u5236\u9020 PTFE \u57ab\u5708\u51e0\u4e4e\u5728\u4efb\u4f55\u9700\u8981\u7528\u5230\u52a8\u6001\u5bc6\u5c01\u7cfb\u7edf\u7684\u5730\u65b9\u4f7f\u7528\uff0c\u6bd4\u5982\u5728\u66f2\u8f74\u3001\u51f8\u8f6e\u8f74\u6216\u51cf\u901f\u673a\u4e2d\u3002 PTFE \u57ab\u5708\u4e8e 2015\/16 \u5e74\u5728\u57fa\u5c14\u590f\u7279\u5de5\u5382\u5b9e\u73b0\u4e86\u5de5\u4e1a\u5316\u751f\u4ea7\uff0c\u5e76\u4e8e 2018 \u5e74\u8f6c\u79fb\u5230\u5b89\u5fbd\u5206\u516c\u53f8\u751f\u4ea7\u3002 \u6211\u4eec\u5c06\u81ea\u4e3b\u6279\u91cf\u751f\u4ea7 PTFE \u57ab\u5708\u7684\u80fd\u529b\u8f6c\u79fb\u5230\u5b89\u5fbd\u548c\u65e0\u9521\u5de5\u5382\u3002\" \/>\n<meta property=\"og:url\" content=\"https:\/\/kaco.de\/cn\/\u80fd\u529b\/\u751f\u4ea7\/ptfe\u751f\u4ea7\/\" \/>\n<meta property=\"og:site_name\" content=\"KACO - Der Experte f\u00fcr Dichtungssysteme\" \/>\n<meta property=\"og:image\" content=\"https:\/\/kaco.de\/wp-content\/uploads\/kompetenzen-ptfe-kaco-2@2x-3024x955.jpg\" \/>\n<meta name=\"twitter:card\" content=\"summary_large_image\" \/>\n<script type=\"application\/ld+json\" class=\"yoast-schema-graph\">{\"@context\":\"https:\\\/\\\/schema.org\",\"@graph\":[{\"@type\":\"WebPage\",\"@id\":\"https:\\\/\\\/kaco.de\\\/cn\\\/%e8%83%bd%e5%8a%9b\\\/%e7%94%9f%e4%ba%a7\\\/ptfe%e7%94%9f%e4%ba%a7\\\/\",\"url\":\"https:\\\/\\\/kaco.de\\\/cn\\\/%e8%83%bd%e5%8a%9b\\\/%e7%94%9f%e4%ba%a7\\\/ptfe%e7%94%9f%e4%ba%a7\\\/\",\"name\":\"PTFE \u751f\u4ea7 - KACO - Der Experte f\u00fcr Dichtungssysteme\",\"isPartOf\":{\"@id\":\"https:\\\/\\\/kaco.de\\\/#website\"},\"primaryImageOfPage\":{\"@id\":\"https:\\\/\\\/kaco.de\\\/cn\\\/%e8%83%bd%e5%8a%9b\\\/%e7%94%9f%e4%ba%a7\\\/ptfe%e7%94%9f%e4%ba%a7\\\/#primaryimage\"},\"image\":{\"@id\":\"https:\\\/\\\/kaco.de\\\/cn\\\/%e8%83%bd%e5%8a%9b\\\/%e7%94%9f%e4%ba%a7\\\/ptfe%e7%94%9f%e4%ba%a7\\\/#primaryimage\"},\"thumbnailUrl\":\"https:\\\/\\\/kaco.de\\\/wp-content\\\/uploads\\\/kompetenzen-ptfe-kaco-2@2x-3024x955.jpg\",\"datePublished\":\"2022-01-14T22:51:07+00:00\",\"description\":\"PTFE \u751f\u4ea7 PTFE \u57ab\u5708 KACO \u5236\u9020 PTFE \u57ab\u5708\u51e0\u4e4e\u5728\u4efb\u4f55\u9700\u8981\u7528\u5230\u52a8\u6001\u5bc6\u5c01\u7cfb\u7edf\u7684\u5730\u65b9\u4f7f\u7528\uff0c\u6bd4\u5982\u5728\u66f2\u8f74\u3001\u51f8\u8f6e\u8f74\u6216\u51cf\u901f\u673a\u4e2d\u3002 PTFE \u57ab\u5708\u4e8e 2015\\\/16 \u5e74\u5728\u57fa\u5c14\u590f\u7279\u5de5\u5382\u5b9e\u73b0\u4e86\u5de5\u4e1a\u5316\u751f\u4ea7\uff0c\u5e76\u4e8e 2018 \u5e74\u8f6c\u79fb\u5230\u5b89\u5fbd\u5206\u516c\u53f8\u751f\u4ea7\u3002 \u6211\u4eec\u5c06\u81ea\u4e3b\u6279\u91cf\u751f\u4ea7 PTFE \u57ab\u5708\u7684\u80fd\u529b\u8f6c\u79fb\u5230\u5b89\u5fbd\u548c\u65e0\u9521\u5de5\u5382\u3002\",\"breadcrumb\":{\"@id\":\"https:\\\/\\\/kaco.de\\\/cn\\\/%e8%83%bd%e5%8a%9b\\\/%e7%94%9f%e4%ba%a7\\\/ptfe%e7%94%9f%e4%ba%a7\\\/#breadcrumb\"},\"inLanguage\":\"zh-Hans\",\"potentialAction\":[{\"@type\":\"ReadAction\",\"target\":[\"https:\\\/\\\/kaco.de\\\/cn\\\/%e8%83%bd%e5%8a%9b\\\/%e7%94%9f%e4%ba%a7\\\/ptfe%e7%94%9f%e4%ba%a7\\\/\"]}]},{\"@type\":\"ImageObject\",\"inLanguage\":\"zh-Hans\",\"@id\":\"https:\\\/\\\/kaco.de\\\/cn\\\/%e8%83%bd%e5%8a%9b\\\/%e7%94%9f%e4%ba%a7\\\/ptfe%e7%94%9f%e4%ba%a7\\\/#primaryimage\",\"url\":\"https:\\\/\\\/kaco.de\\\/wp-content\\\/uploads\\\/kompetenzen-ptfe-kaco-2@2x-3024x955.jpg\",\"contentUrl\":\"https:\\\/\\\/kaco.de\\\/wp-content\\\/uploads\\\/kompetenzen-ptfe-kaco-2@2x-3024x955.jpg\"},{\"@type\":\"BreadcrumbList\",\"@id\":\"https:\\\/\\\/kaco.de\\\/cn\\\/%e8%83%bd%e5%8a%9b\\\/%e7%94%9f%e4%ba%a7\\\/ptfe%e7%94%9f%e4%ba%a7\\\/#breadcrumb\",\"itemListElement\":[{\"@type\":\"ListItem\",\"position\":1,\"name\":\"Home\",\"item\":\"https:\\\/\\\/kaco.de\\\/cn\\\/\"},{\"@type\":\"ListItem\",\"position\":2,\"name\":\"\u80fd\u529b\",\"item\":\"https:\\\/\\\/kaco.de\\\/cn\\\/%e8%83%bd%e5%8a%9b\\\/\"},{\"@type\":\"ListItem\",\"position\":3,\"name\":\"\u751f\u4ea7\",\"item\":\"https:\\\/\\\/kaco.de\\\/cn\\\/%e8%83%bd%e5%8a%9b\\\/%e7%94%9f%e4%ba%a7\\\/\"},{\"@type\":\"ListItem\",\"position\":4,\"name\":\"PTFE \u751f\u4ea7\"}]},{\"@type\":\"WebSite\",\"@id\":\"https:\\\/\\\/kaco.de\\\/#website\",\"url\":\"https:\\\/\\\/kaco.de\\\/\",\"name\":\"KACO - Der Experte f\u00fcr Dichtungssysteme\",\"description\":\"Seien Sie mit unseren hochpr\u00e4zisen und anwendungsorientierten Dichtungsl\u00f6sungen bestens f\u00fcr die Automobil- und Maschinenbauindustrie ger\u00fcstet.\",\"publisher\":{\"@id\":\"https:\\\/\\\/kaco.de\\\/#organization\"},\"potentialAction\":[{\"@type\":\"SearchAction\",\"target\":{\"@type\":\"EntryPoint\",\"urlTemplate\":\"https:\\\/\\\/kaco.de\\\/?s={search_term_string}\"},\"query-input\":{\"@type\":\"PropertyValueSpecification\",\"valueRequired\":true,\"valueName\":\"search_term_string\"}}],\"inLanguage\":\"zh-Hans\"},{\"@type\":\"Organization\",\"@id\":\"https:\\\/\\\/kaco.de\\\/#organization\",\"name\":\"KACO - Der Experte f\u00fcr Dichtungssysteme\",\"url\":\"https:\\\/\\\/kaco.de\\\/\",\"logo\":{\"@type\":\"ImageObject\",\"inLanguage\":\"zh-Hans\",\"@id\":\"https:\\\/\\\/kaco.de\\\/#\\\/schema\\\/logo\\\/image\\\/\",\"url\":\"https:\\\/\\\/kaco.de\\\/wp-content\\\/uploads\\\/cropped-logo1.png\",\"contentUrl\":\"https:\\\/\\\/kaco.de\\\/wp-content\\\/uploads\\\/cropped-logo1.png\",\"width\":851,\"height\":254,\"caption\":\"KACO - Der Experte f\u00fcr Dichtungssysteme\"},\"image\":{\"@id\":\"https:\\\/\\\/kaco.de\\\/#\\\/schema\\\/logo\\\/image\\\/\"}}]}<\/script>\n<!-- \/ Yoast SEO plugin. -->","yoast_head_json":{"title":"PTFE \u751f\u4ea7 - KACO - Der Experte f\u00fcr Dichtungssysteme","description":"PTFE \u751f\u4ea7 PTFE \u57ab\u5708 KACO \u5236\u9020 PTFE \u57ab\u5708\u51e0\u4e4e\u5728\u4efb\u4f55\u9700\u8981\u7528\u5230\u52a8\u6001\u5bc6\u5c01\u7cfb\u7edf\u7684\u5730\u65b9\u4f7f\u7528\uff0c\u6bd4\u5982\u5728\u66f2\u8f74\u3001\u51f8\u8f6e\u8f74\u6216\u51cf\u901f\u673a\u4e2d\u3002 PTFE \u57ab\u5708\u4e8e 2015\/16 \u5e74\u5728\u57fa\u5c14\u590f\u7279\u5de5\u5382\u5b9e\u73b0\u4e86\u5de5\u4e1a\u5316\u751f\u4ea7\uff0c\u5e76\u4e8e 2018 \u5e74\u8f6c\u79fb\u5230\u5b89\u5fbd\u5206\u516c\u53f8\u751f\u4ea7\u3002 \u6211\u4eec\u5c06\u81ea\u4e3b\u6279\u91cf\u751f\u4ea7 PTFE \u57ab\u5708\u7684\u80fd\u529b\u8f6c\u79fb\u5230\u5b89\u5fbd\u548c\u65e0\u9521\u5de5\u5382\u3002","robots":{"index":"index","follow":"follow","max-snippet":"max-snippet:-1","max-image-preview":"max-image-preview:large","max-video-preview":"max-video-preview:-1"},"canonical":"https:\/\/kaco.de\/cn\/\u80fd\u529b\/\u751f\u4ea7\/ptfe\u751f\u4ea7\/","og_locale":"zh_CN","og_type":"article","og_title":"PTFE \u751f\u4ea7 - KACO - Der Experte f\u00fcr Dichtungssysteme","og_description":"PTFE \u751f\u4ea7 PTFE \u57ab\u5708 KACO \u5236\u9020 PTFE \u57ab\u5708\u51e0\u4e4e\u5728\u4efb\u4f55\u9700\u8981\u7528\u5230\u52a8\u6001\u5bc6\u5c01\u7cfb\u7edf\u7684\u5730\u65b9\u4f7f\u7528\uff0c\u6bd4\u5982\u5728\u66f2\u8f74\u3001\u51f8\u8f6e\u8f74\u6216\u51cf\u901f\u673a\u4e2d\u3002 PTFE \u57ab\u5708\u4e8e 2015\/16 \u5e74\u5728\u57fa\u5c14\u590f\u7279\u5de5\u5382\u5b9e\u73b0\u4e86\u5de5\u4e1a\u5316\u751f\u4ea7\uff0c\u5e76\u4e8e 2018 \u5e74\u8f6c\u79fb\u5230\u5b89\u5fbd\u5206\u516c\u53f8\u751f\u4ea7\u3002 \u6211\u4eec\u5c06\u81ea\u4e3b\u6279\u91cf\u751f\u4ea7 PTFE \u57ab\u5708\u7684\u80fd\u529b\u8f6c\u79fb\u5230\u5b89\u5fbd\u548c\u65e0\u9521\u5de5\u5382\u3002","og_url":"https:\/\/kaco.de\/cn\/\u80fd\u529b\/\u751f\u4ea7\/ptfe\u751f\u4ea7\/","og_site_name":"KACO - Der Experte f\u00fcr Dichtungssysteme","og_image":[{"url":"https:\/\/kaco.de\/wp-content\/uploads\/kompetenzen-ptfe-kaco-2@2x-3024x955.jpg","type":"","width":"","height":""}],"twitter_card":"summary_large_image","schema":{"@context":"https:\/\/schema.org","@graph":[{"@type":"WebPage","@id":"https:\/\/kaco.de\/cn\/%e8%83%bd%e5%8a%9b\/%e7%94%9f%e4%ba%a7\/ptfe%e7%94%9f%e4%ba%a7\/","url":"https:\/\/kaco.de\/cn\/%e8%83%bd%e5%8a%9b\/%e7%94%9f%e4%ba%a7\/ptfe%e7%94%9f%e4%ba%a7\/","name":"PTFE \u751f\u4ea7 - KACO - Der Experte f\u00fcr Dichtungssysteme","isPartOf":{"@id":"https:\/\/kaco.de\/#website"},"primaryImageOfPage":{"@id":"https:\/\/kaco.de\/cn\/%e8%83%bd%e5%8a%9b\/%e7%94%9f%e4%ba%a7\/ptfe%e7%94%9f%e4%ba%a7\/#primaryimage"},"image":{"@id":"https:\/\/kaco.de\/cn\/%e8%83%bd%e5%8a%9b\/%e7%94%9f%e4%ba%a7\/ptfe%e7%94%9f%e4%ba%a7\/#primaryimage"},"thumbnailUrl":"https:\/\/kaco.de\/wp-content\/uploads\/kompetenzen-ptfe-kaco-2@2x-3024x955.jpg","datePublished":"2022-01-14T22:51:07+00:00","description":"PTFE \u751f\u4ea7 PTFE \u57ab\u5708 KACO \u5236\u9020 PTFE \u57ab\u5708\u51e0\u4e4e\u5728\u4efb\u4f55\u9700\u8981\u7528\u5230\u52a8\u6001\u5bc6\u5c01\u7cfb\u7edf\u7684\u5730\u65b9\u4f7f\u7528\uff0c\u6bd4\u5982\u5728\u66f2\u8f74\u3001\u51f8\u8f6e\u8f74\u6216\u51cf\u901f\u673a\u4e2d\u3002 PTFE \u57ab\u5708\u4e8e 2015\/16 \u5e74\u5728\u57fa\u5c14\u590f\u7279\u5de5\u5382\u5b9e\u73b0\u4e86\u5de5\u4e1a\u5316\u751f\u4ea7\uff0c\u5e76\u4e8e 2018 \u5e74\u8f6c\u79fb\u5230\u5b89\u5fbd\u5206\u516c\u53f8\u751f\u4ea7\u3002 \u6211\u4eec\u5c06\u81ea\u4e3b\u6279\u91cf\u751f\u4ea7 PTFE \u57ab\u5708\u7684\u80fd\u529b\u8f6c\u79fb\u5230\u5b89\u5fbd\u548c\u65e0\u9521\u5de5\u5382\u3002","breadcrumb":{"@id":"https:\/\/kaco.de\/cn\/%e8%83%bd%e5%8a%9b\/%e7%94%9f%e4%ba%a7\/ptfe%e7%94%9f%e4%ba%a7\/#breadcrumb"},"inLanguage":"zh-Hans","potentialAction":[{"@type":"ReadAction","target":["https:\/\/kaco.de\/cn\/%e8%83%bd%e5%8a%9b\/%e7%94%9f%e4%ba%a7\/ptfe%e7%94%9f%e4%ba%a7\/"]}]},{"@type":"ImageObject","inLanguage":"zh-Hans","@id":"https:\/\/kaco.de\/cn\/%e8%83%bd%e5%8a%9b\/%e7%94%9f%e4%ba%a7\/ptfe%e7%94%9f%e4%ba%a7\/#primaryimage","url":"https:\/\/kaco.de\/wp-content\/uploads\/kompetenzen-ptfe-kaco-2@2x-3024x955.jpg","contentUrl":"https:\/\/kaco.de\/wp-content\/uploads\/kompetenzen-ptfe-kaco-2@2x-3024x955.jpg"},{"@type":"BreadcrumbList","@id":"https:\/\/kaco.de\/cn\/%e8%83%bd%e5%8a%9b\/%e7%94%9f%e4%ba%a7\/ptfe%e7%94%9f%e4%ba%a7\/#breadcrumb","itemListElement":[{"@type":"ListItem","position":1,"name":"Home","item":"https:\/\/kaco.de\/cn\/"},{"@type":"ListItem","position":2,"name":"\u80fd\u529b","item":"https:\/\/kaco.de\/cn\/%e8%83%bd%e5%8a%9b\/"},{"@type":"ListItem","position":3,"name":"\u751f\u4ea7","item":"https:\/\/kaco.de\/cn\/%e8%83%bd%e5%8a%9b\/%e7%94%9f%e4%ba%a7\/"},{"@type":"ListItem","position":4,"name":"PTFE \u751f\u4ea7"}]},{"@type":"WebSite","@id":"https:\/\/kaco.de\/#website","url":"https:\/\/kaco.de\/","name":"KACO - Der Experte f\u00fcr Dichtungssysteme","description":"Seien Sie mit unseren hochpr\u00e4zisen und anwendungsorientierten Dichtungsl\u00f6sungen bestens f\u00fcr die Automobil- und Maschinenbauindustrie ger\u00fcstet.","publisher":{"@id":"https:\/\/kaco.de\/#organization"},"potentialAction":[{"@type":"SearchAction","target":{"@type":"EntryPoint","urlTemplate":"https:\/\/kaco.de\/?s={search_term_string}"},"query-input":{"@type":"PropertyValueSpecification","valueRequired":true,"valueName":"search_term_string"}}],"inLanguage":"zh-Hans"},{"@type":"Organization","@id":"https:\/\/kaco.de\/#organization","name":"KACO - Der Experte f\u00fcr Dichtungssysteme","url":"https:\/\/kaco.de\/","logo":{"@type":"ImageObject","inLanguage":"zh-Hans","@id":"https:\/\/kaco.de\/#\/schema\/logo\/image\/","url":"https:\/\/kaco.de\/wp-content\/uploads\/cropped-logo1.png","contentUrl":"https:\/\/kaco.de\/wp-content\/uploads\/cropped-logo1.png","width":851,"height":254,"caption":"KACO - Der Experte f\u00fcr Dichtungssysteme"},"image":{"@id":"https:\/\/kaco.de\/#\/schema\/logo\/image\/"}}]}},"_links":{"self":[{"href":"https:\/\/kaco.de\/cn\/wp-json\/wp\/v2\/pages\/21315","targetHints":{"allow":["GET"]}}],"collection":[{"href":"https:\/\/kaco.de\/cn\/wp-json\/wp\/v2\/pages"}],"about":[{"href":"https:\/\/kaco.de\/cn\/wp-json\/wp\/v2\/types\/page"}],"author":[{"embeddable":true,"href":"https:\/\/kaco.de\/cn\/wp-json\/wp\/v2\/users\/3"}],"replies":[{"embeddable":true,"href":"https:\/\/kaco.de\/cn\/wp-json\/wp\/v2\/comments?post=21315"}],"version-history":[{"count":0,"href":"https:\/\/kaco.de\/cn\/wp-json\/wp\/v2\/pages\/21315\/revisions"}],"up":[{"embeddable":true,"href":"https:\/\/kaco.de\/cn\/wp-json\/wp\/v2\/pages\/21327"}],"wp:attachment":[{"href":"https:\/\/kaco.de\/cn\/wp-json\/wp\/v2\/media?parent=21315"}],"curies":[{"name":"wp","href":"https:\/\/api.w.org\/{rel}","templated":true}]}}