{"id":21318,"date":"2022-01-14T23:46:23","date_gmt":"2022-01-14T22:46:23","guid":{"rendered":"https:\/\/kaco.de\/%e7%a3%b7%e5%8c%96-%e8%a1%a8%e9%9d%a2%e6%8a%80%e6%9c%af\/"},"modified":"2022-03-25T12:18:10","modified_gmt":"2022-03-25T11:18:10","slug":"%e7%a3%b7%e5%8c%96-%e8%a1%a8%e9%9d%a2%e6%8a%80%e6%9c%af","status":"publish","type":"page","link":"https:\/\/kaco.de\/cn\/%e8%83%bd%e5%8a%9b\/%e7%94%9f%e4%ba%a7\/%e7%a3%b7%e5%8c%96-%e8%a1%a8%e9%9d%a2%e6%8a%80%e6%9c%af\/","title":{"rendered":"\u78f7\u5316\/\u8868\u9762\u6280\u672f"},"content":{"rendered":"\t\t<div data-elementor-type=\"wp-page\" data-elementor-id=\"21318\" class=\"elementor elementor-21318 elementor-3320\" data-elementor-post-type=\"page\">\n\t\t\t\t\t\t<section class=\"elementor-section elementor-top-section elementor-element elementor-element-e1e48df elementor-section-full_width elementor-section-stretched elementor-section-height-default elementor-section-height-default\" data-id=\"e1e48df\" data-element_type=\"section\" data-settings=\"{&quot;stretch_section&quot;:&quot;section-stretched&quot;}\">\n\t\t\t\t\t\t<div class=\"elementor-container elementor-column-gap-default\">\n\t\t\t\t\t<div class=\"elementor-column elementor-col-100 elementor-top-column elementor-element elementor-element-901914d\" data-id=\"901914d\" data-element_type=\"column\">\n\t\t\t<div class=\"elementor-widget-wrap elementor-element-populated\">\n\t\t\t\t\t\t<div class=\"elementor-element elementor-element-afa29d7 elementor-widget elementor-widget-image\" data-id=\"afa29d7\" data-element_type=\"widget\" data-widget_type=\"image.default\">\n\t\t\t\t<div class=\"elementor-widget-container\">\n\t\t\t\t\t\t\t\t\t\t\t\t\t\t\t<img fetchpriority=\"high\" decoding=\"async\" width=\"3800\" height=\"1200\" src=\"https:\/\/kaco.de\/wp-content\/uploads\/kompetenzen-phosphatierung-kaco@2x.jpeg\" class=\"attachment-full size-full wp-image-23096\" alt=\"\" srcset=\"https:\/\/kaco.de\/wp-content\/uploads\/kompetenzen-phosphatierung-kaco@2x.jpeg 3800w, https:\/\/kaco.de\/wp-content\/uploads\/kompetenzen-phosphatierung-kaco@2x-300x95.jpeg 300w, https:\/\/kaco.de\/wp-content\/uploads\/kompetenzen-phosphatierung-kaco@2x-1536x485.jpeg 1536w, https:\/\/kaco.de\/wp-content\/uploads\/kompetenzen-phosphatierung-kaco@2x-2048x647.jpeg 2048w\" sizes=\"(max-width: 3800px) 100vw, 3800px\" \/>\t\t\t\t\t\t\t\t\t\t\t\t\t\t\t<\/div>\n\t\t\t\t<\/div>\n\t\t\t\t\t<\/div>\n\t\t<\/div>\n\t\t\t\t\t<\/div>\n\t\t<\/section>\n\t\t\t\t<section class=\"elementor-section elementor-top-section elementor-element elementor-element-1f2c6a5 elementor-section-content-bottom elementor-section-stretched pageheader elementor-section-boxed elementor-section-height-default elementor-section-height-default\" data-id=\"1f2c6a5\" data-element_type=\"section\" data-settings=\"{&quot;background_background&quot;:&quot;classic&quot;,&quot;stretch_section&quot;:&quot;section-stretched&quot;}\">\n\t\t\t\t\t\t<div class=\"elementor-container elementor-column-gap-default\">\n\t\t\t\t\t<div class=\"elementor-column elementor-col-50 elementor-top-column elementor-element elementor-element-5bb9139 pageheader-row-left\" data-id=\"5bb9139\" data-element_type=\"column\" data-settings=\"{&quot;background_background&quot;:&quot;classic&quot;}\">\n\t\t\t<div class=\"elementor-widget-wrap elementor-element-populated\">\n\t\t\t\t\t\t<div class=\"elementor-element elementor-element-8b726eb elementor-widget elementor-widget-heading\" data-id=\"8b726eb\" data-element_type=\"widget\" data-widget_type=\"heading.default\">\n\t\t\t\t<div class=\"elementor-widget-container\">\n\t\t\t\t\t<span class=\"elementor-heading-title elementor-size-default\">\u78f7\u5316\/\u8868\u9762\u6280\u672f<\/span>\t\t\t\t<\/div>\n\t\t\t\t<\/div>\n\t\t\t\t<div class=\"elementor-element elementor-element-40e22b0 elementor-widget elementor-widget-heading\" data-id=\"40e22b0\" data-element_type=\"widget\" data-widget_type=\"heading.default\">\n\t\t\t\t<div class=\"elementor-widget-container\">\n\t\t\t\t\t<h1 class=\"elementor-heading-title elementor-size-default\">\u8868\u9762\u80fd\u529b <\/h1>\t\t\t\t<\/div>\n\t\t\t\t<\/div>\n\t\t\t\t\t<\/div>\n\t\t<\/div>\n\t\t\t\t<div class=\"elementor-column elementor-col-50 elementor-top-column elementor-element elementor-element-5bd8911\" data-id=\"5bd8911\" data-element_type=\"column\">\n\t\t\t<div class=\"elementor-widget-wrap\">\n\t\t\t\t\t\t\t<\/div>\n\t\t<\/div>\n\t\t\t\t\t<\/div>\n\t\t<\/section>\n\t\t\t\t<section class=\"elementor-section elementor-top-section elementor-element elementor-element-abb9cac elementor-section-boxed elementor-section-height-default elementor-section-height-default\" data-id=\"abb9cac\" data-element_type=\"section\">\n\t\t\t\t\t\t<div class=\"elementor-container elementor-column-gap-default\">\n\t\t\t\t\t<div class=\"elementor-column elementor-col-50 elementor-top-column elementor-element elementor-element-575b458\" data-id=\"575b458\" data-element_type=\"column\">\n\t\t\t<div class=\"elementor-widget-wrap elementor-element-populated\">\n\t\t\t\t\t\t<div class=\"elementor-element elementor-element-731113d elementor-widget elementor-widget-text-editor\" data-id=\"731113d\" data-element_type=\"widget\" data-widget_type=\"text-editor.default\">\n\t\t\t\t<div class=\"elementor-widget-container\">\n\t\t\t\t\t\t\t\t\t<p>\u901a\u8fc7\u4e0e\u5408\u4f5c\u4f19\u4f34\u7684\u7d27\u5bc6\u5408\u4f5c\uff0cKACO \u53ef\u63d0\u4f9b\u80fd\u591f\u987a\u7545\u8d77\u4f5c\u7528\u7684\u78f7\u5316\u8fc7\u7a0b\uff0c\u8fd9\u6837\u5f62\u6210\u7684\u5408\u683c\u78f7\u5316\u5c42\u53ef\u6269\u5c55\u5230\u91d1\u5c5e\u4ef6\u4e0a\u3002<\/p>\t\t\t\t\t\t\t\t<\/div>\n\t\t\t\t<\/div>\n\t\t\t\t<div class=\"elementor-element elementor-element-4622af3 elementor-widget elementor-widget-text-editor\" data-id=\"4622af3\" data-element_type=\"widget\" data-widget_type=\"text-editor.default\">\n\t\t\t\t<div class=\"elementor-widget-container\">\n\t\t\t\t\t\t\t\t\t<p>\u8fd9\u6837\u53ef\u63d0\u4f9b\u8fc7\u7a0b\u5f00\u53d1\uff0c\u4ee5\u786e\u4fdd\u51fa\u8272\u7684\u6027\u80fd\uff1a<\/p><ul><li>\u6700\u4f4e\u6469\u64e6\/\u6700\u4f73\u6ede\u540e\u73b0\u8c61<\/li><li>\u9644\u7740\u529b\u7ecf\u8fc7\u4f18\u5316 \u2192 \u7c98\u5408\u5242\u7684\u7c98\u5408\u5c42<\/li><li>\u9632\u8150\u4fdd\u62a4<\/li><li>\u4f7f\u7528\u6240\u6709\u53ef\u7528\u5408\u91d1<\/li><li>\u6a61\u80f6\u91d1\u5c5e\u5316\u5408\u7269\u7528\u7c98\u5408\u5242<\/li><\/ul>\t\t\t\t\t\t\t\t<\/div>\n\t\t\t\t<\/div>\n\t\t\t\t<div class=\"elementor-element elementor-element-bf78d77 elementor-widget elementor-widget-text-editor\" data-id=\"bf78d77\" data-element_type=\"widget\" data-widget_type=\"text-editor.default\">\n\t\t\t\t<div class=\"elementor-widget-container\">\n\t\t\t\t\t\t\t\t\t<p>\u51ed\u501f\u6211\u4eec\u5728\u8868\u9762\u6280\u672f\u9886\u57df\u7684\u4e13\u4e1a\u77e5\u8bc6\uff0c\u6211\u4eec\u62e5\u6709\u4e86\u5927\u91cf\u6539\u53d8\u8868\u9762\u5c5e\u6027\u7684\u6280\u672f\u3002 \u8fd9\u80fd\u5e2e\u52a9\u6211\u4eec\u8bbe\u8ba1\u51fa\u7528\u9014\u5e7f\u6cdb\u7684\u4ea7\u54c1\u54c1\u7c7b\uff0c\u4e3a\u6211\u4eec\u7684\u9ad8\u8d28\u91cf\u627f\u8bfa\u4f5c\u51fa\u8d21\u732e\u3002<\/p>\t\t\t\t\t\t\t\t<\/div>\n\t\t\t\t<\/div>\n\t\t\t\t<div class=\"elementor-element elementor-element-be124d8 elementor-widget elementor-widget-text-editor\" data-id=\"be124d8\" data-element_type=\"widget\" data-widget_type=\"text-editor.default\">\n\t\t\t\t<div class=\"elementor-widget-container\">\n\t\t\t\t\t\t\t\t\t<p>\u5bf9\u4e8e KACO \u5bc6\u5c01\u7cfb\u7edf\u7684\u4e3b\u8981\u96f6\u4ef6\uff0c\u9ad8\u6027\u80fd\u5f39\u6027\u4f53\u5fc5\u987b\u4e0e\u8f7d\u4f53\u6750\u6599\u56fa\u5b9a\u76f8\u8fde\u3002 \u901a\u5e38\u5728\u751f\u4ea7\u8fc7\u7a0b\u4e2d\u901a\u8fc7\u786b\u5316\u5b9e\u73b0\u8fd9\u4e00\u70b9\u3002 KACO \u540c\u6837\u5f00\u53d1\u6216\u9009\u62e9\u4e3a\u6b64\u6240\u9700\u7684\u5fc5\u8981\u8f7d\u4f53\u6750\u6599\u8868\u9762\u6280\u672f\u548c\u6240\u9700\u7684\u7c98\u9644\u7cfb\u7edf\u3002 \u8f7d\u4f53\u6750\u6599\u5305\u62ec\u94a2\u3001\u4e0d\u9508\u94a2\u3001\u94dd\u3001\u9ad8\u5c14\u51e1\u8868\u9762\u548c\u9ec4\u94dc\u3002 \u540c\u6837\u53ef\u7528\u4e8e\u5851\u6599\uff08PA\u3001PPA\u3001PPS \u7b49\uff09\u7684\u6750\u6599\u7ec4\u5408\u3002<\/p>\t\t\t\t\t\t\t\t<\/div>\n\t\t\t\t<\/div>\n\t\t\t\t\t<\/div>\n\t\t<\/div>\n\t\t\t\t<div class=\"elementor-column elementor-col-50 elementor-top-column elementor-element elementor-element-de697be\" data-id=\"de697be\" data-element_type=\"column\">\n\t\t\t<div class=\"elementor-widget-wrap\">\n\t\t\t\t\t\t\t<\/div>\n\t\t<\/div>\n\t\t\t\t\t<\/div>\n\t\t<\/section>\n\t\t\t\t<\/div>\n\t\t","protected":false},"excerpt":{"rendered":"<p>\u78f7\u5316\/\u8868\u9762\u6280\u672f \u8868\u9762\u80fd\u529b \u901a\u8fc7\u4e0e\u5408\u4f5c\u4f19\u4f34\u7684\u7d27\u5bc6\u5408\u4f5c\uff0cKACO \u53ef\u63d0\u4f9b\u80fd\u591f\u987a\u7545\u8d77\u4f5c\u7528\u7684\u78f7\u5316\u8fc7\u7a0b\uff0c\u8fd9\u6837\u5f62\u6210\u7684\u5408\u683c\u78f7 [&hellip;]<\/p>\n","protected":false},"author":3,"featured_media":0,"parent":21327,"menu_order":0,"comment_status":"closed","ping_status":"closed","template":"","meta":{"_acf_changed":false,"site-sidebar-layout":"no-sidebar","site-content-layout":"page-builder","ast-site-content-layout":"default","site-content-style":"default","site-sidebar-style":"default","ast-global-header-display":"","ast-banner-title-visibility":"","ast-main-header-display":"","ast-hfb-above-header-display":"","ast-hfb-below-header-display":"","ast-hfb-mobile-header-display":"","site-post-title":"disabled","ast-breadcrumbs-content":"","ast-featured-img":"disabled","footer-sml-layout":"","ast-disable-related-posts":"","theme-transparent-header-meta":"","adv-header-id-meta":"","stick-header-meta":"","header-above-stick-meta":"","header-main-stick-meta":"","header-below-stick-meta":"","astra-migrate-meta-layouts":"default","ast-page-background-enabled":"default","ast-page-background-meta":{"desktop":{"background-color":"var(--ast-global-color-4)","background-image":"","background-repeat":"repeat","background-position":"center center","background-size":"auto","background-attachment":"scroll","background-type":"","background-media":"","overlay-type":"","overlay-color":"","overlay-opacity":"","overlay-gradient":""},"tablet":{"background-color":"","background-image":"","background-repeat":"repeat","background-position":"center center","background-size":"auto","background-attachment":"scroll","background-type":"","background-media":"","overlay-type":"","overlay-color":"","overlay-opacity":"","overlay-gradient":""},"mobile":{"background-color":"","background-image":"","background-repeat":"repeat","background-position":"center center","background-size":"auto","background-attachment":"scroll","background-type":"","background-media":"","overlay-type":"","overlay-color":"","overlay-opacity":"","overlay-gradient":""}},"ast-content-background-meta":{"desktop":{"background-color":"var(--ast-global-color-5)","background-image":"","background-repeat":"repeat","background-position":"center center","background-size":"auto","background-attachment":"scroll","background-type":"","background-media":"","overlay-type":"","overlay-color":"","overlay-opacity":"","overlay-gradient":""},"tablet":{"background-color":"var(--ast-global-color-5)","background-image":"","background-repeat":"repeat","background-position":"center center","background-size":"auto","background-attachment":"scroll","background-type":"","background-media":"","overlay-type":"","overlay-color":"","overlay-opacity":"","overlay-gradient":""},"mobile":{"background-color":"var(--ast-global-color-5)","background-image":"","background-repeat":"repeat","background-position":"center center","background-size":"auto","background-attachment":"scroll","background-type":"","background-media":"","overlay-type":"","overlay-color":"","overlay-opacity":"","overlay-gradient":""}},"footnotes":""},"class_list":["post-21318","page","type-page","status-publish","hentry"],"acf":[],"yoast_head":"<!-- This site is optimized with the Yoast SEO plugin v27.3 - https:\/\/yoast.com\/product\/yoast-seo-wordpress\/ -->\n<title>\u78f7\u5316\/\u8868\u9762\u6280\u672f - KACO - Der Experte f\u00fcr Dichtungssysteme<\/title>\n<meta name=\"description\" content=\"\u78f7\u5316\/\u8868\u9762\u6280\u672f \u8868\u9762\u80fd\u529b \u901a\u8fc7\u4e0e\u5408\u4f5c\u4f19\u4f34\u7684\u7d27\u5bc6\u5408\u4f5c\uff0cKACO \u53ef\u63d0\u4f9b\u80fd\u591f\u987a\u7545\u8d77\u4f5c\u7528\u7684\u78f7\u5316\u8fc7\u7a0b\uff0c\u8fd9\u6837\u5f62\u6210\u7684\u5408\u683c\u78f7\u5316\u5c42\u53ef\u6269\u5c55\u5230\u91d1\u5c5e\u4ef6\u4e0a\u3002\u8fd9\u6837\u53ef\u63d0\u4f9b\u8fc7\u7a0b\u5f00\u53d1\uff0c\u4ee5\u786e\u4fdd\u51fa\u8272\u7684\u6027\u80fd\uff1a\u6700\u4f4e\u6469\u64e6\/\u6700\u4f73\u6ede\u540e\u73b0\u8c61\u9644\u7740\u529b\u7ecf\u8fc7\u4f18\u5316 \u2192\" \/>\n<meta name=\"robots\" content=\"index, follow, max-snippet:-1, max-image-preview:large, max-video-preview:-1\" \/>\n<link rel=\"canonical\" href=\"https:\/\/kaco.de\/cn\/\u78f7\u5316-\u8868\u9762\u6280\u672f\/\" \/>\n<meta property=\"og:locale\" content=\"zh_CN\" \/>\n<meta property=\"og:type\" content=\"article\" \/>\n<meta property=\"og:title\" content=\"\u78f7\u5316\/\u8868\u9762\u6280\u672f - KACO - Der Experte f\u00fcr Dichtungssysteme\" \/>\n<meta property=\"og:description\" content=\"\u78f7\u5316\/\u8868\u9762\u6280\u672f \u8868\u9762\u80fd\u529b \u901a\u8fc7\u4e0e\u5408\u4f5c\u4f19\u4f34\u7684\u7d27\u5bc6\u5408\u4f5c\uff0cKACO \u53ef\u63d0\u4f9b\u80fd\u591f\u987a\u7545\u8d77\u4f5c\u7528\u7684\u78f7\u5316\u8fc7\u7a0b\uff0c\u8fd9\u6837\u5f62\u6210\u7684\u5408\u683c\u78f7\u5316\u5c42\u53ef\u6269\u5c55\u5230\u91d1\u5c5e\u4ef6\u4e0a\u3002\u8fd9\u6837\u53ef\u63d0\u4f9b\u8fc7\u7a0b\u5f00\u53d1\uff0c\u4ee5\u786e\u4fdd\u51fa\u8272\u7684\u6027\u80fd\uff1a\u6700\u4f4e\u6469\u64e6\/\u6700\u4f73\u6ede\u540e\u73b0\u8c61\u9644\u7740\u529b\u7ecf\u8fc7\u4f18\u5316 \u2192\" \/>\n<meta property=\"og:url\" content=\"https:\/\/kaco.de\/cn\/\u78f7\u5316-\u8868\u9762\u6280\u672f\/\" \/>\n<meta property=\"og:site_name\" content=\"KACO - Der Experte f\u00fcr Dichtungssysteme\" \/>\n<meta property=\"article:modified_time\" content=\"2022-03-25T11:18:10+00:00\" \/>\n<meta property=\"og:image\" content=\"https:\/\/kaco.de\/wp-content\/uploads\/kompetenzen-phosphatierung-kaco@2x.jpeg\" \/>\n<meta name=\"twitter:card\" content=\"summary_large_image\" \/>\n<meta name=\"twitter:label1\" content=\"\u9884\u8ba1\u9605\u8bfb\u65f6\u95f4\" \/>\n\t<meta name=\"twitter:data1\" content=\"1 \u5206\" \/>\n<script type=\"application\/ld+json\" class=\"yoast-schema-graph\">{\"@context\":\"https:\\\/\\\/schema.org\",\"@graph\":[{\"@type\":\"WebPage\",\"@id\":\"https:\\\/\\\/kaco.de\\\/cn\\\/%e7%a3%b7%e5%8c%96-%e8%a1%a8%e9%9d%a2%e6%8a%80%e6%9c%af\\\/\",\"url\":\"https:\\\/\\\/kaco.de\\\/cn\\\/%e7%a3%b7%e5%8c%96-%e8%a1%a8%e9%9d%a2%e6%8a%80%e6%9c%af\\\/\",\"name\":\"\u78f7\u5316\\\/\u8868\u9762\u6280\u672f - KACO - Der Experte f\u00fcr Dichtungssysteme\",\"isPartOf\":{\"@id\":\"https:\\\/\\\/kaco.de\\\/#website\"},\"primaryImageOfPage\":{\"@id\":\"https:\\\/\\\/kaco.de\\\/cn\\\/%e7%a3%b7%e5%8c%96-%e8%a1%a8%e9%9d%a2%e6%8a%80%e6%9c%af\\\/#primaryimage\"},\"image\":{\"@id\":\"https:\\\/\\\/kaco.de\\\/cn\\\/%e7%a3%b7%e5%8c%96-%e8%a1%a8%e9%9d%a2%e6%8a%80%e6%9c%af\\\/#primaryimage\"},\"thumbnailUrl\":\"https:\\\/\\\/kaco.de\\\/wp-content\\\/uploads\\\/kompetenzen-phosphatierung-kaco@2x.jpeg\",\"datePublished\":\"2022-01-14T22:46:23+00:00\",\"dateModified\":\"2022-03-25T11:18:10+00:00\",\"description\":\"\u78f7\u5316\\\/\u8868\u9762\u6280\u672f \u8868\u9762\u80fd\u529b \u901a\u8fc7\u4e0e\u5408\u4f5c\u4f19\u4f34\u7684\u7d27\u5bc6\u5408\u4f5c\uff0cKACO \u53ef\u63d0\u4f9b\u80fd\u591f\u987a\u7545\u8d77\u4f5c\u7528\u7684\u78f7\u5316\u8fc7\u7a0b\uff0c\u8fd9\u6837\u5f62\u6210\u7684\u5408\u683c\u78f7\u5316\u5c42\u53ef\u6269\u5c55\u5230\u91d1\u5c5e\u4ef6\u4e0a\u3002\u8fd9\u6837\u53ef\u63d0\u4f9b\u8fc7\u7a0b\u5f00\u53d1\uff0c\u4ee5\u786e\u4fdd\u51fa\u8272\u7684\u6027\u80fd\uff1a\u6700\u4f4e\u6469\u64e6\\\/\u6700\u4f73\u6ede\u540e\u73b0\u8c61\u9644\u7740\u529b\u7ecf\u8fc7\u4f18\u5316 \u2192\",\"breadcrumb\":{\"@id\":\"https:\\\/\\\/kaco.de\\\/cn\\\/%e7%a3%b7%e5%8c%96-%e8%a1%a8%e9%9d%a2%e6%8a%80%e6%9c%af\\\/#breadcrumb\"},\"inLanguage\":\"zh-Hans\",\"potentialAction\":[{\"@type\":\"ReadAction\",\"target\":[\"https:\\\/\\\/kaco.de\\\/cn\\\/%e7%a3%b7%e5%8c%96-%e8%a1%a8%e9%9d%a2%e6%8a%80%e6%9c%af\\\/\"]}]},{\"@type\":\"ImageObject\",\"inLanguage\":\"zh-Hans\",\"@id\":\"https:\\\/\\\/kaco.de\\\/cn\\\/%e7%a3%b7%e5%8c%96-%e8%a1%a8%e9%9d%a2%e6%8a%80%e6%9c%af\\\/#primaryimage\",\"url\":\"https:\\\/\\\/kaco.de\\\/wp-content\\\/uploads\\\/kompetenzen-phosphatierung-kaco@2x.jpeg\",\"contentUrl\":\"https:\\\/\\\/kaco.de\\\/wp-content\\\/uploads\\\/kompetenzen-phosphatierung-kaco@2x.jpeg\"},{\"@type\":\"BreadcrumbList\",\"@id\":\"https:\\\/\\\/kaco.de\\\/cn\\\/%e7%a3%b7%e5%8c%96-%e8%a1%a8%e9%9d%a2%e6%8a%80%e6%9c%af\\\/#breadcrumb\",\"itemListElement\":[{\"@type\":\"ListItem\",\"position\":1,\"name\":\"Home\",\"item\":\"https:\\\/\\\/kaco.de\\\/cn\\\/\"},{\"@type\":\"ListItem\",\"position\":2,\"name\":\"\u78f7\u5316\\\/\u8868\u9762\u6280\u672f\"}]},{\"@type\":\"WebSite\",\"@id\":\"https:\\\/\\\/kaco.de\\\/#website\",\"url\":\"https:\\\/\\\/kaco.de\\\/\",\"name\":\"KACO - Der Experte f\u00fcr Dichtungssysteme\",\"description\":\"Seien Sie mit unseren hochpr\u00e4zisen und anwendungsorientierten Dichtungsl\u00f6sungen bestens f\u00fcr die Automobil- und Maschinenbauindustrie ger\u00fcstet.\",\"publisher\":{\"@id\":\"https:\\\/\\\/kaco.de\\\/#organization\"},\"potentialAction\":[{\"@type\":\"SearchAction\",\"target\":{\"@type\":\"EntryPoint\",\"urlTemplate\":\"https:\\\/\\\/kaco.de\\\/?s={search_term_string}\"},\"query-input\":{\"@type\":\"PropertyValueSpecification\",\"valueRequired\":true,\"valueName\":\"search_term_string\"}}],\"inLanguage\":\"zh-Hans\"},{\"@type\":\"Organization\",\"@id\":\"https:\\\/\\\/kaco.de\\\/#organization\",\"name\":\"KACO - Der Experte f\u00fcr Dichtungssysteme\",\"url\":\"https:\\\/\\\/kaco.de\\\/\",\"logo\":{\"@type\":\"ImageObject\",\"inLanguage\":\"zh-Hans\",\"@id\":\"https:\\\/\\\/kaco.de\\\/#\\\/schema\\\/logo\\\/image\\\/\",\"url\":\"https:\\\/\\\/kaco.de\\\/wp-content\\\/uploads\\\/cropped-logo1.png\",\"contentUrl\":\"https:\\\/\\\/kaco.de\\\/wp-content\\\/uploads\\\/cropped-logo1.png\",\"width\":851,\"height\":254,\"caption\":\"KACO - Der Experte f\u00fcr Dichtungssysteme\"},\"image\":{\"@id\":\"https:\\\/\\\/kaco.de\\\/#\\\/schema\\\/logo\\\/image\\\/\"}}]}<\/script>\n<!-- \/ Yoast SEO plugin. -->","yoast_head_json":{"title":"\u78f7\u5316\/\u8868\u9762\u6280\u672f - KACO - Der Experte f\u00fcr Dichtungssysteme","description":"\u78f7\u5316\/\u8868\u9762\u6280\u672f \u8868\u9762\u80fd\u529b \u901a\u8fc7\u4e0e\u5408\u4f5c\u4f19\u4f34\u7684\u7d27\u5bc6\u5408\u4f5c\uff0cKACO \u53ef\u63d0\u4f9b\u80fd\u591f\u987a\u7545\u8d77\u4f5c\u7528\u7684\u78f7\u5316\u8fc7\u7a0b\uff0c\u8fd9\u6837\u5f62\u6210\u7684\u5408\u683c\u78f7\u5316\u5c42\u53ef\u6269\u5c55\u5230\u91d1\u5c5e\u4ef6\u4e0a\u3002\u8fd9\u6837\u53ef\u63d0\u4f9b\u8fc7\u7a0b\u5f00\u53d1\uff0c\u4ee5\u786e\u4fdd\u51fa\u8272\u7684\u6027\u80fd\uff1a\u6700\u4f4e\u6469\u64e6\/\u6700\u4f73\u6ede\u540e\u73b0\u8c61\u9644\u7740\u529b\u7ecf\u8fc7\u4f18\u5316 \u2192","robots":{"index":"index","follow":"follow","max-snippet":"max-snippet:-1","max-image-preview":"max-image-preview:large","max-video-preview":"max-video-preview:-1"},"canonical":"https:\/\/kaco.de\/cn\/\u78f7\u5316-\u8868\u9762\u6280\u672f\/","og_locale":"zh_CN","og_type":"article","og_title":"\u78f7\u5316\/\u8868\u9762\u6280\u672f - KACO - Der Experte f\u00fcr Dichtungssysteme","og_description":"\u78f7\u5316\/\u8868\u9762\u6280\u672f \u8868\u9762\u80fd\u529b \u901a\u8fc7\u4e0e\u5408\u4f5c\u4f19\u4f34\u7684\u7d27\u5bc6\u5408\u4f5c\uff0cKACO \u53ef\u63d0\u4f9b\u80fd\u591f\u987a\u7545\u8d77\u4f5c\u7528\u7684\u78f7\u5316\u8fc7\u7a0b\uff0c\u8fd9\u6837\u5f62\u6210\u7684\u5408\u683c\u78f7\u5316\u5c42\u53ef\u6269\u5c55\u5230\u91d1\u5c5e\u4ef6\u4e0a\u3002\u8fd9\u6837\u53ef\u63d0\u4f9b\u8fc7\u7a0b\u5f00\u53d1\uff0c\u4ee5\u786e\u4fdd\u51fa\u8272\u7684\u6027\u80fd\uff1a\u6700\u4f4e\u6469\u64e6\/\u6700\u4f73\u6ede\u540e\u73b0\u8c61\u9644\u7740\u529b\u7ecf\u8fc7\u4f18\u5316 \u2192","og_url":"https:\/\/kaco.de\/cn\/\u78f7\u5316-\u8868\u9762\u6280\u672f\/","og_site_name":"KACO - Der Experte f\u00fcr Dichtungssysteme","article_modified_time":"2022-03-25T11:18:10+00:00","og_image":[{"url":"https:\/\/kaco.de\/wp-content\/uploads\/kompetenzen-phosphatierung-kaco@2x.jpeg","type":"","width":"","height":""}],"twitter_card":"summary_large_image","twitter_misc":{"\u9884\u8ba1\u9605\u8bfb\u65f6\u95f4":"1 \u5206"},"schema":{"@context":"https:\/\/schema.org","@graph":[{"@type":"WebPage","@id":"https:\/\/kaco.de\/cn\/%e7%a3%b7%e5%8c%96-%e8%a1%a8%e9%9d%a2%e6%8a%80%e6%9c%af\/","url":"https:\/\/kaco.de\/cn\/%e7%a3%b7%e5%8c%96-%e8%a1%a8%e9%9d%a2%e6%8a%80%e6%9c%af\/","name":"\u78f7\u5316\/\u8868\u9762\u6280\u672f - KACO - Der Experte f\u00fcr Dichtungssysteme","isPartOf":{"@id":"https:\/\/kaco.de\/#website"},"primaryImageOfPage":{"@id":"https:\/\/kaco.de\/cn\/%e7%a3%b7%e5%8c%96-%e8%a1%a8%e9%9d%a2%e6%8a%80%e6%9c%af\/#primaryimage"},"image":{"@id":"https:\/\/kaco.de\/cn\/%e7%a3%b7%e5%8c%96-%e8%a1%a8%e9%9d%a2%e6%8a%80%e6%9c%af\/#primaryimage"},"thumbnailUrl":"https:\/\/kaco.de\/wp-content\/uploads\/kompetenzen-phosphatierung-kaco@2x.jpeg","datePublished":"2022-01-14T22:46:23+00:00","dateModified":"2022-03-25T11:18:10+00:00","description":"\u78f7\u5316\/\u8868\u9762\u6280\u672f \u8868\u9762\u80fd\u529b \u901a\u8fc7\u4e0e\u5408\u4f5c\u4f19\u4f34\u7684\u7d27\u5bc6\u5408\u4f5c\uff0cKACO \u53ef\u63d0\u4f9b\u80fd\u591f\u987a\u7545\u8d77\u4f5c\u7528\u7684\u78f7\u5316\u8fc7\u7a0b\uff0c\u8fd9\u6837\u5f62\u6210\u7684\u5408\u683c\u78f7\u5316\u5c42\u53ef\u6269\u5c55\u5230\u91d1\u5c5e\u4ef6\u4e0a\u3002\u8fd9\u6837\u53ef\u63d0\u4f9b\u8fc7\u7a0b\u5f00\u53d1\uff0c\u4ee5\u786e\u4fdd\u51fa\u8272\u7684\u6027\u80fd\uff1a\u6700\u4f4e\u6469\u64e6\/\u6700\u4f73\u6ede\u540e\u73b0\u8c61\u9644\u7740\u529b\u7ecf\u8fc7\u4f18\u5316 \u2192","breadcrumb":{"@id":"https:\/\/kaco.de\/cn\/%e7%a3%b7%e5%8c%96-%e8%a1%a8%e9%9d%a2%e6%8a%80%e6%9c%af\/#breadcrumb"},"inLanguage":"zh-Hans","potentialAction":[{"@type":"ReadAction","target":["https:\/\/kaco.de\/cn\/%e7%a3%b7%e5%8c%96-%e8%a1%a8%e9%9d%a2%e6%8a%80%e6%9c%af\/"]}]},{"@type":"ImageObject","inLanguage":"zh-Hans","@id":"https:\/\/kaco.de\/cn\/%e7%a3%b7%e5%8c%96-%e8%a1%a8%e9%9d%a2%e6%8a%80%e6%9c%af\/#primaryimage","url":"https:\/\/kaco.de\/wp-content\/uploads\/kompetenzen-phosphatierung-kaco@2x.jpeg","contentUrl":"https:\/\/kaco.de\/wp-content\/uploads\/kompetenzen-phosphatierung-kaco@2x.jpeg"},{"@type":"BreadcrumbList","@id":"https:\/\/kaco.de\/cn\/%e7%a3%b7%e5%8c%96-%e8%a1%a8%e9%9d%a2%e6%8a%80%e6%9c%af\/#breadcrumb","itemListElement":[{"@type":"ListItem","position":1,"name":"Home","item":"https:\/\/kaco.de\/cn\/"},{"@type":"ListItem","position":2,"name":"\u78f7\u5316\/\u8868\u9762\u6280\u672f"}]},{"@type":"WebSite","@id":"https:\/\/kaco.de\/#website","url":"https:\/\/kaco.de\/","name":"KACO - Der Experte f\u00fcr Dichtungssysteme","description":"Seien Sie mit unseren hochpr\u00e4zisen und anwendungsorientierten Dichtungsl\u00f6sungen bestens f\u00fcr die Automobil- und Maschinenbauindustrie ger\u00fcstet.","publisher":{"@id":"https:\/\/kaco.de\/#organization"},"potentialAction":[{"@type":"SearchAction","target":{"@type":"EntryPoint","urlTemplate":"https:\/\/kaco.de\/?s={search_term_string}"},"query-input":{"@type":"PropertyValueSpecification","valueRequired":true,"valueName":"search_term_string"}}],"inLanguage":"zh-Hans"},{"@type":"Organization","@id":"https:\/\/kaco.de\/#organization","name":"KACO - Der Experte f\u00fcr Dichtungssysteme","url":"https:\/\/kaco.de\/","logo":{"@type":"ImageObject","inLanguage":"zh-Hans","@id":"https:\/\/kaco.de\/#\/schema\/logo\/image\/","url":"https:\/\/kaco.de\/wp-content\/uploads\/cropped-logo1.png","contentUrl":"https:\/\/kaco.de\/wp-content\/uploads\/cropped-logo1.png","width":851,"height":254,"caption":"KACO - Der Experte f\u00fcr Dichtungssysteme"},"image":{"@id":"https:\/\/kaco.de\/#\/schema\/logo\/image\/"}}]}},"_links":{"self":[{"href":"https:\/\/kaco.de\/cn\/wp-json\/wp\/v2\/pages\/21318","targetHints":{"allow":["GET"]}}],"collection":[{"href":"https:\/\/kaco.de\/cn\/wp-json\/wp\/v2\/pages"}],"about":[{"href":"https:\/\/kaco.de\/cn\/wp-json\/wp\/v2\/types\/page"}],"author":[{"embeddable":true,"href":"https:\/\/kaco.de\/cn\/wp-json\/wp\/v2\/users\/3"}],"replies":[{"embeddable":true,"href":"https:\/\/kaco.de\/cn\/wp-json\/wp\/v2\/comments?post=21318"}],"version-history":[{"count":0,"href":"https:\/\/kaco.de\/cn\/wp-json\/wp\/v2\/pages\/21318\/revisions"}],"up":[{"embeddable":true,"href":"https:\/\/kaco.de\/cn\/wp-json\/wp\/v2\/pages\/21327"}],"wp:attachment":[{"href":"https:\/\/kaco.de\/cn\/wp-json\/wp\/v2\/media?parent=21318"}],"curies":[{"name":"wp","href":"https:\/\/api.w.org\/{rel}","templated":true}]}}