{"id":21322,"date":"2022-01-14T23:45:02","date_gmt":"2022-01-14T22:45:02","guid":{"rendered":"https:\/\/kaco.de\/%e8%a3%85%e9%85%8d\/"},"modified":"2022-03-25T12:18:15","modified_gmt":"2022-03-25T11:18:15","slug":"%e8%a3%85%e9%85%8d","status":"publish","type":"page","link":"https:\/\/kaco.de\/cn\/%e8%83%bd%e5%8a%9b\/%e7%94%9f%e4%ba%a7\/%e8%a3%85%e9%85%8d\/","title":{"rendered":"\u88c5\u914d"},"content":{"rendered":"\t\t<div data-elementor-type=\"wp-page\" data-elementor-id=\"21322\" class=\"elementor elementor-21322 elementor-3315\" data-elementor-post-type=\"page\">\n\t\t\t\t\t\t<section class=\"elementor-section elementor-top-section elementor-element elementor-element-07dc893 elementor-section-full_width elementor-section-stretched elementor-section-height-default elementor-section-height-default\" data-id=\"07dc893\" data-element_type=\"section\" data-settings=\"{&quot;stretch_section&quot;:&quot;section-stretched&quot;}\">\n\t\t\t\t\t\t<div class=\"elementor-container elementor-column-gap-default\">\n\t\t\t\t\t<div class=\"elementor-column elementor-col-100 elementor-top-column elementor-element elementor-element-2370300\" data-id=\"2370300\" data-element_type=\"column\">\n\t\t\t<div class=\"elementor-widget-wrap elementor-element-populated\">\n\t\t\t\t\t\t<div class=\"elementor-element elementor-element-365aa17 elementor-widget elementor-widget-image\" data-id=\"365aa17\" data-element_type=\"widget\" data-widget_type=\"image.default\">\n\t\t\t\t<div class=\"elementor-widget-container\">\n\t\t\t\t\t\t\t\t\t\t\t\t\t\t\t<img fetchpriority=\"high\" decoding=\"async\" width=\"3800\" height=\"1200\" src=\"https:\/\/kaco.de\/wp-content\/uploads\/kompetenzen-montage-kaco-2@2x.jpg\" class=\"attachment-full size-full wp-image-22984\" alt=\"\" srcset=\"https:\/\/kaco.de\/wp-content\/uploads\/kompetenzen-montage-kaco-2@2x.jpg 3800w, https:\/\/kaco.de\/wp-content\/uploads\/kompetenzen-montage-kaco-2@2x-300x95.jpg 300w, https:\/\/kaco.de\/wp-content\/uploads\/kompetenzen-montage-kaco-2@2x-1536x485.jpg 1536w, https:\/\/kaco.de\/wp-content\/uploads\/kompetenzen-montage-kaco-2@2x-2048x647.jpg 2048w\" sizes=\"(max-width: 3800px) 100vw, 3800px\" \/>\t\t\t\t\t\t\t\t\t\t\t\t\t\t\t<\/div>\n\t\t\t\t<\/div>\n\t\t\t\t\t<\/div>\n\t\t<\/div>\n\t\t\t\t\t<\/div>\n\t\t<\/section>\n\t\t\t\t<section class=\"elementor-section elementor-top-section elementor-element elementor-element-691d196 elementor-section-content-bottom elementor-section-stretched pageheader elementor-section-boxed elementor-section-height-default elementor-section-height-default\" data-id=\"691d196\" data-element_type=\"section\" data-settings=\"{&quot;background_background&quot;:&quot;classic&quot;,&quot;stretch_section&quot;:&quot;section-stretched&quot;}\">\n\t\t\t\t\t\t<div class=\"elementor-container elementor-column-gap-default\">\n\t\t\t\t\t<div class=\"elementor-column elementor-col-50 elementor-top-column elementor-element elementor-element-414a5a7 pageheader-row-left\" data-id=\"414a5a7\" data-element_type=\"column\" data-settings=\"{&quot;background_background&quot;:&quot;classic&quot;}\">\n\t\t\t<div class=\"elementor-widget-wrap elementor-element-populated\">\n\t\t\t\t\t\t<div class=\"elementor-element elementor-element-8a332b8 elementor-widget elementor-widget-heading\" data-id=\"8a332b8\" data-element_type=\"widget\" data-widget_type=\"heading.default\">\n\t\t\t\t<div class=\"elementor-widget-container\">\n\t\t\t\t\t<span class=\"elementor-heading-title elementor-size-default\">\u88c5\u914d<\/span>\t\t\t\t<\/div>\n\t\t\t\t<\/div>\n\t\t\t\t<div class=\"elementor-element elementor-element-044de7c elementor-widget elementor-widget-heading\" data-id=\"044de7c\" data-element_type=\"widget\" data-widget_type=\"heading.default\">\n\t\t\t\t<div class=\"elementor-widget-container\">\n\t\t\t\t\t<h1 class=\"elementor-heading-title elementor-size-default\">\u901a\u8fc7\u9884\u88c5\u914d\u521b\u9020\u66f4\u9ad8\u4ef7\u503c<\/h1>\t\t\t\t<\/div>\n\t\t\t\t<\/div>\n\t\t\t\t\t<\/div>\n\t\t<\/div>\n\t\t\t\t<div class=\"elementor-column elementor-col-50 elementor-top-column elementor-element elementor-element-a0a0610\" data-id=\"a0a0610\" data-element_type=\"column\">\n\t\t\t<div class=\"elementor-widget-wrap\">\n\t\t\t\t\t\t\t<\/div>\n\t\t<\/div>\n\t\t\t\t\t<\/div>\n\t\t<\/section>\n\t\t\t\t<section class=\"elementor-section elementor-top-section elementor-element elementor-element-5d117f5 elementor-section-boxed elementor-section-height-default elementor-section-height-default\" data-id=\"5d117f5\" data-element_type=\"section\">\n\t\t\t\t\t\t<div class=\"elementor-container elementor-column-gap-default\">\n\t\t\t\t\t<div class=\"elementor-column elementor-col-50 elementor-top-column elementor-element elementor-element-a455a60\" data-id=\"a455a60\" data-element_type=\"column\">\n\t\t\t<div class=\"elementor-widget-wrap elementor-element-populated\">\n\t\t\t\t\t\t<div class=\"elementor-element elementor-element-9047b41 elementor-widget elementor-widget-text-editor\" data-id=\"9047b41\" data-element_type=\"widget\" data-widget_type=\"text-editor.default\">\n\t\t\t\t<div class=\"elementor-widget-container\">\n\t\t\t\t\t\t\t\t\t<p>KACO \u673a\u68b0\u5bc6\u5c01\u88c5\u914d\u81ea\u52a8\u5316\u5df2\u7ecf\u5f00\u59cb\u4e86\u6709 30 \u591a\u5e74\u4e86\u3002 \u673a\u68b0\u5bc6\u5c01\u5e94\u7528\u4e8e\u6c7d\u8f66\u884c\u4e1a\u7535\u52a8\u6c7d\u8f66\u9886\u57df\u7684\u6c34\u6cf5\u4e2d\u3002 \u4e00\u4e2a\u673a\u68b0\u5bc6\u5c01\u6700\u591a\u7531\u5341\u4e8c\u4e2a\u96f6\u4ef6\u7ec4\u6210\uff0c\u5b83\u4eec\u90e8\u5206\u7531 KACO \u751f\u4ea7\uff0c\u6216\u8005\u4ece\u5916\u90e8\u4f9b\u5e94\u5546\u5904\u91c7\u8d2d\u3002 KACO \u5728\u5355\u72ec\u7ec4\u4ef6\uff0c\u5c24\u5176\u662f\u5f62\u72b6\u4e0d\u7a33\u5b9a\u7684\u6a61\u80f6\u7ec4\u4ef6\uff0c\u590d\u6742\u88c5\u914d\u9886\u57df\u62e5\u6709\u591a\u5e74\u7684\u7ecf\u9a8c\u548c\u80fd\u529b\uff0c\u56e0\u6b64\u4fdd\u8bc1\u4e86\u88c5\u914d\u987a\u5229\u3002<\/p><p class=\"MsoNormal\">\u901a\u8fc7\u5e73\u5747\u8f83\u9ad8\u7684\u81ea\u52a8\u5316\u7a0b\u5ea6\uff0c\u53ef\u5145\u5206\u907f\u514d\u88c5\u914d\u65f6\u7684\u9519\u8bef\u3002 \u5229\u7528\u73b0\u4ee3\u5316\u6444\u50cf\u5934\u6280\u672f\uff0c\u80fd\u53ef\u9760\u5e76\u4e14\u4f4e\u6210\u672c\u5730\u6267\u884c\u201c100% \u68c0\u6d4b\u201d\uff0c\u4ee5\u4fdd\u8bc1\u88c5\u914d\u8fc7\u7a0b\u548c\u5bc6\u5c01\u4ef6\u6ca1\u6709\u529f\u80fd\u7f3a\u9677\u3002 \u6cc4\u6f0f\u6d4b\u8bd5\u548c\u538b\u7d27\u529b\u68c0\u6d4b\u529f\u80fd\u8bd5\u9a8c\u540c\u6837\u5b9e\u73b0\u4e86\u81ea\u52a8\u5316\u3002<\/p><p class=\"MsoNormal\">\u901a\u8fc7\u88c5\u914d\u96f6\u4ef6\u83b7\u5f97\u4e0e\u5355\u7eaf\u751f\u4ea7\u76f8\u6bd4\u66f4\u9ad8\u7684\u4ef7\u503c\u3002 \u6211\u4eec\u7684\u5ba2\u6237\u5bf9\u6b64\u8bc4\u4ef7\u5f88\u9ad8\u3002 \u56e0\u4e3a\u5ba2\u6237\u83b7\u5f97\u7684\u662f\u53ef\u7acb\u5373\u5b89\u88c5\u7684\u7ec4\u4ef6\uff0c\u8fd9\u6837\u5c31\u53ef\u4ee5\u4e13\u6ce8\u4e8e\u81ea\u8eab\u7684\u6838\u5fc3\u80fd\u529b\u3002<\/p><p><style>@font-face<br \/>\t{font-family:\"Cambria Math\";<br \/>\tpanose-1:2 4 5 3 5 4 6 3 2 4;<br \/>\tmso-font-charset:0;<br \/>\tmso-generic-font-family:roman;<br \/>\tmso-font-pitch:variable;<br \/>\tmso-font-signature:3 0 0 0 1 0;}p.MsoNormal, li.MsoNormal, div.MsoNormal<br \/>\t{mso-style-unhide:no;<br \/>\tmso-style-qformat:yes;<br \/>\tmso-style-parent:\"\";<br \/>\tmargin:0cm;<br \/>\tmso-pagination:widow-orphan;<br \/>\tfont-size:12.0pt;<br \/>\tfont-family:\"Times New Roman\",serif;<br \/>\tmso-fareast-font-family:\"Times New Roman\";}p<br \/>\t{mso-style-priority:99;<br \/>\tmso-margin-top-alt:auto;<br \/>\tmargin-right:0cm;<br \/>\tmso-margin-bottom-alt:auto;<br \/>\tmargin-left:0cm;<br \/>\tmso-pagination:widow-orphan;<br \/>\tfont-size:12.0pt;<br \/>\tfont-family:\"Times New Roman\",serif;<br \/>\tmso-fareast-font-family:\"Times New Roman\";}.MsoChpDefault<br \/>\t{mso-style-type:export-only;<br \/>\tmso-default-props:yes;<br \/>\tfont-family:\"Calibri\",sans-serif;<br \/>\tmso-ascii-font-family:Calibri;<br \/>\tmso-ascii-theme-font:minor-latin;<br \/>\tmso-fareast-font-family:Calibri;<br \/>\tmso-fareast-theme-font:minor-latin;<br \/>\tmso-hansi-font-family:Calibri;<br \/>\tmso-hansi-theme-font:minor-latin;<br \/>\tmso-bidi-font-family:\"Times New Roman\";<br \/>\tmso-bidi-theme-font:minor-bidi;<br \/>\tmso-fareast-language:EN-US;}div.WordSection1<br \/>\t{page:WordSection1;}<\/style><\/p>\t\t\t\t\t\t\t\t<\/div>\n\t\t\t\t<\/div>\n\t\t\t\t\t<\/div>\n\t\t<\/div>\n\t\t\t\t<div class=\"elementor-column elementor-col-50 elementor-top-column elementor-element elementor-element-401fadb\" data-id=\"401fadb\" data-element_type=\"column\">\n\t\t\t<div class=\"elementor-widget-wrap elementor-element-populated\">\n\t\t\t\t\t\t<div class=\"elementor-element elementor-element-a4d3c53 elementor-widget elementor-widget-image\" data-id=\"a4d3c53\" data-element_type=\"widget\" data-widget_type=\"image.default\">\n\t\t\t\t<div class=\"elementor-widget-container\">\n\t\t\t\t\t\t\t\t\t\t\t\t\t\t\t<img decoding=\"async\" width=\"1024\" height=\"1024\" src=\"https:\/\/kaco.de\/wp-content\/uploads\/kompetenzen-montage-kaco@2x-1024x1024.jpg\" class=\"attachment-large size-large wp-image-22985\" alt=\"\" srcset=\"https:\/\/kaco.de\/wp-content\/uploads\/kompetenzen-montage-kaco@2x-1024x1024.jpg 1024w, https:\/\/kaco.de\/wp-content\/uploads\/kompetenzen-montage-kaco@2x-300x300.jpg 300w, https:\/\/kaco.de\/wp-content\/uploads\/kompetenzen-montage-kaco@2x-150x150.jpg 150w, https:\/\/kaco.de\/wp-content\/uploads\/kompetenzen-montage-kaco@2x-768x768.jpg 768w, https:\/\/kaco.de\/wp-content\/uploads\/kompetenzen-montage-kaco@2x-1536x1536.jpg 1536w, https:\/\/kaco.de\/wp-content\/uploads\/kompetenzen-montage-kaco@2x.jpg 1600w\" sizes=\"(max-width: 1024px) 100vw, 1024px\" \/>\t\t\t\t\t\t\t\t\t\t\t\t\t\t\t<\/div>\n\t\t\t\t<\/div>\n\t\t\t\t\t<\/div>\n\t\t<\/div>\n\t\t\t\t\t<\/div>\n\t\t<\/section>\n\t\t\t\t<\/div>\n\t\t","protected":false},"excerpt":{"rendered":"<p>\u88c5\u914d \u901a\u8fc7\u9884\u88c5\u914d\u521b\u9020\u66f4\u9ad8\u4ef7\u503c KACO \u673a\u68b0\u5bc6\u5c01\u88c5\u914d\u81ea\u52a8\u5316\u5df2\u7ecf\u5f00\u59cb\u4e86\u6709 30 \u591a\u5e74\u4e86\u3002 \u673a\u68b0\u5bc6\u5c01\u5e94\u7528\u4e8e\u6c7d\u8f66\u884c\u4e1a [&hellip;]<\/p>\n","protected":false},"author":3,"featured_media":0,"parent":21327,"menu_order":0,"comment_status":"closed","ping_status":"closed","template":"","meta":{"_acf_changed":false,"site-sidebar-layout":"no-sidebar","site-content-layout":"page-builder","ast-site-content-layout":"default","site-content-style":"default","site-sidebar-style":"default","ast-global-header-display":"","ast-banner-title-visibility":"","ast-main-header-display":"","ast-hfb-above-header-display":"","ast-hfb-below-header-display":"","ast-hfb-mobile-header-display":"","site-post-title":"disabled","ast-breadcrumbs-content":"","ast-featured-img":"disabled","footer-sml-layout":"","ast-disable-related-posts":"","theme-transparent-header-meta":"","adv-header-id-meta":"","stick-header-meta":"","header-above-stick-meta":"","header-main-stick-meta":"","header-below-stick-meta":"","astra-migrate-meta-layouts":"default","ast-page-background-enabled":"default","ast-page-background-meta":{"desktop":{"background-color":"var(--ast-global-color-4)","background-image":"","background-repeat":"repeat","background-position":"center center","background-size":"auto","background-attachment":"scroll","background-type":"","background-media":"","overlay-type":"","overlay-color":"","overlay-opacity":"","overlay-gradient":""},"tablet":{"background-color":"","background-image":"","background-repeat":"repeat","background-position":"center center","background-size":"auto","background-attachment":"scroll","background-type":"","background-media":"","overlay-type":"","overlay-color":"","overlay-opacity":"","overlay-gradient":""},"mobile":{"background-color":"","background-image":"","background-repeat":"repeat","background-position":"center center","background-size":"auto","background-attachment":"scroll","background-type":"","background-media":"","overlay-type":"","overlay-color":"","overlay-opacity":"","overlay-gradient":""}},"ast-content-background-meta":{"desktop":{"background-color":"var(--ast-global-color-5)","background-image":"","background-repeat":"repeat","background-position":"center center","background-size":"auto","background-attachment":"scroll","background-type":"","background-media":"","overlay-type":"","overlay-color":"","overlay-opacity":"","overlay-gradient":""},"tablet":{"background-color":"var(--ast-global-color-5)","background-image":"","background-repeat":"repeat","background-position":"center center","background-size":"auto","background-attachment":"scroll","background-type":"","background-media":"","overlay-type":"","overlay-color":"","overlay-opacity":"","overlay-gradient":""},"mobile":{"background-color":"var(--ast-global-color-5)","background-image":"","background-repeat":"repeat","background-position":"center center","background-size":"auto","background-attachment":"scroll","background-type":"","background-media":"","overlay-type":"","overlay-color":"","overlay-opacity":"","overlay-gradient":""}},"footnotes":""},"class_list":["post-21322","page","type-page","status-publish","hentry"],"acf":[],"yoast_head":"<!-- This site is optimized with the Yoast SEO plugin v27.6 - https:\/\/yoast.com\/product\/yoast-seo-wordpress\/ -->\n<title>\u88c5\u914d - KACO - Der Experte f\u00fcr Dichtungssysteme<\/title>\n<meta name=\"description\" content=\"\u88c5\u914d \u901a\u8fc7\u9884\u88c5\u914d\u521b\u9020\u66f4\u9ad8\u4ef7\u503c KACO \u673a\u68b0\u5bc6\u5c01\u88c5\u914d\u81ea\u52a8\u5316\u5df2\u7ecf\u5f00\u59cb\u4e86\u6709 30 \u591a\u5e74\u4e86\u3002 \u673a\u68b0\u5bc6\u5c01\u5e94\u7528\u4e8e\u6c7d\u8f66\u884c\u4e1a\u7535\u52a8\u6c7d\u8f66\u9886\u57df\u7684\u6c34\u6cf5\u4e2d\u3002 \u4e00\u4e2a\u673a\u68b0\u5bc6\u5c01\u6700\u591a\u7531\u5341\u4e8c\u4e2a\u96f6\u4ef6\u7ec4\u6210\uff0c\u5b83\u4eec\u90e8\u5206\u7531 KACO \u751f\u4ea7\uff0c\u6216\u8005\u4ece\u5916\u90e8\u4f9b\u5e94\u5546\u5904\u91c7\u8d2d\u3002 KACO\" \/>\n<meta name=\"robots\" content=\"index, follow, max-snippet:-1, max-image-preview:large, max-video-preview:-1\" \/>\n<link rel=\"canonical\" href=\"https:\/\/kaco.de\/cn\/\u80fd\u529b\/\u751f\u4ea7\/\u88c5\u914d\/\" \/>\n<meta property=\"og:locale\" content=\"zh_CN\" \/>\n<meta property=\"og:type\" content=\"article\" \/>\n<meta property=\"og:title\" content=\"\u88c5\u914d - KACO - Der Experte f\u00fcr Dichtungssysteme\" \/>\n<meta property=\"og:description\" content=\"\u88c5\u914d \u901a\u8fc7\u9884\u88c5\u914d\u521b\u9020\u66f4\u9ad8\u4ef7\u503c KACO \u673a\u68b0\u5bc6\u5c01\u88c5\u914d\u81ea\u52a8\u5316\u5df2\u7ecf\u5f00\u59cb\u4e86\u6709 30 \u591a\u5e74\u4e86\u3002 \u673a\u68b0\u5bc6\u5c01\u5e94\u7528\u4e8e\u6c7d\u8f66\u884c\u4e1a\u7535\u52a8\u6c7d\u8f66\u9886\u57df\u7684\u6c34\u6cf5\u4e2d\u3002 \u4e00\u4e2a\u673a\u68b0\u5bc6\u5c01\u6700\u591a\u7531\u5341\u4e8c\u4e2a\u96f6\u4ef6\u7ec4\u6210\uff0c\u5b83\u4eec\u90e8\u5206\u7531 KACO \u751f\u4ea7\uff0c\u6216\u8005\u4ece\u5916\u90e8\u4f9b\u5e94\u5546\u5904\u91c7\u8d2d\u3002 KACO\" \/>\n<meta property=\"og:url\" content=\"https:\/\/kaco.de\/cn\/\u80fd\u529b\/\u751f\u4ea7\/\u88c5\u914d\/\" \/>\n<meta property=\"og:site_name\" content=\"KACO - Der Experte f\u00fcr Dichtungssysteme\" \/>\n<meta property=\"article:modified_time\" content=\"2022-03-25T11:18:15+00:00\" \/>\n<meta property=\"og:image\" content=\"https:\/\/kaco.de\/wp-content\/uploads\/kompetenzen-montage-kaco-2@2x.jpg\" \/>\n<meta name=\"twitter:card\" content=\"summary_large_image\" \/>\n<meta name=\"twitter:label1\" content=\"\u9884\u8ba1\u9605\u8bfb\u65f6\u95f4\" \/>\n\t<meta name=\"twitter:data1\" content=\"1 \u5206\" \/>\n<script type=\"application\/ld+json\" class=\"yoast-schema-graph\">{\"@context\":\"https:\\\/\\\/schema.org\",\"@graph\":[{\"@type\":\"WebPage\",\"@id\":\"https:\\\/\\\/kaco.de\\\/cn\\\/%e8%83%bd%e5%8a%9b\\\/%e7%94%9f%e4%ba%a7\\\/%e8%a3%85%e9%85%8d\\\/\",\"url\":\"https:\\\/\\\/kaco.de\\\/cn\\\/%e8%83%bd%e5%8a%9b\\\/%e7%94%9f%e4%ba%a7\\\/%e8%a3%85%e9%85%8d\\\/\",\"name\":\"\u88c5\u914d - KACO - Der Experte f\u00fcr Dichtungssysteme\",\"isPartOf\":{\"@id\":\"https:\\\/\\\/kaco.de\\\/#website\"},\"primaryImageOfPage\":{\"@id\":\"https:\\\/\\\/kaco.de\\\/cn\\\/%e8%83%bd%e5%8a%9b\\\/%e7%94%9f%e4%ba%a7\\\/%e8%a3%85%e9%85%8d\\\/#primaryimage\"},\"image\":{\"@id\":\"https:\\\/\\\/kaco.de\\\/cn\\\/%e8%83%bd%e5%8a%9b\\\/%e7%94%9f%e4%ba%a7\\\/%e8%a3%85%e9%85%8d\\\/#primaryimage\"},\"thumbnailUrl\":\"https:\\\/\\\/kaco.de\\\/wp-content\\\/uploads\\\/kompetenzen-montage-kaco-2@2x.jpg\",\"datePublished\":\"2022-01-14T22:45:02+00:00\",\"dateModified\":\"2022-03-25T11:18:15+00:00\",\"description\":\"\u88c5\u914d \u901a\u8fc7\u9884\u88c5\u914d\u521b\u9020\u66f4\u9ad8\u4ef7\u503c KACO \u673a\u68b0\u5bc6\u5c01\u88c5\u914d\u81ea\u52a8\u5316\u5df2\u7ecf\u5f00\u59cb\u4e86\u6709 30 \u591a\u5e74\u4e86\u3002 \u673a\u68b0\u5bc6\u5c01\u5e94\u7528\u4e8e\u6c7d\u8f66\u884c\u4e1a\u7535\u52a8\u6c7d\u8f66\u9886\u57df\u7684\u6c34\u6cf5\u4e2d\u3002 \u4e00\u4e2a\u673a\u68b0\u5bc6\u5c01\u6700\u591a\u7531\u5341\u4e8c\u4e2a\u96f6\u4ef6\u7ec4\u6210\uff0c\u5b83\u4eec\u90e8\u5206\u7531 KACO \u751f\u4ea7\uff0c\u6216\u8005\u4ece\u5916\u90e8\u4f9b\u5e94\u5546\u5904\u91c7\u8d2d\u3002 KACO\",\"breadcrumb\":{\"@id\":\"https:\\\/\\\/kaco.de\\\/cn\\\/%e8%83%bd%e5%8a%9b\\\/%e7%94%9f%e4%ba%a7\\\/%e8%a3%85%e9%85%8d\\\/#breadcrumb\"},\"inLanguage\":\"zh-Hans\",\"potentialAction\":[{\"@type\":\"ReadAction\",\"target\":[\"https:\\\/\\\/kaco.de\\\/cn\\\/%e8%83%bd%e5%8a%9b\\\/%e7%94%9f%e4%ba%a7\\\/%e8%a3%85%e9%85%8d\\\/\"]}]},{\"@type\":\"ImageObject\",\"inLanguage\":\"zh-Hans\",\"@id\":\"https:\\\/\\\/kaco.de\\\/cn\\\/%e8%83%bd%e5%8a%9b\\\/%e7%94%9f%e4%ba%a7\\\/%e8%a3%85%e9%85%8d\\\/#primaryimage\",\"url\":\"https:\\\/\\\/kaco.de\\\/wp-content\\\/uploads\\\/kompetenzen-montage-kaco-2@2x.jpg\",\"contentUrl\":\"https:\\\/\\\/kaco.de\\\/wp-content\\\/uploads\\\/kompetenzen-montage-kaco-2@2x.jpg\"},{\"@type\":\"BreadcrumbList\",\"@id\":\"https:\\\/\\\/kaco.de\\\/cn\\\/%e8%83%bd%e5%8a%9b\\\/%e7%94%9f%e4%ba%a7\\\/%e8%a3%85%e9%85%8d\\\/#breadcrumb\",\"itemListElement\":[{\"@type\":\"ListItem\",\"position\":1,\"name\":\"Home\",\"item\":\"https:\\\/\\\/kaco.de\\\/cn\\\/\"},{\"@type\":\"ListItem\",\"position\":2,\"name\":\"\u80fd\u529b\",\"item\":\"https:\\\/\\\/kaco.de\\\/cn\\\/%e8%83%bd%e5%8a%9b\\\/\"},{\"@type\":\"ListItem\",\"position\":3,\"name\":\"\u751f\u4ea7\",\"item\":\"https:\\\/\\\/kaco.de\\\/cn\\\/%e8%83%bd%e5%8a%9b\\\/%e7%94%9f%e4%ba%a7\\\/\"},{\"@type\":\"ListItem\",\"position\":4,\"name\":\"\u88c5\u914d\"}]},{\"@type\":\"WebSite\",\"@id\":\"https:\\\/\\\/kaco.de\\\/#website\",\"url\":\"https:\\\/\\\/kaco.de\\\/\",\"name\":\"KACO - Der Experte f\u00fcr Dichtungssysteme\",\"description\":\"Seien Sie mit unseren hochpr\u00e4zisen und anwendungsorientierten Dichtungsl\u00f6sungen bestens f\u00fcr die Automobil- und Maschinenbauindustrie ger\u00fcstet.\",\"publisher\":{\"@id\":\"https:\\\/\\\/kaco.de\\\/#organization\"},\"potentialAction\":[{\"@type\":\"SearchAction\",\"target\":{\"@type\":\"EntryPoint\",\"urlTemplate\":\"https:\\\/\\\/kaco.de\\\/?s={search_term_string}\"},\"query-input\":{\"@type\":\"PropertyValueSpecification\",\"valueRequired\":true,\"valueName\":\"search_term_string\"}}],\"inLanguage\":\"zh-Hans\"},{\"@type\":\"Organization\",\"@id\":\"https:\\\/\\\/kaco.de\\\/#organization\",\"name\":\"KACO - Der Experte f\u00fcr Dichtungssysteme\",\"url\":\"https:\\\/\\\/kaco.de\\\/\",\"logo\":{\"@type\":\"ImageObject\",\"inLanguage\":\"zh-Hans\",\"@id\":\"https:\\\/\\\/kaco.de\\\/#\\\/schema\\\/logo\\\/image\\\/\",\"url\":\"https:\\\/\\\/kaco.de\\\/wp-content\\\/uploads\\\/cropped-logo1.png\",\"contentUrl\":\"https:\\\/\\\/kaco.de\\\/wp-content\\\/uploads\\\/cropped-logo1.png\",\"width\":851,\"height\":254,\"caption\":\"KACO - Der Experte f\u00fcr Dichtungssysteme\"},\"image\":{\"@id\":\"https:\\\/\\\/kaco.de\\\/#\\\/schema\\\/logo\\\/image\\\/\"}}]}<\/script>\n<!-- \/ Yoast SEO plugin. -->","yoast_head_json":{"title":"\u88c5\u914d - KACO - Der Experte f\u00fcr Dichtungssysteme","description":"\u88c5\u914d \u901a\u8fc7\u9884\u88c5\u914d\u521b\u9020\u66f4\u9ad8\u4ef7\u503c KACO \u673a\u68b0\u5bc6\u5c01\u88c5\u914d\u81ea\u52a8\u5316\u5df2\u7ecf\u5f00\u59cb\u4e86\u6709 30 \u591a\u5e74\u4e86\u3002 \u673a\u68b0\u5bc6\u5c01\u5e94\u7528\u4e8e\u6c7d\u8f66\u884c\u4e1a\u7535\u52a8\u6c7d\u8f66\u9886\u57df\u7684\u6c34\u6cf5\u4e2d\u3002 \u4e00\u4e2a\u673a\u68b0\u5bc6\u5c01\u6700\u591a\u7531\u5341\u4e8c\u4e2a\u96f6\u4ef6\u7ec4\u6210\uff0c\u5b83\u4eec\u90e8\u5206\u7531 KACO \u751f\u4ea7\uff0c\u6216\u8005\u4ece\u5916\u90e8\u4f9b\u5e94\u5546\u5904\u91c7\u8d2d\u3002 KACO","robots":{"index":"index","follow":"follow","max-snippet":"max-snippet:-1","max-image-preview":"max-image-preview:large","max-video-preview":"max-video-preview:-1"},"canonical":"https:\/\/kaco.de\/cn\/\u80fd\u529b\/\u751f\u4ea7\/\u88c5\u914d\/","og_locale":"zh_CN","og_type":"article","og_title":"\u88c5\u914d - KACO - Der Experte f\u00fcr Dichtungssysteme","og_description":"\u88c5\u914d \u901a\u8fc7\u9884\u88c5\u914d\u521b\u9020\u66f4\u9ad8\u4ef7\u503c KACO \u673a\u68b0\u5bc6\u5c01\u88c5\u914d\u81ea\u52a8\u5316\u5df2\u7ecf\u5f00\u59cb\u4e86\u6709 30 \u591a\u5e74\u4e86\u3002 \u673a\u68b0\u5bc6\u5c01\u5e94\u7528\u4e8e\u6c7d\u8f66\u884c\u4e1a\u7535\u52a8\u6c7d\u8f66\u9886\u57df\u7684\u6c34\u6cf5\u4e2d\u3002 \u4e00\u4e2a\u673a\u68b0\u5bc6\u5c01\u6700\u591a\u7531\u5341\u4e8c\u4e2a\u96f6\u4ef6\u7ec4\u6210\uff0c\u5b83\u4eec\u90e8\u5206\u7531 KACO \u751f\u4ea7\uff0c\u6216\u8005\u4ece\u5916\u90e8\u4f9b\u5e94\u5546\u5904\u91c7\u8d2d\u3002 KACO","og_url":"https:\/\/kaco.de\/cn\/\u80fd\u529b\/\u751f\u4ea7\/\u88c5\u914d\/","og_site_name":"KACO - Der Experte f\u00fcr Dichtungssysteme","article_modified_time":"2022-03-25T11:18:15+00:00","og_image":[{"url":"https:\/\/kaco.de\/wp-content\/uploads\/kompetenzen-montage-kaco-2@2x.jpg","type":"","width":"","height":""}],"twitter_card":"summary_large_image","twitter_misc":{"\u9884\u8ba1\u9605\u8bfb\u65f6\u95f4":"1 \u5206"},"schema":{"@context":"https:\/\/schema.org","@graph":[{"@type":"WebPage","@id":"https:\/\/kaco.de\/cn\/%e8%83%bd%e5%8a%9b\/%e7%94%9f%e4%ba%a7\/%e8%a3%85%e9%85%8d\/","url":"https:\/\/kaco.de\/cn\/%e8%83%bd%e5%8a%9b\/%e7%94%9f%e4%ba%a7\/%e8%a3%85%e9%85%8d\/","name":"\u88c5\u914d - KACO - Der Experte f\u00fcr Dichtungssysteme","isPartOf":{"@id":"https:\/\/kaco.de\/#website"},"primaryImageOfPage":{"@id":"https:\/\/kaco.de\/cn\/%e8%83%bd%e5%8a%9b\/%e7%94%9f%e4%ba%a7\/%e8%a3%85%e9%85%8d\/#primaryimage"},"image":{"@id":"https:\/\/kaco.de\/cn\/%e8%83%bd%e5%8a%9b\/%e7%94%9f%e4%ba%a7\/%e8%a3%85%e9%85%8d\/#primaryimage"},"thumbnailUrl":"https:\/\/kaco.de\/wp-content\/uploads\/kompetenzen-montage-kaco-2@2x.jpg","datePublished":"2022-01-14T22:45:02+00:00","dateModified":"2022-03-25T11:18:15+00:00","description":"\u88c5\u914d \u901a\u8fc7\u9884\u88c5\u914d\u521b\u9020\u66f4\u9ad8\u4ef7\u503c KACO \u673a\u68b0\u5bc6\u5c01\u88c5\u914d\u81ea\u52a8\u5316\u5df2\u7ecf\u5f00\u59cb\u4e86\u6709 30 \u591a\u5e74\u4e86\u3002 \u673a\u68b0\u5bc6\u5c01\u5e94\u7528\u4e8e\u6c7d\u8f66\u884c\u4e1a\u7535\u52a8\u6c7d\u8f66\u9886\u57df\u7684\u6c34\u6cf5\u4e2d\u3002 \u4e00\u4e2a\u673a\u68b0\u5bc6\u5c01\u6700\u591a\u7531\u5341\u4e8c\u4e2a\u96f6\u4ef6\u7ec4\u6210\uff0c\u5b83\u4eec\u90e8\u5206\u7531 KACO \u751f\u4ea7\uff0c\u6216\u8005\u4ece\u5916\u90e8\u4f9b\u5e94\u5546\u5904\u91c7\u8d2d\u3002 KACO","breadcrumb":{"@id":"https:\/\/kaco.de\/cn\/%e8%83%bd%e5%8a%9b\/%e7%94%9f%e4%ba%a7\/%e8%a3%85%e9%85%8d\/#breadcrumb"},"inLanguage":"zh-Hans","potentialAction":[{"@type":"ReadAction","target":["https:\/\/kaco.de\/cn\/%e8%83%bd%e5%8a%9b\/%e7%94%9f%e4%ba%a7\/%e8%a3%85%e9%85%8d\/"]}]},{"@type":"ImageObject","inLanguage":"zh-Hans","@id":"https:\/\/kaco.de\/cn\/%e8%83%bd%e5%8a%9b\/%e7%94%9f%e4%ba%a7\/%e8%a3%85%e9%85%8d\/#primaryimage","url":"https:\/\/kaco.de\/wp-content\/uploads\/kompetenzen-montage-kaco-2@2x.jpg","contentUrl":"https:\/\/kaco.de\/wp-content\/uploads\/kompetenzen-montage-kaco-2@2x.jpg"},{"@type":"BreadcrumbList","@id":"https:\/\/kaco.de\/cn\/%e8%83%bd%e5%8a%9b\/%e7%94%9f%e4%ba%a7\/%e8%a3%85%e9%85%8d\/#breadcrumb","itemListElement":[{"@type":"ListItem","position":1,"name":"Home","item":"https:\/\/kaco.de\/cn\/"},{"@type":"ListItem","position":2,"name":"\u80fd\u529b","item":"https:\/\/kaco.de\/cn\/%e8%83%bd%e5%8a%9b\/"},{"@type":"ListItem","position":3,"name":"\u751f\u4ea7","item":"https:\/\/kaco.de\/cn\/%e8%83%bd%e5%8a%9b\/%e7%94%9f%e4%ba%a7\/"},{"@type":"ListItem","position":4,"name":"\u88c5\u914d"}]},{"@type":"WebSite","@id":"https:\/\/kaco.de\/#website","url":"https:\/\/kaco.de\/","name":"KACO - Der Experte f\u00fcr Dichtungssysteme","description":"Seien Sie mit unseren hochpr\u00e4zisen und anwendungsorientierten Dichtungsl\u00f6sungen bestens f\u00fcr die Automobil- und Maschinenbauindustrie ger\u00fcstet.","publisher":{"@id":"https:\/\/kaco.de\/#organization"},"potentialAction":[{"@type":"SearchAction","target":{"@type":"EntryPoint","urlTemplate":"https:\/\/kaco.de\/?s={search_term_string}"},"query-input":{"@type":"PropertyValueSpecification","valueRequired":true,"valueName":"search_term_string"}}],"inLanguage":"zh-Hans"},{"@type":"Organization","@id":"https:\/\/kaco.de\/#organization","name":"KACO - Der Experte f\u00fcr Dichtungssysteme","url":"https:\/\/kaco.de\/","logo":{"@type":"ImageObject","inLanguage":"zh-Hans","@id":"https:\/\/kaco.de\/#\/schema\/logo\/image\/","url":"https:\/\/kaco.de\/wp-content\/uploads\/cropped-logo1.png","contentUrl":"https:\/\/kaco.de\/wp-content\/uploads\/cropped-logo1.png","width":851,"height":254,"caption":"KACO - Der Experte f\u00fcr Dichtungssysteme"},"image":{"@id":"https:\/\/kaco.de\/#\/schema\/logo\/image\/"}}]}},"_links":{"self":[{"href":"https:\/\/kaco.de\/cn\/wp-json\/wp\/v2\/pages\/21322","targetHints":{"allow":["GET"]}}],"collection":[{"href":"https:\/\/kaco.de\/cn\/wp-json\/wp\/v2\/pages"}],"about":[{"href":"https:\/\/kaco.de\/cn\/wp-json\/wp\/v2\/types\/page"}],"author":[{"embeddable":true,"href":"https:\/\/kaco.de\/cn\/wp-json\/wp\/v2\/users\/3"}],"replies":[{"embeddable":true,"href":"https:\/\/kaco.de\/cn\/wp-json\/wp\/v2\/comments?post=21322"}],"version-history":[{"count":0,"href":"https:\/\/kaco.de\/cn\/wp-json\/wp\/v2\/pages\/21322\/revisions"}],"up":[{"embeddable":true,"href":"https:\/\/kaco.de\/cn\/wp-json\/wp\/v2\/pages\/21327"}],"wp:attachment":[{"href":"https:\/\/kaco.de\/cn\/wp-json\/wp\/v2\/media?parent=21322"}],"curies":[{"name":"wp","href":"https:\/\/api.w.org\/{rel}","templated":true}]}}