{"id":21325,"date":"2022-01-14T23:39:13","date_gmt":"2022-01-14T22:39:13","guid":{"rendered":"https:\/\/kaco.de\/gummi-compounding\/"},"modified":"2022-03-25T12:18:17","modified_gmt":"2022-03-25T11:18:17","slug":"gummi-compounding","status":"publish","type":"page","link":"https:\/\/kaco.de\/cn\/%e8%83%bd%e5%8a%9b\/%e7%94%9f%e4%ba%a7\/gummi-compounding\/","title":{"rendered":"\u6a61\u80f6\u5408\u6210"},"content":{"rendered":"\t\t<div data-elementor-type=\"wp-page\" data-elementor-id=\"21325\" class=\"elementor elementor-21325 elementor-3309\" data-elementor-post-type=\"page\">\n\t\t\t\t\t\t<section class=\"elementor-section elementor-top-section elementor-element elementor-element-3630602 elementor-section-full_width elementor-section-stretched elementor-section-height-default elementor-section-height-default\" data-id=\"3630602\" data-element_type=\"section\" data-settings=\"{&quot;stretch_section&quot;:&quot;section-stretched&quot;}\">\n\t\t\t\t\t\t<div class=\"elementor-container elementor-column-gap-default\">\n\t\t\t\t\t<div class=\"elementor-column elementor-col-100 elementor-top-column elementor-element elementor-element-e4d5638\" data-id=\"e4d5638\" data-element_type=\"column\">\n\t\t\t<div class=\"elementor-widget-wrap elementor-element-populated\">\n\t\t\t\t\t\t<div class=\"elementor-element elementor-element-9967076 elementor-widget elementor-widget-image\" data-id=\"9967076\" data-element_type=\"widget\" data-widget_type=\"image.default\">\n\t\t\t\t<div class=\"elementor-widget-container\">\n\t\t\t\t\t\t\t\t\t\t\t\t\t\t\t<img fetchpriority=\"high\" decoding=\"async\" width=\"3800\" height=\"1200\" src=\"https:\/\/kaco.de\/wp-content\/uploads\/kompetenzen-gummi-compounding-kaco-1@2x.jpg\" class=\"attachment-full size-full wp-image-22978\" alt=\"\" srcset=\"https:\/\/kaco.de\/wp-content\/uploads\/kompetenzen-gummi-compounding-kaco-1@2x.jpg 3800w, https:\/\/kaco.de\/wp-content\/uploads\/kompetenzen-gummi-compounding-kaco-1@2x-300x95.jpg 300w, https:\/\/kaco.de\/wp-content\/uploads\/kompetenzen-gummi-compounding-kaco-1@2x-1536x485.jpg 1536w, https:\/\/kaco.de\/wp-content\/uploads\/kompetenzen-gummi-compounding-kaco-1@2x-2048x647.jpg 2048w\" sizes=\"(max-width: 3800px) 100vw, 3800px\" \/>\t\t\t\t\t\t\t\t\t\t\t\t\t\t\t<\/div>\n\t\t\t\t<\/div>\n\t\t\t\t\t<\/div>\n\t\t<\/div>\n\t\t\t\t\t<\/div>\n\t\t<\/section>\n\t\t\t\t<section class=\"elementor-section elementor-top-section elementor-element elementor-element-a99f9b4 elementor-section-content-bottom elementor-section-stretched pageheader elementor-section-boxed elementor-section-height-default elementor-section-height-default\" data-id=\"a99f9b4\" data-element_type=\"section\" data-settings=\"{&quot;background_background&quot;:&quot;classic&quot;,&quot;stretch_section&quot;:&quot;section-stretched&quot;}\">\n\t\t\t\t\t\t<div class=\"elementor-container elementor-column-gap-default\">\n\t\t\t\t\t<div class=\"elementor-column elementor-col-50 elementor-top-column elementor-element elementor-element-c9b9baf pageheader-row-left\" data-id=\"c9b9baf\" data-element_type=\"column\" data-settings=\"{&quot;background_background&quot;:&quot;classic&quot;}\">\n\t\t\t<div class=\"elementor-widget-wrap elementor-element-populated\">\n\t\t\t\t\t\t<div class=\"elementor-element elementor-element-84c04d5 elementor-widget elementor-widget-heading\" data-id=\"84c04d5\" data-element_type=\"widget\" data-widget_type=\"heading.default\">\n\t\t\t\t<div class=\"elementor-widget-container\">\n\t\t\t\t\t<span class=\"elementor-heading-title elementor-size-default\">\u6a61\u80f6\u5408\u6210<\/span>\t\t\t\t<\/div>\n\t\t\t\t<\/div>\n\t\t\t\t<div class=\"elementor-element elementor-element-38fa6da elementor-widget elementor-widget-heading\" data-id=\"38fa6da\" data-element_type=\"widget\" data-widget_type=\"heading.default\">\n\t\t\t\t<div class=\"elementor-widget-container\">\n\t\t\t\t\t<h1 class=\"elementor-heading-title elementor-size-default\">\u4ece\u7406\u5ff5\u5230\u6070\u5f53\u7684\u65b9\u6848<\/h1>\t\t\t\t<\/div>\n\t\t\t\t<\/div>\n\t\t\t\t\t<\/div>\n\t\t<\/div>\n\t\t\t\t<div class=\"elementor-column elementor-col-50 elementor-top-column elementor-element elementor-element-82ab0d3\" data-id=\"82ab0d3\" data-element_type=\"column\">\n\t\t\t<div class=\"elementor-widget-wrap\">\n\t\t\t\t\t\t\t<\/div>\n\t\t<\/div>\n\t\t\t\t\t<\/div>\n\t\t<\/section>\n\t\t\t\t<section class=\"elementor-section elementor-top-section elementor-element elementor-element-72b1aad elementor-section-boxed elementor-section-height-default elementor-section-height-default\" data-id=\"72b1aad\" data-element_type=\"section\">\n\t\t\t\t\t\t<div class=\"elementor-container elementor-column-gap-default\">\n\t\t\t\t\t<div class=\"elementor-column elementor-col-50 elementor-top-column elementor-element elementor-element-cad32ba\" data-id=\"cad32ba\" data-element_type=\"column\">\n\t\t\t<div class=\"elementor-widget-wrap elementor-element-populated\">\n\t\t\t\t\t\t<div class=\"elementor-element elementor-element-0957fc7 elementor-widget elementor-widget-text-editor\" data-id=\"0957fc7\" data-element_type=\"widget\" data-widget_type=\"text-editor.default\">\n\t\t\t\t<div class=\"elementor-widget-container\">\n\t\t\t\t\t\t\t\t\t<p>\u4e3a\u6ee1\u8db3\u5e02\u573a\u4e0a\u7279\u6b8a\u7684\u5ba2\u6237\u9700\u6c42\uff0cKACO \u5728\u81ea\u8eab\u7684\u4f01\u4e1a\u4e2d\u5177\u5907\u6240\u6709\u91cd\u8981\u7684\u80fd\u529b\uff0c\u7279\u522b\u91cd\u89c6\u81ea\u8eab\u7684\u4ef7\u503c\u6df1\u5ea6\u3002 \u8fd9\u4e0d\u4ec5\u5305\u62ec\u7531 KACO \u81ea\u4e3b\u5f00\u53d1\u7684\u6750\u6599\uff0c\u8fd8\u5305\u62ec\u81ea\u4e3b\u751f\u4ea7\u8fd9\u4e9b\u6750\u6599\u3002 \u5982\u679c\u4ea7\u751f\u4e86\u4e2a\u6027\u5316\u5339\u914d\u7684\u65b9\u6848\uff0c\u4e4b\u540e\u5728 KACO \u81ea\u8eab\u7684\u6405\u62cc\u5668\u8fdb\u884c\u6a61\u80f6\u6df7\u5408\u3002<\/p>\t\t\t\t\t\t\t\t<\/div>\n\t\t\t\t<\/div>\n\t\t\t\t<div class=\"elementor-element elementor-element-f852746 elementor-widget elementor-widget-text-editor\" data-id=\"f852746\" data-element_type=\"widget\" data-widget_type=\"text-editor.default\">\n\t\t\t\t<div class=\"elementor-widget-container\">\n\t\t\t\t\t\t\t\t\t<p>\u4e3a\u4fdd\u8bc1\u6211\u4eec\u7684\u6a61\u80f6\u6df7\u5408\u7269\u6ee1\u8db3\u6700\u9ad8\u8d28\u91cf\u9700\u6c42\uff0c\u6211\u4eec\u91c7\u7528\u6700\u73b0\u4ee3\u5316\u7684\u95ed\u5f0f\u6df7\u5408\u5668\u5236\u4f5c\u6df7\u5408\u7269\uff0c\u5e76\u9ad8\u5ea6\u6ce8\u91cd\u81ea\u52a8\u5316\u3002 \u7531\u4e8e\u4ece\u5f00\u53d1\u5230\u751f\u4ea7\u7684\u6574\u4e2a\u8fc7\u7a0b\u90fd\u7531\u5bc6\u5c01\u4e13\u5bb6\u76d1\u7763\uff0c\u56e0\u6b64\u900f\u660e\u5ea6\u548c\u53ef\u8ffd\u6eaf\u6027\u6781\u9ad8\u3002&nbsp;<\/p>\t\t\t\t\t\t\t\t<\/div>\n\t\t\t\t<\/div>\n\t\t\t\t<div class=\"elementor-element elementor-element-132030b elementor-widget elementor-widget-text-editor\" data-id=\"132030b\" data-element_type=\"widget\" data-widget_type=\"text-editor.default\">\n\t\t\t\t<div class=\"elementor-widget-container\">\n\t\t\t\t\t\t\t\t\t<p>\u53d7\u7a0b\u5e8f\u6280\u672f\u76d1\u63a7\u7684\u8fc7\u7a0b\u4ee5\u53ca\u5185\u8054\u751f\u4ea7\u8d28\u91cf\u63a7\u5236\u4e5f\u662f KACO \u4f5c\u4e3a\u5bc6\u5c01\u7cfb\u7edf\u4e13\u5bb6\u5728\u6750\u6599\u751f\u4ea7\u65b9\u9762\u53ef\u63d0\u4f9b\u7684\u4f18\u52bf\u3002 \u81ea\u5df1\u7684\u6405\u62cc\u5668\u53ef\u63d0\u4f9b\u8f83\u9ad8\u7684\u7075\u6d3b\u6027\u548c\u9ad8\u8fd0\u884c\u7a33\u5b9a\u6027\uff0c\u8fd9\u662f KACO \u4ea7\u54c1\u7684\u7279\u70b9\uff0c\u4e5f\u662f\u5ba2\u6237\u5bf9\u6211\u4eec\u7684\u8981\u6c42\u3002<\/p>\t\t\t\t\t\t\t\t<\/div>\n\t\t\t\t<\/div>\n\t\t\t\t\t<\/div>\n\t\t<\/div>\n\t\t\t\t<div class=\"elementor-column elementor-col-50 elementor-top-column elementor-element elementor-element-53507b7\" data-id=\"53507b7\" data-element_type=\"column\">\n\t\t\t<div class=\"elementor-widget-wrap\">\n\t\t\t\t\t\t\t<\/div>\n\t\t<\/div>\n\t\t\t\t\t<\/div>\n\t\t<\/section>\n\t\t\t\t<section class=\"elementor-section elementor-top-section elementor-element elementor-element-2d55d19 elementor-section-full_width elementor-section-stretched elementor-section-height-default elementor-section-height-default\" data-id=\"2d55d19\" data-element_type=\"section\" data-settings=\"{&quot;stretch_section&quot;:&quot;section-stretched&quot;}\">\n\t\t\t\t\t\t<div class=\"elementor-container elementor-column-gap-default\">\n\t\t\t\t\t<div class=\"elementor-column elementor-col-50 elementor-top-column elementor-element elementor-element-0afd5fb\" data-id=\"0afd5fb\" data-element_type=\"column\">\n\t\t\t<div class=\"elementor-widget-wrap\">\n\t\t\t\t\t\t\t<\/div>\n\t\t<\/div>\n\t\t\t\t<div class=\"elementor-column elementor-col-50 elementor-top-column elementor-element elementor-element-7032d7c\" data-id=\"7032d7c\" data-element_type=\"column\" data-settings=\"{&quot;background_background&quot;:&quot;classic&quot;}\">\n\t\t\t<div class=\"elementor-widget-wrap elementor-element-populated\">\n\t\t\t\t\t\t<div class=\"elementor-element elementor-element-ccab3e8 elementor-widget elementor-widget-spacer\" data-id=\"ccab3e8\" data-element_type=\"widget\" data-widget_type=\"spacer.default\">\n\t\t\t\t<div class=\"elementor-widget-container\">\n\t\t\t\t\t\t\t<div class=\"elementor-spacer\">\n\t\t\t<div class=\"elementor-spacer-inner\"><\/div>\n\t\t<\/div>\n\t\t\t\t\t\t<\/div>\n\t\t\t\t<\/div>\n\t\t\t\t\t<\/div>\n\t\t<\/div>\n\t\t\t\t\t<\/div>\n\t\t<\/section>\n\t\t\t\t<\/div>\n\t\t","protected":false},"excerpt":{"rendered":"<p>\u6a61\u80f6\u5408\u6210 \u4ece\u7406\u5ff5\u5230\u6070\u5f53\u7684\u65b9\u6848 \u4e3a\u6ee1\u8db3\u5e02\u573a\u4e0a\u7279\u6b8a\u7684\u5ba2\u6237\u9700\u6c42\uff0cKACO \u5728\u81ea\u8eab\u7684\u4f01\u4e1a\u4e2d\u5177\u5907\u6240\u6709\u91cd\u8981\u7684\u80fd\u529b\uff0c\u7279\u522b\u91cd\u89c6 [&hellip;]<\/p>\n","protected":false},"author":3,"featured_media":0,"parent":21327,"menu_order":0,"comment_status":"closed","ping_status":"closed","template":"","meta":{"_acf_changed":false,"site-sidebar-layout":"no-sidebar","site-content-layout":"page-builder","ast-site-content-layout":"default","site-content-style":"default","site-sidebar-style":"default","ast-global-header-display":"","ast-banner-title-visibility":"","ast-main-header-display":"","ast-hfb-above-header-display":"","ast-hfb-below-header-display":"","ast-hfb-mobile-header-display":"","site-post-title":"disabled","ast-breadcrumbs-content":"","ast-featured-img":"disabled","footer-sml-layout":"","ast-disable-related-posts":"","theme-transparent-header-meta":"","adv-header-id-meta":"","stick-header-meta":"","header-above-stick-meta":"","header-main-stick-meta":"","header-below-stick-meta":"","astra-migrate-meta-layouts":"default","ast-page-background-enabled":"default","ast-page-background-meta":{"desktop":{"background-color":"var(--ast-global-color-4)","background-image":"","background-repeat":"repeat","background-position":"center center","background-size":"auto","background-attachment":"scroll","background-type":"","background-media":"","overlay-type":"","overlay-color":"","overlay-opacity":"","overlay-gradient":""},"tablet":{"background-color":"","background-image":"","background-repeat":"repeat","background-position":"center center","background-size":"auto","background-attachment":"scroll","background-type":"","background-media":"","overlay-type":"","overlay-color":"","overlay-opacity":"","overlay-gradient":""},"mobile":{"background-color":"","background-image":"","background-repeat":"repeat","background-position":"center center","background-size":"auto","background-attachment":"scroll","background-type":"","background-media":"","overlay-type":"","overlay-color":"","overlay-opacity":"","overlay-gradient":""}},"ast-content-background-meta":{"desktop":{"background-color":"var(--ast-global-color-5)","background-image":"","background-repeat":"repeat","background-position":"center center","background-size":"auto","background-attachment":"scroll","background-type":"","background-media":"","overlay-type":"","overlay-color":"","overlay-opacity":"","overlay-gradient":""},"tablet":{"background-color":"var(--ast-global-color-5)","background-image":"","background-repeat":"repeat","background-position":"center center","background-size":"auto","background-attachment":"scroll","background-type":"","background-media":"","overlay-type":"","overlay-color":"","overlay-opacity":"","overlay-gradient":""},"mobile":{"background-color":"var(--ast-global-color-5)","background-image":"","background-repeat":"repeat","background-position":"center center","background-size":"auto","background-attachment":"scroll","background-type":"","background-media":"","overlay-type":"","overlay-color":"","overlay-opacity":"","overlay-gradient":""}},"footnotes":""},"class_list":["post-21325","page","type-page","status-publish","hentry"],"acf":[],"yoast_head":"<!-- This site is optimized with the Yoast SEO plugin v27.3 - https:\/\/yoast.com\/product\/yoast-seo-wordpress\/ -->\n<title>\u6a61\u80f6\u5408\u6210 - KACO - Der Experte f\u00fcr Dichtungssysteme<\/title>\n<meta name=\"description\" content=\"\u6a61\u80f6\u5408\u6210 \u4ece\u7406\u5ff5\u5230\u6070\u5f53\u7684\u65b9\u6848 \u4e3a\u6ee1\u8db3\u5e02\u573a\u4e0a\u7279\u6b8a\u7684\u5ba2\u6237\u9700\u6c42\uff0cKACO \u5728\u81ea\u8eab\u7684\u4f01\u4e1a\u4e2d\u5177\u5907\u6240\u6709\u91cd\u8981\u7684\u80fd\u529b\uff0c\u7279\u522b\u91cd\u89c6\u81ea\u8eab\u7684\u4ef7\u503c\u6df1\u5ea6\u3002 \u8fd9\u4e0d\u4ec5\u5305\u62ec\u7531 KACO \u81ea\u4e3b\u5f00\u53d1\u7684\u6750\u6599\uff0c\u8fd8\u5305\u62ec\u81ea\u4e3b\u751f\u4ea7\u8fd9\u4e9b\u6750\u6599\u3002 \u5982\u679c\u4ea7\u751f\u4e86\u4e2a\u6027\u5316\u5339\u914d\u7684\u65b9\u6848\uff0c\u4e4b\u540e\u5728 KACO\" \/>\n<meta name=\"robots\" content=\"index, follow, max-snippet:-1, max-image-preview:large, max-video-preview:-1\" \/>\n<link rel=\"canonical\" href=\"https:\/\/kaco.de\/cn\/\u80fd\u529b\/\u751f\u4ea7\/gummi-compounding\/\" \/>\n<meta property=\"og:locale\" content=\"zh_CN\" \/>\n<meta property=\"og:type\" content=\"article\" \/>\n<meta property=\"og:title\" content=\"\u6a61\u80f6\u5408\u6210 - KACO - Der Experte f\u00fcr Dichtungssysteme\" \/>\n<meta property=\"og:description\" content=\"\u6a61\u80f6\u5408\u6210 \u4ece\u7406\u5ff5\u5230\u6070\u5f53\u7684\u65b9\u6848 \u4e3a\u6ee1\u8db3\u5e02\u573a\u4e0a\u7279\u6b8a\u7684\u5ba2\u6237\u9700\u6c42\uff0cKACO \u5728\u81ea\u8eab\u7684\u4f01\u4e1a\u4e2d\u5177\u5907\u6240\u6709\u91cd\u8981\u7684\u80fd\u529b\uff0c\u7279\u522b\u91cd\u89c6\u81ea\u8eab\u7684\u4ef7\u503c\u6df1\u5ea6\u3002 \u8fd9\u4e0d\u4ec5\u5305\u62ec\u7531 KACO \u81ea\u4e3b\u5f00\u53d1\u7684\u6750\u6599\uff0c\u8fd8\u5305\u62ec\u81ea\u4e3b\u751f\u4ea7\u8fd9\u4e9b\u6750\u6599\u3002 \u5982\u679c\u4ea7\u751f\u4e86\u4e2a\u6027\u5316\u5339\u914d\u7684\u65b9\u6848\uff0c\u4e4b\u540e\u5728 KACO\" \/>\n<meta property=\"og:url\" content=\"https:\/\/kaco.de\/cn\/\u80fd\u529b\/\u751f\u4ea7\/gummi-compounding\/\" \/>\n<meta property=\"og:site_name\" content=\"KACO - Der Experte f\u00fcr Dichtungssysteme\" \/>\n<meta property=\"article:modified_time\" content=\"2022-03-25T11:18:17+00:00\" \/>\n<meta property=\"og:image\" content=\"https:\/\/kaco.de\/wp-content\/uploads\/kompetenzen-gummi-compounding-kaco-1@2x.jpg\" \/>\n<meta name=\"twitter:card\" content=\"summary_large_image\" \/>\n<meta name=\"twitter:label1\" content=\"\u9884\u8ba1\u9605\u8bfb\u65f6\u95f4\" \/>\n\t<meta name=\"twitter:data1\" content=\"1 \u5206\" \/>\n<script type=\"application\/ld+json\" class=\"yoast-schema-graph\">{\"@context\":\"https:\\\/\\\/schema.org\",\"@graph\":[{\"@type\":\"WebPage\",\"@id\":\"https:\\\/\\\/kaco.de\\\/cn\\\/%e8%83%bd%e5%8a%9b\\\/%e7%94%9f%e4%ba%a7\\\/gummi-compounding\\\/\",\"url\":\"https:\\\/\\\/kaco.de\\\/cn\\\/%e8%83%bd%e5%8a%9b\\\/%e7%94%9f%e4%ba%a7\\\/gummi-compounding\\\/\",\"name\":\"\u6a61\u80f6\u5408\u6210 - KACO - Der Experte f\u00fcr Dichtungssysteme\",\"isPartOf\":{\"@id\":\"https:\\\/\\\/kaco.de\\\/#website\"},\"primaryImageOfPage\":{\"@id\":\"https:\\\/\\\/kaco.de\\\/cn\\\/%e8%83%bd%e5%8a%9b\\\/%e7%94%9f%e4%ba%a7\\\/gummi-compounding\\\/#primaryimage\"},\"image\":{\"@id\":\"https:\\\/\\\/kaco.de\\\/cn\\\/%e8%83%bd%e5%8a%9b\\\/%e7%94%9f%e4%ba%a7\\\/gummi-compounding\\\/#primaryimage\"},\"thumbnailUrl\":\"https:\\\/\\\/kaco.de\\\/wp-content\\\/uploads\\\/kompetenzen-gummi-compounding-kaco-1@2x.jpg\",\"datePublished\":\"2022-01-14T22:39:13+00:00\",\"dateModified\":\"2022-03-25T11:18:17+00:00\",\"description\":\"\u6a61\u80f6\u5408\u6210 \u4ece\u7406\u5ff5\u5230\u6070\u5f53\u7684\u65b9\u6848 \u4e3a\u6ee1\u8db3\u5e02\u573a\u4e0a\u7279\u6b8a\u7684\u5ba2\u6237\u9700\u6c42\uff0cKACO \u5728\u81ea\u8eab\u7684\u4f01\u4e1a\u4e2d\u5177\u5907\u6240\u6709\u91cd\u8981\u7684\u80fd\u529b\uff0c\u7279\u522b\u91cd\u89c6\u81ea\u8eab\u7684\u4ef7\u503c\u6df1\u5ea6\u3002 \u8fd9\u4e0d\u4ec5\u5305\u62ec\u7531 KACO \u81ea\u4e3b\u5f00\u53d1\u7684\u6750\u6599\uff0c\u8fd8\u5305\u62ec\u81ea\u4e3b\u751f\u4ea7\u8fd9\u4e9b\u6750\u6599\u3002 \u5982\u679c\u4ea7\u751f\u4e86\u4e2a\u6027\u5316\u5339\u914d\u7684\u65b9\u6848\uff0c\u4e4b\u540e\u5728 KACO\",\"breadcrumb\":{\"@id\":\"https:\\\/\\\/kaco.de\\\/cn\\\/%e8%83%bd%e5%8a%9b\\\/%e7%94%9f%e4%ba%a7\\\/gummi-compounding\\\/#breadcrumb\"},\"inLanguage\":\"zh-Hans\",\"potentialAction\":[{\"@type\":\"ReadAction\",\"target\":[\"https:\\\/\\\/kaco.de\\\/cn\\\/%e8%83%bd%e5%8a%9b\\\/%e7%94%9f%e4%ba%a7\\\/gummi-compounding\\\/\"]}]},{\"@type\":\"ImageObject\",\"inLanguage\":\"zh-Hans\",\"@id\":\"https:\\\/\\\/kaco.de\\\/cn\\\/%e8%83%bd%e5%8a%9b\\\/%e7%94%9f%e4%ba%a7\\\/gummi-compounding\\\/#primaryimage\",\"url\":\"https:\\\/\\\/kaco.de\\\/wp-content\\\/uploads\\\/kompetenzen-gummi-compounding-kaco-1@2x.jpg\",\"contentUrl\":\"https:\\\/\\\/kaco.de\\\/wp-content\\\/uploads\\\/kompetenzen-gummi-compounding-kaco-1@2x.jpg\"},{\"@type\":\"BreadcrumbList\",\"@id\":\"https:\\\/\\\/kaco.de\\\/cn\\\/%e8%83%bd%e5%8a%9b\\\/%e7%94%9f%e4%ba%a7\\\/gummi-compounding\\\/#breadcrumb\",\"itemListElement\":[{\"@type\":\"ListItem\",\"position\":1,\"name\":\"Home\",\"item\":\"https:\\\/\\\/kaco.de\\\/cn\\\/\"},{\"@type\":\"ListItem\",\"position\":2,\"name\":\"\u80fd\u529b\",\"item\":\"https:\\\/\\\/kaco.de\\\/cn\\\/%e8%83%bd%e5%8a%9b\\\/\"},{\"@type\":\"ListItem\",\"position\":3,\"name\":\"\u751f\u4ea7\",\"item\":\"https:\\\/\\\/kaco.de\\\/cn\\\/%e8%83%bd%e5%8a%9b\\\/%e7%94%9f%e4%ba%a7\\\/\"},{\"@type\":\"ListItem\",\"position\":4,\"name\":\"\u6a61\u80f6\u5408\u6210\"}]},{\"@type\":\"WebSite\",\"@id\":\"https:\\\/\\\/kaco.de\\\/#website\",\"url\":\"https:\\\/\\\/kaco.de\\\/\",\"name\":\"KACO - Der Experte f\u00fcr Dichtungssysteme\",\"description\":\"Seien Sie mit unseren hochpr\u00e4zisen und anwendungsorientierten Dichtungsl\u00f6sungen bestens f\u00fcr die Automobil- und Maschinenbauindustrie ger\u00fcstet.\",\"publisher\":{\"@id\":\"https:\\\/\\\/kaco.de\\\/#organization\"},\"potentialAction\":[{\"@type\":\"SearchAction\",\"target\":{\"@type\":\"EntryPoint\",\"urlTemplate\":\"https:\\\/\\\/kaco.de\\\/?s={search_term_string}\"},\"query-input\":{\"@type\":\"PropertyValueSpecification\",\"valueRequired\":true,\"valueName\":\"search_term_string\"}}],\"inLanguage\":\"zh-Hans\"},{\"@type\":\"Organization\",\"@id\":\"https:\\\/\\\/kaco.de\\\/#organization\",\"name\":\"KACO - Der Experte f\u00fcr Dichtungssysteme\",\"url\":\"https:\\\/\\\/kaco.de\\\/\",\"logo\":{\"@type\":\"ImageObject\",\"inLanguage\":\"zh-Hans\",\"@id\":\"https:\\\/\\\/kaco.de\\\/#\\\/schema\\\/logo\\\/image\\\/\",\"url\":\"https:\\\/\\\/kaco.de\\\/wp-content\\\/uploads\\\/cropped-logo1.png\",\"contentUrl\":\"https:\\\/\\\/kaco.de\\\/wp-content\\\/uploads\\\/cropped-logo1.png\",\"width\":851,\"height\":254,\"caption\":\"KACO - Der Experte f\u00fcr Dichtungssysteme\"},\"image\":{\"@id\":\"https:\\\/\\\/kaco.de\\\/#\\\/schema\\\/logo\\\/image\\\/\"}}]}<\/script>\n<!-- \/ Yoast SEO plugin. -->","yoast_head_json":{"title":"\u6a61\u80f6\u5408\u6210 - KACO - Der Experte f\u00fcr Dichtungssysteme","description":"\u6a61\u80f6\u5408\u6210 \u4ece\u7406\u5ff5\u5230\u6070\u5f53\u7684\u65b9\u6848 \u4e3a\u6ee1\u8db3\u5e02\u573a\u4e0a\u7279\u6b8a\u7684\u5ba2\u6237\u9700\u6c42\uff0cKACO \u5728\u81ea\u8eab\u7684\u4f01\u4e1a\u4e2d\u5177\u5907\u6240\u6709\u91cd\u8981\u7684\u80fd\u529b\uff0c\u7279\u522b\u91cd\u89c6\u81ea\u8eab\u7684\u4ef7\u503c\u6df1\u5ea6\u3002 \u8fd9\u4e0d\u4ec5\u5305\u62ec\u7531 KACO \u81ea\u4e3b\u5f00\u53d1\u7684\u6750\u6599\uff0c\u8fd8\u5305\u62ec\u81ea\u4e3b\u751f\u4ea7\u8fd9\u4e9b\u6750\u6599\u3002 \u5982\u679c\u4ea7\u751f\u4e86\u4e2a\u6027\u5316\u5339\u914d\u7684\u65b9\u6848\uff0c\u4e4b\u540e\u5728 KACO","robots":{"index":"index","follow":"follow","max-snippet":"max-snippet:-1","max-image-preview":"max-image-preview:large","max-video-preview":"max-video-preview:-1"},"canonical":"https:\/\/kaco.de\/cn\/\u80fd\u529b\/\u751f\u4ea7\/gummi-compounding\/","og_locale":"zh_CN","og_type":"article","og_title":"\u6a61\u80f6\u5408\u6210 - KACO - Der Experte f\u00fcr Dichtungssysteme","og_description":"\u6a61\u80f6\u5408\u6210 \u4ece\u7406\u5ff5\u5230\u6070\u5f53\u7684\u65b9\u6848 \u4e3a\u6ee1\u8db3\u5e02\u573a\u4e0a\u7279\u6b8a\u7684\u5ba2\u6237\u9700\u6c42\uff0cKACO \u5728\u81ea\u8eab\u7684\u4f01\u4e1a\u4e2d\u5177\u5907\u6240\u6709\u91cd\u8981\u7684\u80fd\u529b\uff0c\u7279\u522b\u91cd\u89c6\u81ea\u8eab\u7684\u4ef7\u503c\u6df1\u5ea6\u3002 \u8fd9\u4e0d\u4ec5\u5305\u62ec\u7531 KACO \u81ea\u4e3b\u5f00\u53d1\u7684\u6750\u6599\uff0c\u8fd8\u5305\u62ec\u81ea\u4e3b\u751f\u4ea7\u8fd9\u4e9b\u6750\u6599\u3002 \u5982\u679c\u4ea7\u751f\u4e86\u4e2a\u6027\u5316\u5339\u914d\u7684\u65b9\u6848\uff0c\u4e4b\u540e\u5728 KACO","og_url":"https:\/\/kaco.de\/cn\/\u80fd\u529b\/\u751f\u4ea7\/gummi-compounding\/","og_site_name":"KACO - Der Experte f\u00fcr Dichtungssysteme","article_modified_time":"2022-03-25T11:18:17+00:00","og_image":[{"url":"https:\/\/kaco.de\/wp-content\/uploads\/kompetenzen-gummi-compounding-kaco-1@2x.jpg","type":"","width":"","height":""}],"twitter_card":"summary_large_image","twitter_misc":{"\u9884\u8ba1\u9605\u8bfb\u65f6\u95f4":"1 \u5206"},"schema":{"@context":"https:\/\/schema.org","@graph":[{"@type":"WebPage","@id":"https:\/\/kaco.de\/cn\/%e8%83%bd%e5%8a%9b\/%e7%94%9f%e4%ba%a7\/gummi-compounding\/","url":"https:\/\/kaco.de\/cn\/%e8%83%bd%e5%8a%9b\/%e7%94%9f%e4%ba%a7\/gummi-compounding\/","name":"\u6a61\u80f6\u5408\u6210 - KACO - Der Experte f\u00fcr Dichtungssysteme","isPartOf":{"@id":"https:\/\/kaco.de\/#website"},"primaryImageOfPage":{"@id":"https:\/\/kaco.de\/cn\/%e8%83%bd%e5%8a%9b\/%e7%94%9f%e4%ba%a7\/gummi-compounding\/#primaryimage"},"image":{"@id":"https:\/\/kaco.de\/cn\/%e8%83%bd%e5%8a%9b\/%e7%94%9f%e4%ba%a7\/gummi-compounding\/#primaryimage"},"thumbnailUrl":"https:\/\/kaco.de\/wp-content\/uploads\/kompetenzen-gummi-compounding-kaco-1@2x.jpg","datePublished":"2022-01-14T22:39:13+00:00","dateModified":"2022-03-25T11:18:17+00:00","description":"\u6a61\u80f6\u5408\u6210 \u4ece\u7406\u5ff5\u5230\u6070\u5f53\u7684\u65b9\u6848 \u4e3a\u6ee1\u8db3\u5e02\u573a\u4e0a\u7279\u6b8a\u7684\u5ba2\u6237\u9700\u6c42\uff0cKACO \u5728\u81ea\u8eab\u7684\u4f01\u4e1a\u4e2d\u5177\u5907\u6240\u6709\u91cd\u8981\u7684\u80fd\u529b\uff0c\u7279\u522b\u91cd\u89c6\u81ea\u8eab\u7684\u4ef7\u503c\u6df1\u5ea6\u3002 \u8fd9\u4e0d\u4ec5\u5305\u62ec\u7531 KACO \u81ea\u4e3b\u5f00\u53d1\u7684\u6750\u6599\uff0c\u8fd8\u5305\u62ec\u81ea\u4e3b\u751f\u4ea7\u8fd9\u4e9b\u6750\u6599\u3002 \u5982\u679c\u4ea7\u751f\u4e86\u4e2a\u6027\u5316\u5339\u914d\u7684\u65b9\u6848\uff0c\u4e4b\u540e\u5728 KACO","breadcrumb":{"@id":"https:\/\/kaco.de\/cn\/%e8%83%bd%e5%8a%9b\/%e7%94%9f%e4%ba%a7\/gummi-compounding\/#breadcrumb"},"inLanguage":"zh-Hans","potentialAction":[{"@type":"ReadAction","target":["https:\/\/kaco.de\/cn\/%e8%83%bd%e5%8a%9b\/%e7%94%9f%e4%ba%a7\/gummi-compounding\/"]}]},{"@type":"ImageObject","inLanguage":"zh-Hans","@id":"https:\/\/kaco.de\/cn\/%e8%83%bd%e5%8a%9b\/%e7%94%9f%e4%ba%a7\/gummi-compounding\/#primaryimage","url":"https:\/\/kaco.de\/wp-content\/uploads\/kompetenzen-gummi-compounding-kaco-1@2x.jpg","contentUrl":"https:\/\/kaco.de\/wp-content\/uploads\/kompetenzen-gummi-compounding-kaco-1@2x.jpg"},{"@type":"BreadcrumbList","@id":"https:\/\/kaco.de\/cn\/%e8%83%bd%e5%8a%9b\/%e7%94%9f%e4%ba%a7\/gummi-compounding\/#breadcrumb","itemListElement":[{"@type":"ListItem","position":1,"name":"Home","item":"https:\/\/kaco.de\/cn\/"},{"@type":"ListItem","position":2,"name":"\u80fd\u529b","item":"https:\/\/kaco.de\/cn\/%e8%83%bd%e5%8a%9b\/"},{"@type":"ListItem","position":3,"name":"\u751f\u4ea7","item":"https:\/\/kaco.de\/cn\/%e8%83%bd%e5%8a%9b\/%e7%94%9f%e4%ba%a7\/"},{"@type":"ListItem","position":4,"name":"\u6a61\u80f6\u5408\u6210"}]},{"@type":"WebSite","@id":"https:\/\/kaco.de\/#website","url":"https:\/\/kaco.de\/","name":"KACO - Der Experte f\u00fcr Dichtungssysteme","description":"Seien Sie mit unseren hochpr\u00e4zisen und anwendungsorientierten Dichtungsl\u00f6sungen bestens f\u00fcr die Automobil- und Maschinenbauindustrie ger\u00fcstet.","publisher":{"@id":"https:\/\/kaco.de\/#organization"},"potentialAction":[{"@type":"SearchAction","target":{"@type":"EntryPoint","urlTemplate":"https:\/\/kaco.de\/?s={search_term_string}"},"query-input":{"@type":"PropertyValueSpecification","valueRequired":true,"valueName":"search_term_string"}}],"inLanguage":"zh-Hans"},{"@type":"Organization","@id":"https:\/\/kaco.de\/#organization","name":"KACO - Der Experte f\u00fcr Dichtungssysteme","url":"https:\/\/kaco.de\/","logo":{"@type":"ImageObject","inLanguage":"zh-Hans","@id":"https:\/\/kaco.de\/#\/schema\/logo\/image\/","url":"https:\/\/kaco.de\/wp-content\/uploads\/cropped-logo1.png","contentUrl":"https:\/\/kaco.de\/wp-content\/uploads\/cropped-logo1.png","width":851,"height":254,"caption":"KACO - Der Experte f\u00fcr Dichtungssysteme"},"image":{"@id":"https:\/\/kaco.de\/#\/schema\/logo\/image\/"}}]}},"_links":{"self":[{"href":"https:\/\/kaco.de\/cn\/wp-json\/wp\/v2\/pages\/21325","targetHints":{"allow":["GET"]}}],"collection":[{"href":"https:\/\/kaco.de\/cn\/wp-json\/wp\/v2\/pages"}],"about":[{"href":"https:\/\/kaco.de\/cn\/wp-json\/wp\/v2\/types\/page"}],"author":[{"embeddable":true,"href":"https:\/\/kaco.de\/cn\/wp-json\/wp\/v2\/users\/3"}],"replies":[{"embeddable":true,"href":"https:\/\/kaco.de\/cn\/wp-json\/wp\/v2\/comments?post=21325"}],"version-history":[{"count":0,"href":"https:\/\/kaco.de\/cn\/wp-json\/wp\/v2\/pages\/21325\/revisions"}],"up":[{"embeddable":true,"href":"https:\/\/kaco.de\/cn\/wp-json\/wp\/v2\/pages\/21327"}],"wp:attachment":[{"href":"https:\/\/kaco.de\/cn\/wp-json\/wp\/v2\/media?parent=21325"}],"curies":[{"name":"wp","href":"https:\/\/api.w.org\/{rel}","templated":true}]}}