{"id":21328,"date":"2022-01-14T23:30:57","date_gmt":"2022-01-14T22:30:57","guid":{"rendered":"https:\/\/kaco.de\/%e7%89%b9%e7%a7%8d%e6%9c%ba%e6%a2%b0%e5%b7%a5%e7%a8%8b\/"},"modified":"2022-03-25T12:18:20","modified_gmt":"2022-03-25T11:18:20","slug":"%e7%89%b9%e7%a7%8d%e6%9c%ba%e6%a2%b0%e5%b7%a5%e7%a8%8b","status":"publish","type":"page","link":"https:\/\/kaco.de\/cn\/%e8%83%bd%e5%8a%9b\/%e6%8a%80%e6%9c%af\/%e7%89%b9%e7%a7%8d%e6%9c%ba%e6%a2%b0%e5%b7%a5%e7%a8%8b\/","title":{"rendered":"\u7279\u79cd\u673a\u5668\u5236\u9020"},"content":{"rendered":"\t\t<div data-elementor-type=\"wp-page\" data-elementor-id=\"21328\" class=\"elementor elementor-21328 elementor-3516\" data-elementor-post-type=\"page\">\n\t\t\t\t\t\t<section class=\"elementor-section elementor-top-section elementor-element elementor-element-32dad8c elementor-section-full_width elementor-section-stretched elementor-section-height-default elementor-section-height-default\" data-id=\"32dad8c\" data-element_type=\"section\" data-settings=\"{&quot;stretch_section&quot;:&quot;section-stretched&quot;}\">\n\t\t\t\t\t\t<div class=\"elementor-container elementor-column-gap-default\">\n\t\t\t\t\t<div class=\"elementor-column elementor-col-100 elementor-top-column elementor-element elementor-element-7d7e939\" data-id=\"7d7e939\" data-element_type=\"column\">\n\t\t\t<div class=\"elementor-widget-wrap elementor-element-populated\">\n\t\t\t\t\t\t<div class=\"elementor-element elementor-element-e9a6e30 elementor-widget elementor-widget-image\" data-id=\"e9a6e30\" data-element_type=\"widget\" data-widget_type=\"image.default\">\n\t\t\t\t<div class=\"elementor-widget-container\">\n\t\t\t\t\t\t\t\t\t\t\t\t\t\t\t<img fetchpriority=\"high\" decoding=\"async\" width=\"1400\" height=\"442\" src=\"https:\/\/kaco.de\/wp-content\/uploads\/kompetenzen-prototypenbau-kaco@2x-3024x955.jpeg\" class=\"attachment-large size-large wp-image-22973\" alt=\"\" srcset=\"https:\/\/kaco.de\/wp-content\/uploads\/kompetenzen-prototypenbau-kaco@2x-3024x955.jpeg 3024w, https:\/\/kaco.de\/wp-content\/uploads\/kompetenzen-prototypenbau-kaco@2x-300x95.jpeg 300w, https:\/\/kaco.de\/wp-content\/uploads\/kompetenzen-prototypenbau-kaco@2x-1536x485.jpeg 1536w, https:\/\/kaco.de\/wp-content\/uploads\/kompetenzen-prototypenbau-kaco@2x-2048x647.jpeg 2048w\" sizes=\"(max-width: 1400px) 100vw, 1400px\" \/>\t\t\t\t\t\t\t\t\t\t\t\t\t\t\t<\/div>\n\t\t\t\t<\/div>\n\t\t\t\t\t<\/div>\n\t\t<\/div>\n\t\t\t\t\t<\/div>\n\t\t<\/section>\n\t\t\t\t<section class=\"elementor-section elementor-top-section elementor-element elementor-element-5442302 elementor-section-content-bottom elementor-section-stretched pageheader elementor-section-boxed elementor-section-height-default elementor-section-height-default\" data-id=\"5442302\" data-element_type=\"section\" data-settings=\"{&quot;background_background&quot;:&quot;classic&quot;,&quot;stretch_section&quot;:&quot;section-stretched&quot;}\">\n\t\t\t\t\t\t<div class=\"elementor-container elementor-column-gap-default\">\n\t\t\t\t\t<div class=\"elementor-column elementor-col-50 elementor-top-column elementor-element elementor-element-c1fed36 pageheader-row-left\" data-id=\"c1fed36\" data-element_type=\"column\" data-settings=\"{&quot;background_background&quot;:&quot;classic&quot;}\">\n\t\t\t<div class=\"elementor-widget-wrap elementor-element-populated\">\n\t\t\t\t\t\t<div class=\"elementor-element elementor-element-6315456 elementor-widget elementor-widget-heading\" data-id=\"6315456\" data-element_type=\"widget\" data-widget_type=\"heading.default\">\n\t\t\t\t<div class=\"elementor-widget-container\">\n\t\t\t\t\t<span class=\"elementor-heading-title elementor-size-default\">\u7279\u79cd\u673a\u5668\u5236\u9020<\/span>\t\t\t\t<\/div>\n\t\t\t\t<\/div>\n\t\t\t\t<div class=\"elementor-element elementor-element-f238a54 elementor-widget elementor-widget-heading\" data-id=\"f238a54\" data-element_type=\"widget\" data-widget_type=\"heading.default\">\n\t\t\t\t<div class=\"elementor-widget-container\">\n\t\t\t\t\t<h1 class=\"elementor-heading-title elementor-size-default\">\u65b9\u6848\u548c\u8bbe\u8ba1\u6838\u5fc3\u80fd\u529b <\/h1>\t\t\t\t<\/div>\n\t\t\t\t<\/div>\n\t\t\t\t\t<\/div>\n\t\t<\/div>\n\t\t\t\t<div class=\"elementor-column elementor-col-50 elementor-top-column elementor-element elementor-element-bc5bd05\" data-id=\"bc5bd05\" data-element_type=\"column\">\n\t\t\t<div class=\"elementor-widget-wrap\">\n\t\t\t\t\t\t\t<\/div>\n\t\t<\/div>\n\t\t\t\t\t<\/div>\n\t\t<\/section>\n\t\t\t\t<section class=\"elementor-section elementor-top-section elementor-element elementor-element-61cd2f1 elementor-section-boxed elementor-section-height-default elementor-section-height-default\" data-id=\"61cd2f1\" data-element_type=\"section\" data-settings=\"{&quot;background_background&quot;:&quot;classic&quot;}\">\n\t\t\t\t\t\t<div class=\"elementor-container elementor-column-gap-default\">\n\t\t\t\t\t<div class=\"elementor-column elementor-col-50 elementor-top-column elementor-element elementor-element-d402507\" data-id=\"d402507\" data-element_type=\"column\">\n\t\t\t<div class=\"elementor-widget-wrap elementor-element-populated\">\n\t\t\t\t\t\t<div class=\"elementor-element elementor-element-36c14b4 elementor-widget elementor-widget-text-editor\" data-id=\"36c14b4\" data-element_type=\"widget\" data-widget_type=\"text-editor.default\">\n\t\t\t\t<div class=\"elementor-widget-container\">\n\t\t\t\t\t\t\t\t\t<p>\u516c\u53f8\u5185\u90e8\u7279\u79cd\u673a\u68b0\u5236\u9020\u7684\u4efb\u52a1\u9886\u57df\u5305\u62ec\u8bbe\u8ba1\u548c\u5236\u9020\u751f\u4ea7\u7ebf\u3001\u5355\u9879\u8bbe\u5907\u548c\u8bbe\u5907\u5347\u7ea7\u4ee5\u53ca\u8bbe\u8ba1\u548c\u751f\u4ea7\u5927\u591a\u6570\u6279\u91cf\u4ef6\u548c\u6837\u4ef6\u751f\u4ea7\u7528\u68c0\u5177\u3001\u91cf\u5177\u548c\u88c5\u914d\u5de5\u5177\u3002<\/p><p>\u901a\u8fc7\u8d34\u8fd1\u4ea7\u54c1\u548c\u9762\u5411\u8fc7\u7a0b\u89c4\u5212\uff0c\u8bde\u751f\u4e86\u4e00\u79cd\u914d\u5408\u7cbe\u786e\u3001\u9002\u5408\u82e5\u5e72\u79cd\u90e8\u4ef6\u7684\u751f\u4ea7\u89e3\u51b3\u65b9\u6848\uff0c\u901a\u8fc7\u4e0e\u8fc7\u7a0b\u8bde\u751f\u548c\u751f\u4ea7\u90e8\u95e8\u7d27\u5bc6\u5408\u4f5c\uff0c\u5f62\u6210\u4e86\u6700\u4f73\u7684\u751f\u4ea7\u8fc7\u7a0b\u3002<\/p><p>\u7531\u4e8e\u6709\u6570\u5341\u5e74\u7684\u7279\u79cd\u673a\u68b0\u751f\u4ea7\u548c\u7ef4\u62a4\u5386\u53f2\uff0c\u56e0\u6b64\u79ef\u7d2f\u4e86\u4e30\u5bcc\u7684\u7ecf\u9a8c\uff0c\u8fd9\u6837\u53ef\u5728\u6280\u672f\u4e0a\u5145\u5206\u5b9e\u73b0\u672a\u6765\u7684\u6d41\u7a0b\u548c\u4ea7\u54c1\uff0c\u540c\u65f6\u517c\u5177\u7ecf\u6d4e\u6027\u3002<\/p><p>\u56e0\u6b64\uff0c\u7279\u79cd\u673a\u5668\u5236\u9020\u6784\u6210\u4e86\u9762\u5411\u672a\u6765\u6709\u7ecf\u6d4e\u6548\u76ca\u5730\u751f\u4ea7\u7684\u6838\u5fc3\u80fd\u529b\uff0c\u8fd9\u79cd\u751f\u4ea7\u59cb\u7ec8\u9700\u8981\u9762\u5bf9\u590d\u6742\u3001\u8303\u56f4\u66f4\u4e3a\u5168\u9762\u7684\u8fc7\u7a0b\u3002<\/p>\t\t\t\t\t\t\t\t<\/div>\n\t\t\t\t<\/div>\n\t\t\t\t\t<\/div>\n\t\t<\/div>\n\t\t\t\t<div class=\"elementor-column elementor-col-50 elementor-top-column elementor-element elementor-element-a5dc274\" data-id=\"a5dc274\" data-element_type=\"column\">\n\t\t\t<div class=\"elementor-widget-wrap elementor-element-populated\">\n\t\t\t\t\t\t<div class=\"elementor-element elementor-element-5f8acf6 elementor-widget elementor-widget-image\" data-id=\"5f8acf6\" data-element_type=\"widget\" data-widget_type=\"image.default\">\n\t\t\t\t<div class=\"elementor-widget-container\">\n\t\t\t\t\t\t\t\t\t\t\t\t\t\t\t<img decoding=\"async\" width=\"1024\" height=\"576\" src=\"https:\/\/kaco.de\/wp-content\/uploads\/Klebstoffautfrag-Anlage-KI-002-1024x576.jpg\" class=\"attachment-large size-large wp-image-21329\" alt=\"\" srcset=\"https:\/\/kaco.de\/wp-content\/uploads\/Klebstoffautfrag-Anlage-KI-002-1024x576.jpg 1024w, https:\/\/kaco.de\/wp-content\/uploads\/Klebstoffautfrag-Anlage-KI-002-300x169.jpg 300w, https:\/\/kaco.de\/wp-content\/uploads\/Klebstoffautfrag-Anlage-KI-002-768x432.jpg 768w, https:\/\/kaco.de\/wp-content\/uploads\/Klebstoffautfrag-Anlage-KI-002-1536x864.jpg 1536w, https:\/\/kaco.de\/wp-content\/uploads\/Klebstoffautfrag-Anlage-KI-002-2048x1152.jpg 2048w\" sizes=\"(max-width: 1024px) 100vw, 1024px\" \/>\t\t\t\t\t\t\t\t\t\t\t\t\t\t\t<\/div>\n\t\t\t\t<\/div>\n\t\t\t\t\t<\/div>\n\t\t<\/div>\n\t\t\t\t\t<\/div>\n\t\t<\/section>\n\t\t\t\t<\/div>\n\t\t","protected":false},"excerpt":{"rendered":"<p>\u7279\u79cd\u673a\u5668\u5236\u9020 \u65b9\u6848\u548c\u8bbe\u8ba1\u6838\u5fc3\u80fd\u529b \u516c\u53f8\u5185\u90e8\u7279\u79cd\u673a\u68b0\u5236\u9020\u7684\u4efb\u52a1\u9886\u57df\u5305\u62ec\u8bbe\u8ba1\u548c\u5236\u9020\u751f\u4ea7\u7ebf\u3001\u5355\u9879\u8bbe\u5907\u548c\u8bbe\u5907\u5347\u7ea7\u4ee5\u53ca\u8bbe [&hellip;]<\/p>\n","protected":false},"author":3,"featured_media":0,"parent":21352,"menu_order":0,"comment_status":"closed","ping_status":"closed","template":"","meta":{"_acf_changed":false,"site-sidebar-layout":"no-sidebar","site-content-layout":"page-builder","ast-site-content-layout":"default","site-content-style":"default","site-sidebar-style":"default","ast-global-header-display":"","ast-banner-title-visibility":"","ast-main-header-display":"","ast-hfb-above-header-display":"","ast-hfb-below-header-display":"","ast-hfb-mobile-header-display":"","site-post-title":"disabled","ast-breadcrumbs-content":"","ast-featured-img":"disabled","footer-sml-layout":"","ast-disable-related-posts":"","theme-transparent-header-meta":"","adv-header-id-meta":"","stick-header-meta":"","header-above-stick-meta":"","header-main-stick-meta":"","header-below-stick-meta":"","astra-migrate-meta-layouts":"default","ast-page-background-enabled":"default","ast-page-background-meta":{"desktop":{"background-color":"var(--ast-global-color-4)","background-image":"","background-repeat":"repeat","background-position":"center center","background-size":"auto","background-attachment":"scroll","background-type":"","background-media":"","overlay-type":"","overlay-color":"","overlay-opacity":"","overlay-gradient":""},"tablet":{"background-color":"","background-image":"","background-repeat":"repeat","background-position":"center center","background-size":"auto","background-attachment":"scroll","background-type":"","background-media":"","overlay-type":"","overlay-color":"","overlay-opacity":"","overlay-gradient":""},"mobile":{"background-color":"","background-image":"","background-repeat":"repeat","background-position":"center center","background-size":"auto","background-attachment":"scroll","background-type":"","background-media":"","overlay-type":"","overlay-color":"","overlay-opacity":"","overlay-gradient":""}},"ast-content-background-meta":{"desktop":{"background-color":"var(--ast-global-color-5)","background-image":"","background-repeat":"repeat","background-position":"center center","background-size":"auto","background-attachment":"scroll","background-type":"","background-media":"","overlay-type":"","overlay-color":"","overlay-opacity":"","overlay-gradient":""},"tablet":{"background-color":"var(--ast-global-color-5)","background-image":"","background-repeat":"repeat","background-position":"center center","background-size":"auto","background-attachment":"scroll","background-type":"","background-media":"","overlay-type":"","overlay-color":"","overlay-opacity":"","overlay-gradient":""},"mobile":{"background-color":"var(--ast-global-color-5)","background-image":"","background-repeat":"repeat","background-position":"center center","background-size":"auto","background-attachment":"scroll","background-type":"","background-media":"","overlay-type":"","overlay-color":"","overlay-opacity":"","overlay-gradient":""}},"footnotes":""},"class_list":["post-21328","page","type-page","status-publish","hentry"],"acf":[],"yoast_head":"<!-- This site is optimized with the Yoast SEO plugin v27.4 - https:\/\/yoast.com\/product\/yoast-seo-wordpress\/ -->\n<title>\u7279\u79cd\u673a\u5668\u5236\u9020 - KACO - Der Experte f\u00fcr Dichtungssysteme<\/title>\n<meta name=\"description\" content=\"\u7279\u79cd\u673a\u5668\u5236\u9020 \u65b9\u6848\u548c\u8bbe\u8ba1\u6838\u5fc3\u80fd\u529b\" \/>\n<meta name=\"robots\" content=\"index, follow, max-snippet:-1, max-image-preview:large, max-video-preview:-1\" \/>\n<link rel=\"canonical\" href=\"https:\/\/kaco.de\/cn\/\u7279\u79cd\u673a\u68b0\u5de5\u7a0b\/\" \/>\n<meta property=\"og:locale\" content=\"zh_CN\" \/>\n<meta property=\"og:type\" content=\"article\" \/>\n<meta property=\"og:title\" content=\"\u7279\u79cd\u673a\u5668\u5236\u9020 - KACO - Der Experte f\u00fcr Dichtungssysteme\" \/>\n<meta property=\"og:description\" content=\"\u7279\u79cd\u673a\u5668\u5236\u9020 \u65b9\u6848\u548c\u8bbe\u8ba1\u6838\u5fc3\u80fd\u529b\" \/>\n<meta property=\"og:url\" content=\"https:\/\/kaco.de\/cn\/\u7279\u79cd\u673a\u68b0\u5de5\u7a0b\/\" \/>\n<meta property=\"og:site_name\" content=\"KACO - Der Experte f\u00fcr Dichtungssysteme\" \/>\n<meta property=\"article:modified_time\" content=\"2022-03-25T11:18:20+00:00\" \/>\n<meta property=\"og:image\" content=\"https:\/\/kaco.de\/wp-content\/uploads\/kompetenzen-prototypenbau-kaco@2x-3024x955.jpeg\" \/>\n<meta name=\"twitter:card\" content=\"summary_large_image\" \/>\n<meta name=\"twitter:label1\" content=\"\u9884\u8ba1\u9605\u8bfb\u65f6\u95f4\" \/>\n\t<meta name=\"twitter:data1\" content=\"1 \u5206\" \/>\n<script type=\"application\/ld+json\" class=\"yoast-schema-graph\">{\"@context\":\"https:\\\/\\\/schema.org\",\"@graph\":[{\"@type\":\"WebPage\",\"@id\":\"https:\\\/\\\/kaco.de\\\/cn\\\/%e7%89%b9%e7%a7%8d%e6%9c%ba%e6%a2%b0%e5%b7%a5%e7%a8%8b\\\/\",\"url\":\"https:\\\/\\\/kaco.de\\\/cn\\\/%e7%89%b9%e7%a7%8d%e6%9c%ba%e6%a2%b0%e5%b7%a5%e7%a8%8b\\\/\",\"name\":\"\u7279\u79cd\u673a\u5668\u5236\u9020 - KACO - Der Experte f\u00fcr Dichtungssysteme\",\"isPartOf\":{\"@id\":\"https:\\\/\\\/kaco.de\\\/#website\"},\"primaryImageOfPage\":{\"@id\":\"https:\\\/\\\/kaco.de\\\/cn\\\/%e7%89%b9%e7%a7%8d%e6%9c%ba%e6%a2%b0%e5%b7%a5%e7%a8%8b\\\/#primaryimage\"},\"image\":{\"@id\":\"https:\\\/\\\/kaco.de\\\/cn\\\/%e7%89%b9%e7%a7%8d%e6%9c%ba%e6%a2%b0%e5%b7%a5%e7%a8%8b\\\/#primaryimage\"},\"thumbnailUrl\":\"https:\\\/\\\/kaco.de\\\/wp-content\\\/uploads\\\/kompetenzen-prototypenbau-kaco@2x-3024x955.jpeg\",\"datePublished\":\"2022-01-14T22:30:57+00:00\",\"dateModified\":\"2022-03-25T11:18:20+00:00\",\"description\":\"\u7279\u79cd\u673a\u5668\u5236\u9020 \u65b9\u6848\u548c\u8bbe\u8ba1\u6838\u5fc3\u80fd\u529b\",\"breadcrumb\":{\"@id\":\"https:\\\/\\\/kaco.de\\\/cn\\\/%e7%89%b9%e7%a7%8d%e6%9c%ba%e6%a2%b0%e5%b7%a5%e7%a8%8b\\\/#breadcrumb\"},\"inLanguage\":\"zh-Hans\",\"potentialAction\":[{\"@type\":\"ReadAction\",\"target\":[\"https:\\\/\\\/kaco.de\\\/cn\\\/%e7%89%b9%e7%a7%8d%e6%9c%ba%e6%a2%b0%e5%b7%a5%e7%a8%8b\\\/\"]}]},{\"@type\":\"ImageObject\",\"inLanguage\":\"zh-Hans\",\"@id\":\"https:\\\/\\\/kaco.de\\\/cn\\\/%e7%89%b9%e7%a7%8d%e6%9c%ba%e6%a2%b0%e5%b7%a5%e7%a8%8b\\\/#primaryimage\",\"url\":\"https:\\\/\\\/kaco.de\\\/wp-content\\\/uploads\\\/kompetenzen-prototypenbau-kaco@2x-3024x955.jpeg\",\"contentUrl\":\"https:\\\/\\\/kaco.de\\\/wp-content\\\/uploads\\\/kompetenzen-prototypenbau-kaco@2x-3024x955.jpeg\"},{\"@type\":\"BreadcrumbList\",\"@id\":\"https:\\\/\\\/kaco.de\\\/cn\\\/%e7%89%b9%e7%a7%8d%e6%9c%ba%e6%a2%b0%e5%b7%a5%e7%a8%8b\\\/#breadcrumb\",\"itemListElement\":[{\"@type\":\"ListItem\",\"position\":1,\"name\":\"Home\",\"item\":\"https:\\\/\\\/kaco.de\\\/cn\\\/\"},{\"@type\":\"ListItem\",\"position\":2,\"name\":\"\u7279\u79cd\u673a\u5668\u5236\u9020\"}]},{\"@type\":\"WebSite\",\"@id\":\"https:\\\/\\\/kaco.de\\\/#website\",\"url\":\"https:\\\/\\\/kaco.de\\\/\",\"name\":\"KACO - Der Experte f\u00fcr Dichtungssysteme\",\"description\":\"Seien Sie mit unseren hochpr\u00e4zisen und anwendungsorientierten Dichtungsl\u00f6sungen bestens f\u00fcr die Automobil- und Maschinenbauindustrie ger\u00fcstet.\",\"publisher\":{\"@id\":\"https:\\\/\\\/kaco.de\\\/#organization\"},\"potentialAction\":[{\"@type\":\"SearchAction\",\"target\":{\"@type\":\"EntryPoint\",\"urlTemplate\":\"https:\\\/\\\/kaco.de\\\/?s={search_term_string}\"},\"query-input\":{\"@type\":\"PropertyValueSpecification\",\"valueRequired\":true,\"valueName\":\"search_term_string\"}}],\"inLanguage\":\"zh-Hans\"},{\"@type\":\"Organization\",\"@id\":\"https:\\\/\\\/kaco.de\\\/#organization\",\"name\":\"KACO - Der Experte f\u00fcr Dichtungssysteme\",\"url\":\"https:\\\/\\\/kaco.de\\\/\",\"logo\":{\"@type\":\"ImageObject\",\"inLanguage\":\"zh-Hans\",\"@id\":\"https:\\\/\\\/kaco.de\\\/#\\\/schema\\\/logo\\\/image\\\/\",\"url\":\"https:\\\/\\\/kaco.de\\\/wp-content\\\/uploads\\\/cropped-logo1.png\",\"contentUrl\":\"https:\\\/\\\/kaco.de\\\/wp-content\\\/uploads\\\/cropped-logo1.png\",\"width\":851,\"height\":254,\"caption\":\"KACO - Der Experte f\u00fcr Dichtungssysteme\"},\"image\":{\"@id\":\"https:\\\/\\\/kaco.de\\\/#\\\/schema\\\/logo\\\/image\\\/\"}}]}<\/script>\n<!-- \/ Yoast SEO plugin. -->","yoast_head_json":{"title":"\u7279\u79cd\u673a\u5668\u5236\u9020 - KACO - Der Experte f\u00fcr Dichtungssysteme","description":"\u7279\u79cd\u673a\u5668\u5236\u9020 \u65b9\u6848\u548c\u8bbe\u8ba1\u6838\u5fc3\u80fd\u529b","robots":{"index":"index","follow":"follow","max-snippet":"max-snippet:-1","max-image-preview":"max-image-preview:large","max-video-preview":"max-video-preview:-1"},"canonical":"https:\/\/kaco.de\/cn\/\u7279\u79cd\u673a\u68b0\u5de5\u7a0b\/","og_locale":"zh_CN","og_type":"article","og_title":"\u7279\u79cd\u673a\u5668\u5236\u9020 - KACO - Der Experte f\u00fcr Dichtungssysteme","og_description":"\u7279\u79cd\u673a\u5668\u5236\u9020 \u65b9\u6848\u548c\u8bbe\u8ba1\u6838\u5fc3\u80fd\u529b","og_url":"https:\/\/kaco.de\/cn\/\u7279\u79cd\u673a\u68b0\u5de5\u7a0b\/","og_site_name":"KACO - Der Experte f\u00fcr Dichtungssysteme","article_modified_time":"2022-03-25T11:18:20+00:00","og_image":[{"url":"https:\/\/kaco.de\/wp-content\/uploads\/kompetenzen-prototypenbau-kaco@2x-3024x955.jpeg","type":"","width":"","height":""}],"twitter_card":"summary_large_image","twitter_misc":{"\u9884\u8ba1\u9605\u8bfb\u65f6\u95f4":"1 \u5206"},"schema":{"@context":"https:\/\/schema.org","@graph":[{"@type":"WebPage","@id":"https:\/\/kaco.de\/cn\/%e7%89%b9%e7%a7%8d%e6%9c%ba%e6%a2%b0%e5%b7%a5%e7%a8%8b\/","url":"https:\/\/kaco.de\/cn\/%e7%89%b9%e7%a7%8d%e6%9c%ba%e6%a2%b0%e5%b7%a5%e7%a8%8b\/","name":"\u7279\u79cd\u673a\u5668\u5236\u9020 - KACO - Der Experte f\u00fcr Dichtungssysteme","isPartOf":{"@id":"https:\/\/kaco.de\/#website"},"primaryImageOfPage":{"@id":"https:\/\/kaco.de\/cn\/%e7%89%b9%e7%a7%8d%e6%9c%ba%e6%a2%b0%e5%b7%a5%e7%a8%8b\/#primaryimage"},"image":{"@id":"https:\/\/kaco.de\/cn\/%e7%89%b9%e7%a7%8d%e6%9c%ba%e6%a2%b0%e5%b7%a5%e7%a8%8b\/#primaryimage"},"thumbnailUrl":"https:\/\/kaco.de\/wp-content\/uploads\/kompetenzen-prototypenbau-kaco@2x-3024x955.jpeg","datePublished":"2022-01-14T22:30:57+00:00","dateModified":"2022-03-25T11:18:20+00:00","description":"\u7279\u79cd\u673a\u5668\u5236\u9020 \u65b9\u6848\u548c\u8bbe\u8ba1\u6838\u5fc3\u80fd\u529b","breadcrumb":{"@id":"https:\/\/kaco.de\/cn\/%e7%89%b9%e7%a7%8d%e6%9c%ba%e6%a2%b0%e5%b7%a5%e7%a8%8b\/#breadcrumb"},"inLanguage":"zh-Hans","potentialAction":[{"@type":"ReadAction","target":["https:\/\/kaco.de\/cn\/%e7%89%b9%e7%a7%8d%e6%9c%ba%e6%a2%b0%e5%b7%a5%e7%a8%8b\/"]}]},{"@type":"ImageObject","inLanguage":"zh-Hans","@id":"https:\/\/kaco.de\/cn\/%e7%89%b9%e7%a7%8d%e6%9c%ba%e6%a2%b0%e5%b7%a5%e7%a8%8b\/#primaryimage","url":"https:\/\/kaco.de\/wp-content\/uploads\/kompetenzen-prototypenbau-kaco@2x-3024x955.jpeg","contentUrl":"https:\/\/kaco.de\/wp-content\/uploads\/kompetenzen-prototypenbau-kaco@2x-3024x955.jpeg"},{"@type":"BreadcrumbList","@id":"https:\/\/kaco.de\/cn\/%e7%89%b9%e7%a7%8d%e6%9c%ba%e6%a2%b0%e5%b7%a5%e7%a8%8b\/#breadcrumb","itemListElement":[{"@type":"ListItem","position":1,"name":"Home","item":"https:\/\/kaco.de\/cn\/"},{"@type":"ListItem","position":2,"name":"\u7279\u79cd\u673a\u5668\u5236\u9020"}]},{"@type":"WebSite","@id":"https:\/\/kaco.de\/#website","url":"https:\/\/kaco.de\/","name":"KACO - Der Experte f\u00fcr Dichtungssysteme","description":"Seien Sie mit unseren hochpr\u00e4zisen und anwendungsorientierten Dichtungsl\u00f6sungen bestens f\u00fcr die Automobil- und Maschinenbauindustrie ger\u00fcstet.","publisher":{"@id":"https:\/\/kaco.de\/#organization"},"potentialAction":[{"@type":"SearchAction","target":{"@type":"EntryPoint","urlTemplate":"https:\/\/kaco.de\/?s={search_term_string}"},"query-input":{"@type":"PropertyValueSpecification","valueRequired":true,"valueName":"search_term_string"}}],"inLanguage":"zh-Hans"},{"@type":"Organization","@id":"https:\/\/kaco.de\/#organization","name":"KACO - Der Experte f\u00fcr Dichtungssysteme","url":"https:\/\/kaco.de\/","logo":{"@type":"ImageObject","inLanguage":"zh-Hans","@id":"https:\/\/kaco.de\/#\/schema\/logo\/image\/","url":"https:\/\/kaco.de\/wp-content\/uploads\/cropped-logo1.png","contentUrl":"https:\/\/kaco.de\/wp-content\/uploads\/cropped-logo1.png","width":851,"height":254,"caption":"KACO - Der Experte f\u00fcr Dichtungssysteme"},"image":{"@id":"https:\/\/kaco.de\/#\/schema\/logo\/image\/"}}]}},"_links":{"self":[{"href":"https:\/\/kaco.de\/cn\/wp-json\/wp\/v2\/pages\/21328","targetHints":{"allow":["GET"]}}],"collection":[{"href":"https:\/\/kaco.de\/cn\/wp-json\/wp\/v2\/pages"}],"about":[{"href":"https:\/\/kaco.de\/cn\/wp-json\/wp\/v2\/types\/page"}],"author":[{"embeddable":true,"href":"https:\/\/kaco.de\/cn\/wp-json\/wp\/v2\/users\/3"}],"replies":[{"embeddable":true,"href":"https:\/\/kaco.de\/cn\/wp-json\/wp\/v2\/comments?post=21328"}],"version-history":[{"count":0,"href":"https:\/\/kaco.de\/cn\/wp-json\/wp\/v2\/pages\/21328\/revisions"}],"up":[{"embeddable":true,"href":"https:\/\/kaco.de\/cn\/wp-json\/wp\/v2\/pages\/21352"}],"wp:attachment":[{"href":"https:\/\/kaco.de\/cn\/wp-json\/wp\/v2\/media?parent=21328"}],"curies":[{"name":"wp","href":"https:\/\/api.w.org\/{rel}","templated":true}]}}