{"id":21349,"date":"2022-01-14T23:29:14","date_gmt":"2022-01-14T22:29:14","guid":{"rendered":"https:\/\/kaco.de\/%e7%a3%81%e5%8c%96\/"},"modified":"2022-03-25T12:18:58","modified_gmt":"2022-03-25T11:18:58","slug":"%e7%a3%81%e5%8c%96","status":"publish","type":"page","link":"https:\/\/kaco.de\/cn\/%e8%83%bd%e5%8a%9b\/%e6%8a%80%e6%9c%af\/%e7%a3%81%e5%8c%96\/","title":{"rendered":"\u78c1\u5316"},"content":{"rendered":"\t\t<div data-elementor-type=\"wp-page\" data-elementor-id=\"21349\" class=\"elementor elementor-21349 elementor-3510\" data-elementor-post-type=\"page\">\n\t\t\t\t\t\t<section class=\"elementor-section elementor-top-section elementor-element elementor-element-8bbf0fa elementor-section-full_width elementor-section-stretched elementor-section-height-default elementor-section-height-default\" data-id=\"8bbf0fa\" data-element_type=\"section\" data-settings=\"{&quot;stretch_section&quot;:&quot;section-stretched&quot;}\">\n\t\t\t\t\t\t<div class=\"elementor-container elementor-column-gap-default\">\n\t\t\t\t\t<div class=\"elementor-column elementor-col-100 elementor-top-column elementor-element elementor-element-781b0d9\" data-id=\"781b0d9\" data-element_type=\"column\">\n\t\t\t<div class=\"elementor-widget-wrap elementor-element-populated\">\n\t\t\t\t\t\t<div class=\"elementor-element elementor-element-47e6c2f elementor-widget elementor-widget-image\" data-id=\"47e6c2f\" data-element_type=\"widget\" data-widget_type=\"image.default\">\n\t\t\t\t<div class=\"elementor-widget-container\">\n\t\t\t\t\t\t\t\t\t\t\t\t\t\t\t<img fetchpriority=\"high\" decoding=\"async\" width=\"3800\" height=\"1200\" src=\"https:\/\/kaco.de\/wp-content\/uploads\/kompetenzen-magnetisierung-kaco@2x.jpeg\" class=\"attachment-full size-full wp-image-23196\" alt=\"\" srcset=\"https:\/\/kaco.de\/wp-content\/uploads\/kompetenzen-magnetisierung-kaco@2x.jpeg 3800w, https:\/\/kaco.de\/wp-content\/uploads\/kompetenzen-magnetisierung-kaco@2x-300x95.jpeg 300w, https:\/\/kaco.de\/wp-content\/uploads\/kompetenzen-magnetisierung-kaco@2x-1536x485.jpeg 1536w, https:\/\/kaco.de\/wp-content\/uploads\/kompetenzen-magnetisierung-kaco@2x-2048x647.jpeg 2048w\" sizes=\"(max-width: 3800px) 100vw, 3800px\" \/>\t\t\t\t\t\t\t\t\t\t\t\t\t\t\t<\/div>\n\t\t\t\t<\/div>\n\t\t\t\t\t<\/div>\n\t\t<\/div>\n\t\t\t\t\t<\/div>\n\t\t<\/section>\n\t\t\t\t<section class=\"elementor-section elementor-top-section elementor-element elementor-element-bdb37f1 elementor-section-content-bottom elementor-section-stretched pageheader elementor-section-boxed elementor-section-height-default elementor-section-height-default\" data-id=\"bdb37f1\" data-element_type=\"section\" data-settings=\"{&quot;background_background&quot;:&quot;classic&quot;,&quot;stretch_section&quot;:&quot;section-stretched&quot;}\">\n\t\t\t\t\t\t<div class=\"elementor-container elementor-column-gap-default\">\n\t\t\t\t\t<div class=\"elementor-column elementor-col-50 elementor-top-column elementor-element elementor-element-b1372f6 pageheader-row-left\" data-id=\"b1372f6\" data-element_type=\"column\" data-settings=\"{&quot;background_background&quot;:&quot;classic&quot;}\">\n\t\t\t<div class=\"elementor-widget-wrap elementor-element-populated\">\n\t\t\t\t\t\t<div class=\"elementor-element elementor-element-6d47538 elementor-widget elementor-widget-heading\" data-id=\"6d47538\" data-element_type=\"widget\" data-widget_type=\"heading.default\">\n\t\t\t\t<div class=\"elementor-widget-container\">\n\t\t\t\t\t<span class=\"elementor-heading-title elementor-size-default\">\u78c1\u5316<\/span>\t\t\t\t<\/div>\n\t\t\t\t<\/div>\n\t\t\t\t<div class=\"elementor-element elementor-element-6c75a1b elementor-widget elementor-widget-heading\" data-id=\"6c75a1b\" data-element_type=\"widget\" data-widget_type=\"heading.default\">\n\t\t\t\t<div class=\"elementor-widget-container\">\n\t\t\t\t\t<h1 class=\"elementor-heading-title elementor-size-default\">\u5f84\u5411\u548c\u8f74\u5411\u7f16\u7801\u5668<\/h1>\t\t\t\t<\/div>\n\t\t\t\t<\/div>\n\t\t\t\t\t<\/div>\n\t\t<\/div>\n\t\t\t\t<div class=\"elementor-column elementor-col-50 elementor-top-column elementor-element elementor-element-c1c0101\" data-id=\"c1c0101\" data-element_type=\"column\">\n\t\t\t<div class=\"elementor-widget-wrap\">\n\t\t\t\t\t\t\t<\/div>\n\t\t<\/div>\n\t\t\t\t\t<\/div>\n\t\t<\/section>\n\t\t\t\t<section class=\"elementor-section elementor-top-section elementor-element elementor-element-c361b8a elementor-section-boxed elementor-section-height-default elementor-section-height-default\" data-id=\"c361b8a\" data-element_type=\"section\">\n\t\t\t\t\t\t<div class=\"elementor-container elementor-column-gap-default\">\n\t\t\t\t\t<div class=\"elementor-column elementor-col-50 elementor-top-column elementor-element elementor-element-0a6ab5d\" data-id=\"0a6ab5d\" data-element_type=\"column\">\n\t\t\t<div class=\"elementor-widget-wrap elementor-element-populated\">\n\t\t\t\t\t\t<div class=\"elementor-element elementor-element-d9d8d05 elementor-widget elementor-widget-text-editor\" data-id=\"d9d8d05\" data-element_type=\"widget\" data-widget_type=\"text-editor.default\">\n\t\t\t\t<div class=\"elementor-widget-container\">\n\t\t\t\t\t\t\t\t\t<p>\u5728\u6570\u5b57\u65f6\u4ee3\uff0c\u7279\u6b8a\u52a0\u5bc6\u6280\u672f\u662f\u5fc5\u4e0d\u53ef\u5c11\u7684\u3002 \u8fd9\u4e5f\u5305\u62ec\u5f84\u5411\u548c\u8f74\u5411\u78c1\u6027\u7f16\u7801\u5668\u3002 \u4e3a\u4e86\u5c06\u7279\u6b8a\u7684\u78c1\u4ee3\u7801\u5e94\u7528\u5230\u8fd9\u4e9b\u7f16\u7801\u5668\u4e0a\uff0cKACO \u4f7f\u7528\u4e86\u78c1\u5316\u5de5\u827a\uff0c\u5b83\u4eec\u6309\u7167\u5404\u79cd\u578b\u53f7\u7684\u4f20\u611f\u5668\u548c\u5e94\u7528\u91cf\u8eab\u8ba2\u5236\u3002 \u4e00\u9879\u6838\u5fc3\u524d\u63d0\u5c31\u662f\u6700\u4f73\u786b\u5316\u6548\u679c\u3002<\/p><p>\u5982\u679c\u662f\u78c1\u5316\uff0c\u6211\u4eec\u9700\u8981\u533a\u5206\u52a8\u6001\u548c\u9759\u6001\u8fc7\u7a0b\u3002 \u5982\u679c\u662f\u52a8\u6001\u78c1\u5316\u8fc7\u7a0b\uff0c\u5219\u7f16\u7801\u5668\u79fb\u52a8\uff0c\u78c1\u5934\u9010\u6b65\u78c1\u5316\u3002 \u8fd9\u4e00\u5de5\u827a\u53ef\u5b9e\u73b0\u6781\u4e3a\u7cbe\u786e\u548c\u590d\u6742\u7684\u78c1\u5316\u6a21\u578b\u3002 \u9700\u8981\u65f6\u53ef\u4ee5\u9644\u52a0\u4fee\u6b63\u78c1\u5316\u3002<\/p><p>\u5982\u679c\u662f\u9759\u6001\u78c1\u5316\u8fc7\u7a0b\uff0c\u5219\u4e13\u95e8\u751f\u4ea7\u7684\u78c1\u5316\u5de5\u5177\u4e00\u6b65\u5b9e\u73b0\u78c1\u5316\u3002 \u8fd9\u4e00\u5de5\u827a\u6781\u5176\u7a33\u5b9a\uff0c\u53ef\u5b9e\u73b0\u5feb\u901f\u7684\u5faa\u73af\u65f6\u95f4\u3002<\/p><p>\u4e3a\u8fbe\u5230\u7a33\u5b9a\u7684\u6548\u679c\uff0c\u6211\u4eec\u7684\u4e13\u5bb6\u53ef\u501f\u52a9\u4e13\u7528\u8f6f\u4ef6\u4e8b\u5148\u6a21\u62df\u78c1\u5316\u3002 \u6279\u91cf\u4f7f\u7528\u4e4b\u524d\uff0c\u4f1a\u8fdb\u884c\u7cbe\u786e\u6d4b\u91cf\u548c\u9a8c\u8bc1\uff0c\u4ee5\u4fdd\u8bc1\u8fbe\u5230\u5ba2\u6237\u8981\u6c42\u7684\u4fe1\u53f7\u6807\u51c6\u3002<\/p>\t\t\t\t\t\t\t\t<\/div>\n\t\t\t\t<\/div>\n\t\t\t\t<div class=\"elementor-element elementor-element-66f1ac2 elementor-widget elementor-widget-spacer\" data-id=\"66f1ac2\" data-element_type=\"widget\" data-widget_type=\"spacer.default\">\n\t\t\t\t<div class=\"elementor-widget-container\">\n\t\t\t\t\t\t\t<div class=\"elementor-spacer\">\n\t\t\t<div class=\"elementor-spacer-inner\"><\/div>\n\t\t<\/div>\n\t\t\t\t\t\t<\/div>\n\t\t\t\t<\/div>\n\t\t\t\t\t<\/div>\n\t\t<\/div>\n\t\t\t\t<div class=\"elementor-column elementor-col-50 elementor-top-column elementor-element elementor-element-b641f9a\" data-id=\"b641f9a\" data-element_type=\"column\">\n\t\t\t<div class=\"elementor-widget-wrap elementor-element-populated\">\n\t\t\t\t\t\t<div class=\"elementor-element elementor-element-6bc939f elementor-widget elementor-widget-image\" data-id=\"6bc939f\" data-element_type=\"widget\" data-widget_type=\"image.default\">\n\t\t\t\t<div class=\"elementor-widget-container\">\n\t\t\t\t\t\t\t\t\t\t\t\t\t\t\t<img decoding=\"async\" width=\"1400\" height=\"933\" src=\"https:\/\/kaco.de\/wp-content\/uploads\/kompetenzen-magnetisierung-kaco-2@2x-1536x1024.png\" class=\"attachment-large size-large wp-image-23197\" alt=\"\" srcset=\"https:\/\/kaco.de\/wp-content\/uploads\/kompetenzen-magnetisierung-kaco-2@2x-1536x1024.png 1536w, https:\/\/kaco.de\/wp-content\/uploads\/kompetenzen-magnetisierung-kaco-2@2x-300x200.png 300w, https:\/\/kaco.de\/wp-content\/uploads\/kompetenzen-magnetisierung-kaco-2@2x.png 1600w\" sizes=\"(max-width: 1400px) 100vw, 1400px\" \/>\t\t\t\t\t\t\t\t\t\t\t\t\t\t\t<\/div>\n\t\t\t\t<\/div>\n\t\t\t\t\t<\/div>\n\t\t<\/div>\n\t\t\t\t\t<\/div>\n\t\t<\/section>\n\t\t\t\t<\/div>\n\t\t","protected":false},"excerpt":{"rendered":"<p>\u78c1\u5316 \u5f84\u5411\u548c\u8f74\u5411\u7f16\u7801\u5668 \u5728\u6570\u5b57\u65f6\u4ee3\uff0c\u7279\u6b8a\u52a0\u5bc6\u6280\u672f\u662f\u5fc5\u4e0d\u53ef\u5c11\u7684\u3002 \u8fd9\u4e5f\u5305\u62ec\u5f84\u5411\u548c\u8f74\u5411\u78c1\u6027\u7f16\u7801\u5668\u3002 \u4e3a\u4e86\u5c06\u7279\u6b8a\u7684\u78c1 [&hellip;]<\/p>\n","protected":false},"author":3,"featured_media":0,"parent":21352,"menu_order":0,"comment_status":"closed","ping_status":"closed","template":"","meta":{"_acf_changed":false,"site-sidebar-layout":"no-sidebar","site-content-layout":"page-builder","ast-site-content-layout":"default","site-content-style":"default","site-sidebar-style":"default","ast-global-header-display":"","ast-banner-title-visibility":"","ast-main-header-display":"","ast-hfb-above-header-display":"","ast-hfb-below-header-display":"","ast-hfb-mobile-header-display":"","site-post-title":"disabled","ast-breadcrumbs-content":"","ast-featured-img":"disabled","footer-sml-layout":"","ast-disable-related-posts":"","theme-transparent-header-meta":"","adv-header-id-meta":"","stick-header-meta":"","header-above-stick-meta":"","header-main-stick-meta":"","header-below-stick-meta":"","astra-migrate-meta-layouts":"default","ast-page-background-enabled":"default","ast-page-background-meta":{"desktop":{"background-color":"var(--ast-global-color-4)","background-image":"","background-repeat":"repeat","background-position":"center center","background-size":"auto","background-attachment":"scroll","background-type":"","background-media":"","overlay-type":"","overlay-color":"","overlay-opacity":"","overlay-gradient":""},"tablet":{"background-color":"","background-image":"","background-repeat":"repeat","background-position":"center center","background-size":"auto","background-attachment":"scroll","background-type":"","background-media":"","overlay-type":"","overlay-color":"","overlay-opacity":"","overlay-gradient":""},"mobile":{"background-color":"","background-image":"","background-repeat":"repeat","background-position":"center center","background-size":"auto","background-attachment":"scroll","background-type":"","background-media":"","overlay-type":"","overlay-color":"","overlay-opacity":"","overlay-gradient":""}},"ast-content-background-meta":{"desktop":{"background-color":"var(--ast-global-color-5)","background-image":"","background-repeat":"repeat","background-position":"center center","background-size":"auto","background-attachment":"scroll","background-type":"","background-media":"","overlay-type":"","overlay-color":"","overlay-opacity":"","overlay-gradient":""},"tablet":{"background-color":"var(--ast-global-color-5)","background-image":"","background-repeat":"repeat","background-position":"center center","background-size":"auto","background-attachment":"scroll","background-type":"","background-media":"","overlay-type":"","overlay-color":"","overlay-opacity":"","overlay-gradient":""},"mobile":{"background-color":"var(--ast-global-color-5)","background-image":"","background-repeat":"repeat","background-position":"center center","background-size":"auto","background-attachment":"scroll","background-type":"","background-media":"","overlay-type":"","overlay-color":"","overlay-opacity":"","overlay-gradient":""}},"footnotes":""},"class_list":["post-21349","page","type-page","status-publish","hentry"],"acf":[],"yoast_head":"<!-- This site is optimized with the Yoast SEO plugin v27.4 - https:\/\/yoast.com\/product\/yoast-seo-wordpress\/ -->\n<title>\u78c1\u5316 - KACO - Der Experte f\u00fcr Dichtungssysteme<\/title>\n<meta name=\"description\" content=\"\u78c1\u5316 \u5f84\u5411\u548c\u8f74\u5411\u7f16\u7801\u5668 \u5728\u6570\u5b57\u65f6\u4ee3\uff0c\u7279\u6b8a\u52a0\u5bc6\u6280\u672f\u662f\u5fc5\u4e0d\u53ef\u5c11\u7684\u3002 \u8fd9\u4e5f\u5305\u62ec\u5f84\u5411\u548c\u8f74\u5411\u78c1\u6027\u7f16\u7801\u5668\u3002 \u4e3a\u4e86\u5c06\u7279\u6b8a\u7684\u78c1\u4ee3\u7801\u5e94\u7528\u5230\u8fd9\u4e9b\u7f16\u7801\u5668\u4e0a\uff0cKACO \u4f7f\u7528\u4e86\u78c1\u5316\u5de5\u827a\uff0c\u5b83\u4eec\u6309\u7167\u5404\u79cd\u578b\u53f7\u7684\u4f20\u611f\u5668\u548c\u5e94\u7528\u91cf\u8eab\u8ba2\u5236\u3002 \u4e00\u9879\u6838\u5fc3\u524d\u63d0\u5c31\u662f\u6700\u4f73\u786b\u5316\u6548\u679c\u3002\u5982\u679c\u662f\u78c1\u5316\uff0c\u6211\u4eec\u9700\u8981\u533a\u5206\u52a8\u6001\u548c\u9759\u6001\u8fc7\u7a0b\u3002\" \/>\n<meta name=\"robots\" content=\"index, follow, max-snippet:-1, max-image-preview:large, max-video-preview:-1\" \/>\n<link rel=\"canonical\" href=\"https:\/\/kaco.de\/cn\/\u80fd\u529b\/\u6280\u672f\/\u78c1\u5316\/\" \/>\n<meta property=\"og:locale\" content=\"zh_CN\" \/>\n<meta property=\"og:type\" content=\"article\" \/>\n<meta property=\"og:title\" content=\"\u78c1\u5316 - KACO - Der Experte f\u00fcr Dichtungssysteme\" \/>\n<meta property=\"og:description\" content=\"\u78c1\u5316 \u5f84\u5411\u548c\u8f74\u5411\u7f16\u7801\u5668 \u5728\u6570\u5b57\u65f6\u4ee3\uff0c\u7279\u6b8a\u52a0\u5bc6\u6280\u672f\u662f\u5fc5\u4e0d\u53ef\u5c11\u7684\u3002 \u8fd9\u4e5f\u5305\u62ec\u5f84\u5411\u548c\u8f74\u5411\u78c1\u6027\u7f16\u7801\u5668\u3002 \u4e3a\u4e86\u5c06\u7279\u6b8a\u7684\u78c1\u4ee3\u7801\u5e94\u7528\u5230\u8fd9\u4e9b\u7f16\u7801\u5668\u4e0a\uff0cKACO \u4f7f\u7528\u4e86\u78c1\u5316\u5de5\u827a\uff0c\u5b83\u4eec\u6309\u7167\u5404\u79cd\u578b\u53f7\u7684\u4f20\u611f\u5668\u548c\u5e94\u7528\u91cf\u8eab\u8ba2\u5236\u3002 \u4e00\u9879\u6838\u5fc3\u524d\u63d0\u5c31\u662f\u6700\u4f73\u786b\u5316\u6548\u679c\u3002\u5982\u679c\u662f\u78c1\u5316\uff0c\u6211\u4eec\u9700\u8981\u533a\u5206\u52a8\u6001\u548c\u9759\u6001\u8fc7\u7a0b\u3002\" \/>\n<meta property=\"og:url\" content=\"https:\/\/kaco.de\/cn\/\u80fd\u529b\/\u6280\u672f\/\u78c1\u5316\/\" \/>\n<meta property=\"og:site_name\" content=\"KACO - Der Experte f\u00fcr Dichtungssysteme\" \/>\n<meta property=\"article:modified_time\" content=\"2022-03-25T11:18:58+00:00\" \/>\n<meta property=\"og:image\" content=\"https:\/\/kaco.de\/wp-content\/uploads\/kompetenzen-magnetisierung-kaco@2x.jpeg\" \/>\n<meta name=\"twitter:card\" content=\"summary_large_image\" \/>\n<meta name=\"twitter:label1\" content=\"\u9884\u8ba1\u9605\u8bfb\u65f6\u95f4\" \/>\n\t<meta name=\"twitter:data1\" content=\"2 \u5206\" \/>\n<script type=\"application\/ld+json\" class=\"yoast-schema-graph\">{\"@context\":\"https:\\\/\\\/schema.org\",\"@graph\":[{\"@type\":\"WebPage\",\"@id\":\"https:\\\/\\\/kaco.de\\\/cn\\\/%e8%83%bd%e5%8a%9b\\\/%e6%8a%80%e6%9c%af\\\/%e7%a3%81%e5%8c%96\\\/\",\"url\":\"https:\\\/\\\/kaco.de\\\/cn\\\/%e8%83%bd%e5%8a%9b\\\/%e6%8a%80%e6%9c%af\\\/%e7%a3%81%e5%8c%96\\\/\",\"name\":\"\u78c1\u5316 - KACO - Der Experte f\u00fcr Dichtungssysteme\",\"isPartOf\":{\"@id\":\"https:\\\/\\\/kaco.de\\\/#website\"},\"primaryImageOfPage\":{\"@id\":\"https:\\\/\\\/kaco.de\\\/cn\\\/%e8%83%bd%e5%8a%9b\\\/%e6%8a%80%e6%9c%af\\\/%e7%a3%81%e5%8c%96\\\/#primaryimage\"},\"image\":{\"@id\":\"https:\\\/\\\/kaco.de\\\/cn\\\/%e8%83%bd%e5%8a%9b\\\/%e6%8a%80%e6%9c%af\\\/%e7%a3%81%e5%8c%96\\\/#primaryimage\"},\"thumbnailUrl\":\"https:\\\/\\\/kaco.de\\\/wp-content\\\/uploads\\\/kompetenzen-magnetisierung-kaco@2x.jpeg\",\"datePublished\":\"2022-01-14T22:29:14+00:00\",\"dateModified\":\"2022-03-25T11:18:58+00:00\",\"description\":\"\u78c1\u5316 \u5f84\u5411\u548c\u8f74\u5411\u7f16\u7801\u5668 \u5728\u6570\u5b57\u65f6\u4ee3\uff0c\u7279\u6b8a\u52a0\u5bc6\u6280\u672f\u662f\u5fc5\u4e0d\u53ef\u5c11\u7684\u3002 \u8fd9\u4e5f\u5305\u62ec\u5f84\u5411\u548c\u8f74\u5411\u78c1\u6027\u7f16\u7801\u5668\u3002 \u4e3a\u4e86\u5c06\u7279\u6b8a\u7684\u78c1\u4ee3\u7801\u5e94\u7528\u5230\u8fd9\u4e9b\u7f16\u7801\u5668\u4e0a\uff0cKACO \u4f7f\u7528\u4e86\u78c1\u5316\u5de5\u827a\uff0c\u5b83\u4eec\u6309\u7167\u5404\u79cd\u578b\u53f7\u7684\u4f20\u611f\u5668\u548c\u5e94\u7528\u91cf\u8eab\u8ba2\u5236\u3002 \u4e00\u9879\u6838\u5fc3\u524d\u63d0\u5c31\u662f\u6700\u4f73\u786b\u5316\u6548\u679c\u3002\u5982\u679c\u662f\u78c1\u5316\uff0c\u6211\u4eec\u9700\u8981\u533a\u5206\u52a8\u6001\u548c\u9759\u6001\u8fc7\u7a0b\u3002\",\"breadcrumb\":{\"@id\":\"https:\\\/\\\/kaco.de\\\/cn\\\/%e8%83%bd%e5%8a%9b\\\/%e6%8a%80%e6%9c%af\\\/%e7%a3%81%e5%8c%96\\\/#breadcrumb\"},\"inLanguage\":\"zh-Hans\",\"potentialAction\":[{\"@type\":\"ReadAction\",\"target\":[\"https:\\\/\\\/kaco.de\\\/cn\\\/%e8%83%bd%e5%8a%9b\\\/%e6%8a%80%e6%9c%af\\\/%e7%a3%81%e5%8c%96\\\/\"]}]},{\"@type\":\"ImageObject\",\"inLanguage\":\"zh-Hans\",\"@id\":\"https:\\\/\\\/kaco.de\\\/cn\\\/%e8%83%bd%e5%8a%9b\\\/%e6%8a%80%e6%9c%af\\\/%e7%a3%81%e5%8c%96\\\/#primaryimage\",\"url\":\"https:\\\/\\\/kaco.de\\\/wp-content\\\/uploads\\\/kompetenzen-magnetisierung-kaco@2x.jpeg\",\"contentUrl\":\"https:\\\/\\\/kaco.de\\\/wp-content\\\/uploads\\\/kompetenzen-magnetisierung-kaco@2x.jpeg\"},{\"@type\":\"BreadcrumbList\",\"@id\":\"https:\\\/\\\/kaco.de\\\/cn\\\/%e8%83%bd%e5%8a%9b\\\/%e6%8a%80%e6%9c%af\\\/%e7%a3%81%e5%8c%96\\\/#breadcrumb\",\"itemListElement\":[{\"@type\":\"ListItem\",\"position\":1,\"name\":\"Home\",\"item\":\"https:\\\/\\\/kaco.de\\\/cn\\\/\"},{\"@type\":\"ListItem\",\"position\":2,\"name\":\"\u80fd\u529b\",\"item\":\"https:\\\/\\\/kaco.de\\\/cn\\\/%e8%83%bd%e5%8a%9b\\\/\"},{\"@type\":\"ListItem\",\"position\":3,\"name\":\"\u6280\u672f\",\"item\":\"https:\\\/\\\/kaco.de\\\/cn\\\/%e8%83%bd%e5%8a%9b\\\/%e6%8a%80%e6%9c%af\\\/\"},{\"@type\":\"ListItem\",\"position\":4,\"name\":\"\u78c1\u5316\"}]},{\"@type\":\"WebSite\",\"@id\":\"https:\\\/\\\/kaco.de\\\/#website\",\"url\":\"https:\\\/\\\/kaco.de\\\/\",\"name\":\"KACO - Der Experte f\u00fcr Dichtungssysteme\",\"description\":\"Seien Sie mit unseren hochpr\u00e4zisen und anwendungsorientierten Dichtungsl\u00f6sungen bestens f\u00fcr die Automobil- und Maschinenbauindustrie ger\u00fcstet.\",\"publisher\":{\"@id\":\"https:\\\/\\\/kaco.de\\\/#organization\"},\"potentialAction\":[{\"@type\":\"SearchAction\",\"target\":{\"@type\":\"EntryPoint\",\"urlTemplate\":\"https:\\\/\\\/kaco.de\\\/?s={search_term_string}\"},\"query-input\":{\"@type\":\"PropertyValueSpecification\",\"valueRequired\":true,\"valueName\":\"search_term_string\"}}],\"inLanguage\":\"zh-Hans\"},{\"@type\":\"Organization\",\"@id\":\"https:\\\/\\\/kaco.de\\\/#organization\",\"name\":\"KACO - Der Experte f\u00fcr Dichtungssysteme\",\"url\":\"https:\\\/\\\/kaco.de\\\/\",\"logo\":{\"@type\":\"ImageObject\",\"inLanguage\":\"zh-Hans\",\"@id\":\"https:\\\/\\\/kaco.de\\\/#\\\/schema\\\/logo\\\/image\\\/\",\"url\":\"https:\\\/\\\/kaco.de\\\/wp-content\\\/uploads\\\/cropped-logo1.png\",\"contentUrl\":\"https:\\\/\\\/kaco.de\\\/wp-content\\\/uploads\\\/cropped-logo1.png\",\"width\":851,\"height\":254,\"caption\":\"KACO - Der Experte f\u00fcr Dichtungssysteme\"},\"image\":{\"@id\":\"https:\\\/\\\/kaco.de\\\/#\\\/schema\\\/logo\\\/image\\\/\"}}]}<\/script>\n<!-- \/ Yoast SEO plugin. -->","yoast_head_json":{"title":"\u78c1\u5316 - KACO - Der Experte f\u00fcr Dichtungssysteme","description":"\u78c1\u5316 \u5f84\u5411\u548c\u8f74\u5411\u7f16\u7801\u5668 \u5728\u6570\u5b57\u65f6\u4ee3\uff0c\u7279\u6b8a\u52a0\u5bc6\u6280\u672f\u662f\u5fc5\u4e0d\u53ef\u5c11\u7684\u3002 \u8fd9\u4e5f\u5305\u62ec\u5f84\u5411\u548c\u8f74\u5411\u78c1\u6027\u7f16\u7801\u5668\u3002 \u4e3a\u4e86\u5c06\u7279\u6b8a\u7684\u78c1\u4ee3\u7801\u5e94\u7528\u5230\u8fd9\u4e9b\u7f16\u7801\u5668\u4e0a\uff0cKACO \u4f7f\u7528\u4e86\u78c1\u5316\u5de5\u827a\uff0c\u5b83\u4eec\u6309\u7167\u5404\u79cd\u578b\u53f7\u7684\u4f20\u611f\u5668\u548c\u5e94\u7528\u91cf\u8eab\u8ba2\u5236\u3002 \u4e00\u9879\u6838\u5fc3\u524d\u63d0\u5c31\u662f\u6700\u4f73\u786b\u5316\u6548\u679c\u3002\u5982\u679c\u662f\u78c1\u5316\uff0c\u6211\u4eec\u9700\u8981\u533a\u5206\u52a8\u6001\u548c\u9759\u6001\u8fc7\u7a0b\u3002","robots":{"index":"index","follow":"follow","max-snippet":"max-snippet:-1","max-image-preview":"max-image-preview:large","max-video-preview":"max-video-preview:-1"},"canonical":"https:\/\/kaco.de\/cn\/\u80fd\u529b\/\u6280\u672f\/\u78c1\u5316\/","og_locale":"zh_CN","og_type":"article","og_title":"\u78c1\u5316 - KACO - Der Experte f\u00fcr Dichtungssysteme","og_description":"\u78c1\u5316 \u5f84\u5411\u548c\u8f74\u5411\u7f16\u7801\u5668 \u5728\u6570\u5b57\u65f6\u4ee3\uff0c\u7279\u6b8a\u52a0\u5bc6\u6280\u672f\u662f\u5fc5\u4e0d\u53ef\u5c11\u7684\u3002 \u8fd9\u4e5f\u5305\u62ec\u5f84\u5411\u548c\u8f74\u5411\u78c1\u6027\u7f16\u7801\u5668\u3002 \u4e3a\u4e86\u5c06\u7279\u6b8a\u7684\u78c1\u4ee3\u7801\u5e94\u7528\u5230\u8fd9\u4e9b\u7f16\u7801\u5668\u4e0a\uff0cKACO \u4f7f\u7528\u4e86\u78c1\u5316\u5de5\u827a\uff0c\u5b83\u4eec\u6309\u7167\u5404\u79cd\u578b\u53f7\u7684\u4f20\u611f\u5668\u548c\u5e94\u7528\u91cf\u8eab\u8ba2\u5236\u3002 \u4e00\u9879\u6838\u5fc3\u524d\u63d0\u5c31\u662f\u6700\u4f73\u786b\u5316\u6548\u679c\u3002\u5982\u679c\u662f\u78c1\u5316\uff0c\u6211\u4eec\u9700\u8981\u533a\u5206\u52a8\u6001\u548c\u9759\u6001\u8fc7\u7a0b\u3002","og_url":"https:\/\/kaco.de\/cn\/\u80fd\u529b\/\u6280\u672f\/\u78c1\u5316\/","og_site_name":"KACO - Der Experte f\u00fcr Dichtungssysteme","article_modified_time":"2022-03-25T11:18:58+00:00","og_image":[{"url":"https:\/\/kaco.de\/wp-content\/uploads\/kompetenzen-magnetisierung-kaco@2x.jpeg","type":"","width":"","height":""}],"twitter_card":"summary_large_image","twitter_misc":{"\u9884\u8ba1\u9605\u8bfb\u65f6\u95f4":"2 \u5206"},"schema":{"@context":"https:\/\/schema.org","@graph":[{"@type":"WebPage","@id":"https:\/\/kaco.de\/cn\/%e8%83%bd%e5%8a%9b\/%e6%8a%80%e6%9c%af\/%e7%a3%81%e5%8c%96\/","url":"https:\/\/kaco.de\/cn\/%e8%83%bd%e5%8a%9b\/%e6%8a%80%e6%9c%af\/%e7%a3%81%e5%8c%96\/","name":"\u78c1\u5316 - KACO - Der Experte f\u00fcr Dichtungssysteme","isPartOf":{"@id":"https:\/\/kaco.de\/#website"},"primaryImageOfPage":{"@id":"https:\/\/kaco.de\/cn\/%e8%83%bd%e5%8a%9b\/%e6%8a%80%e6%9c%af\/%e7%a3%81%e5%8c%96\/#primaryimage"},"image":{"@id":"https:\/\/kaco.de\/cn\/%e8%83%bd%e5%8a%9b\/%e6%8a%80%e6%9c%af\/%e7%a3%81%e5%8c%96\/#primaryimage"},"thumbnailUrl":"https:\/\/kaco.de\/wp-content\/uploads\/kompetenzen-magnetisierung-kaco@2x.jpeg","datePublished":"2022-01-14T22:29:14+00:00","dateModified":"2022-03-25T11:18:58+00:00","description":"\u78c1\u5316 \u5f84\u5411\u548c\u8f74\u5411\u7f16\u7801\u5668 \u5728\u6570\u5b57\u65f6\u4ee3\uff0c\u7279\u6b8a\u52a0\u5bc6\u6280\u672f\u662f\u5fc5\u4e0d\u53ef\u5c11\u7684\u3002 \u8fd9\u4e5f\u5305\u62ec\u5f84\u5411\u548c\u8f74\u5411\u78c1\u6027\u7f16\u7801\u5668\u3002 \u4e3a\u4e86\u5c06\u7279\u6b8a\u7684\u78c1\u4ee3\u7801\u5e94\u7528\u5230\u8fd9\u4e9b\u7f16\u7801\u5668\u4e0a\uff0cKACO \u4f7f\u7528\u4e86\u78c1\u5316\u5de5\u827a\uff0c\u5b83\u4eec\u6309\u7167\u5404\u79cd\u578b\u53f7\u7684\u4f20\u611f\u5668\u548c\u5e94\u7528\u91cf\u8eab\u8ba2\u5236\u3002 \u4e00\u9879\u6838\u5fc3\u524d\u63d0\u5c31\u662f\u6700\u4f73\u786b\u5316\u6548\u679c\u3002\u5982\u679c\u662f\u78c1\u5316\uff0c\u6211\u4eec\u9700\u8981\u533a\u5206\u52a8\u6001\u548c\u9759\u6001\u8fc7\u7a0b\u3002","breadcrumb":{"@id":"https:\/\/kaco.de\/cn\/%e8%83%bd%e5%8a%9b\/%e6%8a%80%e6%9c%af\/%e7%a3%81%e5%8c%96\/#breadcrumb"},"inLanguage":"zh-Hans","potentialAction":[{"@type":"ReadAction","target":["https:\/\/kaco.de\/cn\/%e8%83%bd%e5%8a%9b\/%e6%8a%80%e6%9c%af\/%e7%a3%81%e5%8c%96\/"]}]},{"@type":"ImageObject","inLanguage":"zh-Hans","@id":"https:\/\/kaco.de\/cn\/%e8%83%bd%e5%8a%9b\/%e6%8a%80%e6%9c%af\/%e7%a3%81%e5%8c%96\/#primaryimage","url":"https:\/\/kaco.de\/wp-content\/uploads\/kompetenzen-magnetisierung-kaco@2x.jpeg","contentUrl":"https:\/\/kaco.de\/wp-content\/uploads\/kompetenzen-magnetisierung-kaco@2x.jpeg"},{"@type":"BreadcrumbList","@id":"https:\/\/kaco.de\/cn\/%e8%83%bd%e5%8a%9b\/%e6%8a%80%e6%9c%af\/%e7%a3%81%e5%8c%96\/#breadcrumb","itemListElement":[{"@type":"ListItem","position":1,"name":"Home","item":"https:\/\/kaco.de\/cn\/"},{"@type":"ListItem","position":2,"name":"\u80fd\u529b","item":"https:\/\/kaco.de\/cn\/%e8%83%bd%e5%8a%9b\/"},{"@type":"ListItem","position":3,"name":"\u6280\u672f","item":"https:\/\/kaco.de\/cn\/%e8%83%bd%e5%8a%9b\/%e6%8a%80%e6%9c%af\/"},{"@type":"ListItem","position":4,"name":"\u78c1\u5316"}]},{"@type":"WebSite","@id":"https:\/\/kaco.de\/#website","url":"https:\/\/kaco.de\/","name":"KACO - Der Experte f\u00fcr Dichtungssysteme","description":"Seien Sie mit unseren hochpr\u00e4zisen und anwendungsorientierten Dichtungsl\u00f6sungen bestens f\u00fcr die Automobil- und Maschinenbauindustrie ger\u00fcstet.","publisher":{"@id":"https:\/\/kaco.de\/#organization"},"potentialAction":[{"@type":"SearchAction","target":{"@type":"EntryPoint","urlTemplate":"https:\/\/kaco.de\/?s={search_term_string}"},"query-input":{"@type":"PropertyValueSpecification","valueRequired":true,"valueName":"search_term_string"}}],"inLanguage":"zh-Hans"},{"@type":"Organization","@id":"https:\/\/kaco.de\/#organization","name":"KACO - Der Experte f\u00fcr Dichtungssysteme","url":"https:\/\/kaco.de\/","logo":{"@type":"ImageObject","inLanguage":"zh-Hans","@id":"https:\/\/kaco.de\/#\/schema\/logo\/image\/","url":"https:\/\/kaco.de\/wp-content\/uploads\/cropped-logo1.png","contentUrl":"https:\/\/kaco.de\/wp-content\/uploads\/cropped-logo1.png","width":851,"height":254,"caption":"KACO - Der Experte f\u00fcr Dichtungssysteme"},"image":{"@id":"https:\/\/kaco.de\/#\/schema\/logo\/image\/"}}]}},"_links":{"self":[{"href":"https:\/\/kaco.de\/cn\/wp-json\/wp\/v2\/pages\/21349","targetHints":{"allow":["GET"]}}],"collection":[{"href":"https:\/\/kaco.de\/cn\/wp-json\/wp\/v2\/pages"}],"about":[{"href":"https:\/\/kaco.de\/cn\/wp-json\/wp\/v2\/types\/page"}],"author":[{"embeddable":true,"href":"https:\/\/kaco.de\/cn\/wp-json\/wp\/v2\/users\/3"}],"replies":[{"embeddable":true,"href":"https:\/\/kaco.de\/cn\/wp-json\/wp\/v2\/comments?post=21349"}],"version-history":[{"count":0,"href":"https:\/\/kaco.de\/cn\/wp-json\/wp\/v2\/pages\/21349\/revisions"}],"up":[{"embeddable":true,"href":"https:\/\/kaco.de\/cn\/wp-json\/wp\/v2\/pages\/21352"}],"wp:attachment":[{"href":"https:\/\/kaco.de\/cn\/wp-json\/wp\/v2\/media?parent=21349"}],"curies":[{"name":"wp","href":"https:\/\/api.w.org\/{rel}","templated":true}]}}