{"id":21371,"date":"2022-01-14T23:03:38","date_gmt":"2022-01-14T22:03:38","guid":{"rendered":"https:\/\/kaco.de\/%e5%8e%9f%e5%9e%8b%e8%ae%be%e8%ae%a1\/"},"modified":"2022-01-14T23:03:38","modified_gmt":"2022-01-14T22:03:38","slug":"%e5%8e%9f%e5%9e%8b%e8%ae%be%e8%ae%a1","status":"publish","type":"page","link":"https:\/\/kaco.de\/cn\/%e8%83%bd%e5%8a%9b\/%e7%a0%94%e7%a9%b6%e4%b8%8e%e5%8f%91%e5%b1%95\/%e5%8e%9f%e5%9e%8b%e8%ae%be%e8%ae%a1\/","title":{"rendered":"\u539f\u578b\u5236\u9020"},"content":{"rendered":"\t\t<div data-elementor-type=\"wp-page\" data-elementor-id=\"21371\" class=\"elementor elementor-21371 elementor-3239\" data-elementor-post-type=\"page\">\n\t\t\t\t\t\t<section class=\"elementor-section elementor-top-section elementor-element elementor-element-22c399b elementor-section-full_width elementor-section-stretched elementor-section-height-default elementor-section-height-default\" data-id=\"22c399b\" data-element_type=\"section\" data-settings=\"{&quot;stretch_section&quot;:&quot;section-stretched&quot;}\">\n\t\t\t\t\t\t<div class=\"elementor-container elementor-column-gap-default\">\n\t\t\t\t\t<div class=\"elementor-column elementor-col-100 elementor-top-column elementor-element elementor-element-98ed949\" data-id=\"98ed949\" data-element_type=\"column\">\n\t\t\t<div class=\"elementor-widget-wrap elementor-element-populated\">\n\t\t\t\t\t\t<div class=\"elementor-element elementor-element-724525b elementor-widget elementor-widget-image\" data-id=\"724525b\" data-element_type=\"widget\" data-widget_type=\"image.default\">\n\t\t\t\t<div class=\"elementor-widget-container\">\n\t\t\t\t\t\t\t\t\t\t\t\t\t\t\t<img fetchpriority=\"high\" decoding=\"async\" width=\"1400\" height=\"442\" src=\"https:\/\/kaco.de\/wp-content\/uploads\/kompetenzen-prototypenbau-kaco-01@2x-3024x955-1.jpg\" class=\"attachment-large size-large wp-image-21372\" alt=\"\" srcset=\"https:\/\/kaco.de\/wp-content\/uploads\/kompetenzen-prototypenbau-kaco-01@2x-3024x955-1.jpg 3024w, https:\/\/kaco.de\/wp-content\/uploads\/kompetenzen-prototypenbau-kaco-01@2x-3024x955-1-300x95.jpg 300w, https:\/\/kaco.de\/wp-content\/uploads\/kompetenzen-prototypenbau-kaco-01@2x-3024x955-1-1536x485.jpg 1536w, https:\/\/kaco.de\/wp-content\/uploads\/kompetenzen-prototypenbau-kaco-01@2x-3024x955-1-2048x647.jpg 2048w\" sizes=\"(max-width: 1400px) 100vw, 1400px\" \/>\t\t\t\t\t\t\t\t\t\t\t\t\t\t\t<\/div>\n\t\t\t\t<\/div>\n\t\t\t\t\t<\/div>\n\t\t<\/div>\n\t\t\t\t\t<\/div>\n\t\t<\/section>\n\t\t\t\t<section class=\"elementor-section elementor-top-section elementor-element elementor-element-6de20ef elementor-section-content-bottom elementor-section-stretched pageheader elementor-section-boxed elementor-section-height-default elementor-section-height-default\" data-id=\"6de20ef\" data-element_type=\"section\" data-settings=\"{&quot;background_background&quot;:&quot;classic&quot;,&quot;stretch_section&quot;:&quot;section-stretched&quot;}\">\n\t\t\t\t\t\t<div class=\"elementor-container elementor-column-gap-default\">\n\t\t\t\t\t<div class=\"elementor-column elementor-col-50 elementor-top-column elementor-element elementor-element-dea4128 pageheader-row-left\" data-id=\"dea4128\" data-element_type=\"column\" data-settings=\"{&quot;background_background&quot;:&quot;classic&quot;}\">\n\t\t\t<div class=\"elementor-widget-wrap elementor-element-populated\">\n\t\t\t\t\t\t<div class=\"elementor-element elementor-element-eff6115 elementor-widget elementor-widget-heading\" data-id=\"eff6115\" data-element_type=\"widget\" data-widget_type=\"heading.default\">\n\t\t\t\t<div class=\"elementor-widget-container\">\n\t\t\t\t\t<span class=\"elementor-heading-title elementor-size-default\">\u539f\u578b\u5236\u9020<\/span>\t\t\t\t<\/div>\n\t\t\t\t<\/div>\n\t\t\t\t<div class=\"elementor-element elementor-element-d429f99 elementor-widget elementor-widget-heading\" data-id=\"d429f99\" data-element_type=\"widget\" data-widget_type=\"heading.default\">\n\t\t\t\t<div class=\"elementor-widget-container\">\n\t\t\t\t\t<h1 class=\"elementor-heading-title elementor-size-default\">\u77ed\u65f6\u95f4\u5185 <\/br>\u5b9e\u73b0<\/h1>\t\t\t\t<\/div>\n\t\t\t\t<\/div>\n\t\t\t\t\t<\/div>\n\t\t<\/div>\n\t\t\t\t<div class=\"elementor-column elementor-col-50 elementor-top-column elementor-element elementor-element-0ec5a06\" data-id=\"0ec5a06\" data-element_type=\"column\">\n\t\t\t<div class=\"elementor-widget-wrap\">\n\t\t\t\t\t\t\t<\/div>\n\t\t<\/div>\n\t\t\t\t\t<\/div>\n\t\t<\/section>\n\t\t\t\t<section class=\"elementor-section elementor-top-section elementor-element elementor-element-2c2384c elementor-section-boxed elementor-section-height-default elementor-section-height-default\" data-id=\"2c2384c\" data-element_type=\"section\">\n\t\t\t\t\t\t<div class=\"elementor-container elementor-column-gap-default\">\n\t\t\t\t\t<div class=\"elementor-column elementor-col-50 elementor-top-column elementor-element elementor-element-ca4b757\" data-id=\"ca4b757\" data-element_type=\"column\">\n\t\t\t<div class=\"elementor-widget-wrap elementor-element-populated\">\n\t\t\t\t\t\t<div class=\"elementor-element elementor-element-7b675d5 elementor-widget elementor-widget-text-editor\" data-id=\"7b675d5\" data-element_type=\"widget\" data-widget_type=\"text-editor.default\">\n\t\t\t\t<div class=\"elementor-widget-container\">\n\t\t\t\t\t\t\t\t\t<p>KACO \u7684\u539f\u578b\u5236\u9020\u4ece\u5176\u7279\u6b8a\u7684\u624b\u6bb5\u548c\u539f\u7406\u4e2d\u83b7\u76ca\u826f\u591a\uff0c\u5b83\u4eec\u6e90\u81ea\u6211\u4eec\u591a\u5e74\u7684\u7ecf\u9a8c\uff0c\u5e76\u4e14\u5df2\u7ecf\u975e\u5e38\u6210\u719f\u3002 1986 \u5e74\uff0c\u6211\u4eec\u5f00\u59cb\u751f\u4ea7\u6ce8\u5c04\u6210\u578b\u539f\u578b\uff0c\u5e76\u81ea\u6b64\u4e4b\u540e\u5bf9\u5176\u6301\u7eed\u6df1\u5165\u5f00\u53d1\u3002<\/p>\n<p>\u5176\u4e2d\u4e5f\u5305\u62ec\u5728\u539f\u578b\u9636\u6bb5\u51c6\u786e\u6309\u7167\u4e0e\u6279\u91cf\u6a21\u5177\u76f8\u540c\u7684\u8bbe\u8ba1\u5b89\u88c5\u539f\u578b\u6a21\u578b\u548c\u6a21\u5177\u3002 \u8fd9\u6837\uff0c\u5728\u539f\u578b\u9636\u6bb5\u5c31\u53ef\u4ee5\u627e\u5230\u5f31\u9879\uff0c\u5e76\u5728\u4e4b\u540e\u7684\u6279\u91cf\u8fc7\u7a0b\u4e2d\u76f8\u5e94\u89e3\u51b3\u3002<\/p>\n<p>\u6309\u7167\u4e0e\u6279\u91cf\u8fc7\u7a0b\u76f8\u540c\u7684\u65b9\u5f0f\u6267\u884c\u6240\u6709\u6d41\u7a0b\u548c\u6d41\u7a0b\u6b65\u9aa4\u3002 \u8fd9\u6837\uff0c\u51e0\u4e4e\u53ef\u4ee5\u907f\u514d\u4e0e\u6279\u91cf\u4ef6\u76f8\u6bd4\u7684\u504f\u5dee\u3002<\/p>\n<p>\u5373\u4f7f\u5728\u751f\u4ea7\u540c\u6837\u5c5e\u4e8e\u539f\u578b\u5e93\u7ec4\u6210\u90e8\u5206\u7684\u91d1\u5c5e\u4ef6\u65f6\uff0c\u6211\u4eec\u4e5f\u53ef\u4ee5\u4ece\u5458\u5de5\u7684\u9ad8\u91d1\u5c5e\u6210\u578b\u57f9\u8bad\u6c34\u5e73\u548c\u4e13\u4e1a\u77e5\u8bc6\u4e2d\u83b7\u76ca\u3002<\/p>\n<p>\u6a61\u80f6\/\u6a61\u80f6\u4ee5\u53ca\u6a61\u80f6\/\u5851\u6599\u53cc\u7ec4\u4efd\u90e8\u4ef6\u7684\u76f4\u5f84\u6700\u9ad8\u53ef\u8fbe 300mm\u3002 \u5728\u539f\u578b\u5236\u9020\u4e2d\u4e5f\u53ef\u4ee5\u6309\u7167\u5ba2\u6237\u8981\u6c42\u751f\u4ea7\u975e\u786b\u5316\u96f6\u4ef6\uff0c\u6bd4\u5982\u8f74\u63a5\u5730\u73af\u548c\u8f6c\u5b50\u5185\u51b7\u5374\u5bc6\u5c01\u4ef6\u3002 \u8fd9\u65f6\u6211\u4eec\u4e5f\u53ef\u4ee5\u63d0\u4f9b\u4e0d\u9700\u8981\u8fd4\u5de5\u3001\u6ca1\u6709\u6d47\u53e3\u7684\u96f6\u4ef6\u751f\u4ea7\u3002<\/p>\n<p>\u5f53\u7136\uff0cKACO \u5458\u5de5\u6574\u4e2a\u539f\u578b\u5236\u9020\u548c\u76f8\u5e94\u7684\u8bc4\u4f30\u8fc7\u7a0b\u4e2d\u90fd\u5728\u573a\uff0c\u4ed6\u4eec\u4f5c\u4e3a\u4e13\u5bb6\u53ef\u63d0\u4f9b\u5176\u4e30\u5bcc\u7684\u4e13\u4e1a\u77e5\u8bc6\u3002<\/p>\n\t\t\t\t\t\t\t\t<\/div>\n\t\t\t\t<\/div>\n\t\t\t\t<div class=\"elementor-element elementor-element-0bb08e0 elementor-widget elementor-widget-spacer\" data-id=\"0bb08e0\" data-element_type=\"widget\" data-widget_type=\"spacer.default\">\n\t\t\t\t<div class=\"elementor-widget-container\">\n\t\t\t\t\t\t\t<div class=\"elementor-spacer\">\n\t\t\t<div class=\"elementor-spacer-inner\"><\/div>\n\t\t<\/div>\n\t\t\t\t\t\t<\/div>\n\t\t\t\t<\/div>\n\t\t\t\t<div class=\"elementor-element elementor-element-da8d8c3 elementor-widget elementor-widget-heading\" data-id=\"da8d8c3\" data-element_type=\"widget\" data-widget_type=\"heading.default\">\n\t\t\t\t<div class=\"elementor-widget-container\">\n\t\t\t\t\t<h3 class=\"elementor-heading-title elementor-size-default\">\u5168\u7403\u53ef\u7528<\/h3>\t\t\t\t<\/div>\n\t\t\t\t<\/div>\n\t\t\t\t<div class=\"elementor-element elementor-element-715d145 elementor-widget elementor-widget-text-editor\" data-id=\"715d145\" data-element_type=\"widget\" data-widget_type=\"text-editor.default\">\n\t\t\t\t<div class=\"elementor-widget-container\">\n\t\t\t\t\t\t\t\t\t<p>\u4f5c\u4e3a\u4e2d\u9f0e\u96c6\u56e2\u7684\u5b50\u516c\u53f8\uff0cKACO \u4e5f\u4ece\u4e2d\u56fd\u4e30\u5bcc\u7684\u539f\u578b\u5e93\u4e2d\u83b7\u76ca\u3002 \u8fd9\u4e00\u539f\u578b\u5e93\u62e5\u6709\u4e0e\u57fa\u5c14\u590f\u7279\u603b\u90e8\u76f8\u540c\u7684\u6280\u672f\u88c5\u5907\u3001\u76f8\u540c\u7684\u6d41\u7a0b\u548c\u6a21\u5177\u6280\u672f\u3002 \u56e0\u6b64\uff0c\u6211\u4eec\u53ef\u4e3a\u6ee1\u8db3\u6279\u91cf\u4ef6\u6027\u80fd\u6c34\u5e73\u3001\u53ef\u7acb\u5373\u5b89\u88c5\u7684\u539f\u578b\u63d0\u4f9b\u8f83\u77ed\u7684\u4ea4\u4ed8\u65f6\u95f4\u3002<\/p>\n\t\t\t\t\t\t\t\t<\/div>\n\t\t\t\t<\/div>\n\t\t\t\t\t<\/div>\n\t\t<\/div>\n\t\t\t\t<div class=\"elementor-column elementor-col-50 elementor-top-column elementor-element elementor-element-c9aea09\" data-id=\"c9aea09\" data-element_type=\"column\">\n\t\t\t<div class=\"elementor-widget-wrap elementor-element-populated\">\n\t\t\t\t\t\t<div class=\"elementor-element elementor-element-4a4d4b4 elementor-widget elementor-widget-image\" data-id=\"4a4d4b4\" data-element_type=\"widget\" data-widget_type=\"image.default\">\n\t\t\t\t<div class=\"elementor-widget-container\">\n\t\t\t\t\t\t\t\t\t\t\t\t\t\t\t<img decoding=\"async\" width=\"1024\" height=\"683\" src=\"https:\/\/kaco.de\/wp-content\/uploads\/kompetenzen-prototypenbau-herstellung-kaco@2x-1024x683.jpg\" class=\"attachment-large size-large wp-image-22974\" alt=\"\" srcset=\"https:\/\/kaco.de\/wp-content\/uploads\/kompetenzen-prototypenbau-herstellung-kaco@2x-1024x683.jpg 1024w, https:\/\/kaco.de\/wp-content\/uploads\/kompetenzen-prototypenbau-herstellung-kaco@2x-300x200.jpg 300w, https:\/\/kaco.de\/wp-content\/uploads\/kompetenzen-prototypenbau-herstellung-kaco@2x-768x512.jpg 768w, https:\/\/kaco.de\/wp-content\/uploads\/kompetenzen-prototypenbau-herstellung-kaco@2x-1536x1024.jpg 1536w, https:\/\/kaco.de\/wp-content\/uploads\/kompetenzen-prototypenbau-herstellung-kaco@2x.jpg 1600w\" sizes=\"(max-width: 1024px) 100vw, 1024px\" \/>\t\t\t\t\t\t\t\t\t\t\t\t\t\t\t<\/div>\n\t\t\t\t<\/div>\n\t\t\t\t\t<\/div>\n\t\t<\/div>\n\t\t\t\t\t<\/div>\n\t\t<\/section>\n\t\t\t\t<\/div>\n\t\t","protected":false},"excerpt":{"rendered":"<p>\u539f\u578b\u5236\u9020 \u77ed\u65f6\u95f4\u5185 \u5b9e\u73b0 KACO \u7684\u539f\u578b\u5236\u9020\u4ece\u5176\u7279\u6b8a\u7684\u624b\u6bb5\u548c\u539f\u7406\u4e2d\u83b7\u76ca\u826f\u591a\uff0c\u5b83\u4eec\u6e90\u81ea\u6211\u4eec\u591a\u5e74\u7684\u7ecf\u9a8c\uff0c\u5e76\u4e14\u5df2\u7ecf [&hellip;]<\/p>\n","protected":false},"author":3,"featured_media":0,"parent":21376,"menu_order":0,"comment_status":"closed","ping_status":"closed","template":"","meta":{"_acf_changed":false,"site-sidebar-layout":"no-sidebar","site-content-layout":"page-builder","ast-site-content-layout":"default","site-content-style":"default","site-sidebar-style":"default","ast-global-header-display":"","ast-banner-title-visibility":"","ast-main-header-display":"","ast-hfb-above-header-display":"","ast-hfb-below-header-display":"","ast-hfb-mobile-header-display":"","site-post-title":"disabled","ast-breadcrumbs-content":"","ast-featured-img":"disabled","footer-sml-layout":"","ast-disable-related-posts":"","theme-transparent-header-meta":"","adv-header-id-meta":"","stick-header-meta":"","header-above-stick-meta":"","header-main-stick-meta":"","header-below-stick-meta":"","astra-migrate-meta-layouts":"default","ast-page-background-enabled":"default","ast-page-background-meta":{"desktop":{"background-color":"var(--ast-global-color-4)","background-image":"","background-repeat":"repeat","background-position":"center center","background-size":"auto","background-attachment":"scroll","background-type":"","background-media":"","overlay-type":"","overlay-color":"","overlay-opacity":"","overlay-gradient":""},"tablet":{"background-color":"","background-image":"","background-repeat":"repeat","background-position":"center center","background-size":"auto","background-attachment":"scroll","background-type":"","background-media":"","overlay-type":"","overlay-color":"","overlay-opacity":"","overlay-gradient":""},"mobile":{"background-color":"","background-image":"","background-repeat":"repeat","background-position":"center center","background-size":"auto","background-attachment":"scroll","background-type":"","background-media":"","overlay-type":"","overlay-color":"","overlay-opacity":"","overlay-gradient":""}},"ast-content-background-meta":{"desktop":{"background-color":"var(--ast-global-color-5)","background-image":"","background-repeat":"repeat","background-position":"center center","background-size":"auto","background-attachment":"scroll","background-type":"","background-media":"","overlay-type":"","overlay-color":"","overlay-opacity":"","overlay-gradient":""},"tablet":{"background-color":"var(--ast-global-color-5)","background-image":"","background-repeat":"repeat","background-position":"center center","background-size":"auto","background-attachment":"scroll","background-type":"","background-media":"","overlay-type":"","overlay-color":"","overlay-opacity":"","overlay-gradient":""},"mobile":{"background-color":"var(--ast-global-color-5)","background-image":"","background-repeat":"repeat","background-position":"center center","background-size":"auto","background-attachment":"scroll","background-type":"","background-media":"","overlay-type":"","overlay-color":"","overlay-opacity":"","overlay-gradient":""}},"footnotes":""},"class_list":["post-21371","page","type-page","status-publish","hentry"],"acf":[],"yoast_head":"<!-- This site is optimized with the Yoast SEO plugin v27.4 - https:\/\/yoast.com\/product\/yoast-seo-wordpress\/ -->\n<title>\u539f\u578b\u5236\u9020 - KACO - Der Experte f\u00fcr Dichtungssysteme<\/title>\n<meta name=\"description\" content=\"\u539f\u578b\u5236\u9020 \u77ed\u65f6\u95f4\u5185 \u5b9e\u73b0 KACO \u7684\u539f\u578b\u5236\u9020\u4ece\u5176\u7279\u6b8a\u7684\u624b\u6bb5\u548c\u539f\u7406\u4e2d\u83b7\u76ca\u826f\u591a\uff0c\u5b83\u4eec\u6e90\u81ea\u6211\u4eec\u591a\u5e74\u7684\u7ecf\u9a8c\uff0c\u5e76\u4e14\u5df2\u7ecf\u975e\u5e38\u6210\u719f\u3002 1986 \u5e74\uff0c\u6211\u4eec\u5f00\u59cb\u751f\u4ea7\u6ce8\u5c04\u6210\u578b\u539f\u578b\uff0c\u5e76\u81ea\u6b64\u4e4b\u540e\u5bf9\u5176\u6301\u7eed\u6df1\u5165\u5f00\u53d1\u3002 \u5176\u4e2d\u4e5f\u5305\u62ec\u5728\u539f\u578b\u9636\u6bb5\u51c6\u786e\u6309\u7167\u4e0e\u6279\u91cf\u6a21\u5177\u76f8\u540c\u7684\u8bbe\u8ba1\u5b89\u88c5\u539f\u578b\u6a21\u578b\u548c\u6a21\u5177\u3002\" \/>\n<meta name=\"robots\" content=\"index, follow, max-snippet:-1, max-image-preview:large, max-video-preview:-1\" \/>\n<link rel=\"canonical\" href=\"https:\/\/kaco.de\/cn\/\u539f\u578b\u8bbe\u8ba1\/\" \/>\n<meta property=\"og:locale\" content=\"zh_CN\" \/>\n<meta property=\"og:type\" content=\"article\" \/>\n<meta property=\"og:title\" content=\"\u539f\u578b\u5236\u9020 - KACO - Der Experte f\u00fcr Dichtungssysteme\" \/>\n<meta property=\"og:description\" content=\"\u539f\u578b\u5236\u9020 \u77ed\u65f6\u95f4\u5185 \u5b9e\u73b0 KACO \u7684\u539f\u578b\u5236\u9020\u4ece\u5176\u7279\u6b8a\u7684\u624b\u6bb5\u548c\u539f\u7406\u4e2d\u83b7\u76ca\u826f\u591a\uff0c\u5b83\u4eec\u6e90\u81ea\u6211\u4eec\u591a\u5e74\u7684\u7ecf\u9a8c\uff0c\u5e76\u4e14\u5df2\u7ecf\u975e\u5e38\u6210\u719f\u3002 1986 \u5e74\uff0c\u6211\u4eec\u5f00\u59cb\u751f\u4ea7\u6ce8\u5c04\u6210\u578b\u539f\u578b\uff0c\u5e76\u81ea\u6b64\u4e4b\u540e\u5bf9\u5176\u6301\u7eed\u6df1\u5165\u5f00\u53d1\u3002 \u5176\u4e2d\u4e5f\u5305\u62ec\u5728\u539f\u578b\u9636\u6bb5\u51c6\u786e\u6309\u7167\u4e0e\u6279\u91cf\u6a21\u5177\u76f8\u540c\u7684\u8bbe\u8ba1\u5b89\u88c5\u539f\u578b\u6a21\u578b\u548c\u6a21\u5177\u3002\" \/>\n<meta property=\"og:url\" content=\"https:\/\/kaco.de\/cn\/\u539f\u578b\u8bbe\u8ba1\/\" \/>\n<meta property=\"og:site_name\" content=\"KACO - Der Experte f\u00fcr Dichtungssysteme\" \/>\n<meta property=\"og:image\" content=\"https:\/\/kaco.de\/wp-content\/uploads\/kompetenzen-prototypenbau-kaco-01@2x-3024x955-1.jpg\" \/>\n<meta name=\"twitter:card\" content=\"summary_large_image\" \/>\n<script type=\"application\/ld+json\" class=\"yoast-schema-graph\">{\"@context\":\"https:\\\/\\\/schema.org\",\"@graph\":[{\"@type\":\"WebPage\",\"@id\":\"https:\\\/\\\/kaco.de\\\/cn\\\/%e5%8e%9f%e5%9e%8b%e8%ae%be%e8%ae%a1\\\/\",\"url\":\"https:\\\/\\\/kaco.de\\\/cn\\\/%e5%8e%9f%e5%9e%8b%e8%ae%be%e8%ae%a1\\\/\",\"name\":\"\u539f\u578b\u5236\u9020 - KACO - Der Experte f\u00fcr Dichtungssysteme\",\"isPartOf\":{\"@id\":\"https:\\\/\\\/kaco.de\\\/#website\"},\"primaryImageOfPage\":{\"@id\":\"https:\\\/\\\/kaco.de\\\/cn\\\/%e5%8e%9f%e5%9e%8b%e8%ae%be%e8%ae%a1\\\/#primaryimage\"},\"image\":{\"@id\":\"https:\\\/\\\/kaco.de\\\/cn\\\/%e5%8e%9f%e5%9e%8b%e8%ae%be%e8%ae%a1\\\/#primaryimage\"},\"thumbnailUrl\":\"https:\\\/\\\/kaco.de\\\/wp-content\\\/uploads\\\/kompetenzen-prototypenbau-kaco-01@2x-3024x955-1.jpg\",\"datePublished\":\"2022-01-14T22:03:38+00:00\",\"description\":\"\u539f\u578b\u5236\u9020 \u77ed\u65f6\u95f4\u5185 \u5b9e\u73b0 KACO \u7684\u539f\u578b\u5236\u9020\u4ece\u5176\u7279\u6b8a\u7684\u624b\u6bb5\u548c\u539f\u7406\u4e2d\u83b7\u76ca\u826f\u591a\uff0c\u5b83\u4eec\u6e90\u81ea\u6211\u4eec\u591a\u5e74\u7684\u7ecf\u9a8c\uff0c\u5e76\u4e14\u5df2\u7ecf\u975e\u5e38\u6210\u719f\u3002 1986 \u5e74\uff0c\u6211\u4eec\u5f00\u59cb\u751f\u4ea7\u6ce8\u5c04\u6210\u578b\u539f\u578b\uff0c\u5e76\u81ea\u6b64\u4e4b\u540e\u5bf9\u5176\u6301\u7eed\u6df1\u5165\u5f00\u53d1\u3002 \u5176\u4e2d\u4e5f\u5305\u62ec\u5728\u539f\u578b\u9636\u6bb5\u51c6\u786e\u6309\u7167\u4e0e\u6279\u91cf\u6a21\u5177\u76f8\u540c\u7684\u8bbe\u8ba1\u5b89\u88c5\u539f\u578b\u6a21\u578b\u548c\u6a21\u5177\u3002\",\"breadcrumb\":{\"@id\":\"https:\\\/\\\/kaco.de\\\/cn\\\/%e5%8e%9f%e5%9e%8b%e8%ae%be%e8%ae%a1\\\/#breadcrumb\"},\"inLanguage\":\"zh-Hans\",\"potentialAction\":[{\"@type\":\"ReadAction\",\"target\":[\"https:\\\/\\\/kaco.de\\\/cn\\\/%e5%8e%9f%e5%9e%8b%e8%ae%be%e8%ae%a1\\\/\"]}]},{\"@type\":\"ImageObject\",\"inLanguage\":\"zh-Hans\",\"@id\":\"https:\\\/\\\/kaco.de\\\/cn\\\/%e5%8e%9f%e5%9e%8b%e8%ae%be%e8%ae%a1\\\/#primaryimage\",\"url\":\"https:\\\/\\\/kaco.de\\\/wp-content\\\/uploads\\\/kompetenzen-prototypenbau-kaco-01@2x-3024x955-1.jpg\",\"contentUrl\":\"https:\\\/\\\/kaco.de\\\/wp-content\\\/uploads\\\/kompetenzen-prototypenbau-kaco-01@2x-3024x955-1.jpg\"},{\"@type\":\"BreadcrumbList\",\"@id\":\"https:\\\/\\\/kaco.de\\\/cn\\\/%e5%8e%9f%e5%9e%8b%e8%ae%be%e8%ae%a1\\\/#breadcrumb\",\"itemListElement\":[{\"@type\":\"ListItem\",\"position\":1,\"name\":\"Home\",\"item\":\"https:\\\/\\\/kaco.de\\\/cn\\\/\"},{\"@type\":\"ListItem\",\"position\":2,\"name\":\"\u80fd\u529b\",\"item\":\"https:\\\/\\\/kaco.de\\\/cn\\\/%e8%83%bd%e5%8a%9b\\\/\"},{\"@type\":\"ListItem\",\"position\":3,\"name\":\"\u7814\u7a76\u548c\u5f00\u53d1\",\"item\":\"https:\\\/\\\/kaco.de\\\/cn\\\/%e8%83%bd%e5%8a%9b\\\/%e7%a0%94%e7%a9%b6%e4%b8%8e%e5%8f%91%e5%b1%95\\\/\"},{\"@type\":\"ListItem\",\"position\":4,\"name\":\"\u539f\u578b\u5236\u9020\"}]},{\"@type\":\"WebSite\",\"@id\":\"https:\\\/\\\/kaco.de\\\/#website\",\"url\":\"https:\\\/\\\/kaco.de\\\/\",\"name\":\"KACO - Der Experte f\u00fcr Dichtungssysteme\",\"description\":\"Seien Sie mit unseren hochpr\u00e4zisen und anwendungsorientierten Dichtungsl\u00f6sungen bestens f\u00fcr die Automobil- und Maschinenbauindustrie ger\u00fcstet.\",\"publisher\":{\"@id\":\"https:\\\/\\\/kaco.de\\\/#organization\"},\"potentialAction\":[{\"@type\":\"SearchAction\",\"target\":{\"@type\":\"EntryPoint\",\"urlTemplate\":\"https:\\\/\\\/kaco.de\\\/?s={search_term_string}\"},\"query-input\":{\"@type\":\"PropertyValueSpecification\",\"valueRequired\":true,\"valueName\":\"search_term_string\"}}],\"inLanguage\":\"zh-Hans\"},{\"@type\":\"Organization\",\"@id\":\"https:\\\/\\\/kaco.de\\\/#organization\",\"name\":\"KACO - Der Experte f\u00fcr Dichtungssysteme\",\"url\":\"https:\\\/\\\/kaco.de\\\/\",\"logo\":{\"@type\":\"ImageObject\",\"inLanguage\":\"zh-Hans\",\"@id\":\"https:\\\/\\\/kaco.de\\\/#\\\/schema\\\/logo\\\/image\\\/\",\"url\":\"https:\\\/\\\/kaco.de\\\/wp-content\\\/uploads\\\/cropped-logo1.png\",\"contentUrl\":\"https:\\\/\\\/kaco.de\\\/wp-content\\\/uploads\\\/cropped-logo1.png\",\"width\":851,\"height\":254,\"caption\":\"KACO - Der Experte f\u00fcr Dichtungssysteme\"},\"image\":{\"@id\":\"https:\\\/\\\/kaco.de\\\/#\\\/schema\\\/logo\\\/image\\\/\"}}]}<\/script>\n<!-- \/ Yoast SEO plugin. -->","yoast_head_json":{"title":"\u539f\u578b\u5236\u9020 - KACO - Der Experte f\u00fcr Dichtungssysteme","description":"\u539f\u578b\u5236\u9020 \u77ed\u65f6\u95f4\u5185 \u5b9e\u73b0 KACO \u7684\u539f\u578b\u5236\u9020\u4ece\u5176\u7279\u6b8a\u7684\u624b\u6bb5\u548c\u539f\u7406\u4e2d\u83b7\u76ca\u826f\u591a\uff0c\u5b83\u4eec\u6e90\u81ea\u6211\u4eec\u591a\u5e74\u7684\u7ecf\u9a8c\uff0c\u5e76\u4e14\u5df2\u7ecf\u975e\u5e38\u6210\u719f\u3002 1986 \u5e74\uff0c\u6211\u4eec\u5f00\u59cb\u751f\u4ea7\u6ce8\u5c04\u6210\u578b\u539f\u578b\uff0c\u5e76\u81ea\u6b64\u4e4b\u540e\u5bf9\u5176\u6301\u7eed\u6df1\u5165\u5f00\u53d1\u3002 \u5176\u4e2d\u4e5f\u5305\u62ec\u5728\u539f\u578b\u9636\u6bb5\u51c6\u786e\u6309\u7167\u4e0e\u6279\u91cf\u6a21\u5177\u76f8\u540c\u7684\u8bbe\u8ba1\u5b89\u88c5\u539f\u578b\u6a21\u578b\u548c\u6a21\u5177\u3002","robots":{"index":"index","follow":"follow","max-snippet":"max-snippet:-1","max-image-preview":"max-image-preview:large","max-video-preview":"max-video-preview:-1"},"canonical":"https:\/\/kaco.de\/cn\/\u539f\u578b\u8bbe\u8ba1\/","og_locale":"zh_CN","og_type":"article","og_title":"\u539f\u578b\u5236\u9020 - KACO - Der Experte f\u00fcr Dichtungssysteme","og_description":"\u539f\u578b\u5236\u9020 \u77ed\u65f6\u95f4\u5185 \u5b9e\u73b0 KACO \u7684\u539f\u578b\u5236\u9020\u4ece\u5176\u7279\u6b8a\u7684\u624b\u6bb5\u548c\u539f\u7406\u4e2d\u83b7\u76ca\u826f\u591a\uff0c\u5b83\u4eec\u6e90\u81ea\u6211\u4eec\u591a\u5e74\u7684\u7ecf\u9a8c\uff0c\u5e76\u4e14\u5df2\u7ecf\u975e\u5e38\u6210\u719f\u3002 1986 \u5e74\uff0c\u6211\u4eec\u5f00\u59cb\u751f\u4ea7\u6ce8\u5c04\u6210\u578b\u539f\u578b\uff0c\u5e76\u81ea\u6b64\u4e4b\u540e\u5bf9\u5176\u6301\u7eed\u6df1\u5165\u5f00\u53d1\u3002 \u5176\u4e2d\u4e5f\u5305\u62ec\u5728\u539f\u578b\u9636\u6bb5\u51c6\u786e\u6309\u7167\u4e0e\u6279\u91cf\u6a21\u5177\u76f8\u540c\u7684\u8bbe\u8ba1\u5b89\u88c5\u539f\u578b\u6a21\u578b\u548c\u6a21\u5177\u3002","og_url":"https:\/\/kaco.de\/cn\/\u539f\u578b\u8bbe\u8ba1\/","og_site_name":"KACO - Der Experte f\u00fcr Dichtungssysteme","og_image":[{"url":"https:\/\/kaco.de\/wp-content\/uploads\/kompetenzen-prototypenbau-kaco-01@2x-3024x955-1.jpg","type":"","width":"","height":""}],"twitter_card":"summary_large_image","schema":{"@context":"https:\/\/schema.org","@graph":[{"@type":"WebPage","@id":"https:\/\/kaco.de\/cn\/%e5%8e%9f%e5%9e%8b%e8%ae%be%e8%ae%a1\/","url":"https:\/\/kaco.de\/cn\/%e5%8e%9f%e5%9e%8b%e8%ae%be%e8%ae%a1\/","name":"\u539f\u578b\u5236\u9020 - KACO - Der Experte f\u00fcr Dichtungssysteme","isPartOf":{"@id":"https:\/\/kaco.de\/#website"},"primaryImageOfPage":{"@id":"https:\/\/kaco.de\/cn\/%e5%8e%9f%e5%9e%8b%e8%ae%be%e8%ae%a1\/#primaryimage"},"image":{"@id":"https:\/\/kaco.de\/cn\/%e5%8e%9f%e5%9e%8b%e8%ae%be%e8%ae%a1\/#primaryimage"},"thumbnailUrl":"https:\/\/kaco.de\/wp-content\/uploads\/kompetenzen-prototypenbau-kaco-01@2x-3024x955-1.jpg","datePublished":"2022-01-14T22:03:38+00:00","description":"\u539f\u578b\u5236\u9020 \u77ed\u65f6\u95f4\u5185 \u5b9e\u73b0 KACO \u7684\u539f\u578b\u5236\u9020\u4ece\u5176\u7279\u6b8a\u7684\u624b\u6bb5\u548c\u539f\u7406\u4e2d\u83b7\u76ca\u826f\u591a\uff0c\u5b83\u4eec\u6e90\u81ea\u6211\u4eec\u591a\u5e74\u7684\u7ecf\u9a8c\uff0c\u5e76\u4e14\u5df2\u7ecf\u975e\u5e38\u6210\u719f\u3002 1986 \u5e74\uff0c\u6211\u4eec\u5f00\u59cb\u751f\u4ea7\u6ce8\u5c04\u6210\u578b\u539f\u578b\uff0c\u5e76\u81ea\u6b64\u4e4b\u540e\u5bf9\u5176\u6301\u7eed\u6df1\u5165\u5f00\u53d1\u3002 \u5176\u4e2d\u4e5f\u5305\u62ec\u5728\u539f\u578b\u9636\u6bb5\u51c6\u786e\u6309\u7167\u4e0e\u6279\u91cf\u6a21\u5177\u76f8\u540c\u7684\u8bbe\u8ba1\u5b89\u88c5\u539f\u578b\u6a21\u578b\u548c\u6a21\u5177\u3002","breadcrumb":{"@id":"https:\/\/kaco.de\/cn\/%e5%8e%9f%e5%9e%8b%e8%ae%be%e8%ae%a1\/#breadcrumb"},"inLanguage":"zh-Hans","potentialAction":[{"@type":"ReadAction","target":["https:\/\/kaco.de\/cn\/%e5%8e%9f%e5%9e%8b%e8%ae%be%e8%ae%a1\/"]}]},{"@type":"ImageObject","inLanguage":"zh-Hans","@id":"https:\/\/kaco.de\/cn\/%e5%8e%9f%e5%9e%8b%e8%ae%be%e8%ae%a1\/#primaryimage","url":"https:\/\/kaco.de\/wp-content\/uploads\/kompetenzen-prototypenbau-kaco-01@2x-3024x955-1.jpg","contentUrl":"https:\/\/kaco.de\/wp-content\/uploads\/kompetenzen-prototypenbau-kaco-01@2x-3024x955-1.jpg"},{"@type":"BreadcrumbList","@id":"https:\/\/kaco.de\/cn\/%e5%8e%9f%e5%9e%8b%e8%ae%be%e8%ae%a1\/#breadcrumb","itemListElement":[{"@type":"ListItem","position":1,"name":"Home","item":"https:\/\/kaco.de\/cn\/"},{"@type":"ListItem","position":2,"name":"\u80fd\u529b","item":"https:\/\/kaco.de\/cn\/%e8%83%bd%e5%8a%9b\/"},{"@type":"ListItem","position":3,"name":"\u7814\u7a76\u548c\u5f00\u53d1","item":"https:\/\/kaco.de\/cn\/%e8%83%bd%e5%8a%9b\/%e7%a0%94%e7%a9%b6%e4%b8%8e%e5%8f%91%e5%b1%95\/"},{"@type":"ListItem","position":4,"name":"\u539f\u578b\u5236\u9020"}]},{"@type":"WebSite","@id":"https:\/\/kaco.de\/#website","url":"https:\/\/kaco.de\/","name":"KACO - Der Experte f\u00fcr Dichtungssysteme","description":"Seien Sie mit unseren hochpr\u00e4zisen und anwendungsorientierten Dichtungsl\u00f6sungen bestens f\u00fcr die Automobil- und Maschinenbauindustrie ger\u00fcstet.","publisher":{"@id":"https:\/\/kaco.de\/#organization"},"potentialAction":[{"@type":"SearchAction","target":{"@type":"EntryPoint","urlTemplate":"https:\/\/kaco.de\/?s={search_term_string}"},"query-input":{"@type":"PropertyValueSpecification","valueRequired":true,"valueName":"search_term_string"}}],"inLanguage":"zh-Hans"},{"@type":"Organization","@id":"https:\/\/kaco.de\/#organization","name":"KACO - Der Experte f\u00fcr Dichtungssysteme","url":"https:\/\/kaco.de\/","logo":{"@type":"ImageObject","inLanguage":"zh-Hans","@id":"https:\/\/kaco.de\/#\/schema\/logo\/image\/","url":"https:\/\/kaco.de\/wp-content\/uploads\/cropped-logo1.png","contentUrl":"https:\/\/kaco.de\/wp-content\/uploads\/cropped-logo1.png","width":851,"height":254,"caption":"KACO - Der Experte f\u00fcr Dichtungssysteme"},"image":{"@id":"https:\/\/kaco.de\/#\/schema\/logo\/image\/"}}]}},"_links":{"self":[{"href":"https:\/\/kaco.de\/cn\/wp-json\/wp\/v2\/pages\/21371","targetHints":{"allow":["GET"]}}],"collection":[{"href":"https:\/\/kaco.de\/cn\/wp-json\/wp\/v2\/pages"}],"about":[{"href":"https:\/\/kaco.de\/cn\/wp-json\/wp\/v2\/types\/page"}],"author":[{"embeddable":true,"href":"https:\/\/kaco.de\/cn\/wp-json\/wp\/v2\/users\/3"}],"replies":[{"embeddable":true,"href":"https:\/\/kaco.de\/cn\/wp-json\/wp\/v2\/comments?post=21371"}],"version-history":[{"count":0,"href":"https:\/\/kaco.de\/cn\/wp-json\/wp\/v2\/pages\/21371\/revisions"}],"up":[{"embeddable":true,"href":"https:\/\/kaco.de\/cn\/wp-json\/wp\/v2\/pages\/21376"}],"wp:attachment":[{"href":"https:\/\/kaco.de\/cn\/wp-json\/wp\/v2\/media?parent=21371"}],"curies":[{"name":"wp","href":"https:\/\/api.w.org\/{rel}","templated":true}]}}