{"id":21415,"date":"2021-12-09T10:11:00","date_gmt":"2021-12-09T09:11:00","guid":{"rendered":"https:\/\/kaco.de\/%e7%ae%80%e8%ae%af\/"},"modified":"2023-07-10T11:48:42","modified_gmt":"2023-07-10T09:48:42","slug":"newsletter","status":"publish","type":"page","link":"https:\/\/kaco.de\/cn\/newsletter\/","title":{"rendered":"Newsletter"},"content":{"rendered":"\t\t<div data-elementor-type=\"wp-page\" data-elementor-id=\"21415\" class=\"elementor elementor-21415 elementor-647\" data-elementor-post-type=\"page\">\n\t\t\t\t\t\t<section class=\"elementor-section elementor-top-section elementor-element elementor-element-1c4a52f elementor-section-boxed elementor-section-height-default elementor-section-height-default\" data-id=\"1c4a52f\" data-element_type=\"section\">\n\t\t\t\t\t\t<div class=\"elementor-container elementor-column-gap-default\">\n\t\t\t\t\t<div class=\"elementor-column elementor-col-66 elementor-top-column elementor-element elementor-element-4740c8d\" data-id=\"4740c8d\" data-element_type=\"column\">\n\t\t\t<div class=\"elementor-widget-wrap elementor-element-populated\">\n\t\t\t\t\t\t<div class=\"elementor-element elementor-element-9d08345 elementor-widget elementor-widget-heading\" data-id=\"9d08345\" data-element_type=\"widget\" data-widget_type=\"heading.default\">\n\t\t\t\t<div class=\"elementor-widget-container\">\n\t\t\t\t\t<h1 class=\"elementor-heading-title elementor-size-default\">\u901a\u8fc7\u7535\u5b50\u90ae\u4ef6\u8ba2\u9605KACO\u65b0\u95fb <\/h1>\t\t\t\t<\/div>\n\t\t\t\t<\/div>\n\t\t\t\t<div class=\"elementor-element elementor-element-e9f1777 elementor-widget elementor-widget-text-editor\" data-id=\"e9f1777\" data-element_type=\"widget\" data-widget_type=\"text-editor.default\">\n\t\t\t\t<div class=\"elementor-widget-container\">\n\t\t\t\t\t\t\t\t\t<p>\u786e\u4fdd\u60a8\u5728\u77e5\u8bc6\u65b9\u9762\u7684\u9886\u5148\u5730\u4f4d\uff01\u901a\u8fc7KACO\u65f6\u4e8b\u901a\u8baf\uff0c\u60a8\u5c06\u76f4\u63a5\u6536\u5230\u6765\u81ea\u5fb7\u56fdKACO\u603b\u90e8\u7684\u4ee4\u4eba\u632f\u594b\u7684\u6d88\u606f\u3002<\/p>\t\t\t\t\t\t\t\t<\/div>\n\t\t\t\t<\/div>\n\t\t\t\t\t<\/div>\n\t\t<\/div>\n\t\t\t\t<div class=\"elementor-column elementor-col-33 elementor-top-column elementor-element elementor-element-7c88c33\" data-id=\"7c88c33\" data-element_type=\"column\">\n\t\t\t<div class=\"elementor-widget-wrap\">\n\t\t\t\t\t\t\t<\/div>\n\t\t<\/div>\n\t\t\t\t\t<\/div>\n\t\t<\/section>\n\t\t\t\t<section class=\"elementor-section elementor-top-section elementor-element elementor-element-f789593 elementor-section-boxed elementor-section-height-default elementor-section-height-default\" data-id=\"f789593\" data-element_type=\"section\">\n\t\t\t\t\t\t<div class=\"elementor-container elementor-column-gap-default\">\n\t\t\t\t\t<div class=\"elementor-column elementor-col-100 elementor-top-column elementor-element elementor-element-1b1d771\" data-id=\"1b1d771\" data-element_type=\"column\">\n\t\t\t<div class=\"elementor-widget-wrap elementor-element-populated\">\n\t\t\t\t\t\t<div class=\"elementor-element elementor-element-d754824 elementor-widget elementor-widget-html\" data-id=\"d754824\" data-element_type=\"widget\" data-widget_type=\"html.default\">\n\t\t\t\t<div class=\"elementor-widget-container\">\n\t\t\t\t\t<!-- Begin Brevo Form -->\n<!-- START - We recommend to place the below code in head tag of your website html  -->\n<style>\n   #sib-container input:-ms-input-placeholder {\n    text-align: left;\n    font-family: \"Helvetica\", sans-serif;\n    color: #c0ccda;\n  }\n\n  #sib-container input::placeholder {\n    text-align: left;\n    font-family: \"Helvetica\", sans-serif;\n    color: #c0ccda;\n  }\n<\/style>\n<link rel=\"stylesheet\" href=\"https:\/\/sibforms.com\/forms\/end-form\/build\/sib-styles.css\">\n<!--  END - We recommend to place the above code in head tag of your website html -->\n\n<!-- START - We recommend to place the below code where you want the form in your website html  -->\n<div class=\"sib-form\" style=\"text-align: center;\n         background-color: #f3f5f7;                                           \">\n  <div id=\"sib-form-container\" class=\"sib-form-container\">\n    <div id=\"sib-container\" class=\"sib-container--large sib-container--vertical\" style=\"text-align:center; background-color:rgba(255,255,255,1); max-width:540px; border-radius:3px; border-width:0px; border-color:#C0CCD9; border-style:solid;\">\n      <form id=\"sib-form\" method=\"POST\" action=\"https:\/\/5ccdfa76.sibforms.com\/serve\/MUIFAGMeeH6e7ZquJZuVnm5P3RGfnq9goicCx3ij7F5tYASIXiDngP4ji3cfKWBtgU1NvE_FdNiRwoal-zpIeotkR4bxMsQ2KvwZofr-c_cGIk6zrG7I3Um4VPXoBu7PJ_Ui6UMcJLu9VEDxkU4EgIfsQGN1cycP51ghnCIXVBI5XqKgIPn3jUKOxhK3SeXOCSyPzFAOx5nA6Ljv\">\n        <div style=\"padding: 16px 0;\">\n          <div class=\"sib-form-block\" style=\"font-size:32px; text-align:left; color:#009a9d; background-color:transparent; text-align:left\">\n            <p>\u901a\u8fc7\u7535\u5b50\u90ae\u4ef6\u8ba2\u9605KACO\u65b0\u95fb<\/p>\n          <\/div>\n        <\/div>\n        <div style=\"padding: 16px 0;\">\n          <div class=\"sib-form-block\" style=\"font-size:16px; text-align:left; color:#41474d; background-color:transparent; text-align:left\">\n            <div class=\"sib-text-form-block\">\n              <p>\u8ba9\u60a8\u5728\u77e5\u8bc6\u65b9\u9762\u5360\u5f97\u5148\u673a! \u901a\u8fc7\u51ef\u79d1\u901a\u8baf\uff0c\u60a8\u5c06\u76f4\u63a5\u6536\u5230\u6765\u81ea\u5fb7\u56fd\u51ef\u79d1\u603b\u90e8\u7684\u4ee4\u4eba\u5174\u594b\u7684\u6d88\u606f\u3002<\/p>\n            <\/div>\n          <\/div>\n        <\/div>\n        <div style=\"padding: 16px 0;\">\n          <div class=\"sib-input sib-form-block\">\n            <div class=\"form__entry entry_block\">\n              <div class=\"form__label-row \">\n                <label class=\"entry__label\" style=\"font-weight: 700; text-align:left; font-size:16px; text-align:left; font-weight:700; color:#009a9d;\" for=\"EMAIL\" data-required=\"*\">\u7535\u5b50\u90ae\u4ef6<\/label>\n\n                <div class=\"entry__field\">\n                  <input class=\"input \" type=\"text\" id=\"EMAIL\" name=\"EMAIL\" autocomplete=\"off\" placeholder=\"\u7535\u5b50\u90ae\u4ef6\" data-required=\"true\" required \/>\n                <\/div>\n              <\/div>\n\n              <label class=\"entry__error entry__error--primary\" style=\"font-size:16px; text-align:left; color:#661d1d; background-color:#ffeded; border-radius:3px; border-color:#ff4949;\">\n              <\/label>\n            <\/div>\n          <\/div>\n        <\/div>\n        <div style=\"padding: 16px 0;\">\n          <div class=\"sib-optin sib-form-block\" data-required=\"true\">\n            <div class=\"form__entry entry_mcq\">\n              <div class=\"form__label-row \">\n                <div class=\"entry__choice\" style=\"\">\n                  <label>\n                    <input type=\"checkbox\" class=\"input_replaced\" value=\"1\" id=\"OPT_IN\" name=\"OPT_IN\" required \/>\n                    <span class=\"checkbox checkbox_tick_positive\"\n            style=\"margin-left:\"\n            ><\/span><span style=\"font-size:14px; text-align:left; color:#3C4858; background-color:transparent;\"><p>\u6211\u540c\u610fKACO\u901a\u8fc7\u6211\u4e4b\u524d\u63d0\u4f9b\u7684\u6570\u636e\u901a\u8fc7\u7535\u5b50\u90ae\u4ef6\u4e0e\u6211\u8054\u7cfb\uff0c\u4ee5\u4fbf\u901a\u77e5\u6211\u5173\u4e8e\u5b83\u81ea\u5df1\u5f53\u524d\u7684\u65b0\u95fb\u53d1\u5e03\u3002 \u6211\u53ef\u4ee5\u5728\u4efb\u4f55\u65f6\u5019\u64a4\u9500\u8fd9\u9879\u540c\u610f\uff0c\u751a\u81f3\u90e8\u5206\u64a4\u9500\uff0cinfo@kaco.de\u3002<br>\n\u60a8\u53ef\u4ee5\u5728\u6211\u4eec\u7684\u6570\u636e\u4fdd\u62a4\u58f0\u660e\u4e2d\u4e86\u89e3\u5230\u66f4\u591a\u5173\u4e8eKACO\u7684\u6570\u636e\u4fdd\u62a4<\/p><span data-required=\"*\" style=\"display: inline;\" class=\"entry__label entry__label_optin\"><\/span><\/span> <\/label>\n                <\/div>\n              <\/div>\n              <label class=\"entry__error entry__error--primary\" style=\"font-size:16px; text-align:left; color:#661d1d; background-color:#ffeded; border-radius:3px; border-color:#ff4949;\">\n              <\/label>\n            <\/div>\n          <\/div>\n        <\/div>\n        <div style=\"padding: 16px 0;\">\n          <div class=\"sib-form-block\" style=\"text-align: left\">\n            <button class=\"sib-form-block__button sib-form-block__button-with-loader\" style=\"font-size:16px; text-align:left; color:#FFFFFF; background-color:#009a9d; border-width:0px;\" form=\"sib-form\" type=\"submit\">\n              <svg class=\"icon clickable__icon progress-indicator__icon sib-hide-loader-icon\" viewBox=\"0 0 512 512\">\n                <path d=\"M460.116 373.846l-20.823-12.022c-5.541-3.199-7.54-10.159-4.663-15.874 30.137-59.886 28.343-131.652-5.386-189.946-33.641-58.394-94.896-95.833-161.827-99.676C261.028 55.961 256 50.751 256 44.352V20.309c0-6.904 5.808-12.337 12.703-11.982 83.556 4.306 160.163 50.864 202.11 123.677 42.063 72.696 44.079 162.316 6.031 236.832-3.14 6.148-10.75 8.461-16.728 5.01z\" \/>\n              <\/svg>\n              \u8ba2\u9605\u901a\u8baf\n            <\/button>\n          <\/div>\n        <\/div>\n        <input type=\"text\" name=\"email_address_check\" value=\"\" class=\"input--hidden\">\n        <input type=\"hidden\" name=\"locale\" value=\"de\">\n        <input type=\"hidden\" name=\"html_type\" value=\"simple\">\n      <\/form>\n    <\/div>\n  <\/div>\n<\/div>\n<!-- END - We recommend to place the below code where you want the form in your website html  -->\n<!-- End Brevo Form -->\t\t\t\t<\/div>\n\t\t\t\t<\/div>\n\t\t\t\t\t<\/div>\n\t\t<\/div>\n\t\t\t\t\t<\/div>\n\t\t<\/section>\n\t\t\t\t<section class=\"elementor-section elementor-top-section elementor-element elementor-element-f3d1ecd elementor-section-boxed elementor-section-height-default elementor-section-height-default\" data-id=\"f3d1ecd\" data-element_type=\"section\">\n\t\t\t\t\t\t<div class=\"elementor-container elementor-column-gap-default\">\n\t\t\t\t\t<div class=\"elementor-column elementor-col-100 elementor-top-column elementor-element elementor-element-1984c06\" data-id=\"1984c06\" data-element_type=\"column\">\n\t\t\t<div class=\"elementor-widget-wrap elementor-element-populated\">\n\t\t\t\t\t\t<div class=\"elementor-element elementor-element-b64d61b elementor-widget elementor-widget-spacer\" data-id=\"b64d61b\" data-element_type=\"widget\" data-widget_type=\"spacer.default\">\n\t\t\t\t<div class=\"elementor-widget-container\">\n\t\t\t\t\t\t\t<div class=\"elementor-spacer\">\n\t\t\t<div class=\"elementor-spacer-inner\"><\/div>\n\t\t<\/div>\n\t\t\t\t\t\t<\/div>\n\t\t\t\t<\/div>\n\t\t\t\t\t<\/div>\n\t\t<\/div>\n\t\t\t\t\t<\/div>\n\t\t<\/section>\n\t\t\t\t<\/div>\n\t\t","protected":false},"excerpt":{"rendered":"<p>\u901a\u8fc7\u7535\u5b50\u90ae\u4ef6\u8ba2\u9605KACO\u65b0\u95fb \u786e\u4fdd\u60a8\u5728\u77e5\u8bc6\u65b9\u9762\u7684\u9886\u5148\u5730\u4f4d\uff01\u901a\u8fc7KACO\u65f6\u4e8b\u901a\u8baf\uff0c\u60a8\u5c06\u76f4\u63a5\u6536\u5230\u6765\u81ea\u5fb7\u56fdKACO\u603b [&hellip;]<\/p>\n","protected":false},"author":3,"featured_media":0,"parent":0,"menu_order":0,"comment_status":"closed","ping_status":"closed","template":"","meta":{"_acf_changed":false,"site-sidebar-layout":"no-sidebar","site-content-layout":"page-builder","ast-site-content-layout":"default","site-content-style":"default","site-sidebar-style":"default","ast-global-header-display":"","ast-banner-title-visibility":"","ast-main-header-display":"","ast-hfb-above-header-display":"","ast-hfb-below-header-display":"","ast-hfb-mobile-header-display":"","site-post-title":"disabled","ast-breadcrumbs-content":"","ast-featured-img":"disabled","footer-sml-layout":"","ast-disable-related-posts":"","theme-transparent-header-meta":"","adv-header-id-meta":"","stick-header-meta":"","header-above-stick-meta":"","header-main-stick-meta":"","header-below-stick-meta":"","astra-migrate-meta-layouts":"default","ast-page-background-enabled":"default","ast-page-background-meta":{"desktop":{"background-color":"var(--ast-global-color-4)","background-image":"","background-repeat":"repeat","background-position":"center center","background-size":"auto","background-attachment":"scroll","background-type":"","background-media":"","overlay-type":"","overlay-color":"","overlay-opacity":"","overlay-gradient":""},"tablet":{"background-color":"","background-image":"","background-repeat":"repeat","background-position":"center center","background-size":"auto","background-attachment":"scroll","background-type":"","background-media":"","overlay-type":"","overlay-color":"","overlay-opacity":"","overlay-gradient":""},"mobile":{"background-color":"","background-image":"","background-repeat":"repeat","background-position":"center center","background-size":"auto","background-attachment":"scroll","background-type":"","background-media":"","overlay-type":"","overlay-color":"","overlay-opacity":"","overlay-gradient":""}},"ast-content-background-meta":{"desktop":{"background-color":"var(--ast-global-color-5)","background-image":"","background-repeat":"repeat","background-position":"center center","background-size":"auto","background-attachment":"scroll","background-type":"","background-media":"","overlay-type":"","overlay-color":"","overlay-opacity":"","overlay-gradient":""},"tablet":{"background-color":"var(--ast-global-color-5)","background-image":"","background-repeat":"repeat","background-position":"center center","background-size":"auto","background-attachment":"scroll","background-type":"","background-media":"","overlay-type":"","overlay-color":"","overlay-opacity":"","overlay-gradient":""},"mobile":{"background-color":"var(--ast-global-color-5)","background-image":"","background-repeat":"repeat","background-position":"center center","background-size":"auto","background-attachment":"scroll","background-type":"","background-media":"","overlay-type":"","overlay-color":"","overlay-opacity":"","overlay-gradient":""}},"footnotes":""},"class_list":["post-21415","page","type-page","status-publish","hentry"],"acf":[],"yoast_head":"<!-- This site is optimized with the Yoast SEO plugin v27.4 - https:\/\/yoast.com\/product\/yoast-seo-wordpress\/ -->\n<title>Newsletter - KACO - Der Experte f\u00fcr Dichtungssysteme<\/title>\n<meta name=\"description\" content=\"\u901a\u8fc7\u7535\u5b50\u90ae\u4ef6\u8ba2\u9605KACO\u65b0\u95fb \u786e\u4fdd\u60a8\u5728\u77e5\u8bc6\u65b9\u9762\u7684\u9886\u5148\u5730\u4f4d\uff01\u901a\u8fc7KACO\u65f6\u4e8b\u901a\u8baf\uff0c\u60a8\u5c06\u76f4\u63a5\u6536\u5230\u6765\u81ea\u5fb7\u56fdKACO\u603b\u90e8\u7684\u4ee4\u4eba\u632f\u594b\u7684\u6d88\u606f\u3002 \u901a\u8fc7\u7535\u5b50\u90ae\u4ef6\u8ba2\u9605KACO\u65b0\u95fb \u8ba9\u60a8\u5728\u77e5\u8bc6\u65b9\u9762\u5360\u5f97\u5148\u673a! \u901a\u8fc7\u51ef\u79d1\u901a\u8baf\uff0c\u60a8\u5c06\u76f4\u63a5\u6536\u5230\u6765\u81ea\u5fb7\u56fd\u51ef\u79d1\u603b\u90e8\u7684\u4ee4\u4eba\u5174\u594b\u7684\u6d88\u606f\u3002 \u7535\u5b50\u90ae\u4ef6\" \/>\n<meta name=\"robots\" content=\"index, follow, max-snippet:-1, max-image-preview:large, max-video-preview:-1\" \/>\n<link rel=\"canonical\" href=\"https:\/\/kaco.de\/cn\/newsletter\/\" \/>\n<meta property=\"og:locale\" content=\"zh_CN\" \/>\n<meta property=\"og:type\" content=\"article\" \/>\n<meta property=\"og:title\" content=\"Newsletter - KACO - Der Experte f\u00fcr Dichtungssysteme\" \/>\n<meta property=\"og:description\" content=\"\u901a\u8fc7\u7535\u5b50\u90ae\u4ef6\u8ba2\u9605KACO\u65b0\u95fb \u786e\u4fdd\u60a8\u5728\u77e5\u8bc6\u65b9\u9762\u7684\u9886\u5148\u5730\u4f4d\uff01\u901a\u8fc7KACO\u65f6\u4e8b\u901a\u8baf\uff0c\u60a8\u5c06\u76f4\u63a5\u6536\u5230\u6765\u81ea\u5fb7\u56fdKACO\u603b\u90e8\u7684\u4ee4\u4eba\u632f\u594b\u7684\u6d88\u606f\u3002 \u901a\u8fc7\u7535\u5b50\u90ae\u4ef6\u8ba2\u9605KACO\u65b0\u95fb \u8ba9\u60a8\u5728\u77e5\u8bc6\u65b9\u9762\u5360\u5f97\u5148\u673a! \u901a\u8fc7\u51ef\u79d1\u901a\u8baf\uff0c\u60a8\u5c06\u76f4\u63a5\u6536\u5230\u6765\u81ea\u5fb7\u56fd\u51ef\u79d1\u603b\u90e8\u7684\u4ee4\u4eba\u5174\u594b\u7684\u6d88\u606f\u3002 \u7535\u5b50\u90ae\u4ef6\" \/>\n<meta property=\"og:url\" content=\"https:\/\/kaco.de\/cn\/newsletter\/\" \/>\n<meta property=\"og:site_name\" content=\"KACO - Der Experte f\u00fcr Dichtungssysteme\" \/>\n<meta property=\"article:modified_time\" content=\"2023-07-10T09:48:42+00:00\" \/>\n<meta name=\"twitter:card\" content=\"summary_large_image\" \/>\n<meta name=\"twitter:label1\" content=\"\u9884\u8ba1\u9605\u8bfb\u65f6\u95f4\" \/>\n\t<meta name=\"twitter:data1\" content=\"1 \u5206\" \/>\n<script type=\"application\/ld+json\" class=\"yoast-schema-graph\">{\"@context\":\"https:\\\/\\\/schema.org\",\"@graph\":[{\"@type\":\"WebPage\",\"@id\":\"https:\\\/\\\/kaco.de\\\/cn\\\/newsletter\\\/\",\"url\":\"https:\\\/\\\/kaco.de\\\/cn\\\/newsletter\\\/\",\"name\":\"Newsletter - KACO - Der Experte f\u00fcr Dichtungssysteme\",\"isPartOf\":{\"@id\":\"https:\\\/\\\/kaco.de\\\/#website\"},\"datePublished\":\"2021-12-09T09:11:00+00:00\",\"dateModified\":\"2023-07-10T09:48:42+00:00\",\"description\":\"\u901a\u8fc7\u7535\u5b50\u90ae\u4ef6\u8ba2\u9605KACO\u65b0\u95fb \u786e\u4fdd\u60a8\u5728\u77e5\u8bc6\u65b9\u9762\u7684\u9886\u5148\u5730\u4f4d\uff01\u901a\u8fc7KACO\u65f6\u4e8b\u901a\u8baf\uff0c\u60a8\u5c06\u76f4\u63a5\u6536\u5230\u6765\u81ea\u5fb7\u56fdKACO\u603b\u90e8\u7684\u4ee4\u4eba\u632f\u594b\u7684\u6d88\u606f\u3002 \u901a\u8fc7\u7535\u5b50\u90ae\u4ef6\u8ba2\u9605KACO\u65b0\u95fb \u8ba9\u60a8\u5728\u77e5\u8bc6\u65b9\u9762\u5360\u5f97\u5148\u673a! \u901a\u8fc7\u51ef\u79d1\u901a\u8baf\uff0c\u60a8\u5c06\u76f4\u63a5\u6536\u5230\u6765\u81ea\u5fb7\u56fd\u51ef\u79d1\u603b\u90e8\u7684\u4ee4\u4eba\u5174\u594b\u7684\u6d88\u606f\u3002 \u7535\u5b50\u90ae\u4ef6\",\"breadcrumb\":{\"@id\":\"https:\\\/\\\/kaco.de\\\/cn\\\/newsletter\\\/#breadcrumb\"},\"inLanguage\":\"zh-Hans\",\"potentialAction\":[{\"@type\":\"ReadAction\",\"target\":[\"https:\\\/\\\/kaco.de\\\/cn\\\/newsletter\\\/\"]}]},{\"@type\":\"BreadcrumbList\",\"@id\":\"https:\\\/\\\/kaco.de\\\/cn\\\/newsletter\\\/#breadcrumb\",\"itemListElement\":[{\"@type\":\"ListItem\",\"position\":1,\"name\":\"Home\",\"item\":\"https:\\\/\\\/kaco.de\\\/cn\\\/\"},{\"@type\":\"ListItem\",\"position\":2,\"name\":\"Newsletter\"}]},{\"@type\":\"WebSite\",\"@id\":\"https:\\\/\\\/kaco.de\\\/#website\",\"url\":\"https:\\\/\\\/kaco.de\\\/\",\"name\":\"KACO - Der Experte f\u00fcr Dichtungssysteme\",\"description\":\"Seien Sie mit unseren hochpr\u00e4zisen und anwendungsorientierten Dichtungsl\u00f6sungen bestens f\u00fcr die Automobil- und Maschinenbauindustrie ger\u00fcstet.\",\"publisher\":{\"@id\":\"https:\\\/\\\/kaco.de\\\/#organization\"},\"potentialAction\":[{\"@type\":\"SearchAction\",\"target\":{\"@type\":\"EntryPoint\",\"urlTemplate\":\"https:\\\/\\\/kaco.de\\\/?s={search_term_string}\"},\"query-input\":{\"@type\":\"PropertyValueSpecification\",\"valueRequired\":true,\"valueName\":\"search_term_string\"}}],\"inLanguage\":\"zh-Hans\"},{\"@type\":\"Organization\",\"@id\":\"https:\\\/\\\/kaco.de\\\/#organization\",\"name\":\"KACO - Der Experte f\u00fcr Dichtungssysteme\",\"url\":\"https:\\\/\\\/kaco.de\\\/\",\"logo\":{\"@type\":\"ImageObject\",\"inLanguage\":\"zh-Hans\",\"@id\":\"https:\\\/\\\/kaco.de\\\/#\\\/schema\\\/logo\\\/image\\\/\",\"url\":\"https:\\\/\\\/kaco.de\\\/wp-content\\\/uploads\\\/cropped-logo1.png\",\"contentUrl\":\"https:\\\/\\\/kaco.de\\\/wp-content\\\/uploads\\\/cropped-logo1.png\",\"width\":851,\"height\":254,\"caption\":\"KACO - Der Experte f\u00fcr Dichtungssysteme\"},\"image\":{\"@id\":\"https:\\\/\\\/kaco.de\\\/#\\\/schema\\\/logo\\\/image\\\/\"}}]}<\/script>\n<!-- \/ Yoast SEO plugin. -->","yoast_head_json":{"title":"Newsletter - KACO - Der Experte f\u00fcr Dichtungssysteme","description":"\u901a\u8fc7\u7535\u5b50\u90ae\u4ef6\u8ba2\u9605KACO\u65b0\u95fb \u786e\u4fdd\u60a8\u5728\u77e5\u8bc6\u65b9\u9762\u7684\u9886\u5148\u5730\u4f4d\uff01\u901a\u8fc7KACO\u65f6\u4e8b\u901a\u8baf\uff0c\u60a8\u5c06\u76f4\u63a5\u6536\u5230\u6765\u81ea\u5fb7\u56fdKACO\u603b\u90e8\u7684\u4ee4\u4eba\u632f\u594b\u7684\u6d88\u606f\u3002 \u901a\u8fc7\u7535\u5b50\u90ae\u4ef6\u8ba2\u9605KACO\u65b0\u95fb \u8ba9\u60a8\u5728\u77e5\u8bc6\u65b9\u9762\u5360\u5f97\u5148\u673a! \u901a\u8fc7\u51ef\u79d1\u901a\u8baf\uff0c\u60a8\u5c06\u76f4\u63a5\u6536\u5230\u6765\u81ea\u5fb7\u56fd\u51ef\u79d1\u603b\u90e8\u7684\u4ee4\u4eba\u5174\u594b\u7684\u6d88\u606f\u3002 \u7535\u5b50\u90ae\u4ef6","robots":{"index":"index","follow":"follow","max-snippet":"max-snippet:-1","max-image-preview":"max-image-preview:large","max-video-preview":"max-video-preview:-1"},"canonical":"https:\/\/kaco.de\/cn\/newsletter\/","og_locale":"zh_CN","og_type":"article","og_title":"Newsletter - KACO - Der Experte f\u00fcr Dichtungssysteme","og_description":"\u901a\u8fc7\u7535\u5b50\u90ae\u4ef6\u8ba2\u9605KACO\u65b0\u95fb \u786e\u4fdd\u60a8\u5728\u77e5\u8bc6\u65b9\u9762\u7684\u9886\u5148\u5730\u4f4d\uff01\u901a\u8fc7KACO\u65f6\u4e8b\u901a\u8baf\uff0c\u60a8\u5c06\u76f4\u63a5\u6536\u5230\u6765\u81ea\u5fb7\u56fdKACO\u603b\u90e8\u7684\u4ee4\u4eba\u632f\u594b\u7684\u6d88\u606f\u3002 \u901a\u8fc7\u7535\u5b50\u90ae\u4ef6\u8ba2\u9605KACO\u65b0\u95fb \u8ba9\u60a8\u5728\u77e5\u8bc6\u65b9\u9762\u5360\u5f97\u5148\u673a! \u901a\u8fc7\u51ef\u79d1\u901a\u8baf\uff0c\u60a8\u5c06\u76f4\u63a5\u6536\u5230\u6765\u81ea\u5fb7\u56fd\u51ef\u79d1\u603b\u90e8\u7684\u4ee4\u4eba\u5174\u594b\u7684\u6d88\u606f\u3002 \u7535\u5b50\u90ae\u4ef6","og_url":"https:\/\/kaco.de\/cn\/newsletter\/","og_site_name":"KACO - Der Experte f\u00fcr Dichtungssysteme","article_modified_time":"2023-07-10T09:48:42+00:00","twitter_card":"summary_large_image","twitter_misc":{"\u9884\u8ba1\u9605\u8bfb\u65f6\u95f4":"1 \u5206"},"schema":{"@context":"https:\/\/schema.org","@graph":[{"@type":"WebPage","@id":"https:\/\/kaco.de\/cn\/newsletter\/","url":"https:\/\/kaco.de\/cn\/newsletter\/","name":"Newsletter - KACO - Der Experte f\u00fcr Dichtungssysteme","isPartOf":{"@id":"https:\/\/kaco.de\/#website"},"datePublished":"2021-12-09T09:11:00+00:00","dateModified":"2023-07-10T09:48:42+00:00","description":"\u901a\u8fc7\u7535\u5b50\u90ae\u4ef6\u8ba2\u9605KACO\u65b0\u95fb \u786e\u4fdd\u60a8\u5728\u77e5\u8bc6\u65b9\u9762\u7684\u9886\u5148\u5730\u4f4d\uff01\u901a\u8fc7KACO\u65f6\u4e8b\u901a\u8baf\uff0c\u60a8\u5c06\u76f4\u63a5\u6536\u5230\u6765\u81ea\u5fb7\u56fdKACO\u603b\u90e8\u7684\u4ee4\u4eba\u632f\u594b\u7684\u6d88\u606f\u3002 \u901a\u8fc7\u7535\u5b50\u90ae\u4ef6\u8ba2\u9605KACO\u65b0\u95fb \u8ba9\u60a8\u5728\u77e5\u8bc6\u65b9\u9762\u5360\u5f97\u5148\u673a! \u901a\u8fc7\u51ef\u79d1\u901a\u8baf\uff0c\u60a8\u5c06\u76f4\u63a5\u6536\u5230\u6765\u81ea\u5fb7\u56fd\u51ef\u79d1\u603b\u90e8\u7684\u4ee4\u4eba\u5174\u594b\u7684\u6d88\u606f\u3002 \u7535\u5b50\u90ae\u4ef6","breadcrumb":{"@id":"https:\/\/kaco.de\/cn\/newsletter\/#breadcrumb"},"inLanguage":"zh-Hans","potentialAction":[{"@type":"ReadAction","target":["https:\/\/kaco.de\/cn\/newsletter\/"]}]},{"@type":"BreadcrumbList","@id":"https:\/\/kaco.de\/cn\/newsletter\/#breadcrumb","itemListElement":[{"@type":"ListItem","position":1,"name":"Home","item":"https:\/\/kaco.de\/cn\/"},{"@type":"ListItem","position":2,"name":"Newsletter"}]},{"@type":"WebSite","@id":"https:\/\/kaco.de\/#website","url":"https:\/\/kaco.de\/","name":"KACO - Der Experte f\u00fcr Dichtungssysteme","description":"Seien Sie mit unseren hochpr\u00e4zisen und anwendungsorientierten Dichtungsl\u00f6sungen bestens f\u00fcr die Automobil- und Maschinenbauindustrie ger\u00fcstet.","publisher":{"@id":"https:\/\/kaco.de\/#organization"},"potentialAction":[{"@type":"SearchAction","target":{"@type":"EntryPoint","urlTemplate":"https:\/\/kaco.de\/?s={search_term_string}"},"query-input":{"@type":"PropertyValueSpecification","valueRequired":true,"valueName":"search_term_string"}}],"inLanguage":"zh-Hans"},{"@type":"Organization","@id":"https:\/\/kaco.de\/#organization","name":"KACO - Der Experte f\u00fcr Dichtungssysteme","url":"https:\/\/kaco.de\/","logo":{"@type":"ImageObject","inLanguage":"zh-Hans","@id":"https:\/\/kaco.de\/#\/schema\/logo\/image\/","url":"https:\/\/kaco.de\/wp-content\/uploads\/cropped-logo1.png","contentUrl":"https:\/\/kaco.de\/wp-content\/uploads\/cropped-logo1.png","width":851,"height":254,"caption":"KACO - Der Experte f\u00fcr Dichtungssysteme"},"image":{"@id":"https:\/\/kaco.de\/#\/schema\/logo\/image\/"}}]}},"_links":{"self":[{"href":"https:\/\/kaco.de\/cn\/wp-json\/wp\/v2\/pages\/21415","targetHints":{"allow":["GET"]}}],"collection":[{"href":"https:\/\/kaco.de\/cn\/wp-json\/wp\/v2\/pages"}],"about":[{"href":"https:\/\/kaco.de\/cn\/wp-json\/wp\/v2\/types\/page"}],"author":[{"embeddable":true,"href":"https:\/\/kaco.de\/cn\/wp-json\/wp\/v2\/users\/3"}],"replies":[{"embeddable":true,"href":"https:\/\/kaco.de\/cn\/wp-json\/wp\/v2\/comments?post=21415"}],"version-history":[{"count":12,"href":"https:\/\/kaco.de\/cn\/wp-json\/wp\/v2\/pages\/21415\/revisions"}],"predecessor-version":[{"id":25703,"href":"https:\/\/kaco.de\/cn\/wp-json\/wp\/v2\/pages\/21415\/revisions\/25703"}],"wp:attachment":[{"href":"https:\/\/kaco.de\/cn\/wp-json\/wp\/v2\/media?parent=21415"}],"curies":[{"name":"wp","href":"https:\/\/api.w.org\/{rel}","templated":true}]}}