{"id":21421,"date":"2021-11-22T11:07:59","date_gmt":"2021-11-22T10:07:59","guid":{"rendered":"https:\/\/kaco.de\/%e6%95%b0%e6%8d%ae%e4%bf%9d%e6%8a%a4\/"},"modified":"2024-05-16T13:51:47","modified_gmt":"2024-05-16T11:51:47","slug":"%e6%95%b0%e6%8d%ae%e4%bf%9d%e6%8a%a4","status":"publish","type":"page","link":"https:\/\/kaco.de\/cn\/%e6%95%b0%e6%8d%ae%e4%bf%9d%e6%8a%a4\/","title":{"rendered":"\u6570\u636e\u4fdd\u62a4"},"content":{"rendered":"\t\t<div data-elementor-type=\"wp-page\" data-elementor-id=\"21421\" class=\"elementor elementor-21421 elementor-11\" data-elementor-post-type=\"page\">\n\t\t\t\t\t\t<section class=\"elementor-section elementor-top-section elementor-element elementor-element-3f4add3 elementor-section-boxed elementor-section-height-default elementor-section-height-default\" data-id=\"3f4add3\" data-element_type=\"section\">\n\t\t\t\t\t\t<div class=\"elementor-container elementor-column-gap-default\">\n\t\t\t\t\t<div class=\"elementor-column elementor-col-66 elementor-top-column elementor-element elementor-element-203cedd\" data-id=\"203cedd\" data-element_type=\"column\">\n\t\t\t<div class=\"elementor-widget-wrap elementor-element-populated\">\n\t\t\t\t\t\t<div class=\"elementor-element elementor-element-88ee9a5 elementor-widget elementor-widget-heading\" data-id=\"88ee9a5\" data-element_type=\"widget\" data-widget_type=\"heading.default\">\n\t\t\t\t<div class=\"elementor-widget-container\">\n\t\t\t\t\t<h1 class=\"elementor-heading-title elementor-size-default\">\u6570\u636e\u4fdd\u62a4<\/h1>\t\t\t\t<\/div>\n\t\t\t\t<\/div>\n\t\t\t\t<div class=\"elementor-element elementor-element-c74771c elementor-widget elementor-widget-spacer\" data-id=\"c74771c\" data-element_type=\"widget\" data-widget_type=\"spacer.default\">\n\t\t\t\t<div class=\"elementor-widget-container\">\n\t\t\t\t\t\t\t<div class=\"elementor-spacer\">\n\t\t\t<div class=\"elementor-spacer-inner\"><\/div>\n\t\t<\/div>\n\t\t\t\t\t\t<\/div>\n\t\t\t\t<\/div>\n\t\t\t\t<div class=\"elementor-element elementor-element-a2ef24a elementor-widget elementor-widget-spacer\" data-id=\"a2ef24a\" data-element_type=\"widget\" data-widget_type=\"spacer.default\">\n\t\t\t\t<div class=\"elementor-widget-container\">\n\t\t\t\t\t\t\t<div class=\"elementor-spacer\">\n\t\t\t<div class=\"elementor-spacer-inner\"><\/div>\n\t\t<\/div>\n\t\t\t\t\t\t<\/div>\n\t\t\t\t<\/div>\n\t\t\t\t<div class=\"elementor-element elementor-element-550daca elementor-widget elementor-widget-text-editor\" data-id=\"550daca\" data-element_type=\"widget\" data-widget_type=\"text-editor.default\">\n\t\t\t\t<div class=\"elementor-widget-container\">\n\t\t\t\t\t\t\t\t\t<article><article><div id=\"c439\" class=\"csc-default\"><h2 class=\"csc-firstHeader\">\u8054\u7cfb\u4eba<\/h2><p>KACO(\u5584\u5c14\u56fa)\u516c\u53f8\u6570\u636e\u7684\u7ef4\u62a4\u3001\u66f4\u6b63\u3001\u7ec8\u6b62\u6216\u5220\u9664\uff0c\u7531\u4ee5\u4e0b\u4eba\u5458\u8d1f\u8d23\uff1a<\/p><p><strong>TDSSG GmbH &#8211; Team Datenschutz Services<\/strong><\/p><p><strong>Herr Eberhard H\u00e4cker<\/strong><br \/><strong>Beauftragte f\u00fcr den Datenschutz<\/strong><\/p><p>kaco@team-datenschutz.de<\/p><\/div><div id=\"c438\" class=\"csc-default\"><h2>\u4e00\u822c\u6027\u4fe1\u606f\u7684\u91c7\u96c6<\/h2><p>\u5f53\u60a8\u8bbf\u95eeKACO GmbH + Co. KG\u7684\u7f51\u7ad9\u65f6\uff0c\u7f51\u7ad9\u5c06\u81ea\u52a8\u8bb0\u5f55\u4e00\u822c\u6027\u8d28\u7684\u4fe1\u606f\uff0c\u5305\u62ec\u7f51\u9875\u6d4f\u89c8\u5668<br \/>\u7c7b\u578b\u3001\u4f7f\u7528\u7684\u64cd\u4f5c\u7cfb\u7edf\u3001\u60a8\u7684\u4e92\u8054\u7f51\u670d\u52a1\u4f9b\u5e94\u5546\u7684\u57df\u540d\u7b49\uff0c\u5e76\u4e0d\u6d89\u53ca\u4e2a\u4eba\u4fe1\u606f\u3002\u53e6\u5916\uff0c\u901a\u8fc7\u4e92\u8054\u7f51<\/p><p>\u8bbf\u95ee\u5176\u4ed6\u4efb\u4f55\u7f51\u7ad9\u65f6\uff0c\u540c\u6837\u4e5f\u4f1a\u8bb0\u5f55\u8fd9\u4e9b\u4e00\u822c\u6027\u8d28\u7684\u4fe1\u606f\u3002\u56e0\u6b64\uff0c\u8fd9\u5e76\u975e\u662fKACO\uff08\u5584\u5c14\u56fa\uff09\u7f51\u7ad9\u7684\u7279\u5b9a\u529f\u80fd\u3002\u6211\u4eec\u4ec5\u4ee5\u533f\u540d\u7684\u65b9\u5f0f\u6536\u96c6\u4fe1\u606f\uff0c\u5e76\u5bf9\u4fe1\u606f\u8fdb\u884c\u8bc4\u4f30\u3002\u6211\u4eec\u5bf9\u60a8\u7684\u9700\u6c42\u4e86\u89e3\u5f97\u8d8a\u5145\u5206\uff0c\u90a3\u4e48\u6211<\/p><p>\u4eec\u5c31\u80fd\u5e2e\u60a8\u66f4\u5feb\u5730\u5728\u7f51\u7ad9\u4e0a\u627e\u5230\u60a8\u9700\u8981\u7684\u4fe1\u606f\u3002<\/p><\/div><div id=\"c437\" class=\"csc-default\"><h2>Cookies\u7684\u4f7f\u7528<\/h2><p>Cookies\u5747\u4e3a\u6587\u672c\u6587\u4ef6\uff0c\u4ec5\u5305\u542b\u91cd\u590d\u8bbf\u5ba2\u8bbf\u95ee\u7f51\u7ad9\u6301\u7eed\u65f6\u95f4\u7684\u4fe1\u606f\u3002Cookies\u4fdd\u5b58\u5728\u60a8\u7684\u8ba1\u7b97\u673a\u786c<\/p><p>\u76d8\u4e0a\uff0c\u4e0d\u4f1a\u5bf9\u60a8\u7684\u8ba1\u7b97\u673a\u9020\u6210\u4efb\u4f55\u635f\u5bb3\u3002\u6211\u4eec\u7f51\u7ad9\u7684Cookies\u4e0d\u5305\u542b\u60a8\u7684\u4efb\u4f55\u4e2a\u4eba\u6570\u636e\u3002<\/p><p>Cookies\u53ef\u5e2e\u52a9\u60a8\u514d\u4e8e\u6570\u636e\u7684\u91cd\u590d\u8f93\u5165\u3001\u65b9\u4fbf\u60a8\u627e\u5230\u7279\u5b9a\u5185\u5bb9\uff0c\u5e76\u5e2e\u52a9\u6211\u4eec\u786e\u5b9a\u54ea\u4e9b\u662f\u7f51\u7ad9\u7684\u70ed\u95e8<\/p><p>\u4ea7\u54c1\u3002\u8fd9\u6837\uff0c\u6211\u4eec\u5c31\u53ef\u4ee5\u901a\u8fc7\u5bf9\u7f51\u7ad9\u5185\u5bb9\u7684\u8c03\u6574\uff0c\u66f4\u51c6\u786e\u5730\u9501\u5b9a\u60a8\u7684\u9700\u6c42\u3002<\/p><p>\u5982\u679c\u9700\u8981\uff0c\u60a8\u53ef\u4ee5\u968f\u65f6\u901a\u8fc7\u6d4f\u89c8\u5668\u8bbe\u7f6e\u5bf9Cookies\u7981\u7528\u3002\u60a8\u53ef\u4ee5\u901a\u8fc7\u6d4f\u89c8\u5668\u7684\u5e2e\u52a9\u529f\u80fd\uff0c\u4e86\u89e3\u5982\u4f55<\/p><p>\u66f4\u6539\u8bbe\u7f6e\u3002<\/p><\/div><div id=\"c436\" class=\"csc-default\"><h2>Facebook \u793e\u4ea4\u63d2\u4ef6\u7684\u4f7f\u7528<\/h2><p>KACO GmbH + Co. KG\u5728\u5176\u7f51\u7ad9\u4e0a\u4f7f\u7528\u793e\u4ea4\u7f51\u7edcfacebook.com\u63d0\u4f9b\u7684\u793e\u4ea4\u63d2\u4ef6\uff08Plugins\uff09\u3002\u8be5\u793e\u4ea4\u7f51\u7edc\u7531Facebook\u516c\u53f8\uff08\u5357\u52a0\u5dde\u5927\u9053 1601 \u53f7\uff0cPalo Alto\uff0cCA 94304, \u7f8e\u56fd\uff09\uff08Facebook\uff09\u8fd0\u8425\u3002\u8fd9\u4e9b\u63d2\u4ef6\u6807\u8bb0\u6709 Facebook \u516c\u53f8\u6807\u8bc6\u6216 \u201cFacebook \u793e\u4ea4\u63d2\u4ef6\u201d\u5b57\u6837\u3002<\/p><p>KACO GmbH + Co. KG\u7684\u516c\u53f8\u7f51\u7ad9\u5305\u542b\u8fd9\u79cd\u63d2\u4ef6\uff0c\u5f53\u60a8\u8bbf\u95ee\u6b64\u7f51\u7ad9\u65f6\uff0c\u60a8\u7684\u6d4f\u89c8\u5668\u4f1a\u81ea\u52a8\u4e0eFacebook\u670d\u52a1\u5668\u5efa\u7acb\u8fde\u63a5\u3002Facebook\u76f4\u63a5\u5c06\u63d2\u4ef6\u4fe1\u606f\u4f20\u8f93\u5230\u60a8\u7684\u6d4f\u89c8\u5668\uff0c\u5e76\u4ece\u6d4f\u89c8\u5668\u8054\u5165\u7f51\u7ad9\u3002<\/p><p>Facebook\u901a\u8fc7\u5d4c\u5165\u63d2\u4ef6\u83b7\u5f97\u60a8\u8bbf\u95eeKACO GmbH + Co. KG\u516c\u53f8\u7f51\u9875\u7684\u76f8\u5173\u4fe1\u606f\u3002\u5982\u679c\u60a8\u5df2\u767b\u5f55Facebook\uff0c\u5219Facebook\u4fbf\u5c06\u8fd9\u4e9b\u4fe1\u606f\u5b58\u5165Facebook\u8d26\u6237\u3002\u5982\u679c\u60a8\u901a\u8fc7\u63d2\u4ef6\u4e92\u52a8\uff0c\u4f8b\u5982\u64cd\u4f5c\u201c\u559c\u6b22\u201d<\/p><p>\u6309\u94ae\u6216\u8005\u53d1\u8868\u8bc4\u8bba\uff0c\u76f8\u5173\u4fe1\u606f\u4fbf\u901a\u8fc7\u6d4f\u89c8\u5668\u76f4\u63a5\u4f20\u8f93\u5230Facebook\u5e76\u4fdd\u5b58\u5728\u90a3\u91cc\u3002<\/p><p>\u6709\u5173\u6570\u636e\u6536\u96c6\u7684\u76ee\u7684\u548c\u8303\u56f4\u3001Facebook\u5bf9\u6570\u636e\u7684\u8fdb\u4e00\u6b65\u52a0\u5de5\u548c\u5229\u7528\uff0c\u4ee5\u53ca\u60a8\u5728\u8fd9\u65b9\u9762\u7684\u6743\u5229\u548c\u9690\u79c1\u4fdd\u62a4\u7684\u76f8\u5173\u8bbe\u7f6e\uff0c\u8bf7\u53c2\u9605Facebook\u6570\u636e\u4fdd\u62a4\u8bf4\u660e\u3002<\/p><p>\u5982\u679c\u60a8\u4e0d\u5e0c\u671bFacebook\u901a\u8fc7KACO GmbH + Co. KG\u516c\u53f8\u7f51\u7ad9\u6536\u96c6\u60a8\u7684\u6570\u636e\uff0c\u90a3\u4e48\u60a8\u5fc5\u987b\u5728\u8bbf\u95eeKACO GmbH + Co. KG\u516c\u53f8\u7f51\u7ad9\u4e4b\u524d\u9000\u51faFacebook\u3002<\/p><\/div><div id=\"c435\" class=\"csc-default\"><h2>\u5b89\u5168\u6027<\/h2><p>KACO GmbH + Co. KG\u5728\u6280\u672f\u548c\u7ec4\u7ec7\u65b9\u9762\u91c7\u53d6\u5b89\u5168\u63aa\u65bd\uff0c\u4ee5\u4fdd\u62a4\u60a8\u63d0\u4f9b\u7ed9\u6211\u4eec\u7684\u4e2a\u4eba\u6570\u636e\uff0c\u9632\u6b62\u610f\u5916\u6216\u84c4\u610f\u7be1\u6539\u3001\u4e22\u5931\u3001\u6bc1\u574f\u6216\u672a\u7ecf\u6388\u6743\u4eba\u5458\u7684\u8bbf\u95ee\u3002\u6211\u4eec\u5c06\u6839\u636e\u6280\u672f\u6c34\u5e73\u5bf9\u76f8\u5173\u5b89\u5168\u63aa\u65bd\u4e0d\u65ad\u8fdb\u884c\u63d0\u9ad8\u548c\u8c03\u6574\u3002<\/p><\/div><div id=\"c434\" class=\"csc-default\"><h2>\u516c\u793a\u7a0b\u5e8f\uff08\u5fb7\u56fd\u8054\u90a6\u6570\u636e\u4fdd\u62a4\u6cd5 BDSG \u00a74g \u548c \u00a74e \uff09<\/h2><p>\u6570\u636e\u4fdd\u62a4\u4e13\u5458\u8d1f\u8d23\u5411\u516c\u4f17\u516c\u5e03\u5fc5\u8981\u7684\u6cd5\u5f8b\u4fe1\u606f\u3002<\/p><p>\u8d23\u4efb\u65b9\u540d\u79f0\uff1aKACO GmbH + Co. KG<\/p><p>\u603b\u7ecf\u7406\uff1a<br \/>Richard Ongherth (CEO)<br \/>Yanfang Sun (CFO)<br \/>Gernot-Alois Feiel (COO)<\/p><p>\u6570\u636e\u4fdd\u62a4\u4e13\u5458\uff1a<br \/>Eberhard H\u00e4cker\u00a0<\/p><p>\u8d23\u4efb\u65b9\u5730\u5740\uff1a<br \/>KACO GmbH + Co. KG 74912 Kirchardt<\/p><p>\u6570\u636e\u8c03\u67e5\u3001\u5904\u7406\u3001\u4f7f\u7528\u6216\u4f20\u8f93\u7684\u76ee\u7684\uff1a<\/p><p>\u516c\u53f8\u7684\u76ee\u6807\u662f\u5f00\u53d1\u3001\u751f\u4ea7\u53ca\u9500\u552e\u5bc6\u5c01\u7cfb\u7edf\u3001\u96f6\u914d\u4ef6\u53ca\u76f8\u5173\u7684\u673a\u68b0\u8bbe\u5907\u3001\u5de5\u88c5\u6a21\u5177\u548c\u5176\u4ed6\u6280\u672f\u4ea7\u54c1\u3002<\/p><p>\u76f8\u5173\u4eba\u7fa4\u53ca\u76f8\u5173\u6570\u636e\u548c\u6570\u636e\u7c7b\u522b\u7684\u8bf4\u660e\uff1a<\/p><p>\u5ba2\u6237\u6570\u636e\u3001\u5458\u5de5\u6570\u636e\u548c\u7528\u4e8e\u6ee1\u8db3\u7279\u5b9a\u8981\u6c42\u7684\u5408\u4f5c\u4f19\u4f34\u7684\u76f8\u5173\u6570\u636e\u3002<\/p><p>\u53ef\u63a5\u6536\u6570\u636e\u7684\u4e2a\u4eba\u6216\u90e8\u95e8\uff1a<br \/>\u6cd5\u5f8b\u8d4b\u4e88\u4f18\u5148\u6743\u7684\u516c\u5171\u90e8\u95e8<br \/>\u7b26\u5408\u5fb7\u56fd\u8054\u90a6\u6570\u636e\u4fdd\u62a4\u6cd5 BDSG \u00a711 \u6240\u754c\u5b9a\u5408\u4f5c\u4f19\u4f34\u5173\u7cfb\u7684\u59d4\u6258\u4eba\uff0cKACO\uff08\u5584\u5c14\u56fa\uff09<br \/>\u96c6\u56e2\u5b50\u516c\u53f8\u548c\u7279\u6b8a\u7684\u5185\u90e8\u7ec4\u7ec7\u5355\u4f4d\u3002<\/p><p>\u6570\u636e\u5220\u9664\u7684\u65f6\u95f4\u89c4\u5b9a\uff1a<br \/>\u6cd5\u5f8b\u89c4\u5b9a\u76f8\u5173\u7684\u4fdd\u5b58\u4e49\u52a1\u548c\u4fdd\u5b58\u671f\u9650\u3002\u8d85\u8fc7\u89c4\u5b9a\u671f\u9650\u7684\u76f8\u5173\u6570\u636e\u8981\u6309\u89c4\u5b9a\u5220\u9664\u3002<\/p><p>KACO GmbH + Co. KG<\/p><p>\u7248\u672c\uff1a2011\u5e7411\u670824\u65e5<\/p><\/div><div id=\"c750\" class=\"csc-default\"><h2>\u672c\u9875\u9762\u4f7f\u7528\u4e86Google\u8f6c\u6362\u8ffd\u8e2a\u529f\u80fd<\/h2><p>\u6211\u4eec\u4f7f\u7528\u4e86\u5728\u7ebf\u5e7f\u544a\u7a0b\u5e8f\u201cGoogle Adwords\u201d \u4ee5\u53ca\u8be5\u7a0b\u5e8f\u4e0b\u7684\u8f6c\u6362\u8ffd\u8e2a\u529f\u80fd\u3002\u8f6c\u6362\u8ffd\u8e2a\u529f\u80fd\u7684cookie\u5728\u7528\u6237\u70b9\u51fbGoogle\u5c55\u793a\u7684\u5e7f\u544a\u65f6\u4f1a\u542f\u52a8\u3002\u8fd9\u4e9bcookie\u572830\u5929\u540e\u5931\u6548\u5e76\u4e14\u4e0d\u5177\u5907\u4e2a\u4eba\u7528\u6237\u8bc6\u522b\u7684\u4f5c\u7528\u3002\u4f7f\u7528\u8005\u8bbf\u95ee\u4e86Adwords\u7528\u6237\u7684\u7279\u5b9a\u7f51\u9875\uff0c\u6b64\u5904\u5373kaco.de\uff0c\u5e76\u4e14\u8be5cookie\u5c1a\u672a\u8fc7\u671f\uff0c\u90a3\u4e48Google\u548c\u8be5\u7528\u6237\u5c31\u53ef\u4ee5\u77e5\u9053\uff0c\u4f7f\u7528\u8005\u66fe\u7ecf\u70b9\u51fb\u4e86\u5e7f\u544a\u5e76\u88ab\u94fe\u63a5\u5230\u8fd9\u4e2a\u7f51\u9875\u3002\u6bcf\u4e2a\u7528\u6237\u90fd\u6709\u4e0d\u540c\u7684cookie\uff0c\u8fd9\u610f\u5473\u7740cookie\u4e0d\u80fd\u901a\u8fc7Adwords\u7528\u6237\u7684\u7f51\u7ad9\u88ab\u8ffd\u8e2a\u3002\u901a\u8fc7\u8f6c\u6362cookie\u6536\u96c6\u7684\u4fe1\u606f\u88ab\u7528\u4e8e\u4e3a\u4f7f\u7528\u4e86\u8f6c\u6362\u8ffd\u8e2a\u529f\u80fd\u7684Adwords\u7528\u6237\u7f16\u5199\u8f6c\u6362\u6570\u636e\u62a5\u544a\u3002\u7528\u6237\u4f1a\u5f97\u5230\u901a\u8fc7\u70b9\u51fb\u5e7f\u544a\u5e76\u88ab\u94fe\u63a5\u5230\u4e00\u4e2a\u5e26\u6709\u8f6c\u6362\u8ffd\u8e2a\u6807\u7b7e\u7f51\u9875\u7684\u603b\u4f7f\u7528\u8005\u4eba\u6570\u4fe1\u606f\uff0c\u4f46\u662f\u7528\u6237\u4e0d\u4f1a\u5f97\u5230\u53ef\u4ee5\u786e\u5b9a\u4f7f\u7528\u8005\u8eab\u4efd\u7684\u4fe1\u606f\u3002\u4e2a\u4eba\u4fe1\u606f\u548c\u4f7f\u7528\u4fe1\u606f\u4e0d\u76f8\u5173\u8054\u3002\u5982\u679c\u60a8\u60f3\u8981\u5173\u95ed\u8f6c\u6362\u8ffd\u8e2acookie\uff0c\u53ef\u4ee5\u5bf9\u6d4f\u89c8\u5668\u8fdb\u884c\u8bbe\u7f6e\u5c06\u4ee5\u4e0b\u57df\u540d\u7684cookie\u5c4f\u853d\uff1a\u201cgoogleadservices.com\u201d\u3002\u5173\u4e8e\u201c\u9690\u79c1\u4fdd\u62a4\u201d\u7684\u66f4\u591a\u4fe1\u606f\u8bf7\u53c2\u89c1\u4ee5\u4e0b\u94fe\u63a5\u4e2d\u7684Google AdWords\u90e8\u5206\uff1a<\/p><p><a href=\"https:\/\/www.google.com\/intl\/zh-CN\/policies\/privacy\/\" target=\"_blank\" rel=\"noopener\">https:\/\/www.google.com\/intl\/zh-CN\/policies\/privacy\/ <\/a><\/p><\/div><\/article><\/article>\t\t\t\t\t\t\t\t<\/div>\n\t\t\t\t<\/div>\n\t\t\t\t\t<\/div>\n\t\t<\/div>\n\t\t\t\t<div class=\"elementor-column elementor-col-33 elementor-top-column elementor-element elementor-element-d0d763f\" data-id=\"d0d763f\" data-element_type=\"column\">\n\t\t\t<div class=\"elementor-widget-wrap\">\n\t\t\t\t\t\t\t<\/div>\n\t\t<\/div>\n\t\t\t\t\t<\/div>\n\t\t<\/section>\n\t\t\t\t<\/div>\n\t\t","protected":false},"excerpt":{"rendered":"<p>\u6570\u636e\u4fdd\u62a4 \u8054\u7cfb\u4eba KACO(\u5584\u5c14\u56fa)\u516c\u53f8\u6570\u636e\u7684\u7ef4\u62a4\u3001\u66f4\u6b63\u3001\u7ec8\u6b62\u6216\u5220\u9664\uff0c\u7531\u4ee5\u4e0b\u4eba\u5458\u8d1f\u8d23\uff1a TDSSG GmbH  [&hellip;]<\/p>\n","protected":false},"author":3,"featured_media":0,"parent":0,"menu_order":0,"comment_status":"closed","ping_status":"closed","template":"","meta":{"_acf_changed":false,"site-sidebar-layout":"no-sidebar","site-content-layout":"page-builder","ast-site-content-layout":"default","site-content-style":"default","site-sidebar-style":"default","ast-global-header-display":"","ast-banner-title-visibility":"","ast-main-header-display":"","ast-hfb-above-header-display":"","ast-hfb-below-header-display":"","ast-hfb-mobile-header-display":"","site-post-title":"disabled","ast-breadcrumbs-content":"","ast-featured-img":"disabled","footer-sml-layout":"","ast-disable-related-posts":"","theme-transparent-header-meta":"","adv-header-id-meta":"","stick-header-meta":"","header-above-stick-meta":"","header-main-stick-meta":"","header-below-stick-meta":"","astra-migrate-meta-layouts":"default","ast-page-background-enabled":"default","ast-page-background-meta":{"desktop":{"background-color":"var(--ast-global-color-4)","background-image":"","background-repeat":"repeat","background-position":"center center","background-size":"auto","background-attachment":"scroll","background-type":"","background-media":"","overlay-type":"","overlay-color":"","overlay-opacity":"","overlay-gradient":""},"tablet":{"background-color":"","background-image":"","background-repeat":"repeat","background-position":"center center","background-size":"auto","background-attachment":"scroll","background-type":"","background-media":"","overlay-type":"","overlay-color":"","overlay-opacity":"","overlay-gradient":""},"mobile":{"background-color":"","background-image":"","background-repeat":"repeat","background-position":"center center","background-size":"auto","background-attachment":"scroll","background-type":"","background-media":"","overlay-type":"","overlay-color":"","overlay-opacity":"","overlay-gradient":""}},"ast-content-background-meta":{"desktop":{"background-color":"var(--ast-global-color-5)","background-image":"","background-repeat":"repeat","background-position":"center center","background-size":"auto","background-attachment":"scroll","background-type":"","background-media":"","overlay-type":"","overlay-color":"","overlay-opacity":"","overlay-gradient":""},"tablet":{"background-color":"var(--ast-global-color-5)","background-image":"","background-repeat":"repeat","background-position":"center center","background-size":"auto","background-attachment":"scroll","background-type":"","background-media":"","overlay-type":"","overlay-color":"","overlay-opacity":"","overlay-gradient":""},"mobile":{"background-color":"var(--ast-global-color-5)","background-image":"","background-repeat":"repeat","background-position":"center center","background-size":"auto","background-attachment":"scroll","background-type":"","background-media":"","overlay-type":"","overlay-color":"","overlay-opacity":"","overlay-gradient":""}},"footnotes":""},"class_list":["post-21421","page","type-page","status-publish","hentry"],"acf":[],"yoast_head":"<!-- This site is optimized with the Yoast SEO plugin v27.3 - https:\/\/yoast.com\/product\/yoast-seo-wordpress\/ -->\n<title>\u6570\u636e\u4fdd\u62a4 - KACO - Der Experte f\u00fcr Dichtungssysteme<\/title>\n<meta name=\"description\" content=\"\u6570\u636e\u4fdd\u62a4 \u8054\u7cfb\u4ebaKACO(\u5584\u5c14\u56fa)\u516c\u53f8\u6570\u636e\u7684\u7ef4\u62a4\u3001\u66f4\u6b63\u3001\u7ec8\u6b62\u6216\u5220\u9664\uff0c\u7531\u4ee5\u4e0b\u4eba\u5458\u8d1f\u8d23\uff1aTDSSG GmbH - Team Datenschutz ServicesHerr Eberhard H\u00e4ckerBeauftragte f\u00fcr den\" \/>\n<meta name=\"robots\" content=\"index, follow, max-snippet:-1, max-image-preview:large, max-video-preview:-1\" \/>\n<link rel=\"canonical\" href=\"https:\/\/kaco.de\/cn\/\u6570\u636e\u4fdd\u62a4\/\" \/>\n<meta property=\"og:locale\" content=\"zh_CN\" \/>\n<meta property=\"og:type\" content=\"article\" \/>\n<meta property=\"og:title\" content=\"\u6570\u636e\u4fdd\u62a4 - KACO - Der Experte f\u00fcr Dichtungssysteme\" \/>\n<meta property=\"og:description\" content=\"\u6570\u636e\u4fdd\u62a4 \u8054\u7cfb\u4ebaKACO(\u5584\u5c14\u56fa)\u516c\u53f8\u6570\u636e\u7684\u7ef4\u62a4\u3001\u66f4\u6b63\u3001\u7ec8\u6b62\u6216\u5220\u9664\uff0c\u7531\u4ee5\u4e0b\u4eba\u5458\u8d1f\u8d23\uff1aTDSSG GmbH - Team Datenschutz ServicesHerr Eberhard H\u00e4ckerBeauftragte f\u00fcr den\" \/>\n<meta property=\"og:url\" content=\"https:\/\/kaco.de\/cn\/\u6570\u636e\u4fdd\u62a4\/\" \/>\n<meta property=\"og:site_name\" content=\"KACO - Der Experte f\u00fcr Dichtungssysteme\" \/>\n<meta property=\"article:modified_time\" content=\"2024-05-16T11:51:47+00:00\" \/>\n<meta name=\"twitter:card\" content=\"summary_large_image\" \/>\n<meta name=\"twitter:label1\" content=\"\u9884\u8ba1\u9605\u8bfb\u65f6\u95f4\" \/>\n\t<meta name=\"twitter:data1\" content=\"1 \u5206\" \/>\n<script type=\"application\/ld+json\" class=\"yoast-schema-graph\">{\"@context\":\"https:\\\/\\\/schema.org\",\"@graph\":[{\"@type\":\"WebPage\",\"@id\":\"https:\\\/\\\/kaco.de\\\/cn\\\/%e6%95%b0%e6%8d%ae%e4%bf%9d%e6%8a%a4\\\/\",\"url\":\"https:\\\/\\\/kaco.de\\\/cn\\\/%e6%95%b0%e6%8d%ae%e4%bf%9d%e6%8a%a4\\\/\",\"name\":\"\u6570\u636e\u4fdd\u62a4 - KACO - Der Experte f\u00fcr Dichtungssysteme\",\"isPartOf\":{\"@id\":\"https:\\\/\\\/kaco.de\\\/#website\"},\"datePublished\":\"2021-11-22T10:07:59+00:00\",\"dateModified\":\"2024-05-16T11:51:47+00:00\",\"description\":\"\u6570\u636e\u4fdd\u62a4 \u8054\u7cfb\u4ebaKACO(\u5584\u5c14\u56fa)\u516c\u53f8\u6570\u636e\u7684\u7ef4\u62a4\u3001\u66f4\u6b63\u3001\u7ec8\u6b62\u6216\u5220\u9664\uff0c\u7531\u4ee5\u4e0b\u4eba\u5458\u8d1f\u8d23\uff1aTDSSG GmbH - Team Datenschutz ServicesHerr Eberhard H\u00e4ckerBeauftragte f\u00fcr den\",\"breadcrumb\":{\"@id\":\"https:\\\/\\\/kaco.de\\\/cn\\\/%e6%95%b0%e6%8d%ae%e4%bf%9d%e6%8a%a4\\\/#breadcrumb\"},\"inLanguage\":\"zh-Hans\",\"potentialAction\":[{\"@type\":\"ReadAction\",\"target\":[\"https:\\\/\\\/kaco.de\\\/cn\\\/%e6%95%b0%e6%8d%ae%e4%bf%9d%e6%8a%a4\\\/\"]}]},{\"@type\":\"BreadcrumbList\",\"@id\":\"https:\\\/\\\/kaco.de\\\/cn\\\/%e6%95%b0%e6%8d%ae%e4%bf%9d%e6%8a%a4\\\/#breadcrumb\",\"itemListElement\":[{\"@type\":\"ListItem\",\"position\":1,\"name\":\"Home\",\"item\":\"https:\\\/\\\/kaco.de\\\/cn\\\/\"},{\"@type\":\"ListItem\",\"position\":2,\"name\":\"\u6570\u636e\u4fdd\u62a4\"}]},{\"@type\":\"WebSite\",\"@id\":\"https:\\\/\\\/kaco.de\\\/#website\",\"url\":\"https:\\\/\\\/kaco.de\\\/\",\"name\":\"KACO - Der Experte f\u00fcr Dichtungssysteme\",\"description\":\"Seien Sie mit unseren hochpr\u00e4zisen und anwendungsorientierten Dichtungsl\u00f6sungen bestens f\u00fcr die Automobil- und Maschinenbauindustrie ger\u00fcstet.\",\"publisher\":{\"@id\":\"https:\\\/\\\/kaco.de\\\/#organization\"},\"potentialAction\":[{\"@type\":\"SearchAction\",\"target\":{\"@type\":\"EntryPoint\",\"urlTemplate\":\"https:\\\/\\\/kaco.de\\\/?s={search_term_string}\"},\"query-input\":{\"@type\":\"PropertyValueSpecification\",\"valueRequired\":true,\"valueName\":\"search_term_string\"}}],\"inLanguage\":\"zh-Hans\"},{\"@type\":\"Organization\",\"@id\":\"https:\\\/\\\/kaco.de\\\/#organization\",\"name\":\"KACO - Der Experte f\u00fcr Dichtungssysteme\",\"url\":\"https:\\\/\\\/kaco.de\\\/\",\"logo\":{\"@type\":\"ImageObject\",\"inLanguage\":\"zh-Hans\",\"@id\":\"https:\\\/\\\/kaco.de\\\/#\\\/schema\\\/logo\\\/image\\\/\",\"url\":\"https:\\\/\\\/kaco.de\\\/wp-content\\\/uploads\\\/cropped-logo1.png\",\"contentUrl\":\"https:\\\/\\\/kaco.de\\\/wp-content\\\/uploads\\\/cropped-logo1.png\",\"width\":851,\"height\":254,\"caption\":\"KACO - Der Experte f\u00fcr Dichtungssysteme\"},\"image\":{\"@id\":\"https:\\\/\\\/kaco.de\\\/#\\\/schema\\\/logo\\\/image\\\/\"}}]}<\/script>\n<!-- \/ Yoast SEO plugin. -->","yoast_head_json":{"title":"\u6570\u636e\u4fdd\u62a4 - KACO - Der Experte f\u00fcr Dichtungssysteme","description":"\u6570\u636e\u4fdd\u62a4 \u8054\u7cfb\u4ebaKACO(\u5584\u5c14\u56fa)\u516c\u53f8\u6570\u636e\u7684\u7ef4\u62a4\u3001\u66f4\u6b63\u3001\u7ec8\u6b62\u6216\u5220\u9664\uff0c\u7531\u4ee5\u4e0b\u4eba\u5458\u8d1f\u8d23\uff1aTDSSG GmbH - Team Datenschutz ServicesHerr Eberhard H\u00e4ckerBeauftragte f\u00fcr den","robots":{"index":"index","follow":"follow","max-snippet":"max-snippet:-1","max-image-preview":"max-image-preview:large","max-video-preview":"max-video-preview:-1"},"canonical":"https:\/\/kaco.de\/cn\/\u6570\u636e\u4fdd\u62a4\/","og_locale":"zh_CN","og_type":"article","og_title":"\u6570\u636e\u4fdd\u62a4 - KACO - Der Experte f\u00fcr Dichtungssysteme","og_description":"\u6570\u636e\u4fdd\u62a4 \u8054\u7cfb\u4ebaKACO(\u5584\u5c14\u56fa)\u516c\u53f8\u6570\u636e\u7684\u7ef4\u62a4\u3001\u66f4\u6b63\u3001\u7ec8\u6b62\u6216\u5220\u9664\uff0c\u7531\u4ee5\u4e0b\u4eba\u5458\u8d1f\u8d23\uff1aTDSSG GmbH - Team Datenschutz ServicesHerr Eberhard H\u00e4ckerBeauftragte f\u00fcr den","og_url":"https:\/\/kaco.de\/cn\/\u6570\u636e\u4fdd\u62a4\/","og_site_name":"KACO - Der Experte f\u00fcr Dichtungssysteme","article_modified_time":"2024-05-16T11:51:47+00:00","twitter_card":"summary_large_image","twitter_misc":{"\u9884\u8ba1\u9605\u8bfb\u65f6\u95f4":"1 \u5206"},"schema":{"@context":"https:\/\/schema.org","@graph":[{"@type":"WebPage","@id":"https:\/\/kaco.de\/cn\/%e6%95%b0%e6%8d%ae%e4%bf%9d%e6%8a%a4\/","url":"https:\/\/kaco.de\/cn\/%e6%95%b0%e6%8d%ae%e4%bf%9d%e6%8a%a4\/","name":"\u6570\u636e\u4fdd\u62a4 - KACO - Der Experte f\u00fcr Dichtungssysteme","isPartOf":{"@id":"https:\/\/kaco.de\/#website"},"datePublished":"2021-11-22T10:07:59+00:00","dateModified":"2024-05-16T11:51:47+00:00","description":"\u6570\u636e\u4fdd\u62a4 \u8054\u7cfb\u4ebaKACO(\u5584\u5c14\u56fa)\u516c\u53f8\u6570\u636e\u7684\u7ef4\u62a4\u3001\u66f4\u6b63\u3001\u7ec8\u6b62\u6216\u5220\u9664\uff0c\u7531\u4ee5\u4e0b\u4eba\u5458\u8d1f\u8d23\uff1aTDSSG GmbH - Team Datenschutz ServicesHerr Eberhard H\u00e4ckerBeauftragte f\u00fcr den","breadcrumb":{"@id":"https:\/\/kaco.de\/cn\/%e6%95%b0%e6%8d%ae%e4%bf%9d%e6%8a%a4\/#breadcrumb"},"inLanguage":"zh-Hans","potentialAction":[{"@type":"ReadAction","target":["https:\/\/kaco.de\/cn\/%e6%95%b0%e6%8d%ae%e4%bf%9d%e6%8a%a4\/"]}]},{"@type":"BreadcrumbList","@id":"https:\/\/kaco.de\/cn\/%e6%95%b0%e6%8d%ae%e4%bf%9d%e6%8a%a4\/#breadcrumb","itemListElement":[{"@type":"ListItem","position":1,"name":"Home","item":"https:\/\/kaco.de\/cn\/"},{"@type":"ListItem","position":2,"name":"\u6570\u636e\u4fdd\u62a4"}]},{"@type":"WebSite","@id":"https:\/\/kaco.de\/#website","url":"https:\/\/kaco.de\/","name":"KACO - Der Experte f\u00fcr Dichtungssysteme","description":"Seien Sie mit unseren hochpr\u00e4zisen und anwendungsorientierten Dichtungsl\u00f6sungen bestens f\u00fcr die Automobil- und Maschinenbauindustrie ger\u00fcstet.","publisher":{"@id":"https:\/\/kaco.de\/#organization"},"potentialAction":[{"@type":"SearchAction","target":{"@type":"EntryPoint","urlTemplate":"https:\/\/kaco.de\/?s={search_term_string}"},"query-input":{"@type":"PropertyValueSpecification","valueRequired":true,"valueName":"search_term_string"}}],"inLanguage":"zh-Hans"},{"@type":"Organization","@id":"https:\/\/kaco.de\/#organization","name":"KACO - Der Experte f\u00fcr Dichtungssysteme","url":"https:\/\/kaco.de\/","logo":{"@type":"ImageObject","inLanguage":"zh-Hans","@id":"https:\/\/kaco.de\/#\/schema\/logo\/image\/","url":"https:\/\/kaco.de\/wp-content\/uploads\/cropped-logo1.png","contentUrl":"https:\/\/kaco.de\/wp-content\/uploads\/cropped-logo1.png","width":851,"height":254,"caption":"KACO - Der Experte f\u00fcr Dichtungssysteme"},"image":{"@id":"https:\/\/kaco.de\/#\/schema\/logo\/image\/"}}]}},"_links":{"self":[{"href":"https:\/\/kaco.de\/cn\/wp-json\/wp\/v2\/pages\/21421","targetHints":{"allow":["GET"]}}],"collection":[{"href":"https:\/\/kaco.de\/cn\/wp-json\/wp\/v2\/pages"}],"about":[{"href":"https:\/\/kaco.de\/cn\/wp-json\/wp\/v2\/types\/page"}],"author":[{"embeddable":true,"href":"https:\/\/kaco.de\/cn\/wp-json\/wp\/v2\/users\/3"}],"replies":[{"embeddable":true,"href":"https:\/\/kaco.de\/cn\/wp-json\/wp\/v2\/comments?post=21421"}],"version-history":[{"count":3,"href":"https:\/\/kaco.de\/cn\/wp-json\/wp\/v2\/pages\/21421\/revisions"}],"predecessor-version":[{"id":29091,"href":"https:\/\/kaco.de\/cn\/wp-json\/wp\/v2\/pages\/21421\/revisions\/29091"}],"wp:attachment":[{"href":"https:\/\/kaco.de\/cn\/wp-json\/wp\/v2\/media?parent=21421"}],"curies":[{"name":"wp","href":"https:\/\/api.w.org\/{rel}","templated":true}]}}