{"id":25665,"date":"2023-07-10T11:31:40","date_gmt":"2023-07-10T09:31:40","guid":{"rendered":"https:\/\/kaco.de\/?page_id=25665"},"modified":"2023-07-10T11:32:05","modified_gmt":"2023-07-10T09:32:05","slug":"%e7%94%b5%e5%ad%90%e9%82%ae%e4%bb%b6%e6%b3%a8%e5%86%8c","status":"publish","type":"page","link":"https:\/\/kaco.de\/cn\/newsletter\/%e7%94%b5%e5%ad%90%e9%82%ae%e4%bb%b6%e6%b3%a8%e5%86%8c\/","title":{"rendered":"\u7535\u5b50\u90ae\u4ef6\u6ce8\u518c"},"content":{"rendered":"\t\t<div data-elementor-type=\"wp-page\" data-elementor-id=\"25665\" class=\"elementor elementor-25665 elementor-25660\" data-elementor-post-type=\"page\">\n\t\t\t\t\t\t<section class=\"elementor-section elementor-top-section elementor-element elementor-element-9f3738d elementor-section-boxed elementor-section-height-default elementor-section-height-default\" data-id=\"9f3738d\" data-element_type=\"section\">\n\t\t\t\t\t\t<div class=\"elementor-container elementor-column-gap-default\">\n\t\t\t\t\t<div class=\"elementor-column elementor-col-66 elementor-top-column elementor-element elementor-element-7cf2f2e\" data-id=\"7cf2f2e\" data-element_type=\"column\">\n\t\t\t<div class=\"elementor-widget-wrap elementor-element-populated\">\n\t\t\t\t\t\t<div class=\"elementor-element elementor-element-44e6e94 elementor-widget elementor-widget-heading\" data-id=\"44e6e94\" data-element_type=\"widget\" data-widget_type=\"heading.default\">\n\t\t\t\t<div class=\"elementor-widget-container\">\n\t\t\t\t\t<h1 class=\"elementor-heading-title elementor-size-default\">\u611f\u8c22\u60a8\u7684\u5173\u6ce8\u3002\u786e\u8ba4\u8ba2\u9605KACO\u65b0\u95fb\u901a\u8baf\u3002<\/h1>\t\t\t\t<\/div>\n\t\t\t\t<\/div>\n\t\t\t\t<div class=\"elementor-element elementor-element-616326b elementor-widget elementor-widget-text-editor\" data-id=\"616326b\" data-element_type=\"widget\" data-widget_type=\"text-editor.default\">\n\t\t\t\t<div class=\"elementor-widget-container\">\n\t\t\t\t\t\t\t\t\t<p>\u6211\u4eec\u5df2\u7ecf\u5411\u60a8\u6ce8\u518c\u7684\u7535\u5b50\u90ae\u4ef6\u5730\u5740\u53d1\u9001\u4e86\u4e00\u5c01\u786e\u8ba4\u7535\u5b50\u90ae\u4ef6\u3002\u8bf7\u5728\u90ae\u4ef6\u4e2d\u786e\u8ba4\u60a8\u8ba2\u9605\u4e86\u65b0\u95fb\u7b80\u62a5\u3002\u00a0<\/p><p>\u5982\u679c\u60a8\u7684\u90ae\u7bb1\u4e2d\u6ca1\u6709\u90ae\u4ef6\uff0c\u8bf7\u68c0\u67e5\u60a8\u7684\u5783\u573e\u90ae\u4ef6\u7bb1\uff0c\u5e76\u5c06\u6211\u4eec\u7684\u53d1\u4ef6\u4eba\u6dfb\u52a0\u5230\u60a8\u7684\u8054\u7cfb\u4eba\u4e2d\u3002<\/p>\t\t\t\t\t\t\t\t<\/div>\n\t\t\t\t<\/div>\n\t\t\t\t\t<\/div>\n\t\t<\/div>\n\t\t\t\t<div class=\"elementor-column elementor-col-33 elementor-top-column elementor-element elementor-element-d9ce83f\" data-id=\"d9ce83f\" data-element_type=\"column\">\n\t\t\t<div class=\"elementor-widget-wrap\">\n\t\t\t\t\t\t\t<\/div>\n\t\t<\/div>\n\t\t\t\t\t<\/div>\n\t\t<\/section>\n\t\t\t\t<section class=\"elementor-section elementor-top-section elementor-element elementor-element-2418a63 elementor-section-boxed elementor-section-height-default elementor-section-height-default\" data-id=\"2418a63\" data-element_type=\"section\">\n\t\t\t\t\t\t<div class=\"elementor-container elementor-column-gap-default\">\n\t\t\t\t\t<div class=\"elementor-column elementor-col-100 elementor-top-column elementor-element elementor-element-8873a76\" data-id=\"8873a76\" data-element_type=\"column\">\n\t\t\t<div class=\"elementor-widget-wrap elementor-element-populated\">\n\t\t\t\t\t\t<div class=\"elementor-element elementor-element-71dff9b elementor-widget elementor-widget-spacer\" data-id=\"71dff9b\" data-element_type=\"widget\" data-widget_type=\"spacer.default\">\n\t\t\t\t<div class=\"elementor-widget-container\">\n\t\t\t\t\t\t\t<div class=\"elementor-spacer\">\n\t\t\t<div class=\"elementor-spacer-inner\"><\/div>\n\t\t<\/div>\n\t\t\t\t\t\t<\/div>\n\t\t\t\t<\/div>\n\t\t\t\t\t<\/div>\n\t\t<\/div>\n\t\t\t\t\t<\/div>\n\t\t<\/section>\n\t\t\t\t<\/div>\n\t\t","protected":false},"excerpt":{"rendered":"<p>\u611f\u8c22\u60a8\u7684\u5173\u6ce8\u3002\u786e\u8ba4\u8ba2\u9605KACO\u65b0\u95fb\u901a\u8baf\u3002 \u6211\u4eec\u5df2\u7ecf\u5411\u60a8\u6ce8\u518c\u7684\u7535\u5b50\u90ae\u4ef6\u5730\u5740\u53d1\u9001\u4e86\u4e00\u5c01\u786e\u8ba4\u7535\u5b50\u90ae\u4ef6\u3002\u8bf7\u5728\u90ae\u4ef6\u4e2d\u786e\u8ba4 [&hellip;]<\/p>\n","protected":false},"author":3,"featured_media":0,"parent":21415,"menu_order":0,"comment_status":"closed","ping_status":"closed","template":"","meta":{"_acf_changed":false,"site-sidebar-layout":"no-sidebar","site-content-layout":"page-builder","ast-site-content-layout":"default","site-content-style":"default","site-sidebar-style":"default","ast-global-header-display":"","ast-banner-title-visibility":"","ast-main-header-display":"","ast-hfb-above-header-display":"","ast-hfb-below-header-display":"","ast-hfb-mobile-header-display":"","site-post-title":"disabled","ast-breadcrumbs-content":"","ast-featured-img":"disabled","footer-sml-layout":"","ast-disable-related-posts":"","theme-transparent-header-meta":"","adv-header-id-meta":"","stick-header-meta":"","header-above-stick-meta":"","header-main-stick-meta":"","header-below-stick-meta":"","astra-migrate-meta-layouts":"default","ast-page-background-enabled":"default","ast-page-background-meta":{"desktop":{"background-color":"var(--ast-global-color-4)","background-image":"","background-repeat":"repeat","background-position":"center center","background-size":"auto","background-attachment":"scroll","background-type":"","background-media":"","overlay-type":"","overlay-color":"","overlay-opacity":"","overlay-gradient":""},"tablet":{"background-color":"","background-image":"","background-repeat":"repeat","background-position":"center center","background-size":"auto","background-attachment":"scroll","background-type":"","background-media":"","overlay-type":"","overlay-color":"","overlay-opacity":"","overlay-gradient":""},"mobile":{"background-color":"","background-image":"","background-repeat":"repeat","background-position":"center center","background-size":"auto","background-attachment":"scroll","background-type":"","background-media":"","overlay-type":"","overlay-color":"","overlay-opacity":"","overlay-gradient":""}},"ast-content-background-meta":{"desktop":{"background-color":"var(--ast-global-color-5)","background-image":"","background-repeat":"repeat","background-position":"center center","background-size":"auto","background-attachment":"scroll","background-type":"","background-media":"","overlay-type":"","overlay-color":"","overlay-opacity":"","overlay-gradient":""},"tablet":{"background-color":"var(--ast-global-color-5)","background-image":"","background-repeat":"repeat","background-position":"center center","background-size":"auto","background-attachment":"scroll","background-type":"","background-media":"","overlay-type":"","overlay-color":"","overlay-opacity":"","overlay-gradient":""},"mobile":{"background-color":"var(--ast-global-color-5)","background-image":"","background-repeat":"repeat","background-position":"center center","background-size":"auto","background-attachment":"scroll","background-type":"","background-media":"","overlay-type":"","overlay-color":"","overlay-opacity":"","overlay-gradient":""}},"footnotes":""},"class_list":["post-25665","page","type-page","status-publish","hentry"],"acf":[],"yoast_head":"<!-- This site is optimized with the Yoast SEO plugin v27.4 - https:\/\/yoast.com\/product\/yoast-seo-wordpress\/ -->\n<title>\u7535\u5b50\u90ae\u4ef6\u6ce8\u518c - KACO - Der Experte f\u00fcr Dichtungssysteme<\/title>\n<meta name=\"description\" content=\"\u611f\u8c22\u60a8\u7684\u5173\u6ce8\u3002\u786e\u8ba4\u8ba2\u9605KACO\u65b0\u95fb\u901a\u8baf\u3002   \u6211\u4eec\u5df2\u7ecf\u5411\u60a8\u6ce8\u518c\u7684\u7535\u5b50\u90ae\u4ef6\u5730\u5740\u53d1\u9001\u4e86\u4e00\u5c01\u786e\u8ba4\u7535\u5b50\u90ae\u4ef6\u3002\u8bf7\u5728\u90ae\u4ef6\u4e2d\u786e\u8ba4\u60a8\u8ba2\u9605\u4e86\u65b0\u95fb\u7b80\u62a5\u3002\u00a0\u5982\u679c\u60a8\u7684\u90ae\u7bb1\u4e2d\u6ca1\u6709\u90ae\u4ef6\uff0c\u8bf7\u68c0\u67e5\u60a8\u7684\u5783\u573e\u90ae\u4ef6\u7bb1\uff0c\u5e76\u5c06\u6211\u4eec\u7684\u53d1\u4ef6\u4eba\u6dfb\u52a0\u5230\u60a8\u7684\u8054\u7cfb\u4eba\u4e2d\u3002\" \/>\n<meta name=\"robots\" content=\"index, follow, max-snippet:-1, max-image-preview:large, max-video-preview:-1\" \/>\n<link rel=\"canonical\" href=\"https:\/\/kaco.de\/cn\/newsletter\/\u7535\u5b50\u90ae\u4ef6\u6ce8\u518c\/\" \/>\n<meta property=\"og:locale\" content=\"zh_CN\" \/>\n<meta property=\"og:type\" content=\"article\" \/>\n<meta property=\"og:title\" content=\"\u7535\u5b50\u90ae\u4ef6\u6ce8\u518c - KACO - Der Experte f\u00fcr Dichtungssysteme\" \/>\n<meta property=\"og:description\" content=\"\u611f\u8c22\u60a8\u7684\u5173\u6ce8\u3002\u786e\u8ba4\u8ba2\u9605KACO\u65b0\u95fb\u901a\u8baf\u3002   \u6211\u4eec\u5df2\u7ecf\u5411\u60a8\u6ce8\u518c\u7684\u7535\u5b50\u90ae\u4ef6\u5730\u5740\u53d1\u9001\u4e86\u4e00\u5c01\u786e\u8ba4\u7535\u5b50\u90ae\u4ef6\u3002\u8bf7\u5728\u90ae\u4ef6\u4e2d\u786e\u8ba4\u60a8\u8ba2\u9605\u4e86\u65b0\u95fb\u7b80\u62a5\u3002\u00a0\u5982\u679c\u60a8\u7684\u90ae\u7bb1\u4e2d\u6ca1\u6709\u90ae\u4ef6\uff0c\u8bf7\u68c0\u67e5\u60a8\u7684\u5783\u573e\u90ae\u4ef6\u7bb1\uff0c\u5e76\u5c06\u6211\u4eec\u7684\u53d1\u4ef6\u4eba\u6dfb\u52a0\u5230\u60a8\u7684\u8054\u7cfb\u4eba\u4e2d\u3002\" \/>\n<meta property=\"og:url\" content=\"https:\/\/kaco.de\/cn\/newsletter\/\u7535\u5b50\u90ae\u4ef6\u6ce8\u518c\/\" \/>\n<meta property=\"og:site_name\" content=\"KACO - Der Experte f\u00fcr Dichtungssysteme\" \/>\n<meta property=\"article:modified_time\" content=\"2023-07-10T09:32:05+00:00\" \/>\n<meta name=\"twitter:card\" content=\"summary_large_image\" \/>\n<meta name=\"twitter:label1\" content=\"\u9884\u8ba1\u9605\u8bfb\u65f6\u95f4\" \/>\n\t<meta name=\"twitter:data1\" content=\"1 \u5206\" \/>\n<script type=\"application\/ld+json\" class=\"yoast-schema-graph\">{\"@context\":\"https:\\\/\\\/schema.org\",\"@graph\":[{\"@type\":\"WebPage\",\"@id\":\"https:\\\/\\\/kaco.de\\\/cn\\\/newsletter\\\/%e7%94%b5%e5%ad%90%e9%82%ae%e4%bb%b6%e6%b3%a8%e5%86%8c\\\/\",\"url\":\"https:\\\/\\\/kaco.de\\\/cn\\\/newsletter\\\/%e7%94%b5%e5%ad%90%e9%82%ae%e4%bb%b6%e6%b3%a8%e5%86%8c\\\/\",\"name\":\"\u7535\u5b50\u90ae\u4ef6\u6ce8\u518c - KACO - Der Experte f\u00fcr Dichtungssysteme\",\"isPartOf\":{\"@id\":\"https:\\\/\\\/kaco.de\\\/#website\"},\"datePublished\":\"2023-07-10T09:31:40+00:00\",\"dateModified\":\"2023-07-10T09:32:05+00:00\",\"description\":\"\u611f\u8c22\u60a8\u7684\u5173\u6ce8\u3002\u786e\u8ba4\u8ba2\u9605KACO\u65b0\u95fb\u901a\u8baf\u3002 \u6211\u4eec\u5df2\u7ecf\u5411\u60a8\u6ce8\u518c\u7684\u7535\u5b50\u90ae\u4ef6\u5730\u5740\u53d1\u9001\u4e86\u4e00\u5c01\u786e\u8ba4\u7535\u5b50\u90ae\u4ef6\u3002\u8bf7\u5728\u90ae\u4ef6\u4e2d\u786e\u8ba4\u60a8\u8ba2\u9605\u4e86\u65b0\u95fb\u7b80\u62a5\u3002\u00a0\u5982\u679c\u60a8\u7684\u90ae\u7bb1\u4e2d\u6ca1\u6709\u90ae\u4ef6\uff0c\u8bf7\u68c0\u67e5\u60a8\u7684\u5783\u573e\u90ae\u4ef6\u7bb1\uff0c\u5e76\u5c06\u6211\u4eec\u7684\u53d1\u4ef6\u4eba\u6dfb\u52a0\u5230\u60a8\u7684\u8054\u7cfb\u4eba\u4e2d\u3002\",\"breadcrumb\":{\"@id\":\"https:\\\/\\\/kaco.de\\\/cn\\\/newsletter\\\/%e7%94%b5%e5%ad%90%e9%82%ae%e4%bb%b6%e6%b3%a8%e5%86%8c\\\/#breadcrumb\"},\"inLanguage\":\"zh-Hans\",\"potentialAction\":[{\"@type\":\"ReadAction\",\"target\":[\"https:\\\/\\\/kaco.de\\\/cn\\\/newsletter\\\/%e7%94%b5%e5%ad%90%e9%82%ae%e4%bb%b6%e6%b3%a8%e5%86%8c\\\/\"]}]},{\"@type\":\"BreadcrumbList\",\"@id\":\"https:\\\/\\\/kaco.de\\\/cn\\\/newsletter\\\/%e7%94%b5%e5%ad%90%e9%82%ae%e4%bb%b6%e6%b3%a8%e5%86%8c\\\/#breadcrumb\",\"itemListElement\":[{\"@type\":\"ListItem\",\"position\":1,\"name\":\"Home\",\"item\":\"https:\\\/\\\/kaco.de\\\/cn\\\/\"},{\"@type\":\"ListItem\",\"position\":2,\"name\":\"Newsletter\",\"item\":\"https:\\\/\\\/kaco.de\\\/cn\\\/newsletter\\\/\"},{\"@type\":\"ListItem\",\"position\":3,\"name\":\"\u7535\u5b50\u90ae\u4ef6\u6ce8\u518c\"}]},{\"@type\":\"WebSite\",\"@id\":\"https:\\\/\\\/kaco.de\\\/#website\",\"url\":\"https:\\\/\\\/kaco.de\\\/\",\"name\":\"KACO - Der Experte f\u00fcr Dichtungssysteme\",\"description\":\"Seien Sie mit unseren hochpr\u00e4zisen und anwendungsorientierten Dichtungsl\u00f6sungen bestens f\u00fcr die Automobil- und Maschinenbauindustrie ger\u00fcstet.\",\"publisher\":{\"@id\":\"https:\\\/\\\/kaco.de\\\/#organization\"},\"potentialAction\":[{\"@type\":\"SearchAction\",\"target\":{\"@type\":\"EntryPoint\",\"urlTemplate\":\"https:\\\/\\\/kaco.de\\\/?s={search_term_string}\"},\"query-input\":{\"@type\":\"PropertyValueSpecification\",\"valueRequired\":true,\"valueName\":\"search_term_string\"}}],\"inLanguage\":\"zh-Hans\"},{\"@type\":\"Organization\",\"@id\":\"https:\\\/\\\/kaco.de\\\/#organization\",\"name\":\"KACO - Der Experte f\u00fcr Dichtungssysteme\",\"url\":\"https:\\\/\\\/kaco.de\\\/\",\"logo\":{\"@type\":\"ImageObject\",\"inLanguage\":\"zh-Hans\",\"@id\":\"https:\\\/\\\/kaco.de\\\/#\\\/schema\\\/logo\\\/image\\\/\",\"url\":\"https:\\\/\\\/kaco.de\\\/wp-content\\\/uploads\\\/cropped-logo1.png\",\"contentUrl\":\"https:\\\/\\\/kaco.de\\\/wp-content\\\/uploads\\\/cropped-logo1.png\",\"width\":851,\"height\":254,\"caption\":\"KACO - Der Experte f\u00fcr Dichtungssysteme\"},\"image\":{\"@id\":\"https:\\\/\\\/kaco.de\\\/#\\\/schema\\\/logo\\\/image\\\/\"}}]}<\/script>\n<!-- \/ Yoast SEO plugin. -->","yoast_head_json":{"title":"\u7535\u5b50\u90ae\u4ef6\u6ce8\u518c - KACO - Der Experte f\u00fcr Dichtungssysteme","description":"\u611f\u8c22\u60a8\u7684\u5173\u6ce8\u3002\u786e\u8ba4\u8ba2\u9605KACO\u65b0\u95fb\u901a\u8baf\u3002   \u6211\u4eec\u5df2\u7ecf\u5411\u60a8\u6ce8\u518c\u7684\u7535\u5b50\u90ae\u4ef6\u5730\u5740\u53d1\u9001\u4e86\u4e00\u5c01\u786e\u8ba4\u7535\u5b50\u90ae\u4ef6\u3002\u8bf7\u5728\u90ae\u4ef6\u4e2d\u786e\u8ba4\u60a8\u8ba2\u9605\u4e86\u65b0\u95fb\u7b80\u62a5\u3002\u00a0\u5982\u679c\u60a8\u7684\u90ae\u7bb1\u4e2d\u6ca1\u6709\u90ae\u4ef6\uff0c\u8bf7\u68c0\u67e5\u60a8\u7684\u5783\u573e\u90ae\u4ef6\u7bb1\uff0c\u5e76\u5c06\u6211\u4eec\u7684\u53d1\u4ef6\u4eba\u6dfb\u52a0\u5230\u60a8\u7684\u8054\u7cfb\u4eba\u4e2d\u3002","robots":{"index":"index","follow":"follow","max-snippet":"max-snippet:-1","max-image-preview":"max-image-preview:large","max-video-preview":"max-video-preview:-1"},"canonical":"https:\/\/kaco.de\/cn\/newsletter\/\u7535\u5b50\u90ae\u4ef6\u6ce8\u518c\/","og_locale":"zh_CN","og_type":"article","og_title":"\u7535\u5b50\u90ae\u4ef6\u6ce8\u518c - KACO - Der Experte f\u00fcr Dichtungssysteme","og_description":"\u611f\u8c22\u60a8\u7684\u5173\u6ce8\u3002\u786e\u8ba4\u8ba2\u9605KACO\u65b0\u95fb\u901a\u8baf\u3002   \u6211\u4eec\u5df2\u7ecf\u5411\u60a8\u6ce8\u518c\u7684\u7535\u5b50\u90ae\u4ef6\u5730\u5740\u53d1\u9001\u4e86\u4e00\u5c01\u786e\u8ba4\u7535\u5b50\u90ae\u4ef6\u3002\u8bf7\u5728\u90ae\u4ef6\u4e2d\u786e\u8ba4\u60a8\u8ba2\u9605\u4e86\u65b0\u95fb\u7b80\u62a5\u3002\u00a0\u5982\u679c\u60a8\u7684\u90ae\u7bb1\u4e2d\u6ca1\u6709\u90ae\u4ef6\uff0c\u8bf7\u68c0\u67e5\u60a8\u7684\u5783\u573e\u90ae\u4ef6\u7bb1\uff0c\u5e76\u5c06\u6211\u4eec\u7684\u53d1\u4ef6\u4eba\u6dfb\u52a0\u5230\u60a8\u7684\u8054\u7cfb\u4eba\u4e2d\u3002","og_url":"https:\/\/kaco.de\/cn\/newsletter\/\u7535\u5b50\u90ae\u4ef6\u6ce8\u518c\/","og_site_name":"KACO - Der Experte f\u00fcr Dichtungssysteme","article_modified_time":"2023-07-10T09:32:05+00:00","twitter_card":"summary_large_image","twitter_misc":{"\u9884\u8ba1\u9605\u8bfb\u65f6\u95f4":"1 \u5206"},"schema":{"@context":"https:\/\/schema.org","@graph":[{"@type":"WebPage","@id":"https:\/\/kaco.de\/cn\/newsletter\/%e7%94%b5%e5%ad%90%e9%82%ae%e4%bb%b6%e6%b3%a8%e5%86%8c\/","url":"https:\/\/kaco.de\/cn\/newsletter\/%e7%94%b5%e5%ad%90%e9%82%ae%e4%bb%b6%e6%b3%a8%e5%86%8c\/","name":"\u7535\u5b50\u90ae\u4ef6\u6ce8\u518c - KACO - Der Experte f\u00fcr Dichtungssysteme","isPartOf":{"@id":"https:\/\/kaco.de\/#website"},"datePublished":"2023-07-10T09:31:40+00:00","dateModified":"2023-07-10T09:32:05+00:00","description":"\u611f\u8c22\u60a8\u7684\u5173\u6ce8\u3002\u786e\u8ba4\u8ba2\u9605KACO\u65b0\u95fb\u901a\u8baf\u3002 \u6211\u4eec\u5df2\u7ecf\u5411\u60a8\u6ce8\u518c\u7684\u7535\u5b50\u90ae\u4ef6\u5730\u5740\u53d1\u9001\u4e86\u4e00\u5c01\u786e\u8ba4\u7535\u5b50\u90ae\u4ef6\u3002\u8bf7\u5728\u90ae\u4ef6\u4e2d\u786e\u8ba4\u60a8\u8ba2\u9605\u4e86\u65b0\u95fb\u7b80\u62a5\u3002\u00a0\u5982\u679c\u60a8\u7684\u90ae\u7bb1\u4e2d\u6ca1\u6709\u90ae\u4ef6\uff0c\u8bf7\u68c0\u67e5\u60a8\u7684\u5783\u573e\u90ae\u4ef6\u7bb1\uff0c\u5e76\u5c06\u6211\u4eec\u7684\u53d1\u4ef6\u4eba\u6dfb\u52a0\u5230\u60a8\u7684\u8054\u7cfb\u4eba\u4e2d\u3002","breadcrumb":{"@id":"https:\/\/kaco.de\/cn\/newsletter\/%e7%94%b5%e5%ad%90%e9%82%ae%e4%bb%b6%e6%b3%a8%e5%86%8c\/#breadcrumb"},"inLanguage":"zh-Hans","potentialAction":[{"@type":"ReadAction","target":["https:\/\/kaco.de\/cn\/newsletter\/%e7%94%b5%e5%ad%90%e9%82%ae%e4%bb%b6%e6%b3%a8%e5%86%8c\/"]}]},{"@type":"BreadcrumbList","@id":"https:\/\/kaco.de\/cn\/newsletter\/%e7%94%b5%e5%ad%90%e9%82%ae%e4%bb%b6%e6%b3%a8%e5%86%8c\/#breadcrumb","itemListElement":[{"@type":"ListItem","position":1,"name":"Home","item":"https:\/\/kaco.de\/cn\/"},{"@type":"ListItem","position":2,"name":"Newsletter","item":"https:\/\/kaco.de\/cn\/newsletter\/"},{"@type":"ListItem","position":3,"name":"\u7535\u5b50\u90ae\u4ef6\u6ce8\u518c"}]},{"@type":"WebSite","@id":"https:\/\/kaco.de\/#website","url":"https:\/\/kaco.de\/","name":"KACO - Der Experte f\u00fcr Dichtungssysteme","description":"Seien Sie mit unseren hochpr\u00e4zisen und anwendungsorientierten Dichtungsl\u00f6sungen bestens f\u00fcr die Automobil- und Maschinenbauindustrie ger\u00fcstet.","publisher":{"@id":"https:\/\/kaco.de\/#organization"},"potentialAction":[{"@type":"SearchAction","target":{"@type":"EntryPoint","urlTemplate":"https:\/\/kaco.de\/?s={search_term_string}"},"query-input":{"@type":"PropertyValueSpecification","valueRequired":true,"valueName":"search_term_string"}}],"inLanguage":"zh-Hans"},{"@type":"Organization","@id":"https:\/\/kaco.de\/#organization","name":"KACO - Der Experte f\u00fcr Dichtungssysteme","url":"https:\/\/kaco.de\/","logo":{"@type":"ImageObject","inLanguage":"zh-Hans","@id":"https:\/\/kaco.de\/#\/schema\/logo\/image\/","url":"https:\/\/kaco.de\/wp-content\/uploads\/cropped-logo1.png","contentUrl":"https:\/\/kaco.de\/wp-content\/uploads\/cropped-logo1.png","width":851,"height":254,"caption":"KACO - Der Experte f\u00fcr Dichtungssysteme"},"image":{"@id":"https:\/\/kaco.de\/#\/schema\/logo\/image\/"}}]}},"_links":{"self":[{"href":"https:\/\/kaco.de\/cn\/wp-json\/wp\/v2\/pages\/25665","targetHints":{"allow":["GET"]}}],"collection":[{"href":"https:\/\/kaco.de\/cn\/wp-json\/wp\/v2\/pages"}],"about":[{"href":"https:\/\/kaco.de\/cn\/wp-json\/wp\/v2\/types\/page"}],"author":[{"embeddable":true,"href":"https:\/\/kaco.de\/cn\/wp-json\/wp\/v2\/users\/3"}],"replies":[{"embeddable":true,"href":"https:\/\/kaco.de\/cn\/wp-json\/wp\/v2\/comments?post=25665"}],"version-history":[{"count":4,"href":"https:\/\/kaco.de\/cn\/wp-json\/wp\/v2\/pages\/25665\/revisions"}],"predecessor-version":[{"id":25669,"href":"https:\/\/kaco.de\/cn\/wp-json\/wp\/v2\/pages\/25665\/revisions\/25669"}],"up":[{"embeddable":true,"href":"https:\/\/kaco.de\/cn\/wp-json\/wp\/v2\/pages\/21415"}],"wp:attachment":[{"href":"https:\/\/kaco.de\/cn\/wp-json\/wp\/v2\/media?parent=25665"}],"curies":[{"name":"wp","href":"https:\/\/api.w.org\/{rel}","templated":true}]}}