{"id":10803,"date":"2021-12-07T10:53:51","date_gmt":"2021-12-07T09:53:51","guid":{"rendered":"https:\/\/kaco21.neckarfreunde.net\/?page_id=10803"},"modified":"2025-01-30T14:21:17","modified_gmt":"2025-01-30T13:21:17","slug":"philosophy","status":"publish","type":"page","link":"https:\/\/kaco.de\/en\/the-sealing-expert-kaco\/philosophy\/","title":{"rendered":"Philosophy"},"content":{"rendered":"\t\t<div data-elementor-type=\"wp-page\" data-elementor-id=\"10803\" class=\"elementor elementor-10803 elementor-335\" data-elementor-post-type=\"page\">\n\t\t\t\t\t\t<section class=\"elementor-section elementor-top-section elementor-element elementor-element-f8625b8 elementor-section-full_width elementor-section-stretched elementor-section-height-default elementor-section-height-default\" data-id=\"f8625b8\" data-element_type=\"section\" data-settings=\"{&quot;stretch_section&quot;:&quot;section-stretched&quot;}\">\n\t\t\t\t\t\t<div class=\"elementor-container elementor-column-gap-default\">\n\t\t\t\t\t<div class=\"elementor-column elementor-col-100 elementor-top-column elementor-element elementor-element-dd4c701\" data-id=\"dd4c701\" data-element_type=\"column\">\n\t\t\t<div class=\"elementor-widget-wrap elementor-element-populated\">\n\t\t\t\t\t\t<div class=\"elementor-element elementor-element-a4ac588 elementor-widget elementor-widget-image\" data-id=\"a4ac588\" data-element_type=\"widget\" data-widget_type=\"image.default\">\n\t\t\t\t<div class=\"elementor-widget-container\">\n\t\t\t\t\t\t\t\t\t\t\t\t\t\t\t<img fetchpriority=\"high\" decoding=\"async\" width=\"1900\" height=\"600\" src=\"https:\/\/kaco.de\/wp-content\/uploads\/philosophie-kaco@2x.jpg\" class=\"attachment-full size-full wp-image-5933\" alt=\"\" \/>\t\t\t\t\t\t\t\t\t\t\t\t\t\t\t<\/div>\n\t\t\t\t<\/div>\n\t\t\t\t\t<\/div>\n\t\t<\/div>\n\t\t\t\t\t<\/div>\n\t\t<\/section>\n\t\t\t\t<section class=\"elementor-section elementor-top-section elementor-element elementor-element-582b68b elementor-section-content-bottom elementor-section-stretched pageheader elementor-section-boxed elementor-section-height-default elementor-section-height-default\" data-id=\"582b68b\" data-element_type=\"section\" data-settings=\"{&quot;background_background&quot;:&quot;classic&quot;,&quot;stretch_section&quot;:&quot;section-stretched&quot;}\">\n\t\t\t\t\t\t<div class=\"elementor-container elementor-column-gap-default\">\n\t\t\t\t\t<div class=\"elementor-column elementor-col-50 elementor-top-column elementor-element elementor-element-93ef2ac pageheader-row-left\" data-id=\"93ef2ac\" data-element_type=\"column\" data-settings=\"{&quot;background_background&quot;:&quot;classic&quot;}\">\n\t\t\t<div class=\"elementor-widget-wrap elementor-element-populated\">\n\t\t\t\t\t\t<div class=\"elementor-element elementor-element-9a8ed5f elementor-widget elementor-widget-heading\" data-id=\"9a8ed5f\" data-element_type=\"widget\" data-widget_type=\"heading.default\">\n\t\t\t\t<div class=\"elementor-widget-container\">\n\t\t\t\t\t<span class=\"elementor-heading-title elementor-size-default\">Our philosophy<\/span>\t\t\t\t<\/div>\n\t\t\t\t<\/div>\n\t\t\t\t<div class=\"elementor-element elementor-element-5a0448b elementor-widget elementor-widget-heading\" data-id=\"5a0448b\" data-element_type=\"widget\" data-widget_type=\"heading.default\">\n\t\t\t\t<div class=\"elementor-widget-container\">\n\t\t\t\t\t<h1 class=\"elementor-heading-title elementor-size-default\">Progress - the key to success<\/h1>\t\t\t\t<\/div>\n\t\t\t\t<\/div>\n\t\t\t\t\t<\/div>\n\t\t<\/div>\n\t\t\t\t<div class=\"elementor-column elementor-col-50 elementor-top-column elementor-element elementor-element-bb6528b\" data-id=\"bb6528b\" data-element_type=\"column\">\n\t\t\t<div class=\"elementor-widget-wrap\">\n\t\t\t\t\t\t\t<\/div>\n\t\t<\/div>\n\t\t\t\t\t<\/div>\n\t\t<\/section>\n\t\t\t\t<section class=\"elementor-section elementor-top-section elementor-element elementor-element-6ab4049 elementor-section-stretched elementor-section-boxed elementor-section-height-default elementor-section-height-default\" data-id=\"6ab4049\" data-element_type=\"section\" data-settings=\"{&quot;stretch_section&quot;:&quot;section-stretched&quot;,&quot;background_background&quot;:&quot;classic&quot;}\">\n\t\t\t\t\t\t<div class=\"elementor-container elementor-column-gap-default\">\n\t\t\t\t\t<div class=\"elementor-column elementor-col-50 elementor-top-column elementor-element elementor-element-223ed03\" data-id=\"223ed03\" data-element_type=\"column\">\n\t\t\t<div class=\"elementor-widget-wrap elementor-element-populated\">\n\t\t\t\t\t\t<div class=\"elementor-element elementor-element-6adf049 elementor-widget elementor-widget-text-editor\" data-id=\"6adf049\" data-element_type=\"widget\" data-widget_type=\"text-editor.default\">\n\t\t\t\t<div class=\"elementor-widget-container\">\n\t\t\t\t\t\t\t\t\t<p>KACO is a globally active company with a culture characterised by medium-sized businesses.<\/p><p>We understand and respect the cultural differences in the various regions and maintain a flexible organisation with flat hierarchies and fast decision-making processes. Growth in all regions is the cornerstone of the company&#8217;s future viability &#8211; and progress is the key to our success.<\/p><p>Together with our customers, we keep our finger on the pulse and develop groundbreaking solutions that serve the global market. In doing so, not only the customer is at the centre of our actions, but also the environmental concept. We do everything in our power to improve our products and processes so that they have as little impact on the environment as possible and impress with the highest quality. The basis of this quality promise is our technological know-how, because it forms the basis for understanding our solutions.<\/p><p>Furthermore, we are committed to fair dealings with our colleagues, customers, partners and all other stakeholders. We are aware of our responsibility towards our employees and society. That is why KACO is not only socially and civically committed, but also considers its employees to be the greatest asset in the company.<\/p><p>We are experts in what we do. Our success is guaranteed by our employees, which is why we encourage them, give them responsibility and trust. We do not tolerate racism or discrimination.<\/p>\t\t\t\t\t\t\t\t<\/div>\n\t\t\t\t<\/div>\n\t\t\t\t<div class=\"elementor-element elementor-element-a0d2f65 elementor-widget elementor-widget-spacer\" data-id=\"a0d2f65\" data-element_type=\"widget\" data-widget_type=\"spacer.default\">\n\t\t\t\t<div class=\"elementor-widget-container\">\n\t\t\t\t\t\t\t<div class=\"elementor-spacer\">\n\t\t\t<div class=\"elementor-spacer-inner\"><\/div>\n\t\t<\/div>\n\t\t\t\t\t\t<\/div>\n\t\t\t\t<\/div>\n\t\t\t\t<div class=\"elementor-element elementor-element-8b1e13e elementor-widget elementor-widget-button\" data-id=\"8b1e13e\" data-element_type=\"widget\" data-widget_type=\"button.default\">\n\t\t\t\t<div class=\"elementor-widget-container\">\n\t\t\t\t\t\t\t\t\t<div class=\"elementor-button-wrapper\">\n\t\t\t\t\t<a class=\"elementor-button elementor-button-link elementor-size-sm\" href=\"https:\/\/kaco.de\/en\/the-sealing-expert-kaco\/philosophy\/company-guidelines\/\">\n\t\t\t\t\t\t<span class=\"elementor-button-content-wrapper\">\n\t\t\t\t\t\t\t\t\t<span class=\"elementor-button-text\">Corporate guidelines<\/span>\n\t\t\t\t\t<\/span>\n\t\t\t\t\t<\/a>\n\t\t\t\t<\/div>\n\t\t\t\t\t\t\t\t<\/div>\n\t\t\t\t<\/div>\n\t\t\t\t<div class=\"elementor-element elementor-element-dba0284 elementor-widget elementor-widget-button\" data-id=\"dba0284\" data-element_type=\"widget\" data-widget_type=\"button.default\">\n\t\t\t\t<div class=\"elementor-widget-container\">\n\t\t\t\t\t\t\t\t\t<div class=\"elementor-button-wrapper\">\n\t\t\t\t\t<a class=\"elementor-button elementor-button-link elementor-size-sm\" href=\"https:\/\/kaco.de\/en\/the-sealing-expert-kaco\/philosophy\/social-standards\/\">\n\t\t\t\t\t\t<span class=\"elementor-button-content-wrapper\">\n\t\t\t\t\t\t\t\t\t<span class=\"elementor-button-text\">Social standards<\/span>\n\t\t\t\t\t<\/span>\n\t\t\t\t\t<\/a>\n\t\t\t\t<\/div>\n\t\t\t\t\t\t\t\t<\/div>\n\t\t\t\t<\/div>\n\t\t\t\t<div class=\"elementor-element elementor-element-ca25487 elementor-widget elementor-widget-button\" data-id=\"ca25487\" data-element_type=\"widget\" data-widget_type=\"button.default\">\n\t\t\t\t<div class=\"elementor-widget-container\">\n\t\t\t\t\t\t\t\t\t<div class=\"elementor-button-wrapper\">\n\t\t\t\t\t<a class=\"elementor-button elementor-button-link elementor-size-sm\" href=\"https:\/\/kaco.de\/en\/the-sealing-expert-kaco\/philosophy\/anti-corruption-policy\/\">\n\t\t\t\t\t\t<span class=\"elementor-button-content-wrapper\">\n\t\t\t\t\t\t\t\t\t<span class=\"elementor-button-text\">Anti-Corruption Policy<\/span>\n\t\t\t\t\t<\/span>\n\t\t\t\t\t<\/a>\n\t\t\t\t<\/div>\n\t\t\t\t\t\t\t\t<\/div>\n\t\t\t\t<\/div>\n\t\t\t\t<div class=\"elementor-element elementor-element-fec60f6 elementor-widget elementor-widget-button\" data-id=\"fec60f6\" data-element_type=\"widget\" data-widget_type=\"button.default\">\n\t\t\t\t<div class=\"elementor-widget-container\">\n\t\t\t\t\t\t\t\t\t<div class=\"elementor-button-wrapper\">\n\t\t\t\t\t<a class=\"elementor-button elementor-button-link elementor-size-sm\" href=\"https:\/\/kaco.de\/en\/the-sealing-expert-kaco\/philosophy\/information-and-privacy-security-policy\/\">\n\t\t\t\t\t\t<span class=\"elementor-button-content-wrapper\">\n\t\t\t\t\t\t\t\t\t<span class=\"elementor-button-text\">Information and Privacy Security Policy<\/span>\n\t\t\t\t\t<\/span>\n\t\t\t\t\t<\/a>\n\t\t\t\t<\/div>\n\t\t\t\t\t\t\t\t<\/div>\n\t\t\t\t<\/div>\n\t\t\t\t<div class=\"elementor-element elementor-element-886ae53 elementor-widget elementor-widget-button\" data-id=\"886ae53\" data-element_type=\"widget\" data-widget_type=\"button.default\">\n\t\t\t\t<div class=\"elementor-widget-container\">\n\t\t\t\t\t\t\t\t\t<div class=\"elementor-button-wrapper\">\n\t\t\t\t\t<a class=\"elementor-button elementor-button-link elementor-size-sm\" href=\"https:\/\/kaco.de\/en\/the-sealing-expert-kaco\/philosophy\/https:\/\/kaco.de\/en\/the-sealing-expert-kaco\/philosophy\/human-rights-strategy\/\">\n\t\t\t\t\t\t<span class=\"elementor-button-content-wrapper\">\n\t\t\t\t\t\t\t\t\t<span class=\"elementor-button-text\">Human rights strategy<\/span>\n\t\t\t\t\t<\/span>\n\t\t\t\t\t<\/a>\n\t\t\t\t<\/div>\n\t\t\t\t\t\t\t\t<\/div>\n\t\t\t\t<\/div>\n\t\t\t\t\t<\/div>\n\t\t<\/div>\n\t\t\t\t<div class=\"elementor-column elementor-col-50 elementor-top-column elementor-element elementor-element-05398c0\" data-id=\"05398c0\" data-element_type=\"column\">\n\t\t\t<div class=\"elementor-widget-wrap elementor-element-populated\">\n\t\t\t\t\t\t<div class=\"elementor-element elementor-element-77651c0 elementor-widget elementor-widget-image\" data-id=\"77651c0\" data-element_type=\"widget\" data-widget_type=\"image.default\">\n\t\t\t\t<div class=\"elementor-widget-container\">\n\t\t\t\t\t\t\t\t\t\t\t\t\t\t\t<img decoding=\"async\" width=\"1024\" height=\"683\" src=\"https:\/\/kaco.de\/wp-content\/uploads\/unternehmen-philosophie-kaco@2x.jpg\" class=\"attachment-large size-large wp-image-7736\" alt=\"Unternehmen Philosophie Kaco\" \/>\t\t\t\t\t\t\t\t\t\t\t\t\t\t\t<\/div>\n\t\t\t\t<\/div>\n\t\t\t\t\t<\/div>\n\t\t<\/div>\n\t\t\t\t\t<\/div>\n\t\t<\/section>\n\t\t\t\t<\/div>\n\t\t","protected":false},"excerpt":{"rendered":"<p>Our philosophy Progress &#8211; the key to success KACO is a globally active company with a culture characterised by medium-sized businesses. We understand and respect the cultural differences in the various regions and maintain a flexible organisation with flat hierarchies and fast decision-making processes. Growth in all regions is the cornerstone of the company&#8217;s future [&hellip;]<\/p>\n","protected":false},"author":3,"featured_media":0,"parent":10789,"menu_order":0,"comment_status":"closed","ping_status":"closed","template":"","meta":{"_acf_changed":false,"site-sidebar-layout":"no-sidebar","site-content-layout":"page-builder","ast-site-content-layout":"default","site-content-style":"default","site-sidebar-style":"default","ast-global-header-display":"","ast-banner-title-visibility":"","ast-main-header-display":"","ast-hfb-above-header-display":"","ast-hfb-below-header-display":"","ast-hfb-mobile-header-display":"","site-post-title":"disabled","ast-breadcrumbs-content":"","ast-featured-img":"disabled","footer-sml-layout":"","ast-disable-related-posts":"","theme-transparent-header-meta":"","adv-header-id-meta":"","stick-header-meta":"","header-above-stick-meta":"","header-main-stick-meta":"","header-below-stick-meta":"","astra-migrate-meta-layouts":"default","ast-page-background-enabled":"default","ast-page-background-meta":{"desktop":{"background-color":"var(--ast-global-color-4)","background-image":"","background-repeat":"repeat","background-position":"center center","background-size":"auto","background-attachment":"scroll","background-type":"","background-media":"","overlay-type":"","overlay-color":"","overlay-opacity":"","overlay-gradient":""},"tablet":{"background-color":"","background-image":"","background-repeat":"repeat","background-position":"center center","background-size":"auto","background-attachment":"scroll","background-type":"","background-media":"","overlay-type":"","overlay-color":"","overlay-opacity":"","overlay-gradient":""},"mobile":{"background-color":"","background-image":"","background-repeat":"repeat","background-position":"center center","background-size":"auto","background-attachment":"scroll","background-type":"","background-media":"","overlay-type":"","overlay-color":"","overlay-opacity":"","overlay-gradient":""}},"ast-content-background-meta":{"desktop":{"background-color":"var(--ast-global-color-5)","background-image":"","background-repeat":"repeat","background-position":"center center","background-size":"auto","background-attachment":"scroll","background-type":"","background-media":"","overlay-type":"","overlay-color":"","overlay-opacity":"","overlay-gradient":""},"tablet":{"background-color":"var(--ast-global-color-5)","background-image":"","background-repeat":"repeat","background-position":"center center","background-size":"auto","background-attachment":"scroll","background-type":"","background-media":"","overlay-type":"","overlay-color":"","overlay-opacity":"","overlay-gradient":""},"mobile":{"background-color":"var(--ast-global-color-5)","background-image":"","background-repeat":"repeat","background-position":"center center","background-size":"auto","background-attachment":"scroll","background-type":"","background-media":"","overlay-type":"","overlay-color":"","overlay-opacity":"","overlay-gradient":""}},"footnotes":""},"class_list":["post-10803","page","type-page","status-publish","hentry"],"acf":[],"yoast_head":"<!-- This site is optimized with the Yoast SEO plugin v27.4 - https:\/\/yoast.com\/product\/yoast-seo-wordpress\/ -->\n<title>Philosophy - KACO - Der Experte f\u00fcr Dichtungssysteme<\/title>\n<meta name=\"description\" content=\"Our philosophy Progress - the key to success KACO is a globally active company with a culture characterised by medium-sized businesses.We understand and\" \/>\n<meta name=\"robots\" content=\"index, follow, max-snippet:-1, max-image-preview:large, max-video-preview:-1\" \/>\n<link rel=\"canonical\" href=\"https:\/\/kaco.de\/en\/the-sealing-expert-kaco\/philosophy\/\" \/>\n<meta property=\"og:locale\" content=\"en_US\" \/>\n<meta property=\"og:type\" content=\"article\" \/>\n<meta property=\"og:title\" content=\"Philosophy - KACO - Der Experte f\u00fcr Dichtungssysteme\" \/>\n<meta property=\"og:description\" content=\"Our philosophy Progress - the key to success KACO is a globally active company with a culture characterised by medium-sized businesses.We understand and\" \/>\n<meta property=\"og:url\" content=\"https:\/\/kaco.de\/en\/the-sealing-expert-kaco\/philosophy\/\" \/>\n<meta property=\"og:site_name\" content=\"KACO - Der Experte f\u00fcr Dichtungssysteme\" \/>\n<meta property=\"article:modified_time\" content=\"2025-01-30T13:21:17+00:00\" \/>\n<meta property=\"og:image\" content=\"https:\/\/kaco.de\/wp-content\/uploads\/philosophie-kaco@2x.jpg\" \/>\n\t<meta property=\"og:image:width\" content=\"2560\" \/>\n\t<meta property=\"og:image:height\" content=\"808\" \/>\n\t<meta property=\"og:image:type\" content=\"image\/jpeg\" \/>\n<meta name=\"twitter:card\" content=\"summary_large_image\" \/>\n<meta name=\"twitter:label1\" content=\"Est. reading time\" \/>\n\t<meta name=\"twitter:data1\" content=\"2 minutes\" \/>\n<script type=\"application\/ld+json\" class=\"yoast-schema-graph\">{\"@context\":\"https:\\\/\\\/schema.org\",\"@graph\":[{\"@type\":\"WebPage\",\"@id\":\"https:\\\/\\\/kaco.de\\\/en\\\/the-sealing-expert-kaco\\\/philosophy\\\/\",\"url\":\"https:\\\/\\\/kaco.de\\\/en\\\/the-sealing-expert-kaco\\\/philosophy\\\/\",\"name\":\"Philosophy - KACO - Der Experte f\u00fcr Dichtungssysteme\",\"isPartOf\":{\"@id\":\"https:\\\/\\\/kaco.de\\\/#website\"},\"primaryImageOfPage\":{\"@id\":\"https:\\\/\\\/kaco.de\\\/en\\\/the-sealing-expert-kaco\\\/philosophy\\\/#primaryimage\"},\"image\":{\"@id\":\"https:\\\/\\\/kaco.de\\\/en\\\/the-sealing-expert-kaco\\\/philosophy\\\/#primaryimage\"},\"thumbnailUrl\":\"https:\\\/\\\/kaco.de\\\/wp-content\\\/uploads\\\/philosophie-kaco@2x.jpg\",\"datePublished\":\"2021-12-07T09:53:51+00:00\",\"dateModified\":\"2025-01-30T13:21:17+00:00\",\"description\":\"Our philosophy Progress - the key to success KACO is a globally active company with a culture characterised by medium-sized businesses.We understand and\",\"breadcrumb\":{\"@id\":\"https:\\\/\\\/kaco.de\\\/en\\\/the-sealing-expert-kaco\\\/philosophy\\\/#breadcrumb\"},\"inLanguage\":\"en-US\",\"potentialAction\":[{\"@type\":\"ReadAction\",\"target\":[\"https:\\\/\\\/kaco.de\\\/en\\\/the-sealing-expert-kaco\\\/philosophy\\\/\"]}]},{\"@type\":\"ImageObject\",\"inLanguage\":\"en-US\",\"@id\":\"https:\\\/\\\/kaco.de\\\/en\\\/the-sealing-expert-kaco\\\/philosophy\\\/#primaryimage\",\"url\":\"https:\\\/\\\/kaco.de\\\/wp-content\\\/uploads\\\/philosophie-kaco@2x.jpg\",\"contentUrl\":\"https:\\\/\\\/kaco.de\\\/wp-content\\\/uploads\\\/philosophie-kaco@2x.jpg\"},{\"@type\":\"BreadcrumbList\",\"@id\":\"https:\\\/\\\/kaco.de\\\/en\\\/the-sealing-expert-kaco\\\/philosophy\\\/#breadcrumb\",\"itemListElement\":[{\"@type\":\"ListItem\",\"position\":1,\"name\":\"Home\",\"item\":\"https:\\\/\\\/kaco.de\\\/en\\\/\"},{\"@type\":\"ListItem\",\"position\":2,\"name\":\"The sealing expert KACO\",\"item\":\"https:\\\/\\\/kaco.de\\\/en\\\/the-sealing-expert-kaco\\\/\"},{\"@type\":\"ListItem\",\"position\":3,\"name\":\"Philosophy\"}]},{\"@type\":\"WebSite\",\"@id\":\"https:\\\/\\\/kaco.de\\\/#website\",\"url\":\"https:\\\/\\\/kaco.de\\\/\",\"name\":\"KACO - Der Experte f\u00fcr Dichtungssysteme\",\"description\":\"Seien Sie mit unseren hochpr\u00e4zisen und anwendungsorientierten Dichtungsl\u00f6sungen bestens f\u00fcr die Automobil- und Maschinenbauindustrie ger\u00fcstet.\",\"publisher\":{\"@id\":\"https:\\\/\\\/kaco.de\\\/#organization\"},\"potentialAction\":[{\"@type\":\"SearchAction\",\"target\":{\"@type\":\"EntryPoint\",\"urlTemplate\":\"https:\\\/\\\/kaco.de\\\/?s={search_term_string}\"},\"query-input\":{\"@type\":\"PropertyValueSpecification\",\"valueRequired\":true,\"valueName\":\"search_term_string\"}}],\"inLanguage\":\"en-US\"},{\"@type\":\"Organization\",\"@id\":\"https:\\\/\\\/kaco.de\\\/#organization\",\"name\":\"KACO - Der Experte f\u00fcr Dichtungssysteme\",\"url\":\"https:\\\/\\\/kaco.de\\\/\",\"logo\":{\"@type\":\"ImageObject\",\"inLanguage\":\"en-US\",\"@id\":\"https:\\\/\\\/kaco.de\\\/#\\\/schema\\\/logo\\\/image\\\/\",\"url\":\"https:\\\/\\\/kaco.de\\\/wp-content\\\/uploads\\\/cropped-logo1.png\",\"contentUrl\":\"https:\\\/\\\/kaco.de\\\/wp-content\\\/uploads\\\/cropped-logo1.png\",\"width\":851,\"height\":254,\"caption\":\"KACO - Der Experte f\u00fcr Dichtungssysteme\"},\"image\":{\"@id\":\"https:\\\/\\\/kaco.de\\\/#\\\/schema\\\/logo\\\/image\\\/\"}}]}<\/script>\n<!-- \/ Yoast SEO plugin. -->","yoast_head_json":{"title":"Philosophy - KACO - Der Experte f\u00fcr Dichtungssysteme","description":"Our philosophy Progress - the key to success KACO is a globally active company with a culture characterised by medium-sized businesses.We understand and","robots":{"index":"index","follow":"follow","max-snippet":"max-snippet:-1","max-image-preview":"max-image-preview:large","max-video-preview":"max-video-preview:-1"},"canonical":"https:\/\/kaco.de\/en\/the-sealing-expert-kaco\/philosophy\/","og_locale":"en_US","og_type":"article","og_title":"Philosophy - KACO - Der Experte f\u00fcr Dichtungssysteme","og_description":"Our philosophy Progress - the key to success KACO is a globally active company with a culture characterised by medium-sized businesses.We understand and","og_url":"https:\/\/kaco.de\/en\/the-sealing-expert-kaco\/philosophy\/","og_site_name":"KACO - Der Experte f\u00fcr Dichtungssysteme","article_modified_time":"2025-01-30T13:21:17+00:00","og_image":[{"width":2560,"height":808,"url":"https:\/\/kaco.de\/wp-content\/uploads\/philosophie-kaco@2x.jpg","type":"image\/jpeg"}],"twitter_card":"summary_large_image","twitter_misc":{"Est. reading time":"2 minutes"},"schema":{"@context":"https:\/\/schema.org","@graph":[{"@type":"WebPage","@id":"https:\/\/kaco.de\/en\/the-sealing-expert-kaco\/philosophy\/","url":"https:\/\/kaco.de\/en\/the-sealing-expert-kaco\/philosophy\/","name":"Philosophy - KACO - Der Experte f\u00fcr Dichtungssysteme","isPartOf":{"@id":"https:\/\/kaco.de\/#website"},"primaryImageOfPage":{"@id":"https:\/\/kaco.de\/en\/the-sealing-expert-kaco\/philosophy\/#primaryimage"},"image":{"@id":"https:\/\/kaco.de\/en\/the-sealing-expert-kaco\/philosophy\/#primaryimage"},"thumbnailUrl":"https:\/\/kaco.de\/wp-content\/uploads\/philosophie-kaco@2x.jpg","datePublished":"2021-12-07T09:53:51+00:00","dateModified":"2025-01-30T13:21:17+00:00","description":"Our philosophy Progress - the key to success KACO is a globally active company with a culture characterised by medium-sized businesses.We understand and","breadcrumb":{"@id":"https:\/\/kaco.de\/en\/the-sealing-expert-kaco\/philosophy\/#breadcrumb"},"inLanguage":"en-US","potentialAction":[{"@type":"ReadAction","target":["https:\/\/kaco.de\/en\/the-sealing-expert-kaco\/philosophy\/"]}]},{"@type":"ImageObject","inLanguage":"en-US","@id":"https:\/\/kaco.de\/en\/the-sealing-expert-kaco\/philosophy\/#primaryimage","url":"https:\/\/kaco.de\/wp-content\/uploads\/philosophie-kaco@2x.jpg","contentUrl":"https:\/\/kaco.de\/wp-content\/uploads\/philosophie-kaco@2x.jpg"},{"@type":"BreadcrumbList","@id":"https:\/\/kaco.de\/en\/the-sealing-expert-kaco\/philosophy\/#breadcrumb","itemListElement":[{"@type":"ListItem","position":1,"name":"Home","item":"https:\/\/kaco.de\/en\/"},{"@type":"ListItem","position":2,"name":"The sealing expert KACO","item":"https:\/\/kaco.de\/en\/the-sealing-expert-kaco\/"},{"@type":"ListItem","position":3,"name":"Philosophy"}]},{"@type":"WebSite","@id":"https:\/\/kaco.de\/#website","url":"https:\/\/kaco.de\/","name":"KACO - Der Experte f\u00fcr Dichtungssysteme","description":"Seien Sie mit unseren hochpr\u00e4zisen und anwendungsorientierten Dichtungsl\u00f6sungen bestens f\u00fcr die Automobil- und Maschinenbauindustrie ger\u00fcstet.","publisher":{"@id":"https:\/\/kaco.de\/#organization"},"potentialAction":[{"@type":"SearchAction","target":{"@type":"EntryPoint","urlTemplate":"https:\/\/kaco.de\/?s={search_term_string}"},"query-input":{"@type":"PropertyValueSpecification","valueRequired":true,"valueName":"search_term_string"}}],"inLanguage":"en-US"},{"@type":"Organization","@id":"https:\/\/kaco.de\/#organization","name":"KACO - Der Experte f\u00fcr Dichtungssysteme","url":"https:\/\/kaco.de\/","logo":{"@type":"ImageObject","inLanguage":"en-US","@id":"https:\/\/kaco.de\/#\/schema\/logo\/image\/","url":"https:\/\/kaco.de\/wp-content\/uploads\/cropped-logo1.png","contentUrl":"https:\/\/kaco.de\/wp-content\/uploads\/cropped-logo1.png","width":851,"height":254,"caption":"KACO - Der Experte f\u00fcr Dichtungssysteme"},"image":{"@id":"https:\/\/kaco.de\/#\/schema\/logo\/image\/"}}]}},"_links":{"self":[{"href":"https:\/\/kaco.de\/en\/wp-json\/wp\/v2\/pages\/10803","targetHints":{"allow":["GET"]}}],"collection":[{"href":"https:\/\/kaco.de\/en\/wp-json\/wp\/v2\/pages"}],"about":[{"href":"https:\/\/kaco.de\/en\/wp-json\/wp\/v2\/types\/page"}],"author":[{"embeddable":true,"href":"https:\/\/kaco.de\/en\/wp-json\/wp\/v2\/users\/3"}],"replies":[{"embeddable":true,"href":"https:\/\/kaco.de\/en\/wp-json\/wp\/v2\/comments?post=10803"}],"version-history":[{"count":3,"href":"https:\/\/kaco.de\/en\/wp-json\/wp\/v2\/pages\/10803\/revisions"}],"predecessor-version":[{"id":30267,"href":"https:\/\/kaco.de\/en\/wp-json\/wp\/v2\/pages\/10803\/revisions\/30267"}],"up":[{"embeddable":true,"href":"https:\/\/kaco.de\/en\/wp-json\/wp\/v2\/pages\/10789"}],"wp:attachment":[{"href":"https:\/\/kaco.de\/en\/wp-json\/wp\/v2\/media?parent=10803"}],"curies":[{"name":"wp","href":"https:\/\/api.w.org\/{rel}","templated":true}]}}