{"id":10805,"date":"2021-12-07T10:57:18","date_gmt":"2021-12-07T09:57:18","guid":{"rendered":"https:\/\/kaco21.neckarfreunde.net\/?page_id=10805"},"modified":"2022-03-03T13:00:23","modified_gmt":"2022-03-03T12:00:23","slug":"anti-corruption-policy","status":"publish","type":"page","link":"https:\/\/kaco.de\/en\/the-sealing-expert-kaco\/philosophy\/anti-corruption-policy\/","title":{"rendered":"Anti Corruption Policy"},"content":{"rendered":"\t\t<div data-elementor-type=\"wp-page\" data-elementor-id=\"10805\" class=\"elementor elementor-10805 elementor-337\" data-elementor-post-type=\"page\">\n\t\t\t\t\t\t<section class=\"elementor-section elementor-top-section elementor-element elementor-element-f296d56 elementor-section-full_width elementor-section-stretched elementor-section-height-default elementor-section-height-default\" data-id=\"f296d56\" data-element_type=\"section\" data-settings=\"{&quot;stretch_section&quot;:&quot;section-stretched&quot;}\">\n\t\t\t\t\t\t<div class=\"elementor-container elementor-column-gap-default\">\n\t\t\t\t\t<div class=\"elementor-column elementor-col-100 elementor-top-column elementor-element elementor-element-27968f3\" data-id=\"27968f3\" data-element_type=\"column\">\n\t\t\t<div class=\"elementor-widget-wrap elementor-element-populated\">\n\t\t\t\t\t\t<div class=\"elementor-element elementor-element-eb2ef2e elementor-widget elementor-widget-image\" data-id=\"eb2ef2e\" data-element_type=\"widget\" data-widget_type=\"image.default\">\n\t\t\t\t<div class=\"elementor-widget-container\">\n\t\t\t\t\t\t\t\t\t\t\t\t\t\t\t<img fetchpriority=\"high\" decoding=\"async\" width=\"1900\" height=\"600\" src=\"https:\/\/kaco.de\/wp-content\/uploads\/unternehmen-unternehmensleitbild-kaco@2x.jpg\" class=\"attachment-full size-full wp-image-7743\" alt=\"Unternehmen Unternehmensleitbild Kaco\" \/>\t\t\t\t\t\t\t\t\t\t\t\t\t\t\t<\/div>\n\t\t\t\t<\/div>\n\t\t\t\t\t<\/div>\n\t\t<\/div>\n\t\t\t\t\t<\/div>\n\t\t<\/section>\n\t\t\t\t<section class=\"elementor-section elementor-top-section elementor-element elementor-element-ac24826 elementor-section-content-bottom elementor-section-stretched pageheader elementor-section-boxed elementor-section-height-default elementor-section-height-default\" data-id=\"ac24826\" data-element_type=\"section\" data-settings=\"{&quot;background_background&quot;:&quot;classic&quot;,&quot;stretch_section&quot;:&quot;section-stretched&quot;}\">\n\t\t\t\t\t\t<div class=\"elementor-container elementor-column-gap-default\">\n\t\t\t\t\t<div class=\"elementor-column elementor-col-50 elementor-top-column elementor-element elementor-element-5035201 pageheader-row-left\" data-id=\"5035201\" data-element_type=\"column\" data-settings=\"{&quot;background_background&quot;:&quot;classic&quot;}\">\n\t\t\t<div class=\"elementor-widget-wrap elementor-element-populated\">\n\t\t\t\t\t\t<div class=\"elementor-element elementor-element-ca0779a elementor-widget elementor-widget-heading\" data-id=\"ca0779a\" data-element_type=\"widget\" data-widget_type=\"heading.default\">\n\t\t\t\t<div class=\"elementor-widget-container\">\n\t\t\t\t\t<span class=\"elementor-heading-title elementor-size-default\">Philosophy<\/span>\t\t\t\t<\/div>\n\t\t\t\t<\/div>\n\t\t\t\t<div class=\"elementor-element elementor-element-81edfed elementor-widget elementor-widget-heading\" data-id=\"81edfed\" data-element_type=\"widget\" data-widget_type=\"heading.default\">\n\t\t\t\t<div class=\"elementor-widget-container\">\n\t\t\t\t\t<h1 class=\"elementor-heading-title elementor-size-default\">KACO Anti-corruption guidelines<\/h1>\t\t\t\t<\/div>\n\t\t\t\t<\/div>\n\t\t\t\t\t<\/div>\n\t\t<\/div>\n\t\t\t\t<div class=\"elementor-column elementor-col-50 elementor-top-column elementor-element elementor-element-e039a54\" data-id=\"e039a54\" data-element_type=\"column\">\n\t\t\t<div class=\"elementor-widget-wrap\">\n\t\t\t\t\t\t\t<\/div>\n\t\t<\/div>\n\t\t\t\t\t<\/div>\n\t\t<\/section>\n\t\t\t\t<section class=\"elementor-section elementor-top-section elementor-element elementor-element-af8eaec elementor-section-stretched elementor-section-boxed elementor-section-height-default elementor-section-height-default\" data-id=\"af8eaec\" data-element_type=\"section\" data-settings=\"{&quot;stretch_section&quot;:&quot;section-stretched&quot;,&quot;background_background&quot;:&quot;classic&quot;}\">\n\t\t\t\t\t\t<div class=\"elementor-container elementor-column-gap-default\">\n\t\t\t\t\t<div class=\"elementor-column elementor-col-66 elementor-top-column elementor-element elementor-element-1285c7e\" data-id=\"1285c7e\" data-element_type=\"column\">\n\t\t\t<div class=\"elementor-widget-wrap elementor-element-populated\">\n\t\t\t\t\t\t<div class=\"elementor-element elementor-element-61f1a8f elementor-widget elementor-widget-heading\" data-id=\"61f1a8f\" data-element_type=\"widget\" data-widget_type=\"heading.default\">\n\t\t\t\t<div class=\"elementor-widget-container\">\n\t\t\t\t\t<h3 class=\"elementor-heading-title elementor-size-default\">KACO Code of conduct in cases of corruption, bribery, restriction of competition and how to deal with infringements<\/h3>\t\t\t\t<\/div>\n\t\t\t\t<\/div>\n\t\t\t\t<div class=\"elementor-element elementor-element-bc55d91 elementor-widget elementor-widget-spacer\" data-id=\"bc55d91\" data-element_type=\"widget\" data-widget_type=\"spacer.default\">\n\t\t\t\t<div class=\"elementor-widget-container\">\n\t\t\t\t\t\t\t<div class=\"elementor-spacer\">\n\t\t\t<div class=\"elementor-spacer-inner\"><\/div>\n\t\t<\/div>\n\t\t\t\t\t\t<\/div>\n\t\t\t\t<\/div>\n\t\t\t\t<div class=\"elementor-element elementor-element-1a9dc5a elementor-widget elementor-widget-text-editor\" data-id=\"1a9dc5a\" data-element_type=\"widget\" data-widget_type=\"text-editor.default\">\n\t\t\t\t<div class=\"elementor-widget-container\">\n\t\t\t\t\t\t\t\t\t<p><strong>Preamble<\/strong><br \/>As one of the world\u2019s leading developers and manufacturers of high-precision, application-oriented sealing solutions for the automotive and mechanical engineering industries, KACO excels through its pronounced capabilities in respect of materials and systems and its high level of innovation. For KACO, integrity in its dealings with all customers, suppliers, staff, authorities, public bodies and other interest groups is just as important.<\/p><p>This requirement is stated in KACO&#8217;S corporate mission statement and social standards, and it constitutes the basis for the commercial activities of the Board, management and staff.<\/p><p>Implementation of this standard and the conduct expected from KACO&#8217;s management and staff are clarified and set out in more detail in these guidelines.<br \/>In particular, account must be taken of the following:<\/p>\t\t\t\t\t\t\t\t<\/div>\n\t\t\t\t<\/div>\n\t\t\t\t<div class=\"elementor-element elementor-element-08b96a2 elementor-widget elementor-widget-text-editor\" data-id=\"08b96a2\" data-element_type=\"widget\" data-widget_type=\"text-editor.default\">\n\t\t\t\t<div class=\"elementor-widget-container\">\n\t\t\t\t\t\t\t\t\t<p><strong>Bribery \/ Corruption<\/strong><br \/>Bribes or other illegal payments may not be offered, made or accepted.<br \/>The granting of personal benefits (in particular those of a monetary nature such as payments and loans, including the giving of small gifts over a long period of time) to persons holding office (such as civil servants or those in public service) by KACO or its staff in order to acquire some advantage for KACO, oneself or a third party is forbidden.<br \/>Personal monetary benefits to employees of other companies in return for gaining an advantage over the competition and in commercial transactions may not be offered, promised, granted or approved. Likewise, in dealing with business partners, personal benefits of value may neither be demanded nor accepted. KACO requires of its staff that they do not accept promises of any such benefits.<\/p><p>The management and staff of KACO may neither offer, promise, demand, grant nor accept any gifts, payments, invitations or services in the course of business transactions which are given with the intention of influencing a business decision in an improper manner or which may give rise to a risk of the professional independence of the business partner being compromised.<\/p><p>This is generally not the case in respect of gifts and invitations which are offered and received within the bounds of normal business hospitality, custom and courtesy. KACO can issue binding guidelines on the acceptance and giving of gifts and invitations to meals and events. In these, exceptions in respect of appropriate low-value and symbolic gifts, appropriate business meals and suitable events on the part of our company and business partners (customers, suppliers) can be regulated.<\/p>\t\t\t\t\t\t\t\t<\/div>\n\t\t\t\t<\/div>\n\t\t\t\t<div class=\"elementor-element elementor-element-3dfb0d3 elementor-widget elementor-widget-text-editor\" data-id=\"3dfb0d3\" data-element_type=\"widget\" data-widget_type=\"text-editor.default\">\n\t\t\t\t<div class=\"elementor-widget-container\">\n\t\t\t\t\t\t\t\t\t<p><strong>Competition law (behaviour to competitors)<\/strong><br \/>KACO abides by fair competition. We comply with the applicable laws which protect and encourage competition, in particular the applicable competition laws and other laws which regulate competition.<\/p><p>In dealing with our competitors, these regulations particularly forbid agreements and other activities which influence prices or conditions, allocate sales areas or customers or which hinder free and open competition in an improper manner. Further, these regulations forbid agreements between customers and suppliers which are intended to limit the customer\u2019s freedom to set prices and other conditions independently (price and condition setting) when selling items on.<\/p><p>Examples of infringements against competition laws:<\/p><ul><li>Price\/quantity\/condition agreements<\/li><li>Exchanging confidential market information<\/li><li>Calling for a boycott of other market players<\/li><li>Behaviour towards market players\/authorities\/courts and other government and public institutions<\/li><\/ul>\t\t\t\t\t\t\t\t<\/div>\n\t\t\t\t<\/div>\n\t\t\t\t<div class=\"elementor-element elementor-element-2e49b2c elementor-widget elementor-widget-text-editor\" data-id=\"2e49b2c\" data-element_type=\"widget\" data-widget_type=\"text-editor.default\">\n\t\t\t\t<div class=\"elementor-widget-container\">\n\t\t\t\t\t\t\t\t\t<p><strong>What this means for our staff<\/strong><br>Implementation of these guidelines is very important to KACO, which is why any failure to meet these obligations will be taken seriously and punished accordingly. Any infringements will result in disciplinary measures. These will depend upon the severity of the infringement and can, in extreme cases, result in extraordinary termination of your employment.<\/p><p>In order to ensure that these ethical guidelines on conduct are put into practice, every member of staff is required to familiarise him\/herself with the standards and to actively put them into practice.<\/p><p>All KACO staff are required to report information on any offences, abuses or particular risks. In the European KACO plants, the Works Council will receive reports from staff confidentially. In the KACO plants in China, this will be dealt with by the General Manager. KACO will not tolerate any person who makes such a report being disadvantaged in any way.<\/p>\t\t\t\t\t\t\t\t<\/div>\n\t\t\t\t<\/div>\n\t\t\t\t<div class=\"elementor-element elementor-element-a9c1b27 elementor-widget elementor-widget-spacer\" data-id=\"a9c1b27\" data-element_type=\"widget\" data-widget_type=\"spacer.default\">\n\t\t\t\t<div class=\"elementor-widget-container\">\n\t\t\t\t\t\t\t<div class=\"elementor-spacer\">\n\t\t\t<div class=\"elementor-spacer-inner\"><\/div>\n\t\t<\/div>\n\t\t\t\t\t\t<\/div>\n\t\t\t\t<\/div>\n\t\t\t\t<div class=\"elementor-element elementor-element-e4560e7 elementor-widget elementor-widget-button\" data-id=\"e4560e7\" data-element_type=\"widget\" data-widget_type=\"button.default\">\n\t\t\t\t<div class=\"elementor-widget-container\">\n\t\t\t\t\t\t\t\t\t<div class=\"elementor-button-wrapper\">\n\t\t\t\t\t<a class=\"elementor-button elementor-button-link elementor-size-sm\" href=\"https:\/\/kaco.de\/wp-content\/uploads\/Anti-Korruptionsrichtlinie-1.pdf\">\n\t\t\t\t\t\t<span class=\"elementor-button-content-wrapper\">\n\t\t\t\t\t\t\t\t\t<span class=\"elementor-button-text\">Download PDF<\/span>\n\t\t\t\t\t<\/span>\n\t\t\t\t\t<\/a>\n\t\t\t\t<\/div>\n\t\t\t\t\t\t\t\t<\/div>\n\t\t\t\t<\/div>\n\t\t\t\t\t<\/div>\n\t\t<\/div>\n\t\t\t\t<div class=\"elementor-column elementor-col-33 elementor-top-column elementor-element elementor-element-20e25a5\" data-id=\"20e25a5\" data-element_type=\"column\">\n\t\t\t<div class=\"elementor-widget-wrap\">\n\t\t\t\t\t\t\t<\/div>\n\t\t<\/div>\n\t\t\t\t\t<\/div>\n\t\t<\/section>\n\t\t\t\t<\/div>\n\t\t","protected":false},"excerpt":{"rendered":"<p>Philosophy KACO Anti-corruption guidelines KACO Code of conduct in cases of corruption, bribery, restriction of competition and how to deal with infringements PreambleAs one of the world\u2019s leading developers and manufacturers of high-precision, application-oriented sealing solutions for the automotive and mechanical engineering industries, KACO excels through its pronounced capabilities in respect of materials and systems [&hellip;]<\/p>\n","protected":false},"author":3,"featured_media":0,"parent":10803,"menu_order":0,"comment_status":"closed","ping_status":"closed","template":"","meta":{"_acf_changed":false,"site-sidebar-layout":"no-sidebar","site-content-layout":"page-builder","ast-site-content-layout":"default","site-content-style":"default","site-sidebar-style":"default","ast-global-header-display":"","ast-banner-title-visibility":"","ast-main-header-display":"","ast-hfb-above-header-display":"","ast-hfb-below-header-display":"","ast-hfb-mobile-header-display":"","site-post-title":"disabled","ast-breadcrumbs-content":"","ast-featured-img":"disabled","footer-sml-layout":"","ast-disable-related-posts":"","theme-transparent-header-meta":"","adv-header-id-meta":"","stick-header-meta":"","header-above-stick-meta":"","header-main-stick-meta":"","header-below-stick-meta":"","astra-migrate-meta-layouts":"default","ast-page-background-enabled":"default","ast-page-background-meta":{"desktop":{"background-color":"var(--ast-global-color-4)","background-image":"","background-repeat":"repeat","background-position":"center center","background-size":"auto","background-attachment":"scroll","background-type":"","background-media":"","overlay-type":"","overlay-color":"","overlay-opacity":"","overlay-gradient":""},"tablet":{"background-color":"","background-image":"","background-repeat":"repeat","background-position":"center center","background-size":"auto","background-attachment":"scroll","background-type":"","background-media":"","overlay-type":"","overlay-color":"","overlay-opacity":"","overlay-gradient":""},"mobile":{"background-color":"","background-image":"","background-repeat":"repeat","background-position":"center center","background-size":"auto","background-attachment":"scroll","background-type":"","background-media":"","overlay-type":"","overlay-color":"","overlay-opacity":"","overlay-gradient":""}},"ast-content-background-meta":{"desktop":{"background-color":"var(--ast-global-color-5)","background-image":"","background-repeat":"repeat","background-position":"center center","background-size":"auto","background-attachment":"scroll","background-type":"","background-media":"","overlay-type":"","overlay-color":"","overlay-opacity":"","overlay-gradient":""},"tablet":{"background-color":"var(--ast-global-color-5)","background-image":"","background-repeat":"repeat","background-position":"center center","background-size":"auto","background-attachment":"scroll","background-type":"","background-media":"","overlay-type":"","overlay-color":"","overlay-opacity":"","overlay-gradient":""},"mobile":{"background-color":"var(--ast-global-color-5)","background-image":"","background-repeat":"repeat","background-position":"center center","background-size":"auto","background-attachment":"scroll","background-type":"","background-media":"","overlay-type":"","overlay-color":"","overlay-opacity":"","overlay-gradient":""}},"footnotes":""},"class_list":["post-10805","page","type-page","status-publish","hentry"],"acf":[],"yoast_head":"<!-- This site is optimized with the Yoast SEO plugin v27.5 - https:\/\/yoast.com\/product\/yoast-seo-wordpress\/ -->\n<title>Anti Corruption Policy - KACO - Der Experte f\u00fcr Dichtungssysteme<\/title>\n<meta name=\"description\" content=\"Philosophy KACO Anti-corruption guidelines KACO Code of conduct in cases of corruption, bribery, restriction of competition and how to deal with\" \/>\n<meta name=\"robots\" content=\"index, follow, max-snippet:-1, max-image-preview:large, max-video-preview:-1\" \/>\n<link rel=\"canonical\" href=\"https:\/\/kaco.de\/en\/the-sealing-expert-kaco\/philosophy\/anti-corruption-policy\/\" \/>\n<meta property=\"og:locale\" content=\"en_US\" \/>\n<meta property=\"og:type\" content=\"article\" \/>\n<meta property=\"og:title\" content=\"Anti Corruption Policy - KACO - Der Experte f\u00fcr Dichtungssysteme\" \/>\n<meta property=\"og:description\" content=\"Philosophy KACO Anti-corruption guidelines KACO Code of conduct in cases of corruption, bribery, restriction of competition and how to deal with\" \/>\n<meta property=\"og:url\" content=\"https:\/\/kaco.de\/en\/the-sealing-expert-kaco\/philosophy\/anti-corruption-policy\/\" \/>\n<meta property=\"og:site_name\" content=\"KACO - Der Experte f\u00fcr Dichtungssysteme\" \/>\n<meta property=\"article:modified_time\" content=\"2022-03-03T12:00:23+00:00\" \/>\n<meta property=\"og:image\" content=\"https:\/\/kaco.de\/wp-content\/uploads\/unternehmen-unternehmensleitbild-kaco@2x.jpg\" \/>\n<meta name=\"twitter:card\" content=\"summary_large_image\" \/>\n<meta name=\"twitter:label1\" content=\"Est. reading time\" \/>\n\t<meta name=\"twitter:data1\" content=\"4 minutes\" \/>\n<script type=\"application\/ld+json\" class=\"yoast-schema-graph\">{\"@context\":\"https:\\\/\\\/schema.org\",\"@graph\":[{\"@type\":\"WebPage\",\"@id\":\"https:\\\/\\\/kaco.de\\\/en\\\/the-sealing-expert-kaco\\\/philosophy\\\/anti-corruption-policy\\\/\",\"url\":\"https:\\\/\\\/kaco.de\\\/en\\\/the-sealing-expert-kaco\\\/philosophy\\\/anti-corruption-policy\\\/\",\"name\":\"Anti Corruption Policy - KACO - Der Experte f\u00fcr Dichtungssysteme\",\"isPartOf\":{\"@id\":\"https:\\\/\\\/kaco.de\\\/#website\"},\"primaryImageOfPage\":{\"@id\":\"https:\\\/\\\/kaco.de\\\/en\\\/the-sealing-expert-kaco\\\/philosophy\\\/anti-corruption-policy\\\/#primaryimage\"},\"image\":{\"@id\":\"https:\\\/\\\/kaco.de\\\/en\\\/the-sealing-expert-kaco\\\/philosophy\\\/anti-corruption-policy\\\/#primaryimage\"},\"thumbnailUrl\":\"https:\\\/\\\/kaco.de\\\/wp-content\\\/uploads\\\/unternehmen-unternehmensleitbild-kaco@2x.jpg\",\"datePublished\":\"2021-12-07T09:57:18+00:00\",\"dateModified\":\"2022-03-03T12:00:23+00:00\",\"description\":\"Philosophy KACO Anti-corruption guidelines KACO Code of conduct in cases of corruption, bribery, restriction of competition and how to deal with\",\"breadcrumb\":{\"@id\":\"https:\\\/\\\/kaco.de\\\/en\\\/the-sealing-expert-kaco\\\/philosophy\\\/anti-corruption-policy\\\/#breadcrumb\"},\"inLanguage\":\"en-US\",\"potentialAction\":[{\"@type\":\"ReadAction\",\"target\":[\"https:\\\/\\\/kaco.de\\\/en\\\/the-sealing-expert-kaco\\\/philosophy\\\/anti-corruption-policy\\\/\"]}]},{\"@type\":\"ImageObject\",\"inLanguage\":\"en-US\",\"@id\":\"https:\\\/\\\/kaco.de\\\/en\\\/the-sealing-expert-kaco\\\/philosophy\\\/anti-corruption-policy\\\/#primaryimage\",\"url\":\"https:\\\/\\\/kaco.de\\\/wp-content\\\/uploads\\\/unternehmen-unternehmensleitbild-kaco@2x.jpg\",\"contentUrl\":\"https:\\\/\\\/kaco.de\\\/wp-content\\\/uploads\\\/unternehmen-unternehmensleitbild-kaco@2x.jpg\"},{\"@type\":\"BreadcrumbList\",\"@id\":\"https:\\\/\\\/kaco.de\\\/en\\\/the-sealing-expert-kaco\\\/philosophy\\\/anti-corruption-policy\\\/#breadcrumb\",\"itemListElement\":[{\"@type\":\"ListItem\",\"position\":1,\"name\":\"Home\",\"item\":\"https:\\\/\\\/kaco.de\\\/en\\\/\"},{\"@type\":\"ListItem\",\"position\":2,\"name\":\"The sealing expert KACO\",\"item\":\"https:\\\/\\\/kaco.de\\\/en\\\/the-sealing-expert-kaco\\\/\"},{\"@type\":\"ListItem\",\"position\":3,\"name\":\"Philosophy\",\"item\":\"https:\\\/\\\/kaco.de\\\/en\\\/the-sealing-expert-kaco\\\/philosophy\\\/\"},{\"@type\":\"ListItem\",\"position\":4,\"name\":\"Anti Corruption Policy\"}]},{\"@type\":\"WebSite\",\"@id\":\"https:\\\/\\\/kaco.de\\\/#website\",\"url\":\"https:\\\/\\\/kaco.de\\\/\",\"name\":\"KACO - Der Experte f\u00fcr Dichtungssysteme\",\"description\":\"Seien Sie mit unseren hochpr\u00e4zisen und anwendungsorientierten Dichtungsl\u00f6sungen bestens f\u00fcr die Automobil- und Maschinenbauindustrie ger\u00fcstet.\",\"publisher\":{\"@id\":\"https:\\\/\\\/kaco.de\\\/#organization\"},\"potentialAction\":[{\"@type\":\"SearchAction\",\"target\":{\"@type\":\"EntryPoint\",\"urlTemplate\":\"https:\\\/\\\/kaco.de\\\/?s={search_term_string}\"},\"query-input\":{\"@type\":\"PropertyValueSpecification\",\"valueRequired\":true,\"valueName\":\"search_term_string\"}}],\"inLanguage\":\"en-US\"},{\"@type\":\"Organization\",\"@id\":\"https:\\\/\\\/kaco.de\\\/#organization\",\"name\":\"KACO - Der Experte f\u00fcr Dichtungssysteme\",\"url\":\"https:\\\/\\\/kaco.de\\\/\",\"logo\":{\"@type\":\"ImageObject\",\"inLanguage\":\"en-US\",\"@id\":\"https:\\\/\\\/kaco.de\\\/#\\\/schema\\\/logo\\\/image\\\/\",\"url\":\"https:\\\/\\\/kaco.de\\\/wp-content\\\/uploads\\\/cropped-logo1.png\",\"contentUrl\":\"https:\\\/\\\/kaco.de\\\/wp-content\\\/uploads\\\/cropped-logo1.png\",\"width\":851,\"height\":254,\"caption\":\"KACO - Der Experte f\u00fcr Dichtungssysteme\"},\"image\":{\"@id\":\"https:\\\/\\\/kaco.de\\\/#\\\/schema\\\/logo\\\/image\\\/\"}}]}<\/script>\n<!-- \/ Yoast SEO plugin. -->","yoast_head_json":{"title":"Anti Corruption Policy - KACO - Der Experte f\u00fcr Dichtungssysteme","description":"Philosophy KACO Anti-corruption guidelines KACO Code of conduct in cases of corruption, bribery, restriction of competition and how to deal with","robots":{"index":"index","follow":"follow","max-snippet":"max-snippet:-1","max-image-preview":"max-image-preview:large","max-video-preview":"max-video-preview:-1"},"canonical":"https:\/\/kaco.de\/en\/the-sealing-expert-kaco\/philosophy\/anti-corruption-policy\/","og_locale":"en_US","og_type":"article","og_title":"Anti Corruption Policy - KACO - Der Experte f\u00fcr Dichtungssysteme","og_description":"Philosophy KACO Anti-corruption guidelines KACO Code of conduct in cases of corruption, bribery, restriction of competition and how to deal with","og_url":"https:\/\/kaco.de\/en\/the-sealing-expert-kaco\/philosophy\/anti-corruption-policy\/","og_site_name":"KACO - Der Experte f\u00fcr Dichtungssysteme","article_modified_time":"2022-03-03T12:00:23+00:00","og_image":[{"url":"https:\/\/kaco.de\/wp-content\/uploads\/unternehmen-unternehmensleitbild-kaco@2x.jpg","type":"","width":"","height":""}],"twitter_card":"summary_large_image","twitter_misc":{"Est. reading time":"4 minutes"},"schema":{"@context":"https:\/\/schema.org","@graph":[{"@type":"WebPage","@id":"https:\/\/kaco.de\/en\/the-sealing-expert-kaco\/philosophy\/anti-corruption-policy\/","url":"https:\/\/kaco.de\/en\/the-sealing-expert-kaco\/philosophy\/anti-corruption-policy\/","name":"Anti Corruption Policy - KACO - Der Experte f\u00fcr Dichtungssysteme","isPartOf":{"@id":"https:\/\/kaco.de\/#website"},"primaryImageOfPage":{"@id":"https:\/\/kaco.de\/en\/the-sealing-expert-kaco\/philosophy\/anti-corruption-policy\/#primaryimage"},"image":{"@id":"https:\/\/kaco.de\/en\/the-sealing-expert-kaco\/philosophy\/anti-corruption-policy\/#primaryimage"},"thumbnailUrl":"https:\/\/kaco.de\/wp-content\/uploads\/unternehmen-unternehmensleitbild-kaco@2x.jpg","datePublished":"2021-12-07T09:57:18+00:00","dateModified":"2022-03-03T12:00:23+00:00","description":"Philosophy KACO Anti-corruption guidelines KACO Code of conduct in cases of corruption, bribery, restriction of competition and how to deal with","breadcrumb":{"@id":"https:\/\/kaco.de\/en\/the-sealing-expert-kaco\/philosophy\/anti-corruption-policy\/#breadcrumb"},"inLanguage":"en-US","potentialAction":[{"@type":"ReadAction","target":["https:\/\/kaco.de\/en\/the-sealing-expert-kaco\/philosophy\/anti-corruption-policy\/"]}]},{"@type":"ImageObject","inLanguage":"en-US","@id":"https:\/\/kaco.de\/en\/the-sealing-expert-kaco\/philosophy\/anti-corruption-policy\/#primaryimage","url":"https:\/\/kaco.de\/wp-content\/uploads\/unternehmen-unternehmensleitbild-kaco@2x.jpg","contentUrl":"https:\/\/kaco.de\/wp-content\/uploads\/unternehmen-unternehmensleitbild-kaco@2x.jpg"},{"@type":"BreadcrumbList","@id":"https:\/\/kaco.de\/en\/the-sealing-expert-kaco\/philosophy\/anti-corruption-policy\/#breadcrumb","itemListElement":[{"@type":"ListItem","position":1,"name":"Home","item":"https:\/\/kaco.de\/en\/"},{"@type":"ListItem","position":2,"name":"The sealing expert KACO","item":"https:\/\/kaco.de\/en\/the-sealing-expert-kaco\/"},{"@type":"ListItem","position":3,"name":"Philosophy","item":"https:\/\/kaco.de\/en\/the-sealing-expert-kaco\/philosophy\/"},{"@type":"ListItem","position":4,"name":"Anti Corruption Policy"}]},{"@type":"WebSite","@id":"https:\/\/kaco.de\/#website","url":"https:\/\/kaco.de\/","name":"KACO - Der Experte f\u00fcr Dichtungssysteme","description":"Seien Sie mit unseren hochpr\u00e4zisen und anwendungsorientierten Dichtungsl\u00f6sungen bestens f\u00fcr die Automobil- und Maschinenbauindustrie ger\u00fcstet.","publisher":{"@id":"https:\/\/kaco.de\/#organization"},"potentialAction":[{"@type":"SearchAction","target":{"@type":"EntryPoint","urlTemplate":"https:\/\/kaco.de\/?s={search_term_string}"},"query-input":{"@type":"PropertyValueSpecification","valueRequired":true,"valueName":"search_term_string"}}],"inLanguage":"en-US"},{"@type":"Organization","@id":"https:\/\/kaco.de\/#organization","name":"KACO - Der Experte f\u00fcr Dichtungssysteme","url":"https:\/\/kaco.de\/","logo":{"@type":"ImageObject","inLanguage":"en-US","@id":"https:\/\/kaco.de\/#\/schema\/logo\/image\/","url":"https:\/\/kaco.de\/wp-content\/uploads\/cropped-logo1.png","contentUrl":"https:\/\/kaco.de\/wp-content\/uploads\/cropped-logo1.png","width":851,"height":254,"caption":"KACO - Der Experte f\u00fcr Dichtungssysteme"},"image":{"@id":"https:\/\/kaco.de\/#\/schema\/logo\/image\/"}}]}},"_links":{"self":[{"href":"https:\/\/kaco.de\/en\/wp-json\/wp\/v2\/pages\/10805","targetHints":{"allow":["GET"]}}],"collection":[{"href":"https:\/\/kaco.de\/en\/wp-json\/wp\/v2\/pages"}],"about":[{"href":"https:\/\/kaco.de\/en\/wp-json\/wp\/v2\/types\/page"}],"author":[{"embeddable":true,"href":"https:\/\/kaco.de\/en\/wp-json\/wp\/v2\/users\/3"}],"replies":[{"embeddable":true,"href":"https:\/\/kaco.de\/en\/wp-json\/wp\/v2\/comments?post=10805"}],"version-history":[{"count":0,"href":"https:\/\/kaco.de\/en\/wp-json\/wp\/v2\/pages\/10805\/revisions"}],"up":[{"embeddable":true,"href":"https:\/\/kaco.de\/en\/wp-json\/wp\/v2\/pages\/10803"}],"wp:attachment":[{"href":"https:\/\/kaco.de\/en\/wp-json\/wp\/v2\/media?parent=10805"}],"curies":[{"name":"wp","href":"https:\/\/api.w.org\/{rel}","templated":true}]}}