{"id":11140,"date":"2021-12-09T09:56:02","date_gmt":"2021-12-09T08:56:02","guid":{"rendered":"https:\/\/kaco21.neckarfreunde.net\/?page_id=11140"},"modified":"2022-01-17T21:42:08","modified_gmt":"2022-01-17T20:42:08","slug":"logistics","status":"publish","type":"page","link":"https:\/\/kaco.de\/en\/logistics\/","title":{"rendered":"Logistics"},"content":{"rendered":"\t\t<div data-elementor-type=\"wp-page\" data-elementor-id=\"11140\" class=\"elementor elementor-11140 elementor-639\" data-elementor-post-type=\"page\">\n\t\t\t\t\t\t<section class=\"elementor-section elementor-top-section elementor-element elementor-element-d98c42b elementor-section-full_width elementor-section-stretched elementor-section-height-default elementor-section-height-default\" data-id=\"d98c42b\" data-element_type=\"section\" data-settings=\"{&quot;stretch_section&quot;:&quot;section-stretched&quot;}\">\n\t\t\t\t\t\t<div class=\"elementor-container elementor-column-gap-default\">\n\t\t\t\t\t<div class=\"elementor-column elementor-col-100 elementor-top-column elementor-element elementor-element-472196f\" data-id=\"472196f\" data-element_type=\"column\">\n\t\t\t<div class=\"elementor-widget-wrap elementor-element-populated\">\n\t\t\t\t\t\t<div class=\"elementor-element elementor-element-0fc03e5 elementor-widget elementor-widget-image\" data-id=\"0fc03e5\" data-element_type=\"widget\" data-widget_type=\"image.default\">\n\t\t\t\t<div class=\"elementor-widget-container\">\n\t\t\t\t\t\t\t\t\t\t\t\t\t\t\t<img fetchpriority=\"high\" decoding=\"async\" width=\"1900\" height=\"600\" src=\"https:\/\/kaco.de\/wp-content\/uploads\/logistik-kaco@2x-1.jpg\" class=\"attachment-full size-full wp-image-5842\" alt=\"\" \/>\t\t\t\t\t\t\t\t\t\t\t\t\t\t\t<\/div>\n\t\t\t\t<\/div>\n\t\t\t\t\t<\/div>\n\t\t<\/div>\n\t\t\t\t\t<\/div>\n\t\t<\/section>\n\t\t\t\t<section class=\"elementor-section elementor-top-section elementor-element elementor-element-811538f elementor-section-content-bottom elementor-section-stretched pageheader elementor-section-boxed elementor-section-height-default elementor-section-height-default\" data-id=\"811538f\" data-element_type=\"section\" data-settings=\"{&quot;background_background&quot;:&quot;classic&quot;,&quot;stretch_section&quot;:&quot;section-stretched&quot;}\">\n\t\t\t\t\t\t<div class=\"elementor-container elementor-column-gap-default\">\n\t\t\t\t\t<div class=\"elementor-column elementor-col-50 elementor-top-column elementor-element elementor-element-797fade pageheader-row-left\" data-id=\"797fade\" data-element_type=\"column\" data-settings=\"{&quot;background_background&quot;:&quot;classic&quot;}\">\n\t\t\t<div class=\"elementor-widget-wrap elementor-element-populated\">\n\t\t\t\t\t\t<div class=\"elementor-element elementor-element-8bc49eb elementor-widget elementor-widget-heading\" data-id=\"8bc49eb\" data-element_type=\"widget\" data-widget_type=\"heading.default\">\n\t\t\t\t<div class=\"elementor-widget-container\">\n\t\t\t\t\t<span class=\"elementor-heading-title elementor-size-default\">Logistics<\/span>\t\t\t\t<\/div>\n\t\t\t\t<\/div>\n\t\t\t\t<div class=\"elementor-element elementor-element-06c90e3 elementor-widget elementor-widget-heading\" data-id=\"06c90e3\" data-element_type=\"widget\" data-widget_type=\"heading.default\">\n\t\t\t\t<div class=\"elementor-widget-container\">\n\t\t\t\t\t<h1 class=\"elementor-heading-title elementor-size-default\">always ready to take the extra mile for you<\/h1>\t\t\t\t<\/div>\n\t\t\t\t<\/div>\n\t\t\t\t\t<\/div>\n\t\t<\/div>\n\t\t\t\t<div class=\"elementor-column elementor-col-50 elementor-top-column elementor-element elementor-element-1c70921\" data-id=\"1c70921\" data-element_type=\"column\">\n\t\t\t<div class=\"elementor-widget-wrap\">\n\t\t\t\t\t\t\t<\/div>\n\t\t<\/div>\n\t\t\t\t\t<\/div>\n\t\t<\/section>\n\t\t\t\t<section class=\"elementor-section elementor-top-section elementor-element elementor-element-ef2bd2c elementor-section-boxed elementor-section-height-default elementor-section-height-default\" data-id=\"ef2bd2c\" data-element_type=\"section\">\n\t\t\t\t\t\t<div class=\"elementor-container elementor-column-gap-default\">\n\t\t\t\t\t<div class=\"elementor-column elementor-col-66 elementor-top-column elementor-element elementor-element-845a1c7\" data-id=\"845a1c7\" data-element_type=\"column\">\n\t\t\t<div class=\"elementor-widget-wrap elementor-element-populated\">\n\t\t\t\t\t\t<div class=\"elementor-element elementor-element-41a1804 elementor-widget elementor-widget-heading\" data-id=\"41a1804\" data-element_type=\"widget\" data-widget_type=\"heading.default\">\n\t\t\t\t<div class=\"elementor-widget-container\">\n\t\t\t\t\t<h2 class=\"elementor-heading-title elementor-size-default\">We put our logistics expertise to work for our customers<\/h2>\t\t\t\t<\/div>\n\t\t\t\t<\/div>\n\t\t\t\t<div class=\"elementor-element elementor-element-cf63cd1 elementor-widget elementor-widget-text-editor\" data-id=\"cf63cd1\" data-element_type=\"widget\" data-widget_type=\"text-editor.default\">\n\t\t\t\t<div class=\"elementor-widget-container\">\n\t\t\t\t\t\t\t\t\t<p>From product development to manufacturing and shipping &#8211; we at KACO do everything we can to offer our customers the best possible service. As a result, we still cover a large part of the value chain in our own company &#8211; including logistics.<\/p><p>Whether it&#8217;s picking, packing or shipping. KACO ensures a smooth process so that the customer receives the solutions for the mobility of tomorrow as quickly as possible. Efficiency, reliability and safety are our top priorities. A concept tailored to the wishes of our customers ensures structured logistics. In this way, we pursue the goal of being able to offer our customers everything from a single source in order to keep process costs as low as possible and to be able to increase our efficiency.<\/p><p>Our logistics expertise includes commissioning according to <strong>customer requirements<\/strong> as well as <strong>labelling, special packaging<\/strong> and responds to the customer&#8217;s <strong>individual requirements.<\/strong><\/p><p>Logistics expertise is not only a valuable resource at KACO for our customers. Internal logistics and our own material supply for production are also valuable points of view in our value chain.<\/p><h3>Our benchmark for our actions is the highest satisfaction of our customers.<\/h3>\t\t\t\t\t\t\t\t<\/div>\n\t\t\t\t<\/div>\n\t\t\t\t\t<\/div>\n\t\t<\/div>\n\t\t\t\t<div class=\"elementor-column elementor-col-33 elementor-top-column elementor-element elementor-element-c7c270a\" data-id=\"c7c270a\" data-element_type=\"column\">\n\t\t\t<div class=\"elementor-widget-wrap\">\n\t\t\t\t\t\t\t<\/div>\n\t\t<\/div>\n\t\t\t\t\t<\/div>\n\t\t<\/section>\n\t\t\t\t<section class=\"elementor-section elementor-top-section elementor-element elementor-element-df4b9e0 elementor-section-boxed elementor-section-height-default elementor-section-height-default\" data-id=\"df4b9e0\" data-element_type=\"section\">\n\t\t\t\t\t\t<div class=\"elementor-container elementor-column-gap-default\">\n\t\t\t\t\t<div class=\"elementor-column elementor-col-100 elementor-top-column elementor-element elementor-element-1de87ec\" data-id=\"1de87ec\" data-element_type=\"column\">\n\t\t\t<div class=\"elementor-widget-wrap elementor-element-populated\">\n\t\t\t\t\t\t<div class=\"elementor-element elementor-element-6232a57 elementor-widget elementor-widget-spacer\" data-id=\"6232a57\" data-element_type=\"widget\" data-widget_type=\"spacer.default\">\n\t\t\t\t<div class=\"elementor-widget-container\">\n\t\t\t\t\t\t\t<div class=\"elementor-spacer\">\n\t\t\t<div class=\"elementor-spacer-inner\"><\/div>\n\t\t<\/div>\n\t\t\t\t\t\t<\/div>\n\t\t\t\t<\/div>\n\t\t\t\t\t<\/div>\n\t\t<\/div>\n\t\t\t\t\t<\/div>\n\t\t<\/section>\n\t\t\t\t<\/div>\n\t\t","protected":false},"excerpt":{"rendered":"<p>Logistics always ready to take the extra mile for you We put our logistics expertise to work for our customers From product development to manufacturing and shipping &#8211; we at KACO do everything we can to offer our customers the best possible service. As a result, we still cover a large part of the value [&hellip;]<\/p>\n","protected":false},"author":3,"featured_media":0,"parent":0,"menu_order":0,"comment_status":"closed","ping_status":"closed","template":"","meta":{"_acf_changed":false,"site-sidebar-layout":"no-sidebar","site-content-layout":"page-builder","ast-site-content-layout":"default","site-content-style":"default","site-sidebar-style":"default","ast-global-header-display":"","ast-banner-title-visibility":"","ast-main-header-display":"","ast-hfb-above-header-display":"","ast-hfb-below-header-display":"","ast-hfb-mobile-header-display":"","site-post-title":"disabled","ast-breadcrumbs-content":"","ast-featured-img":"disabled","footer-sml-layout":"","ast-disable-related-posts":"","theme-transparent-header-meta":"","adv-header-id-meta":"","stick-header-meta":"","header-above-stick-meta":"","header-main-stick-meta":"","header-below-stick-meta":"","astra-migrate-meta-layouts":"default","ast-page-background-enabled":"default","ast-page-background-meta":{"desktop":{"background-color":"var(--ast-global-color-4)","background-image":"","background-repeat":"repeat","background-position":"center center","background-size":"auto","background-attachment":"scroll","background-type":"","background-media":"","overlay-type":"","overlay-color":"","overlay-opacity":"","overlay-gradient":""},"tablet":{"background-color":"","background-image":"","background-repeat":"repeat","background-position":"center center","background-size":"auto","background-attachment":"scroll","background-type":"","background-media":"","overlay-type":"","overlay-color":"","overlay-opacity":"","overlay-gradient":""},"mobile":{"background-color":"","background-image":"","background-repeat":"repeat","background-position":"center center","background-size":"auto","background-attachment":"scroll","background-type":"","background-media":"","overlay-type":"","overlay-color":"","overlay-opacity":"","overlay-gradient":""}},"ast-content-background-meta":{"desktop":{"background-color":"var(--ast-global-color-5)","background-image":"","background-repeat":"repeat","background-position":"center center","background-size":"auto","background-attachment":"scroll","background-type":"","background-media":"","overlay-type":"","overlay-color":"","overlay-opacity":"","overlay-gradient":""},"tablet":{"background-color":"var(--ast-global-color-5)","background-image":"","background-repeat":"repeat","background-position":"center center","background-size":"auto","background-attachment":"scroll","background-type":"","background-media":"","overlay-type":"","overlay-color":"","overlay-opacity":"","overlay-gradient":""},"mobile":{"background-color":"var(--ast-global-color-5)","background-image":"","background-repeat":"repeat","background-position":"center center","background-size":"auto","background-attachment":"scroll","background-type":"","background-media":"","overlay-type":"","overlay-color":"","overlay-opacity":"","overlay-gradient":""}},"footnotes":""},"class_list":["post-11140","page","type-page","status-publish","hentry"],"acf":[],"yoast_head":"<!-- This site is optimized with the Yoast SEO plugin v27.4 - https:\/\/yoast.com\/product\/yoast-seo-wordpress\/ -->\n<title>Logistics - KACO - Der Experte f\u00fcr Dichtungssysteme<\/title>\n<meta name=\"description\" content=\"Logistics always ready to take the extra mile for you We put our logistics expertise to work for our customers From product development to manufacturing\" \/>\n<meta name=\"robots\" content=\"index, follow, max-snippet:-1, max-image-preview:large, max-video-preview:-1\" \/>\n<link rel=\"canonical\" href=\"https:\/\/kaco.de\/en\/logistics\/\" \/>\n<meta property=\"og:locale\" content=\"en_US\" \/>\n<meta property=\"og:type\" content=\"article\" \/>\n<meta property=\"og:title\" content=\"Logistics - KACO - Der Experte f\u00fcr Dichtungssysteme\" \/>\n<meta property=\"og:description\" content=\"Logistics always ready to take the extra mile for you We put our logistics expertise to work for our customers From product development to manufacturing\" \/>\n<meta property=\"og:url\" content=\"https:\/\/kaco.de\/en\/logistics\/\" \/>\n<meta property=\"og:site_name\" content=\"KACO - Der Experte f\u00fcr Dichtungssysteme\" \/>\n<meta property=\"article:modified_time\" content=\"2022-01-17T20:42:08+00:00\" \/>\n<meta property=\"og:image\" content=\"https:\/\/kaco.de\/wp-content\/uploads\/logistik-kaco@2x-1.jpg\" \/>\n<meta name=\"twitter:card\" content=\"summary_large_image\" \/>\n<meta name=\"twitter:label1\" content=\"Est. reading time\" \/>\n\t<meta name=\"twitter:data1\" content=\"2 minutes\" \/>\n<script type=\"application\/ld+json\" class=\"yoast-schema-graph\">{\"@context\":\"https:\\\/\\\/schema.org\",\"@graph\":[{\"@type\":\"WebPage\",\"@id\":\"https:\\\/\\\/kaco.de\\\/en\\\/logistics\\\/\",\"url\":\"https:\\\/\\\/kaco.de\\\/en\\\/logistics\\\/\",\"name\":\"Logistics - KACO - Der Experte f\u00fcr Dichtungssysteme\",\"isPartOf\":{\"@id\":\"https:\\\/\\\/kaco.de\\\/#website\"},\"primaryImageOfPage\":{\"@id\":\"https:\\\/\\\/kaco.de\\\/en\\\/logistics\\\/#primaryimage\"},\"image\":{\"@id\":\"https:\\\/\\\/kaco.de\\\/en\\\/logistics\\\/#primaryimage\"},\"thumbnailUrl\":\"https:\\\/\\\/kaco.de\\\/wp-content\\\/uploads\\\/logistik-kaco@2x-1.jpg\",\"datePublished\":\"2021-12-09T08:56:02+00:00\",\"dateModified\":\"2022-01-17T20:42:08+00:00\",\"description\":\"Logistics always ready to take the extra mile for you We put our logistics expertise to work for our customers From product development to manufacturing\",\"breadcrumb\":{\"@id\":\"https:\\\/\\\/kaco.de\\\/en\\\/logistics\\\/#breadcrumb\"},\"inLanguage\":\"en-US\",\"potentialAction\":[{\"@type\":\"ReadAction\",\"target\":[\"https:\\\/\\\/kaco.de\\\/en\\\/logistics\\\/\"]}]},{\"@type\":\"ImageObject\",\"inLanguage\":\"en-US\",\"@id\":\"https:\\\/\\\/kaco.de\\\/en\\\/logistics\\\/#primaryimage\",\"url\":\"https:\\\/\\\/kaco.de\\\/wp-content\\\/uploads\\\/logistik-kaco@2x-1.jpg\",\"contentUrl\":\"https:\\\/\\\/kaco.de\\\/wp-content\\\/uploads\\\/logistik-kaco@2x-1.jpg\"},{\"@type\":\"BreadcrumbList\",\"@id\":\"https:\\\/\\\/kaco.de\\\/en\\\/logistics\\\/#breadcrumb\",\"itemListElement\":[{\"@type\":\"ListItem\",\"position\":1,\"name\":\"Home\",\"item\":\"https:\\\/\\\/kaco.de\\\/en\\\/\"},{\"@type\":\"ListItem\",\"position\":2,\"name\":\"Logistics\"}]},{\"@type\":\"WebSite\",\"@id\":\"https:\\\/\\\/kaco.de\\\/#website\",\"url\":\"https:\\\/\\\/kaco.de\\\/\",\"name\":\"KACO - Der Experte f\u00fcr Dichtungssysteme\",\"description\":\"Seien Sie mit unseren hochpr\u00e4zisen und anwendungsorientierten Dichtungsl\u00f6sungen bestens f\u00fcr die Automobil- und Maschinenbauindustrie ger\u00fcstet.\",\"publisher\":{\"@id\":\"https:\\\/\\\/kaco.de\\\/#organization\"},\"potentialAction\":[{\"@type\":\"SearchAction\",\"target\":{\"@type\":\"EntryPoint\",\"urlTemplate\":\"https:\\\/\\\/kaco.de\\\/?s={search_term_string}\"},\"query-input\":{\"@type\":\"PropertyValueSpecification\",\"valueRequired\":true,\"valueName\":\"search_term_string\"}}],\"inLanguage\":\"en-US\"},{\"@type\":\"Organization\",\"@id\":\"https:\\\/\\\/kaco.de\\\/#organization\",\"name\":\"KACO - Der Experte f\u00fcr Dichtungssysteme\",\"url\":\"https:\\\/\\\/kaco.de\\\/\",\"logo\":{\"@type\":\"ImageObject\",\"inLanguage\":\"en-US\",\"@id\":\"https:\\\/\\\/kaco.de\\\/#\\\/schema\\\/logo\\\/image\\\/\",\"url\":\"https:\\\/\\\/kaco.de\\\/wp-content\\\/uploads\\\/cropped-logo1.png\",\"contentUrl\":\"https:\\\/\\\/kaco.de\\\/wp-content\\\/uploads\\\/cropped-logo1.png\",\"width\":851,\"height\":254,\"caption\":\"KACO - Der Experte f\u00fcr Dichtungssysteme\"},\"image\":{\"@id\":\"https:\\\/\\\/kaco.de\\\/#\\\/schema\\\/logo\\\/image\\\/\"}}]}<\/script>\n<!-- \/ Yoast SEO plugin. -->","yoast_head_json":{"title":"Logistics - KACO - Der Experte f\u00fcr Dichtungssysteme","description":"Logistics always ready to take the extra mile for you We put our logistics expertise to work for our customers From product development to manufacturing","robots":{"index":"index","follow":"follow","max-snippet":"max-snippet:-1","max-image-preview":"max-image-preview:large","max-video-preview":"max-video-preview:-1"},"canonical":"https:\/\/kaco.de\/en\/logistics\/","og_locale":"en_US","og_type":"article","og_title":"Logistics - KACO - Der Experte f\u00fcr Dichtungssysteme","og_description":"Logistics always ready to take the extra mile for you We put our logistics expertise to work for our customers From product development to manufacturing","og_url":"https:\/\/kaco.de\/en\/logistics\/","og_site_name":"KACO - Der Experte f\u00fcr Dichtungssysteme","article_modified_time":"2022-01-17T20:42:08+00:00","og_image":[{"url":"https:\/\/kaco.de\/wp-content\/uploads\/logistik-kaco@2x-1.jpg","type":"","width":"","height":""}],"twitter_card":"summary_large_image","twitter_misc":{"Est. reading time":"2 minutes"},"schema":{"@context":"https:\/\/schema.org","@graph":[{"@type":"WebPage","@id":"https:\/\/kaco.de\/en\/logistics\/","url":"https:\/\/kaco.de\/en\/logistics\/","name":"Logistics - KACO - Der Experte f\u00fcr Dichtungssysteme","isPartOf":{"@id":"https:\/\/kaco.de\/#website"},"primaryImageOfPage":{"@id":"https:\/\/kaco.de\/en\/logistics\/#primaryimage"},"image":{"@id":"https:\/\/kaco.de\/en\/logistics\/#primaryimage"},"thumbnailUrl":"https:\/\/kaco.de\/wp-content\/uploads\/logistik-kaco@2x-1.jpg","datePublished":"2021-12-09T08:56:02+00:00","dateModified":"2022-01-17T20:42:08+00:00","description":"Logistics always ready to take the extra mile for you We put our logistics expertise to work for our customers From product development to manufacturing","breadcrumb":{"@id":"https:\/\/kaco.de\/en\/logistics\/#breadcrumb"},"inLanguage":"en-US","potentialAction":[{"@type":"ReadAction","target":["https:\/\/kaco.de\/en\/logistics\/"]}]},{"@type":"ImageObject","inLanguage":"en-US","@id":"https:\/\/kaco.de\/en\/logistics\/#primaryimage","url":"https:\/\/kaco.de\/wp-content\/uploads\/logistik-kaco@2x-1.jpg","contentUrl":"https:\/\/kaco.de\/wp-content\/uploads\/logistik-kaco@2x-1.jpg"},{"@type":"BreadcrumbList","@id":"https:\/\/kaco.de\/en\/logistics\/#breadcrumb","itemListElement":[{"@type":"ListItem","position":1,"name":"Home","item":"https:\/\/kaco.de\/en\/"},{"@type":"ListItem","position":2,"name":"Logistics"}]},{"@type":"WebSite","@id":"https:\/\/kaco.de\/#website","url":"https:\/\/kaco.de\/","name":"KACO - Der Experte f\u00fcr Dichtungssysteme","description":"Seien Sie mit unseren hochpr\u00e4zisen und anwendungsorientierten Dichtungsl\u00f6sungen bestens f\u00fcr die Automobil- und Maschinenbauindustrie ger\u00fcstet.","publisher":{"@id":"https:\/\/kaco.de\/#organization"},"potentialAction":[{"@type":"SearchAction","target":{"@type":"EntryPoint","urlTemplate":"https:\/\/kaco.de\/?s={search_term_string}"},"query-input":{"@type":"PropertyValueSpecification","valueRequired":true,"valueName":"search_term_string"}}],"inLanguage":"en-US"},{"@type":"Organization","@id":"https:\/\/kaco.de\/#organization","name":"KACO - Der Experte f\u00fcr Dichtungssysteme","url":"https:\/\/kaco.de\/","logo":{"@type":"ImageObject","inLanguage":"en-US","@id":"https:\/\/kaco.de\/#\/schema\/logo\/image\/","url":"https:\/\/kaco.de\/wp-content\/uploads\/cropped-logo1.png","contentUrl":"https:\/\/kaco.de\/wp-content\/uploads\/cropped-logo1.png","width":851,"height":254,"caption":"KACO - Der Experte f\u00fcr Dichtungssysteme"},"image":{"@id":"https:\/\/kaco.de\/#\/schema\/logo\/image\/"}}]}},"_links":{"self":[{"href":"https:\/\/kaco.de\/en\/wp-json\/wp\/v2\/pages\/11140","targetHints":{"allow":["GET"]}}],"collection":[{"href":"https:\/\/kaco.de\/en\/wp-json\/wp\/v2\/pages"}],"about":[{"href":"https:\/\/kaco.de\/en\/wp-json\/wp\/v2\/types\/page"}],"author":[{"embeddable":true,"href":"https:\/\/kaco.de\/en\/wp-json\/wp\/v2\/users\/3"}],"replies":[{"embeddable":true,"href":"https:\/\/kaco.de\/en\/wp-json\/wp\/v2\/comments?post=11140"}],"version-history":[{"count":0,"href":"https:\/\/kaco.de\/en\/wp-json\/wp\/v2\/pages\/11140\/revisions"}],"wp:attachment":[{"href":"https:\/\/kaco.de\/en\/wp-json\/wp\/v2\/media?parent=11140"}],"curies":[{"name":"wp","href":"https:\/\/api.w.org\/{rel}","templated":true}]}}