{"id":11238,"date":"2021-12-09T11:27:24","date_gmt":"2021-12-09T10:27:24","guid":{"rendered":"https:\/\/kaco21.neckarfreunde.net\/?page_id=11238"},"modified":"2022-01-31T22:19:48","modified_gmt":"2022-01-31T21:19:48","slug":"cfd-know-how","status":"publish","type":"page","link":"https:\/\/kaco.de\/en\/research-development\/cfd-know-how\/","title":{"rendered":"CFD Know-how\u200b"},"content":{"rendered":"\t\t<div data-elementor-type=\"wp-page\" data-elementor-id=\"11238\" class=\"elementor elementor-11238 elementor-3229\" data-elementor-post-type=\"page\">\n\t\t\t\t\t\t<section class=\"elementor-section elementor-top-section elementor-element elementor-element-b3af39d elementor-section-full_width elementor-section-stretched elementor-section-height-default elementor-section-height-default\" data-id=\"b3af39d\" data-element_type=\"section\" data-settings=\"{&quot;stretch_section&quot;:&quot;section-stretched&quot;}\">\n\t\t\t\t\t\t<div class=\"elementor-container elementor-column-gap-default\">\n\t\t\t\t\t<div class=\"elementor-column elementor-col-100 elementor-top-column elementor-element elementor-element-136c51c\" data-id=\"136c51c\" data-element_type=\"column\">\n\t\t\t<div class=\"elementor-widget-wrap elementor-element-populated\">\n\t\t\t\t\t\t<div class=\"elementor-element elementor-element-5071377 elementor-widget elementor-widget-image\" data-id=\"5071377\" data-element_type=\"widget\" data-widget_type=\"image.default\">\n\t\t\t\t<div class=\"elementor-widget-container\">\n\t\t\t\t\t\t\t\t\t\t\t\t\t\t\t<img fetchpriority=\"high\" decoding=\"async\" width=\"3800\" height=\"1200\" src=\"https:\/\/kaco.de\/wp-content\/uploads\/kompetenzen-cfd-know-how-kaco@2x.jpeg\" class=\"attachment-full size-full wp-image-12007\" alt=\"Kompetenzen CFD Know How Kaco\" srcset=\"https:\/\/kaco.de\/wp-content\/uploads\/kompetenzen-cfd-know-how-kaco@2x.jpeg 3800w, https:\/\/kaco.de\/wp-content\/uploads\/kompetenzen-cfd-know-how-kaco@2x-300x95.jpeg 300w, https:\/\/kaco.de\/wp-content\/uploads\/kompetenzen-cfd-know-how-kaco@2x-1536x485.jpeg 1536w, https:\/\/kaco.de\/wp-content\/uploads\/kompetenzen-cfd-know-how-kaco@2x-2048x647.jpeg 2048w\" sizes=\"(max-width: 3800px) 100vw, 3800px\" \/>\t\t\t\t\t\t\t\t\t\t\t\t\t\t\t<\/div>\n\t\t\t\t<\/div>\n\t\t\t\t\t<\/div>\n\t\t<\/div>\n\t\t\t\t\t<\/div>\n\t\t<\/section>\n\t\t\t\t<section class=\"elementor-section elementor-top-section elementor-element elementor-element-24be0e4 elementor-section-stretched pageheader elementor-section-boxed elementor-section-height-default elementor-section-height-default\" data-id=\"24be0e4\" data-element_type=\"section\" data-settings=\"{&quot;background_background&quot;:&quot;classic&quot;,&quot;stretch_section&quot;:&quot;section-stretched&quot;}\">\n\t\t\t\t\t\t<div class=\"elementor-container elementor-column-gap-default\">\n\t\t\t\t\t<div class=\"elementor-column elementor-col-50 elementor-top-column elementor-element elementor-element-c2af79f pageheader-row-left\" data-id=\"c2af79f\" data-element_type=\"column\" data-settings=\"{&quot;background_background&quot;:&quot;classic&quot;}\">\n\t\t\t<div class=\"elementor-widget-wrap elementor-element-populated\">\n\t\t\t\t\t\t<div class=\"elementor-element elementor-element-79486ac elementor-widget elementor-widget-heading\" data-id=\"79486ac\" data-element_type=\"widget\" data-widget_type=\"heading.default\">\n\t\t\t\t<div class=\"elementor-widget-container\">\n\t\t\t\t\t<span class=\"elementor-heading-title elementor-size-default\">CFD-Know-how<\/span>\t\t\t\t<\/div>\n\t\t\t\t<\/div>\n\t\t\t\t<div class=\"elementor-element elementor-element-b6c9bf9 elementor-widget elementor-widget-heading\" data-id=\"b6c9bf9\" data-element_type=\"widget\" data-widget_type=\"heading.default\">\n\t\t\t\t<div class=\"elementor-widget-container\">\n\t\t\t\t\t<h1 class=\"elementor-heading-title elementor-size-default\">CFD - Computational <br>Fluid Dynamics<\/h1>\t\t\t\t<\/div>\n\t\t\t\t<\/div>\n\t\t\t\t\t<\/div>\n\t\t<\/div>\n\t\t\t\t<div class=\"elementor-column elementor-col-50 elementor-top-column elementor-element elementor-element-e04f79b\" data-id=\"e04f79b\" data-element_type=\"column\">\n\t\t\t<div class=\"elementor-widget-wrap\">\n\t\t\t\t\t\t\t<\/div>\n\t\t<\/div>\n\t\t\t\t\t<\/div>\n\t\t<\/section>\n\t\t\t\t<section class=\"elementor-section elementor-top-section elementor-element elementor-element-a88d30a elementor-section-content-top elementor-section-boxed elementor-section-height-default elementor-section-height-default\" data-id=\"a88d30a\" data-element_type=\"section\">\n\t\t\t\t\t\t<div class=\"elementor-container elementor-column-gap-default\">\n\t\t\t\t\t<div class=\"elementor-column elementor-col-66 elementor-top-column elementor-element elementor-element-c7730ae\" data-id=\"c7730ae\" data-element_type=\"column\">\n\t\t\t<div class=\"elementor-widget-wrap elementor-element-populated\">\n\t\t\t\t\t\t<div class=\"elementor-element elementor-element-be7e614 elementor-widget elementor-widget-text-editor\" data-id=\"be7e614\" data-element_type=\"widget\" data-widget_type=\"text-editor.default\">\n\t\t\t\t<div class=\"elementor-widget-container\">\n\t\t\t\t\t\t\t\t\t<p>Today, the most successful companies use all available digital resources to develop the best products and processes for their customers. State-of-the-art virtual methods for design, product development and process development are key factors in achieving the highest performance and thus standing out from the competition.<\/p><p>In many technical applications, knowledge of the flow processes in the system under consideration is a key decision-making factor for the correct design of the product. CFD simulation (Computational Fluid Dynamics) can be used to visualise flow processes in components or assemblies. A numerical flow simulation can be used to analyse flows in three-dimensional space, which allows different flow parameters to be determined:<\/p>\t\t\t\t\t\t\t\t<\/div>\n\t\t\t\t<\/div>\n\t\t\t\t<div class=\"elementor-element elementor-element-f4c9f7f elementor-widget elementor-widget-spacer\" data-id=\"f4c9f7f\" data-element_type=\"widget\" data-widget_type=\"spacer.default\">\n\t\t\t\t<div class=\"elementor-widget-container\">\n\t\t\t\t\t\t\t<div class=\"elementor-spacer\">\n\t\t\t<div class=\"elementor-spacer-inner\"><\/div>\n\t\t<\/div>\n\t\t\t\t\t\t<\/div>\n\t\t\t\t<\/div>\n\t\t\t\t<div class=\"elementor-element elementor-element-9783e08 elementor-widget elementor-widget-text-editor\" data-id=\"9783e08\" data-element_type=\"widget\" data-widget_type=\"text-editor.default\">\n\t\t\t\t<div class=\"elementor-widget-container\">\n\t\t\t\t\t\t\t\t\t<h4>Pressure distributions and pressure losses<\/h4><ul><li>Temperature distributions<\/li><li>Heat transfer through flow<\/li><li>Representation of the flow velocity<\/li><li>Representation of the flow pattern (Does the flow proceed as expected?)<\/li><li>Effect of pressures on mechanical components (fluid-structure interaction)<\/li><li>Representation of multiphase mixtures (e.g. water-oil)<\/li><\/ul>\t\t\t\t\t\t\t\t<\/div>\n\t\t\t\t<\/div>\n\t\t\t\t<div class=\"elementor-element elementor-element-7a5f7e4 elementor-widget elementor-widget-spacer\" data-id=\"7a5f7e4\" data-element_type=\"widget\" data-widget_type=\"spacer.default\">\n\t\t\t\t<div class=\"elementor-widget-container\">\n\t\t\t\t\t\t\t<div class=\"elementor-spacer\">\n\t\t\t<div class=\"elementor-spacer-inner\"><\/div>\n\t\t<\/div>\n\t\t\t\t\t\t<\/div>\n\t\t\t\t<\/div>\n\t\t\t\t<div class=\"elementor-element elementor-element-a1e2be8 elementor-widget elementor-widget-text-editor\" data-id=\"a1e2be8\" data-element_type=\"widget\" data-widget_type=\"text-editor.default\">\n\t\t\t\t<div class=\"elementor-widget-container\">\n\t\t\t\t\t\t\t\t\t<h4>The following physical effects can be modelled for this purpose:<\/h4><ul><li>Different flow conditions (laminar, turbulent)<\/li><li>Compressible and incompressible flows (gases, liquids)<\/li><li>Supersonic and subsonic flow<\/li><li>FSI simulation (fluid-structure interaction)<\/li><li>Heat effects and conjugated heat transfer (convection, radiation and conduction)<\/li><li>Multiphase flow (mixing of different phases and material flows)<\/li><li>Steady state and transient (time dependent)<\/li><li>Complex geometries and moving meshes<\/li><\/ul>\t\t\t\t\t\t\t\t<\/div>\n\t\t\t\t<\/div>\n\t\t\t\t\t<\/div>\n\t\t<\/div>\n\t\t\t\t<div class=\"elementor-column elementor-col-33 elementor-top-column elementor-element elementor-element-add0df7\" data-id=\"add0df7\" data-element_type=\"column\">\n\t\t\t<div class=\"elementor-widget-wrap elementor-element-populated\">\n\t\t\t\t\t\t<div class=\"elementor-element elementor-element-0683fdb elementor-widget elementor-widget-image\" data-id=\"0683fdb\" data-element_type=\"widget\" data-widget_type=\"image.default\">\n\t\t\t\t<div class=\"elementor-widget-container\">\n\t\t\t\t\t\t\t\t\t\t\t\t\t\t\t<img decoding=\"async\" width=\"1400\" height=\"933\" src=\"https:\/\/kaco.de\/wp-content\/uploads\/kompetenzen-cfd-know-how-kaco-3@2x-1536x1024.jpeg\" class=\"attachment-large size-large wp-image-12003\" alt=\"Kompetenzen CFD Know How Kaco\" srcset=\"https:\/\/kaco.de\/wp-content\/uploads\/kompetenzen-cfd-know-how-kaco-3@2x-1536x1024.jpeg 1536w, https:\/\/kaco.de\/wp-content\/uploads\/kompetenzen-cfd-know-how-kaco-3@2x-300x200.jpeg 300w, https:\/\/kaco.de\/wp-content\/uploads\/kompetenzen-cfd-know-how-kaco-3@2x.jpeg 1600w\" sizes=\"(max-width: 1400px) 100vw, 1400px\" \/>\t\t\t\t\t\t\t\t\t\t\t\t\t\t\t<\/div>\n\t\t\t\t<\/div>\n\t\t\t\t<div class=\"elementor-element elementor-element-9a32fa5 elementor-widget elementor-widget-image\" data-id=\"9a32fa5\" data-element_type=\"widget\" data-widget_type=\"image.default\">\n\t\t\t\t<div class=\"elementor-widget-container\">\n\t\t\t\t\t\t\t\t\t\t\t\t\t\t\t<img decoding=\"async\" width=\"3800\" height=\"1200\" src=\"https:\/\/kaco.de\/wp-content\/uploads\/kompetenzen-cfd-know-how-kaco-2@2x.jpeg\" class=\"attachment-full size-full wp-image-11999\" alt=\"Kompetenzen CFD Know How Kaco\" srcset=\"https:\/\/kaco.de\/wp-content\/uploads\/kompetenzen-cfd-know-how-kaco-2@2x.jpeg 3800w, https:\/\/kaco.de\/wp-content\/uploads\/kompetenzen-cfd-know-how-kaco-2@2x-300x95.jpeg 300w, https:\/\/kaco.de\/wp-content\/uploads\/kompetenzen-cfd-know-how-kaco-2@2x-1536x485.jpeg 1536w, https:\/\/kaco.de\/wp-content\/uploads\/kompetenzen-cfd-know-how-kaco-2@2x-2048x647.jpeg 2048w\" sizes=\"(max-width: 3800px) 100vw, 3800px\" \/>\t\t\t\t\t\t\t\t\t\t\t\t\t\t\t<\/div>\n\t\t\t\t<\/div>\n\t\t\t\t\t<\/div>\n\t\t<\/div>\n\t\t\t\t\t<\/div>\n\t\t<\/section>\n\t\t\t\t<section class=\"elementor-section elementor-top-section elementor-element elementor-element-b3a3bae elementor-section-content-bottom elementor-section-boxed elementor-section-height-default elementor-section-height-default\" data-id=\"b3a3bae\" data-element_type=\"section\" data-settings=\"{&quot;background_background&quot;:&quot;classic&quot;}\">\n\t\t\t\t\t\t<div class=\"elementor-container elementor-column-gap-default\">\n\t\t\t\t\t<div class=\"elementor-column elementor-col-100 elementor-top-column elementor-element elementor-element-ab739a9\" data-id=\"ab739a9\" data-element_type=\"column\">\n\t\t\t<div class=\"elementor-widget-wrap elementor-element-populated\">\n\t\t\t\t\t\t<div class=\"elementor-element elementor-element-7c6dee7 elementor-widget elementor-widget-spacer\" data-id=\"7c6dee7\" data-element_type=\"widget\" data-widget_type=\"spacer.default\">\n\t\t\t\t<div class=\"elementor-widget-container\">\n\t\t\t\t\t\t\t<div class=\"elementor-spacer\">\n\t\t\t<div class=\"elementor-spacer-inner\"><\/div>\n\t\t<\/div>\n\t\t\t\t\t\t<\/div>\n\t\t\t\t<\/div>\n\t\t\t\t<div class=\"elementor-element elementor-element-85529f4 elementor-widget elementor-widget-video\" data-id=\"85529f4\" data-element_type=\"widget\" data-settings=\"{&quot;video_type&quot;:&quot;hosted&quot;,&quot;controls&quot;:&quot;yes&quot;}\" data-widget_type=\"video.default\">\n\t\t\t\t<div class=\"elementor-widget-container\">\n\t\t\t\t\t\t\t<div class=\"e-hosted-video elementor-wrapper elementor-open-inline\">\n\t\t\t\t\t<video class=\"elementor-video\" src=\"https:\/\/kaco.de\/wp-content\/uploads\/kaco-cdf-know-how-video.mp4\" controls=\"\" preload=\"metadata\" controlsList=\"nodownload\"><\/video>\n\t\t\t\t<\/div>\n\t\t\t\t\t\t<\/div>\n\t\t\t\t<\/div>\n\t\t\t\t\t<\/div>\n\t\t<\/div>\n\t\t\t\t\t<\/div>\n\t\t<\/section>\n\t\t\t\t<\/div>\n\t\t","protected":false},"excerpt":{"rendered":"<p>CFD-Know-how CFD &#8211; Computational Fluid Dynamics Today, the most successful companies use all available digital resources to develop the best products and processes for their customers. State-of-the-art virtual methods for design, product development and process development are key factors in achieving the highest performance and thus standing out from the competition. In many technical applications, [&hellip;]<\/p>\n","protected":false},"author":3,"featured_media":0,"parent":11133,"menu_order":0,"comment_status":"closed","ping_status":"closed","template":"","meta":{"_acf_changed":false,"site-sidebar-layout":"no-sidebar","site-content-layout":"page-builder","ast-site-content-layout":"default","site-content-style":"default","site-sidebar-style":"default","ast-global-header-display":"","ast-banner-title-visibility":"","ast-main-header-display":"","ast-hfb-above-header-display":"","ast-hfb-below-header-display":"","ast-hfb-mobile-header-display":"","site-post-title":"disabled","ast-breadcrumbs-content":"","ast-featured-img":"disabled","footer-sml-layout":"","ast-disable-related-posts":"","theme-transparent-header-meta":"","adv-header-id-meta":"","stick-header-meta":"","header-above-stick-meta":"","header-main-stick-meta":"","header-below-stick-meta":"","astra-migrate-meta-layouts":"default","ast-page-background-enabled":"default","ast-page-background-meta":{"desktop":{"background-color":"var(--ast-global-color-4)","background-image":"","background-repeat":"repeat","background-position":"center center","background-size":"auto","background-attachment":"scroll","background-type":"","background-media":"","overlay-type":"","overlay-color":"","overlay-opacity":"","overlay-gradient":""},"tablet":{"background-color":"","background-image":"","background-repeat":"repeat","background-position":"center center","background-size":"auto","background-attachment":"scroll","background-type":"","background-media":"","overlay-type":"","overlay-color":"","overlay-opacity":"","overlay-gradient":""},"mobile":{"background-color":"","background-image":"","background-repeat":"repeat","background-position":"center center","background-size":"auto","background-attachment":"scroll","background-type":"","background-media":"","overlay-type":"","overlay-color":"","overlay-opacity":"","overlay-gradient":""}},"ast-content-background-meta":{"desktop":{"background-color":"var(--ast-global-color-5)","background-image":"","background-repeat":"repeat","background-position":"center center","background-size":"auto","background-attachment":"scroll","background-type":"","background-media":"","overlay-type":"","overlay-color":"","overlay-opacity":"","overlay-gradient":""},"tablet":{"background-color":"var(--ast-global-color-5)","background-image":"","background-repeat":"repeat","background-position":"center center","background-size":"auto","background-attachment":"scroll","background-type":"","background-media":"","overlay-type":"","overlay-color":"","overlay-opacity":"","overlay-gradient":""},"mobile":{"background-color":"var(--ast-global-color-5)","background-image":"","background-repeat":"repeat","background-position":"center center","background-size":"auto","background-attachment":"scroll","background-type":"","background-media":"","overlay-type":"","overlay-color":"","overlay-opacity":"","overlay-gradient":""}},"footnotes":""},"class_list":["post-11238","page","type-page","status-publish","hentry"],"acf":[],"yoast_head":"<!-- This site is optimized with the Yoast SEO plugin v27.3 - https:\/\/yoast.com\/product\/yoast-seo-wordpress\/ -->\n<title>CFD Know-how\u200b - KACO - Der Experte f\u00fcr Dichtungssysteme<\/title>\n<meta name=\"description\" content=\"CFD-Know-how CFD - Computational Fluid Dynamics Today, the most successful companies use all available digital resources to develop the best products and\" \/>\n<meta name=\"robots\" content=\"index, follow, max-snippet:-1, max-image-preview:large, max-video-preview:-1\" \/>\n<link rel=\"canonical\" href=\"https:\/\/kaco.de\/en\/research-development\/cfd-know-how\/\" \/>\n<meta property=\"og:locale\" content=\"en_US\" \/>\n<meta property=\"og:type\" content=\"article\" \/>\n<meta property=\"og:title\" content=\"CFD Know-how\u200b - KACO - Der Experte f\u00fcr Dichtungssysteme\" \/>\n<meta property=\"og:description\" content=\"CFD-Know-how CFD - Computational Fluid Dynamics Today, the most successful companies use all available digital resources to develop the best products and\" \/>\n<meta property=\"og:url\" content=\"https:\/\/kaco.de\/en\/research-development\/cfd-know-how\/\" \/>\n<meta property=\"og:site_name\" content=\"KACO - Der Experte f\u00fcr Dichtungssysteme\" \/>\n<meta property=\"article:modified_time\" content=\"2022-01-31T21:19:48+00:00\" \/>\n<meta property=\"og:image\" content=\"https:\/\/kaco.de\/wp-content\/uploads\/kompetenzen-cfd-know-how-kaco@2x.jpeg\" \/>\n<meta name=\"twitter:card\" content=\"summary_large_image\" \/>\n<meta name=\"twitter:label1\" content=\"Est. reading time\" \/>\n\t<meta name=\"twitter:data1\" content=\"2 minutes\" \/>\n<script type=\"application\/ld+json\" class=\"yoast-schema-graph\">{\"@context\":\"https:\\\/\\\/schema.org\",\"@graph\":[{\"@type\":\"WebPage\",\"@id\":\"https:\\\/\\\/kaco.de\\\/en\\\/research-development\\\/cfd-know-how\\\/\",\"url\":\"https:\\\/\\\/kaco.de\\\/en\\\/research-development\\\/cfd-know-how\\\/\",\"name\":\"CFD Know-how\u200b - KACO - Der Experte f\u00fcr Dichtungssysteme\",\"isPartOf\":{\"@id\":\"https:\\\/\\\/kaco.de\\\/#website\"},\"primaryImageOfPage\":{\"@id\":\"https:\\\/\\\/kaco.de\\\/en\\\/research-development\\\/cfd-know-how\\\/#primaryimage\"},\"image\":{\"@id\":\"https:\\\/\\\/kaco.de\\\/en\\\/research-development\\\/cfd-know-how\\\/#primaryimage\"},\"thumbnailUrl\":\"https:\\\/\\\/kaco.de\\\/wp-content\\\/uploads\\\/kompetenzen-cfd-know-how-kaco@2x.jpeg\",\"datePublished\":\"2021-12-09T10:27:24+00:00\",\"dateModified\":\"2022-01-31T21:19:48+00:00\",\"description\":\"CFD-Know-how CFD - Computational Fluid Dynamics Today, the most successful companies use all available digital resources to develop the best products and\",\"breadcrumb\":{\"@id\":\"https:\\\/\\\/kaco.de\\\/en\\\/research-development\\\/cfd-know-how\\\/#breadcrumb\"},\"inLanguage\":\"en-US\",\"potentialAction\":[{\"@type\":\"ReadAction\",\"target\":[\"https:\\\/\\\/kaco.de\\\/en\\\/research-development\\\/cfd-know-how\\\/\"]}]},{\"@type\":\"ImageObject\",\"inLanguage\":\"en-US\",\"@id\":\"https:\\\/\\\/kaco.de\\\/en\\\/research-development\\\/cfd-know-how\\\/#primaryimage\",\"url\":\"https:\\\/\\\/kaco.de\\\/wp-content\\\/uploads\\\/kompetenzen-cfd-know-how-kaco@2x.jpeg\",\"contentUrl\":\"https:\\\/\\\/kaco.de\\\/wp-content\\\/uploads\\\/kompetenzen-cfd-know-how-kaco@2x.jpeg\"},{\"@type\":\"BreadcrumbList\",\"@id\":\"https:\\\/\\\/kaco.de\\\/en\\\/research-development\\\/cfd-know-how\\\/#breadcrumb\",\"itemListElement\":[{\"@type\":\"ListItem\",\"position\":1,\"name\":\"Home\",\"item\":\"https:\\\/\\\/kaco.de\\\/en\\\/\"},{\"@type\":\"ListItem\",\"position\":2,\"name\":\"Research &#038; Development\",\"item\":\"https:\\\/\\\/kaco.de\\\/en\\\/research-development\\\/\"},{\"@type\":\"ListItem\",\"position\":3,\"name\":\"CFD Know-how\u200b\"}]},{\"@type\":\"WebSite\",\"@id\":\"https:\\\/\\\/kaco.de\\\/#website\",\"url\":\"https:\\\/\\\/kaco.de\\\/\",\"name\":\"KACO - Der Experte f\u00fcr Dichtungssysteme\",\"description\":\"Seien Sie mit unseren hochpr\u00e4zisen und anwendungsorientierten Dichtungsl\u00f6sungen bestens f\u00fcr die Automobil- und Maschinenbauindustrie ger\u00fcstet.\",\"publisher\":{\"@id\":\"https:\\\/\\\/kaco.de\\\/#organization\"},\"potentialAction\":[{\"@type\":\"SearchAction\",\"target\":{\"@type\":\"EntryPoint\",\"urlTemplate\":\"https:\\\/\\\/kaco.de\\\/?s={search_term_string}\"},\"query-input\":{\"@type\":\"PropertyValueSpecification\",\"valueRequired\":true,\"valueName\":\"search_term_string\"}}],\"inLanguage\":\"en-US\"},{\"@type\":\"Organization\",\"@id\":\"https:\\\/\\\/kaco.de\\\/#organization\",\"name\":\"KACO - Der Experte f\u00fcr Dichtungssysteme\",\"url\":\"https:\\\/\\\/kaco.de\\\/\",\"logo\":{\"@type\":\"ImageObject\",\"inLanguage\":\"en-US\",\"@id\":\"https:\\\/\\\/kaco.de\\\/#\\\/schema\\\/logo\\\/image\\\/\",\"url\":\"https:\\\/\\\/kaco.de\\\/wp-content\\\/uploads\\\/cropped-logo1.png\",\"contentUrl\":\"https:\\\/\\\/kaco.de\\\/wp-content\\\/uploads\\\/cropped-logo1.png\",\"width\":851,\"height\":254,\"caption\":\"KACO - Der Experte f\u00fcr Dichtungssysteme\"},\"image\":{\"@id\":\"https:\\\/\\\/kaco.de\\\/#\\\/schema\\\/logo\\\/image\\\/\"}}]}<\/script>\n<!-- \/ Yoast SEO plugin. -->","yoast_head_json":{"title":"CFD Know-how\u200b - KACO - Der Experte f\u00fcr Dichtungssysteme","description":"CFD-Know-how CFD - Computational Fluid Dynamics Today, the most successful companies use all available digital resources to develop the best products and","robots":{"index":"index","follow":"follow","max-snippet":"max-snippet:-1","max-image-preview":"max-image-preview:large","max-video-preview":"max-video-preview:-1"},"canonical":"https:\/\/kaco.de\/en\/research-development\/cfd-know-how\/","og_locale":"en_US","og_type":"article","og_title":"CFD Know-how\u200b - KACO - Der Experte f\u00fcr Dichtungssysteme","og_description":"CFD-Know-how CFD - Computational Fluid Dynamics Today, the most successful companies use all available digital resources to develop the best products and","og_url":"https:\/\/kaco.de\/en\/research-development\/cfd-know-how\/","og_site_name":"KACO - Der Experte f\u00fcr Dichtungssysteme","article_modified_time":"2022-01-31T21:19:48+00:00","og_image":[{"url":"https:\/\/kaco.de\/wp-content\/uploads\/kompetenzen-cfd-know-how-kaco@2x.jpeg","type":"","width":"","height":""}],"twitter_card":"summary_large_image","twitter_misc":{"Est. reading time":"2 minutes"},"schema":{"@context":"https:\/\/schema.org","@graph":[{"@type":"WebPage","@id":"https:\/\/kaco.de\/en\/research-development\/cfd-know-how\/","url":"https:\/\/kaco.de\/en\/research-development\/cfd-know-how\/","name":"CFD Know-how\u200b - KACO - Der Experte f\u00fcr Dichtungssysteme","isPartOf":{"@id":"https:\/\/kaco.de\/#website"},"primaryImageOfPage":{"@id":"https:\/\/kaco.de\/en\/research-development\/cfd-know-how\/#primaryimage"},"image":{"@id":"https:\/\/kaco.de\/en\/research-development\/cfd-know-how\/#primaryimage"},"thumbnailUrl":"https:\/\/kaco.de\/wp-content\/uploads\/kompetenzen-cfd-know-how-kaco@2x.jpeg","datePublished":"2021-12-09T10:27:24+00:00","dateModified":"2022-01-31T21:19:48+00:00","description":"CFD-Know-how CFD - Computational Fluid Dynamics Today, the most successful companies use all available digital resources to develop the best products and","breadcrumb":{"@id":"https:\/\/kaco.de\/en\/research-development\/cfd-know-how\/#breadcrumb"},"inLanguage":"en-US","potentialAction":[{"@type":"ReadAction","target":["https:\/\/kaco.de\/en\/research-development\/cfd-know-how\/"]}]},{"@type":"ImageObject","inLanguage":"en-US","@id":"https:\/\/kaco.de\/en\/research-development\/cfd-know-how\/#primaryimage","url":"https:\/\/kaco.de\/wp-content\/uploads\/kompetenzen-cfd-know-how-kaco@2x.jpeg","contentUrl":"https:\/\/kaco.de\/wp-content\/uploads\/kompetenzen-cfd-know-how-kaco@2x.jpeg"},{"@type":"BreadcrumbList","@id":"https:\/\/kaco.de\/en\/research-development\/cfd-know-how\/#breadcrumb","itemListElement":[{"@type":"ListItem","position":1,"name":"Home","item":"https:\/\/kaco.de\/en\/"},{"@type":"ListItem","position":2,"name":"Research &#038; Development","item":"https:\/\/kaco.de\/en\/research-development\/"},{"@type":"ListItem","position":3,"name":"CFD Know-how\u200b"}]},{"@type":"WebSite","@id":"https:\/\/kaco.de\/#website","url":"https:\/\/kaco.de\/","name":"KACO - Der Experte f\u00fcr Dichtungssysteme","description":"Seien Sie mit unseren hochpr\u00e4zisen und anwendungsorientierten Dichtungsl\u00f6sungen bestens f\u00fcr die Automobil- und Maschinenbauindustrie ger\u00fcstet.","publisher":{"@id":"https:\/\/kaco.de\/#organization"},"potentialAction":[{"@type":"SearchAction","target":{"@type":"EntryPoint","urlTemplate":"https:\/\/kaco.de\/?s={search_term_string}"},"query-input":{"@type":"PropertyValueSpecification","valueRequired":true,"valueName":"search_term_string"}}],"inLanguage":"en-US"},{"@type":"Organization","@id":"https:\/\/kaco.de\/#organization","name":"KACO - Der Experte f\u00fcr Dichtungssysteme","url":"https:\/\/kaco.de\/","logo":{"@type":"ImageObject","inLanguage":"en-US","@id":"https:\/\/kaco.de\/#\/schema\/logo\/image\/","url":"https:\/\/kaco.de\/wp-content\/uploads\/cropped-logo1.png","contentUrl":"https:\/\/kaco.de\/wp-content\/uploads\/cropped-logo1.png","width":851,"height":254,"caption":"KACO - Der Experte f\u00fcr Dichtungssysteme"},"image":{"@id":"https:\/\/kaco.de\/#\/schema\/logo\/image\/"}}]}},"_links":{"self":[{"href":"https:\/\/kaco.de\/en\/wp-json\/wp\/v2\/pages\/11238","targetHints":{"allow":["GET"]}}],"collection":[{"href":"https:\/\/kaco.de\/en\/wp-json\/wp\/v2\/pages"}],"about":[{"href":"https:\/\/kaco.de\/en\/wp-json\/wp\/v2\/types\/page"}],"author":[{"embeddable":true,"href":"https:\/\/kaco.de\/en\/wp-json\/wp\/v2\/users\/3"}],"replies":[{"embeddable":true,"href":"https:\/\/kaco.de\/en\/wp-json\/wp\/v2\/comments?post=11238"}],"version-history":[{"count":0,"href":"https:\/\/kaco.de\/en\/wp-json\/wp\/v2\/pages\/11238\/revisions"}],"up":[{"embeddable":true,"href":"https:\/\/kaco.de\/en\/wp-json\/wp\/v2\/pages\/11133"}],"wp:attachment":[{"href":"https:\/\/kaco.de\/en\/wp-json\/wp\/v2\/media?parent=11238"}],"curies":[{"name":"wp","href":"https:\/\/api.w.org\/{rel}","templated":true}]}}