{"id":11243,"date":"2021-12-09T11:30:38","date_gmt":"2021-12-09T10:30:38","guid":{"rendered":"https:\/\/kaco21.neckarfreunde.net\/?page_id=11243"},"modified":"2022-03-12T13:34:19","modified_gmt":"2022-03-12T12:34:19","slug":"prototyping","status":"publish","type":"page","link":"https:\/\/kaco.de\/en\/research-development\/prototyping\/","title":{"rendered":"Prototyping"},"content":{"rendered":"\t\t<div data-elementor-type=\"wp-page\" data-elementor-id=\"11243\" class=\"elementor elementor-11243 elementor-3239\" data-elementor-post-type=\"page\">\n\t\t\t\t\t\t<section class=\"elementor-section elementor-top-section elementor-element elementor-element-22c399b elementor-section-full_width elementor-section-stretched elementor-section-height-default elementor-section-height-default\" data-id=\"22c399b\" data-element_type=\"section\" data-settings=\"{&quot;stretch_section&quot;:&quot;section-stretched&quot;}\">\n\t\t\t\t\t\t<div class=\"elementor-container elementor-column-gap-default\">\n\t\t\t\t\t<div class=\"elementor-column elementor-col-100 elementor-top-column elementor-element elementor-element-98ed949\" data-id=\"98ed949\" data-element_type=\"column\">\n\t\t\t<div class=\"elementor-widget-wrap elementor-element-populated\">\n\t\t\t\t\t\t<div class=\"elementor-element elementor-element-724525b elementor-widget elementor-widget-image\" data-id=\"724525b\" data-element_type=\"widget\" data-widget_type=\"image.default\">\n\t\t\t\t<div class=\"elementor-widget-container\">\n\t\t\t\t\t\t\t\t\t\t\t\t\t\t\t<img fetchpriority=\"high\" decoding=\"async\" width=\"1400\" height=\"442\" src=\"https:\/\/kaco.de\/wp-content\/uploads\/kompetenzen-prototypenbau-kaco-01@2x-3024x955-1.jpg\" class=\"attachment-large size-large wp-image-10118\" alt=\"\" srcset=\"https:\/\/kaco.de\/wp-content\/uploads\/kompetenzen-prototypenbau-kaco-01@2x-3024x955-1.jpg 3024w, https:\/\/kaco.de\/wp-content\/uploads\/kompetenzen-prototypenbau-kaco-01@2x-3024x955-1-300x95.jpg 300w, https:\/\/kaco.de\/wp-content\/uploads\/kompetenzen-prototypenbau-kaco-01@2x-3024x955-1-1536x485.jpg 1536w, https:\/\/kaco.de\/wp-content\/uploads\/kompetenzen-prototypenbau-kaco-01@2x-3024x955-1-2048x647.jpg 2048w\" sizes=\"(max-width: 1400px) 100vw, 1400px\" \/>\t\t\t\t\t\t\t\t\t\t\t\t\t\t\t<\/div>\n\t\t\t\t<\/div>\n\t\t\t\t\t<\/div>\n\t\t<\/div>\n\t\t\t\t\t<\/div>\n\t\t<\/section>\n\t\t\t\t<section class=\"elementor-section elementor-top-section elementor-element elementor-element-6de20ef elementor-section-content-bottom elementor-section-stretched pageheader elementor-section-boxed elementor-section-height-default elementor-section-height-default\" data-id=\"6de20ef\" data-element_type=\"section\" data-settings=\"{&quot;background_background&quot;:&quot;classic&quot;,&quot;stretch_section&quot;:&quot;section-stretched&quot;}\">\n\t\t\t\t\t\t<div class=\"elementor-container elementor-column-gap-default\">\n\t\t\t\t\t<div class=\"elementor-column elementor-col-50 elementor-top-column elementor-element elementor-element-dea4128 pageheader-row-left\" data-id=\"dea4128\" data-element_type=\"column\" data-settings=\"{&quot;background_background&quot;:&quot;classic&quot;}\">\n\t\t\t<div class=\"elementor-widget-wrap elementor-element-populated\">\n\t\t\t\t\t\t<div class=\"elementor-element elementor-element-eff6115 elementor-widget elementor-widget-heading\" data-id=\"eff6115\" data-element_type=\"widget\" data-widget_type=\"heading.default\">\n\t\t\t\t<div class=\"elementor-widget-container\">\n\t\t\t\t\t<span class=\"elementor-heading-title elementor-size-default\">Prototyping<\/span>\t\t\t\t<\/div>\n\t\t\t\t<\/div>\n\t\t\t\t<div class=\"elementor-element elementor-element-d429f99 elementor-widget elementor-widget-heading\" data-id=\"d429f99\" data-element_type=\"widget\" data-widget_type=\"heading.default\">\n\t\t\t\t<div class=\"elementor-widget-container\">\n\t\t\t\t\t<h1 class=\"elementor-heading-title elementor-size-default\">Made in a short time<\/h1>\t\t\t\t<\/div>\n\t\t\t\t<\/div>\n\t\t\t\t\t<\/div>\n\t\t<\/div>\n\t\t\t\t<div class=\"elementor-column elementor-col-50 elementor-top-column elementor-element elementor-element-0ec5a06\" data-id=\"0ec5a06\" data-element_type=\"column\">\n\t\t\t<div class=\"elementor-widget-wrap\">\n\t\t\t\t\t\t\t<\/div>\n\t\t<\/div>\n\t\t\t\t\t<\/div>\n\t\t<\/section>\n\t\t\t\t<section class=\"elementor-section elementor-top-section elementor-element elementor-element-2c2384c elementor-section-boxed elementor-section-height-default elementor-section-height-default\" data-id=\"2c2384c\" data-element_type=\"section\">\n\t\t\t\t\t\t<div class=\"elementor-container elementor-column-gap-default\">\n\t\t\t\t\t<div class=\"elementor-column elementor-col-50 elementor-top-column elementor-element elementor-element-ca4b757\" data-id=\"ca4b757\" data-element_type=\"column\">\n\t\t\t<div class=\"elementor-widget-wrap elementor-element-populated\">\n\t\t\t\t\t\t<div class=\"elementor-element elementor-element-7b675d5 elementor-widget elementor-widget-text-editor\" data-id=\"7b675d5\" data-element_type=\"widget\" data-widget_type=\"text-editor.default\">\n\t\t\t\t<div class=\"elementor-widget-container\">\n\t\t\t\t\t\t\t\t\t<p>Prototype construction at KACO benefits from its special methods and principles, which have evolved from our many years of experience and have proven their worth. We started with injection moulding prototype production in 1986 and have constantly developed further since then.<\/p><p>This includes, among other things, the fact that the prototype moulds and tools are already set up in the prototype phase to be exactly identical in design to the series moulds. In this way, weak points can already be identified during the prototype phase and eliminated for a possible later series.<\/p><p>All processes and process steps are carried out analogously to the series processes. This means that deviations from the eventual series part are almost impossible.<\/p><p>We also benefit from the high level of training and know-how of our employees in metal forming when manufacturing the metal parts, which are also part of the prototype shop.<\/p><p>2K parts rubber\/rubber as well as rubber\/plastic are possible up to a part diameter of 300mm. Non vulcanised parts such as shaft earthing rings and rotor internal cooling seals can also be produced in prototype construction according to customer specifications. We also offer rework-free, sprue-free part production.<\/p><p>The entire prototype construction process and the corresponding evaluations are of course accompanied by KACO employees who, as specialists, make their extensive know-how available. Prototype construction at KACO benefits from its special methods and principles, which have arisen from our many years of experience and have proved their worth. In 1986, we started with injection moulding prototype production and since then we have constantly developed further.<\/p><p>This includes, among other things, the fact that the prototype moulds and tools are already set up in the prototype phase to be exactly identical in design to the series moulds. In this way, weak points can already be identified during the prototype phase and eliminated for a possible later series.<\/p><p>All processes and process steps are carried out analogously to the series processes. This means that deviations from the eventual series part are almost impossible.<\/p><p>We also benefit from the high level of training and know-how of our employees in metal forming when manufacturing the metal parts, which are also part of the prototype shop.<\/p><p>2K parts rubber\/rubber as well as rubber\/plastic are possible up to a part diameter of 300mm. Non vulcanised parts such as shaft earthing rings and rotor internal cooling seals can also be produced in prototype construction according to customer specifications. We also offer rework-free, sprue-free part production.<\/p><p>The entire prototype construction process and the corresponding evaluations are of course accompanied by KACO employees who, as specialists, make their extensive know-how available.<\/p>\t\t\t\t\t\t\t\t<\/div>\n\t\t\t\t<\/div>\n\t\t\t\t<div class=\"elementor-element elementor-element-0bb08e0 elementor-widget elementor-widget-spacer\" data-id=\"0bb08e0\" data-element_type=\"widget\" data-widget_type=\"spacer.default\">\n\t\t\t\t<div class=\"elementor-widget-container\">\n\t\t\t\t\t\t\t<div class=\"elementor-spacer\">\n\t\t\t<div class=\"elementor-spacer-inner\"><\/div>\n\t\t<\/div>\n\t\t\t\t\t\t<\/div>\n\t\t\t\t<\/div>\n\t\t\t\t<div class=\"elementor-element elementor-element-da8d8c3 elementor-widget elementor-widget-heading\" data-id=\"da8d8c3\" data-element_type=\"widget\" data-widget_type=\"heading.default\">\n\t\t\t\t<div class=\"elementor-widget-container\">\n\t\t\t\t\t<h3 class=\"elementor-heading-title elementor-size-default\">Available worldwide<\/h3>\t\t\t\t<\/div>\n\t\t\t\t<\/div>\n\t\t\t\t<div class=\"elementor-element elementor-element-715d145 elementor-widget elementor-widget-text-editor\" data-id=\"715d145\" data-element_type=\"widget\" data-widget_type=\"text-editor.default\">\n\t\t\t\t<div class=\"elementor-widget-container\">\n\t\t\t\t\t\t\t\t\t<p>As a subsidiary of the ZhongDing Group, KACO benefits from an extensive prototype shop in China. This shop has the same technical equipment, the same processes and tooling technology as at the headquarters in Kirchardt. This means that short realisation times can be offered for ready-to-install prototypes, which correspond to the performance level of series parts.<\/p>\t\t\t\t\t\t\t\t<\/div>\n\t\t\t\t<\/div>\n\t\t\t\t\t<\/div>\n\t\t<\/div>\n\t\t\t\t<div class=\"elementor-column elementor-col-50 elementor-top-column elementor-element elementor-element-c9aea09\" data-id=\"c9aea09\" data-element_type=\"column\">\n\t\t\t<div class=\"elementor-widget-wrap elementor-element-populated\">\n\t\t\t\t\t\t<div class=\"elementor-element elementor-element-4a4d4b4 elementor-widget elementor-widget-image\" data-id=\"4a4d4b4\" data-element_type=\"widget\" data-widget_type=\"image.default\">\n\t\t\t\t<div class=\"elementor-widget-container\">\n\t\t\t\t\t\t\t\t\t\t\t\t\t\t\t<img decoding=\"async\" width=\"800\" height=\"534\" src=\"https:\/\/kaco.de\/wp-content\/uploads\/kompetenzen-prototypenbau-herstellung-kaco@2x.jpg\" class=\"attachment-large size-large wp-image-7385\" alt=\"Kompetenzen Prototypenbau Kaco\" \/>\t\t\t\t\t\t\t\t\t\t\t\t\t\t\t<\/div>\n\t\t\t\t<\/div>\n\t\t\t\t\t<\/div>\n\t\t<\/div>\n\t\t\t\t\t<\/div>\n\t\t<\/section>\n\t\t\t\t<\/div>\n\t\t","protected":false},"excerpt":{"rendered":"<p>Prototyping Made in a short time Prototype construction at KACO benefits from its special methods and principles, which have evolved from our many years of experience and have proven their worth. We started with injection moulding prototype production in 1986 and have constantly developed further since then. This includes, among other things, the fact that [&hellip;]<\/p>\n","protected":false},"author":3,"featured_media":0,"parent":11133,"menu_order":0,"comment_status":"closed","ping_status":"closed","template":"","meta":{"_acf_changed":false,"site-sidebar-layout":"no-sidebar","site-content-layout":"page-builder","ast-site-content-layout":"default","site-content-style":"default","site-sidebar-style":"default","ast-global-header-display":"","ast-banner-title-visibility":"","ast-main-header-display":"","ast-hfb-above-header-display":"","ast-hfb-below-header-display":"","ast-hfb-mobile-header-display":"","site-post-title":"disabled","ast-breadcrumbs-content":"","ast-featured-img":"disabled","footer-sml-layout":"","ast-disable-related-posts":"","theme-transparent-header-meta":"","adv-header-id-meta":"","stick-header-meta":"","header-above-stick-meta":"","header-main-stick-meta":"","header-below-stick-meta":"","astra-migrate-meta-layouts":"default","ast-page-background-enabled":"default","ast-page-background-meta":{"desktop":{"background-color":"var(--ast-global-color-4)","background-image":"","background-repeat":"repeat","background-position":"center center","background-size":"auto","background-attachment":"scroll","background-type":"","background-media":"","overlay-type":"","overlay-color":"","overlay-opacity":"","overlay-gradient":""},"tablet":{"background-color":"","background-image":"","background-repeat":"repeat","background-position":"center center","background-size":"auto","background-attachment":"scroll","background-type":"","background-media":"","overlay-type":"","overlay-color":"","overlay-opacity":"","overlay-gradient":""},"mobile":{"background-color":"","background-image":"","background-repeat":"repeat","background-position":"center center","background-size":"auto","background-attachment":"scroll","background-type":"","background-media":"","overlay-type":"","overlay-color":"","overlay-opacity":"","overlay-gradient":""}},"ast-content-background-meta":{"desktop":{"background-color":"var(--ast-global-color-5)","background-image":"","background-repeat":"repeat","background-position":"center center","background-size":"auto","background-attachment":"scroll","background-type":"","background-media":"","overlay-type":"","overlay-color":"","overlay-opacity":"","overlay-gradient":""},"tablet":{"background-color":"var(--ast-global-color-5)","background-image":"","background-repeat":"repeat","background-position":"center center","background-size":"auto","background-attachment":"scroll","background-type":"","background-media":"","overlay-type":"","overlay-color":"","overlay-opacity":"","overlay-gradient":""},"mobile":{"background-color":"var(--ast-global-color-5)","background-image":"","background-repeat":"repeat","background-position":"center center","background-size":"auto","background-attachment":"scroll","background-type":"","background-media":"","overlay-type":"","overlay-color":"","overlay-opacity":"","overlay-gradient":""}},"footnotes":""},"class_list":["post-11243","page","type-page","status-publish","hentry"],"acf":[],"yoast_head":"<!-- This site is optimized with the Yoast SEO plugin v27.4 - https:\/\/yoast.com\/product\/yoast-seo-wordpress\/ -->\n<title>Prototyping - KACO - Der Experte f\u00fcr Dichtungssysteme<\/title>\n<meta name=\"description\" content=\"Prototyping Made in a short time Prototype construction at KACO benefits from its special methods and principles, which have evolved from our many years\" \/>\n<meta name=\"robots\" content=\"index, follow, max-snippet:-1, max-image-preview:large, max-video-preview:-1\" \/>\n<link rel=\"canonical\" href=\"https:\/\/kaco.de\/en\/research-development\/prototyping\/\" \/>\n<meta property=\"og:locale\" content=\"en_US\" \/>\n<meta property=\"og:type\" content=\"article\" \/>\n<meta property=\"og:title\" content=\"Prototyping - KACO - Der Experte f\u00fcr Dichtungssysteme\" \/>\n<meta property=\"og:description\" content=\"Prototyping Made in a short time Prototype construction at KACO benefits from its special methods and principles, which have evolved from our many years\" \/>\n<meta property=\"og:url\" content=\"https:\/\/kaco.de\/en\/research-development\/prototyping\/\" \/>\n<meta property=\"og:site_name\" content=\"KACO - Der Experte f\u00fcr Dichtungssysteme\" \/>\n<meta property=\"article:modified_time\" content=\"2022-03-12T12:34:19+00:00\" \/>\n<meta property=\"og:image\" content=\"https:\/\/kaco.de\/wp-content\/uploads\/kompetenzen-prototypenbau-kaco-01@2x-3024x955-1.jpg\" \/>\n<meta name=\"twitter:card\" content=\"summary_large_image\" \/>\n<meta name=\"twitter:label1\" content=\"Est. reading time\" \/>\n\t<meta name=\"twitter:data1\" content=\"3 minutes\" \/>\n<script type=\"application\/ld+json\" class=\"yoast-schema-graph\">{\"@context\":\"https:\\\/\\\/schema.org\",\"@graph\":[{\"@type\":\"WebPage\",\"@id\":\"https:\\\/\\\/kaco.de\\\/en\\\/research-development\\\/prototyping\\\/\",\"url\":\"https:\\\/\\\/kaco.de\\\/en\\\/research-development\\\/prototyping\\\/\",\"name\":\"Prototyping - KACO - Der Experte f\u00fcr Dichtungssysteme\",\"isPartOf\":{\"@id\":\"https:\\\/\\\/kaco.de\\\/#website\"},\"primaryImageOfPage\":{\"@id\":\"https:\\\/\\\/kaco.de\\\/en\\\/research-development\\\/prototyping\\\/#primaryimage\"},\"image\":{\"@id\":\"https:\\\/\\\/kaco.de\\\/en\\\/research-development\\\/prototyping\\\/#primaryimage\"},\"thumbnailUrl\":\"https:\\\/\\\/kaco.de\\\/wp-content\\\/uploads\\\/kompetenzen-prototypenbau-kaco-01@2x-3024x955-1.jpg\",\"datePublished\":\"2021-12-09T10:30:38+00:00\",\"dateModified\":\"2022-03-12T12:34:19+00:00\",\"description\":\"Prototyping Made in a short time Prototype construction at KACO benefits from its special methods and principles, which have evolved from our many years\",\"breadcrumb\":{\"@id\":\"https:\\\/\\\/kaco.de\\\/en\\\/research-development\\\/prototyping\\\/#breadcrumb\"},\"inLanguage\":\"en-US\",\"potentialAction\":[{\"@type\":\"ReadAction\",\"target\":[\"https:\\\/\\\/kaco.de\\\/en\\\/research-development\\\/prototyping\\\/\"]}]},{\"@type\":\"ImageObject\",\"inLanguage\":\"en-US\",\"@id\":\"https:\\\/\\\/kaco.de\\\/en\\\/research-development\\\/prototyping\\\/#primaryimage\",\"url\":\"https:\\\/\\\/kaco.de\\\/wp-content\\\/uploads\\\/kompetenzen-prototypenbau-kaco-01@2x-3024x955-1.jpg\",\"contentUrl\":\"https:\\\/\\\/kaco.de\\\/wp-content\\\/uploads\\\/kompetenzen-prototypenbau-kaco-01@2x-3024x955-1.jpg\"},{\"@type\":\"BreadcrumbList\",\"@id\":\"https:\\\/\\\/kaco.de\\\/en\\\/research-development\\\/prototyping\\\/#breadcrumb\",\"itemListElement\":[{\"@type\":\"ListItem\",\"position\":1,\"name\":\"Home\",\"item\":\"https:\\\/\\\/kaco.de\\\/en\\\/\"},{\"@type\":\"ListItem\",\"position\":2,\"name\":\"Research &#038; Development\",\"item\":\"https:\\\/\\\/kaco.de\\\/en\\\/research-development\\\/\"},{\"@type\":\"ListItem\",\"position\":3,\"name\":\"Prototyping\"}]},{\"@type\":\"WebSite\",\"@id\":\"https:\\\/\\\/kaco.de\\\/#website\",\"url\":\"https:\\\/\\\/kaco.de\\\/\",\"name\":\"KACO - Der Experte f\u00fcr Dichtungssysteme\",\"description\":\"Seien Sie mit unseren hochpr\u00e4zisen und anwendungsorientierten Dichtungsl\u00f6sungen bestens f\u00fcr die Automobil- und Maschinenbauindustrie ger\u00fcstet.\",\"publisher\":{\"@id\":\"https:\\\/\\\/kaco.de\\\/#organization\"},\"potentialAction\":[{\"@type\":\"SearchAction\",\"target\":{\"@type\":\"EntryPoint\",\"urlTemplate\":\"https:\\\/\\\/kaco.de\\\/?s={search_term_string}\"},\"query-input\":{\"@type\":\"PropertyValueSpecification\",\"valueRequired\":true,\"valueName\":\"search_term_string\"}}],\"inLanguage\":\"en-US\"},{\"@type\":\"Organization\",\"@id\":\"https:\\\/\\\/kaco.de\\\/#organization\",\"name\":\"KACO - Der Experte f\u00fcr Dichtungssysteme\",\"url\":\"https:\\\/\\\/kaco.de\\\/\",\"logo\":{\"@type\":\"ImageObject\",\"inLanguage\":\"en-US\",\"@id\":\"https:\\\/\\\/kaco.de\\\/#\\\/schema\\\/logo\\\/image\\\/\",\"url\":\"https:\\\/\\\/kaco.de\\\/wp-content\\\/uploads\\\/cropped-logo1.png\",\"contentUrl\":\"https:\\\/\\\/kaco.de\\\/wp-content\\\/uploads\\\/cropped-logo1.png\",\"width\":851,\"height\":254,\"caption\":\"KACO - Der Experte f\u00fcr Dichtungssysteme\"},\"image\":{\"@id\":\"https:\\\/\\\/kaco.de\\\/#\\\/schema\\\/logo\\\/image\\\/\"}}]}<\/script>\n<!-- \/ Yoast SEO plugin. -->","yoast_head_json":{"title":"Prototyping - KACO - Der Experte f\u00fcr Dichtungssysteme","description":"Prototyping Made in a short time Prototype construction at KACO benefits from its special methods and principles, which have evolved from our many years","robots":{"index":"index","follow":"follow","max-snippet":"max-snippet:-1","max-image-preview":"max-image-preview:large","max-video-preview":"max-video-preview:-1"},"canonical":"https:\/\/kaco.de\/en\/research-development\/prototyping\/","og_locale":"en_US","og_type":"article","og_title":"Prototyping - KACO - Der Experte f\u00fcr Dichtungssysteme","og_description":"Prototyping Made in a short time Prototype construction at KACO benefits from its special methods and principles, which have evolved from our many years","og_url":"https:\/\/kaco.de\/en\/research-development\/prototyping\/","og_site_name":"KACO - Der Experte f\u00fcr Dichtungssysteme","article_modified_time":"2022-03-12T12:34:19+00:00","og_image":[{"url":"https:\/\/kaco.de\/wp-content\/uploads\/kompetenzen-prototypenbau-kaco-01@2x-3024x955-1.jpg","type":"","width":"","height":""}],"twitter_card":"summary_large_image","twitter_misc":{"Est. reading time":"3 minutes"},"schema":{"@context":"https:\/\/schema.org","@graph":[{"@type":"WebPage","@id":"https:\/\/kaco.de\/en\/research-development\/prototyping\/","url":"https:\/\/kaco.de\/en\/research-development\/prototyping\/","name":"Prototyping - KACO - Der Experte f\u00fcr Dichtungssysteme","isPartOf":{"@id":"https:\/\/kaco.de\/#website"},"primaryImageOfPage":{"@id":"https:\/\/kaco.de\/en\/research-development\/prototyping\/#primaryimage"},"image":{"@id":"https:\/\/kaco.de\/en\/research-development\/prototyping\/#primaryimage"},"thumbnailUrl":"https:\/\/kaco.de\/wp-content\/uploads\/kompetenzen-prototypenbau-kaco-01@2x-3024x955-1.jpg","datePublished":"2021-12-09T10:30:38+00:00","dateModified":"2022-03-12T12:34:19+00:00","description":"Prototyping Made in a short time Prototype construction at KACO benefits from its special methods and principles, which have evolved from our many years","breadcrumb":{"@id":"https:\/\/kaco.de\/en\/research-development\/prototyping\/#breadcrumb"},"inLanguage":"en-US","potentialAction":[{"@type":"ReadAction","target":["https:\/\/kaco.de\/en\/research-development\/prototyping\/"]}]},{"@type":"ImageObject","inLanguage":"en-US","@id":"https:\/\/kaco.de\/en\/research-development\/prototyping\/#primaryimage","url":"https:\/\/kaco.de\/wp-content\/uploads\/kompetenzen-prototypenbau-kaco-01@2x-3024x955-1.jpg","contentUrl":"https:\/\/kaco.de\/wp-content\/uploads\/kompetenzen-prototypenbau-kaco-01@2x-3024x955-1.jpg"},{"@type":"BreadcrumbList","@id":"https:\/\/kaco.de\/en\/research-development\/prototyping\/#breadcrumb","itemListElement":[{"@type":"ListItem","position":1,"name":"Home","item":"https:\/\/kaco.de\/en\/"},{"@type":"ListItem","position":2,"name":"Research &#038; Development","item":"https:\/\/kaco.de\/en\/research-development\/"},{"@type":"ListItem","position":3,"name":"Prototyping"}]},{"@type":"WebSite","@id":"https:\/\/kaco.de\/#website","url":"https:\/\/kaco.de\/","name":"KACO - Der Experte f\u00fcr Dichtungssysteme","description":"Seien Sie mit unseren hochpr\u00e4zisen und anwendungsorientierten Dichtungsl\u00f6sungen bestens f\u00fcr die Automobil- und Maschinenbauindustrie ger\u00fcstet.","publisher":{"@id":"https:\/\/kaco.de\/#organization"},"potentialAction":[{"@type":"SearchAction","target":{"@type":"EntryPoint","urlTemplate":"https:\/\/kaco.de\/?s={search_term_string}"},"query-input":{"@type":"PropertyValueSpecification","valueRequired":true,"valueName":"search_term_string"}}],"inLanguage":"en-US"},{"@type":"Organization","@id":"https:\/\/kaco.de\/#organization","name":"KACO - Der Experte f\u00fcr Dichtungssysteme","url":"https:\/\/kaco.de\/","logo":{"@type":"ImageObject","inLanguage":"en-US","@id":"https:\/\/kaco.de\/#\/schema\/logo\/image\/","url":"https:\/\/kaco.de\/wp-content\/uploads\/cropped-logo1.png","contentUrl":"https:\/\/kaco.de\/wp-content\/uploads\/cropped-logo1.png","width":851,"height":254,"caption":"KACO - Der Experte f\u00fcr Dichtungssysteme"},"image":{"@id":"https:\/\/kaco.de\/#\/schema\/logo\/image\/"}}]}},"_links":{"self":[{"href":"https:\/\/kaco.de\/en\/wp-json\/wp\/v2\/pages\/11243","targetHints":{"allow":["GET"]}}],"collection":[{"href":"https:\/\/kaco.de\/en\/wp-json\/wp\/v2\/pages"}],"about":[{"href":"https:\/\/kaco.de\/en\/wp-json\/wp\/v2\/types\/page"}],"author":[{"embeddable":true,"href":"https:\/\/kaco.de\/en\/wp-json\/wp\/v2\/users\/3"}],"replies":[{"embeddable":true,"href":"https:\/\/kaco.de\/en\/wp-json\/wp\/v2\/comments?post=11243"}],"version-history":[{"count":0,"href":"https:\/\/kaco.de\/en\/wp-json\/wp\/v2\/pages\/11243\/revisions"}],"up":[{"embeddable":true,"href":"https:\/\/kaco.de\/en\/wp-json\/wp\/v2\/pages\/11133"}],"wp:attachment":[{"href":"https:\/\/kaco.de\/en\/wp-json\/wp\/v2\/media?parent=11243"}],"curies":[{"name":"wp","href":"https:\/\/api.w.org\/{rel}","templated":true}]}}