{"id":11303,"date":"2021-12-09T12:11:48","date_gmt":"2021-12-09T11:11:48","guid":{"rendered":"https:\/\/kaco21.neckarfreunde.net\/?page_id=11303"},"modified":"2021-12-09T12:12:39","modified_gmt":"2021-12-09T11:12:39","slug":"magnetisation","status":"publish","type":"page","link":"https:\/\/kaco.de\/en\/technology\/magnetisation\/","title":{"rendered":"Magnetisation"},"content":{"rendered":"\t\t<div data-elementor-type=\"wp-page\" data-elementor-id=\"11303\" class=\"elementor elementor-11303 elementor-3510\" data-elementor-post-type=\"page\">\n\t\t\t\t\t\t<section class=\"elementor-section elementor-top-section elementor-element elementor-element-8bbf0fa elementor-section-full_width elementor-section-stretched elementor-section-height-default elementor-section-height-default\" data-id=\"8bbf0fa\" data-element_type=\"section\" data-settings=\"{&quot;stretch_section&quot;:&quot;section-stretched&quot;}\">\n\t\t\t\t\t\t<div class=\"elementor-container elementor-column-gap-default\">\n\t\t\t\t\t<div class=\"elementor-column elementor-col-100 elementor-top-column elementor-element elementor-element-781b0d9\" data-id=\"781b0d9\" data-element_type=\"column\">\n\t\t\t<div class=\"elementor-widget-wrap elementor-element-populated\">\n\t\t\t\t\t\t<div class=\"elementor-element elementor-element-47e6c2f elementor-widget elementor-widget-image\" data-id=\"47e6c2f\" data-element_type=\"widget\" data-widget_type=\"image.default\">\n\t\t\t\t<div class=\"elementor-widget-container\">\n\t\t\t\t\t\t\t\t\t\t\t\t\t\t\t<img fetchpriority=\"high\" decoding=\"async\" width=\"3800\" height=\"1200\" src=\"https:\/\/kaco.de\/wp-content\/uploads\/kompetenzen-magnetisierung-kaco@2x.jpeg\" class=\"attachment-full size-full wp-image-10739\" alt=\"Kompetenzen Magnetisierung Kaco\" srcset=\"https:\/\/kaco.de\/wp-content\/uploads\/kompetenzen-magnetisierung-kaco@2x.jpeg 3800w, https:\/\/kaco.de\/wp-content\/uploads\/kompetenzen-magnetisierung-kaco@2x-300x95.jpeg 300w, https:\/\/kaco.de\/wp-content\/uploads\/kompetenzen-magnetisierung-kaco@2x-1536x485.jpeg 1536w, https:\/\/kaco.de\/wp-content\/uploads\/kompetenzen-magnetisierung-kaco@2x-2048x647.jpeg 2048w\" sizes=\"(max-width: 3800px) 100vw, 3800px\" \/>\t\t\t\t\t\t\t\t\t\t\t\t\t\t\t<\/div>\n\t\t\t\t<\/div>\n\t\t\t\t\t<\/div>\n\t\t<\/div>\n\t\t\t\t\t<\/div>\n\t\t<\/section>\n\t\t\t\t<section class=\"elementor-section elementor-top-section elementor-element elementor-element-bdb37f1 elementor-section-content-bottom elementor-section-stretched pageheader elementor-section-boxed elementor-section-height-default elementor-section-height-default\" data-id=\"bdb37f1\" data-element_type=\"section\" data-settings=\"{&quot;background_background&quot;:&quot;classic&quot;,&quot;stretch_section&quot;:&quot;section-stretched&quot;}\">\n\t\t\t\t\t\t<div class=\"elementor-container elementor-column-gap-default\">\n\t\t\t\t\t<div class=\"elementor-column elementor-col-50 elementor-top-column elementor-element elementor-element-b1372f6 pageheader-row-left\" data-id=\"b1372f6\" data-element_type=\"column\" data-settings=\"{&quot;background_background&quot;:&quot;classic&quot;}\">\n\t\t\t<div class=\"elementor-widget-wrap elementor-element-populated\">\n\t\t\t\t\t\t<div class=\"elementor-element elementor-element-6d47538 elementor-widget elementor-widget-heading\" data-id=\"6d47538\" data-element_type=\"widget\" data-widget_type=\"heading.default\">\n\t\t\t\t<div class=\"elementor-widget-container\">\n\t\t\t\t\t<span class=\"elementor-heading-title elementor-size-default\">Magnetisation<\/span>\t\t\t\t<\/div>\n\t\t\t\t<\/div>\n\t\t\t\t<div class=\"elementor-element elementor-element-6c75a1b elementor-widget elementor-widget-heading\" data-id=\"6c75a1b\" data-element_type=\"widget\" data-widget_type=\"heading.default\">\n\t\t\t\t<div class=\"elementor-widget-container\">\n\t\t\t\t\t<h1 class=\"elementor-heading-title elementor-size-default\">Radial and axial encoders<\/h1>\t\t\t\t<\/div>\n\t\t\t\t<\/div>\n\t\t\t\t\t<\/div>\n\t\t<\/div>\n\t\t\t\t<div class=\"elementor-column elementor-col-50 elementor-top-column elementor-element elementor-element-c1c0101\" data-id=\"c1c0101\" data-element_type=\"column\">\n\t\t\t<div class=\"elementor-widget-wrap\">\n\t\t\t\t\t\t\t<\/div>\n\t\t<\/div>\n\t\t\t\t\t<\/div>\n\t\t<\/section>\n\t\t\t\t<section class=\"elementor-section elementor-top-section elementor-element elementor-element-c361b8a elementor-section-boxed elementor-section-height-default elementor-section-height-default\" data-id=\"c361b8a\" data-element_type=\"section\">\n\t\t\t\t\t\t<div class=\"elementor-container elementor-column-gap-default\">\n\t\t\t\t\t<div class=\"elementor-column elementor-col-50 elementor-top-column elementor-element elementor-element-0a6ab5d\" data-id=\"0a6ab5d\" data-element_type=\"column\">\n\t\t\t<div class=\"elementor-widget-wrap elementor-element-populated\">\n\t\t\t\t\t\t<div class=\"elementor-element elementor-element-d9d8d05 elementor-widget elementor-widget-text-editor\" data-id=\"d9d8d05\" data-element_type=\"widget\" data-widget_type=\"text-editor.default\">\n\t\t\t\t<div class=\"elementor-widget-container\">\n\t\t\t\t\t\t\t\t\t<p>In the digital age, specific key technologies cannot be missing. These include radial and axial magnetic encoders. To apply special magnetic coding to these encoders, KACO uses magnetisation processes that are tailored to the different sensor types and applications. A central prerequisite for this is optimum vulcanisation.<\/p><p>In magnetisation, we distinguish between dynamic and static processes. In the dynamic magnetisation process, the encoder moves and the magnetisation head applies the magnetisation step by step. This process enables very fine and complex magnetisation patterns. If necessary, corrective magnetisation can be applied downstream.<\/p><p>In the static magnetisation process, a specially manufactured magnetisation tool applies the magnetisation in one step. This process is very robust and enables fast cycle times.<\/p><p>For a reliable result, our experts can simulate the magnetisation in advance using special software. Before series application, precise measurement and verification are carried out to ensure the signal specification required by the customer.<\/p>\t\t\t\t\t\t\t\t<\/div>\n\t\t\t\t<\/div>\n\t\t\t\t<div class=\"elementor-element elementor-element-66f1ac2 elementor-widget elementor-widget-spacer\" data-id=\"66f1ac2\" data-element_type=\"widget\" data-widget_type=\"spacer.default\">\n\t\t\t\t<div class=\"elementor-widget-container\">\n\t\t\t\t\t\t\t<div class=\"elementor-spacer\">\n\t\t\t<div class=\"elementor-spacer-inner\"><\/div>\n\t\t<\/div>\n\t\t\t\t\t\t<\/div>\n\t\t\t\t<\/div>\n\t\t\t\t\t<\/div>\n\t\t<\/div>\n\t\t\t\t<div class=\"elementor-column elementor-col-50 elementor-top-column elementor-element elementor-element-b641f9a\" data-id=\"b641f9a\" data-element_type=\"column\">\n\t\t\t<div class=\"elementor-widget-wrap elementor-element-populated\">\n\t\t\t\t\t\t<div class=\"elementor-element elementor-element-6bc939f elementor-widget elementor-widget-image\" data-id=\"6bc939f\" data-element_type=\"widget\" data-widget_type=\"image.default\">\n\t\t\t\t<div class=\"elementor-widget-container\">\n\t\t\t\t\t\t\t\t\t\t\t\t\t\t\t<img decoding=\"async\" width=\"1400\" height=\"933\" src=\"https:\/\/kaco.de\/wp-content\/uploads\/kompetenzen-magnetisierung-kaco-2@2x-1536x1024.png\" class=\"attachment-large size-large wp-image-10746\" alt=\"Kompetenzen Magnetisierung Kaco\" srcset=\"https:\/\/kaco.de\/wp-content\/uploads\/kompetenzen-magnetisierung-kaco-2@2x-1536x1024.png 1536w, https:\/\/kaco.de\/wp-content\/uploads\/kompetenzen-magnetisierung-kaco-2@2x-300x200.png 300w, https:\/\/kaco.de\/wp-content\/uploads\/kompetenzen-magnetisierung-kaco-2@2x.png 1600w\" sizes=\"(max-width: 1400px) 100vw, 1400px\" \/>\t\t\t\t\t\t\t\t\t\t\t\t\t\t\t<\/div>\n\t\t\t\t<\/div>\n\t\t\t\t\t<\/div>\n\t\t<\/div>\n\t\t\t\t\t<\/div>\n\t\t<\/section>\n\t\t\t\t<\/div>\n\t\t","protected":false},"excerpt":{"rendered":"<p>Magnetisation Radial and axial encoders In the digital age, specific key technologies cannot be missing. These include radial and axial magnetic encoders. To apply special magnetic coding to these encoders, KACO uses magnetisation processes that are tailored to the different sensor types and applications. A central prerequisite for this is optimum vulcanisation. In magnetisation, we [&hellip;]<\/p>\n","protected":false},"author":3,"featured_media":0,"parent":11160,"menu_order":0,"comment_status":"closed","ping_status":"closed","template":"","meta":{"_acf_changed":false,"site-sidebar-layout":"no-sidebar","site-content-layout":"page-builder","ast-site-content-layout":"default","site-content-style":"default","site-sidebar-style":"default","ast-global-header-display":"","ast-banner-title-visibility":"","ast-main-header-display":"","ast-hfb-above-header-display":"","ast-hfb-below-header-display":"","ast-hfb-mobile-header-display":"","site-post-title":"disabled","ast-breadcrumbs-content":"","ast-featured-img":"disabled","footer-sml-layout":"","ast-disable-related-posts":"","theme-transparent-header-meta":"","adv-header-id-meta":"","stick-header-meta":"","header-above-stick-meta":"","header-main-stick-meta":"","header-below-stick-meta":"","astra-migrate-meta-layouts":"default","ast-page-background-enabled":"default","ast-page-background-meta":{"desktop":{"background-color":"var(--ast-global-color-4)","background-image":"","background-repeat":"repeat","background-position":"center center","background-size":"auto","background-attachment":"scroll","background-type":"","background-media":"","overlay-type":"","overlay-color":"","overlay-opacity":"","overlay-gradient":""},"tablet":{"background-color":"","background-image":"","background-repeat":"repeat","background-position":"center center","background-size":"auto","background-attachment":"scroll","background-type":"","background-media":"","overlay-type":"","overlay-color":"","overlay-opacity":"","overlay-gradient":""},"mobile":{"background-color":"","background-image":"","background-repeat":"repeat","background-position":"center center","background-size":"auto","background-attachment":"scroll","background-type":"","background-media":"","overlay-type":"","overlay-color":"","overlay-opacity":"","overlay-gradient":""}},"ast-content-background-meta":{"desktop":{"background-color":"var(--ast-global-color-5)","background-image":"","background-repeat":"repeat","background-position":"center center","background-size":"auto","background-attachment":"scroll","background-type":"","background-media":"","overlay-type":"","overlay-color":"","overlay-opacity":"","overlay-gradient":""},"tablet":{"background-color":"var(--ast-global-color-5)","background-image":"","background-repeat":"repeat","background-position":"center center","background-size":"auto","background-attachment":"scroll","background-type":"","background-media":"","overlay-type":"","overlay-color":"","overlay-opacity":"","overlay-gradient":""},"mobile":{"background-color":"var(--ast-global-color-5)","background-image":"","background-repeat":"repeat","background-position":"center center","background-size":"auto","background-attachment":"scroll","background-type":"","background-media":"","overlay-type":"","overlay-color":"","overlay-opacity":"","overlay-gradient":""}},"footnotes":""},"class_list":["post-11303","page","type-page","status-publish","hentry"],"acf":[],"yoast_head":"<!-- This site is optimized with the Yoast SEO plugin v27.3 - https:\/\/yoast.com\/product\/yoast-seo-wordpress\/ -->\n<title>Magnetisation - KACO - Der Experte f\u00fcr Dichtungssysteme<\/title>\n<meta name=\"description\" content=\"Magnetisation Radial and axial encoders In the digital age, specific key technologies cannot be missing. These include radial and axial magnetic encoders.\" \/>\n<meta name=\"robots\" content=\"index, follow, max-snippet:-1, max-image-preview:large, max-video-preview:-1\" \/>\n<link rel=\"canonical\" href=\"https:\/\/kaco.de\/en\/technology\/magnetisation\/\" \/>\n<meta property=\"og:locale\" content=\"en_US\" \/>\n<meta property=\"og:type\" content=\"article\" \/>\n<meta property=\"og:title\" content=\"Magnetisation - KACO - Der Experte f\u00fcr Dichtungssysteme\" \/>\n<meta property=\"og:description\" content=\"Magnetisation Radial and axial encoders In the digital age, specific key technologies cannot be missing. These include radial and axial magnetic encoders.\" \/>\n<meta property=\"og:url\" content=\"https:\/\/kaco.de\/en\/technology\/magnetisation\/\" \/>\n<meta property=\"og:site_name\" content=\"KACO - Der Experte f\u00fcr Dichtungssysteme\" \/>\n<meta property=\"article:modified_time\" content=\"2021-12-09T11:12:39+00:00\" \/>\n<meta property=\"og:image\" content=\"https:\/\/kaco.de\/wp-content\/uploads\/kompetenzen-magnetisierung-kaco@2x.jpeg\" \/>\n<meta name=\"twitter:card\" content=\"summary_large_image\" \/>\n<meta name=\"twitter:label1\" content=\"Est. reading time\" \/>\n\t<meta name=\"twitter:data1\" content=\"2 minutes\" \/>\n<script type=\"application\/ld+json\" class=\"yoast-schema-graph\">{\"@context\":\"https:\\\/\\\/schema.org\",\"@graph\":[{\"@type\":\"WebPage\",\"@id\":\"https:\\\/\\\/kaco.de\\\/en\\\/technology\\\/magnetisation\\\/\",\"url\":\"https:\\\/\\\/kaco.de\\\/en\\\/technology\\\/magnetisation\\\/\",\"name\":\"Magnetisation - KACO - Der Experte f\u00fcr Dichtungssysteme\",\"isPartOf\":{\"@id\":\"https:\\\/\\\/kaco.de\\\/#website\"},\"primaryImageOfPage\":{\"@id\":\"https:\\\/\\\/kaco.de\\\/en\\\/technology\\\/magnetisation\\\/#primaryimage\"},\"image\":{\"@id\":\"https:\\\/\\\/kaco.de\\\/en\\\/technology\\\/magnetisation\\\/#primaryimage\"},\"thumbnailUrl\":\"https:\\\/\\\/kaco.de\\\/wp-content\\\/uploads\\\/kompetenzen-magnetisierung-kaco@2x.jpeg\",\"datePublished\":\"2021-12-09T11:11:48+00:00\",\"dateModified\":\"2021-12-09T11:12:39+00:00\",\"description\":\"Magnetisation Radial and axial encoders In the digital age, specific key technologies cannot be missing. These include radial and axial magnetic encoders.\",\"breadcrumb\":{\"@id\":\"https:\\\/\\\/kaco.de\\\/en\\\/technology\\\/magnetisation\\\/#breadcrumb\"},\"inLanguage\":\"en-US\",\"potentialAction\":[{\"@type\":\"ReadAction\",\"target\":[\"https:\\\/\\\/kaco.de\\\/en\\\/technology\\\/magnetisation\\\/\"]}]},{\"@type\":\"ImageObject\",\"inLanguage\":\"en-US\",\"@id\":\"https:\\\/\\\/kaco.de\\\/en\\\/technology\\\/magnetisation\\\/#primaryimage\",\"url\":\"https:\\\/\\\/kaco.de\\\/wp-content\\\/uploads\\\/kompetenzen-magnetisierung-kaco@2x.jpeg\",\"contentUrl\":\"https:\\\/\\\/kaco.de\\\/wp-content\\\/uploads\\\/kompetenzen-magnetisierung-kaco@2x.jpeg\"},{\"@type\":\"BreadcrumbList\",\"@id\":\"https:\\\/\\\/kaco.de\\\/en\\\/technology\\\/magnetisation\\\/#breadcrumb\",\"itemListElement\":[{\"@type\":\"ListItem\",\"position\":1,\"name\":\"Home\",\"item\":\"https:\\\/\\\/kaco.de\\\/en\\\/\"},{\"@type\":\"ListItem\",\"position\":2,\"name\":\"Technology\",\"item\":\"https:\\\/\\\/kaco.de\\\/en\\\/technology\\\/\"},{\"@type\":\"ListItem\",\"position\":3,\"name\":\"Magnetisation\"}]},{\"@type\":\"WebSite\",\"@id\":\"https:\\\/\\\/kaco.de\\\/#website\",\"url\":\"https:\\\/\\\/kaco.de\\\/\",\"name\":\"KACO - Der Experte f\u00fcr Dichtungssysteme\",\"description\":\"Seien Sie mit unseren hochpr\u00e4zisen und anwendungsorientierten Dichtungsl\u00f6sungen bestens f\u00fcr die Automobil- und Maschinenbauindustrie ger\u00fcstet.\",\"publisher\":{\"@id\":\"https:\\\/\\\/kaco.de\\\/#organization\"},\"potentialAction\":[{\"@type\":\"SearchAction\",\"target\":{\"@type\":\"EntryPoint\",\"urlTemplate\":\"https:\\\/\\\/kaco.de\\\/?s={search_term_string}\"},\"query-input\":{\"@type\":\"PropertyValueSpecification\",\"valueRequired\":true,\"valueName\":\"search_term_string\"}}],\"inLanguage\":\"en-US\"},{\"@type\":\"Organization\",\"@id\":\"https:\\\/\\\/kaco.de\\\/#organization\",\"name\":\"KACO - Der Experte f\u00fcr Dichtungssysteme\",\"url\":\"https:\\\/\\\/kaco.de\\\/\",\"logo\":{\"@type\":\"ImageObject\",\"inLanguage\":\"en-US\",\"@id\":\"https:\\\/\\\/kaco.de\\\/#\\\/schema\\\/logo\\\/image\\\/\",\"url\":\"https:\\\/\\\/kaco.de\\\/wp-content\\\/uploads\\\/cropped-logo1.png\",\"contentUrl\":\"https:\\\/\\\/kaco.de\\\/wp-content\\\/uploads\\\/cropped-logo1.png\",\"width\":851,\"height\":254,\"caption\":\"KACO - Der Experte f\u00fcr Dichtungssysteme\"},\"image\":{\"@id\":\"https:\\\/\\\/kaco.de\\\/#\\\/schema\\\/logo\\\/image\\\/\"}}]}<\/script>\n<!-- \/ Yoast SEO plugin. -->","yoast_head_json":{"title":"Magnetisation - KACO - Der Experte f\u00fcr Dichtungssysteme","description":"Magnetisation Radial and axial encoders In the digital age, specific key technologies cannot be missing. These include radial and axial magnetic encoders.","robots":{"index":"index","follow":"follow","max-snippet":"max-snippet:-1","max-image-preview":"max-image-preview:large","max-video-preview":"max-video-preview:-1"},"canonical":"https:\/\/kaco.de\/en\/technology\/magnetisation\/","og_locale":"en_US","og_type":"article","og_title":"Magnetisation - KACO - Der Experte f\u00fcr Dichtungssysteme","og_description":"Magnetisation Radial and axial encoders In the digital age, specific key technologies cannot be missing. These include radial and axial magnetic encoders.","og_url":"https:\/\/kaco.de\/en\/technology\/magnetisation\/","og_site_name":"KACO - Der Experte f\u00fcr Dichtungssysteme","article_modified_time":"2021-12-09T11:12:39+00:00","og_image":[{"url":"https:\/\/kaco.de\/wp-content\/uploads\/kompetenzen-magnetisierung-kaco@2x.jpeg","type":"","width":"","height":""}],"twitter_card":"summary_large_image","twitter_misc":{"Est. reading time":"2 minutes"},"schema":{"@context":"https:\/\/schema.org","@graph":[{"@type":"WebPage","@id":"https:\/\/kaco.de\/en\/technology\/magnetisation\/","url":"https:\/\/kaco.de\/en\/technology\/magnetisation\/","name":"Magnetisation - KACO - Der Experte f\u00fcr Dichtungssysteme","isPartOf":{"@id":"https:\/\/kaco.de\/#website"},"primaryImageOfPage":{"@id":"https:\/\/kaco.de\/en\/technology\/magnetisation\/#primaryimage"},"image":{"@id":"https:\/\/kaco.de\/en\/technology\/magnetisation\/#primaryimage"},"thumbnailUrl":"https:\/\/kaco.de\/wp-content\/uploads\/kompetenzen-magnetisierung-kaco@2x.jpeg","datePublished":"2021-12-09T11:11:48+00:00","dateModified":"2021-12-09T11:12:39+00:00","description":"Magnetisation Radial and axial encoders In the digital age, specific key technologies cannot be missing. These include radial and axial magnetic encoders.","breadcrumb":{"@id":"https:\/\/kaco.de\/en\/technology\/magnetisation\/#breadcrumb"},"inLanguage":"en-US","potentialAction":[{"@type":"ReadAction","target":["https:\/\/kaco.de\/en\/technology\/magnetisation\/"]}]},{"@type":"ImageObject","inLanguage":"en-US","@id":"https:\/\/kaco.de\/en\/technology\/magnetisation\/#primaryimage","url":"https:\/\/kaco.de\/wp-content\/uploads\/kompetenzen-magnetisierung-kaco@2x.jpeg","contentUrl":"https:\/\/kaco.de\/wp-content\/uploads\/kompetenzen-magnetisierung-kaco@2x.jpeg"},{"@type":"BreadcrumbList","@id":"https:\/\/kaco.de\/en\/technology\/magnetisation\/#breadcrumb","itemListElement":[{"@type":"ListItem","position":1,"name":"Home","item":"https:\/\/kaco.de\/en\/"},{"@type":"ListItem","position":2,"name":"Technology","item":"https:\/\/kaco.de\/en\/technology\/"},{"@type":"ListItem","position":3,"name":"Magnetisation"}]},{"@type":"WebSite","@id":"https:\/\/kaco.de\/#website","url":"https:\/\/kaco.de\/","name":"KACO - Der Experte f\u00fcr Dichtungssysteme","description":"Seien Sie mit unseren hochpr\u00e4zisen und anwendungsorientierten Dichtungsl\u00f6sungen bestens f\u00fcr die Automobil- und Maschinenbauindustrie ger\u00fcstet.","publisher":{"@id":"https:\/\/kaco.de\/#organization"},"potentialAction":[{"@type":"SearchAction","target":{"@type":"EntryPoint","urlTemplate":"https:\/\/kaco.de\/?s={search_term_string}"},"query-input":{"@type":"PropertyValueSpecification","valueRequired":true,"valueName":"search_term_string"}}],"inLanguage":"en-US"},{"@type":"Organization","@id":"https:\/\/kaco.de\/#organization","name":"KACO - Der Experte f\u00fcr Dichtungssysteme","url":"https:\/\/kaco.de\/","logo":{"@type":"ImageObject","inLanguage":"en-US","@id":"https:\/\/kaco.de\/#\/schema\/logo\/image\/","url":"https:\/\/kaco.de\/wp-content\/uploads\/cropped-logo1.png","contentUrl":"https:\/\/kaco.de\/wp-content\/uploads\/cropped-logo1.png","width":851,"height":254,"caption":"KACO - Der Experte f\u00fcr Dichtungssysteme"},"image":{"@id":"https:\/\/kaco.de\/#\/schema\/logo\/image\/"}}]}},"_links":{"self":[{"href":"https:\/\/kaco.de\/en\/wp-json\/wp\/v2\/pages\/11303","targetHints":{"allow":["GET"]}}],"collection":[{"href":"https:\/\/kaco.de\/en\/wp-json\/wp\/v2\/pages"}],"about":[{"href":"https:\/\/kaco.de\/en\/wp-json\/wp\/v2\/types\/page"}],"author":[{"embeddable":true,"href":"https:\/\/kaco.de\/en\/wp-json\/wp\/v2\/users\/3"}],"replies":[{"embeddable":true,"href":"https:\/\/kaco.de\/en\/wp-json\/wp\/v2\/comments?post=11303"}],"version-history":[{"count":0,"href":"https:\/\/kaco.de\/en\/wp-json\/wp\/v2\/pages\/11303\/revisions"}],"up":[{"embeddable":true,"href":"https:\/\/kaco.de\/en\/wp-json\/wp\/v2\/pages\/11160"}],"wp:attachment":[{"href":"https:\/\/kaco.de\/en\/wp-json\/wp\/v2\/media?parent=11303"}],"curies":[{"name":"wp","href":"https:\/\/api.w.org\/{rel}","templated":true}]}}