{"id":30257,"date":"2025-01-30T14:18:42","date_gmt":"2025-01-30T13:18:42","guid":{"rendered":"https:\/\/kaco.de\/?page_id=30257"},"modified":"2025-01-30T14:20:39","modified_gmt":"2025-01-30T13:20:39","slug":"human-rights-strategy","status":"publish","type":"page","link":"https:\/\/kaco.de\/en\/the-sealing-expert-kaco\/philosophy\/human-rights-strategy\/","title":{"rendered":"Human rights strategy"},"content":{"rendered":"\t\t<div data-elementor-type=\"wp-page\" data-elementor-id=\"30257\" class=\"elementor elementor-30257 elementor-30214\" data-elementor-post-type=\"page\">\n\t\t\t\t\t\t<section class=\"elementor-section elementor-top-section elementor-element elementor-element-bab16dd elementor-section-full_width elementor-section-stretched elementor-section-height-default elementor-section-height-default\" data-id=\"bab16dd\" data-element_type=\"section\" data-settings=\"{&quot;stretch_section&quot;:&quot;section-stretched&quot;}\">\n\t\t\t\t\t\t<div class=\"elementor-container elementor-column-gap-default\">\n\t\t\t\t\t<div class=\"elementor-column elementor-col-100 elementor-top-column elementor-element elementor-element-9fe4873\" data-id=\"9fe4873\" data-element_type=\"column\">\n\t\t\t<div class=\"elementor-widget-wrap elementor-element-populated\">\n\t\t\t\t\t\t<div class=\"elementor-element elementor-element-74aa00a elementor-widget elementor-widget-image\" data-id=\"74aa00a\" data-element_type=\"widget\" data-widget_type=\"image.default\">\n\t\t\t\t<div class=\"elementor-widget-container\">\n\t\t\t\t\t\t\t\t\t\t\t\t\t\t\t<img fetchpriority=\"high\" decoding=\"async\" width=\"1900\" height=\"600\" src=\"https:\/\/kaco.de\/wp-content\/uploads\/unternehmen-unternehmensleitbild-kaco@2x.jpg\" class=\"attachment-full size-full wp-image-7743\" alt=\"Unternehmen Unternehmensleitbild Kaco\" \/>\t\t\t\t\t\t\t\t\t\t\t\t\t\t\t<\/div>\n\t\t\t\t<\/div>\n\t\t\t\t\t<\/div>\n\t\t<\/div>\n\t\t\t\t\t<\/div>\n\t\t<\/section>\n\t\t\t\t<section class=\"elementor-section elementor-top-section elementor-element elementor-element-1fef2b3 elementor-section-content-bottom elementor-section-stretched pageheader elementor-section-boxed elementor-section-height-default elementor-section-height-default\" data-id=\"1fef2b3\" data-element_type=\"section\" data-settings=\"{&quot;background_background&quot;:&quot;classic&quot;,&quot;stretch_section&quot;:&quot;section-stretched&quot;}\">\n\t\t\t\t\t\t<div class=\"elementor-container elementor-column-gap-default\">\n\t\t\t\t\t<div class=\"elementor-column elementor-col-50 elementor-top-column elementor-element elementor-element-1bd191e pageheader-row-left\" data-id=\"1bd191e\" data-element_type=\"column\" data-settings=\"{&quot;background_background&quot;:&quot;classic&quot;}\">\n\t\t\t<div class=\"elementor-widget-wrap elementor-element-populated\">\n\t\t\t\t\t\t<div class=\"elementor-element elementor-element-fc899ff elementor-widget elementor-widget-heading\" data-id=\"fc899ff\" data-element_type=\"widget\" data-widget_type=\"heading.default\">\n\t\t\t\t<div class=\"elementor-widget-container\">\n\t\t\t\t\t<span class=\"elementor-heading-title elementor-size-default\">Philosophy<\/span>\t\t\t\t<\/div>\n\t\t\t\t<\/div>\n\t\t\t\t<div class=\"elementor-element elementor-element-8ba028d elementor-widget elementor-widget-heading\" data-id=\"8ba028d\" data-element_type=\"widget\" data-widget_type=\"heading.default\">\n\t\t\t\t<div class=\"elementor-widget-container\">\n\t\t\t\t\t<h1 class=\"elementor-heading-title elementor-size-default\">Human rights strategy<\/h1>\t\t\t\t<\/div>\n\t\t\t\t<\/div>\n\t\t\t\t\t<\/div>\n\t\t<\/div>\n\t\t\t\t<div class=\"elementor-column elementor-col-50 elementor-top-column elementor-element elementor-element-56105c4\" data-id=\"56105c4\" data-element_type=\"column\">\n\t\t\t<div class=\"elementor-widget-wrap\">\n\t\t\t\t\t\t\t<\/div>\n\t\t<\/div>\n\t\t\t\t\t<\/div>\n\t\t<\/section>\n\t\t<div class=\"elementor-element elementor-element-334741d e-flex e-con-boxed e-con e-parent\" data-id=\"334741d\" data-element_type=\"container\">\n\t\t\t\t\t<div class=\"e-con-inner\">\n\t\t\t\t\t<\/div>\n\t\t\t\t<\/div>\n\t\t<div class=\"elementor-element elementor-element-a14acb9 e-flex e-con-boxed e-con e-parent\" data-id=\"a14acb9\" data-element_type=\"container\">\n\t\t\t\t\t<div class=\"e-con-inner\">\n\t\t<div class=\"elementor-element elementor-element-f8fc23f e-con-full e-flex e-con e-child\" data-id=\"f8fc23f\" data-element_type=\"container\">\n\t\t\t\t<div class=\"elementor-element elementor-element-d4eaff1 elementor-widget elementor-widget-text-editor\" data-id=\"d4eaff1\" data-element_type=\"widget\" data-widget_type=\"text-editor.default\">\n\t\t\t\t<div class=\"elementor-widget-container\">\n\t\t\t\t\t\t\t\t\t<p>KACO is a company with a medium-sized culture that is aware of its responsibility towards respecting human rights and protecting the climate and the environment. Our values are based, among other things, on the United Nations Guiding Principles on Business and Human Rights (UNGP). We have set out these Guiding Principles and other principles in our Code of Conduct, which KACO and its suppliers and contractors (hereinafter referred to as &#8220;Suppliers&#8221;) in the KACO supply chain are committed to upholding and implementing, and which guides their business activities.<\/p><p>KACO&#8217;s management oversees the implementation of and compliance with this &#8220;Statement of Principles on Respect for Human Rights&#8221;.<\/p><p>KACO meets its responsibility for people and the environment through appropriate and effective risk management for the above-mentioned protected goods by taking the following measures:<\/p><ul><li>The preparation of a risk analysis is a natural part of management. The identified risks are minimised through preventive measures that cover the entire company as well as our direct suppliers to a reasonable extent and after prioritisation has been carried out.<\/li><li>Immediate risks to people and the environment in the direct supply chain are addressed through measures implemented without delay. In the case of serious and immediate hazards to people and the environment, we work with the direct supplier to develop an action plan to reduce and, if necessary, eliminate the hazard.<\/li><li>If the action plans are not implemented or do not lead to the defined goal, we reserve the right to terminate the business relationship with the direct supplier as a last resort.<\/li><li>Our suppliers are carefully selected, also on the basis of their preventive measures for the protection of human rights and the environment.<\/li><li>Our expectations of our employees (f\/m\/d) and our suppliers are set out in our Code of Conduct. Our employees (f\/m\/d) are regularly trained on the contents. The Code of Conduct is communicated to our suppliers and is also available to them on the KACO homepage.<\/li><li>Complaints about human rights violations or disregard for the environmental standards of our organisation can be forwarded to KACO at any time. The whistleblower system is accessible to KACO employees (f\/m\/d) as well as to all suppliers in our supply chain and all business partners via the KACO website www.kaco.de.<\/li><li>If we receive information about violations of our guidelines through this whistleblower system, these are examined and evaluated in accordance with internal regulations and, if necessary, measures are worked out together with the corresponding supplier.<\/li><li>A report is communicated annually to the management, in which the risks, the measures introduced, the effectiveness of the measures and an evaluation of the effectiveness of the system are presented. This report is archived for at least 7 years.<\/li><li>All the measures described are additionally checked once a year and on an ad-hoc basis for their appropriateness and are constantly developed further.<\/li><\/ul><p>\u00a0<\/p>\t\t\t\t\t\t\t\t<\/div>\n\t\t\t\t<\/div>\n\t\t\t\t<\/div>\n\t\t<div class=\"elementor-element elementor-element-99370e4 e-con-full e-flex e-con e-child\" data-id=\"99370e4\" data-element_type=\"container\">\n\t\t\t\t<\/div>\n\t\t\t\t\t<\/div>\n\t\t\t\t<\/div>\n\t\t<div class=\"elementor-element elementor-element-ea571b1 e-flex e-con-boxed e-con e-parent\" data-id=\"ea571b1\" data-element_type=\"container\">\n\t\t\t\t\t<div class=\"e-con-inner\">\n\t\t\t\t<div class=\"elementor-element elementor-element-8fd22ed elementor-widget elementor-widget-button\" data-id=\"8fd22ed\" data-element_type=\"widget\" data-widget_type=\"button.default\">\n\t\t\t\t<div class=\"elementor-widget-container\">\n\t\t\t\t\t\t\t\t\t<div class=\"elementor-button-wrapper\">\n\t\t\t\t\t<a class=\"elementor-button elementor-button-link elementor-size-sm\" href=\"https:\/\/kaco.de\/wp-content\/uploads\/RD_F110_10_-Menschenrechtsstrategie.pdf\">\n\t\t\t\t\t\t<span class=\"elementor-button-content-wrapper\">\n\t\t\t\t\t\t\t\t\t<span class=\"elementor-button-text\">Download PDF<\/span>\n\t\t\t\t\t<\/span>\n\t\t\t\t\t<\/a>\n\t\t\t\t<\/div>\n\t\t\t\t\t\t\t\t<\/div>\n\t\t\t\t<\/div>\n\t\t\t\t\t<\/div>\n\t\t\t\t<\/div>\n\t\t\t\t<\/div>\n\t\t","protected":false},"excerpt":{"rendered":"<p>Philosophy Human rights strategy KACO is a company with a medium-sized culture that is aware of its responsibility towards respecting human rights and protecting the climate and the environment. Our values are based, among other things, on the United Nations Guiding Principles on Business and Human Rights (UNGP). We have set out these Guiding Principles [&hellip;]<\/p>\n","protected":false},"author":9,"featured_media":0,"parent":10803,"menu_order":0,"comment_status":"closed","ping_status":"closed","template":"","meta":{"_acf_changed":false,"site-sidebar-layout":"no-sidebar","site-content-layout":"page-builder","ast-site-content-layout":"full-width-container","site-content-style":"default","site-sidebar-style":"default","ast-global-header-display":"","ast-banner-title-visibility":"","ast-main-header-display":"","ast-hfb-above-header-display":"","ast-hfb-below-header-display":"","ast-hfb-mobile-header-display":"","site-post-title":"disabled","ast-breadcrumbs-content":"","ast-featured-img":"disabled","footer-sml-layout":"","ast-disable-related-posts":"","theme-transparent-header-meta":"","adv-header-id-meta":"","stick-header-meta":"","header-above-stick-meta":"","header-main-stick-meta":"","header-below-stick-meta":"","astra-migrate-meta-layouts":"set","ast-page-background-enabled":"default","ast-page-background-meta":{"desktop":{"background-color":"var(--ast-global-color-4)","background-image":"","background-repeat":"repeat","background-position":"center center","background-size":"auto","background-attachment":"scroll","background-type":"","background-media":"","overlay-type":"","overlay-color":"","overlay-opacity":"","overlay-gradient":""},"tablet":{"background-color":"","background-image":"","background-repeat":"repeat","background-position":"center center","background-size":"auto","background-attachment":"scroll","background-type":"","background-media":"","overlay-type":"","overlay-color":"","overlay-opacity":"","overlay-gradient":""},"mobile":{"background-color":"","background-image":"","background-repeat":"repeat","background-position":"center center","background-size":"auto","background-attachment":"scroll","background-type":"","background-media":"","overlay-type":"","overlay-color":"","overlay-opacity":"","overlay-gradient":""}},"ast-content-background-meta":{"desktop":{"background-color":"var(--ast-global-color-5)","background-image":"","background-repeat":"repeat","background-position":"center center","background-size":"auto","background-attachment":"scroll","background-type":"","background-media":"","overlay-type":"","overlay-color":"","overlay-opacity":"","overlay-gradient":""},"tablet":{"background-color":"var(--ast-global-color-5)","background-image":"","background-repeat":"repeat","background-position":"center center","background-size":"auto","background-attachment":"scroll","background-type":"","background-media":"","overlay-type":"","overlay-color":"","overlay-opacity":"","overlay-gradient":""},"mobile":{"background-color":"var(--ast-global-color-5)","background-image":"","background-repeat":"repeat","background-position":"center center","background-size":"auto","background-attachment":"scroll","background-type":"","background-media":"","overlay-type":"","overlay-color":"","overlay-opacity":"","overlay-gradient":""}},"footnotes":""},"class_list":["post-30257","page","type-page","status-publish","hentry"],"acf":[],"yoast_head":"<!-- This site is optimized with the Yoast SEO plugin v27.6 - https:\/\/yoast.com\/product\/yoast-seo-wordpress\/ -->\n<title>Human rights strategy - KACO - Der Experte f\u00fcr Dichtungssysteme<\/title>\n<meta name=\"description\" content=\"Philosophy Human rights strategy KACO is a company with a medium-sized culture that is aware of its responsibility towards respecting human rights and\" \/>\n<meta name=\"robots\" content=\"index, follow, max-snippet:-1, max-image-preview:large, max-video-preview:-1\" \/>\n<link rel=\"canonical\" href=\"https:\/\/kaco.de\/en\/the-sealing-expert-kaco\/philosophy\/human-rights-strategy\/\" \/>\n<meta property=\"og:locale\" content=\"en_US\" \/>\n<meta property=\"og:type\" content=\"article\" \/>\n<meta property=\"og:title\" content=\"Human rights strategy - KACO - Der Experte f\u00fcr Dichtungssysteme\" \/>\n<meta property=\"og:description\" content=\"Philosophy Human rights strategy KACO is a company with a medium-sized culture that is aware of its responsibility towards respecting human rights and\" \/>\n<meta property=\"og:url\" content=\"https:\/\/kaco.de\/en\/the-sealing-expert-kaco\/philosophy\/human-rights-strategy\/\" \/>\n<meta property=\"og:site_name\" content=\"KACO - Der Experte f\u00fcr Dichtungssysteme\" \/>\n<meta property=\"article:modified_time\" content=\"2025-01-30T13:20:39+00:00\" \/>\n<meta property=\"og:image\" content=\"https:\/\/kaco.de\/wp-content\/uploads\/unternehmen-unternehmensleitbild-kaco@2x.jpg\" \/>\n\t<meta property=\"og:image:width\" content=\"2560\" \/>\n\t<meta property=\"og:image:height\" content=\"808\" \/>\n\t<meta property=\"og:image:type\" content=\"image\/jpeg\" \/>\n<meta name=\"twitter:card\" content=\"summary_large_image\" \/>\n<meta name=\"twitter:label1\" content=\"Est. reading time\" \/>\n\t<meta name=\"twitter:data1\" content=\"3 minutes\" \/>\n<script type=\"application\/ld+json\" class=\"yoast-schema-graph\">{\"@context\":\"https:\\\/\\\/schema.org\",\"@graph\":[{\"@type\":\"WebPage\",\"@id\":\"https:\\\/\\\/kaco.de\\\/en\\\/the-sealing-expert-kaco\\\/philosophy\\\/human-rights-strategy\\\/\",\"url\":\"https:\\\/\\\/kaco.de\\\/en\\\/the-sealing-expert-kaco\\\/philosophy\\\/human-rights-strategy\\\/\",\"name\":\"Human rights strategy - KACO - Der Experte f\u00fcr Dichtungssysteme\",\"isPartOf\":{\"@id\":\"https:\\\/\\\/kaco.de\\\/#website\"},\"primaryImageOfPage\":{\"@id\":\"https:\\\/\\\/kaco.de\\\/en\\\/the-sealing-expert-kaco\\\/philosophy\\\/human-rights-strategy\\\/#primaryimage\"},\"image\":{\"@id\":\"https:\\\/\\\/kaco.de\\\/en\\\/the-sealing-expert-kaco\\\/philosophy\\\/human-rights-strategy\\\/#primaryimage\"},\"thumbnailUrl\":\"https:\\\/\\\/kaco.de\\\/wp-content\\\/uploads\\\/unternehmen-unternehmensleitbild-kaco@2x.jpg\",\"datePublished\":\"2025-01-30T13:18:42+00:00\",\"dateModified\":\"2025-01-30T13:20:39+00:00\",\"description\":\"Philosophy Human rights strategy KACO is a company with a medium-sized culture that is aware of its responsibility towards respecting human rights and\",\"breadcrumb\":{\"@id\":\"https:\\\/\\\/kaco.de\\\/en\\\/the-sealing-expert-kaco\\\/philosophy\\\/human-rights-strategy\\\/#breadcrumb\"},\"inLanguage\":\"en-US\",\"potentialAction\":[{\"@type\":\"ReadAction\",\"target\":[\"https:\\\/\\\/kaco.de\\\/en\\\/the-sealing-expert-kaco\\\/philosophy\\\/human-rights-strategy\\\/\"]}]},{\"@type\":\"ImageObject\",\"inLanguage\":\"en-US\",\"@id\":\"https:\\\/\\\/kaco.de\\\/en\\\/the-sealing-expert-kaco\\\/philosophy\\\/human-rights-strategy\\\/#primaryimage\",\"url\":\"https:\\\/\\\/kaco.de\\\/wp-content\\\/uploads\\\/unternehmen-unternehmensleitbild-kaco@2x.jpg\",\"contentUrl\":\"https:\\\/\\\/kaco.de\\\/wp-content\\\/uploads\\\/unternehmen-unternehmensleitbild-kaco@2x.jpg\"},{\"@type\":\"BreadcrumbList\",\"@id\":\"https:\\\/\\\/kaco.de\\\/en\\\/the-sealing-expert-kaco\\\/philosophy\\\/human-rights-strategy\\\/#breadcrumb\",\"itemListElement\":[{\"@type\":\"ListItem\",\"position\":1,\"name\":\"Home\",\"item\":\"https:\\\/\\\/kaco.de\\\/en\\\/\"},{\"@type\":\"ListItem\",\"position\":2,\"name\":\"The sealing expert KACO\",\"item\":\"https:\\\/\\\/kaco.de\\\/en\\\/the-sealing-expert-kaco\\\/\"},{\"@type\":\"ListItem\",\"position\":3,\"name\":\"Philosophy\",\"item\":\"https:\\\/\\\/kaco.de\\\/en\\\/the-sealing-expert-kaco\\\/philosophy\\\/\"},{\"@type\":\"ListItem\",\"position\":4,\"name\":\"Human rights strategy\"}]},{\"@type\":\"WebSite\",\"@id\":\"https:\\\/\\\/kaco.de\\\/#website\",\"url\":\"https:\\\/\\\/kaco.de\\\/\",\"name\":\"KACO - Der Experte f\u00fcr Dichtungssysteme\",\"description\":\"Seien Sie mit unseren hochpr\u00e4zisen und anwendungsorientierten Dichtungsl\u00f6sungen bestens f\u00fcr die Automobil- und Maschinenbauindustrie ger\u00fcstet.\",\"publisher\":{\"@id\":\"https:\\\/\\\/kaco.de\\\/#organization\"},\"potentialAction\":[{\"@type\":\"SearchAction\",\"target\":{\"@type\":\"EntryPoint\",\"urlTemplate\":\"https:\\\/\\\/kaco.de\\\/?s={search_term_string}\"},\"query-input\":{\"@type\":\"PropertyValueSpecification\",\"valueRequired\":true,\"valueName\":\"search_term_string\"}}],\"inLanguage\":\"en-US\"},{\"@type\":\"Organization\",\"@id\":\"https:\\\/\\\/kaco.de\\\/#organization\",\"name\":\"KACO - Der Experte f\u00fcr Dichtungssysteme\",\"url\":\"https:\\\/\\\/kaco.de\\\/\",\"logo\":{\"@type\":\"ImageObject\",\"inLanguage\":\"en-US\",\"@id\":\"https:\\\/\\\/kaco.de\\\/#\\\/schema\\\/logo\\\/image\\\/\",\"url\":\"https:\\\/\\\/kaco.de\\\/wp-content\\\/uploads\\\/cropped-logo1.png\",\"contentUrl\":\"https:\\\/\\\/kaco.de\\\/wp-content\\\/uploads\\\/cropped-logo1.png\",\"width\":851,\"height\":254,\"caption\":\"KACO - Der Experte f\u00fcr Dichtungssysteme\"},\"image\":{\"@id\":\"https:\\\/\\\/kaco.de\\\/#\\\/schema\\\/logo\\\/image\\\/\"}}]}<\/script>\n<!-- \/ Yoast SEO plugin. -->","yoast_head_json":{"title":"Human rights strategy - KACO - Der Experte f\u00fcr Dichtungssysteme","description":"Philosophy Human rights strategy KACO is a company with a medium-sized culture that is aware of its responsibility towards respecting human rights and","robots":{"index":"index","follow":"follow","max-snippet":"max-snippet:-1","max-image-preview":"max-image-preview:large","max-video-preview":"max-video-preview:-1"},"canonical":"https:\/\/kaco.de\/en\/the-sealing-expert-kaco\/philosophy\/human-rights-strategy\/","og_locale":"en_US","og_type":"article","og_title":"Human rights strategy - KACO - Der Experte f\u00fcr Dichtungssysteme","og_description":"Philosophy Human rights strategy KACO is a company with a medium-sized culture that is aware of its responsibility towards respecting human rights and","og_url":"https:\/\/kaco.de\/en\/the-sealing-expert-kaco\/philosophy\/human-rights-strategy\/","og_site_name":"KACO - Der Experte f\u00fcr Dichtungssysteme","article_modified_time":"2025-01-30T13:20:39+00:00","og_image":[{"width":2560,"height":808,"url":"https:\/\/kaco.de\/wp-content\/uploads\/unternehmen-unternehmensleitbild-kaco@2x.jpg","type":"image\/jpeg"}],"twitter_card":"summary_large_image","twitter_misc":{"Est. reading time":"3 minutes"},"schema":{"@context":"https:\/\/schema.org","@graph":[{"@type":"WebPage","@id":"https:\/\/kaco.de\/en\/the-sealing-expert-kaco\/philosophy\/human-rights-strategy\/","url":"https:\/\/kaco.de\/en\/the-sealing-expert-kaco\/philosophy\/human-rights-strategy\/","name":"Human rights strategy - KACO - Der Experte f\u00fcr Dichtungssysteme","isPartOf":{"@id":"https:\/\/kaco.de\/#website"},"primaryImageOfPage":{"@id":"https:\/\/kaco.de\/en\/the-sealing-expert-kaco\/philosophy\/human-rights-strategy\/#primaryimage"},"image":{"@id":"https:\/\/kaco.de\/en\/the-sealing-expert-kaco\/philosophy\/human-rights-strategy\/#primaryimage"},"thumbnailUrl":"https:\/\/kaco.de\/wp-content\/uploads\/unternehmen-unternehmensleitbild-kaco@2x.jpg","datePublished":"2025-01-30T13:18:42+00:00","dateModified":"2025-01-30T13:20:39+00:00","description":"Philosophy Human rights strategy KACO is a company with a medium-sized culture that is aware of its responsibility towards respecting human rights and","breadcrumb":{"@id":"https:\/\/kaco.de\/en\/the-sealing-expert-kaco\/philosophy\/human-rights-strategy\/#breadcrumb"},"inLanguage":"en-US","potentialAction":[{"@type":"ReadAction","target":["https:\/\/kaco.de\/en\/the-sealing-expert-kaco\/philosophy\/human-rights-strategy\/"]}]},{"@type":"ImageObject","inLanguage":"en-US","@id":"https:\/\/kaco.de\/en\/the-sealing-expert-kaco\/philosophy\/human-rights-strategy\/#primaryimage","url":"https:\/\/kaco.de\/wp-content\/uploads\/unternehmen-unternehmensleitbild-kaco@2x.jpg","contentUrl":"https:\/\/kaco.de\/wp-content\/uploads\/unternehmen-unternehmensleitbild-kaco@2x.jpg"},{"@type":"BreadcrumbList","@id":"https:\/\/kaco.de\/en\/the-sealing-expert-kaco\/philosophy\/human-rights-strategy\/#breadcrumb","itemListElement":[{"@type":"ListItem","position":1,"name":"Home","item":"https:\/\/kaco.de\/en\/"},{"@type":"ListItem","position":2,"name":"The sealing expert KACO","item":"https:\/\/kaco.de\/en\/the-sealing-expert-kaco\/"},{"@type":"ListItem","position":3,"name":"Philosophy","item":"https:\/\/kaco.de\/en\/the-sealing-expert-kaco\/philosophy\/"},{"@type":"ListItem","position":4,"name":"Human rights strategy"}]},{"@type":"WebSite","@id":"https:\/\/kaco.de\/#website","url":"https:\/\/kaco.de\/","name":"KACO - Der Experte f\u00fcr Dichtungssysteme","description":"Seien Sie mit unseren hochpr\u00e4zisen und anwendungsorientierten Dichtungsl\u00f6sungen bestens f\u00fcr die Automobil- und Maschinenbauindustrie ger\u00fcstet.","publisher":{"@id":"https:\/\/kaco.de\/#organization"},"potentialAction":[{"@type":"SearchAction","target":{"@type":"EntryPoint","urlTemplate":"https:\/\/kaco.de\/?s={search_term_string}"},"query-input":{"@type":"PropertyValueSpecification","valueRequired":true,"valueName":"search_term_string"}}],"inLanguage":"en-US"},{"@type":"Organization","@id":"https:\/\/kaco.de\/#organization","name":"KACO - Der Experte f\u00fcr Dichtungssysteme","url":"https:\/\/kaco.de\/","logo":{"@type":"ImageObject","inLanguage":"en-US","@id":"https:\/\/kaco.de\/#\/schema\/logo\/image\/","url":"https:\/\/kaco.de\/wp-content\/uploads\/cropped-logo1.png","contentUrl":"https:\/\/kaco.de\/wp-content\/uploads\/cropped-logo1.png","width":851,"height":254,"caption":"KACO - Der Experte f\u00fcr Dichtungssysteme"},"image":{"@id":"https:\/\/kaco.de\/#\/schema\/logo\/image\/"}}]}},"_links":{"self":[{"href":"https:\/\/kaco.de\/en\/wp-json\/wp\/v2\/pages\/30257","targetHints":{"allow":["GET"]}}],"collection":[{"href":"https:\/\/kaco.de\/en\/wp-json\/wp\/v2\/pages"}],"about":[{"href":"https:\/\/kaco.de\/en\/wp-json\/wp\/v2\/types\/page"}],"author":[{"embeddable":true,"href":"https:\/\/kaco.de\/en\/wp-json\/wp\/v2\/users\/9"}],"replies":[{"embeddable":true,"href":"https:\/\/kaco.de\/en\/wp-json\/wp\/v2\/comments?post=30257"}],"version-history":[{"count":7,"href":"https:\/\/kaco.de\/en\/wp-json\/wp\/v2\/pages\/30257\/revisions"}],"predecessor-version":[{"id":30264,"href":"https:\/\/kaco.de\/en\/wp-json\/wp\/v2\/pages\/30257\/revisions\/30264"}],"up":[{"embeddable":true,"href":"https:\/\/kaco.de\/en\/wp-json\/wp\/v2\/pages\/10803"}],"wp:attachment":[{"href":"https:\/\/kaco.de\/en\/wp-json\/wp\/v2\/media?parent=30257"}],"curies":[{"name":"wp","href":"https:\/\/api.w.org\/{rel}","templated":true}]}}