{"id":13330,"date":"2022-01-14T18:01:44","date_gmt":"2022-01-14T17:01:44","guid":{"rendered":"https:\/\/kaco21.neckarfreunde.net\/?page_id=13330"},"modified":"2022-03-03T14:52:50","modified_gmt":"2022-03-03T13:52:50","slug":"filozofia","status":"publish","type":"page","link":"https:\/\/kaco.de\/hu\/vallalat\/filozofia\/","title":{"rendered":"Filoz\u00f3fia"},"content":{"rendered":"\t\t<div data-elementor-type=\"wp-page\" data-elementor-id=\"13330\" class=\"elementor elementor-13330 elementor-335\" data-elementor-post-type=\"page\">\n\t\t\t\t\t\t<section class=\"elementor-section elementor-top-section elementor-element elementor-element-f8625b8 elementor-section-full_width elementor-section-stretched elementor-section-height-default elementor-section-height-default\" data-id=\"f8625b8\" data-element_type=\"section\" data-settings=\"{&quot;stretch_section&quot;:&quot;section-stretched&quot;}\">\n\t\t\t\t\t\t<div class=\"elementor-container elementor-column-gap-default\">\n\t\t\t\t\t<div class=\"elementor-column elementor-col-100 elementor-top-column elementor-element elementor-element-dd4c701\" data-id=\"dd4c701\" data-element_type=\"column\">\n\t\t\t<div class=\"elementor-widget-wrap elementor-element-populated\">\n\t\t\t\t\t\t<div class=\"elementor-element elementor-element-a4ac588 elementor-widget elementor-widget-image\" data-id=\"a4ac588\" data-element_type=\"widget\" data-widget_type=\"image.default\">\n\t\t\t\t<div class=\"elementor-widget-container\">\n\t\t\t\t\t\t\t\t\t\t\t\t\t\t\t<img fetchpriority=\"high\" decoding=\"async\" width=\"1900\" height=\"600\" src=\"https:\/\/kaco.de\/wp-content\/uploads\/philosophie-kaco@2x.jpg\" class=\"attachment-full size-full wp-image-5934\" alt=\"\" \/>\t\t\t\t\t\t\t\t\t\t\t\t\t\t\t<\/div>\n\t\t\t\t<\/div>\n\t\t\t\t\t<\/div>\n\t\t<\/div>\n\t\t\t\t\t<\/div>\n\t\t<\/section>\n\t\t\t\t<section class=\"elementor-section elementor-top-section elementor-element elementor-element-582b68b elementor-section-content-bottom elementor-section-stretched pageheader elementor-section-boxed elementor-section-height-default elementor-section-height-default\" data-id=\"582b68b\" data-element_type=\"section\" data-settings=\"{&quot;background_background&quot;:&quot;classic&quot;,&quot;stretch_section&quot;:&quot;section-stretched&quot;}\">\n\t\t\t\t\t\t<div class=\"elementor-container elementor-column-gap-default\">\n\t\t\t\t\t<div class=\"elementor-column elementor-col-50 elementor-top-column elementor-element elementor-element-93ef2ac pageheader-row-left\" data-id=\"93ef2ac\" data-element_type=\"column\" data-settings=\"{&quot;background_background&quot;:&quot;classic&quot;}\">\n\t\t\t<div class=\"elementor-widget-wrap elementor-element-populated\">\n\t\t\t\t\t\t<div class=\"elementor-element elementor-element-9a8ed5f elementor-widget elementor-widget-heading\" data-id=\"9a8ed5f\" data-element_type=\"widget\" data-widget_type=\"heading.default\">\n\t\t\t\t<div class=\"elementor-widget-container\">\n\t\t\t\t\t<span class=\"elementor-heading-title elementor-size-default\">Filoz\u00f3fi\u00e1nk<\/span>\t\t\t\t<\/div>\n\t\t\t\t<\/div>\n\t\t\t\t<div class=\"elementor-element elementor-element-5a0448b elementor-widget elementor-widget-heading\" data-id=\"5a0448b\" data-element_type=\"widget\" data-widget_type=\"heading.default\">\n\t\t\t\t<div class=\"elementor-widget-container\">\n\t\t\t\t\t<h1 class=\"elementor-heading-title elementor-size-default\">Folyamatos fejl\u0151d\u00e9s \u2013 a siker kulcsa<\/h1>\t\t\t\t<\/div>\n\t\t\t\t<\/div>\n\t\t\t\t\t<\/div>\n\t\t<\/div>\n\t\t\t\t<div class=\"elementor-column elementor-col-50 elementor-top-column elementor-element elementor-element-bb6528b\" data-id=\"bb6528b\" data-element_type=\"column\">\n\t\t\t<div class=\"elementor-widget-wrap\">\n\t\t\t\t\t\t\t<\/div>\n\t\t<\/div>\n\t\t\t\t\t<\/div>\n\t\t<\/section>\n\t\t\t\t<section class=\"elementor-section elementor-top-section elementor-element elementor-element-6ab4049 elementor-section-stretched elementor-section-boxed elementor-section-height-default elementor-section-height-default\" data-id=\"6ab4049\" data-element_type=\"section\" data-settings=\"{&quot;stretch_section&quot;:&quot;section-stretched&quot;,&quot;background_background&quot;:&quot;classic&quot;}\">\n\t\t\t\t\t\t<div class=\"elementor-container elementor-column-gap-default\">\n\t\t\t\t\t<div class=\"elementor-column elementor-col-50 elementor-top-column elementor-element elementor-element-223ed03\" data-id=\"223ed03\" data-element_type=\"column\">\n\t\t\t<div class=\"elementor-widget-wrap elementor-element-populated\">\n\t\t\t\t\t\t<div class=\"elementor-element elementor-element-6adf049 elementor-widget elementor-widget-text-editor\" data-id=\"6adf049\" data-element_type=\"widget\" data-widget_type=\"text-editor.default\">\n\t\t\t\t<div class=\"elementor-widget-container\">\n\t\t\t\t\t\t\t\t\t<p>A KACO egy glob\u00e1lisan tev\u00e9kenyked\u0151, kkv-kult\u00fara \u00e1ltal \u00e1thatott v\u00e1llalat.<\/p>\n<p>\u00c9rtj\u00fck \u00e9s tiszteletben tartjuk a k\u00fcl\u00f6nb\u00f6z\u0151 r\u00e9gi\u00f3k k\u00f6z\u00f6tti kultur\u00e1lis k\u00fcl\u00f6nbs\u00e9geket, \u00e9s rugalmas szervezetet m\u0171k\u00f6dtet\u00fcnk, lapos hierarchi\u00e1val \u00e9s gyors d\u00f6nt\u00e9shozatali folyamatokkal. A valamennyi r\u00e9gi\u00f3ban megval\u00f3s\u00edtott fenntarthat\u00f3 n\u00f6veked\u00e9s a v\u00e1llalat hossz\u00fa t\u00e1v\u00fa \u00e9letk\u00e9pess\u00e9g\u00e9nek a sarokpill\u00e9re \u2013 a folyamatos fejl\u0151d\u00e9s pedig sikereink kulcsa.<\/p>\n<p>\u00dcgyfeleinkkel k\u00f6z\u00f6sen k\u00f6vetj\u00fck a legfrissebb trendeket \u00e9s ir\u00e1nymutat\u00f3, a glob\u00e1lis piacot kiszolg\u00e1l\u00f3 megold\u00e1sokat dolgozunk ki. Mindek\u00f6zben nemcsak az \u00fcgyf\u00e9l \u00e1ll tev\u00e9kenys\u00e9g\u00fcnk k\u00f6z\u00e9ppontj\u00e1ban, hanem a fenntarthat\u00f3s\u00e1g is. Mindent megtesz\u00fcnk term\u00e9keink \u00e9s folyamataink oly m\u00f3don t\u00f6rt\u00e9n\u0151 fejleszt\u00e9se \u00e9rdek\u00e9ben, hogy azok a lehet\u0151 legkisebb m\u00e9rt\u00e9kben terhelj\u00e9k a k\u00f6rnyezetet \u00e9s a lehet\u0151 legjobb min\u0151s\u00e9get k\u00e9pviselj\u00e9k. Ennek a min\u0151s\u00e9gi v\u00e1llal\u00e1snak az alapja a birtokunkban l\u00e9v\u0151 technol\u00f3giai know-how, hiszen ezen alapul a megold\u00e1sainkhoz kapcsol\u00f3d\u00f3 szak\u00e9rtelem.<\/p>\n<p>Ezen t\u00falmen\u0151en elk\u00f6telezettek vagyunk a munkat\u00e1rsainkkal, \u00fcgyfeleinkkel, partnereinkkel \u00e9s minden m\u00e1s \u00e9rdekelt f\u00e9llel val\u00f3 tisztess\u00e9ges b\u00e1n\u00e1sm\u00f3d mellett. Tiszt\u00e1ban vagyunk munkat\u00e1rsaink \u00e9s a t\u00e1rsadalom ir\u00e1nti felel\u0151ss\u00e9g\u00fcnkkel. \u00c9ppen ez\u00e9rt a KACO nemcsak t\u00e1rsadalmilag \u00e9s k\u00f6z\u00f6ss\u00e9gileg elk\u00f6telezett, hanem munkat\u00e1rsait is a v\u00e1llalat legfontosabb \u00e9rt\u00e9keinek tekinti.<\/p>\n<p>Szak\u00e9rt\u0151k vagyunk a tev\u00e9kenys\u00e9gi ter\u00fclet\u00fcnk\u00f6n. Sikereinket munkat\u00e1rsaink k\u00f6zrem\u0171k\u00f6d\u00e9s\u00e9vel tudjuk garant\u00e1lni, ez\u00e9rt b\u00e1tor\u00edtjuk \u0151ket, felel\u0151ss\u00e9get ruh\u00e1zunk r\u00e1juk \u00e9s bizalmat szavazunk nekik. Mindezek sor\u00e1n nincs helye a rasszizmusnak vagy a diszkrimin\u00e1ci\u00f3nak.<\/p>\n\t\t\t\t\t\t\t\t<\/div>\n\t\t\t\t<\/div>\n\t\t\t\t<div class=\"elementor-element elementor-element-a0d2f65 elementor-widget elementor-widget-spacer\" data-id=\"a0d2f65\" data-element_type=\"widget\" data-widget_type=\"spacer.default\">\n\t\t\t\t<div class=\"elementor-widget-container\">\n\t\t\t\t\t\t\t<div class=\"elementor-spacer\">\n\t\t\t<div class=\"elementor-spacer-inner\"><\/div>\n\t\t<\/div>\n\t\t\t\t\t\t<\/div>\n\t\t\t\t<\/div>\n\t\t\t\t<div class=\"elementor-element elementor-element-8b1e13e elementor-widget elementor-widget-button\" data-id=\"8b1e13e\" data-element_type=\"widget\" data-widget_type=\"button.default\">\n\t\t\t\t<div class=\"elementor-widget-container\">\n\t\t\t\t\t\t\t\t\t<div class=\"elementor-button-wrapper\">\n\t\t\t\t\t<a class=\"elementor-button elementor-button-link elementor-size-sm\" href=\"https:\/\/kaco.de\/hu\/vallalat\/filozofia\/vallalati-elvek\/\">\n\t\t\t\t\t\t<span class=\"elementor-button-content-wrapper\">\n\t\t\t\t\t\t\t\t\t<span class=\"elementor-button-text\">V\u00e1llalati k\u00fcldet\u00e9snyilatkozat<\/span>\n\t\t\t\t\t<\/span>\n\t\t\t\t\t<\/a>\n\t\t\t\t<\/div>\n\t\t\t\t\t\t\t\t<\/div>\n\t\t\t\t<\/div>\n\t\t\t\t<div class=\"elementor-element elementor-element-dba0284 elementor-widget elementor-widget-button\" data-id=\"dba0284\" data-element_type=\"widget\" data-widget_type=\"button.default\">\n\t\t\t\t<div class=\"elementor-widget-container\">\n\t\t\t\t\t\t\t\t\t<div class=\"elementor-button-wrapper\">\n\t\t\t\t\t<a class=\"elementor-button elementor-button-link elementor-size-sm\" href=\"https:\/\/kaco.de\/hu\/vallalat\/filozofia\/tarsadalmi-normak\/\">\n\t\t\t\t\t\t<span class=\"elementor-button-content-wrapper\">\n\t\t\t\t\t\t\t\t\t<span class=\"elementor-button-text\">T\u00e1rsadalmi elv\u00e1r\u00e1sok<\/span>\n\t\t\t\t\t<\/span>\n\t\t\t\t\t<\/a>\n\t\t\t\t<\/div>\n\t\t\t\t\t\t\t\t<\/div>\n\t\t\t\t<\/div>\n\t\t\t\t<div class=\"elementor-element elementor-element-ca25487 elementor-widget elementor-widget-button\" data-id=\"ca25487\" data-element_type=\"widget\" data-widget_type=\"button.default\">\n\t\t\t\t<div class=\"elementor-widget-container\">\n\t\t\t\t\t\t\t\t\t<div class=\"elementor-button-wrapper\">\n\t\t\t\t\t<a class=\"elementor-button elementor-button-link elementor-size-sm\" href=\"https:\/\/kaco.de\/hu\/vallalat\/filozofia\/korrupcioellenes-iranyelv\/\">\n\t\t\t\t\t\t<span class=\"elementor-button-content-wrapper\">\n\t\t\t\t\t\t\t\t\t<span class=\"elementor-button-text\">Korrupci\u00f3ellenes ir\u00e1nyelv<\/span>\n\t\t\t\t\t<\/span>\n\t\t\t\t\t<\/a>\n\t\t\t\t<\/div>\n\t\t\t\t\t\t\t\t<\/div>\n\t\t\t\t<\/div>\n\t\t\t\t<div class=\"elementor-element elementor-element-fec60f6 elementor-widget elementor-widget-button\" data-id=\"fec60f6\" data-element_type=\"widget\" data-widget_type=\"button.default\">\n\t\t\t\t<div class=\"elementor-widget-container\">\n\t\t\t\t\t\t\t\t\t<div class=\"elementor-button-wrapper\">\n\t\t\t\t\t<a class=\"elementor-button elementor-button-link elementor-size-sm\" href=\"https:\/\/kaco.de\/hu\/vallalat\/filozofia\/informacio-es-adatvedelmi-biztonsagi-iranyelv\/\">\n\t\t\t\t\t\t<span class=\"elementor-button-content-wrapper\">\n\t\t\t\t\t\t\t\t\t<span class=\"elementor-button-text\">Inform\u00e1ci\u00f3- \u00e9s adatv\u00e9delmi biztons\u00e1gi ir\u00e1nyelv<\/span>\n\t\t\t\t\t<\/span>\n\t\t\t\t\t<\/a>\n\t\t\t\t<\/div>\n\t\t\t\t\t\t\t\t<\/div>\n\t\t\t\t<\/div>\n\t\t\t\t<div class=\"elementor-element elementor-element-53c0623 elementor-widget elementor-widget-spacer\" data-id=\"53c0623\" data-element_type=\"widget\" data-widget_type=\"spacer.default\">\n\t\t\t\t<div class=\"elementor-widget-container\">\n\t\t\t\t\t\t\t<div class=\"elementor-spacer\">\n\t\t\t<div class=\"elementor-spacer-inner\"><\/div>\n\t\t<\/div>\n\t\t\t\t\t\t<\/div>\n\t\t\t\t<\/div>\n\t\t\t\t\t<\/div>\n\t\t<\/div>\n\t\t\t\t<div class=\"elementor-column elementor-col-50 elementor-top-column elementor-element elementor-element-05398c0\" data-id=\"05398c0\" data-element_type=\"column\">\n\t\t\t<div class=\"elementor-widget-wrap elementor-element-populated\">\n\t\t\t\t\t\t<div class=\"elementor-element elementor-element-77651c0 elementor-widget elementor-widget-image\" data-id=\"77651c0\" data-element_type=\"widget\" data-widget_type=\"image.default\">\n\t\t\t\t<div class=\"elementor-widget-container\">\n\t\t\t\t\t\t\t\t\t\t\t\t\t\t\t<img decoding=\"async\" width=\"1024\" height=\"683\" src=\"https:\/\/kaco.de\/wp-content\/uploads\/unternehmen-philosophie-kaco@2x.jpg\" class=\"attachment-large size-large wp-image-7737\" alt=\"Unternehmen Philosophie Kaco\" \/>\t\t\t\t\t\t\t\t\t\t\t\t\t\t\t<\/div>\n\t\t\t\t<\/div>\n\t\t\t\t\t<\/div>\n\t\t<\/div>\n\t\t\t\t\t<\/div>\n\t\t<\/section>\n\t\t\t\t<\/div>\n\t\t","protected":false},"excerpt":{"rendered":"<p>Filoz\u00f3fi\u00e1nk Folyamatos fejl\u0151d\u00e9s \u2013 a siker kulcsa A KACO egy glob\u00e1lisan tev\u00e9kenyked\u0151, kkv-kult\u00fara \u00e1ltal \u00e1thatott v\u00e1llalat. \u00c9rtj\u00fck \u00e9s tiszteletben tartjuk a k\u00fcl\u00f6nb\u00f6z\u0151 r\u00e9gi\u00f3k k\u00f6z\u00f6tti kultur\u00e1lis k\u00fcl\u00f6nbs\u00e9geket, \u00e9s rugalmas szervezetet m\u0171k\u00f6dtet\u00fcnk, lapos hierarchi\u00e1val \u00e9s gyors d\u00f6nt\u00e9shozatali folyamatokkal. A valamennyi r\u00e9gi\u00f3ban megval\u00f3s\u00edtott fenntarthat\u00f3 n\u00f6veked\u00e9s a v\u00e1llalat hossz\u00fa t\u00e1v\u00fa \u00e9letk\u00e9pess\u00e9g\u00e9nek a sarokpill\u00e9re \u2013 a folyamatos fejl\u0151d\u00e9s pedig sikereink [&hellip;]<\/p>\n","protected":false},"author":3,"featured_media":0,"parent":13296,"menu_order":0,"comment_status":"closed","ping_status":"closed","template":"","meta":{"_acf_changed":false,"site-sidebar-layout":"no-sidebar","site-content-layout":"page-builder","ast-site-content-layout":"default","site-content-style":"default","site-sidebar-style":"default","ast-global-header-display":"","ast-banner-title-visibility":"","ast-main-header-display":"","ast-hfb-above-header-display":"","ast-hfb-below-header-display":"","ast-hfb-mobile-header-display":"","site-post-title":"disabled","ast-breadcrumbs-content":"","ast-featured-img":"disabled","footer-sml-layout":"","ast-disable-related-posts":"","theme-transparent-header-meta":"","adv-header-id-meta":"","stick-header-meta":"","header-above-stick-meta":"","header-main-stick-meta":"","header-below-stick-meta":"","astra-migrate-meta-layouts":"default","ast-page-background-enabled":"default","ast-page-background-meta":{"desktop":{"background-color":"var(--ast-global-color-4)","background-image":"","background-repeat":"repeat","background-position":"center center","background-size":"auto","background-attachment":"scroll","background-type":"","background-media":"","overlay-type":"","overlay-color":"","overlay-opacity":"","overlay-gradient":""},"tablet":{"background-color":"","background-image":"","background-repeat":"repeat","background-position":"center center","background-size":"auto","background-attachment":"scroll","background-type":"","background-media":"","overlay-type":"","overlay-color":"","overlay-opacity":"","overlay-gradient":""},"mobile":{"background-color":"","background-image":"","background-repeat":"repeat","background-position":"center center","background-size":"auto","background-attachment":"scroll","background-type":"","background-media":"","overlay-type":"","overlay-color":"","overlay-opacity":"","overlay-gradient":""}},"ast-content-background-meta":{"desktop":{"background-color":"var(--ast-global-color-5)","background-image":"","background-repeat":"repeat","background-position":"center center","background-size":"auto","background-attachment":"scroll","background-type":"","background-media":"","overlay-type":"","overlay-color":"","overlay-opacity":"","overlay-gradient":""},"tablet":{"background-color":"var(--ast-global-color-5)","background-image":"","background-repeat":"repeat","background-position":"center center","background-size":"auto","background-attachment":"scroll","background-type":"","background-media":"","overlay-type":"","overlay-color":"","overlay-opacity":"","overlay-gradient":""},"mobile":{"background-color":"var(--ast-global-color-5)","background-image":"","background-repeat":"repeat","background-position":"center center","background-size":"auto","background-attachment":"scroll","background-type":"","background-media":"","overlay-type":"","overlay-color":"","overlay-opacity":"","overlay-gradient":""}},"footnotes":""},"class_list":["post-13330","page","type-page","status-publish","hentry"],"acf":[],"yoast_head":"<!-- This site is optimized with the Yoast SEO plugin v27.5 - https:\/\/yoast.com\/product\/yoast-seo-wordpress\/ -->\n<title>Filoz\u00f3fia - KACO - Der Experte f\u00fcr Dichtungssysteme<\/title>\n<meta name=\"description\" content=\"Filoz\u00f3fi\u00e1nk Folyamatos fejl\u0151d\u00e9s \u2013 a siker kulcsa A KACO egy glob\u00e1lisan tev\u00e9kenyked\u0151, kkv-kult\u00fara \u00e1ltal \u00e1thatott v\u00e1llalat. \u00c9rtj\u00fck \u00e9s tiszteletben tartjuk a\" \/>\n<meta name=\"robots\" content=\"index, follow, max-snippet:-1, max-image-preview:large, max-video-preview:-1\" \/>\n<link rel=\"canonical\" href=\"https:\/\/kaco.de\/hu\/vallalat\/filozofia\/\" \/>\n<meta property=\"og:locale\" content=\"hu_HU\" \/>\n<meta property=\"og:type\" content=\"article\" \/>\n<meta property=\"og:title\" content=\"Filoz\u00f3fia - KACO - Der Experte f\u00fcr Dichtungssysteme\" \/>\n<meta property=\"og:description\" content=\"Filoz\u00f3fi\u00e1nk Folyamatos fejl\u0151d\u00e9s \u2013 a siker kulcsa A KACO egy glob\u00e1lisan tev\u00e9kenyked\u0151, kkv-kult\u00fara \u00e1ltal \u00e1thatott v\u00e1llalat. \u00c9rtj\u00fck \u00e9s tiszteletben tartjuk a\" \/>\n<meta property=\"og:url\" content=\"https:\/\/kaco.de\/hu\/vallalat\/filozofia\/\" \/>\n<meta property=\"og:site_name\" content=\"KACO - Der Experte f\u00fcr Dichtungssysteme\" \/>\n<meta property=\"article:modified_time\" content=\"2022-03-03T13:52:50+00:00\" \/>\n<meta property=\"og:image\" content=\"https:\/\/kaco.de\/wp-content\/uploads\/philosophie-kaco@2x.jpg\" \/>\n<meta name=\"twitter:card\" content=\"summary_large_image\" \/>\n<meta name=\"twitter:label1\" content=\"Becs\u00fclt olvas\u00e1si id\u0151\" \/>\n\t<meta name=\"twitter:data1\" content=\"2 perc\" \/>\n<script type=\"application\/ld+json\" class=\"yoast-schema-graph\">{\"@context\":\"https:\\\/\\\/schema.org\",\"@graph\":[{\"@type\":\"WebPage\",\"@id\":\"https:\\\/\\\/kaco.de\\\/hu\\\/vallalat\\\/filozofia\\\/\",\"url\":\"https:\\\/\\\/kaco.de\\\/hu\\\/vallalat\\\/filozofia\\\/\",\"name\":\"Filoz\u00f3fia - KACO - Der Experte f\u00fcr Dichtungssysteme\",\"isPartOf\":{\"@id\":\"https:\\\/\\\/kaco.de\\\/#website\"},\"primaryImageOfPage\":{\"@id\":\"https:\\\/\\\/kaco.de\\\/hu\\\/vallalat\\\/filozofia\\\/#primaryimage\"},\"image\":{\"@id\":\"https:\\\/\\\/kaco.de\\\/hu\\\/vallalat\\\/filozofia\\\/#primaryimage\"},\"thumbnailUrl\":\"https:\\\/\\\/kaco.de\\\/wp-content\\\/uploads\\\/philosophie-kaco@2x.jpg\",\"datePublished\":\"2022-01-14T17:01:44+00:00\",\"dateModified\":\"2022-03-03T13:52:50+00:00\",\"description\":\"Filoz\u00f3fi\u00e1nk Folyamatos fejl\u0151d\u00e9s \u2013 a siker kulcsa A KACO egy glob\u00e1lisan tev\u00e9kenyked\u0151, kkv-kult\u00fara \u00e1ltal \u00e1thatott v\u00e1llalat. \u00c9rtj\u00fck \u00e9s tiszteletben tartjuk a\",\"breadcrumb\":{\"@id\":\"https:\\\/\\\/kaco.de\\\/hu\\\/vallalat\\\/filozofia\\\/#breadcrumb\"},\"inLanguage\":\"hu\",\"potentialAction\":[{\"@type\":\"ReadAction\",\"target\":[\"https:\\\/\\\/kaco.de\\\/hu\\\/vallalat\\\/filozofia\\\/\"]}]},{\"@type\":\"ImageObject\",\"inLanguage\":\"hu\",\"@id\":\"https:\\\/\\\/kaco.de\\\/hu\\\/vallalat\\\/filozofia\\\/#primaryimage\",\"url\":\"https:\\\/\\\/kaco.de\\\/wp-content\\\/uploads\\\/philosophie-kaco@2x.jpg\",\"contentUrl\":\"https:\\\/\\\/kaco.de\\\/wp-content\\\/uploads\\\/philosophie-kaco@2x.jpg\"},{\"@type\":\"BreadcrumbList\",\"@id\":\"https:\\\/\\\/kaco.de\\\/hu\\\/vallalat\\\/filozofia\\\/#breadcrumb\",\"itemListElement\":[{\"@type\":\"ListItem\",\"position\":1,\"name\":\"Home\",\"item\":\"https:\\\/\\\/kaco.de\\\/hu\\\/ungarisch-startseite-test\\\/\"},{\"@type\":\"ListItem\",\"position\":2,\"name\":\"KACO, a t\u00f6m\u00edt\u00e9sek szak\u00e9rt\u0151je\",\"item\":\"https:\\\/\\\/kaco.de\\\/hu\\\/vallalat\\\/\"},{\"@type\":\"ListItem\",\"position\":3,\"name\":\"Filoz\u00f3fia\"}]},{\"@type\":\"WebSite\",\"@id\":\"https:\\\/\\\/kaco.de\\\/#website\",\"url\":\"https:\\\/\\\/kaco.de\\\/\",\"name\":\"KACO - Der Experte f\u00fcr Dichtungssysteme\",\"description\":\"Seien Sie mit unseren hochpr\u00e4zisen und anwendungsorientierten Dichtungsl\u00f6sungen bestens f\u00fcr die Automobil- und Maschinenbauindustrie ger\u00fcstet.\",\"publisher\":{\"@id\":\"https:\\\/\\\/kaco.de\\\/#organization\"},\"potentialAction\":[{\"@type\":\"SearchAction\",\"target\":{\"@type\":\"EntryPoint\",\"urlTemplate\":\"https:\\\/\\\/kaco.de\\\/?s={search_term_string}\"},\"query-input\":{\"@type\":\"PropertyValueSpecification\",\"valueRequired\":true,\"valueName\":\"search_term_string\"}}],\"inLanguage\":\"hu\"},{\"@type\":\"Organization\",\"@id\":\"https:\\\/\\\/kaco.de\\\/#organization\",\"name\":\"KACO - Der Experte f\u00fcr Dichtungssysteme\",\"url\":\"https:\\\/\\\/kaco.de\\\/\",\"logo\":{\"@type\":\"ImageObject\",\"inLanguage\":\"hu\",\"@id\":\"https:\\\/\\\/kaco.de\\\/#\\\/schema\\\/logo\\\/image\\\/\",\"url\":\"https:\\\/\\\/kaco.de\\\/wp-content\\\/uploads\\\/cropped-logo1.png\",\"contentUrl\":\"https:\\\/\\\/kaco.de\\\/wp-content\\\/uploads\\\/cropped-logo1.png\",\"width\":851,\"height\":254,\"caption\":\"KACO - Der Experte f\u00fcr Dichtungssysteme\"},\"image\":{\"@id\":\"https:\\\/\\\/kaco.de\\\/#\\\/schema\\\/logo\\\/image\\\/\"}}]}<\/script>\n<!-- \/ Yoast SEO plugin. -->","yoast_head_json":{"title":"Filoz\u00f3fia - KACO - Der Experte f\u00fcr Dichtungssysteme","description":"Filoz\u00f3fi\u00e1nk Folyamatos fejl\u0151d\u00e9s \u2013 a siker kulcsa A KACO egy glob\u00e1lisan tev\u00e9kenyked\u0151, kkv-kult\u00fara \u00e1ltal \u00e1thatott v\u00e1llalat. \u00c9rtj\u00fck \u00e9s tiszteletben tartjuk a","robots":{"index":"index","follow":"follow","max-snippet":"max-snippet:-1","max-image-preview":"max-image-preview:large","max-video-preview":"max-video-preview:-1"},"canonical":"https:\/\/kaco.de\/hu\/vallalat\/filozofia\/","og_locale":"hu_HU","og_type":"article","og_title":"Filoz\u00f3fia - KACO - Der Experte f\u00fcr Dichtungssysteme","og_description":"Filoz\u00f3fi\u00e1nk Folyamatos fejl\u0151d\u00e9s \u2013 a siker kulcsa A KACO egy glob\u00e1lisan tev\u00e9kenyked\u0151, kkv-kult\u00fara \u00e1ltal \u00e1thatott v\u00e1llalat. \u00c9rtj\u00fck \u00e9s tiszteletben tartjuk a","og_url":"https:\/\/kaco.de\/hu\/vallalat\/filozofia\/","og_site_name":"KACO - Der Experte f\u00fcr Dichtungssysteme","article_modified_time":"2022-03-03T13:52:50+00:00","og_image":[{"url":"https:\/\/kaco.de\/wp-content\/uploads\/philosophie-kaco@2x.jpg","type":"","width":"","height":""}],"twitter_card":"summary_large_image","twitter_misc":{"Becs\u00fclt olvas\u00e1si id\u0151":"2 perc"},"schema":{"@context":"https:\/\/schema.org","@graph":[{"@type":"WebPage","@id":"https:\/\/kaco.de\/hu\/vallalat\/filozofia\/","url":"https:\/\/kaco.de\/hu\/vallalat\/filozofia\/","name":"Filoz\u00f3fia - KACO - Der Experte f\u00fcr Dichtungssysteme","isPartOf":{"@id":"https:\/\/kaco.de\/#website"},"primaryImageOfPage":{"@id":"https:\/\/kaco.de\/hu\/vallalat\/filozofia\/#primaryimage"},"image":{"@id":"https:\/\/kaco.de\/hu\/vallalat\/filozofia\/#primaryimage"},"thumbnailUrl":"https:\/\/kaco.de\/wp-content\/uploads\/philosophie-kaco@2x.jpg","datePublished":"2022-01-14T17:01:44+00:00","dateModified":"2022-03-03T13:52:50+00:00","description":"Filoz\u00f3fi\u00e1nk Folyamatos fejl\u0151d\u00e9s \u2013 a siker kulcsa A KACO egy glob\u00e1lisan tev\u00e9kenyked\u0151, kkv-kult\u00fara \u00e1ltal \u00e1thatott v\u00e1llalat. \u00c9rtj\u00fck \u00e9s tiszteletben tartjuk a","breadcrumb":{"@id":"https:\/\/kaco.de\/hu\/vallalat\/filozofia\/#breadcrumb"},"inLanguage":"hu","potentialAction":[{"@type":"ReadAction","target":["https:\/\/kaco.de\/hu\/vallalat\/filozofia\/"]}]},{"@type":"ImageObject","inLanguage":"hu","@id":"https:\/\/kaco.de\/hu\/vallalat\/filozofia\/#primaryimage","url":"https:\/\/kaco.de\/wp-content\/uploads\/philosophie-kaco@2x.jpg","contentUrl":"https:\/\/kaco.de\/wp-content\/uploads\/philosophie-kaco@2x.jpg"},{"@type":"BreadcrumbList","@id":"https:\/\/kaco.de\/hu\/vallalat\/filozofia\/#breadcrumb","itemListElement":[{"@type":"ListItem","position":1,"name":"Home","item":"https:\/\/kaco.de\/hu\/ungarisch-startseite-test\/"},{"@type":"ListItem","position":2,"name":"KACO, a t\u00f6m\u00edt\u00e9sek szak\u00e9rt\u0151je","item":"https:\/\/kaco.de\/hu\/vallalat\/"},{"@type":"ListItem","position":3,"name":"Filoz\u00f3fia"}]},{"@type":"WebSite","@id":"https:\/\/kaco.de\/#website","url":"https:\/\/kaco.de\/","name":"KACO - Der Experte f\u00fcr Dichtungssysteme","description":"Seien Sie mit unseren hochpr\u00e4zisen und anwendungsorientierten Dichtungsl\u00f6sungen bestens f\u00fcr die Automobil- und Maschinenbauindustrie ger\u00fcstet.","publisher":{"@id":"https:\/\/kaco.de\/#organization"},"potentialAction":[{"@type":"SearchAction","target":{"@type":"EntryPoint","urlTemplate":"https:\/\/kaco.de\/?s={search_term_string}"},"query-input":{"@type":"PropertyValueSpecification","valueRequired":true,"valueName":"search_term_string"}}],"inLanguage":"hu"},{"@type":"Organization","@id":"https:\/\/kaco.de\/#organization","name":"KACO - Der Experte f\u00fcr Dichtungssysteme","url":"https:\/\/kaco.de\/","logo":{"@type":"ImageObject","inLanguage":"hu","@id":"https:\/\/kaco.de\/#\/schema\/logo\/image\/","url":"https:\/\/kaco.de\/wp-content\/uploads\/cropped-logo1.png","contentUrl":"https:\/\/kaco.de\/wp-content\/uploads\/cropped-logo1.png","width":851,"height":254,"caption":"KACO - Der Experte f\u00fcr Dichtungssysteme"},"image":{"@id":"https:\/\/kaco.de\/#\/schema\/logo\/image\/"}}]}},"_links":{"self":[{"href":"https:\/\/kaco.de\/hu\/wp-json\/wp\/v2\/pages\/13330","targetHints":{"allow":["GET"]}}],"collection":[{"href":"https:\/\/kaco.de\/hu\/wp-json\/wp\/v2\/pages"}],"about":[{"href":"https:\/\/kaco.de\/hu\/wp-json\/wp\/v2\/types\/page"}],"author":[{"embeddable":true,"href":"https:\/\/kaco.de\/hu\/wp-json\/wp\/v2\/users\/3"}],"replies":[{"embeddable":true,"href":"https:\/\/kaco.de\/hu\/wp-json\/wp\/v2\/comments?post=13330"}],"version-history":[{"count":0,"href":"https:\/\/kaco.de\/hu\/wp-json\/wp\/v2\/pages\/13330\/revisions"}],"up":[{"embeddable":true,"href":"https:\/\/kaco.de\/hu\/wp-json\/wp\/v2\/pages\/13296"}],"wp:attachment":[{"href":"https:\/\/kaco.de\/hu\/wp-json\/wp\/v2\/media?parent=13330"}],"curies":[{"name":"wp","href":"https:\/\/api.w.org\/{rel}","templated":true}]}}