{"id":13350,"date":"2022-01-14T18:29:49","date_gmt":"2022-01-14T17:29:49","guid":{"rendered":"https:\/\/kaco21.neckarfreunde.net\/?page_id=13350"},"modified":"2022-03-25T12:19:06","modified_gmt":"2022-03-25T11:19:06","slug":"a-kaco-szakteruletei","status":"publish","type":"page","link":"https:\/\/kaco.de\/hu\/kompetenciak\/a-kaco-szakteruletei\/","title":{"rendered":"A KACO kompetenciater\u00fcletei"},"content":{"rendered":"\t\t<div data-elementor-type=\"wp-page\" data-elementor-id=\"13350\" class=\"elementor elementor-13350 elementor-632\" data-elementor-post-type=\"page\">\n\t\t\t\t\t\t<section class=\"elementor-section elementor-top-section elementor-element elementor-element-19ff353 elementor-section-full_width elementor-section-stretched elementor-section-height-default elementor-section-height-default\" data-id=\"19ff353\" data-element_type=\"section\" data-settings=\"{&quot;stretch_section&quot;:&quot;section-stretched&quot;}\">\n\t\t\t\t\t\t<div class=\"elementor-container elementor-column-gap-default\">\n\t\t\t\t\t<div class=\"elementor-column elementor-col-100 elementor-top-column elementor-element elementor-element-c0d59dc\" data-id=\"c0d59dc\" data-element_type=\"column\">\n\t\t\t<div class=\"elementor-widget-wrap elementor-element-populated\">\n\t\t\t\t\t\t<div class=\"elementor-element elementor-element-8a7d65d elementor-widget elementor-widget-image\" data-id=\"8a7d65d\" data-element_type=\"widget\" data-widget_type=\"image.default\">\n\t\t\t\t<div class=\"elementor-widget-container\">\n\t\t\t\t\t\t\t\t\t\t\t\t\t\t\t<img fetchpriority=\"high\" decoding=\"async\" width=\"1900\" height=\"600\" src=\"https:\/\/kaco.de\/wp-content\/uploads\/kompetenzfelder-kaco@2x.jpg\" class=\"attachment-full size-full wp-image-5857\" alt=\"\" \/>\t\t\t\t\t\t\t\t\t\t\t\t\t\t\t<\/div>\n\t\t\t\t<\/div>\n\t\t\t\t\t<\/div>\n\t\t<\/div>\n\t\t\t\t\t<\/div>\n\t\t<\/section>\n\t\t\t\t<section class=\"elementor-section elementor-top-section elementor-element elementor-element-5c84e20 elementor-section-content-bottom elementor-section-stretched pageheader elementor-section-boxed elementor-section-height-default elementor-section-height-default\" data-id=\"5c84e20\" data-element_type=\"section\" data-settings=\"{&quot;background_background&quot;:&quot;classic&quot;,&quot;stretch_section&quot;:&quot;section-stretched&quot;}\">\n\t\t\t\t\t\t<div class=\"elementor-container elementor-column-gap-default\">\n\t\t\t\t\t<div class=\"elementor-column elementor-col-50 elementor-top-column elementor-element elementor-element-ebee327 pageheader-row-left\" data-id=\"ebee327\" data-element_type=\"column\" data-settings=\"{&quot;background_background&quot;:&quot;classic&quot;}\">\n\t\t\t<div class=\"elementor-widget-wrap elementor-element-populated\">\n\t\t\t\t\t\t<div class=\"elementor-element elementor-element-8f5813b elementor-widget elementor-widget-heading\" data-id=\"8f5813b\" data-element_type=\"widget\" data-widget_type=\"heading.default\">\n\t\t\t\t<div class=\"elementor-widget-container\">\n\t\t\t\t\t<span class=\"elementor-heading-title elementor-size-default\">A KACO kompetenciater\u00fcletei<\/span>\t\t\t\t<\/div>\n\t\t\t\t<\/div>\n\t\t\t\t<div class=\"elementor-element elementor-element-edce450 elementor-widget elementor-widget-heading\" data-id=\"edce450\" data-element_type=\"widget\" data-widget_type=\"heading.default\">\n\t\t\t\t<div class=\"elementor-widget-container\">\n\t\t\t\t\t<h1 class=\"elementor-heading-title elementor-size-default\">Sz\u00e9les k\u00f6r\u0171 elm\u00e9leti \u00e9s gyakorlati know-how <\/h1>\t\t\t\t<\/div>\n\t\t\t\t<\/div>\n\t\t\t\t\t<\/div>\n\t\t<\/div>\n\t\t\t\t<div class=\"elementor-column elementor-col-50 elementor-top-column elementor-element elementor-element-8a23761\" data-id=\"8a23761\" data-element_type=\"column\">\n\t\t\t<div class=\"elementor-widget-wrap\">\n\t\t\t\t\t\t\t<\/div>\n\t\t<\/div>\n\t\t\t\t\t<\/div>\n\t\t<\/section>\n\t\t\t\t<section class=\"elementor-section elementor-top-section elementor-element elementor-element-92fc286 elementor-section-stretched elementor-section-content-bottom elementor-section-boxed elementor-section-height-default elementor-section-height-default\" data-id=\"92fc286\" data-element_type=\"section\" data-settings=\"{&quot;stretch_section&quot;:&quot;section-stretched&quot;,&quot;background_background&quot;:&quot;classic&quot;}\">\n\t\t\t\t\t\t<div class=\"elementor-container elementor-column-gap-default\">\n\t\t\t\t\t<div class=\"elementor-column elementor-col-50 elementor-top-column elementor-element elementor-element-23fc511\" data-id=\"23fc511\" data-element_type=\"column\">\n\t\t\t<div class=\"elementor-widget-wrap elementor-element-populated\">\n\t\t\t\t\t\t<div class=\"elementor-element elementor-element-e7551e3 elementor-widget elementor-widget-heading\" data-id=\"e7551e3\" data-element_type=\"widget\" data-widget_type=\"heading.default\">\n\t\t\t\t<div class=\"elementor-widget-container\">\n\t\t\t\t\t<h2 class=\"elementor-heading-title elementor-size-default\">Munkat\u00e1rsaink \u2013 legfontosabb kompetenci\u00e1nk<\/h2>\t\t\t\t<\/div>\n\t\t\t\t<\/div>\n\t\t\t\t<div class=\"elementor-element elementor-element-1e75760 elementor-widget elementor-widget-text-editor\" data-id=\"1e75760\" data-element_type=\"widget\" data-widget_type=\"text-editor.default\">\n\t\t\t\t<div class=\"elementor-widget-container\">\n\t\t\t\t\t\t\t\t\t<p>A piacspecifikus \u00fcgyf\u00e9lig\u00e9nyek teljes\u00edt\u00e9se a KACO els\u0151dleges c\u00e9lja. Mivel semmit sem b\u00edzunk a v\u00e9letlenre, a v\u00e1llalaton bel\u00fcl biztos\u00edtunk \u00e9s fejleszt\u00fcnk ki minden fontos kompetenci\u00e1t, \u00e9s kiemelt ter\u00fcletk\u00e9nt kezelj\u00fck saj\u00e1t vertik\u00e1lis integr\u00e1ci\u00f3nkat \u2013 ez a KACO egyik fontos saj\u00e1toss\u00e1ga. Mindezek sor\u00e1n mag\u00e1t\u00f3l \u00e9rtet\u0151d\u0151 a k\u00f6vetkezetes \u00fcgyf\u00e9lk\u00f6zpont\u00fas\u00e1g. Munkat\u00e1rsaink az \u00fcgyfelekkel \u00e1polt szoros kapcsolatokb\u00f3l mer\u00edtenek ihletet az \u00faj term\u00e9kekre vonatkoz\u00f3an, \u00e9s azokat innovat\u00edv, praktikus megold\u00e1sokk\u00e1 fejlesztik tov\u00e1bb. Az \u00e1tfog\u00f3 term\u00e9kfejleszt\u00e9s, a saj\u00e1t anyagfejleszt\u00e9s \u00e9s -gy\u00e1rt\u00e1s, a saj\u00e1t szersz\u00e1m- \u00e9s berendez\u00e9sgy\u00e1rt\u00e1s, valamint a teljes k\u00f6r\u0171en h\u00e1zon bel\u00fcli gy\u00e1rt\u00e1s rugalmass\u00e1got \u00e9s maxim\u00e1lis biztons\u00e1got garant\u00e1l az \u00e9rt\u00e9kteremt\u00e9si l\u00e1nc eg\u00e9sz\u00e9ben. \u00dcgyfeleink ebb\u0151l t\u00f6bbf\u00e9lek\u00e9ppen is profit\u00e1lnak: kiv\u00e1l\u00f3 term\u00e9kekkel, rugalmas, egyedi gy\u00e1rt\u00e1ssal \u00e9s maxim\u00e1lis \u00fcgyf\u00e9lk\u00f6zpont\u00fas\u00e1ggal.<\/p>\t\t\t\t\t\t\t\t<\/div>\n\t\t\t\t<\/div>\n\t\t\t\t<div class=\"elementor-element elementor-element-d7d1055 elementor-widget elementor-widget-spacer\" data-id=\"d7d1055\" data-element_type=\"widget\" data-widget_type=\"spacer.default\">\n\t\t\t\t<div class=\"elementor-widget-container\">\n\t\t\t\t\t\t\t<div class=\"elementor-spacer\">\n\t\t\t<div class=\"elementor-spacer-inner\"><\/div>\n\t\t<\/div>\n\t\t\t\t\t\t<\/div>\n\t\t\t\t<\/div>\n\t\t\t\t\t<\/div>\n\t\t<\/div>\n\t\t\t\t<div class=\"elementor-column elementor-col-50 elementor-top-column elementor-element elementor-element-c6eb885\" data-id=\"c6eb885\" data-element_type=\"column\">\n\t\t\t<div class=\"elementor-widget-wrap elementor-element-populated\">\n\t\t\t\t\t\t<div class=\"elementor-element elementor-element-22efda8 elementor-widget elementor-widget-image\" data-id=\"22efda8\" data-element_type=\"widget\" data-widget_type=\"image.default\">\n\t\t\t\t<div class=\"elementor-widget-container\">\n\t\t\t\t\t\t\t\t\t\t\t\t\t\t\t<img decoding=\"async\" width=\"800\" height=\"534\" src=\"https:\/\/kaco.de\/wp-content\/uploads\/kompetenzen-mitarbeiter-kaco@2x.jpg\" class=\"attachment-large size-large wp-image-7358\" alt=\"Kompetenzen Mitarbeiter Kaco\" \/>\t\t\t\t\t\t\t\t\t\t\t\t\t\t\t<\/div>\n\t\t\t\t<\/div>\n\t\t\t\t\t<\/div>\n\t\t<\/div>\n\t\t\t\t\t<\/div>\n\t\t<\/section>\n\t\t\t\t<section class=\"elementor-section elementor-top-section elementor-element elementor-element-765ae6c elementor-section-stretched elementor-section-boxed elementor-section-height-default elementor-section-height-default\" data-id=\"765ae6c\" data-element_type=\"section\" data-settings=\"{&quot;stretch_section&quot;:&quot;section-stretched&quot;,&quot;background_background&quot;:&quot;classic&quot;}\">\n\t\t\t\t\t\t<div class=\"elementor-container elementor-column-gap-default\">\n\t\t\t\t\t<div class=\"elementor-column elementor-col-50 elementor-top-column elementor-element elementor-element-d54bd08\" data-id=\"d54bd08\" data-element_type=\"column\">\n\t\t\t<div class=\"elementor-widget-wrap elementor-element-populated\">\n\t\t\t\t\t\t<div class=\"elementor-element elementor-element-06d139f elementor-widget elementor-widget-heading\" data-id=\"06d139f\" data-element_type=\"widget\" data-widget_type=\"heading.default\">\n\t\t\t\t<div class=\"elementor-widget-container\">\n\t\t\t\t\t<h2 class=\"elementor-heading-title elementor-size-default\">Technikai m\u00e9rc\u00e9t \u00e1ll\u00edtunk \u2013 a m\u00e1nak \u00e9s a holnapnak<\/h2>\t\t\t\t<\/div>\n\t\t\t\t<\/div>\n\t\t\t\t<div class=\"elementor-element elementor-element-ecb3481 elementor-widget elementor-widget-text-editor\" data-id=\"ecb3481\" data-element_type=\"widget\" data-widget_type=\"text-editor.default\">\n\t\t\t\t<div class=\"elementor-widget-container\">\n\t\t\t\t\t\t\t\t\t<p>A KACO n\u00e9v ma m\u00e1r egyet jelent a cs\u00facsmin\u0151s\u00e9g\u0171 t\u00f6m\u00edt\u00e9sekkel, valamint az elismert fejleszt\u00e9si \u00e9s gy\u00e1rt\u00e1si szak\u00e9rtelemmel. Mindig is j\u00f3l tudtuk, hogyan \u00f6tv\u00f6zhet\u0151 a term\u00e9kfejleszt\u00e9si szaktud\u00e1s az intelligens folyamattervez\u00e9ssel. Innov\u00e1tork\u00e9nt mag\u00e1t\u00f3l \u00e9rtet\u0151d\u0151en val\u00f3s\u00edtunk meg folyamatosan \u00faj, ir\u00e1nymutat\u00f3 megold\u00e1sokat, amelyek m\u00e9rhet\u0151 hozz\u00e1adott \u00e9rt\u00e9ket k\u00edn\u00e1lnak \u00fcgyfeleink r\u00e9sz\u00e9re \u00e9s v\u00e9dik a k\u00f6rnyezet\u00fcnket. Aki a KACO-t v\u00e1lasztja fejleszt\u00e9si partnernek, a leg\u00fajabb technik\u00e1ra, a fenntarthat\u00f3s\u00e1g figyelembev\u00e9tel\u00e9re \u00e9s sok tekintetben m\u00e1r a j\u00f6v\u0151 technol\u00f3gi\u00e1j\u00e1ra szavaz.<\/p>\t\t\t\t\t\t\t\t<\/div>\n\t\t\t\t<\/div>\n\t\t\t\t<div class=\"elementor-element elementor-element-e57507d elementor-widget elementor-widget-spacer\" data-id=\"e57507d\" data-element_type=\"widget\" data-widget_type=\"spacer.default\">\n\t\t\t\t<div class=\"elementor-widget-container\">\n\t\t\t\t\t\t\t<div class=\"elementor-spacer\">\n\t\t\t<div class=\"elementor-spacer-inner\"><\/div>\n\t\t<\/div>\n\t\t\t\t\t\t<\/div>\n\t\t\t\t<\/div>\n\t\t\t\t\t<\/div>\n\t\t<\/div>\n\t\t\t\t<div class=\"elementor-column elementor-col-50 elementor-top-column elementor-element elementor-element-3a8ea88\" data-id=\"3a8ea88\" data-element_type=\"column\">\n\t\t\t<div class=\"elementor-widget-wrap elementor-element-populated\">\n\t\t\t\t\t\t<div class=\"elementor-element elementor-element-8d066d0 elementor-widget elementor-widget-image\" data-id=\"8d066d0\" data-element_type=\"widget\" data-widget_type=\"image.default\">\n\t\t\t\t<div class=\"elementor-widget-container\">\n\t\t\t\t\t\t\t\t\t\t\t\t\t\t\t<img decoding=\"async\" width=\"1600\" height=\"1067\" src=\"https:\/\/kaco.de\/wp-content\/uploads\/kompetenzen-kompetenzfelder-kaco-2@2x.jpeg\" class=\"attachment-full size-full wp-image-10863\" alt=\"Kompetenzen Kompetenzfelder Kaco\" srcset=\"https:\/\/kaco.de\/wp-content\/uploads\/kompetenzen-kompetenzfelder-kaco-2@2x.jpeg 1600w, https:\/\/kaco.de\/wp-content\/uploads\/kompetenzen-kompetenzfelder-kaco-2@2x-300x200.jpeg 300w, https:\/\/kaco.de\/wp-content\/uploads\/kompetenzen-kompetenzfelder-kaco-2@2x-1536x1024.jpeg 1536w\" sizes=\"(max-width: 1600px) 100vw, 1600px\" \/>\t\t\t\t\t\t\t\t\t\t\t\t\t\t\t<\/div>\n\t\t\t\t<\/div>\n\t\t\t\t\t<\/div>\n\t\t<\/div>\n\t\t\t\t\t<\/div>\n\t\t<\/section>\n\t\t\t\t<section class=\"elementor-section elementor-top-section elementor-element elementor-element-a71e4b2 elementor-section-boxed elementor-section-height-default elementor-section-height-default\" data-id=\"a71e4b2\" data-element_type=\"section\">\n\t\t\t\t\t\t<div class=\"elementor-container elementor-column-gap-default\">\n\t\t\t\t\t<div class=\"elementor-column elementor-col-100 elementor-top-column elementor-element elementor-element-630e4ca\" data-id=\"630e4ca\" data-element_type=\"column\">\n\t\t\t<div class=\"elementor-widget-wrap elementor-element-populated\">\n\t\t\t\t\t\t<div class=\"elementor-element elementor-element-dfc9b49 elementor-widget elementor-widget-spacer\" data-id=\"dfc9b49\" data-element_type=\"widget\" data-widget_type=\"spacer.default\">\n\t\t\t\t<div class=\"elementor-widget-container\">\n\t\t\t\t\t\t\t<div class=\"elementor-spacer\">\n\t\t\t<div class=\"elementor-spacer-inner\"><\/div>\n\t\t<\/div>\n\t\t\t\t\t\t<\/div>\n\t\t\t\t<\/div>\n\t\t\t\t\t<\/div>\n\t\t<\/div>\n\t\t\t\t\t<\/div>\n\t\t<\/section>\n\t\t\t\t<\/div>\n\t\t","protected":false},"excerpt":{"rendered":"<p>A KACO kompetenciater\u00fcletei Sz\u00e9les k\u00f6r\u0171 elm\u00e9leti \u00e9s gyakorlati know-how Munkat\u00e1rsaink \u2013 legfontosabb kompetenci\u00e1nk A piacspecifikus \u00fcgyf\u00e9lig\u00e9nyek teljes\u00edt\u00e9se a KACO els\u0151dleges c\u00e9lja. Mivel semmit sem b\u00edzunk a v\u00e9letlenre, a v\u00e1llalaton bel\u00fcl biztos\u00edtunk \u00e9s fejleszt\u00fcnk ki minden fontos kompetenci\u00e1t, \u00e9s kiemelt ter\u00fcletk\u00e9nt kezelj\u00fck saj\u00e1t vertik\u00e1lis integr\u00e1ci\u00f3nkat \u2013 ez a KACO egyik fontos saj\u00e1toss\u00e1ga. Mindezek sor\u00e1n mag\u00e1t\u00f3l \u00e9rtet\u0151d\u0151 [&hellip;]<\/p>\n","protected":false},"author":3,"featured_media":0,"parent":13347,"menu_order":0,"comment_status":"closed","ping_status":"closed","template":"","meta":{"_acf_changed":false,"site-sidebar-layout":"no-sidebar","site-content-layout":"page-builder","ast-site-content-layout":"default","site-content-style":"default","site-sidebar-style":"default","ast-global-header-display":"","ast-banner-title-visibility":"","ast-main-header-display":"","ast-hfb-above-header-display":"","ast-hfb-below-header-display":"","ast-hfb-mobile-header-display":"","site-post-title":"disabled","ast-breadcrumbs-content":"","ast-featured-img":"disabled","footer-sml-layout":"","ast-disable-related-posts":"","theme-transparent-header-meta":"","adv-header-id-meta":"","stick-header-meta":"","header-above-stick-meta":"","header-main-stick-meta":"","header-below-stick-meta":"","astra-migrate-meta-layouts":"default","ast-page-background-enabled":"default","ast-page-background-meta":{"desktop":{"background-color":"var(--ast-global-color-4)","background-image":"","background-repeat":"repeat","background-position":"center center","background-size":"auto","background-attachment":"scroll","background-type":"","background-media":"","overlay-type":"","overlay-color":"","overlay-opacity":"","overlay-gradient":""},"tablet":{"background-color":"","background-image":"","background-repeat":"repeat","background-position":"center center","background-size":"auto","background-attachment":"scroll","background-type":"","background-media":"","overlay-type":"","overlay-color":"","overlay-opacity":"","overlay-gradient":""},"mobile":{"background-color":"","background-image":"","background-repeat":"repeat","background-position":"center center","background-size":"auto","background-attachment":"scroll","background-type":"","background-media":"","overlay-type":"","overlay-color":"","overlay-opacity":"","overlay-gradient":""}},"ast-content-background-meta":{"desktop":{"background-color":"var(--ast-global-color-5)","background-image":"","background-repeat":"repeat","background-position":"center center","background-size":"auto","background-attachment":"scroll","background-type":"","background-media":"","overlay-type":"","overlay-color":"","overlay-opacity":"","overlay-gradient":""},"tablet":{"background-color":"var(--ast-global-color-5)","background-image":"","background-repeat":"repeat","background-position":"center center","background-size":"auto","background-attachment":"scroll","background-type":"","background-media":"","overlay-type":"","overlay-color":"","overlay-opacity":"","overlay-gradient":""},"mobile":{"background-color":"var(--ast-global-color-5)","background-image":"","background-repeat":"repeat","background-position":"center center","background-size":"auto","background-attachment":"scroll","background-type":"","background-media":"","overlay-type":"","overlay-color":"","overlay-opacity":"","overlay-gradient":""}},"footnotes":""},"class_list":["post-13350","page","type-page","status-publish","hentry"],"acf":[],"yoast_head":"<!-- This site is optimized with the Yoast SEO plugin v27.3 - https:\/\/yoast.com\/product\/yoast-seo-wordpress\/ -->\n<title>A KACO kompetenciater\u00fcletei - KACO - Der Experte f\u00fcr Dichtungssysteme<\/title>\n<meta name=\"description\" content=\"A KACO kompetenciater\u00fcletei Sz\u00e9les k\u00f6r\u0171 elm\u00e9leti \u00e9s gyakorlati know-how Munkat\u00e1rsaink \u2013 legfontosabb kompetenci\u00e1nk A piacspecifikus \u00fcgyf\u00e9lig\u00e9nyek\" \/>\n<meta name=\"robots\" content=\"index, follow, max-snippet:-1, max-image-preview:large, max-video-preview:-1\" \/>\n<link rel=\"canonical\" href=\"https:\/\/kaco.de\/kompetenzen\/kompetenzfelder-der-kaco\/\" \/>\n<meta property=\"og:locale\" content=\"hu_HU\" \/>\n<meta property=\"og:type\" content=\"article\" \/>\n<meta property=\"og:title\" content=\"A KACO kompetenciater\u00fcletei - KACO - Der Experte f\u00fcr Dichtungssysteme\" \/>\n<meta property=\"og:description\" content=\"A KACO kompetenciater\u00fcletei Sz\u00e9les k\u00f6r\u0171 elm\u00e9leti \u00e9s gyakorlati know-how Munkat\u00e1rsaink \u2013 legfontosabb kompetenci\u00e1nk A piacspecifikus \u00fcgyf\u00e9lig\u00e9nyek\" \/>\n<meta property=\"og:url\" content=\"https:\/\/kaco.de\/kompetenzen\/kompetenzfelder-der-kaco\/\" \/>\n<meta property=\"og:site_name\" content=\"KACO - Der Experte f\u00fcr Dichtungssysteme\" \/>\n<meta property=\"article:modified_time\" content=\"2022-03-25T11:19:06+00:00\" \/>\n<meta property=\"og:image\" content=\"https:\/\/kaco.de\/wp-content\/uploads\/kompetenzfelder-kaco@2x.jpg\" \/>\n<meta name=\"twitter:card\" content=\"summary_large_image\" \/>\n<meta name=\"twitter:label1\" content=\"Becs\u00fclt olvas\u00e1si id\u0151\" \/>\n\t<meta name=\"twitter:data1\" content=\"2 perc\" \/>\n<script type=\"application\/ld+json\" class=\"yoast-schema-graph\">{\"@context\":\"https:\\\/\\\/schema.org\",\"@graph\":[{\"@type\":\"WebPage\",\"@id\":\"https:\\\/\\\/kaco.de\\\/kompetenzen\\\/kompetenzfelder-der-kaco\\\/\",\"url\":\"https:\\\/\\\/kaco.de\\\/kompetenzen\\\/kompetenzfelder-der-kaco\\\/\",\"name\":\"A KACO kompetenciater\u00fcletei - KACO - Der Experte f\u00fcr Dichtungssysteme\",\"isPartOf\":{\"@id\":\"https:\\\/\\\/kaco.de\\\/#website\"},\"primaryImageOfPage\":{\"@id\":\"https:\\\/\\\/kaco.de\\\/kompetenzen\\\/kompetenzfelder-der-kaco\\\/#primaryimage\"},\"image\":{\"@id\":\"https:\\\/\\\/kaco.de\\\/kompetenzen\\\/kompetenzfelder-der-kaco\\\/#primaryimage\"},\"thumbnailUrl\":\"https:\\\/\\\/kaco.de\\\/wp-content\\\/uploads\\\/kompetenzfelder-kaco@2x.jpg\",\"datePublished\":\"2022-01-14T17:29:49+00:00\",\"dateModified\":\"2022-03-25T11:19:06+00:00\",\"description\":\"A KACO kompetenciater\u00fcletei Sz\u00e9les k\u00f6r\u0171 elm\u00e9leti \u00e9s gyakorlati know-how Munkat\u00e1rsaink \u2013 legfontosabb kompetenci\u00e1nk A piacspecifikus \u00fcgyf\u00e9lig\u00e9nyek\",\"breadcrumb\":{\"@id\":\"https:\\\/\\\/kaco.de\\\/kompetenzen\\\/kompetenzfelder-der-kaco\\\/#breadcrumb\"},\"inLanguage\":\"hu\",\"potentialAction\":[{\"@type\":\"ReadAction\",\"target\":[\"https:\\\/\\\/kaco.de\\\/kompetenzen\\\/kompetenzfelder-der-kaco\\\/\"]}]},{\"@type\":\"ImageObject\",\"inLanguage\":\"hu\",\"@id\":\"https:\\\/\\\/kaco.de\\\/kompetenzen\\\/kompetenzfelder-der-kaco\\\/#primaryimage\",\"url\":\"https:\\\/\\\/kaco.de\\\/wp-content\\\/uploads\\\/kompetenzfelder-kaco@2x.jpg\",\"contentUrl\":\"https:\\\/\\\/kaco.de\\\/wp-content\\\/uploads\\\/kompetenzfelder-kaco@2x.jpg\"},{\"@type\":\"BreadcrumbList\",\"@id\":\"https:\\\/\\\/kaco.de\\\/kompetenzen\\\/kompetenzfelder-der-kaco\\\/#breadcrumb\",\"itemListElement\":[{\"@type\":\"ListItem\",\"position\":1,\"name\":\"Home\",\"item\":\"https:\\\/\\\/kaco.de\\\/hu\\\/ungarisch-startseite-test\\\/\"},{\"@type\":\"ListItem\",\"position\":2,\"name\":\"Kompetenci\u00e1k\",\"item\":\"https:\\\/\\\/kaco.de\\\/hu\\\/kompetenciak\\\/\"},{\"@type\":\"ListItem\",\"position\":3,\"name\":\"A KACO kompetenciater\u00fcletei\"}]},{\"@type\":\"WebSite\",\"@id\":\"https:\\\/\\\/kaco.de\\\/#website\",\"url\":\"https:\\\/\\\/kaco.de\\\/\",\"name\":\"KACO - Der Experte f\u00fcr Dichtungssysteme\",\"description\":\"Seien Sie mit unseren hochpr\u00e4zisen und anwendungsorientierten Dichtungsl\u00f6sungen bestens f\u00fcr die Automobil- und Maschinenbauindustrie ger\u00fcstet.\",\"publisher\":{\"@id\":\"https:\\\/\\\/kaco.de\\\/#organization\"},\"potentialAction\":[{\"@type\":\"SearchAction\",\"target\":{\"@type\":\"EntryPoint\",\"urlTemplate\":\"https:\\\/\\\/kaco.de\\\/?s={search_term_string}\"},\"query-input\":{\"@type\":\"PropertyValueSpecification\",\"valueRequired\":true,\"valueName\":\"search_term_string\"}}],\"inLanguage\":\"hu\"},{\"@type\":\"Organization\",\"@id\":\"https:\\\/\\\/kaco.de\\\/#organization\",\"name\":\"KACO - Der Experte f\u00fcr Dichtungssysteme\",\"url\":\"https:\\\/\\\/kaco.de\\\/\",\"logo\":{\"@type\":\"ImageObject\",\"inLanguage\":\"hu\",\"@id\":\"https:\\\/\\\/kaco.de\\\/#\\\/schema\\\/logo\\\/image\\\/\",\"url\":\"https:\\\/\\\/kaco.de\\\/wp-content\\\/uploads\\\/cropped-logo1.png\",\"contentUrl\":\"https:\\\/\\\/kaco.de\\\/wp-content\\\/uploads\\\/cropped-logo1.png\",\"width\":851,\"height\":254,\"caption\":\"KACO - Der Experte f\u00fcr Dichtungssysteme\"},\"image\":{\"@id\":\"https:\\\/\\\/kaco.de\\\/#\\\/schema\\\/logo\\\/image\\\/\"}}]}<\/script>\n<!-- \/ Yoast SEO plugin. -->","yoast_head_json":{"title":"A KACO kompetenciater\u00fcletei - KACO - Der Experte f\u00fcr Dichtungssysteme","description":"A KACO kompetenciater\u00fcletei Sz\u00e9les k\u00f6r\u0171 elm\u00e9leti \u00e9s gyakorlati know-how Munkat\u00e1rsaink \u2013 legfontosabb kompetenci\u00e1nk A piacspecifikus \u00fcgyf\u00e9lig\u00e9nyek","robots":{"index":"index","follow":"follow","max-snippet":"max-snippet:-1","max-image-preview":"max-image-preview:large","max-video-preview":"max-video-preview:-1"},"canonical":"https:\/\/kaco.de\/kompetenzen\/kompetenzfelder-der-kaco\/","og_locale":"hu_HU","og_type":"article","og_title":"A KACO kompetenciater\u00fcletei - KACO - Der Experte f\u00fcr Dichtungssysteme","og_description":"A KACO kompetenciater\u00fcletei Sz\u00e9les k\u00f6r\u0171 elm\u00e9leti \u00e9s gyakorlati know-how Munkat\u00e1rsaink \u2013 legfontosabb kompetenci\u00e1nk A piacspecifikus \u00fcgyf\u00e9lig\u00e9nyek","og_url":"https:\/\/kaco.de\/kompetenzen\/kompetenzfelder-der-kaco\/","og_site_name":"KACO - Der Experte f\u00fcr Dichtungssysteme","article_modified_time":"2022-03-25T11:19:06+00:00","og_image":[{"url":"https:\/\/kaco.de\/wp-content\/uploads\/kompetenzfelder-kaco@2x.jpg","type":"","width":"","height":""}],"twitter_card":"summary_large_image","twitter_misc":{"Becs\u00fclt olvas\u00e1si id\u0151":"2 perc"},"schema":{"@context":"https:\/\/schema.org","@graph":[{"@type":"WebPage","@id":"https:\/\/kaco.de\/kompetenzen\/kompetenzfelder-der-kaco\/","url":"https:\/\/kaco.de\/kompetenzen\/kompetenzfelder-der-kaco\/","name":"A KACO kompetenciater\u00fcletei - KACO - Der Experte f\u00fcr Dichtungssysteme","isPartOf":{"@id":"https:\/\/kaco.de\/#website"},"primaryImageOfPage":{"@id":"https:\/\/kaco.de\/kompetenzen\/kompetenzfelder-der-kaco\/#primaryimage"},"image":{"@id":"https:\/\/kaco.de\/kompetenzen\/kompetenzfelder-der-kaco\/#primaryimage"},"thumbnailUrl":"https:\/\/kaco.de\/wp-content\/uploads\/kompetenzfelder-kaco@2x.jpg","datePublished":"2022-01-14T17:29:49+00:00","dateModified":"2022-03-25T11:19:06+00:00","description":"A KACO kompetenciater\u00fcletei Sz\u00e9les k\u00f6r\u0171 elm\u00e9leti \u00e9s gyakorlati know-how Munkat\u00e1rsaink \u2013 legfontosabb kompetenci\u00e1nk A piacspecifikus \u00fcgyf\u00e9lig\u00e9nyek","breadcrumb":{"@id":"https:\/\/kaco.de\/kompetenzen\/kompetenzfelder-der-kaco\/#breadcrumb"},"inLanguage":"hu","potentialAction":[{"@type":"ReadAction","target":["https:\/\/kaco.de\/kompetenzen\/kompetenzfelder-der-kaco\/"]}]},{"@type":"ImageObject","inLanguage":"hu","@id":"https:\/\/kaco.de\/kompetenzen\/kompetenzfelder-der-kaco\/#primaryimage","url":"https:\/\/kaco.de\/wp-content\/uploads\/kompetenzfelder-kaco@2x.jpg","contentUrl":"https:\/\/kaco.de\/wp-content\/uploads\/kompetenzfelder-kaco@2x.jpg"},{"@type":"BreadcrumbList","@id":"https:\/\/kaco.de\/kompetenzen\/kompetenzfelder-der-kaco\/#breadcrumb","itemListElement":[{"@type":"ListItem","position":1,"name":"Home","item":"https:\/\/kaco.de\/hu\/ungarisch-startseite-test\/"},{"@type":"ListItem","position":2,"name":"Kompetenci\u00e1k","item":"https:\/\/kaco.de\/hu\/kompetenciak\/"},{"@type":"ListItem","position":3,"name":"A KACO kompetenciater\u00fcletei"}]},{"@type":"WebSite","@id":"https:\/\/kaco.de\/#website","url":"https:\/\/kaco.de\/","name":"KACO - Der Experte f\u00fcr Dichtungssysteme","description":"Seien Sie mit unseren hochpr\u00e4zisen und anwendungsorientierten Dichtungsl\u00f6sungen bestens f\u00fcr die Automobil- und Maschinenbauindustrie ger\u00fcstet.","publisher":{"@id":"https:\/\/kaco.de\/#organization"},"potentialAction":[{"@type":"SearchAction","target":{"@type":"EntryPoint","urlTemplate":"https:\/\/kaco.de\/?s={search_term_string}"},"query-input":{"@type":"PropertyValueSpecification","valueRequired":true,"valueName":"search_term_string"}}],"inLanguage":"hu"},{"@type":"Organization","@id":"https:\/\/kaco.de\/#organization","name":"KACO - Der Experte f\u00fcr Dichtungssysteme","url":"https:\/\/kaco.de\/","logo":{"@type":"ImageObject","inLanguage":"hu","@id":"https:\/\/kaco.de\/#\/schema\/logo\/image\/","url":"https:\/\/kaco.de\/wp-content\/uploads\/cropped-logo1.png","contentUrl":"https:\/\/kaco.de\/wp-content\/uploads\/cropped-logo1.png","width":851,"height":254,"caption":"KACO - Der Experte f\u00fcr Dichtungssysteme"},"image":{"@id":"https:\/\/kaco.de\/#\/schema\/logo\/image\/"}}]}},"_links":{"self":[{"href":"https:\/\/kaco.de\/hu\/wp-json\/wp\/v2\/pages\/13350","targetHints":{"allow":["GET"]}}],"collection":[{"href":"https:\/\/kaco.de\/hu\/wp-json\/wp\/v2\/pages"}],"about":[{"href":"https:\/\/kaco.de\/hu\/wp-json\/wp\/v2\/types\/page"}],"author":[{"embeddable":true,"href":"https:\/\/kaco.de\/hu\/wp-json\/wp\/v2\/users\/3"}],"replies":[{"embeddable":true,"href":"https:\/\/kaco.de\/hu\/wp-json\/wp\/v2\/comments?post=13350"}],"version-history":[{"count":0,"href":"https:\/\/kaco.de\/hu\/wp-json\/wp\/v2\/pages\/13350\/revisions"}],"up":[{"embeddable":true,"href":"https:\/\/kaco.de\/hu\/wp-json\/wp\/v2\/pages\/13347"}],"wp:attachment":[{"href":"https:\/\/kaco.de\/hu\/wp-json\/wp\/v2\/media?parent=13350"}],"curies":[{"name":"wp","href":"https:\/\/api.w.org\/{rel}","templated":true}]}}