{"id":13370,"date":"2022-01-14T19:14:36","date_gmt":"2022-01-14T18:14:36","guid":{"rendered":"https:\/\/kaco21.neckarfreunde.net\/?page_id=13370"},"modified":"2022-01-25T09:31:14","modified_gmt":"2022-01-25T08:31:14","slug":"prototipus-fejlesztese","status":"publish","type":"page","link":"https:\/\/kaco.de\/hu\/kompetenciak\/kutatas-es-fejlesztes\/prototipus-fejlesztese\/","title":{"rendered":"Protot\u00edpusgy\u00e1rt\u00e1s"},"content":{"rendered":"\t\t<div data-elementor-type=\"wp-page\" data-elementor-id=\"13370\" class=\"elementor elementor-13370 elementor-3239\" data-elementor-post-type=\"page\">\n\t\t\t\t\t\t<section class=\"elementor-section elementor-top-section elementor-element elementor-element-22c399b elementor-section-full_width elementor-section-stretched elementor-section-height-default elementor-section-height-default\" data-id=\"22c399b\" data-element_type=\"section\" data-settings=\"{&quot;stretch_section&quot;:&quot;section-stretched&quot;}\">\n\t\t\t\t\t\t<div class=\"elementor-container elementor-column-gap-default\">\n\t\t\t\t\t<div class=\"elementor-column elementor-col-100 elementor-top-column elementor-element elementor-element-98ed949\" data-id=\"98ed949\" data-element_type=\"column\">\n\t\t\t<div class=\"elementor-widget-wrap elementor-element-populated\">\n\t\t\t\t\t\t<div class=\"elementor-element elementor-element-724525b elementor-widget elementor-widget-image\" data-id=\"724525b\" data-element_type=\"widget\" data-widget_type=\"image.default\">\n\t\t\t\t<div class=\"elementor-widget-container\">\n\t\t\t\t\t\t\t\t\t\t\t\t\t\t\t<img fetchpriority=\"high\" decoding=\"async\" width=\"1400\" height=\"442\" src=\"https:\/\/kaco.de\/wp-content\/uploads\/kompetenzen-prototypenbau-kaco-01@2x-3024x955-1.jpg\" class=\"attachment-large size-large wp-image-10119\" alt=\"\" srcset=\"https:\/\/kaco.de\/wp-content\/uploads\/kompetenzen-prototypenbau-kaco-01@2x-3024x955-1.jpg 3024w, https:\/\/kaco.de\/wp-content\/uploads\/kompetenzen-prototypenbau-kaco-01@2x-3024x955-1-300x95.jpg 300w, https:\/\/kaco.de\/wp-content\/uploads\/kompetenzen-prototypenbau-kaco-01@2x-3024x955-1-1536x485.jpg 1536w, https:\/\/kaco.de\/wp-content\/uploads\/kompetenzen-prototypenbau-kaco-01@2x-3024x955-1-2048x647.jpg 2048w\" sizes=\"(max-width: 1400px) 100vw, 1400px\" \/>\t\t\t\t\t\t\t\t\t\t\t\t\t\t\t<\/div>\n\t\t\t\t<\/div>\n\t\t\t\t\t<\/div>\n\t\t<\/div>\n\t\t\t\t\t<\/div>\n\t\t<\/section>\n\t\t\t\t<section class=\"elementor-section elementor-top-section elementor-element elementor-element-6de20ef elementor-section-content-bottom elementor-section-stretched pageheader elementor-section-boxed elementor-section-height-default elementor-section-height-default\" data-id=\"6de20ef\" data-element_type=\"section\" data-settings=\"{&quot;background_background&quot;:&quot;classic&quot;,&quot;stretch_section&quot;:&quot;section-stretched&quot;}\">\n\t\t\t\t\t\t<div class=\"elementor-container elementor-column-gap-default\">\n\t\t\t\t\t<div class=\"elementor-column elementor-col-50 elementor-top-column elementor-element elementor-element-dea4128 pageheader-row-left\" data-id=\"dea4128\" data-element_type=\"column\" data-settings=\"{&quot;background_background&quot;:&quot;classic&quot;}\">\n\t\t\t<div class=\"elementor-widget-wrap elementor-element-populated\">\n\t\t\t\t\t\t<div class=\"elementor-element elementor-element-eff6115 elementor-widget elementor-widget-heading\" data-id=\"eff6115\" data-element_type=\"widget\" data-widget_type=\"heading.default\">\n\t\t\t\t<div class=\"elementor-widget-container\">\n\t\t\t\t\t<span class=\"elementor-heading-title elementor-size-default\">Protot\u00edpusgy\u00e1rt\u00e1s<\/span>\t\t\t\t<\/div>\n\t\t\t\t<\/div>\n\t\t\t\t<div class=\"elementor-element elementor-element-d429f99 elementor-widget elementor-widget-heading\" data-id=\"d429f99\" data-element_type=\"widget\" data-widget_type=\"heading.default\">\n\t\t\t\t<div class=\"elementor-widget-container\">\n\t\t\t\t\t<h1 class=\"elementor-heading-title elementor-size-default\">R\u00f6vid id\u0151 alatt <\/br>megval\u00f3sult<\/h1>\t\t\t\t<\/div>\n\t\t\t\t<\/div>\n\t\t\t\t\t<\/div>\n\t\t<\/div>\n\t\t\t\t<div class=\"elementor-column elementor-col-50 elementor-top-column elementor-element elementor-element-0ec5a06\" data-id=\"0ec5a06\" data-element_type=\"column\">\n\t\t\t<div class=\"elementor-widget-wrap\">\n\t\t\t\t\t\t\t<\/div>\n\t\t<\/div>\n\t\t\t\t\t<\/div>\n\t\t<\/section>\n\t\t\t\t<section class=\"elementor-section elementor-top-section elementor-element elementor-element-2c2384c elementor-section-boxed elementor-section-height-default elementor-section-height-default\" data-id=\"2c2384c\" data-element_type=\"section\">\n\t\t\t\t\t\t<div class=\"elementor-container elementor-column-gap-default\">\n\t\t\t\t\t<div class=\"elementor-column elementor-col-50 elementor-top-column elementor-element elementor-element-ca4b757\" data-id=\"ca4b757\" data-element_type=\"column\">\n\t\t\t<div class=\"elementor-widget-wrap elementor-element-populated\">\n\t\t\t\t\t\t<div class=\"elementor-element elementor-element-7b675d5 elementor-widget elementor-widget-text-editor\" data-id=\"7b675d5\" data-element_type=\"widget\" data-widget_type=\"text-editor.default\">\n\t\t\t\t<div class=\"elementor-widget-container\">\n\t\t\t\t\t\t\t\t\t<p>A KACO \u00e1ltali protot\u00edpusgy\u00e1rt\u00e1s alapj\u00e1t a c\u00e9g sok\u00e9ves tapasztalat\u00e1b\u00f3l sz\u00e1rmaz\u00f3, bev\u00e1lt speci\u00e1lis m\u00f3dszerek \u00e9s alapelvek jelentik. 1986-ban kezdt\u00fcnk el fr\u00f6ccs\u00f6nt\u00e9si protot\u00edpusok gy\u00e1rt\u00e1s\u00e1val foglalkozni, \u00e9s az\u00f3ta folyamatosan fejl\u0151d\u00fcnk.<\/p>\n<p>Ide tartozik t\u00f6bbek k\u00f6z\u00f6tt az is, hogy a protot\u00edpusform\u00e1kat \u00e9s a szersz\u00e1mokat m\u00e1r a protot\u00edpusf\u00e1zisban pontosan a terveknek megfelel\u0151en, a sz\u00e9riaform\u00e1k szerint alak\u00edtj\u00e1k ki. \u00cdgy m\u00e1r a protot\u00edpusf\u00e1zisban felismerhet\u0151k a gyenge pontok, \u00e9s kik\u00fcsz\u00f6b\u00f6lhet\u0151k az esetleges k\u00e9s\u0151bbi sorozatgy\u00e1rt\u00e1shoz.<\/p>\n<p>Minden folyamat \u00e9s folyamatl\u00e9p\u00e9s a sorozatgy\u00e1rt\u00e1s folyamataihoz hasonl\u00f3an zajlik. \u00cdgy szinte teljes m\u00e9rt\u00e9kben kiz\u00e1rhat\u00f3k az esetleges sz\u00e9riaalkatr\u00e9szt\u0151l val\u00f3 elt\u00e9r\u00e9sek is.<\/p>\n<p>A f\u00e9m alkatr\u00e9szek gy\u00e1rt\u00e1s\u00e1n\u00e1l, amelyek a protot\u00edpusm\u0171hely r\u00e9szei is, szint\u00e9n profit\u00e1lunk munkat\u00e1rsaink magas szint\u0171 k\u00e9pzetts\u00e9g\u00e9b\u0151l \u00e9s a f\u00e9mmegmunk\u00e1l\u00e1s ter\u00e9n szerzett szaktud\u00e1s\u00e1b\u00f3l.<\/p>\n<p>2K alkatr\u00e9szek, gumi\/gumi, valamint gumi\/m\u0171anyag kivitelez\u00e9se 300\u00a0mm-es alkatr\u00e9sz\u00e1tm\u00e9r\u0151ig lehets\u00e9ges. Vulkaniz\u00e1latlan alkatr\u00e9szek, mint p\u00e9ld\u00e1ul tengelyf\u00f6ldel\u0151 gy\u0171r\u0171k vagy bels\u0151 rotorh\u0171t\u0151 t\u00f6m\u00edt\u00e9sek is el\u0151\u00e1ll\u00edthat\u00f3k a protot\u00edpusgy\u00e1rt\u00e1s keret\u00e9ben, \u00fcgyf\u00e9lspecifik\u00e1ci\u00f3k szerint. Emellett ut\u00f3munka- \u00e9s be\u00f6ml\u0151mentes alkatr\u00e9szgy\u00e1rt\u00e1st is k\u00edn\u00e1lunk.<\/p>\n<p>A KACO munkat\u00e1rsai term\u00e9szetesen a protot\u00edpusgy\u00e1rt\u00e1s \u00e9s a megfelel\u0151 ki\u00e9rt\u00e9kel\u00e9sek teljes folyamat\u00e1t v\u00e9gigk\u00eds\u00e9rik, \u00e9s specialistak\u00e9nt rendelkez\u00e9sre bocs\u00e1tj\u00e1k sz\u00e9les k\u00f6r\u0171 szaktud\u00e1sukat.<\/p>\n\t\t\t\t\t\t\t\t<\/div>\n\t\t\t\t<\/div>\n\t\t\t\t<div class=\"elementor-element elementor-element-0bb08e0 elementor-widget elementor-widget-spacer\" data-id=\"0bb08e0\" data-element_type=\"widget\" data-widget_type=\"spacer.default\">\n\t\t\t\t<div class=\"elementor-widget-container\">\n\t\t\t\t\t\t\t<div class=\"elementor-spacer\">\n\t\t\t<div class=\"elementor-spacer-inner\"><\/div>\n\t\t<\/div>\n\t\t\t\t\t\t<\/div>\n\t\t\t\t<\/div>\n\t\t\t\t<div class=\"elementor-element elementor-element-da8d8c3 elementor-widget elementor-widget-heading\" data-id=\"da8d8c3\" data-element_type=\"widget\" data-widget_type=\"heading.default\">\n\t\t\t\t<div class=\"elementor-widget-container\">\n\t\t\t\t\t<h3 class=\"elementor-heading-title elementor-size-default\">A vil\u00e1gon mindenhol el\u00e9rhet\u0151<\/h3>\t\t\t\t<\/div>\n\t\t\t\t<\/div>\n\t\t\t\t<div class=\"elementor-element elementor-element-715d145 elementor-widget elementor-widget-text-editor\" data-id=\"715d145\" data-element_type=\"widget\" data-widget_type=\"text-editor.default\">\n\t\t\t\t<div class=\"elementor-widget-container\">\n\t\t\t\t\t\t\t\t\t<p>A ZhongDing csoport le\u00e1nyv\u00e1llalatak\u00e9nt a KACO \u00e1tfog\u00f3 protot\u00edpus-shopot m\u0171k\u00f6dtet K\u00edn\u00e1ban. Ez a m\u0171hely ugyanazzal a m\u0171szaki felszerelts\u00e9ggel, ugyanazokkal a folyamatokkal \u00e9s ugyanazzal a szersz\u00e1mtechnol\u00f3gi\u00e1val rendelkezik, mint a kirchardti k\u00f6zponti telephely. Ez\u00e1ltal a sorozatgy\u00e1rtott alkatr\u00e9szek teljes\u00edtm\u00e9nyszintj\u00e9nek megfelel\u0151, beszerel\u00e9sre k\u00e9sz protot\u00edpusokat tudunk k\u00edn\u00e1lni r\u00f6vid megval\u00f3s\u00edt\u00e1si id\u0151vel.<\/p>\n\t\t\t\t\t\t\t\t<\/div>\n\t\t\t\t<\/div>\n\t\t\t\t\t<\/div>\n\t\t<\/div>\n\t\t\t\t<div class=\"elementor-column elementor-col-50 elementor-top-column elementor-element elementor-element-c9aea09\" data-id=\"c9aea09\" data-element_type=\"column\">\n\t\t\t<div class=\"elementor-widget-wrap elementor-element-populated\">\n\t\t\t\t\t\t<div class=\"elementor-element elementor-element-4a4d4b4 elementor-widget elementor-widget-image\" data-id=\"4a4d4b4\" data-element_type=\"widget\" data-widget_type=\"image.default\">\n\t\t\t\t<div class=\"elementor-widget-container\">\n\t\t\t\t\t\t\t\t\t\t\t\t\t\t\t<img decoding=\"async\" width=\"800\" height=\"534\" src=\"https:\/\/kaco.de\/wp-content\/uploads\/kompetenzen-prototypenbau-herstellung-kaco@2x.jpg\" class=\"attachment-large size-large wp-image-7386\" alt=\"Kompetenzen Prototypenbau Kaco\" \/>\t\t\t\t\t\t\t\t\t\t\t\t\t\t\t<\/div>\n\t\t\t\t<\/div>\n\t\t\t\t\t<\/div>\n\t\t<\/div>\n\t\t\t\t\t<\/div>\n\t\t<\/section>\n\t\t\t\t<\/div>\n\t\t","protected":false},"excerpt":{"rendered":"<p>Protot\u00edpusgy\u00e1rt\u00e1s R\u00f6vid id\u0151 alatt megval\u00f3sult A KACO \u00e1ltali protot\u00edpusgy\u00e1rt\u00e1s alapj\u00e1t a c\u00e9g sok\u00e9ves tapasztalat\u00e1b\u00f3l sz\u00e1rmaz\u00f3, bev\u00e1lt speci\u00e1lis m\u00f3dszerek \u00e9s alapelvek jelentik. 1986-ban kezdt\u00fcnk el fr\u00f6ccs\u00f6nt\u00e9si protot\u00edpusok gy\u00e1rt\u00e1s\u00e1val foglalkozni, \u00e9s az\u00f3ta folyamatosan fejl\u0151d\u00fcnk. Ide tartozik t\u00f6bbek k\u00f6z\u00f6tt az is, hogy a protot\u00edpusform\u00e1kat \u00e9s a szersz\u00e1mokat m\u00e1r a protot\u00edpusf\u00e1zisban pontosan a terveknek megfelel\u0151en, a sz\u00e9riaform\u00e1k szerint alak\u00edtj\u00e1k [&hellip;]<\/p>\n","protected":false},"author":3,"featured_media":0,"parent":13355,"menu_order":0,"comment_status":"closed","ping_status":"closed","template":"","meta":{"_acf_changed":false,"site-sidebar-layout":"no-sidebar","site-content-layout":"page-builder","ast-site-content-layout":"default","site-content-style":"default","site-sidebar-style":"default","ast-global-header-display":"","ast-banner-title-visibility":"","ast-main-header-display":"","ast-hfb-above-header-display":"","ast-hfb-below-header-display":"","ast-hfb-mobile-header-display":"","site-post-title":"disabled","ast-breadcrumbs-content":"","ast-featured-img":"disabled","footer-sml-layout":"","ast-disable-related-posts":"","theme-transparent-header-meta":"","adv-header-id-meta":"","stick-header-meta":"","header-above-stick-meta":"","header-main-stick-meta":"","header-below-stick-meta":"","astra-migrate-meta-layouts":"default","ast-page-background-enabled":"default","ast-page-background-meta":{"desktop":{"background-color":"var(--ast-global-color-4)","background-image":"","background-repeat":"repeat","background-position":"center center","background-size":"auto","background-attachment":"scroll","background-type":"","background-media":"","overlay-type":"","overlay-color":"","overlay-opacity":"","overlay-gradient":""},"tablet":{"background-color":"","background-image":"","background-repeat":"repeat","background-position":"center center","background-size":"auto","background-attachment":"scroll","background-type":"","background-media":"","overlay-type":"","overlay-color":"","overlay-opacity":"","overlay-gradient":""},"mobile":{"background-color":"","background-image":"","background-repeat":"repeat","background-position":"center center","background-size":"auto","background-attachment":"scroll","background-type":"","background-media":"","overlay-type":"","overlay-color":"","overlay-opacity":"","overlay-gradient":""}},"ast-content-background-meta":{"desktop":{"background-color":"var(--ast-global-color-5)","background-image":"","background-repeat":"repeat","background-position":"center center","background-size":"auto","background-attachment":"scroll","background-type":"","background-media":"","overlay-type":"","overlay-color":"","overlay-opacity":"","overlay-gradient":""},"tablet":{"background-color":"var(--ast-global-color-5)","background-image":"","background-repeat":"repeat","background-position":"center center","background-size":"auto","background-attachment":"scroll","background-type":"","background-media":"","overlay-type":"","overlay-color":"","overlay-opacity":"","overlay-gradient":""},"mobile":{"background-color":"var(--ast-global-color-5)","background-image":"","background-repeat":"repeat","background-position":"center center","background-size":"auto","background-attachment":"scroll","background-type":"","background-media":"","overlay-type":"","overlay-color":"","overlay-opacity":"","overlay-gradient":""}},"footnotes":""},"class_list":["post-13370","page","type-page","status-publish","hentry"],"acf":[],"yoast_head":"<!-- This site is optimized with the Yoast SEO plugin v27.3 - https:\/\/yoast.com\/product\/yoast-seo-wordpress\/ -->\n<title>Protot\u00edpusgy\u00e1rt\u00e1s - KACO - Der Experte f\u00fcr Dichtungssysteme<\/title>\n<meta name=\"description\" content=\"Protot\u00edpusgy\u00e1rt\u00e1s R\u00f6vid id\u0151 alatt megval\u00f3sult A KACO \u00e1ltali protot\u00edpusgy\u00e1rt\u00e1s alapj\u00e1t a c\u00e9g sok\u00e9ves tapasztalat\u00e1b\u00f3l sz\u00e1rmaz\u00f3, bev\u00e1lt speci\u00e1lis m\u00f3dszerek\" \/>\n<meta name=\"robots\" content=\"index, follow, max-snippet:-1, max-image-preview:large, max-video-preview:-1\" \/>\n<link rel=\"canonical\" href=\"https:\/\/kaco.de\/hu\/kompetenciak\/kutatas-es-fejlesztes\/prototipus-fejlesztese\/\" \/>\n<meta property=\"og:locale\" content=\"hu_HU\" \/>\n<meta property=\"og:type\" content=\"article\" \/>\n<meta property=\"og:title\" content=\"Protot\u00edpusgy\u00e1rt\u00e1s - KACO - Der Experte f\u00fcr Dichtungssysteme\" \/>\n<meta property=\"og:description\" content=\"Protot\u00edpusgy\u00e1rt\u00e1s R\u00f6vid id\u0151 alatt megval\u00f3sult A KACO \u00e1ltali protot\u00edpusgy\u00e1rt\u00e1s alapj\u00e1t a c\u00e9g sok\u00e9ves tapasztalat\u00e1b\u00f3l sz\u00e1rmaz\u00f3, bev\u00e1lt speci\u00e1lis m\u00f3dszerek\" \/>\n<meta property=\"og:url\" content=\"https:\/\/kaco.de\/hu\/kompetenciak\/kutatas-es-fejlesztes\/prototipus-fejlesztese\/\" \/>\n<meta property=\"og:site_name\" content=\"KACO - Der Experte f\u00fcr Dichtungssysteme\" \/>\n<meta property=\"article:modified_time\" content=\"2022-01-25T08:31:14+00:00\" \/>\n<meta property=\"og:image\" content=\"https:\/\/kaco.de\/wp-content\/uploads\/kompetenzen-prototypenbau-kaco-01@2x-3024x955-1.jpg\" \/>\n<meta name=\"twitter:card\" content=\"summary_large_image\" \/>\n<meta name=\"twitter:label1\" content=\"Becs\u00fclt olvas\u00e1si id\u0151\" \/>\n\t<meta name=\"twitter:data1\" content=\"2 perc\" \/>\n<script type=\"application\/ld+json\" class=\"yoast-schema-graph\">{\"@context\":\"https:\\\/\\\/schema.org\",\"@graph\":[{\"@type\":\"WebPage\",\"@id\":\"https:\\\/\\\/kaco.de\\\/hu\\\/kompetenciak\\\/kutatas-es-fejlesztes\\\/prototipus-fejlesztese\\\/\",\"url\":\"https:\\\/\\\/kaco.de\\\/hu\\\/kompetenciak\\\/kutatas-es-fejlesztes\\\/prototipus-fejlesztese\\\/\",\"name\":\"Protot\u00edpusgy\u00e1rt\u00e1s - KACO - Der Experte f\u00fcr Dichtungssysteme\",\"isPartOf\":{\"@id\":\"https:\\\/\\\/kaco.de\\\/#website\"},\"primaryImageOfPage\":{\"@id\":\"https:\\\/\\\/kaco.de\\\/hu\\\/kompetenciak\\\/kutatas-es-fejlesztes\\\/prototipus-fejlesztese\\\/#primaryimage\"},\"image\":{\"@id\":\"https:\\\/\\\/kaco.de\\\/hu\\\/kompetenciak\\\/kutatas-es-fejlesztes\\\/prototipus-fejlesztese\\\/#primaryimage\"},\"thumbnailUrl\":\"https:\\\/\\\/kaco.de\\\/wp-content\\\/uploads\\\/kompetenzen-prototypenbau-kaco-01@2x-3024x955-1.jpg\",\"datePublished\":\"2022-01-14T18:14:36+00:00\",\"dateModified\":\"2022-01-25T08:31:14+00:00\",\"description\":\"Protot\u00edpusgy\u00e1rt\u00e1s R\u00f6vid id\u0151 alatt megval\u00f3sult A KACO \u00e1ltali protot\u00edpusgy\u00e1rt\u00e1s alapj\u00e1t a c\u00e9g sok\u00e9ves tapasztalat\u00e1b\u00f3l sz\u00e1rmaz\u00f3, bev\u00e1lt speci\u00e1lis m\u00f3dszerek\",\"breadcrumb\":{\"@id\":\"https:\\\/\\\/kaco.de\\\/hu\\\/kompetenciak\\\/kutatas-es-fejlesztes\\\/prototipus-fejlesztese\\\/#breadcrumb\"},\"inLanguage\":\"hu\",\"potentialAction\":[{\"@type\":\"ReadAction\",\"target\":[\"https:\\\/\\\/kaco.de\\\/hu\\\/kompetenciak\\\/kutatas-es-fejlesztes\\\/prototipus-fejlesztese\\\/\"]}]},{\"@type\":\"ImageObject\",\"inLanguage\":\"hu\",\"@id\":\"https:\\\/\\\/kaco.de\\\/hu\\\/kompetenciak\\\/kutatas-es-fejlesztes\\\/prototipus-fejlesztese\\\/#primaryimage\",\"url\":\"https:\\\/\\\/kaco.de\\\/wp-content\\\/uploads\\\/kompetenzen-prototypenbau-kaco-01@2x-3024x955-1.jpg\",\"contentUrl\":\"https:\\\/\\\/kaco.de\\\/wp-content\\\/uploads\\\/kompetenzen-prototypenbau-kaco-01@2x-3024x955-1.jpg\"},{\"@type\":\"BreadcrumbList\",\"@id\":\"https:\\\/\\\/kaco.de\\\/hu\\\/kompetenciak\\\/kutatas-es-fejlesztes\\\/prototipus-fejlesztese\\\/#breadcrumb\",\"itemListElement\":[{\"@type\":\"ListItem\",\"position\":1,\"name\":\"Home\",\"item\":\"https:\\\/\\\/kaco.de\\\/hu\\\/ungarisch-startseite-test\\\/\"},{\"@type\":\"ListItem\",\"position\":2,\"name\":\"Kompetenci\u00e1k\",\"item\":\"https:\\\/\\\/kaco.de\\\/hu\\\/kompetenciak\\\/\"},{\"@type\":\"ListItem\",\"position\":3,\"name\":\"Kutat\u00e1s \u00e9s fejleszt\u00e9s\",\"item\":\"https:\\\/\\\/kaco.de\\\/hu\\\/kompetenciak\\\/kutatas-es-fejlesztes\\\/\"},{\"@type\":\"ListItem\",\"position\":4,\"name\":\"Protot\u00edpusgy\u00e1rt\u00e1s\"}]},{\"@type\":\"WebSite\",\"@id\":\"https:\\\/\\\/kaco.de\\\/#website\",\"url\":\"https:\\\/\\\/kaco.de\\\/\",\"name\":\"KACO - Der Experte f\u00fcr Dichtungssysteme\",\"description\":\"Seien Sie mit unseren hochpr\u00e4zisen und anwendungsorientierten Dichtungsl\u00f6sungen bestens f\u00fcr die Automobil- und Maschinenbauindustrie ger\u00fcstet.\",\"publisher\":{\"@id\":\"https:\\\/\\\/kaco.de\\\/#organization\"},\"potentialAction\":[{\"@type\":\"SearchAction\",\"target\":{\"@type\":\"EntryPoint\",\"urlTemplate\":\"https:\\\/\\\/kaco.de\\\/?s={search_term_string}\"},\"query-input\":{\"@type\":\"PropertyValueSpecification\",\"valueRequired\":true,\"valueName\":\"search_term_string\"}}],\"inLanguage\":\"hu\"},{\"@type\":\"Organization\",\"@id\":\"https:\\\/\\\/kaco.de\\\/#organization\",\"name\":\"KACO - Der Experte f\u00fcr Dichtungssysteme\",\"url\":\"https:\\\/\\\/kaco.de\\\/\",\"logo\":{\"@type\":\"ImageObject\",\"inLanguage\":\"hu\",\"@id\":\"https:\\\/\\\/kaco.de\\\/#\\\/schema\\\/logo\\\/image\\\/\",\"url\":\"https:\\\/\\\/kaco.de\\\/wp-content\\\/uploads\\\/cropped-logo1.png\",\"contentUrl\":\"https:\\\/\\\/kaco.de\\\/wp-content\\\/uploads\\\/cropped-logo1.png\",\"width\":851,\"height\":254,\"caption\":\"KACO - Der Experte f\u00fcr Dichtungssysteme\"},\"image\":{\"@id\":\"https:\\\/\\\/kaco.de\\\/#\\\/schema\\\/logo\\\/image\\\/\"}}]}<\/script>\n<!-- \/ Yoast SEO plugin. -->","yoast_head_json":{"title":"Protot\u00edpusgy\u00e1rt\u00e1s - KACO - Der Experte f\u00fcr Dichtungssysteme","description":"Protot\u00edpusgy\u00e1rt\u00e1s R\u00f6vid id\u0151 alatt megval\u00f3sult A KACO \u00e1ltali protot\u00edpusgy\u00e1rt\u00e1s alapj\u00e1t a c\u00e9g sok\u00e9ves tapasztalat\u00e1b\u00f3l sz\u00e1rmaz\u00f3, bev\u00e1lt speci\u00e1lis m\u00f3dszerek","robots":{"index":"index","follow":"follow","max-snippet":"max-snippet:-1","max-image-preview":"max-image-preview:large","max-video-preview":"max-video-preview:-1"},"canonical":"https:\/\/kaco.de\/hu\/kompetenciak\/kutatas-es-fejlesztes\/prototipus-fejlesztese\/","og_locale":"hu_HU","og_type":"article","og_title":"Protot\u00edpusgy\u00e1rt\u00e1s - KACO - Der Experte f\u00fcr Dichtungssysteme","og_description":"Protot\u00edpusgy\u00e1rt\u00e1s R\u00f6vid id\u0151 alatt megval\u00f3sult A KACO \u00e1ltali protot\u00edpusgy\u00e1rt\u00e1s alapj\u00e1t a c\u00e9g sok\u00e9ves tapasztalat\u00e1b\u00f3l sz\u00e1rmaz\u00f3, bev\u00e1lt speci\u00e1lis m\u00f3dszerek","og_url":"https:\/\/kaco.de\/hu\/kompetenciak\/kutatas-es-fejlesztes\/prototipus-fejlesztese\/","og_site_name":"KACO - Der Experte f\u00fcr Dichtungssysteme","article_modified_time":"2022-01-25T08:31:14+00:00","og_image":[{"url":"https:\/\/kaco.de\/wp-content\/uploads\/kompetenzen-prototypenbau-kaco-01@2x-3024x955-1.jpg","type":"","width":"","height":""}],"twitter_card":"summary_large_image","twitter_misc":{"Becs\u00fclt olvas\u00e1si id\u0151":"2 perc"},"schema":{"@context":"https:\/\/schema.org","@graph":[{"@type":"WebPage","@id":"https:\/\/kaco.de\/hu\/kompetenciak\/kutatas-es-fejlesztes\/prototipus-fejlesztese\/","url":"https:\/\/kaco.de\/hu\/kompetenciak\/kutatas-es-fejlesztes\/prototipus-fejlesztese\/","name":"Protot\u00edpusgy\u00e1rt\u00e1s - KACO - Der Experte f\u00fcr Dichtungssysteme","isPartOf":{"@id":"https:\/\/kaco.de\/#website"},"primaryImageOfPage":{"@id":"https:\/\/kaco.de\/hu\/kompetenciak\/kutatas-es-fejlesztes\/prototipus-fejlesztese\/#primaryimage"},"image":{"@id":"https:\/\/kaco.de\/hu\/kompetenciak\/kutatas-es-fejlesztes\/prototipus-fejlesztese\/#primaryimage"},"thumbnailUrl":"https:\/\/kaco.de\/wp-content\/uploads\/kompetenzen-prototypenbau-kaco-01@2x-3024x955-1.jpg","datePublished":"2022-01-14T18:14:36+00:00","dateModified":"2022-01-25T08:31:14+00:00","description":"Protot\u00edpusgy\u00e1rt\u00e1s R\u00f6vid id\u0151 alatt megval\u00f3sult A KACO \u00e1ltali protot\u00edpusgy\u00e1rt\u00e1s alapj\u00e1t a c\u00e9g sok\u00e9ves tapasztalat\u00e1b\u00f3l sz\u00e1rmaz\u00f3, bev\u00e1lt speci\u00e1lis m\u00f3dszerek","breadcrumb":{"@id":"https:\/\/kaco.de\/hu\/kompetenciak\/kutatas-es-fejlesztes\/prototipus-fejlesztese\/#breadcrumb"},"inLanguage":"hu","potentialAction":[{"@type":"ReadAction","target":["https:\/\/kaco.de\/hu\/kompetenciak\/kutatas-es-fejlesztes\/prototipus-fejlesztese\/"]}]},{"@type":"ImageObject","inLanguage":"hu","@id":"https:\/\/kaco.de\/hu\/kompetenciak\/kutatas-es-fejlesztes\/prototipus-fejlesztese\/#primaryimage","url":"https:\/\/kaco.de\/wp-content\/uploads\/kompetenzen-prototypenbau-kaco-01@2x-3024x955-1.jpg","contentUrl":"https:\/\/kaco.de\/wp-content\/uploads\/kompetenzen-prototypenbau-kaco-01@2x-3024x955-1.jpg"},{"@type":"BreadcrumbList","@id":"https:\/\/kaco.de\/hu\/kompetenciak\/kutatas-es-fejlesztes\/prototipus-fejlesztese\/#breadcrumb","itemListElement":[{"@type":"ListItem","position":1,"name":"Home","item":"https:\/\/kaco.de\/hu\/ungarisch-startseite-test\/"},{"@type":"ListItem","position":2,"name":"Kompetenci\u00e1k","item":"https:\/\/kaco.de\/hu\/kompetenciak\/"},{"@type":"ListItem","position":3,"name":"Kutat\u00e1s \u00e9s fejleszt\u00e9s","item":"https:\/\/kaco.de\/hu\/kompetenciak\/kutatas-es-fejlesztes\/"},{"@type":"ListItem","position":4,"name":"Protot\u00edpusgy\u00e1rt\u00e1s"}]},{"@type":"WebSite","@id":"https:\/\/kaco.de\/#website","url":"https:\/\/kaco.de\/","name":"KACO - Der Experte f\u00fcr Dichtungssysteme","description":"Seien Sie mit unseren hochpr\u00e4zisen und anwendungsorientierten Dichtungsl\u00f6sungen bestens f\u00fcr die Automobil- und Maschinenbauindustrie ger\u00fcstet.","publisher":{"@id":"https:\/\/kaco.de\/#organization"},"potentialAction":[{"@type":"SearchAction","target":{"@type":"EntryPoint","urlTemplate":"https:\/\/kaco.de\/?s={search_term_string}"},"query-input":{"@type":"PropertyValueSpecification","valueRequired":true,"valueName":"search_term_string"}}],"inLanguage":"hu"},{"@type":"Organization","@id":"https:\/\/kaco.de\/#organization","name":"KACO - Der Experte f\u00fcr Dichtungssysteme","url":"https:\/\/kaco.de\/","logo":{"@type":"ImageObject","inLanguage":"hu","@id":"https:\/\/kaco.de\/#\/schema\/logo\/image\/","url":"https:\/\/kaco.de\/wp-content\/uploads\/cropped-logo1.png","contentUrl":"https:\/\/kaco.de\/wp-content\/uploads\/cropped-logo1.png","width":851,"height":254,"caption":"KACO - Der Experte f\u00fcr Dichtungssysteme"},"image":{"@id":"https:\/\/kaco.de\/#\/schema\/logo\/image\/"}}]}},"_links":{"self":[{"href":"https:\/\/kaco.de\/hu\/wp-json\/wp\/v2\/pages\/13370","targetHints":{"allow":["GET"]}}],"collection":[{"href":"https:\/\/kaco.de\/hu\/wp-json\/wp\/v2\/pages"}],"about":[{"href":"https:\/\/kaco.de\/hu\/wp-json\/wp\/v2\/types\/page"}],"author":[{"embeddable":true,"href":"https:\/\/kaco.de\/hu\/wp-json\/wp\/v2\/users\/3"}],"replies":[{"embeddable":true,"href":"https:\/\/kaco.de\/hu\/wp-json\/wp\/v2\/comments?post=13370"}],"version-history":[{"count":0,"href":"https:\/\/kaco.de\/hu\/wp-json\/wp\/v2\/pages\/13370\/revisions"}],"up":[{"embeddable":true,"href":"https:\/\/kaco.de\/hu\/wp-json\/wp\/v2\/pages\/13355"}],"wp:attachment":[{"href":"https:\/\/kaco.de\/hu\/wp-json\/wp\/v2\/media?parent=13370"}],"curies":[{"name":"wp","href":"https:\/\/api.w.org\/{rel}","templated":true}]}}