{"id":13395,"date":"2022-01-14T19:56:32","date_gmt":"2022-01-14T18:56:32","guid":{"rendered":"https:\/\/kaco21.neckarfreunde.net\/?page_id=13395"},"modified":"2022-03-25T12:18:58","modified_gmt":"2022-03-25T11:18:58","slug":"magnesezes","status":"publish","type":"page","link":"https:\/\/kaco.de\/hu\/kompetenciak\/technologia\/magnesezes\/","title":{"rendered":"M\u00e1gnesez\u00e9s"},"content":{"rendered":"\t\t<div data-elementor-type=\"wp-page\" data-elementor-id=\"13395\" class=\"elementor elementor-13395 elementor-3510\" data-elementor-post-type=\"page\">\n\t\t\t\t\t\t<section class=\"elementor-section elementor-top-section elementor-element elementor-element-8bbf0fa elementor-section-full_width elementor-section-stretched elementor-section-height-default elementor-section-height-default\" data-id=\"8bbf0fa\" data-element_type=\"section\" data-settings=\"{&quot;stretch_section&quot;:&quot;section-stretched&quot;}\">\n\t\t\t\t\t\t<div class=\"elementor-container elementor-column-gap-default\">\n\t\t\t\t\t<div class=\"elementor-column elementor-col-100 elementor-top-column elementor-element elementor-element-781b0d9\" data-id=\"781b0d9\" data-element_type=\"column\">\n\t\t\t<div class=\"elementor-widget-wrap elementor-element-populated\">\n\t\t\t\t\t\t<div class=\"elementor-element elementor-element-47e6c2f elementor-widget elementor-widget-image\" data-id=\"47e6c2f\" data-element_type=\"widget\" data-widget_type=\"image.default\">\n\t\t\t\t<div class=\"elementor-widget-container\">\n\t\t\t\t\t\t\t\t\t\t\t\t\t\t\t<img fetchpriority=\"high\" decoding=\"async\" width=\"3800\" height=\"1200\" src=\"https:\/\/kaco.de\/wp-content\/uploads\/kompetenzen-magnetisierung-kaco@2x.jpeg\" class=\"attachment-full size-full wp-image-10740\" alt=\"Kompetenzen Magnetisierung Kaco\" srcset=\"https:\/\/kaco.de\/wp-content\/uploads\/kompetenzen-magnetisierung-kaco@2x.jpeg 3800w, https:\/\/kaco.de\/wp-content\/uploads\/kompetenzen-magnetisierung-kaco@2x-300x95.jpeg 300w, https:\/\/kaco.de\/wp-content\/uploads\/kompetenzen-magnetisierung-kaco@2x-1536x485.jpeg 1536w, https:\/\/kaco.de\/wp-content\/uploads\/kompetenzen-magnetisierung-kaco@2x-2048x647.jpeg 2048w\" sizes=\"(max-width: 3800px) 100vw, 3800px\" \/>\t\t\t\t\t\t\t\t\t\t\t\t\t\t\t<\/div>\n\t\t\t\t<\/div>\n\t\t\t\t\t<\/div>\n\t\t<\/div>\n\t\t\t\t\t<\/div>\n\t\t<\/section>\n\t\t\t\t<section class=\"elementor-section elementor-top-section elementor-element elementor-element-bdb37f1 elementor-section-content-bottom elementor-section-stretched pageheader elementor-section-boxed elementor-section-height-default elementor-section-height-default\" data-id=\"bdb37f1\" data-element_type=\"section\" data-settings=\"{&quot;background_background&quot;:&quot;classic&quot;,&quot;stretch_section&quot;:&quot;section-stretched&quot;}\">\n\t\t\t\t\t\t<div class=\"elementor-container elementor-column-gap-default\">\n\t\t\t\t\t<div class=\"elementor-column elementor-col-50 elementor-top-column elementor-element elementor-element-b1372f6 pageheader-row-left\" data-id=\"b1372f6\" data-element_type=\"column\" data-settings=\"{&quot;background_background&quot;:&quot;classic&quot;}\">\n\t\t\t<div class=\"elementor-widget-wrap elementor-element-populated\">\n\t\t\t\t\t\t<div class=\"elementor-element elementor-element-6d47538 elementor-widget elementor-widget-heading\" data-id=\"6d47538\" data-element_type=\"widget\" data-widget_type=\"heading.default\">\n\t\t\t\t<div class=\"elementor-widget-container\">\n\t\t\t\t\t<span class=\"elementor-heading-title elementor-size-default\">M\u00e1gnesez\u00e9s<\/span>\t\t\t\t<\/div>\n\t\t\t\t<\/div>\n\t\t\t\t<div class=\"elementor-element elementor-element-6c75a1b elementor-widget elementor-widget-heading\" data-id=\"6c75a1b\" data-element_type=\"widget\" data-widget_type=\"heading.default\">\n\t\t\t\t<div class=\"elementor-widget-container\">\n\t\t\t\t\t<h1 class=\"elementor-heading-title elementor-size-default\">radi\u00e1lis \u00e9s axi\u00e1lis k\u00f3dol\u00f3k<\/h1>\t\t\t\t<\/div>\n\t\t\t\t<\/div>\n\t\t\t\t\t<\/div>\n\t\t<\/div>\n\t\t\t\t<div class=\"elementor-column elementor-col-50 elementor-top-column elementor-element elementor-element-c1c0101\" data-id=\"c1c0101\" data-element_type=\"column\">\n\t\t\t<div class=\"elementor-widget-wrap\">\n\t\t\t\t\t\t\t<\/div>\n\t\t<\/div>\n\t\t\t\t\t<\/div>\n\t\t<\/section>\n\t\t\t\t<section class=\"elementor-section elementor-top-section elementor-element elementor-element-c361b8a elementor-section-boxed elementor-section-height-default elementor-section-height-default\" data-id=\"c361b8a\" data-element_type=\"section\">\n\t\t\t\t\t\t<div class=\"elementor-container elementor-column-gap-default\">\n\t\t\t\t\t<div class=\"elementor-column elementor-col-50 elementor-top-column elementor-element elementor-element-0a6ab5d\" data-id=\"0a6ab5d\" data-element_type=\"column\">\n\t\t\t<div class=\"elementor-widget-wrap elementor-element-populated\">\n\t\t\t\t\t\t<div class=\"elementor-element elementor-element-d9d8d05 elementor-widget elementor-widget-text-editor\" data-id=\"d9d8d05\" data-element_type=\"widget\" data-widget_type=\"text-editor.default\">\n\t\t\t\t<div class=\"elementor-widget-container\">\n\t\t\t\t\t\t\t\t\t<p>A digit\u00e1lis korban nem hi\u00e1nyozhatnak bizonyos kulcsfontoss\u00e1g\u00fa technol\u00f3gi\u00e1k. Ezek k\u00f6z\u00e9 tartoznak a radi\u00e1lis \u00e9s axi\u00e1lis m\u00e1gneses k\u00f3dol\u00f3k is. Annak \u00e9rdek\u00e9ben, hogy e k\u00f3dol\u00f3kra speci\u00e1lis m\u00e1gneses k\u00f3dok ker\u00fcljenek, a KACO m\u00e1gnesez\u00e9si elj\u00e1r\u00e1sokat alkalmaz, amelyek a k\u00fcl\u00f6nb\u00f6z\u0151 \u00e9rz\u00e9kel\u0151t\u00edpusokhoz \u00e9s alkalmaz\u00e1si m\u00f3dokhoz vannak kialak\u00edtva. Ennek legfontosabb el\u0151felt\u00e9tele az optim\u00e1lis vulkaniz\u00e1l\u00e1s.<\/p><p>A m\u00e1gnesez\u00e9s ter\u00e9n dinamikus \u00e9s statikus folyamatokat k\u00fcl\u00f6nb\u00f6ztethet\u00fcnk meg. A dinamikus m\u00e1gnesez\u00e9si elj\u00e1r\u00e1sn\u00e1l a k\u00f3dol\u00f3 mozog, mik\u00f6zben a m\u00e1gnesez\u0151fej l\u00e9p\u00e9senk\u00e9nt alkalmazza a m\u00e1gnesez\u00e9st. Ez az elj\u00e1r\u00e1s nagyon finom \u00e9s \u00f6sszetett m\u00e1gnesez\u00e9si mint\u00e1kat tesz lehet\u0151v\u00e9. Sz\u00fcks\u00e9g eset\u00e9n egy k\u00e9s\u0151bbi szakaszban korrekci\u00f3s m\u00e1gnesez\u00e9sek v\u00e9gezhet\u0151k.<\/p><p>A statikus m\u00e1gnesez\u00e9si elj\u00e1r\u00e1sn\u00e1l egy speci\u00e1lisan erre a c\u00e9lra gy\u00e1rtott m\u00e1gnesez\u0151 szersz\u00e1m egy l\u00e9p\u00e9sben v\u00e9gzi el a m\u00e1gnesez\u00e9st. Ez az elj\u00e1r\u00e1s nagyon massz\u00edv, \u00e9s gyors ciklusid\u0151ket tesz lehet\u0151v\u00e9.<\/p><p>A biztos eredm\u00e9ny \u00e9rdek\u00e9ben szak\u00e9rt\u0151ink egy speci\u00e1lis szoftver seg\u00edts\u00e9g\u00e9vel k\u00e9pesek a m\u00e1gnesez\u00e9s el\u0151zetes szimul\u00e1l\u00e1s\u00e1ra. A sz\u00e9riaalkalmaz\u00e1s el\u0151tt pontos m\u00e9r\u00e9sre \u00e9s ellen\u0151rz\u00e9se ker\u00fcl sor az \u00fcgyf\u00e9l \u00e1ltal k\u00e9rt jelspecifik\u00e1ci\u00f3 biztos\u00edt\u00e1sa c\u00e9lj\u00e1b\u00f3l.<\/p>\t\t\t\t\t\t\t\t<\/div>\n\t\t\t\t<\/div>\n\t\t\t\t<div class=\"elementor-element elementor-element-66f1ac2 elementor-widget elementor-widget-spacer\" data-id=\"66f1ac2\" data-element_type=\"widget\" data-widget_type=\"spacer.default\">\n\t\t\t\t<div class=\"elementor-widget-container\">\n\t\t\t\t\t\t\t<div class=\"elementor-spacer\">\n\t\t\t<div class=\"elementor-spacer-inner\"><\/div>\n\t\t<\/div>\n\t\t\t\t\t\t<\/div>\n\t\t\t\t<\/div>\n\t\t\t\t\t<\/div>\n\t\t<\/div>\n\t\t\t\t<div class=\"elementor-column elementor-col-50 elementor-top-column elementor-element elementor-element-b641f9a\" data-id=\"b641f9a\" data-element_type=\"column\">\n\t\t\t<div class=\"elementor-widget-wrap elementor-element-populated\">\n\t\t\t\t\t\t<div class=\"elementor-element elementor-element-6bc939f elementor-widget elementor-widget-image\" data-id=\"6bc939f\" data-element_type=\"widget\" data-widget_type=\"image.default\">\n\t\t\t\t<div class=\"elementor-widget-container\">\n\t\t\t\t\t\t\t\t\t\t\t\t\t\t\t<img decoding=\"async\" width=\"1400\" height=\"933\" src=\"https:\/\/kaco.de\/wp-content\/uploads\/kompetenzen-magnetisierung-kaco-2@2x-1536x1024.png\" class=\"attachment-large size-large wp-image-10747\" alt=\"Kompetenzen Magnetisierung Kaco\" srcset=\"https:\/\/kaco.de\/wp-content\/uploads\/kompetenzen-magnetisierung-kaco-2@2x-1536x1024.png 1536w, https:\/\/kaco.de\/wp-content\/uploads\/kompetenzen-magnetisierung-kaco-2@2x-300x200.png 300w, https:\/\/kaco.de\/wp-content\/uploads\/kompetenzen-magnetisierung-kaco-2@2x.png 1600w\" sizes=\"(max-width: 1400px) 100vw, 1400px\" \/>\t\t\t\t\t\t\t\t\t\t\t\t\t\t\t<\/div>\n\t\t\t\t<\/div>\n\t\t\t\t\t<\/div>\n\t\t<\/div>\n\t\t\t\t\t<\/div>\n\t\t<\/section>\n\t\t\t\t<\/div>\n\t\t","protected":false},"excerpt":{"rendered":"<p>M\u00e1gnesez\u00e9s radi\u00e1lis \u00e9s axi\u00e1lis k\u00f3dol\u00f3k A digit\u00e1lis korban nem hi\u00e1nyozhatnak bizonyos kulcsfontoss\u00e1g\u00fa technol\u00f3gi\u00e1k. Ezek k\u00f6z\u00e9 tartoznak a radi\u00e1lis \u00e9s axi\u00e1lis m\u00e1gneses k\u00f3dol\u00f3k is. Annak \u00e9rdek\u00e9ben, hogy e k\u00f3dol\u00f3kra speci\u00e1lis m\u00e1gneses k\u00f3dok ker\u00fcljenek, a KACO m\u00e1gnesez\u00e9si elj\u00e1r\u00e1sokat alkalmaz, amelyek a k\u00fcl\u00f6nb\u00f6z\u0151 \u00e9rz\u00e9kel\u0151t\u00edpusokhoz \u00e9s alkalmaz\u00e1si m\u00f3dokhoz vannak kialak\u00edtva. Ennek legfontosabb el\u0151felt\u00e9tele az optim\u00e1lis vulkaniz\u00e1l\u00e1s. A m\u00e1gnesez\u00e9s ter\u00e9n [&hellip;]<\/p>\n","protected":false},"author":3,"featured_media":0,"parent":13385,"menu_order":0,"comment_status":"closed","ping_status":"closed","template":"","meta":{"_acf_changed":false,"site-sidebar-layout":"no-sidebar","site-content-layout":"page-builder","ast-site-content-layout":"default","site-content-style":"default","site-sidebar-style":"default","ast-global-header-display":"","ast-banner-title-visibility":"","ast-main-header-display":"","ast-hfb-above-header-display":"","ast-hfb-below-header-display":"","ast-hfb-mobile-header-display":"","site-post-title":"disabled","ast-breadcrumbs-content":"","ast-featured-img":"disabled","footer-sml-layout":"","ast-disable-related-posts":"","theme-transparent-header-meta":"","adv-header-id-meta":"","stick-header-meta":"","header-above-stick-meta":"","header-main-stick-meta":"","header-below-stick-meta":"","astra-migrate-meta-layouts":"default","ast-page-background-enabled":"default","ast-page-background-meta":{"desktop":{"background-color":"var(--ast-global-color-4)","background-image":"","background-repeat":"repeat","background-position":"center center","background-size":"auto","background-attachment":"scroll","background-type":"","background-media":"","overlay-type":"","overlay-color":"","overlay-opacity":"","overlay-gradient":""},"tablet":{"background-color":"","background-image":"","background-repeat":"repeat","background-position":"center center","background-size":"auto","background-attachment":"scroll","background-type":"","background-media":"","overlay-type":"","overlay-color":"","overlay-opacity":"","overlay-gradient":""},"mobile":{"background-color":"","background-image":"","background-repeat":"repeat","background-position":"center center","background-size":"auto","background-attachment":"scroll","background-type":"","background-media":"","overlay-type":"","overlay-color":"","overlay-opacity":"","overlay-gradient":""}},"ast-content-background-meta":{"desktop":{"background-color":"var(--ast-global-color-5)","background-image":"","background-repeat":"repeat","background-position":"center center","background-size":"auto","background-attachment":"scroll","background-type":"","background-media":"","overlay-type":"","overlay-color":"","overlay-opacity":"","overlay-gradient":""},"tablet":{"background-color":"var(--ast-global-color-5)","background-image":"","background-repeat":"repeat","background-position":"center center","background-size":"auto","background-attachment":"scroll","background-type":"","background-media":"","overlay-type":"","overlay-color":"","overlay-opacity":"","overlay-gradient":""},"mobile":{"background-color":"var(--ast-global-color-5)","background-image":"","background-repeat":"repeat","background-position":"center center","background-size":"auto","background-attachment":"scroll","background-type":"","background-media":"","overlay-type":"","overlay-color":"","overlay-opacity":"","overlay-gradient":""}},"footnotes":""},"class_list":["post-13395","page","type-page","status-publish","hentry"],"acf":[],"yoast_head":"<!-- This site is optimized with the Yoast SEO plugin v27.4 - https:\/\/yoast.com\/product\/yoast-seo-wordpress\/ -->\n<title>M\u00e1gnesez\u00e9s - KACO - Der Experte f\u00fcr Dichtungssysteme<\/title>\n<meta name=\"description\" content=\"M\u00e1gnesez\u00e9s radi\u00e1lis \u00e9s axi\u00e1lis k\u00f3dol\u00f3k A digit\u00e1lis korban nem hi\u00e1nyozhatnak bizonyos kulcsfontoss\u00e1g\u00fa technol\u00f3gi\u00e1k. Ezek k\u00f6z\u00e9 tartoznak a radi\u00e1lis \u00e9s\" \/>\n<meta name=\"robots\" content=\"index, follow, max-snippet:-1, max-image-preview:large, max-video-preview:-1\" \/>\n<link rel=\"canonical\" href=\"https:\/\/kaco.de\/kompetenzen\/technologie\/magnetisierung\/\" \/>\n<meta property=\"og:locale\" content=\"hu_HU\" \/>\n<meta property=\"og:type\" content=\"article\" \/>\n<meta property=\"og:title\" content=\"M\u00e1gnesez\u00e9s - KACO - Der Experte f\u00fcr Dichtungssysteme\" \/>\n<meta property=\"og:description\" content=\"M\u00e1gnesez\u00e9s radi\u00e1lis \u00e9s axi\u00e1lis k\u00f3dol\u00f3k A digit\u00e1lis korban nem hi\u00e1nyozhatnak bizonyos kulcsfontoss\u00e1g\u00fa technol\u00f3gi\u00e1k. Ezek k\u00f6z\u00e9 tartoznak a radi\u00e1lis \u00e9s\" \/>\n<meta property=\"og:url\" content=\"https:\/\/kaco.de\/kompetenzen\/technologie\/magnetisierung\/\" \/>\n<meta property=\"og:site_name\" content=\"KACO - Der Experte f\u00fcr Dichtungssysteme\" \/>\n<meta property=\"article:modified_time\" content=\"2022-03-25T11:18:58+00:00\" \/>\n<meta property=\"og:image\" content=\"https:\/\/kaco.de\/wp-content\/uploads\/kompetenzen-magnetisierung-kaco@2x.jpeg\" \/>\n<meta name=\"twitter:card\" content=\"summary_large_image\" \/>\n<meta name=\"twitter:label1\" content=\"Becs\u00fclt olvas\u00e1si id\u0151\" \/>\n\t<meta name=\"twitter:data1\" content=\"2 perc\" \/>\n<script type=\"application\/ld+json\" class=\"yoast-schema-graph\">{\"@context\":\"https:\\\/\\\/schema.org\",\"@graph\":[{\"@type\":\"WebPage\",\"@id\":\"https:\\\/\\\/kaco.de\\\/kompetenzen\\\/technologie\\\/magnetisierung\\\/\",\"url\":\"https:\\\/\\\/kaco.de\\\/kompetenzen\\\/technologie\\\/magnetisierung\\\/\",\"name\":\"M\u00e1gnesez\u00e9s - KACO - Der Experte f\u00fcr Dichtungssysteme\",\"isPartOf\":{\"@id\":\"https:\\\/\\\/kaco.de\\\/#website\"},\"primaryImageOfPage\":{\"@id\":\"https:\\\/\\\/kaco.de\\\/kompetenzen\\\/technologie\\\/magnetisierung\\\/#primaryimage\"},\"image\":{\"@id\":\"https:\\\/\\\/kaco.de\\\/kompetenzen\\\/technologie\\\/magnetisierung\\\/#primaryimage\"},\"thumbnailUrl\":\"https:\\\/\\\/kaco.de\\\/wp-content\\\/uploads\\\/kompetenzen-magnetisierung-kaco@2x.jpeg\",\"datePublished\":\"2022-01-14T18:56:32+00:00\",\"dateModified\":\"2022-03-25T11:18:58+00:00\",\"description\":\"M\u00e1gnesez\u00e9s radi\u00e1lis \u00e9s axi\u00e1lis k\u00f3dol\u00f3k A digit\u00e1lis korban nem hi\u00e1nyozhatnak bizonyos kulcsfontoss\u00e1g\u00fa technol\u00f3gi\u00e1k. Ezek k\u00f6z\u00e9 tartoznak a radi\u00e1lis \u00e9s\",\"breadcrumb\":{\"@id\":\"https:\\\/\\\/kaco.de\\\/kompetenzen\\\/technologie\\\/magnetisierung\\\/#breadcrumb\"},\"inLanguage\":\"hu\",\"potentialAction\":[{\"@type\":\"ReadAction\",\"target\":[\"https:\\\/\\\/kaco.de\\\/kompetenzen\\\/technologie\\\/magnetisierung\\\/\"]}]},{\"@type\":\"ImageObject\",\"inLanguage\":\"hu\",\"@id\":\"https:\\\/\\\/kaco.de\\\/kompetenzen\\\/technologie\\\/magnetisierung\\\/#primaryimage\",\"url\":\"https:\\\/\\\/kaco.de\\\/wp-content\\\/uploads\\\/kompetenzen-magnetisierung-kaco@2x.jpeg\",\"contentUrl\":\"https:\\\/\\\/kaco.de\\\/wp-content\\\/uploads\\\/kompetenzen-magnetisierung-kaco@2x.jpeg\"},{\"@type\":\"BreadcrumbList\",\"@id\":\"https:\\\/\\\/kaco.de\\\/kompetenzen\\\/technologie\\\/magnetisierung\\\/#breadcrumb\",\"itemListElement\":[{\"@type\":\"ListItem\",\"position\":1,\"name\":\"Home\",\"item\":\"https:\\\/\\\/kaco.de\\\/hu\\\/ungarisch-startseite-test\\\/\"},{\"@type\":\"ListItem\",\"position\":2,\"name\":\"Kompetenci\u00e1k\",\"item\":\"https:\\\/\\\/kaco.de\\\/hu\\\/kompetenciak\\\/\"},{\"@type\":\"ListItem\",\"position\":3,\"name\":\"Technol\u00f3gia\",\"item\":\"https:\\\/\\\/kaco.de\\\/kompetenzen\\\/technologie\\\/\"},{\"@type\":\"ListItem\",\"position\":4,\"name\":\"M\u00e1gnesez\u00e9s\"}]},{\"@type\":\"WebSite\",\"@id\":\"https:\\\/\\\/kaco.de\\\/#website\",\"url\":\"https:\\\/\\\/kaco.de\\\/\",\"name\":\"KACO - Der Experte f\u00fcr Dichtungssysteme\",\"description\":\"Seien Sie mit unseren hochpr\u00e4zisen und anwendungsorientierten Dichtungsl\u00f6sungen bestens f\u00fcr die Automobil- und Maschinenbauindustrie ger\u00fcstet.\",\"publisher\":{\"@id\":\"https:\\\/\\\/kaco.de\\\/#organization\"},\"potentialAction\":[{\"@type\":\"SearchAction\",\"target\":{\"@type\":\"EntryPoint\",\"urlTemplate\":\"https:\\\/\\\/kaco.de\\\/?s={search_term_string}\"},\"query-input\":{\"@type\":\"PropertyValueSpecification\",\"valueRequired\":true,\"valueName\":\"search_term_string\"}}],\"inLanguage\":\"hu\"},{\"@type\":\"Organization\",\"@id\":\"https:\\\/\\\/kaco.de\\\/#organization\",\"name\":\"KACO - Der Experte f\u00fcr Dichtungssysteme\",\"url\":\"https:\\\/\\\/kaco.de\\\/\",\"logo\":{\"@type\":\"ImageObject\",\"inLanguage\":\"hu\",\"@id\":\"https:\\\/\\\/kaco.de\\\/#\\\/schema\\\/logo\\\/image\\\/\",\"url\":\"https:\\\/\\\/kaco.de\\\/wp-content\\\/uploads\\\/cropped-logo1.png\",\"contentUrl\":\"https:\\\/\\\/kaco.de\\\/wp-content\\\/uploads\\\/cropped-logo1.png\",\"width\":851,\"height\":254,\"caption\":\"KACO - Der Experte f\u00fcr Dichtungssysteme\"},\"image\":{\"@id\":\"https:\\\/\\\/kaco.de\\\/#\\\/schema\\\/logo\\\/image\\\/\"}}]}<\/script>\n<!-- \/ Yoast SEO plugin. -->","yoast_head_json":{"title":"M\u00e1gnesez\u00e9s - KACO - Der Experte f\u00fcr Dichtungssysteme","description":"M\u00e1gnesez\u00e9s radi\u00e1lis \u00e9s axi\u00e1lis k\u00f3dol\u00f3k A digit\u00e1lis korban nem hi\u00e1nyozhatnak bizonyos kulcsfontoss\u00e1g\u00fa technol\u00f3gi\u00e1k. Ezek k\u00f6z\u00e9 tartoznak a radi\u00e1lis \u00e9s","robots":{"index":"index","follow":"follow","max-snippet":"max-snippet:-1","max-image-preview":"max-image-preview:large","max-video-preview":"max-video-preview:-1"},"canonical":"https:\/\/kaco.de\/kompetenzen\/technologie\/magnetisierung\/","og_locale":"hu_HU","og_type":"article","og_title":"M\u00e1gnesez\u00e9s - KACO - Der Experte f\u00fcr Dichtungssysteme","og_description":"M\u00e1gnesez\u00e9s radi\u00e1lis \u00e9s axi\u00e1lis k\u00f3dol\u00f3k A digit\u00e1lis korban nem hi\u00e1nyozhatnak bizonyos kulcsfontoss\u00e1g\u00fa technol\u00f3gi\u00e1k. Ezek k\u00f6z\u00e9 tartoznak a radi\u00e1lis \u00e9s","og_url":"https:\/\/kaco.de\/kompetenzen\/technologie\/magnetisierung\/","og_site_name":"KACO - Der Experte f\u00fcr Dichtungssysteme","article_modified_time":"2022-03-25T11:18:58+00:00","og_image":[{"url":"https:\/\/kaco.de\/wp-content\/uploads\/kompetenzen-magnetisierung-kaco@2x.jpeg","type":"","width":"","height":""}],"twitter_card":"summary_large_image","twitter_misc":{"Becs\u00fclt olvas\u00e1si id\u0151":"2 perc"},"schema":{"@context":"https:\/\/schema.org","@graph":[{"@type":"WebPage","@id":"https:\/\/kaco.de\/kompetenzen\/technologie\/magnetisierung\/","url":"https:\/\/kaco.de\/kompetenzen\/technologie\/magnetisierung\/","name":"M\u00e1gnesez\u00e9s - KACO - Der Experte f\u00fcr Dichtungssysteme","isPartOf":{"@id":"https:\/\/kaco.de\/#website"},"primaryImageOfPage":{"@id":"https:\/\/kaco.de\/kompetenzen\/technologie\/magnetisierung\/#primaryimage"},"image":{"@id":"https:\/\/kaco.de\/kompetenzen\/technologie\/magnetisierung\/#primaryimage"},"thumbnailUrl":"https:\/\/kaco.de\/wp-content\/uploads\/kompetenzen-magnetisierung-kaco@2x.jpeg","datePublished":"2022-01-14T18:56:32+00:00","dateModified":"2022-03-25T11:18:58+00:00","description":"M\u00e1gnesez\u00e9s radi\u00e1lis \u00e9s axi\u00e1lis k\u00f3dol\u00f3k A digit\u00e1lis korban nem hi\u00e1nyozhatnak bizonyos kulcsfontoss\u00e1g\u00fa technol\u00f3gi\u00e1k. Ezek k\u00f6z\u00e9 tartoznak a radi\u00e1lis \u00e9s","breadcrumb":{"@id":"https:\/\/kaco.de\/kompetenzen\/technologie\/magnetisierung\/#breadcrumb"},"inLanguage":"hu","potentialAction":[{"@type":"ReadAction","target":["https:\/\/kaco.de\/kompetenzen\/technologie\/magnetisierung\/"]}]},{"@type":"ImageObject","inLanguage":"hu","@id":"https:\/\/kaco.de\/kompetenzen\/technologie\/magnetisierung\/#primaryimage","url":"https:\/\/kaco.de\/wp-content\/uploads\/kompetenzen-magnetisierung-kaco@2x.jpeg","contentUrl":"https:\/\/kaco.de\/wp-content\/uploads\/kompetenzen-magnetisierung-kaco@2x.jpeg"},{"@type":"BreadcrumbList","@id":"https:\/\/kaco.de\/kompetenzen\/technologie\/magnetisierung\/#breadcrumb","itemListElement":[{"@type":"ListItem","position":1,"name":"Home","item":"https:\/\/kaco.de\/hu\/ungarisch-startseite-test\/"},{"@type":"ListItem","position":2,"name":"Kompetenci\u00e1k","item":"https:\/\/kaco.de\/hu\/kompetenciak\/"},{"@type":"ListItem","position":3,"name":"Technol\u00f3gia","item":"https:\/\/kaco.de\/kompetenzen\/technologie\/"},{"@type":"ListItem","position":4,"name":"M\u00e1gnesez\u00e9s"}]},{"@type":"WebSite","@id":"https:\/\/kaco.de\/#website","url":"https:\/\/kaco.de\/","name":"KACO - Der Experte f\u00fcr Dichtungssysteme","description":"Seien Sie mit unseren hochpr\u00e4zisen und anwendungsorientierten Dichtungsl\u00f6sungen bestens f\u00fcr die Automobil- und Maschinenbauindustrie ger\u00fcstet.","publisher":{"@id":"https:\/\/kaco.de\/#organization"},"potentialAction":[{"@type":"SearchAction","target":{"@type":"EntryPoint","urlTemplate":"https:\/\/kaco.de\/?s={search_term_string}"},"query-input":{"@type":"PropertyValueSpecification","valueRequired":true,"valueName":"search_term_string"}}],"inLanguage":"hu"},{"@type":"Organization","@id":"https:\/\/kaco.de\/#organization","name":"KACO - Der Experte f\u00fcr Dichtungssysteme","url":"https:\/\/kaco.de\/","logo":{"@type":"ImageObject","inLanguage":"hu","@id":"https:\/\/kaco.de\/#\/schema\/logo\/image\/","url":"https:\/\/kaco.de\/wp-content\/uploads\/cropped-logo1.png","contentUrl":"https:\/\/kaco.de\/wp-content\/uploads\/cropped-logo1.png","width":851,"height":254,"caption":"KACO - Der Experte f\u00fcr Dichtungssysteme"},"image":{"@id":"https:\/\/kaco.de\/#\/schema\/logo\/image\/"}}]}},"_links":{"self":[{"href":"https:\/\/kaco.de\/hu\/wp-json\/wp\/v2\/pages\/13395","targetHints":{"allow":["GET"]}}],"collection":[{"href":"https:\/\/kaco.de\/hu\/wp-json\/wp\/v2\/pages"}],"about":[{"href":"https:\/\/kaco.de\/hu\/wp-json\/wp\/v2\/types\/page"}],"author":[{"embeddable":true,"href":"https:\/\/kaco.de\/hu\/wp-json\/wp\/v2\/users\/3"}],"replies":[{"embeddable":true,"href":"https:\/\/kaco.de\/hu\/wp-json\/wp\/v2\/comments?post=13395"}],"version-history":[{"count":0,"href":"https:\/\/kaco.de\/hu\/wp-json\/wp\/v2\/pages\/13395\/revisions"}],"up":[{"embeddable":true,"href":"https:\/\/kaco.de\/hu\/wp-json\/wp\/v2\/pages\/13385"}],"wp:attachment":[{"href":"https:\/\/kaco.de\/hu\/wp-json\/wp\/v2\/media?parent=13395"}],"curies":[{"name":"wp","href":"https:\/\/api.w.org\/{rel}","templated":true}]}}