{"id":13400,"date":"2022-01-14T19:58:20","date_gmt":"2022-01-14T18:58:20","guid":{"rendered":"https:\/\/kaco21.neckarfreunde.net\/?page_id=13400"},"modified":"2022-03-25T12:18:19","modified_gmt":"2022-03-25T11:18:19","slug":"specialis-gepszerkezet","status":"publish","type":"page","link":"https:\/\/kaco.de\/hu\/kompetenciak\/technologia\/specialis-gepszerkezet\/","title":{"rendered":"Egyedi g\u00e9pgy\u00e1rt\u00e1s"},"content":{"rendered":"\t\t<div data-elementor-type=\"wp-page\" data-elementor-id=\"13400\" class=\"elementor elementor-13400 elementor-3516\" data-elementor-post-type=\"page\">\n\t\t\t\t\t\t<section class=\"elementor-section elementor-top-section elementor-element elementor-element-32dad8c elementor-section-full_width elementor-section-stretched elementor-section-height-default elementor-section-height-default\" data-id=\"32dad8c\" data-element_type=\"section\" data-settings=\"{&quot;stretch_section&quot;:&quot;section-stretched&quot;}\">\n\t\t\t\t\t\t<div class=\"elementor-container elementor-column-gap-default\">\n\t\t\t\t\t<div class=\"elementor-column elementor-col-100 elementor-top-column elementor-element elementor-element-7d7e939\" data-id=\"7d7e939\" data-element_type=\"column\">\n\t\t\t<div class=\"elementor-widget-wrap elementor-element-populated\">\n\t\t\t\t\t\t<div class=\"elementor-element elementor-element-e9a6e30 elementor-widget elementor-widget-image\" data-id=\"e9a6e30\" data-element_type=\"widget\" data-widget_type=\"image.default\">\n\t\t\t\t<div class=\"elementor-widget-container\">\n\t\t\t\t\t\t\t\t\t\t\t\t\t\t\t<img fetchpriority=\"high\" decoding=\"async\" width=\"1024\" height=\"323\" src=\"https:\/\/kaco.de\/wp-content\/uploads\/kompetenzen-prototypenbau-1024x323.png\" class=\"attachment-large size-large wp-image-7381\" alt=\"Kompetenzen Prototypenbau Kaco\" srcset=\"https:\/\/kaco.de\/wp-content\/uploads\/kompetenzen-prototypenbau-1024x323.png 1024w, https:\/\/kaco.de\/wp-content\/uploads\/kompetenzen-prototypenbau-300x95.png 300w, https:\/\/kaco.de\/wp-content\/uploads\/kompetenzen-prototypenbau-768x243.png 768w, https:\/\/kaco.de\/wp-content\/uploads\/kompetenzen-prototypenbau-1536x485.png 1536w, https:\/\/kaco.de\/wp-content\/uploads\/kompetenzen-prototypenbau.png 1900w\" sizes=\"(max-width: 1024px) 100vw, 1024px\" \/>\t\t\t\t\t\t\t\t\t\t\t\t\t\t\t<\/div>\n\t\t\t\t<\/div>\n\t\t\t\t\t<\/div>\n\t\t<\/div>\n\t\t\t\t\t<\/div>\n\t\t<\/section>\n\t\t\t\t<section class=\"elementor-section elementor-top-section elementor-element elementor-element-5442302 elementor-section-content-bottom elementor-section-stretched pageheader elementor-section-boxed elementor-section-height-default elementor-section-height-default\" data-id=\"5442302\" data-element_type=\"section\" data-settings=\"{&quot;background_background&quot;:&quot;classic&quot;,&quot;stretch_section&quot;:&quot;section-stretched&quot;}\">\n\t\t\t\t\t\t<div class=\"elementor-container elementor-column-gap-default\">\n\t\t\t\t\t<div class=\"elementor-column elementor-col-50 elementor-top-column elementor-element elementor-element-c1fed36 pageheader-row-left\" data-id=\"c1fed36\" data-element_type=\"column\" data-settings=\"{&quot;background_background&quot;:&quot;classic&quot;}\">\n\t\t\t<div class=\"elementor-widget-wrap elementor-element-populated\">\n\t\t\t\t\t\t<div class=\"elementor-element elementor-element-6315456 elementor-widget elementor-widget-heading\" data-id=\"6315456\" data-element_type=\"widget\" data-widget_type=\"heading.default\">\n\t\t\t\t<div class=\"elementor-widget-container\">\n\t\t\t\t\t<span class=\"elementor-heading-title elementor-size-default\">Egyedi g\u00e9pgy\u00e1rt\u00e1s<\/span>\t\t\t\t<\/div>\n\t\t\t\t<\/div>\n\t\t\t\t<div class=\"elementor-element elementor-element-f238a54 elementor-widget elementor-widget-heading\" data-id=\"f238a54\" data-element_type=\"widget\" data-widget_type=\"heading.default\">\n\t\t\t\t<div class=\"elementor-widget-container\">\n\t\t\t\t\t<h1 class=\"elementor-heading-title elementor-size-default\">Alapkompetencia a tervez\u00e9sben \u00e9s a konstrukci\u00f3ban <\/h1>\t\t\t\t<\/div>\n\t\t\t\t<\/div>\n\t\t\t\t\t<\/div>\n\t\t<\/div>\n\t\t\t\t<div class=\"elementor-column elementor-col-50 elementor-top-column elementor-element elementor-element-bc5bd05\" data-id=\"bc5bd05\" data-element_type=\"column\">\n\t\t\t<div class=\"elementor-widget-wrap\">\n\t\t\t\t\t\t\t<\/div>\n\t\t<\/div>\n\t\t\t\t\t<\/div>\n\t\t<\/section>\n\t\t\t\t<section class=\"elementor-section elementor-top-section elementor-element elementor-element-61cd2f1 elementor-section-boxed elementor-section-height-default elementor-section-height-default\" data-id=\"61cd2f1\" data-element_type=\"section\" data-settings=\"{&quot;background_background&quot;:&quot;classic&quot;}\">\n\t\t\t\t\t\t<div class=\"elementor-container elementor-column-gap-default\">\n\t\t\t\t\t<div class=\"elementor-column elementor-col-50 elementor-top-column elementor-element elementor-element-d402507\" data-id=\"d402507\" data-element_type=\"column\">\n\t\t\t<div class=\"elementor-widget-wrap elementor-element-populated\">\n\t\t\t\t\t\t<div class=\"elementor-element elementor-element-36c14b4 elementor-widget elementor-widget-text-editor\" data-id=\"36c14b4\" data-element_type=\"widget\" data-widget_type=\"text-editor.default\">\n\t\t\t\t<div class=\"elementor-widget-container\">\n\t\t\t\t\t\t\t\t\t<p>A v\u00e1llalaton bel\u00fcli egyedi g\u00e9pgy\u00e1rt\u00e1s tev\u00e9kenys\u00e9gi k\u00f6re kiterjed a gy\u00e1rt\u00f3sorok, egyedi berendez\u00e9sek \u00e9s berendez\u00e9sfejleszt\u00e9sek tervez\u00e9s\u00e9re \u00e9s gy\u00e1rt\u00e1s\u00e1ra, valamint a sorozat- \u00e9s mintaalkatr\u00e9sz-gy\u00e1rt\u00e1shoz sz\u00fcks\u00e9ges legt\u00f6bb vizsg\u00e1l\u00f3-, m\u00e9r\u0151- \u00e9s szerel\u0151eszk\u00f6z tervez\u00e9s\u00e9re \u00e9s gy\u00e1rt\u00e1s\u00e1ra.<\/p><p>A term\u00e9k- \u00e9s folyamatorient\u00e1lt tervez\u00e9s testre szabott gy\u00e1rt\u00e1si megold\u00e1st eredm\u00e9nyez az alkatr\u00e9szek sz\u00e9les \u00e9s v\u00e1ltozatos sk\u00e1l\u00e1ja \u00e9rdek\u00e9ben, amely a folyamatfejleszt\u00e9ssel \u00e9s a gy\u00e1rt\u00e1ssal val\u00f3 szoros egy\u00fcttm\u0171k\u00f6d\u00e9s r\u00e9v\u00e9n optim\u00e1lis gy\u00e1rt\u00e1si folyamathoz vezet.<\/p><p>Az egyedi g\u00e9pek t\u00f6bb \u00e9vtizedes gy\u00e1rt\u00e1s\u00e1nak \u00e9s t\u00e1mogat\u00e1s\u00e1nak k\u00f6sz\u00f6nhet\u0151en \u00e1tfog\u00f3 tapasztalatokra tudunk t\u00e1maszkodni a j\u00f6v\u0151beli folyamatok \u00e9s term\u00e9kek m\u0171szakilag j\u00f3 min\u0151s\u00e9g\u0171 \u00e9s ugyanakkor gazdas\u00e1gos megval\u00f3s\u00edt\u00e1sa \u00e9rdek\u00e9ben.<\/p><p>Ez\u00e9rt az egyedi g\u00e9pgy\u00e1rt\u00e1s a j\u00f6v\u0151orient\u00e1lt \u00e9s gazdas\u00e1gos gy\u00e1rt\u00e1s egyik alapkompetenci\u00e1ja, amely egyre \u00f6sszetettebb \u00e9s \u00e1tfog\u00f3bb folyamatokkal szembes\u00fcl.<\/p>\t\t\t\t\t\t\t\t<\/div>\n\t\t\t\t<\/div>\n\t\t\t\t\t<\/div>\n\t\t<\/div>\n\t\t\t\t<div class=\"elementor-column elementor-col-50 elementor-top-column elementor-element elementor-element-a5dc274\" data-id=\"a5dc274\" data-element_type=\"column\">\n\t\t\t<div class=\"elementor-widget-wrap elementor-element-populated\">\n\t\t\t\t\t\t<div class=\"elementor-element elementor-element-5f8acf6 elementor-widget elementor-widget-image\" data-id=\"5f8acf6\" data-element_type=\"widget\" data-widget_type=\"image.default\">\n\t\t\t\t<div class=\"elementor-widget-container\">\n\t\t\t\t\t\t\t\t\t\t\t\t\t\t\t<img decoding=\"async\" width=\"1024\" height=\"576\" src=\"https:\/\/kaco.de\/wp-content\/uploads\/Klebstoffautfrag-Anlage-KI-002-1024x576.jpg\" class=\"attachment-large size-large wp-image-3522\" alt=\"\" srcset=\"https:\/\/kaco.de\/wp-content\/uploads\/Klebstoffautfrag-Anlage-KI-002-1024x576.jpg 1024w, https:\/\/kaco.de\/wp-content\/uploads\/Klebstoffautfrag-Anlage-KI-002-300x169.jpg 300w, https:\/\/kaco.de\/wp-content\/uploads\/Klebstoffautfrag-Anlage-KI-002-768x432.jpg 768w, https:\/\/kaco.de\/wp-content\/uploads\/Klebstoffautfrag-Anlage-KI-002-1536x864.jpg 1536w, https:\/\/kaco.de\/wp-content\/uploads\/Klebstoffautfrag-Anlage-KI-002-2048x1152.jpg 2048w\" sizes=\"(max-width: 1024px) 100vw, 1024px\" \/>\t\t\t\t\t\t\t\t\t\t\t\t\t\t\t<\/div>\n\t\t\t\t<\/div>\n\t\t\t\t\t<\/div>\n\t\t<\/div>\n\t\t\t\t\t<\/div>\n\t\t<\/section>\n\t\t\t\t<\/div>\n\t\t","protected":false},"excerpt":{"rendered":"<p>Egyedi g\u00e9pgy\u00e1rt\u00e1s Alapkompetencia a tervez\u00e9sben \u00e9s a konstrukci\u00f3ban A v\u00e1llalaton bel\u00fcli egyedi g\u00e9pgy\u00e1rt\u00e1s tev\u00e9kenys\u00e9gi k\u00f6re kiterjed a gy\u00e1rt\u00f3sorok, egyedi berendez\u00e9sek \u00e9s berendez\u00e9sfejleszt\u00e9sek tervez\u00e9s\u00e9re \u00e9s gy\u00e1rt\u00e1s\u00e1ra, valamint a sorozat- \u00e9s mintaalkatr\u00e9sz-gy\u00e1rt\u00e1shoz sz\u00fcks\u00e9ges legt\u00f6bb vizsg\u00e1l\u00f3-, m\u00e9r\u0151- \u00e9s szerel\u0151eszk\u00f6z tervez\u00e9s\u00e9re \u00e9s gy\u00e1rt\u00e1s\u00e1ra. A term\u00e9k- \u00e9s folyamatorient\u00e1lt tervez\u00e9s testre szabott gy\u00e1rt\u00e1si megold\u00e1st eredm\u00e9nyez az alkatr\u00e9szek sz\u00e9les \u00e9s v\u00e1ltozatos sk\u00e1l\u00e1ja [&hellip;]<\/p>\n","protected":false},"author":3,"featured_media":0,"parent":13385,"menu_order":0,"comment_status":"closed","ping_status":"closed","template":"","meta":{"_acf_changed":false,"site-sidebar-layout":"no-sidebar","site-content-layout":"page-builder","ast-site-content-layout":"default","site-content-style":"default","site-sidebar-style":"default","ast-global-header-display":"","ast-banner-title-visibility":"","ast-main-header-display":"","ast-hfb-above-header-display":"","ast-hfb-below-header-display":"","ast-hfb-mobile-header-display":"","site-post-title":"disabled","ast-breadcrumbs-content":"","ast-featured-img":"disabled","footer-sml-layout":"","ast-disable-related-posts":"","theme-transparent-header-meta":"","adv-header-id-meta":"","stick-header-meta":"","header-above-stick-meta":"","header-main-stick-meta":"","header-below-stick-meta":"","astra-migrate-meta-layouts":"default","ast-page-background-enabled":"default","ast-page-background-meta":{"desktop":{"background-color":"var(--ast-global-color-4)","background-image":"","background-repeat":"repeat","background-position":"center center","background-size":"auto","background-attachment":"scroll","background-type":"","background-media":"","overlay-type":"","overlay-color":"","overlay-opacity":"","overlay-gradient":""},"tablet":{"background-color":"","background-image":"","background-repeat":"repeat","background-position":"center center","background-size":"auto","background-attachment":"scroll","background-type":"","background-media":"","overlay-type":"","overlay-color":"","overlay-opacity":"","overlay-gradient":""},"mobile":{"background-color":"","background-image":"","background-repeat":"repeat","background-position":"center center","background-size":"auto","background-attachment":"scroll","background-type":"","background-media":"","overlay-type":"","overlay-color":"","overlay-opacity":"","overlay-gradient":""}},"ast-content-background-meta":{"desktop":{"background-color":"var(--ast-global-color-5)","background-image":"","background-repeat":"repeat","background-position":"center center","background-size":"auto","background-attachment":"scroll","background-type":"","background-media":"","overlay-type":"","overlay-color":"","overlay-opacity":"","overlay-gradient":""},"tablet":{"background-color":"var(--ast-global-color-5)","background-image":"","background-repeat":"repeat","background-position":"center center","background-size":"auto","background-attachment":"scroll","background-type":"","background-media":"","overlay-type":"","overlay-color":"","overlay-opacity":"","overlay-gradient":""},"mobile":{"background-color":"var(--ast-global-color-5)","background-image":"","background-repeat":"repeat","background-position":"center center","background-size":"auto","background-attachment":"scroll","background-type":"","background-media":"","overlay-type":"","overlay-color":"","overlay-opacity":"","overlay-gradient":""}},"footnotes":""},"class_list":["post-13400","page","type-page","status-publish","hentry"],"acf":[],"yoast_head":"<!-- This site is optimized with the Yoast SEO plugin v27.3 - https:\/\/yoast.com\/product\/yoast-seo-wordpress\/ -->\n<title>Egyedi g\u00e9pgy\u00e1rt\u00e1s - KACO - Der Experte f\u00fcr Dichtungssysteme<\/title>\n<meta name=\"description\" content=\"Egyedi g\u00e9pgy\u00e1rt\u00e1s Alapkompetencia a tervez\u00e9sben \u00e9s a konstrukci\u00f3ban A v\u00e1llalaton bel\u00fcli egyedi g\u00e9pgy\u00e1rt\u00e1s tev\u00e9kenys\u00e9gi k\u00f6re kiterjed a gy\u00e1rt\u00f3sorok, egyedi\" \/>\n<meta name=\"robots\" content=\"index, follow, max-snippet:-1, max-image-preview:large, max-video-preview:-1\" \/>\n<link rel=\"canonical\" href=\"https:\/\/kaco.de\/kompetenzen\/technologie\/sondermaschinenbau\/\" \/>\n<meta property=\"og:locale\" content=\"hu_HU\" \/>\n<meta property=\"og:type\" content=\"article\" \/>\n<meta property=\"og:title\" content=\"Egyedi g\u00e9pgy\u00e1rt\u00e1s - KACO - Der Experte f\u00fcr Dichtungssysteme\" \/>\n<meta property=\"og:description\" content=\"Egyedi g\u00e9pgy\u00e1rt\u00e1s Alapkompetencia a tervez\u00e9sben \u00e9s a konstrukci\u00f3ban A v\u00e1llalaton bel\u00fcli egyedi g\u00e9pgy\u00e1rt\u00e1s tev\u00e9kenys\u00e9gi k\u00f6re kiterjed a gy\u00e1rt\u00f3sorok, egyedi\" \/>\n<meta property=\"og:url\" content=\"https:\/\/kaco.de\/kompetenzen\/technologie\/sondermaschinenbau\/\" \/>\n<meta property=\"og:site_name\" content=\"KACO - Der Experte f\u00fcr Dichtungssysteme\" \/>\n<meta property=\"article:modified_time\" content=\"2022-03-25T11:18:19+00:00\" \/>\n<meta property=\"og:image\" content=\"https:\/\/kaco.de\/wp-content\/uploads\/kompetenzen-prototypenbau-kaco@2x-3024x955.jpeg\" \/>\n<meta name=\"twitter:card\" content=\"summary_large_image\" \/>\n<meta name=\"twitter:label1\" content=\"Becs\u00fclt olvas\u00e1si id\u0151\" \/>\n\t<meta name=\"twitter:data1\" content=\"2 perc\" \/>\n<script type=\"application\/ld+json\" class=\"yoast-schema-graph\">{\"@context\":\"https:\\\/\\\/schema.org\",\"@graph\":[{\"@type\":\"WebPage\",\"@id\":\"https:\\\/\\\/kaco.de\\\/kompetenzen\\\/technologie\\\/sondermaschinenbau\\\/\",\"url\":\"https:\\\/\\\/kaco.de\\\/kompetenzen\\\/technologie\\\/sondermaschinenbau\\\/\",\"name\":\"Egyedi g\u00e9pgy\u00e1rt\u00e1s - KACO - Der Experte f\u00fcr Dichtungssysteme\",\"isPartOf\":{\"@id\":\"https:\\\/\\\/kaco.de\\\/#website\"},\"primaryImageOfPage\":{\"@id\":\"https:\\\/\\\/kaco.de\\\/kompetenzen\\\/technologie\\\/sondermaschinenbau\\\/#primaryimage\"},\"image\":{\"@id\":\"https:\\\/\\\/kaco.de\\\/kompetenzen\\\/technologie\\\/sondermaschinenbau\\\/#primaryimage\"},\"thumbnailUrl\":\"https:\\\/\\\/kaco.de\\\/wp-content\\\/uploads\\\/kompetenzen-prototypenbau-kaco@2x-3024x955.jpeg\",\"datePublished\":\"2022-01-14T18:58:20+00:00\",\"dateModified\":\"2022-03-25T11:18:19+00:00\",\"description\":\"Egyedi g\u00e9pgy\u00e1rt\u00e1s Alapkompetencia a tervez\u00e9sben \u00e9s a konstrukci\u00f3ban A v\u00e1llalaton bel\u00fcli egyedi g\u00e9pgy\u00e1rt\u00e1s tev\u00e9kenys\u00e9gi k\u00f6re kiterjed a gy\u00e1rt\u00f3sorok, egyedi\",\"breadcrumb\":{\"@id\":\"https:\\\/\\\/kaco.de\\\/kompetenzen\\\/technologie\\\/sondermaschinenbau\\\/#breadcrumb\"},\"inLanguage\":\"hu\",\"potentialAction\":[{\"@type\":\"ReadAction\",\"target\":[\"https:\\\/\\\/kaco.de\\\/kompetenzen\\\/technologie\\\/sondermaschinenbau\\\/\"]}]},{\"@type\":\"ImageObject\",\"inLanguage\":\"hu\",\"@id\":\"https:\\\/\\\/kaco.de\\\/kompetenzen\\\/technologie\\\/sondermaschinenbau\\\/#primaryimage\",\"url\":\"https:\\\/\\\/kaco.de\\\/wp-content\\\/uploads\\\/kompetenzen-prototypenbau-kaco@2x-3024x955.jpeg\",\"contentUrl\":\"https:\\\/\\\/kaco.de\\\/wp-content\\\/uploads\\\/kompetenzen-prototypenbau-kaco@2x-3024x955.jpeg\"},{\"@type\":\"BreadcrumbList\",\"@id\":\"https:\\\/\\\/kaco.de\\\/kompetenzen\\\/technologie\\\/sondermaschinenbau\\\/#breadcrumb\",\"itemListElement\":[{\"@type\":\"ListItem\",\"position\":1,\"name\":\"Home\",\"item\":\"https:\\\/\\\/kaco.de\\\/hu\\\/ungarisch-startseite-test\\\/\"},{\"@type\":\"ListItem\",\"position\":2,\"name\":\"Kompetenci\u00e1k\",\"item\":\"https:\\\/\\\/kaco.de\\\/hu\\\/kompetenciak\\\/\"},{\"@type\":\"ListItem\",\"position\":3,\"name\":\"Technol\u00f3gia\",\"item\":\"https:\\\/\\\/kaco.de\\\/kompetenzen\\\/technologie\\\/\"},{\"@type\":\"ListItem\",\"position\":4,\"name\":\"Egyedi g\u00e9pgy\u00e1rt\u00e1s\"}]},{\"@type\":\"WebSite\",\"@id\":\"https:\\\/\\\/kaco.de\\\/#website\",\"url\":\"https:\\\/\\\/kaco.de\\\/\",\"name\":\"KACO - Der Experte f\u00fcr Dichtungssysteme\",\"description\":\"Seien Sie mit unseren hochpr\u00e4zisen und anwendungsorientierten Dichtungsl\u00f6sungen bestens f\u00fcr die Automobil- und Maschinenbauindustrie ger\u00fcstet.\",\"publisher\":{\"@id\":\"https:\\\/\\\/kaco.de\\\/#organization\"},\"potentialAction\":[{\"@type\":\"SearchAction\",\"target\":{\"@type\":\"EntryPoint\",\"urlTemplate\":\"https:\\\/\\\/kaco.de\\\/?s={search_term_string}\"},\"query-input\":{\"@type\":\"PropertyValueSpecification\",\"valueRequired\":true,\"valueName\":\"search_term_string\"}}],\"inLanguage\":\"hu\"},{\"@type\":\"Organization\",\"@id\":\"https:\\\/\\\/kaco.de\\\/#organization\",\"name\":\"KACO - Der Experte f\u00fcr Dichtungssysteme\",\"url\":\"https:\\\/\\\/kaco.de\\\/\",\"logo\":{\"@type\":\"ImageObject\",\"inLanguage\":\"hu\",\"@id\":\"https:\\\/\\\/kaco.de\\\/#\\\/schema\\\/logo\\\/image\\\/\",\"url\":\"https:\\\/\\\/kaco.de\\\/wp-content\\\/uploads\\\/cropped-logo1.png\",\"contentUrl\":\"https:\\\/\\\/kaco.de\\\/wp-content\\\/uploads\\\/cropped-logo1.png\",\"width\":851,\"height\":254,\"caption\":\"KACO - Der Experte f\u00fcr Dichtungssysteme\"},\"image\":{\"@id\":\"https:\\\/\\\/kaco.de\\\/#\\\/schema\\\/logo\\\/image\\\/\"}}]}<\/script>\n<!-- \/ Yoast SEO plugin. -->","yoast_head_json":{"title":"Egyedi g\u00e9pgy\u00e1rt\u00e1s - KACO - Der Experte f\u00fcr Dichtungssysteme","description":"Egyedi g\u00e9pgy\u00e1rt\u00e1s Alapkompetencia a tervez\u00e9sben \u00e9s a konstrukci\u00f3ban A v\u00e1llalaton bel\u00fcli egyedi g\u00e9pgy\u00e1rt\u00e1s tev\u00e9kenys\u00e9gi k\u00f6re kiterjed a gy\u00e1rt\u00f3sorok, egyedi","robots":{"index":"index","follow":"follow","max-snippet":"max-snippet:-1","max-image-preview":"max-image-preview:large","max-video-preview":"max-video-preview:-1"},"canonical":"https:\/\/kaco.de\/kompetenzen\/technologie\/sondermaschinenbau\/","og_locale":"hu_HU","og_type":"article","og_title":"Egyedi g\u00e9pgy\u00e1rt\u00e1s - KACO - Der Experte f\u00fcr Dichtungssysteme","og_description":"Egyedi g\u00e9pgy\u00e1rt\u00e1s Alapkompetencia a tervez\u00e9sben \u00e9s a konstrukci\u00f3ban A v\u00e1llalaton bel\u00fcli egyedi g\u00e9pgy\u00e1rt\u00e1s tev\u00e9kenys\u00e9gi k\u00f6re kiterjed a gy\u00e1rt\u00f3sorok, egyedi","og_url":"https:\/\/kaco.de\/kompetenzen\/technologie\/sondermaschinenbau\/","og_site_name":"KACO - Der Experte f\u00fcr Dichtungssysteme","article_modified_time":"2022-03-25T11:18:19+00:00","og_image":[{"url":"https:\/\/kaco.de\/wp-content\/uploads\/kompetenzen-prototypenbau-kaco@2x-3024x955.jpeg","type":"","width":"","height":""}],"twitter_card":"summary_large_image","twitter_misc":{"Becs\u00fclt olvas\u00e1si id\u0151":"2 perc"},"schema":{"@context":"https:\/\/schema.org","@graph":[{"@type":"WebPage","@id":"https:\/\/kaco.de\/kompetenzen\/technologie\/sondermaschinenbau\/","url":"https:\/\/kaco.de\/kompetenzen\/technologie\/sondermaschinenbau\/","name":"Egyedi g\u00e9pgy\u00e1rt\u00e1s - KACO - Der Experte f\u00fcr Dichtungssysteme","isPartOf":{"@id":"https:\/\/kaco.de\/#website"},"primaryImageOfPage":{"@id":"https:\/\/kaco.de\/kompetenzen\/technologie\/sondermaschinenbau\/#primaryimage"},"image":{"@id":"https:\/\/kaco.de\/kompetenzen\/technologie\/sondermaschinenbau\/#primaryimage"},"thumbnailUrl":"https:\/\/kaco.de\/wp-content\/uploads\/kompetenzen-prototypenbau-kaco@2x-3024x955.jpeg","datePublished":"2022-01-14T18:58:20+00:00","dateModified":"2022-03-25T11:18:19+00:00","description":"Egyedi g\u00e9pgy\u00e1rt\u00e1s Alapkompetencia a tervez\u00e9sben \u00e9s a konstrukci\u00f3ban A v\u00e1llalaton bel\u00fcli egyedi g\u00e9pgy\u00e1rt\u00e1s tev\u00e9kenys\u00e9gi k\u00f6re kiterjed a gy\u00e1rt\u00f3sorok, egyedi","breadcrumb":{"@id":"https:\/\/kaco.de\/kompetenzen\/technologie\/sondermaschinenbau\/#breadcrumb"},"inLanguage":"hu","potentialAction":[{"@type":"ReadAction","target":["https:\/\/kaco.de\/kompetenzen\/technologie\/sondermaschinenbau\/"]}]},{"@type":"ImageObject","inLanguage":"hu","@id":"https:\/\/kaco.de\/kompetenzen\/technologie\/sondermaschinenbau\/#primaryimage","url":"https:\/\/kaco.de\/wp-content\/uploads\/kompetenzen-prototypenbau-kaco@2x-3024x955.jpeg","contentUrl":"https:\/\/kaco.de\/wp-content\/uploads\/kompetenzen-prototypenbau-kaco@2x-3024x955.jpeg"},{"@type":"BreadcrumbList","@id":"https:\/\/kaco.de\/kompetenzen\/technologie\/sondermaschinenbau\/#breadcrumb","itemListElement":[{"@type":"ListItem","position":1,"name":"Home","item":"https:\/\/kaco.de\/hu\/ungarisch-startseite-test\/"},{"@type":"ListItem","position":2,"name":"Kompetenci\u00e1k","item":"https:\/\/kaco.de\/hu\/kompetenciak\/"},{"@type":"ListItem","position":3,"name":"Technol\u00f3gia","item":"https:\/\/kaco.de\/kompetenzen\/technologie\/"},{"@type":"ListItem","position":4,"name":"Egyedi g\u00e9pgy\u00e1rt\u00e1s"}]},{"@type":"WebSite","@id":"https:\/\/kaco.de\/#website","url":"https:\/\/kaco.de\/","name":"KACO - Der Experte f\u00fcr Dichtungssysteme","description":"Seien Sie mit unseren hochpr\u00e4zisen und anwendungsorientierten Dichtungsl\u00f6sungen bestens f\u00fcr die Automobil- und Maschinenbauindustrie ger\u00fcstet.","publisher":{"@id":"https:\/\/kaco.de\/#organization"},"potentialAction":[{"@type":"SearchAction","target":{"@type":"EntryPoint","urlTemplate":"https:\/\/kaco.de\/?s={search_term_string}"},"query-input":{"@type":"PropertyValueSpecification","valueRequired":true,"valueName":"search_term_string"}}],"inLanguage":"hu"},{"@type":"Organization","@id":"https:\/\/kaco.de\/#organization","name":"KACO - Der Experte f\u00fcr Dichtungssysteme","url":"https:\/\/kaco.de\/","logo":{"@type":"ImageObject","inLanguage":"hu","@id":"https:\/\/kaco.de\/#\/schema\/logo\/image\/","url":"https:\/\/kaco.de\/wp-content\/uploads\/cropped-logo1.png","contentUrl":"https:\/\/kaco.de\/wp-content\/uploads\/cropped-logo1.png","width":851,"height":254,"caption":"KACO - Der Experte f\u00fcr Dichtungssysteme"},"image":{"@id":"https:\/\/kaco.de\/#\/schema\/logo\/image\/"}}]}},"_links":{"self":[{"href":"https:\/\/kaco.de\/hu\/wp-json\/wp\/v2\/pages\/13400","targetHints":{"allow":["GET"]}}],"collection":[{"href":"https:\/\/kaco.de\/hu\/wp-json\/wp\/v2\/pages"}],"about":[{"href":"https:\/\/kaco.de\/hu\/wp-json\/wp\/v2\/types\/page"}],"author":[{"embeddable":true,"href":"https:\/\/kaco.de\/hu\/wp-json\/wp\/v2\/users\/3"}],"replies":[{"embeddable":true,"href":"https:\/\/kaco.de\/hu\/wp-json\/wp\/v2\/comments?post=13400"}],"version-history":[{"count":0,"href":"https:\/\/kaco.de\/hu\/wp-json\/wp\/v2\/pages\/13400\/revisions"}],"up":[{"embeddable":true,"href":"https:\/\/kaco.de\/hu\/wp-json\/wp\/v2\/pages\/13385"}],"wp:attachment":[{"href":"https:\/\/kaco.de\/hu\/wp-json\/wp\/v2\/media?parent=13400"}],"curies":[{"name":"wp","href":"https:\/\/api.w.org\/{rel}","templated":true}]}}