{"id":13410,"date":"2022-01-14T20:05:16","date_gmt":"2022-01-14T19:05:16","guid":{"rendered":"https:\/\/kaco21.neckarfreunde.net\/?page_id=13410"},"modified":"2022-03-25T12:18:17","modified_gmt":"2022-03-25T11:18:17","slug":"gummi-compounding","status":"publish","type":"page","link":"https:\/\/kaco.de\/hu\/kompetenciak\/termeles\/gummi-compounding\/","title":{"rendered":"Gumi kompaund\u00e1l\u00e1s"},"content":{"rendered":"\t\t<div data-elementor-type=\"wp-page\" data-elementor-id=\"13410\" class=\"elementor elementor-13410 elementor-3309\" data-elementor-post-type=\"page\">\n\t\t\t\t\t\t<section class=\"elementor-section elementor-top-section elementor-element elementor-element-3630602 elementor-section-full_width elementor-section-stretched elementor-section-height-default elementor-section-height-default\" data-id=\"3630602\" data-element_type=\"section\" data-settings=\"{&quot;stretch_section&quot;:&quot;section-stretched&quot;}\">\n\t\t\t\t\t\t<div class=\"elementor-container elementor-column-gap-default\">\n\t\t\t\t\t<div class=\"elementor-column elementor-col-100 elementor-top-column elementor-element elementor-element-e4d5638\" data-id=\"e4d5638\" data-element_type=\"column\">\n\t\t\t<div class=\"elementor-widget-wrap elementor-element-populated\">\n\t\t\t\t\t\t<div class=\"elementor-element elementor-element-9967076 elementor-widget elementor-widget-image\" data-id=\"9967076\" data-element_type=\"widget\" data-widget_type=\"image.default\">\n\t\t\t\t<div class=\"elementor-widget-container\">\n\t\t\t\t\t\t\t\t\t\t\t\t\t\t\t<img fetchpriority=\"high\" decoding=\"async\" width=\"1900\" height=\"600\" src=\"https:\/\/kaco.de\/wp-content\/uploads\/kompetenzen-gummi-compounding-kaco-1@2x.jpg\" class=\"attachment-full size-full wp-image-7514\" alt=\"Kompetenzen Werkstoffentwicklung Kaco\" \/>\t\t\t\t\t\t\t\t\t\t\t\t\t\t\t<\/div>\n\t\t\t\t<\/div>\n\t\t\t\t\t<\/div>\n\t\t<\/div>\n\t\t\t\t\t<\/div>\n\t\t<\/section>\n\t\t\t\t<section class=\"elementor-section elementor-top-section elementor-element elementor-element-a99f9b4 elementor-section-content-bottom elementor-section-stretched pageheader elementor-section-boxed elementor-section-height-default elementor-section-height-default\" data-id=\"a99f9b4\" data-element_type=\"section\" data-settings=\"{&quot;background_background&quot;:&quot;classic&quot;,&quot;stretch_section&quot;:&quot;section-stretched&quot;}\">\n\t\t\t\t\t\t<div class=\"elementor-container elementor-column-gap-default\">\n\t\t\t\t\t<div class=\"elementor-column elementor-col-50 elementor-top-column elementor-element elementor-element-c9b9baf pageheader-row-left\" data-id=\"c9b9baf\" data-element_type=\"column\" data-settings=\"{&quot;background_background&quot;:&quot;classic&quot;}\">\n\t\t\t<div class=\"elementor-widget-wrap elementor-element-populated\">\n\t\t\t\t\t\t<div class=\"elementor-element elementor-element-84c04d5 elementor-widget elementor-widget-heading\" data-id=\"84c04d5\" data-element_type=\"widget\" data-widget_type=\"heading.default\">\n\t\t\t\t<div class=\"elementor-widget-container\">\n\t\t\t\t\t<span class=\"elementor-heading-title elementor-size-default\">Gumi kompaund\u00e1l\u00e1s<\/span>\t\t\t\t<\/div>\n\t\t\t\t<\/div>\n\t\t\t\t<div class=\"elementor-element elementor-element-38fa6da elementor-widget elementor-widget-heading\" data-id=\"38fa6da\" data-element_type=\"widget\" data-widget_type=\"heading.default\">\n\t\t\t\t<div class=\"elementor-widget-container\">\n\t\t\t\t\t<h1 class=\"elementor-heading-title elementor-size-default\">Az \u00f6tlett\u0151l a megfelel\u0151 recept\u00far\u00e1ig<\/h1>\t\t\t\t<\/div>\n\t\t\t\t<\/div>\n\t\t\t\t\t<\/div>\n\t\t<\/div>\n\t\t\t\t<div class=\"elementor-column elementor-col-50 elementor-top-column elementor-element elementor-element-82ab0d3\" data-id=\"82ab0d3\" data-element_type=\"column\">\n\t\t\t<div class=\"elementor-widget-wrap\">\n\t\t\t\t\t\t\t<\/div>\n\t\t<\/div>\n\t\t\t\t\t<\/div>\n\t\t<\/section>\n\t\t\t\t<section class=\"elementor-section elementor-top-section elementor-element elementor-element-72b1aad elementor-section-boxed elementor-section-height-default elementor-section-height-default\" data-id=\"72b1aad\" data-element_type=\"section\">\n\t\t\t\t\t\t<div class=\"elementor-container elementor-column-gap-default\">\n\t\t\t\t\t<div class=\"elementor-column elementor-col-50 elementor-top-column elementor-element elementor-element-cad32ba\" data-id=\"cad32ba\" data-element_type=\"column\">\n\t\t\t<div class=\"elementor-widget-wrap elementor-element-populated\">\n\t\t\t\t\t\t<div class=\"elementor-element elementor-element-0957fc7 elementor-widget elementor-widget-text-editor\" data-id=\"0957fc7\" data-element_type=\"widget\" data-widget_type=\"text-editor.default\">\n\t\t\t\t<div class=\"elementor-widget-container\">\n\t\t\t\t\t\t\t\t\t<p>A piacspecifikus \u00fcgyf\u00e9lig\u00e9nyeknek val\u00f3 megfelel\u00e9s c\u00e9lj\u00e1b\u00f3l a KACO valamennyi fontos kompetenci\u00e1val rendelkezik a v\u00e1llalaton bel\u00fcl, \u00e9s nagyon fontosnak tartja azt, hogy min\u00e9l nagyobb saj\u00e1t hozz\u00e1adott \u00e9rt\u00e9ket k\u00e9pviseljen az \u00e9rt\u00e9kalkot\u00e1sban. Nemcsak a KACO saj\u00e1t fejleszt\u00e9s\u0171 anyagai tartoznak ide, hanem azok h\u00e1zon bel\u00fcli gy\u00e1rt\u00e1sa is. Miut\u00e1n elk\u00e9sz\u00fclt a megfelel\u0151 egy\u00e9ni recept\u00fara, sor ker\u00fcl a gumi kompaund\u00e1l\u00e1sra a KACO saj\u00e1t kever\u0151\u00fczem\u00e9ben.<\/p>\t\t\t\t\t\t\t\t<\/div>\n\t\t\t\t<\/div>\n\t\t\t\t<div class=\"elementor-element elementor-element-f852746 elementor-widget elementor-widget-text-editor\" data-id=\"f852746\" data-element_type=\"widget\" data-widget_type=\"text-editor.default\">\n\t\t\t\t<div class=\"elementor-widget-container\">\n\t\t\t\t\t\t\t\t\t<p>Annak \u00e9rdek\u00e9ben, hogy gumikever\u00e9keink a legmagasabb min\u0151s\u00e9gi k\u00f6vetelm\u00e9nyeket is kiel\u00e9g\u00edts\u00e9k, kever\u00e9keink el\u0151\u00e1ll\u00edt\u00e1s\u00e1hoz a legmodernebb z\u00e1rt kever\u0151g\u00e9peket haszn\u00e1ljuk, magas fok\u00fa automatiz\u00e1l\u00e1s mellett. Mivel a teljes folyamat a fejleszt\u00e9st\u0151l a gy\u00e1rt\u00e1sig t\u00f6m\u00edt\u00e9si szak\u00e9rt\u0151k k\u00f6zrem\u0171k\u00f6d\u00e9s\u00e9vel zajlik, magas szint\u0171 az \u00e1tl\u00e1that\u00f3s\u00e1g \u00e9s a nyomon k\u00f6vethet\u0151s\u00e9g.&nbsp;<\/p>\t\t\t\t\t\t\t\t<\/div>\n\t\t\t\t<\/div>\n\t\t\t\t<div class=\"elementor-element elementor-element-132030b elementor-widget elementor-widget-text-editor\" data-id=\"132030b\" data-element_type=\"widget\" data-widget_type=\"text-editor.default\">\n\t\t\t\t<div class=\"elementor-widget-container\">\n\t\t\t\t\t\t\t\t\t<p>A programtechnikai szempontb\u00f3l fel\u00fcgyelt folyamatok, valamint a gy\u00e1rt\u00e1s inline min\u0151s\u00e9gellen\u0151rz\u00e9se is azon el\u0151ny\u00f6k k\u00f6z\u00e9 tartozik, amelyeket a KACO a t\u00f6m\u00edt\u00e9si rendszerek szak\u00e9rt\u0151jek\u00e9nt az anyaggy\u00e1rt\u00e1s ter\u00e9n k\u00edn\u00e1l. A saj\u00e1t kever\u0151\u00fczem nagyfok\u00fa rugalmass\u00e1got \u00e9s magas szint\u0171 \u00fczembiztons\u00e1got garant\u00e1l, ami a KACO-term\u00e9keket jellemzi, \u00e9s amit \u00fcgyfeleink el is v\u00e1rnak.<\/p>\t\t\t\t\t\t\t\t<\/div>\n\t\t\t\t<\/div>\n\t\t\t\t\t<\/div>\n\t\t<\/div>\n\t\t\t\t<div class=\"elementor-column elementor-col-50 elementor-top-column elementor-element elementor-element-53507b7\" data-id=\"53507b7\" data-element_type=\"column\">\n\t\t\t<div class=\"elementor-widget-wrap\">\n\t\t\t\t\t\t\t<\/div>\n\t\t<\/div>\n\t\t\t\t\t<\/div>\n\t\t<\/section>\n\t\t\t\t<section class=\"elementor-section elementor-top-section elementor-element elementor-element-2d55d19 elementor-section-full_width elementor-section-stretched elementor-section-height-default elementor-section-height-default\" data-id=\"2d55d19\" data-element_type=\"section\" data-settings=\"{&quot;stretch_section&quot;:&quot;section-stretched&quot;}\">\n\t\t\t\t\t\t<div class=\"elementor-container elementor-column-gap-default\">\n\t\t\t\t\t<div class=\"elementor-column elementor-col-50 elementor-top-column elementor-element elementor-element-0afd5fb\" data-id=\"0afd5fb\" data-element_type=\"column\">\n\t\t\t<div class=\"elementor-widget-wrap\">\n\t\t\t\t\t\t\t<\/div>\n\t\t<\/div>\n\t\t\t\t<div class=\"elementor-column elementor-col-50 elementor-top-column elementor-element elementor-element-7032d7c\" data-id=\"7032d7c\" data-element_type=\"column\" data-settings=\"{&quot;background_background&quot;:&quot;classic&quot;}\">\n\t\t\t<div class=\"elementor-widget-wrap elementor-element-populated\">\n\t\t\t\t\t\t<div class=\"elementor-element elementor-element-ccab3e8 elementor-widget elementor-widget-spacer\" data-id=\"ccab3e8\" data-element_type=\"widget\" data-widget_type=\"spacer.default\">\n\t\t\t\t<div class=\"elementor-widget-container\">\n\t\t\t\t\t\t\t<div class=\"elementor-spacer\">\n\t\t\t<div class=\"elementor-spacer-inner\"><\/div>\n\t\t<\/div>\n\t\t\t\t\t\t<\/div>\n\t\t\t\t<\/div>\n\t\t\t\t\t<\/div>\n\t\t<\/div>\n\t\t\t\t\t<\/div>\n\t\t<\/section>\n\t\t\t\t<\/div>\n\t\t","protected":false},"excerpt":{"rendered":"<p>Gumi kompaund\u00e1l\u00e1s Az \u00f6tlett\u0151l a megfelel\u0151 recept\u00far\u00e1ig A piacspecifikus \u00fcgyf\u00e9lig\u00e9nyeknek val\u00f3 megfelel\u00e9s c\u00e9lj\u00e1b\u00f3l a KACO valamennyi fontos kompetenci\u00e1val rendelkezik a v\u00e1llalaton bel\u00fcl, \u00e9s nagyon fontosnak tartja azt, hogy min\u00e9l nagyobb saj\u00e1t hozz\u00e1adott \u00e9rt\u00e9ket k\u00e9pviseljen az \u00e9rt\u00e9kalkot\u00e1sban. Nemcsak a KACO saj\u00e1t fejleszt\u00e9s\u0171 anyagai tartoznak ide, hanem azok h\u00e1zon bel\u00fcli gy\u00e1rt\u00e1sa is. Miut\u00e1n elk\u00e9sz\u00fclt a megfelel\u0151 egy\u00e9ni [&hellip;]<\/p>\n","protected":false},"author":3,"featured_media":0,"parent":13405,"menu_order":0,"comment_status":"closed","ping_status":"closed","template":"","meta":{"_acf_changed":false,"site-sidebar-layout":"no-sidebar","site-content-layout":"page-builder","ast-site-content-layout":"default","site-content-style":"default","site-sidebar-style":"default","ast-global-header-display":"","ast-banner-title-visibility":"","ast-main-header-display":"","ast-hfb-above-header-display":"","ast-hfb-below-header-display":"","ast-hfb-mobile-header-display":"","site-post-title":"disabled","ast-breadcrumbs-content":"","ast-featured-img":"disabled","footer-sml-layout":"","ast-disable-related-posts":"","theme-transparent-header-meta":"","adv-header-id-meta":"","stick-header-meta":"","header-above-stick-meta":"","header-main-stick-meta":"","header-below-stick-meta":"","astra-migrate-meta-layouts":"default","ast-page-background-enabled":"default","ast-page-background-meta":{"desktop":{"background-color":"var(--ast-global-color-4)","background-image":"","background-repeat":"repeat","background-position":"center center","background-size":"auto","background-attachment":"scroll","background-type":"","background-media":"","overlay-type":"","overlay-color":"","overlay-opacity":"","overlay-gradient":""},"tablet":{"background-color":"","background-image":"","background-repeat":"repeat","background-position":"center center","background-size":"auto","background-attachment":"scroll","background-type":"","background-media":"","overlay-type":"","overlay-color":"","overlay-opacity":"","overlay-gradient":""},"mobile":{"background-color":"","background-image":"","background-repeat":"repeat","background-position":"center center","background-size":"auto","background-attachment":"scroll","background-type":"","background-media":"","overlay-type":"","overlay-color":"","overlay-opacity":"","overlay-gradient":""}},"ast-content-background-meta":{"desktop":{"background-color":"var(--ast-global-color-5)","background-image":"","background-repeat":"repeat","background-position":"center center","background-size":"auto","background-attachment":"scroll","background-type":"","background-media":"","overlay-type":"","overlay-color":"","overlay-opacity":"","overlay-gradient":""},"tablet":{"background-color":"var(--ast-global-color-5)","background-image":"","background-repeat":"repeat","background-position":"center center","background-size":"auto","background-attachment":"scroll","background-type":"","background-media":"","overlay-type":"","overlay-color":"","overlay-opacity":"","overlay-gradient":""},"mobile":{"background-color":"var(--ast-global-color-5)","background-image":"","background-repeat":"repeat","background-position":"center center","background-size":"auto","background-attachment":"scroll","background-type":"","background-media":"","overlay-type":"","overlay-color":"","overlay-opacity":"","overlay-gradient":""}},"footnotes":""},"class_list":["post-13410","page","type-page","status-publish","hentry"],"acf":[],"yoast_head":"<!-- This site is optimized with the Yoast SEO plugin v27.4 - https:\/\/yoast.com\/product\/yoast-seo-wordpress\/ -->\n<title>Gumi kompaund\u00e1l\u00e1s - KACO - Der Experte f\u00fcr Dichtungssysteme<\/title>\n<meta name=\"description\" content=\"Gumi kompaund\u00e1l\u00e1s Az \u00f6tlett\u0151l a megfelel\u0151 recept\u00far\u00e1ig A piacspecifikus \u00fcgyf\u00e9lig\u00e9nyeknek val\u00f3 megfelel\u00e9s c\u00e9lj\u00e1b\u00f3l a KACO valamennyi fontos kompetenci\u00e1val\" \/>\n<meta name=\"robots\" content=\"index, follow, max-snippet:-1, max-image-preview:large, max-video-preview:-1\" \/>\n<link rel=\"canonical\" href=\"https:\/\/kaco.de\/kompetenzen\/produktion\/gummi-compounding\/\" \/>\n<meta property=\"og:locale\" content=\"hu_HU\" \/>\n<meta property=\"og:type\" content=\"article\" \/>\n<meta property=\"og:title\" content=\"Gumi kompaund\u00e1l\u00e1s - KACO - Der Experte f\u00fcr Dichtungssysteme\" \/>\n<meta property=\"og:description\" content=\"Gumi kompaund\u00e1l\u00e1s Az \u00f6tlett\u0151l a megfelel\u0151 recept\u00far\u00e1ig A piacspecifikus \u00fcgyf\u00e9lig\u00e9nyeknek val\u00f3 megfelel\u00e9s c\u00e9lj\u00e1b\u00f3l a KACO valamennyi fontos kompetenci\u00e1val\" \/>\n<meta property=\"og:url\" content=\"https:\/\/kaco.de\/kompetenzen\/produktion\/gummi-compounding\/\" \/>\n<meta property=\"og:site_name\" content=\"KACO - Der Experte f\u00fcr Dichtungssysteme\" \/>\n<meta property=\"article:modified_time\" content=\"2022-03-25T11:18:17+00:00\" \/>\n<meta property=\"og:image\" content=\"https:\/\/kaco.de\/wp-content\/uploads\/kompetenzen-gummi-compounding-kaco-1@2x.jpg\" \/>\n<meta name=\"twitter:card\" content=\"summary_large_image\" \/>\n<meta name=\"twitter:label1\" content=\"Becs\u00fclt olvas\u00e1si id\u0151\" \/>\n\t<meta name=\"twitter:data1\" content=\"1 perc\" \/>\n<script type=\"application\/ld+json\" class=\"yoast-schema-graph\">{\"@context\":\"https:\\\/\\\/schema.org\",\"@graph\":[{\"@type\":\"WebPage\",\"@id\":\"https:\\\/\\\/kaco.de\\\/kompetenzen\\\/produktion\\\/gummi-compounding\\\/\",\"url\":\"https:\\\/\\\/kaco.de\\\/kompetenzen\\\/produktion\\\/gummi-compounding\\\/\",\"name\":\"Gumi kompaund\u00e1l\u00e1s - KACO - Der Experte f\u00fcr Dichtungssysteme\",\"isPartOf\":{\"@id\":\"https:\\\/\\\/kaco.de\\\/#website\"},\"primaryImageOfPage\":{\"@id\":\"https:\\\/\\\/kaco.de\\\/kompetenzen\\\/produktion\\\/gummi-compounding\\\/#primaryimage\"},\"image\":{\"@id\":\"https:\\\/\\\/kaco.de\\\/kompetenzen\\\/produktion\\\/gummi-compounding\\\/#primaryimage\"},\"thumbnailUrl\":\"https:\\\/\\\/kaco.de\\\/wp-content\\\/uploads\\\/kompetenzen-gummi-compounding-kaco-1@2x.jpg\",\"datePublished\":\"2022-01-14T19:05:16+00:00\",\"dateModified\":\"2022-03-25T11:18:17+00:00\",\"description\":\"Gumi kompaund\u00e1l\u00e1s Az \u00f6tlett\u0151l a megfelel\u0151 recept\u00far\u00e1ig A piacspecifikus \u00fcgyf\u00e9lig\u00e9nyeknek val\u00f3 megfelel\u00e9s c\u00e9lj\u00e1b\u00f3l a KACO valamennyi fontos kompetenci\u00e1val\",\"breadcrumb\":{\"@id\":\"https:\\\/\\\/kaco.de\\\/kompetenzen\\\/produktion\\\/gummi-compounding\\\/#breadcrumb\"},\"inLanguage\":\"hu\",\"potentialAction\":[{\"@type\":\"ReadAction\",\"target\":[\"https:\\\/\\\/kaco.de\\\/kompetenzen\\\/produktion\\\/gummi-compounding\\\/\"]}]},{\"@type\":\"ImageObject\",\"inLanguage\":\"hu\",\"@id\":\"https:\\\/\\\/kaco.de\\\/kompetenzen\\\/produktion\\\/gummi-compounding\\\/#primaryimage\",\"url\":\"https:\\\/\\\/kaco.de\\\/wp-content\\\/uploads\\\/kompetenzen-gummi-compounding-kaco-1@2x.jpg\",\"contentUrl\":\"https:\\\/\\\/kaco.de\\\/wp-content\\\/uploads\\\/kompetenzen-gummi-compounding-kaco-1@2x.jpg\"},{\"@type\":\"BreadcrumbList\",\"@id\":\"https:\\\/\\\/kaco.de\\\/kompetenzen\\\/produktion\\\/gummi-compounding\\\/#breadcrumb\",\"itemListElement\":[{\"@type\":\"ListItem\",\"position\":1,\"name\":\"Home\",\"item\":\"https:\\\/\\\/kaco.de\\\/hu\\\/ungarisch-startseite-test\\\/\"},{\"@type\":\"ListItem\",\"position\":2,\"name\":\"Kompetenci\u00e1k\",\"item\":\"https:\\\/\\\/kaco.de\\\/hu\\\/kompetenciak\\\/\"},{\"@type\":\"ListItem\",\"position\":3,\"name\":\"Termel\u00e9s\",\"item\":\"https:\\\/\\\/kaco.de\\\/kompetenzen\\\/produktion\\\/\"},{\"@type\":\"ListItem\",\"position\":4,\"name\":\"Gumi kompaund\u00e1l\u00e1s\"}]},{\"@type\":\"WebSite\",\"@id\":\"https:\\\/\\\/kaco.de\\\/#website\",\"url\":\"https:\\\/\\\/kaco.de\\\/\",\"name\":\"KACO - Der Experte f\u00fcr Dichtungssysteme\",\"description\":\"Seien Sie mit unseren hochpr\u00e4zisen und anwendungsorientierten Dichtungsl\u00f6sungen bestens f\u00fcr die Automobil- und Maschinenbauindustrie ger\u00fcstet.\",\"publisher\":{\"@id\":\"https:\\\/\\\/kaco.de\\\/#organization\"},\"potentialAction\":[{\"@type\":\"SearchAction\",\"target\":{\"@type\":\"EntryPoint\",\"urlTemplate\":\"https:\\\/\\\/kaco.de\\\/?s={search_term_string}\"},\"query-input\":{\"@type\":\"PropertyValueSpecification\",\"valueRequired\":true,\"valueName\":\"search_term_string\"}}],\"inLanguage\":\"hu\"},{\"@type\":\"Organization\",\"@id\":\"https:\\\/\\\/kaco.de\\\/#organization\",\"name\":\"KACO - Der Experte f\u00fcr Dichtungssysteme\",\"url\":\"https:\\\/\\\/kaco.de\\\/\",\"logo\":{\"@type\":\"ImageObject\",\"inLanguage\":\"hu\",\"@id\":\"https:\\\/\\\/kaco.de\\\/#\\\/schema\\\/logo\\\/image\\\/\",\"url\":\"https:\\\/\\\/kaco.de\\\/wp-content\\\/uploads\\\/cropped-logo1.png\",\"contentUrl\":\"https:\\\/\\\/kaco.de\\\/wp-content\\\/uploads\\\/cropped-logo1.png\",\"width\":851,\"height\":254,\"caption\":\"KACO - Der Experte f\u00fcr Dichtungssysteme\"},\"image\":{\"@id\":\"https:\\\/\\\/kaco.de\\\/#\\\/schema\\\/logo\\\/image\\\/\"}}]}<\/script>\n<!-- \/ Yoast SEO plugin. -->","yoast_head_json":{"title":"Gumi kompaund\u00e1l\u00e1s - KACO - Der Experte f\u00fcr Dichtungssysteme","description":"Gumi kompaund\u00e1l\u00e1s Az \u00f6tlett\u0151l a megfelel\u0151 recept\u00far\u00e1ig A piacspecifikus \u00fcgyf\u00e9lig\u00e9nyeknek val\u00f3 megfelel\u00e9s c\u00e9lj\u00e1b\u00f3l a KACO valamennyi fontos kompetenci\u00e1val","robots":{"index":"index","follow":"follow","max-snippet":"max-snippet:-1","max-image-preview":"max-image-preview:large","max-video-preview":"max-video-preview:-1"},"canonical":"https:\/\/kaco.de\/kompetenzen\/produktion\/gummi-compounding\/","og_locale":"hu_HU","og_type":"article","og_title":"Gumi kompaund\u00e1l\u00e1s - KACO - Der Experte f\u00fcr Dichtungssysteme","og_description":"Gumi kompaund\u00e1l\u00e1s Az \u00f6tlett\u0151l a megfelel\u0151 recept\u00far\u00e1ig A piacspecifikus \u00fcgyf\u00e9lig\u00e9nyeknek val\u00f3 megfelel\u00e9s c\u00e9lj\u00e1b\u00f3l a KACO valamennyi fontos kompetenci\u00e1val","og_url":"https:\/\/kaco.de\/kompetenzen\/produktion\/gummi-compounding\/","og_site_name":"KACO - Der Experte f\u00fcr Dichtungssysteme","article_modified_time":"2022-03-25T11:18:17+00:00","og_image":[{"url":"https:\/\/kaco.de\/wp-content\/uploads\/kompetenzen-gummi-compounding-kaco-1@2x.jpg","type":"","width":"","height":""}],"twitter_card":"summary_large_image","twitter_misc":{"Becs\u00fclt olvas\u00e1si id\u0151":"1 perc"},"schema":{"@context":"https:\/\/schema.org","@graph":[{"@type":"WebPage","@id":"https:\/\/kaco.de\/kompetenzen\/produktion\/gummi-compounding\/","url":"https:\/\/kaco.de\/kompetenzen\/produktion\/gummi-compounding\/","name":"Gumi kompaund\u00e1l\u00e1s - KACO - Der Experte f\u00fcr Dichtungssysteme","isPartOf":{"@id":"https:\/\/kaco.de\/#website"},"primaryImageOfPage":{"@id":"https:\/\/kaco.de\/kompetenzen\/produktion\/gummi-compounding\/#primaryimage"},"image":{"@id":"https:\/\/kaco.de\/kompetenzen\/produktion\/gummi-compounding\/#primaryimage"},"thumbnailUrl":"https:\/\/kaco.de\/wp-content\/uploads\/kompetenzen-gummi-compounding-kaco-1@2x.jpg","datePublished":"2022-01-14T19:05:16+00:00","dateModified":"2022-03-25T11:18:17+00:00","description":"Gumi kompaund\u00e1l\u00e1s Az \u00f6tlett\u0151l a megfelel\u0151 recept\u00far\u00e1ig A piacspecifikus \u00fcgyf\u00e9lig\u00e9nyeknek val\u00f3 megfelel\u00e9s c\u00e9lj\u00e1b\u00f3l a KACO valamennyi fontos kompetenci\u00e1val","breadcrumb":{"@id":"https:\/\/kaco.de\/kompetenzen\/produktion\/gummi-compounding\/#breadcrumb"},"inLanguage":"hu","potentialAction":[{"@type":"ReadAction","target":["https:\/\/kaco.de\/kompetenzen\/produktion\/gummi-compounding\/"]}]},{"@type":"ImageObject","inLanguage":"hu","@id":"https:\/\/kaco.de\/kompetenzen\/produktion\/gummi-compounding\/#primaryimage","url":"https:\/\/kaco.de\/wp-content\/uploads\/kompetenzen-gummi-compounding-kaco-1@2x.jpg","contentUrl":"https:\/\/kaco.de\/wp-content\/uploads\/kompetenzen-gummi-compounding-kaco-1@2x.jpg"},{"@type":"BreadcrumbList","@id":"https:\/\/kaco.de\/kompetenzen\/produktion\/gummi-compounding\/#breadcrumb","itemListElement":[{"@type":"ListItem","position":1,"name":"Home","item":"https:\/\/kaco.de\/hu\/ungarisch-startseite-test\/"},{"@type":"ListItem","position":2,"name":"Kompetenci\u00e1k","item":"https:\/\/kaco.de\/hu\/kompetenciak\/"},{"@type":"ListItem","position":3,"name":"Termel\u00e9s","item":"https:\/\/kaco.de\/kompetenzen\/produktion\/"},{"@type":"ListItem","position":4,"name":"Gumi kompaund\u00e1l\u00e1s"}]},{"@type":"WebSite","@id":"https:\/\/kaco.de\/#website","url":"https:\/\/kaco.de\/","name":"KACO - Der Experte f\u00fcr Dichtungssysteme","description":"Seien Sie mit unseren hochpr\u00e4zisen und anwendungsorientierten Dichtungsl\u00f6sungen bestens f\u00fcr die Automobil- und Maschinenbauindustrie ger\u00fcstet.","publisher":{"@id":"https:\/\/kaco.de\/#organization"},"potentialAction":[{"@type":"SearchAction","target":{"@type":"EntryPoint","urlTemplate":"https:\/\/kaco.de\/?s={search_term_string}"},"query-input":{"@type":"PropertyValueSpecification","valueRequired":true,"valueName":"search_term_string"}}],"inLanguage":"hu"},{"@type":"Organization","@id":"https:\/\/kaco.de\/#organization","name":"KACO - Der Experte f\u00fcr Dichtungssysteme","url":"https:\/\/kaco.de\/","logo":{"@type":"ImageObject","inLanguage":"hu","@id":"https:\/\/kaco.de\/#\/schema\/logo\/image\/","url":"https:\/\/kaco.de\/wp-content\/uploads\/cropped-logo1.png","contentUrl":"https:\/\/kaco.de\/wp-content\/uploads\/cropped-logo1.png","width":851,"height":254,"caption":"KACO - Der Experte f\u00fcr Dichtungssysteme"},"image":{"@id":"https:\/\/kaco.de\/#\/schema\/logo\/image\/"}}]}},"_links":{"self":[{"href":"https:\/\/kaco.de\/hu\/wp-json\/wp\/v2\/pages\/13410","targetHints":{"allow":["GET"]}}],"collection":[{"href":"https:\/\/kaco.de\/hu\/wp-json\/wp\/v2\/pages"}],"about":[{"href":"https:\/\/kaco.de\/hu\/wp-json\/wp\/v2\/types\/page"}],"author":[{"embeddable":true,"href":"https:\/\/kaco.de\/hu\/wp-json\/wp\/v2\/users\/3"}],"replies":[{"embeddable":true,"href":"https:\/\/kaco.de\/hu\/wp-json\/wp\/v2\/comments?post=13410"}],"version-history":[{"count":0,"href":"https:\/\/kaco.de\/hu\/wp-json\/wp\/v2\/pages\/13410\/revisions"}],"up":[{"embeddable":true,"href":"https:\/\/kaco.de\/hu\/wp-json\/wp\/v2\/pages\/13405"}],"wp:attachment":[{"href":"https:\/\/kaco.de\/hu\/wp-json\/wp\/v2\/media?parent=13410"}],"curies":[{"name":"wp","href":"https:\/\/api.w.org\/{rel}","templated":true}]}}