{"id":13423,"date":"2022-01-14T20:09:00","date_gmt":"2022-01-14T19:09:00","guid":{"rendered":"https:\/\/kaco21.neckarfreunde.net\/?page_id=13423"},"modified":"2022-03-25T12:18:14","modified_gmt":"2022-03-25T11:18:14","slug":"osszeszereles","status":"publish","type":"page","link":"https:\/\/kaco.de\/hu\/kompetenciak\/termeles\/osszeszereles\/","title":{"rendered":"\u00d6sszeszerel\u00e9s"},"content":{"rendered":"\t\t<div data-elementor-type=\"wp-page\" data-elementor-id=\"13423\" class=\"elementor elementor-13423 elementor-3315\" data-elementor-post-type=\"page\">\n\t\t\t\t\t\t<section class=\"elementor-section elementor-top-section elementor-element elementor-element-07dc893 elementor-section-full_width elementor-section-stretched elementor-section-height-default elementor-section-height-default\" data-id=\"07dc893\" data-element_type=\"section\" data-settings=\"{&quot;stretch_section&quot;:&quot;section-stretched&quot;}\">\n\t\t\t\t\t\t<div class=\"elementor-container elementor-column-gap-default\">\n\t\t\t\t\t<div class=\"elementor-column elementor-col-100 elementor-top-column elementor-element elementor-element-2370300\" data-id=\"2370300\" data-element_type=\"column\">\n\t\t\t<div class=\"elementor-widget-wrap elementor-element-populated\">\n\t\t\t\t\t\t<div class=\"elementor-element elementor-element-365aa17 elementor-widget elementor-widget-image\" data-id=\"365aa17\" data-element_type=\"widget\" data-widget_type=\"image.default\">\n\t\t\t\t<div class=\"elementor-widget-container\">\n\t\t\t\t\t\t\t\t\t\t\t\t\t\t\t<img fetchpriority=\"high\" decoding=\"async\" width=\"1900\" height=\"600\" src=\"https:\/\/kaco.de\/wp-content\/uploads\/kompetenzen-montage-kaco-2@2x.jpg\" class=\"attachment-full size-full wp-image-7577\" alt=\"Kompetenzen Montage Kaco\" \/>\t\t\t\t\t\t\t\t\t\t\t\t\t\t\t<\/div>\n\t\t\t\t<\/div>\n\t\t\t\t\t<\/div>\n\t\t<\/div>\n\t\t\t\t\t<\/div>\n\t\t<\/section>\n\t\t\t\t<section class=\"elementor-section elementor-top-section elementor-element elementor-element-691d196 elementor-section-content-bottom elementor-section-stretched pageheader elementor-section-boxed elementor-section-height-default elementor-section-height-default\" data-id=\"691d196\" data-element_type=\"section\" data-settings=\"{&quot;background_background&quot;:&quot;classic&quot;,&quot;stretch_section&quot;:&quot;section-stretched&quot;}\">\n\t\t\t\t\t\t<div class=\"elementor-container elementor-column-gap-default\">\n\t\t\t\t\t<div class=\"elementor-column elementor-col-50 elementor-top-column elementor-element elementor-element-414a5a7 pageheader-row-left\" data-id=\"414a5a7\" data-element_type=\"column\" data-settings=\"{&quot;background_background&quot;:&quot;classic&quot;}\">\n\t\t\t<div class=\"elementor-widget-wrap elementor-element-populated\">\n\t\t\t\t\t\t<div class=\"elementor-element elementor-element-8a332b8 elementor-widget elementor-widget-heading\" data-id=\"8a332b8\" data-element_type=\"widget\" data-widget_type=\"heading.default\">\n\t\t\t\t<div class=\"elementor-widget-container\">\n\t\t\t\t\t<span class=\"elementor-heading-title elementor-size-default\">\u00d6sszeszerel\u00e9s<\/span>\t\t\t\t<\/div>\n\t\t\t\t<\/div>\n\t\t\t\t<div class=\"elementor-element elementor-element-044de7c elementor-widget elementor-widget-heading\" data-id=\"044de7c\" data-element_type=\"widget\" data-widget_type=\"heading.default\">\n\t\t\t\t<div class=\"elementor-widget-container\">\n\t\t\t\t\t<h1 class=\"elementor-heading-title elementor-size-default\">Magasabb fok\u00fa \u00e9rt\u00e9kalkot\u00e1s az el\u0151szerel\u00e9snek k\u00f6sz\u00f6nhet\u0151en<\/h1>\t\t\t\t<\/div>\n\t\t\t\t<\/div>\n\t\t\t\t\t<\/div>\n\t\t<\/div>\n\t\t\t\t<div class=\"elementor-column elementor-col-50 elementor-top-column elementor-element elementor-element-a0a0610\" data-id=\"a0a0610\" data-element_type=\"column\">\n\t\t\t<div class=\"elementor-widget-wrap\">\n\t\t\t\t\t\t\t<\/div>\n\t\t<\/div>\n\t\t\t\t\t<\/div>\n\t\t<\/section>\n\t\t\t\t<section class=\"elementor-section elementor-top-section elementor-element elementor-element-5d117f5 elementor-section-boxed elementor-section-height-default elementor-section-height-default\" data-id=\"5d117f5\" data-element_type=\"section\">\n\t\t\t\t\t\t<div class=\"elementor-container elementor-column-gap-default\">\n\t\t\t\t\t<div class=\"elementor-column elementor-col-50 elementor-top-column elementor-element elementor-element-a455a60\" data-id=\"a455a60\" data-element_type=\"column\">\n\t\t\t<div class=\"elementor-widget-wrap elementor-element-populated\">\n\t\t\t\t\t\t<div class=\"elementor-element elementor-element-9047b41 elementor-widget elementor-widget-text-editor\" data-id=\"9047b41\" data-element_type=\"widget\" data-widget_type=\"text-editor.default\">\n\t\t\t\t<div class=\"elementor-widget-container\">\n\t\t\t\t\t\t\t\t\t<p>A cs\u00fasz\u00f3gy\u0171r\u0171s t\u00f6m\u00edt\u00e9sek \u00f6sszeszerel\u00e9s\u00e9nek automatiz\u00e1l\u00e1sa a KACO-n\u00e1l t\u00f6bb mint 30 \u00e9ves m\u00faltra tekint vissza. A cs\u00fasz\u00f3gy\u0171r\u0171s t\u00f6m\u00edt\u00e9seket v\u00edzszivatty\u00fakban, valamint az aut\u00f3iparban az elektromobilit\u00e1s ter\u00fclet\u00e9n haszn\u00e1lj\u00e1k. Egy cs\u00fasz\u00f3gy\u0171r\u0171s t\u00f6m\u00edt\u00e9s ak\u00e1r tizenk\u00e9t alkatr\u00e9szb\u0151l is \u00e1llhat, amelyeket r\u00e9szben a KACO gy\u00e1rt vagy k\u00fcls\u0151 besz\u00e1ll\u00edt\u00f3kt\u00f3l szerez be. Az \u00f6sszeszerel\u00e9s a KACO egyes alkatr\u00e9szek komplex szerel\u00e9s\u00e9ben szerzett sok\u00e9ves tapasztalat\u00e1n \u00e9s alapkompetenci\u00e1j\u00e1n alapul, k\u00fcl\u00f6n\u00f6s tekintettel a nem m\u00e9rettart\u00f3 gumialkatr\u00e9szekre.<\/p><p class=\"MsoNormal\">A jelenlegi magas szint\u0171 automatiz\u00e1l\u00e1snak k\u00f6sz\u00f6nhet\u0151en az \u00f6sszeszerel\u00e9s k\u00f6zben fell\u00e9p\u0151 hib\u00e1k szinte teljesen kiz\u00e1rhat\u00f3k. Az \u00f6sszeszerel\u00e9si folyamatot \u00e9s a t\u00f6m\u00edt\u00e9sek kifog\u00e1stalan m\u0171k\u00f6d\u00e9s\u00e9t biztos\u00edt\u00f3 \u201e100%-os ellen\u0151rz\u00e9sek\u201d biztons\u00e1gosan \u00e9s k\u00f6lts\u00e9ghat\u00e9konyan elv\u00e9gezhet\u0151k a modern kameratechnik\u00e1val. A funkcion\u00e1lis vizsg\u00e1latokat, p\u00e9ld\u00e1ul a sziv\u00e1rg\u00e1svizsg\u00e1latot \u00e9s a fel\u00fcletinyom\u00e1s-vizsg\u00e1latot is automatiz\u00e1ltuk.<\/p><p class=\"MsoNormal\">Az egyes alkatr\u00e9szek \u00f6sszeszerel\u00e9se magasabb hozz\u00e1adott \u00e9rt\u00e9ket eredm\u00e9nyez az egyes alkatr\u00e9szek puszta el\u0151\u00e1ll\u00edt\u00e1s\u00e1hoz k\u00e9pest. Ezt \u00fcgyfeleink nagyra \u00e9rt\u00e9kelik. Hiszen \u00edgy beszerel\u00e9sre k\u00e9sz alkatr\u00e9szeket kapnak, \u00e9s \u00edgy saj\u00e1t alapkompetenci\u00e1ikra tudnak \u00f6sszpontos\u00edtani.<\/p><p><style>@font-face<br \/>\t{font-family:\"Cambria Math\";<br \/>\tpanose-1:2 4 5 3 5 4 6 3 2 4;<br \/>\tmso-font-charset:0;<br \/>\tmso-generic-font-family:roman;<br \/>\tmso-font-pitch:variable;<br \/>\tmso-font-signature:3 0 0 0 1 0;}p.MsoNormal, li.MsoNormal, div.MsoNormal<br \/>\t{mso-style-unhide:no;<br \/>\tmso-style-qformat:yes;<br \/>\tmso-style-parent:\"\";<br \/>\tmargin:0cm;<br \/>\tmso-pagination:widow-orphan;<br \/>\tfont-size:12.0pt;<br \/>\tfont-family:\"Times New Roman\",serif;<br \/>\tmso-fareast-font-family:\"Times New Roman\";}p<br \/>\t{mso-style-priority:99;<br \/>\tmso-margin-top-alt:auto;<br \/>\tmargin-right:0cm;<br \/>\tmso-margin-bottom-alt:auto;<br \/>\tmargin-left:0cm;<br \/>\tmso-pagination:widow-orphan;<br \/>\tfont-size:12.0pt;<br \/>\tfont-family:\"Times New Roman\",serif;<br \/>\tmso-fareast-font-family:\"Times New Roman\";}.MsoChpDefault<br \/>\t{mso-style-type:export-only;<br \/>\tmso-default-props:yes;<br \/>\tfont-family:\"Calibri\",sans-serif;<br \/>\tmso-ascii-font-family:Calibri;<br \/>\tmso-ascii-theme-font:minor-latin;<br \/>\tmso-fareast-font-family:Calibri;<br \/>\tmso-fareast-theme-font:minor-latin;<br \/>\tmso-hansi-font-family:Calibri;<br \/>\tmso-hansi-theme-font:minor-latin;<br \/>\tmso-bidi-font-family:\"Times New Roman\";<br \/>\tmso-bidi-theme-font:minor-bidi;<br \/>\tmso-fareast-language:EN-US;}div.WordSection1<br \/>\t{page:WordSection1;}<\/style><\/p>\t\t\t\t\t\t\t\t<\/div>\n\t\t\t\t<\/div>\n\t\t\t\t\t<\/div>\n\t\t<\/div>\n\t\t\t\t<div class=\"elementor-column elementor-col-50 elementor-top-column elementor-element elementor-element-401fadb\" data-id=\"401fadb\" data-element_type=\"column\">\n\t\t\t<div class=\"elementor-widget-wrap elementor-element-populated\">\n\t\t\t\t\t\t<div class=\"elementor-element elementor-element-a4d3c53 elementor-widget elementor-widget-image\" data-id=\"a4d3c53\" data-element_type=\"widget\" data-widget_type=\"image.default\">\n\t\t\t\t<div class=\"elementor-widget-container\">\n\t\t\t\t\t\t\t\t\t\t\t\t\t\t\t<img decoding=\"async\" width=\"800\" height=\"800\" src=\"https:\/\/kaco.de\/wp-content\/uploads\/kompetenzen-montage-kaco@2x.jpg\" class=\"attachment-large size-large wp-image-7581\" alt=\"Kompetenzen Montage Kaco\" \/>\t\t\t\t\t\t\t\t\t\t\t\t\t\t\t<\/div>\n\t\t\t\t<\/div>\n\t\t\t\t\t<\/div>\n\t\t<\/div>\n\t\t\t\t\t<\/div>\n\t\t<\/section>\n\t\t\t\t<\/div>\n\t\t","protected":false},"excerpt":{"rendered":"<p>\u00d6sszeszerel\u00e9s Magasabb fok\u00fa \u00e9rt\u00e9kalkot\u00e1s az el\u0151szerel\u00e9snek k\u00f6sz\u00f6nhet\u0151en A cs\u00fasz\u00f3gy\u0171r\u0171s t\u00f6m\u00edt\u00e9sek \u00f6sszeszerel\u00e9s\u00e9nek automatiz\u00e1l\u00e1sa a KACO-n\u00e1l t\u00f6bb mint 30 \u00e9ves m\u00faltra tekint vissza. A cs\u00fasz\u00f3gy\u0171r\u0171s t\u00f6m\u00edt\u00e9seket v\u00edzszivatty\u00fakban, valamint az aut\u00f3iparban az elektromobilit\u00e1s ter\u00fclet\u00e9n haszn\u00e1lj\u00e1k. Egy cs\u00fasz\u00f3gy\u0171r\u0171s t\u00f6m\u00edt\u00e9s ak\u00e1r tizenk\u00e9t alkatr\u00e9szb\u0151l is \u00e1llhat, amelyeket r\u00e9szben a KACO gy\u00e1rt vagy k\u00fcls\u0151 besz\u00e1ll\u00edt\u00f3kt\u00f3l szerez be. Az \u00f6sszeszerel\u00e9s a KACO egyes [&hellip;]<\/p>\n","protected":false},"author":3,"featured_media":0,"parent":13405,"menu_order":0,"comment_status":"closed","ping_status":"closed","template":"","meta":{"_acf_changed":false,"site-sidebar-layout":"no-sidebar","site-content-layout":"page-builder","ast-site-content-layout":"default","site-content-style":"default","site-sidebar-style":"default","ast-global-header-display":"","ast-banner-title-visibility":"","ast-main-header-display":"","ast-hfb-above-header-display":"","ast-hfb-below-header-display":"","ast-hfb-mobile-header-display":"","site-post-title":"disabled","ast-breadcrumbs-content":"","ast-featured-img":"disabled","footer-sml-layout":"","ast-disable-related-posts":"","theme-transparent-header-meta":"","adv-header-id-meta":"","stick-header-meta":"","header-above-stick-meta":"","header-main-stick-meta":"","header-below-stick-meta":"","astra-migrate-meta-layouts":"default","ast-page-background-enabled":"default","ast-page-background-meta":{"desktop":{"background-color":"var(--ast-global-color-4)","background-image":"","background-repeat":"repeat","background-position":"center center","background-size":"auto","background-attachment":"scroll","background-type":"","background-media":"","overlay-type":"","overlay-color":"","overlay-opacity":"","overlay-gradient":""},"tablet":{"background-color":"","background-image":"","background-repeat":"repeat","background-position":"center center","background-size":"auto","background-attachment":"scroll","background-type":"","background-media":"","overlay-type":"","overlay-color":"","overlay-opacity":"","overlay-gradient":""},"mobile":{"background-color":"","background-image":"","background-repeat":"repeat","background-position":"center center","background-size":"auto","background-attachment":"scroll","background-type":"","background-media":"","overlay-type":"","overlay-color":"","overlay-opacity":"","overlay-gradient":""}},"ast-content-background-meta":{"desktop":{"background-color":"var(--ast-global-color-5)","background-image":"","background-repeat":"repeat","background-position":"center center","background-size":"auto","background-attachment":"scroll","background-type":"","background-media":"","overlay-type":"","overlay-color":"","overlay-opacity":"","overlay-gradient":""},"tablet":{"background-color":"var(--ast-global-color-5)","background-image":"","background-repeat":"repeat","background-position":"center center","background-size":"auto","background-attachment":"scroll","background-type":"","background-media":"","overlay-type":"","overlay-color":"","overlay-opacity":"","overlay-gradient":""},"mobile":{"background-color":"var(--ast-global-color-5)","background-image":"","background-repeat":"repeat","background-position":"center center","background-size":"auto","background-attachment":"scroll","background-type":"","background-media":"","overlay-type":"","overlay-color":"","overlay-opacity":"","overlay-gradient":""}},"footnotes":""},"class_list":["post-13423","page","type-page","status-publish","hentry"],"acf":[],"yoast_head":"<!-- This site is optimized with the Yoast SEO plugin v27.4 - https:\/\/yoast.com\/product\/yoast-seo-wordpress\/ -->\n<title>\u00d6sszeszerel\u00e9s - KACO - Der Experte f\u00fcr Dichtungssysteme<\/title>\n<meta name=\"description\" content=\"\u00d6sszeszerel\u00e9s Magasabb fok\u00fa \u00e9rt\u00e9kalkot\u00e1s az el\u0151szerel\u00e9snek k\u00f6sz\u00f6nhet\u0151en A cs\u00fasz\u00f3gy\u0171r\u0171s t\u00f6m\u00edt\u00e9sek \u00f6sszeszerel\u00e9s\u00e9nek automatiz\u00e1l\u00e1sa a KACO-n\u00e1l t\u00f6bb mint 30\" \/>\n<meta name=\"robots\" content=\"index, follow, max-snippet:-1, max-image-preview:large, max-video-preview:-1\" \/>\n<link rel=\"canonical\" href=\"https:\/\/kaco.de\/kompetenzen\/produktion\/montage\/\" \/>\n<meta property=\"og:locale\" content=\"hu_HU\" \/>\n<meta property=\"og:type\" content=\"article\" \/>\n<meta property=\"og:title\" content=\"\u00d6sszeszerel\u00e9s - KACO - Der Experte f\u00fcr Dichtungssysteme\" \/>\n<meta property=\"og:description\" content=\"\u00d6sszeszerel\u00e9s Magasabb fok\u00fa \u00e9rt\u00e9kalkot\u00e1s az el\u0151szerel\u00e9snek k\u00f6sz\u00f6nhet\u0151en A cs\u00fasz\u00f3gy\u0171r\u0171s t\u00f6m\u00edt\u00e9sek \u00f6sszeszerel\u00e9s\u00e9nek automatiz\u00e1l\u00e1sa a KACO-n\u00e1l t\u00f6bb mint 30\" \/>\n<meta property=\"og:url\" content=\"https:\/\/kaco.de\/kompetenzen\/produktion\/montage\/\" \/>\n<meta property=\"og:site_name\" content=\"KACO - Der Experte f\u00fcr Dichtungssysteme\" \/>\n<meta property=\"article:modified_time\" content=\"2022-03-25T11:18:14+00:00\" \/>\n<meta property=\"og:image\" content=\"https:\/\/kaco.de\/wp-content\/uploads\/kompetenzen-montage-kaco-2@2x.jpg\" \/>\n<meta name=\"twitter:card\" content=\"summary_large_image\" \/>\n<meta name=\"twitter:label1\" content=\"Becs\u00fclt olvas\u00e1si id\u0151\" \/>\n\t<meta name=\"twitter:data1\" content=\"2 perc\" \/>\n<script type=\"application\/ld+json\" class=\"yoast-schema-graph\">{\"@context\":\"https:\\\/\\\/schema.org\",\"@graph\":[{\"@type\":\"WebPage\",\"@id\":\"https:\\\/\\\/kaco.de\\\/kompetenzen\\\/produktion\\\/montage\\\/\",\"url\":\"https:\\\/\\\/kaco.de\\\/kompetenzen\\\/produktion\\\/montage\\\/\",\"name\":\"\u00d6sszeszerel\u00e9s - KACO - Der Experte f\u00fcr Dichtungssysteme\",\"isPartOf\":{\"@id\":\"https:\\\/\\\/kaco.de\\\/#website\"},\"primaryImageOfPage\":{\"@id\":\"https:\\\/\\\/kaco.de\\\/kompetenzen\\\/produktion\\\/montage\\\/#primaryimage\"},\"image\":{\"@id\":\"https:\\\/\\\/kaco.de\\\/kompetenzen\\\/produktion\\\/montage\\\/#primaryimage\"},\"thumbnailUrl\":\"https:\\\/\\\/kaco.de\\\/wp-content\\\/uploads\\\/kompetenzen-montage-kaco-2@2x.jpg\",\"datePublished\":\"2022-01-14T19:09:00+00:00\",\"dateModified\":\"2022-03-25T11:18:14+00:00\",\"description\":\"\u00d6sszeszerel\u00e9s Magasabb fok\u00fa \u00e9rt\u00e9kalkot\u00e1s az el\u0151szerel\u00e9snek k\u00f6sz\u00f6nhet\u0151en A cs\u00fasz\u00f3gy\u0171r\u0171s t\u00f6m\u00edt\u00e9sek \u00f6sszeszerel\u00e9s\u00e9nek automatiz\u00e1l\u00e1sa a KACO-n\u00e1l t\u00f6bb mint 30\",\"breadcrumb\":{\"@id\":\"https:\\\/\\\/kaco.de\\\/kompetenzen\\\/produktion\\\/montage\\\/#breadcrumb\"},\"inLanguage\":\"hu\",\"potentialAction\":[{\"@type\":\"ReadAction\",\"target\":[\"https:\\\/\\\/kaco.de\\\/kompetenzen\\\/produktion\\\/montage\\\/\"]}]},{\"@type\":\"ImageObject\",\"inLanguage\":\"hu\",\"@id\":\"https:\\\/\\\/kaco.de\\\/kompetenzen\\\/produktion\\\/montage\\\/#primaryimage\",\"url\":\"https:\\\/\\\/kaco.de\\\/wp-content\\\/uploads\\\/kompetenzen-montage-kaco-2@2x.jpg\",\"contentUrl\":\"https:\\\/\\\/kaco.de\\\/wp-content\\\/uploads\\\/kompetenzen-montage-kaco-2@2x.jpg\"},{\"@type\":\"BreadcrumbList\",\"@id\":\"https:\\\/\\\/kaco.de\\\/kompetenzen\\\/produktion\\\/montage\\\/#breadcrumb\",\"itemListElement\":[{\"@type\":\"ListItem\",\"position\":1,\"name\":\"Home\",\"item\":\"https:\\\/\\\/kaco.de\\\/hu\\\/ungarisch-startseite-test\\\/\"},{\"@type\":\"ListItem\",\"position\":2,\"name\":\"Kompetenci\u00e1k\",\"item\":\"https:\\\/\\\/kaco.de\\\/hu\\\/kompetenciak\\\/\"},{\"@type\":\"ListItem\",\"position\":3,\"name\":\"Termel\u00e9s\",\"item\":\"https:\\\/\\\/kaco.de\\\/kompetenzen\\\/produktion\\\/\"},{\"@type\":\"ListItem\",\"position\":4,\"name\":\"\u00d6sszeszerel\u00e9s\"}]},{\"@type\":\"WebSite\",\"@id\":\"https:\\\/\\\/kaco.de\\\/#website\",\"url\":\"https:\\\/\\\/kaco.de\\\/\",\"name\":\"KACO - Der Experte f\u00fcr Dichtungssysteme\",\"description\":\"Seien Sie mit unseren hochpr\u00e4zisen und anwendungsorientierten Dichtungsl\u00f6sungen bestens f\u00fcr die Automobil- und Maschinenbauindustrie ger\u00fcstet.\",\"publisher\":{\"@id\":\"https:\\\/\\\/kaco.de\\\/#organization\"},\"potentialAction\":[{\"@type\":\"SearchAction\",\"target\":{\"@type\":\"EntryPoint\",\"urlTemplate\":\"https:\\\/\\\/kaco.de\\\/?s={search_term_string}\"},\"query-input\":{\"@type\":\"PropertyValueSpecification\",\"valueRequired\":true,\"valueName\":\"search_term_string\"}}],\"inLanguage\":\"hu\"},{\"@type\":\"Organization\",\"@id\":\"https:\\\/\\\/kaco.de\\\/#organization\",\"name\":\"KACO - Der Experte f\u00fcr Dichtungssysteme\",\"url\":\"https:\\\/\\\/kaco.de\\\/\",\"logo\":{\"@type\":\"ImageObject\",\"inLanguage\":\"hu\",\"@id\":\"https:\\\/\\\/kaco.de\\\/#\\\/schema\\\/logo\\\/image\\\/\",\"url\":\"https:\\\/\\\/kaco.de\\\/wp-content\\\/uploads\\\/cropped-logo1.png\",\"contentUrl\":\"https:\\\/\\\/kaco.de\\\/wp-content\\\/uploads\\\/cropped-logo1.png\",\"width\":851,\"height\":254,\"caption\":\"KACO - Der Experte f\u00fcr Dichtungssysteme\"},\"image\":{\"@id\":\"https:\\\/\\\/kaco.de\\\/#\\\/schema\\\/logo\\\/image\\\/\"}}]}<\/script>\n<!-- \/ Yoast SEO plugin. -->","yoast_head_json":{"title":"\u00d6sszeszerel\u00e9s - KACO - Der Experte f\u00fcr Dichtungssysteme","description":"\u00d6sszeszerel\u00e9s Magasabb fok\u00fa \u00e9rt\u00e9kalkot\u00e1s az el\u0151szerel\u00e9snek k\u00f6sz\u00f6nhet\u0151en A cs\u00fasz\u00f3gy\u0171r\u0171s t\u00f6m\u00edt\u00e9sek \u00f6sszeszerel\u00e9s\u00e9nek automatiz\u00e1l\u00e1sa a KACO-n\u00e1l t\u00f6bb mint 30","robots":{"index":"index","follow":"follow","max-snippet":"max-snippet:-1","max-image-preview":"max-image-preview:large","max-video-preview":"max-video-preview:-1"},"canonical":"https:\/\/kaco.de\/kompetenzen\/produktion\/montage\/","og_locale":"hu_HU","og_type":"article","og_title":"\u00d6sszeszerel\u00e9s - KACO - Der Experte f\u00fcr Dichtungssysteme","og_description":"\u00d6sszeszerel\u00e9s Magasabb fok\u00fa \u00e9rt\u00e9kalkot\u00e1s az el\u0151szerel\u00e9snek k\u00f6sz\u00f6nhet\u0151en A cs\u00fasz\u00f3gy\u0171r\u0171s t\u00f6m\u00edt\u00e9sek \u00f6sszeszerel\u00e9s\u00e9nek automatiz\u00e1l\u00e1sa a KACO-n\u00e1l t\u00f6bb mint 30","og_url":"https:\/\/kaco.de\/kompetenzen\/produktion\/montage\/","og_site_name":"KACO - Der Experte f\u00fcr Dichtungssysteme","article_modified_time":"2022-03-25T11:18:14+00:00","og_image":[{"url":"https:\/\/kaco.de\/wp-content\/uploads\/kompetenzen-montage-kaco-2@2x.jpg","type":"","width":"","height":""}],"twitter_card":"summary_large_image","twitter_misc":{"Becs\u00fclt olvas\u00e1si id\u0151":"2 perc"},"schema":{"@context":"https:\/\/schema.org","@graph":[{"@type":"WebPage","@id":"https:\/\/kaco.de\/kompetenzen\/produktion\/montage\/","url":"https:\/\/kaco.de\/kompetenzen\/produktion\/montage\/","name":"\u00d6sszeszerel\u00e9s - KACO - Der Experte f\u00fcr Dichtungssysteme","isPartOf":{"@id":"https:\/\/kaco.de\/#website"},"primaryImageOfPage":{"@id":"https:\/\/kaco.de\/kompetenzen\/produktion\/montage\/#primaryimage"},"image":{"@id":"https:\/\/kaco.de\/kompetenzen\/produktion\/montage\/#primaryimage"},"thumbnailUrl":"https:\/\/kaco.de\/wp-content\/uploads\/kompetenzen-montage-kaco-2@2x.jpg","datePublished":"2022-01-14T19:09:00+00:00","dateModified":"2022-03-25T11:18:14+00:00","description":"\u00d6sszeszerel\u00e9s Magasabb fok\u00fa \u00e9rt\u00e9kalkot\u00e1s az el\u0151szerel\u00e9snek k\u00f6sz\u00f6nhet\u0151en A cs\u00fasz\u00f3gy\u0171r\u0171s t\u00f6m\u00edt\u00e9sek \u00f6sszeszerel\u00e9s\u00e9nek automatiz\u00e1l\u00e1sa a KACO-n\u00e1l t\u00f6bb mint 30","breadcrumb":{"@id":"https:\/\/kaco.de\/kompetenzen\/produktion\/montage\/#breadcrumb"},"inLanguage":"hu","potentialAction":[{"@type":"ReadAction","target":["https:\/\/kaco.de\/kompetenzen\/produktion\/montage\/"]}]},{"@type":"ImageObject","inLanguage":"hu","@id":"https:\/\/kaco.de\/kompetenzen\/produktion\/montage\/#primaryimage","url":"https:\/\/kaco.de\/wp-content\/uploads\/kompetenzen-montage-kaco-2@2x.jpg","contentUrl":"https:\/\/kaco.de\/wp-content\/uploads\/kompetenzen-montage-kaco-2@2x.jpg"},{"@type":"BreadcrumbList","@id":"https:\/\/kaco.de\/kompetenzen\/produktion\/montage\/#breadcrumb","itemListElement":[{"@type":"ListItem","position":1,"name":"Home","item":"https:\/\/kaco.de\/hu\/ungarisch-startseite-test\/"},{"@type":"ListItem","position":2,"name":"Kompetenci\u00e1k","item":"https:\/\/kaco.de\/hu\/kompetenciak\/"},{"@type":"ListItem","position":3,"name":"Termel\u00e9s","item":"https:\/\/kaco.de\/kompetenzen\/produktion\/"},{"@type":"ListItem","position":4,"name":"\u00d6sszeszerel\u00e9s"}]},{"@type":"WebSite","@id":"https:\/\/kaco.de\/#website","url":"https:\/\/kaco.de\/","name":"KACO - Der Experte f\u00fcr Dichtungssysteme","description":"Seien Sie mit unseren hochpr\u00e4zisen und anwendungsorientierten Dichtungsl\u00f6sungen bestens f\u00fcr die Automobil- und Maschinenbauindustrie ger\u00fcstet.","publisher":{"@id":"https:\/\/kaco.de\/#organization"},"potentialAction":[{"@type":"SearchAction","target":{"@type":"EntryPoint","urlTemplate":"https:\/\/kaco.de\/?s={search_term_string}"},"query-input":{"@type":"PropertyValueSpecification","valueRequired":true,"valueName":"search_term_string"}}],"inLanguage":"hu"},{"@type":"Organization","@id":"https:\/\/kaco.de\/#organization","name":"KACO - Der Experte f\u00fcr Dichtungssysteme","url":"https:\/\/kaco.de\/","logo":{"@type":"ImageObject","inLanguage":"hu","@id":"https:\/\/kaco.de\/#\/schema\/logo\/image\/","url":"https:\/\/kaco.de\/wp-content\/uploads\/cropped-logo1.png","contentUrl":"https:\/\/kaco.de\/wp-content\/uploads\/cropped-logo1.png","width":851,"height":254,"caption":"KACO - Der Experte f\u00fcr Dichtungssysteme"},"image":{"@id":"https:\/\/kaco.de\/#\/schema\/logo\/image\/"}}]}},"_links":{"self":[{"href":"https:\/\/kaco.de\/hu\/wp-json\/wp\/v2\/pages\/13423","targetHints":{"allow":["GET"]}}],"collection":[{"href":"https:\/\/kaco.de\/hu\/wp-json\/wp\/v2\/pages"}],"about":[{"href":"https:\/\/kaco.de\/hu\/wp-json\/wp\/v2\/types\/page"}],"author":[{"embeddable":true,"href":"https:\/\/kaco.de\/hu\/wp-json\/wp\/v2\/users\/3"}],"replies":[{"embeddable":true,"href":"https:\/\/kaco.de\/hu\/wp-json\/wp\/v2\/comments?post=13423"}],"version-history":[{"count":0,"href":"https:\/\/kaco.de\/hu\/wp-json\/wp\/v2\/pages\/13423\/revisions"}],"up":[{"embeddable":true,"href":"https:\/\/kaco.de\/hu\/wp-json\/wp\/v2\/pages\/13405"}],"wp:attachment":[{"href":"https:\/\/kaco.de\/hu\/wp-json\/wp\/v2\/media?parent=13423"}],"curies":[{"name":"wp","href":"https:\/\/api.w.org\/{rel}","templated":true}]}}