{"id":13428,"date":"2022-01-14T20:10:28","date_gmt":"2022-01-14T19:10:28","guid":{"rendered":"https:\/\/kaco21.neckarfreunde.net\/?page_id=13428"},"modified":"2022-03-25T12:18:10","modified_gmt":"2022-03-25T11:18:10","slug":"foszfatozas-feluleti-technologia","status":"publish","type":"page","link":"https:\/\/kaco.de\/hu\/kompetenciak\/termeles\/foszfatozas-feluleti-technologia\/","title":{"rendered":"Foszf\u00e1toz\u00e1s\/fel\u00fclettechnol\u00f3gia"},"content":{"rendered":"\t\t<div data-elementor-type=\"wp-page\" data-elementor-id=\"13428\" class=\"elementor elementor-13428 elementor-3320\" data-elementor-post-type=\"page\">\n\t\t\t\t\t\t<section class=\"elementor-section elementor-top-section elementor-element elementor-element-e1e48df elementor-section-full_width elementor-section-stretched elementor-section-height-default elementor-section-height-default\" data-id=\"e1e48df\" data-element_type=\"section\" data-settings=\"{&quot;stretch_section&quot;:&quot;section-stretched&quot;}\">\n\t\t\t\t\t\t<div class=\"elementor-container elementor-column-gap-default\">\n\t\t\t\t\t<div class=\"elementor-column elementor-col-100 elementor-top-column elementor-element elementor-element-901914d\" data-id=\"901914d\" data-element_type=\"column\">\n\t\t\t<div class=\"elementor-widget-wrap elementor-element-populated\">\n\t\t\t\t\t\t<div class=\"elementor-element elementor-element-afa29d7 elementor-widget elementor-widget-image\" data-id=\"afa29d7\" data-element_type=\"widget\" data-widget_type=\"image.default\">\n\t\t\t\t<div class=\"elementor-widget-container\">\n\t\t\t\t\t\t\t\t\t\t\t\t\t\t\t<img fetchpriority=\"high\" decoding=\"async\" width=\"1900\" height=\"600\" src=\"https:\/\/kaco.de\/wp-content\/uploads\/kompetenzen-phosphatierung-kaco@2x.jpeg\" class=\"attachment-full size-full wp-image-9212\" alt=\"Kompetenzen Phosphatierung Kaco\" \/>\t\t\t\t\t\t\t\t\t\t\t\t\t\t\t<\/div>\n\t\t\t\t<\/div>\n\t\t\t\t\t<\/div>\n\t\t<\/div>\n\t\t\t\t\t<\/div>\n\t\t<\/section>\n\t\t\t\t<section class=\"elementor-section elementor-top-section elementor-element elementor-element-1f2c6a5 elementor-section-content-bottom elementor-section-stretched pageheader elementor-section-boxed elementor-section-height-default elementor-section-height-default\" data-id=\"1f2c6a5\" data-element_type=\"section\" data-settings=\"{&quot;background_background&quot;:&quot;classic&quot;,&quot;stretch_section&quot;:&quot;section-stretched&quot;}\">\n\t\t\t\t\t\t<div class=\"elementor-container elementor-column-gap-default\">\n\t\t\t\t\t<div class=\"elementor-column elementor-col-50 elementor-top-column elementor-element elementor-element-5bb9139 pageheader-row-left\" data-id=\"5bb9139\" data-element_type=\"column\" data-settings=\"{&quot;background_background&quot;:&quot;classic&quot;}\">\n\t\t\t<div class=\"elementor-widget-wrap elementor-element-populated\">\n\t\t\t\t\t\t<div class=\"elementor-element elementor-element-8b726eb elementor-widget elementor-widget-heading\" data-id=\"8b726eb\" data-element_type=\"widget\" data-widget_type=\"heading.default\">\n\t\t\t\t<div class=\"elementor-widget-container\">\n\t\t\t\t\t<span class=\"elementor-heading-title elementor-size-default\">Foszf\u00e1toz\u00e1s\/fel\u00fclettechnol\u00f3gia<\/span>\t\t\t\t<\/div>\n\t\t\t\t<\/div>\n\t\t\t\t<div class=\"elementor-element elementor-element-40e22b0 elementor-widget elementor-widget-heading\" data-id=\"40e22b0\" data-element_type=\"widget\" data-widget_type=\"heading.default\">\n\t\t\t\t<div class=\"elementor-widget-container\">\n\t\t\t\t\t<h1 class=\"elementor-heading-title elementor-size-default\">Fel\u00fcletkezel\u00e9si kompetencia <\/h1>\t\t\t\t<\/div>\n\t\t\t\t<\/div>\n\t\t\t\t\t<\/div>\n\t\t<\/div>\n\t\t\t\t<div class=\"elementor-column elementor-col-50 elementor-top-column elementor-element elementor-element-5bd8911\" data-id=\"5bd8911\" data-element_type=\"column\">\n\t\t\t<div class=\"elementor-widget-wrap\">\n\t\t\t\t\t\t\t<\/div>\n\t\t<\/div>\n\t\t\t\t\t<\/div>\n\t\t<\/section>\n\t\t\t\t<section class=\"elementor-section elementor-top-section elementor-element elementor-element-abb9cac elementor-section-boxed elementor-section-height-default elementor-section-height-default\" data-id=\"abb9cac\" data-element_type=\"section\">\n\t\t\t\t\t\t<div class=\"elementor-container elementor-column-gap-default\">\n\t\t\t\t\t<div class=\"elementor-column elementor-col-50 elementor-top-column elementor-element elementor-element-575b458\" data-id=\"575b458\" data-element_type=\"column\">\n\t\t\t<div class=\"elementor-widget-wrap elementor-element-populated\">\n\t\t\t\t\t\t<div class=\"elementor-element elementor-element-731113d elementor-widget elementor-widget-text-editor\" data-id=\"731113d\" data-element_type=\"widget\" data-widget_type=\"text-editor.default\">\n\t\t\t\t<div class=\"elementor-widget-container\">\n\t\t\t\t\t\t\t\t\t<p>A partnerekkel fenn\u00e1ll\u00f3 szoros egy\u00fcttm\u0171k\u00f6d\u00e9snek k\u00f6sz\u00f6nhet\u0151en a KACO olyan tiszt\u00e1n m\u0171k\u00f6d\u0151 foszf\u00e1toz\u00e1si elj\u00e1r\u00e1st k\u00edn\u00e1l, amelynek sor\u00e1n a f\u00e9m alkatr\u00e9szre egy j\u00f3l kialak\u00edtott foszf\u00e1tr\u00e9teg ker\u00fcl.<\/p>\t\t\t\t\t\t\t\t<\/div>\n\t\t\t\t<\/div>\n\t\t\t\t<div class=\"elementor-element elementor-element-4622af3 elementor-widget elementor-widget-text-editor\" data-id=\"4622af3\" data-element_type=\"widget\" data-widget_type=\"text-editor.default\">\n\t\t\t\t<div class=\"elementor-widget-container\">\n\t\t\t\t\t\t\t\t\t<p>Ez lehet\u0151v\u00e9 teszi elj\u00e1r\u00e1sok kifejleszt\u00e9s\u00e9t kiemelked\u0151 tulajdons\u00e1gokhoz:<\/p><ul><li>Minim\u00e1lis s\u00farl\u00f3d\u00e1s\/optim\u00e1lis hiszter\u00e9zis<\/li><li>Optimaliz\u00e1lt tapad\u00e1s \u2192 tapad\u00f3r\u00e9teg k\u00f6t\u0151anyagokhoz<\/li><li>Korr\u00f3zi\u00f3v\u00e9delem<\/li><li>Minden felhaszn\u00e1lhat\u00f3 \u00f6tv\u00f6zettel<\/li><li>K\u00f6t\u0151anyag gumi-f\u00e9m k\u00f6t\u00e9shez<\/li><\/ul>\t\t\t\t\t\t\t\t<\/div>\n\t\t\t\t<\/div>\n\t\t\t\t<div class=\"elementor-element elementor-element-bf78d77 elementor-widget elementor-widget-text-editor\" data-id=\"bf78d77\" data-element_type=\"widget\" data-widget_type=\"text-editor.default\">\n\t\t\t\t<div class=\"elementor-widget-container\">\n\t\t\t\t\t\t\t\t\t<p>A fel\u00fclettechnol\u00f3gia ter\u00e9n megl\u00e9v\u0151 ismereteinknek k\u00f6sz\u00f6nhet\u0151en sz\u00e1mos technol\u00f3gi\u00e1val rendelkez\u00fcnk a fel\u00fcleti tulajdons\u00e1gok megv\u00e1ltoztat\u00e1s\u00e1ra. Ez seg\u00edts\u00e9g\u00fcnkre van sokoldal\u00fa term\u00e9kportf\u00f3li\u00f3nk kialak\u00edt\u00e1s\u00e1ban, \u00e9s hozz\u00e1j\u00e1rul magas szint\u0171 min\u0151s\u00e9gi v\u00e1llal\u00e1saink teljes\u00edt\u00e9s\u00e9hez.<\/p>\t\t\t\t\t\t\t\t<\/div>\n\t\t\t\t<\/div>\n\t\t\t\t<div class=\"elementor-element elementor-element-be124d8 elementor-widget elementor-widget-text-editor\" data-id=\"be124d8\" data-element_type=\"widget\" data-widget_type=\"text-editor.default\">\n\t\t\t\t<div class=\"elementor-widget-container\">\n\t\t\t\t\t\t\t\t\t<p>A KACO t\u00f6m\u00edt\u00e9si rendszereinek t\u00falnyom\u00f3 t\u00f6bbs\u00e9g\u00e9n\u00e9l a nagyteljes\u00edtm\u00e9ny\u0171 elasztomereket szil\u00e1rdan hozz\u00e1 kell k\u00f6tni a hordoz\u00f3anyagokhoz. Ez \u00e1ltal\u00e1ban vulkaniz\u00e1l\u00e1ssal t\u00f6rt\u00e9nik a gy\u00e1rt\u00e1si folyamat sor\u00e1n. Az ehhez sz\u00fcks\u00e9ges fel\u00fclettechnol\u00f3gi\u00e1t a hordoz\u00f3anyagok eset\u00e9n, valamint a sz\u00fcks\u00e9ges ragaszt\u00f3rendszereket szint\u00e9n a KACO-n\u00e1l fejlesztj\u00fck, illetve v\u00e1lasztjuk ki. Hordoz\u00f3anyag lehet az ac\u00e9l, a nemesac\u00e9l, az alum\u00ednium, a Galfan fel\u00fcletek \u00e9s a s\u00e1rgar\u00e9z. Ezenk\u00edv\u00fcl m\u0171anyagokkal (PA, PPA, PPS stb.) val\u00f3 anyagkombin\u00e1ci\u00f3k is sz\u00f3ba j\u00f6hetnek.<\/p>\t\t\t\t\t\t\t\t<\/div>\n\t\t\t\t<\/div>\n\t\t\t\t\t<\/div>\n\t\t<\/div>\n\t\t\t\t<div class=\"elementor-column elementor-col-50 elementor-top-column elementor-element elementor-element-de697be\" data-id=\"de697be\" data-element_type=\"column\">\n\t\t\t<div class=\"elementor-widget-wrap\">\n\t\t\t\t\t\t\t<\/div>\n\t\t<\/div>\n\t\t\t\t\t<\/div>\n\t\t<\/section>\n\t\t\t\t<\/div>\n\t\t","protected":false},"excerpt":{"rendered":"<p>Foszf\u00e1toz\u00e1s\/fel\u00fclettechnol\u00f3gia Fel\u00fcletkezel\u00e9si kompetencia A partnerekkel fenn\u00e1ll\u00f3 szoros egy\u00fcttm\u0171k\u00f6d\u00e9snek k\u00f6sz\u00f6nhet\u0151en a KACO olyan tiszt\u00e1n m\u0171k\u00f6d\u0151 foszf\u00e1toz\u00e1si elj\u00e1r\u00e1st k\u00edn\u00e1l, amelynek sor\u00e1n a f\u00e9m alkatr\u00e9szre egy j\u00f3l kialak\u00edtott foszf\u00e1tr\u00e9teg ker\u00fcl. Ez lehet\u0151v\u00e9 teszi elj\u00e1r\u00e1sok kifejleszt\u00e9s\u00e9t kiemelked\u0151 tulajdons\u00e1gokhoz: Minim\u00e1lis s\u00farl\u00f3d\u00e1s\/optim\u00e1lis hiszter\u00e9zis Optimaliz\u00e1lt tapad\u00e1s \u2192 tapad\u00f3r\u00e9teg k\u00f6t\u0151anyagokhoz Korr\u00f3zi\u00f3v\u00e9delem Minden felhaszn\u00e1lhat\u00f3 \u00f6tv\u00f6zettel K\u00f6t\u0151anyag gumi-f\u00e9m k\u00f6t\u00e9shez A fel\u00fclettechnol\u00f3gia ter\u00e9n megl\u00e9v\u0151 ismereteinknek k\u00f6sz\u00f6nhet\u0151en [&hellip;]<\/p>\n","protected":false},"author":3,"featured_media":0,"parent":13405,"menu_order":0,"comment_status":"closed","ping_status":"closed","template":"","meta":{"_acf_changed":false,"site-sidebar-layout":"no-sidebar","site-content-layout":"page-builder","ast-site-content-layout":"default","site-content-style":"default","site-sidebar-style":"default","ast-global-header-display":"","ast-banner-title-visibility":"","ast-main-header-display":"","ast-hfb-above-header-display":"","ast-hfb-below-header-display":"","ast-hfb-mobile-header-display":"","site-post-title":"disabled","ast-breadcrumbs-content":"","ast-featured-img":"disabled","footer-sml-layout":"","ast-disable-related-posts":"","theme-transparent-header-meta":"","adv-header-id-meta":"","stick-header-meta":"","header-above-stick-meta":"","header-main-stick-meta":"","header-below-stick-meta":"","astra-migrate-meta-layouts":"default","ast-page-background-enabled":"default","ast-page-background-meta":{"desktop":{"background-color":"var(--ast-global-color-4)","background-image":"","background-repeat":"repeat","background-position":"center center","background-size":"auto","background-attachment":"scroll","background-type":"","background-media":"","overlay-type":"","overlay-color":"","overlay-opacity":"","overlay-gradient":""},"tablet":{"background-color":"","background-image":"","background-repeat":"repeat","background-position":"center center","background-size":"auto","background-attachment":"scroll","background-type":"","background-media":"","overlay-type":"","overlay-color":"","overlay-opacity":"","overlay-gradient":""},"mobile":{"background-color":"","background-image":"","background-repeat":"repeat","background-position":"center center","background-size":"auto","background-attachment":"scroll","background-type":"","background-media":"","overlay-type":"","overlay-color":"","overlay-opacity":"","overlay-gradient":""}},"ast-content-background-meta":{"desktop":{"background-color":"var(--ast-global-color-5)","background-image":"","background-repeat":"repeat","background-position":"center center","background-size":"auto","background-attachment":"scroll","background-type":"","background-media":"","overlay-type":"","overlay-color":"","overlay-opacity":"","overlay-gradient":""},"tablet":{"background-color":"var(--ast-global-color-5)","background-image":"","background-repeat":"repeat","background-position":"center center","background-size":"auto","background-attachment":"scroll","background-type":"","background-media":"","overlay-type":"","overlay-color":"","overlay-opacity":"","overlay-gradient":""},"mobile":{"background-color":"var(--ast-global-color-5)","background-image":"","background-repeat":"repeat","background-position":"center center","background-size":"auto","background-attachment":"scroll","background-type":"","background-media":"","overlay-type":"","overlay-color":"","overlay-opacity":"","overlay-gradient":""}},"footnotes":""},"class_list":["post-13428","page","type-page","status-publish","hentry"],"acf":[],"yoast_head":"<!-- This site is optimized with the Yoast SEO plugin v27.3 - https:\/\/yoast.com\/product\/yoast-seo-wordpress\/ -->\n<title>Foszf\u00e1toz\u00e1s\/fel\u00fclettechnol\u00f3gia - KACO - Der Experte f\u00fcr Dichtungssysteme<\/title>\n<meta name=\"description\" content=\"Foszf\u00e1toz\u00e1s\/fel\u00fclettechnol\u00f3gia Fel\u00fcletkezel\u00e9si kompetencia A partnerekkel fenn\u00e1ll\u00f3 szoros egy\u00fcttm\u0171k\u00f6d\u00e9snek k\u00f6sz\u00f6nhet\u0151en a KACO olyan tiszt\u00e1n m\u0171k\u00f6d\u0151\" \/>\n<meta name=\"robots\" content=\"index, follow, max-snippet:-1, max-image-preview:large, max-video-preview:-1\" \/>\n<link rel=\"canonical\" href=\"https:\/\/kaco.de\/kompetenzen\/produktion\/phosphatierung-oberflaechentechnik\/\" \/>\n<meta property=\"og:locale\" content=\"hu_HU\" \/>\n<meta property=\"og:type\" content=\"article\" \/>\n<meta property=\"og:title\" content=\"Foszf\u00e1toz\u00e1s\/fel\u00fclettechnol\u00f3gia - KACO - Der Experte f\u00fcr Dichtungssysteme\" \/>\n<meta property=\"og:description\" content=\"Foszf\u00e1toz\u00e1s\/fel\u00fclettechnol\u00f3gia Fel\u00fcletkezel\u00e9si kompetencia A partnerekkel fenn\u00e1ll\u00f3 szoros egy\u00fcttm\u0171k\u00f6d\u00e9snek k\u00f6sz\u00f6nhet\u0151en a KACO olyan tiszt\u00e1n m\u0171k\u00f6d\u0151\" \/>\n<meta property=\"og:url\" content=\"https:\/\/kaco.de\/kompetenzen\/produktion\/phosphatierung-oberflaechentechnik\/\" \/>\n<meta property=\"og:site_name\" content=\"KACO - Der Experte f\u00fcr Dichtungssysteme\" \/>\n<meta property=\"article:modified_time\" content=\"2022-03-25T11:18:10+00:00\" \/>\n<meta property=\"og:image\" content=\"https:\/\/kaco.de\/wp-content\/uploads\/kompetenzen-phosphatierung-kaco@2x.jpeg\" \/>\n<meta name=\"twitter:card\" content=\"summary_large_image\" \/>\n<meta name=\"twitter:label1\" content=\"Becs\u00fclt olvas\u00e1si id\u0151\" \/>\n\t<meta name=\"twitter:data1\" content=\"1 perc\" \/>\n<script type=\"application\/ld+json\" class=\"yoast-schema-graph\">{\"@context\":\"https:\\\/\\\/schema.org\",\"@graph\":[{\"@type\":\"WebPage\",\"@id\":\"https:\\\/\\\/kaco.de\\\/kompetenzen\\\/produktion\\\/phosphatierung-oberflaechentechnik\\\/\",\"url\":\"https:\\\/\\\/kaco.de\\\/kompetenzen\\\/produktion\\\/phosphatierung-oberflaechentechnik\\\/\",\"name\":\"Foszf\u00e1toz\u00e1s\\\/fel\u00fclettechnol\u00f3gia - KACO - Der Experte f\u00fcr Dichtungssysteme\",\"isPartOf\":{\"@id\":\"https:\\\/\\\/kaco.de\\\/#website\"},\"primaryImageOfPage\":{\"@id\":\"https:\\\/\\\/kaco.de\\\/kompetenzen\\\/produktion\\\/phosphatierung-oberflaechentechnik\\\/#primaryimage\"},\"image\":{\"@id\":\"https:\\\/\\\/kaco.de\\\/kompetenzen\\\/produktion\\\/phosphatierung-oberflaechentechnik\\\/#primaryimage\"},\"thumbnailUrl\":\"https:\\\/\\\/kaco.de\\\/wp-content\\\/uploads\\\/kompetenzen-phosphatierung-kaco@2x.jpeg\",\"datePublished\":\"2022-01-14T19:10:28+00:00\",\"dateModified\":\"2022-03-25T11:18:10+00:00\",\"description\":\"Foszf\u00e1toz\u00e1s\\\/fel\u00fclettechnol\u00f3gia Fel\u00fcletkezel\u00e9si kompetencia A partnerekkel fenn\u00e1ll\u00f3 szoros egy\u00fcttm\u0171k\u00f6d\u00e9snek k\u00f6sz\u00f6nhet\u0151en a KACO olyan tiszt\u00e1n m\u0171k\u00f6d\u0151\",\"breadcrumb\":{\"@id\":\"https:\\\/\\\/kaco.de\\\/kompetenzen\\\/produktion\\\/phosphatierung-oberflaechentechnik\\\/#breadcrumb\"},\"inLanguage\":\"hu\",\"potentialAction\":[{\"@type\":\"ReadAction\",\"target\":[\"https:\\\/\\\/kaco.de\\\/kompetenzen\\\/produktion\\\/phosphatierung-oberflaechentechnik\\\/\"]}]},{\"@type\":\"ImageObject\",\"inLanguage\":\"hu\",\"@id\":\"https:\\\/\\\/kaco.de\\\/kompetenzen\\\/produktion\\\/phosphatierung-oberflaechentechnik\\\/#primaryimage\",\"url\":\"https:\\\/\\\/kaco.de\\\/wp-content\\\/uploads\\\/kompetenzen-phosphatierung-kaco@2x.jpeg\",\"contentUrl\":\"https:\\\/\\\/kaco.de\\\/wp-content\\\/uploads\\\/kompetenzen-phosphatierung-kaco@2x.jpeg\"},{\"@type\":\"BreadcrumbList\",\"@id\":\"https:\\\/\\\/kaco.de\\\/kompetenzen\\\/produktion\\\/phosphatierung-oberflaechentechnik\\\/#breadcrumb\",\"itemListElement\":[{\"@type\":\"ListItem\",\"position\":1,\"name\":\"Home\",\"item\":\"https:\\\/\\\/kaco.de\\\/hu\\\/ungarisch-startseite-test\\\/\"},{\"@type\":\"ListItem\",\"position\":2,\"name\":\"Kompetenci\u00e1k\",\"item\":\"https:\\\/\\\/kaco.de\\\/hu\\\/kompetenciak\\\/\"},{\"@type\":\"ListItem\",\"position\":3,\"name\":\"Termel\u00e9s\",\"item\":\"https:\\\/\\\/kaco.de\\\/kompetenzen\\\/produktion\\\/\"},{\"@type\":\"ListItem\",\"position\":4,\"name\":\"Foszf\u00e1toz\u00e1s\\\/fel\u00fclettechnol\u00f3gia\"}]},{\"@type\":\"WebSite\",\"@id\":\"https:\\\/\\\/kaco.de\\\/#website\",\"url\":\"https:\\\/\\\/kaco.de\\\/\",\"name\":\"KACO - Der Experte f\u00fcr Dichtungssysteme\",\"description\":\"Seien Sie mit unseren hochpr\u00e4zisen und anwendungsorientierten Dichtungsl\u00f6sungen bestens f\u00fcr die Automobil- und Maschinenbauindustrie ger\u00fcstet.\",\"publisher\":{\"@id\":\"https:\\\/\\\/kaco.de\\\/#organization\"},\"potentialAction\":[{\"@type\":\"SearchAction\",\"target\":{\"@type\":\"EntryPoint\",\"urlTemplate\":\"https:\\\/\\\/kaco.de\\\/?s={search_term_string}\"},\"query-input\":{\"@type\":\"PropertyValueSpecification\",\"valueRequired\":true,\"valueName\":\"search_term_string\"}}],\"inLanguage\":\"hu\"},{\"@type\":\"Organization\",\"@id\":\"https:\\\/\\\/kaco.de\\\/#organization\",\"name\":\"KACO - Der Experte f\u00fcr Dichtungssysteme\",\"url\":\"https:\\\/\\\/kaco.de\\\/\",\"logo\":{\"@type\":\"ImageObject\",\"inLanguage\":\"hu\",\"@id\":\"https:\\\/\\\/kaco.de\\\/#\\\/schema\\\/logo\\\/image\\\/\",\"url\":\"https:\\\/\\\/kaco.de\\\/wp-content\\\/uploads\\\/cropped-logo1.png\",\"contentUrl\":\"https:\\\/\\\/kaco.de\\\/wp-content\\\/uploads\\\/cropped-logo1.png\",\"width\":851,\"height\":254,\"caption\":\"KACO - Der Experte f\u00fcr Dichtungssysteme\"},\"image\":{\"@id\":\"https:\\\/\\\/kaco.de\\\/#\\\/schema\\\/logo\\\/image\\\/\"}}]}<\/script>\n<!-- \/ Yoast SEO plugin. -->","yoast_head_json":{"title":"Foszf\u00e1toz\u00e1s\/fel\u00fclettechnol\u00f3gia - KACO - Der Experte f\u00fcr Dichtungssysteme","description":"Foszf\u00e1toz\u00e1s\/fel\u00fclettechnol\u00f3gia Fel\u00fcletkezel\u00e9si kompetencia A partnerekkel fenn\u00e1ll\u00f3 szoros egy\u00fcttm\u0171k\u00f6d\u00e9snek k\u00f6sz\u00f6nhet\u0151en a KACO olyan tiszt\u00e1n m\u0171k\u00f6d\u0151","robots":{"index":"index","follow":"follow","max-snippet":"max-snippet:-1","max-image-preview":"max-image-preview:large","max-video-preview":"max-video-preview:-1"},"canonical":"https:\/\/kaco.de\/kompetenzen\/produktion\/phosphatierung-oberflaechentechnik\/","og_locale":"hu_HU","og_type":"article","og_title":"Foszf\u00e1toz\u00e1s\/fel\u00fclettechnol\u00f3gia - KACO - Der Experte f\u00fcr Dichtungssysteme","og_description":"Foszf\u00e1toz\u00e1s\/fel\u00fclettechnol\u00f3gia Fel\u00fcletkezel\u00e9si kompetencia A partnerekkel fenn\u00e1ll\u00f3 szoros egy\u00fcttm\u0171k\u00f6d\u00e9snek k\u00f6sz\u00f6nhet\u0151en a KACO olyan tiszt\u00e1n m\u0171k\u00f6d\u0151","og_url":"https:\/\/kaco.de\/kompetenzen\/produktion\/phosphatierung-oberflaechentechnik\/","og_site_name":"KACO - Der Experte f\u00fcr Dichtungssysteme","article_modified_time":"2022-03-25T11:18:10+00:00","og_image":[{"url":"https:\/\/kaco.de\/wp-content\/uploads\/kompetenzen-phosphatierung-kaco@2x.jpeg","type":"","width":"","height":""}],"twitter_card":"summary_large_image","twitter_misc":{"Becs\u00fclt olvas\u00e1si id\u0151":"1 perc"},"schema":{"@context":"https:\/\/schema.org","@graph":[{"@type":"WebPage","@id":"https:\/\/kaco.de\/kompetenzen\/produktion\/phosphatierung-oberflaechentechnik\/","url":"https:\/\/kaco.de\/kompetenzen\/produktion\/phosphatierung-oberflaechentechnik\/","name":"Foszf\u00e1toz\u00e1s\/fel\u00fclettechnol\u00f3gia - KACO - Der Experte f\u00fcr Dichtungssysteme","isPartOf":{"@id":"https:\/\/kaco.de\/#website"},"primaryImageOfPage":{"@id":"https:\/\/kaco.de\/kompetenzen\/produktion\/phosphatierung-oberflaechentechnik\/#primaryimage"},"image":{"@id":"https:\/\/kaco.de\/kompetenzen\/produktion\/phosphatierung-oberflaechentechnik\/#primaryimage"},"thumbnailUrl":"https:\/\/kaco.de\/wp-content\/uploads\/kompetenzen-phosphatierung-kaco@2x.jpeg","datePublished":"2022-01-14T19:10:28+00:00","dateModified":"2022-03-25T11:18:10+00:00","description":"Foszf\u00e1toz\u00e1s\/fel\u00fclettechnol\u00f3gia Fel\u00fcletkezel\u00e9si kompetencia A partnerekkel fenn\u00e1ll\u00f3 szoros egy\u00fcttm\u0171k\u00f6d\u00e9snek k\u00f6sz\u00f6nhet\u0151en a KACO olyan tiszt\u00e1n m\u0171k\u00f6d\u0151","breadcrumb":{"@id":"https:\/\/kaco.de\/kompetenzen\/produktion\/phosphatierung-oberflaechentechnik\/#breadcrumb"},"inLanguage":"hu","potentialAction":[{"@type":"ReadAction","target":["https:\/\/kaco.de\/kompetenzen\/produktion\/phosphatierung-oberflaechentechnik\/"]}]},{"@type":"ImageObject","inLanguage":"hu","@id":"https:\/\/kaco.de\/kompetenzen\/produktion\/phosphatierung-oberflaechentechnik\/#primaryimage","url":"https:\/\/kaco.de\/wp-content\/uploads\/kompetenzen-phosphatierung-kaco@2x.jpeg","contentUrl":"https:\/\/kaco.de\/wp-content\/uploads\/kompetenzen-phosphatierung-kaco@2x.jpeg"},{"@type":"BreadcrumbList","@id":"https:\/\/kaco.de\/kompetenzen\/produktion\/phosphatierung-oberflaechentechnik\/#breadcrumb","itemListElement":[{"@type":"ListItem","position":1,"name":"Home","item":"https:\/\/kaco.de\/hu\/ungarisch-startseite-test\/"},{"@type":"ListItem","position":2,"name":"Kompetenci\u00e1k","item":"https:\/\/kaco.de\/hu\/kompetenciak\/"},{"@type":"ListItem","position":3,"name":"Termel\u00e9s","item":"https:\/\/kaco.de\/kompetenzen\/produktion\/"},{"@type":"ListItem","position":4,"name":"Foszf\u00e1toz\u00e1s\/fel\u00fclettechnol\u00f3gia"}]},{"@type":"WebSite","@id":"https:\/\/kaco.de\/#website","url":"https:\/\/kaco.de\/","name":"KACO - Der Experte f\u00fcr Dichtungssysteme","description":"Seien Sie mit unseren hochpr\u00e4zisen und anwendungsorientierten Dichtungsl\u00f6sungen bestens f\u00fcr die Automobil- und Maschinenbauindustrie ger\u00fcstet.","publisher":{"@id":"https:\/\/kaco.de\/#organization"},"potentialAction":[{"@type":"SearchAction","target":{"@type":"EntryPoint","urlTemplate":"https:\/\/kaco.de\/?s={search_term_string}"},"query-input":{"@type":"PropertyValueSpecification","valueRequired":true,"valueName":"search_term_string"}}],"inLanguage":"hu"},{"@type":"Organization","@id":"https:\/\/kaco.de\/#organization","name":"KACO - Der Experte f\u00fcr Dichtungssysteme","url":"https:\/\/kaco.de\/","logo":{"@type":"ImageObject","inLanguage":"hu","@id":"https:\/\/kaco.de\/#\/schema\/logo\/image\/","url":"https:\/\/kaco.de\/wp-content\/uploads\/cropped-logo1.png","contentUrl":"https:\/\/kaco.de\/wp-content\/uploads\/cropped-logo1.png","width":851,"height":254,"caption":"KACO - Der Experte f\u00fcr Dichtungssysteme"},"image":{"@id":"https:\/\/kaco.de\/#\/schema\/logo\/image\/"}}]}},"_links":{"self":[{"href":"https:\/\/kaco.de\/hu\/wp-json\/wp\/v2\/pages\/13428","targetHints":{"allow":["GET"]}}],"collection":[{"href":"https:\/\/kaco.de\/hu\/wp-json\/wp\/v2\/pages"}],"about":[{"href":"https:\/\/kaco.de\/hu\/wp-json\/wp\/v2\/types\/page"}],"author":[{"embeddable":true,"href":"https:\/\/kaco.de\/hu\/wp-json\/wp\/v2\/users\/3"}],"replies":[{"embeddable":true,"href":"https:\/\/kaco.de\/hu\/wp-json\/wp\/v2\/comments?post=13428"}],"version-history":[{"count":0,"href":"https:\/\/kaco.de\/hu\/wp-json\/wp\/v2\/pages\/13428\/revisions"}],"up":[{"embeddable":true,"href":"https:\/\/kaco.de\/hu\/wp-json\/wp\/v2\/pages\/13405"}],"wp:attachment":[{"href":"https:\/\/kaco.de\/hu\/wp-json\/wp\/v2\/media?parent=13428"}],"curies":[{"name":"wp","href":"https:\/\/api.w.org\/{rel}","templated":true}]}}