{"id":13438,"date":"2022-01-14T20:35:03","date_gmt":"2022-01-14T19:35:03","guid":{"rendered":"https:\/\/kaco21.neckarfreunde.net\/?page_id=13438"},"modified":"2022-01-25T09:31:15","modified_gmt":"2022-01-25T08:31:15","slug":"ptfe-gyartasa","status":"publish","type":"page","link":"https:\/\/kaco.de\/hu\/kompetenciak\/termeles\/ptfe-gyartasa\/","title":{"rendered":"PTFE gy\u00e1rt\u00e1s"},"content":{"rendered":"\t\t<div data-elementor-type=\"wp-page\" data-elementor-id=\"13438\" class=\"elementor elementor-13438 elementor-3421\" data-elementor-post-type=\"page\">\n\t\t\t\t\t\t<section class=\"elementor-section elementor-top-section elementor-element elementor-element-2764512 elementor-section-full_width elementor-section-stretched elementor-section-height-default elementor-section-height-default\" data-id=\"2764512\" data-element_type=\"section\" data-settings=\"{&quot;stretch_section&quot;:&quot;section-stretched&quot;}\">\n\t\t\t\t\t\t<div class=\"elementor-container elementor-column-gap-default\">\n\t\t\t\t\t<div class=\"elementor-column elementor-col-100 elementor-top-column elementor-element elementor-element-c3f6f9e\" data-id=\"c3f6f9e\" data-element_type=\"column\">\n\t\t\t<div class=\"elementor-widget-wrap elementor-element-populated\">\n\t\t\t\t\t\t<div class=\"elementor-element elementor-element-0f7c4f1 elementor-widget elementor-widget-image\" data-id=\"0f7c4f1\" data-element_type=\"widget\" data-widget_type=\"image.default\">\n\t\t\t\t<div class=\"elementor-widget-container\">\n\t\t\t\t\t\t\t\t\t\t\t\t\t\t\t<img fetchpriority=\"high\" decoding=\"async\" width=\"1024\" height=\"323\" src=\"https:\/\/kaco.de\/wp-content\/uploads\/kompetenzen-ptfe-kaco-1024x323.png\" class=\"attachment-large size-large wp-image-7595\" alt=\"Kompetenzen PTFE Kaco\" srcset=\"https:\/\/kaco.de\/wp-content\/uploads\/kompetenzen-ptfe-kaco-1024x323.png 1024w, https:\/\/kaco.de\/wp-content\/uploads\/kompetenzen-ptfe-kaco-300x95.png 300w, https:\/\/kaco.de\/wp-content\/uploads\/kompetenzen-ptfe-kaco-768x243.png 768w, https:\/\/kaco.de\/wp-content\/uploads\/kompetenzen-ptfe-kaco-1536x485.png 1536w, https:\/\/kaco.de\/wp-content\/uploads\/kompetenzen-ptfe-kaco.png 1900w\" sizes=\"(max-width: 1024px) 100vw, 1024px\" \/>\t\t\t\t\t\t\t\t\t\t\t\t\t\t\t<\/div>\n\t\t\t\t<\/div>\n\t\t\t\t\t<\/div>\n\t\t<\/div>\n\t\t\t\t\t<\/div>\n\t\t<\/section>\n\t\t\t\t<section class=\"elementor-section elementor-top-section elementor-element elementor-element-9889a53 elementor-section-content-bottom elementor-section-stretched pageheader elementor-section-boxed elementor-section-height-default elementor-section-height-default\" data-id=\"9889a53\" data-element_type=\"section\" data-settings=\"{&quot;background_background&quot;:&quot;classic&quot;,&quot;stretch_section&quot;:&quot;section-stretched&quot;}\">\n\t\t\t\t\t\t<div class=\"elementor-container elementor-column-gap-default\">\n\t\t\t\t\t<div class=\"elementor-column elementor-col-50 elementor-top-column elementor-element elementor-element-8a3692b pageheader-row-left\" data-id=\"8a3692b\" data-element_type=\"column\" data-settings=\"{&quot;background_background&quot;:&quot;classic&quot;}\">\n\t\t\t<div class=\"elementor-widget-wrap elementor-element-populated\">\n\t\t\t\t\t\t<div class=\"elementor-element elementor-element-9003954 elementor-widget elementor-widget-heading\" data-id=\"9003954\" data-element_type=\"widget\" data-widget_type=\"heading.default\">\n\t\t\t\t<div class=\"elementor-widget-container\">\n\t\t\t\t\t<span class=\"elementor-heading-title elementor-size-default\">PTFE-gy\u00e1rt\u00e1s<\/span>\t\t\t\t<\/div>\n\t\t\t\t<\/div>\n\t\t\t\t<div class=\"elementor-element elementor-element-cb9748a elementor-widget elementor-widget-heading\" data-id=\"cb9748a\" data-element_type=\"widget\" data-widget_type=\"heading.default\">\n\t\t\t\t<div class=\"elementor-widget-container\">\n\t\t\t\t\t<h1 class=\"elementor-heading-title elementor-size-default\">PTFE lemezek <br>made by KACO<\/h1>\t\t\t\t<\/div>\n\t\t\t\t<\/div>\n\t\t\t\t\t<\/div>\n\t\t<\/div>\n\t\t\t\t<div class=\"elementor-column elementor-col-50 elementor-top-column elementor-element elementor-element-dbafe59\" data-id=\"dbafe59\" data-element_type=\"column\">\n\t\t\t<div class=\"elementor-widget-wrap\">\n\t\t\t\t\t\t\t<\/div>\n\t\t<\/div>\n\t\t\t\t\t<\/div>\n\t\t<\/section>\n\t\t\t\t<section class=\"elementor-section elementor-top-section elementor-element elementor-element-67db441 elementor-section-boxed elementor-section-height-default elementor-section-height-default\" data-id=\"67db441\" data-element_type=\"section\">\n\t\t\t\t\t\t<div class=\"elementor-container elementor-column-gap-default\">\n\t\t\t\t\t<div class=\"elementor-column elementor-col-50 elementor-top-column elementor-element elementor-element-915457a\" data-id=\"915457a\" data-element_type=\"column\">\n\t\t\t<div class=\"elementor-widget-wrap elementor-element-populated\">\n\t\t\t\t\t\t<div class=\"elementor-element elementor-element-64d06c5 elementor-widget elementor-widget-text-editor\" data-id=\"64d06c5\" data-element_type=\"widget\" data-widget_type=\"text-editor.default\">\n\t\t\t\t<div class=\"elementor-widget-container\">\n\t\t\t\t\t\t\t\t\t<p class=\"MsoNormal\" style=\"mso-margin-top-alt: auto; mso-margin-bottom-alt: auto;\">PTFE lemezeket szinte mindenhol haszn\u00e1lnak, ahol dinamikus t\u00f6m\u00edt\u0151rendszerekre van sz\u00fcks\u00e9g, p\u00e9ld\u00e1ul forgatty\u00fas tengelyekben, vez\u00e9rm\u0171tengelyekben vagy hajt\u00f3m\u0171vekben. A PTFE lemezek ipari gy\u00e1rt\u00e1sa 2015\/16-ban kezd\u0151d\u00f6tt a kirchardti \u00fczemben, majd 2018-ban \u00e1tker\u00fclt az Anhui telephelyre. Itt m\u00e1r sorozatban tudjuk gy\u00e1rtani saj\u00e1t PTFE lemezeinket az Anhui \u00e9s a Wuxi gy\u00e1r sz\u00e1m\u00e1ra. A KACO azonban jelenleg mint\u00e1kat is k\u00e9sz\u00edt eur\u00f3pai gy\u00e1rak sz\u00e1m\u00e1ra e-mobilit\u00e1si alkalmaz\u00e1sokhoz (tengelyf\u00f6ldel\u0151 gy\u0171r\u0171).<\/p>\n<p class=\"MsoNormal\" style=\"mso-margin-top-alt: auto; mso-margin-bottom-alt: auto;\">A gy\u00e1rt\u00e1s h\u00e1rom l\u00e9p\u00e9sb\u0151l \u00e1ll:<\/p>\n<ol start=\"1\" type=\"1\">\n<li class=\"MsoNormal\" style=\"mso-margin-top-alt: auto; mso-margin-bottom-alt: auto; mso-list: l0 level1 lfo1; tab-stops: list 36.0pt;\">A PTFE kever\u00e9k (amelyet neves gy\u00e1rt\u00f3k is a mi recept\u00far\u00e1nk alapj\u00e1n k\u00e9sz\u00edtenek) \u00f6sszepr\u00e9sel\u00e9se modern pr\u00e9sg\u00e9peken nyersdarabb\u00e1.&nbsp;<\/li>\n<li class=\"MsoNormal\" style=\"mso-margin-top-alt: auto; mso-margin-bottom-alt: auto; mso-list: l0 level1 lfo1; tab-stops: list 36.0pt;\">A f\u00e9lk\u00e9sz term\u00e9kek szinterez\u00e9se<\/li>\n<li class=\"MsoNormal\" style=\"mso-margin-top-alt: auto; mso-margin-bottom-alt: auto; mso-list: l0 level1 lfo1; tab-stops: list 36.0pt;\">A f\u00e9lk\u00e9sz term\u00e9kek mechanikus feldolgoz\u00e1sa PTFE lemezekk\u00e9<\/li>\n<\/ol>\n<p class=\"MsoNormal\" style=\"mso-margin-top-alt: auto; mso-margin-bottom-alt: auto;\">A saj\u00e1t gy\u00e1rt\u00e1s sz\u00e1mos el\u0151nnyel j\u00e1r a KACO \u00e9s az \u00fcgyfelek sz\u00e1m\u00e1ra is. Egyr\u00e9szt messzemen\u0151en f\u00fcggetlen\u00edtj\u00fck magunkat m\u00e1s gy\u00e1rt\u00f3k sz\u00e1ll\u00edt\u00e1si kapacit\u00e1sait\u00f3l. \u00cdgy a vev\u0151kt\u0151l \u00e9rkez\u0151 megrendel\u00e9sek jelent\u0151s ingadoz\u00e1saira is gyorsabban tudunk reag\u00e1lni. Ezenk\u00edv\u00fcl a KACO h\u00e1zon bel\u00fcl b\u0151v\u00edtheti a PTFE t\u00f6m\u00edt\u0151rendszerek ter\u00fclet\u00e9n szerzett szaktud\u00e1s\u00e1t. \u00c9s m\u00e9g valami: \u00edgy arra is lehet\u0151s\u00e9g\u00fcnk van, hogy a t\u00f6m\u00edt\u0151elemek m\u0171szaki tulajdons\u00e1gait c\u00e9lzottan befoly\u00e1soljuk \u00e9s fejlessz\u00fck, p\u00e9ld\u00e1ul a s\u00farl\u00f3d\u00e1s cs\u00f6kkent\u00e9se \u00e9rdek\u00e9ben. Mindig saj\u00e1t tapasztalataink jelentik a kiindul\u00f3pontot az olyan \u00faj tev\u00e9kenys\u00e9gi ter\u00fcletekhez sz\u00fcks\u00e9ges megold\u00e1sok kidolgoz\u00e1s\u00e1ban is, mint az e-mobilit\u00e1s (pl. akkumul\u00e1torl\u00e9gtelen\u00edt\u00e9s).<\/p>\n<p><style>@font-face<br \/>\t{font-family:\"Cambria Math\";<br \/>\tpanose-1:2 4 5 3 5 4 6 3 2 4;<br \/>\tmso-font-charset:0;<br \/>\tmso-generic-font-family:roman;<br \/>\tmso-font-pitch:variable;<br \/>\tmso-font-signature:3 0 0 0 1 0;}p.MsoNormal, li.MsoNormal, div.MsoNormal<br \/>\t{mso-style-unhide:no;<br \/>\tmso-style-qformat:yes;<br \/>\tmso-style-parent:\"\";<br \/>\tmargin:0cm;<br \/>\tmso-pagination:widow-orphan;<br \/>\tfont-size:12.0pt;<br \/>\tfont-family:\"Times New Roman\",serif;<br \/>\tmso-fareast-font-family:\"Times New Roman\";}.MsoChpDefault<br \/>\t{mso-style-type:export-only;<br \/>\tmso-default-props:yes;<br \/>\tfont-family:\"Calibri\",sans-serif;<br \/>\tmso-ascii-font-family:Calibri;<br \/>\tmso-ascii-theme-font:minor-latin;<br \/>\tmso-fareast-font-family:Calibri;<br \/>\tmso-fareast-theme-font:minor-latin;<br \/>\tmso-hansi-font-family:Calibri;<br \/>\tmso-hansi-theme-font:minor-latin;<br \/>\tmso-bidi-font-family:\"Times New Roman\";<br \/>\tmso-bidi-theme-font:minor-bidi;<br \/>\tmso-fareast-language:EN-US;}div.WordSection1<br \/>\t{page:WordSection1;}ol<br \/>\t{margin-bottom:0cm;}ul<br \/>\t{margin-bottom:0cm;}<\/style><\/p>\n\t\t\t\t\t\t\t\t<\/div>\n\t\t\t\t<\/div>\n\t\t\t\t\t<\/div>\n\t\t<\/div>\n\t\t\t\t<div class=\"elementor-column elementor-col-50 elementor-top-column elementor-element elementor-element-919e376\" data-id=\"919e376\" data-element_type=\"column\">\n\t\t\t<div class=\"elementor-widget-wrap elementor-element-populated\">\n\t\t\t\t\t\t<div class=\"elementor-element elementor-element-8d968b6 elementor-widget elementor-widget-image\" data-id=\"8d968b6\" data-element_type=\"widget\" data-widget_type=\"image.default\">\n\t\t\t\t<div class=\"elementor-widget-container\">\n\t\t\t\t\t\t\t\t\t\t\t\t\t\t\t<img decoding=\"async\" width=\"800\" height=\"800\" src=\"https:\/\/kaco.de\/wp-content\/uploads\/kompetenzen-ptfe-kaco@2x.jpg\" class=\"attachment-large size-large wp-image-7599\" alt=\"Kompetenzen PTFE Kaco\" \/>\t\t\t\t\t\t\t\t\t\t\t\t\t\t\t<\/div>\n\t\t\t\t<\/div>\n\t\t\t\t\t<\/div>\n\t\t<\/div>\n\t\t\t\t\t<\/div>\n\t\t<\/section>\n\t\t\t\t<\/div>\n\t\t","protected":false},"excerpt":{"rendered":"<p>PTFE-gy\u00e1rt\u00e1s PTFE lemezek made by KACO PTFE lemezeket szinte mindenhol haszn\u00e1lnak, ahol dinamikus t\u00f6m\u00edt\u0151rendszerekre van sz\u00fcks\u00e9g, p\u00e9ld\u00e1ul forgatty\u00fas tengelyekben, vez\u00e9rm\u0171tengelyekben vagy hajt\u00f3m\u0171vekben. A PTFE lemezek ipari gy\u00e1rt\u00e1sa 2015\/16-ban kezd\u0151d\u00f6tt a kirchardti \u00fczemben, majd 2018-ban \u00e1tker\u00fclt az Anhui telephelyre. Itt m\u00e1r sorozatban tudjuk gy\u00e1rtani saj\u00e1t PTFE lemezeinket az Anhui \u00e9s a Wuxi gy\u00e1r sz\u00e1m\u00e1ra. A KACO [&hellip;]<\/p>\n","protected":false},"author":3,"featured_media":0,"parent":13405,"menu_order":0,"comment_status":"closed","ping_status":"closed","template":"","meta":{"_acf_changed":false,"site-sidebar-layout":"no-sidebar","site-content-layout":"page-builder","ast-site-content-layout":"default","site-content-style":"default","site-sidebar-style":"default","ast-global-header-display":"","ast-banner-title-visibility":"","ast-main-header-display":"","ast-hfb-above-header-display":"","ast-hfb-below-header-display":"","ast-hfb-mobile-header-display":"","site-post-title":"disabled","ast-breadcrumbs-content":"","ast-featured-img":"disabled","footer-sml-layout":"","ast-disable-related-posts":"","theme-transparent-header-meta":"","adv-header-id-meta":"","stick-header-meta":"","header-above-stick-meta":"","header-main-stick-meta":"","header-below-stick-meta":"","astra-migrate-meta-layouts":"default","ast-page-background-enabled":"default","ast-page-background-meta":{"desktop":{"background-color":"var(--ast-global-color-4)","background-image":"","background-repeat":"repeat","background-position":"center center","background-size":"auto","background-attachment":"scroll","background-type":"","background-media":"","overlay-type":"","overlay-color":"","overlay-opacity":"","overlay-gradient":""},"tablet":{"background-color":"","background-image":"","background-repeat":"repeat","background-position":"center center","background-size":"auto","background-attachment":"scroll","background-type":"","background-media":"","overlay-type":"","overlay-color":"","overlay-opacity":"","overlay-gradient":""},"mobile":{"background-color":"","background-image":"","background-repeat":"repeat","background-position":"center center","background-size":"auto","background-attachment":"scroll","background-type":"","background-media":"","overlay-type":"","overlay-color":"","overlay-opacity":"","overlay-gradient":""}},"ast-content-background-meta":{"desktop":{"background-color":"var(--ast-global-color-5)","background-image":"","background-repeat":"repeat","background-position":"center center","background-size":"auto","background-attachment":"scroll","background-type":"","background-media":"","overlay-type":"","overlay-color":"","overlay-opacity":"","overlay-gradient":""},"tablet":{"background-color":"var(--ast-global-color-5)","background-image":"","background-repeat":"repeat","background-position":"center center","background-size":"auto","background-attachment":"scroll","background-type":"","background-media":"","overlay-type":"","overlay-color":"","overlay-opacity":"","overlay-gradient":""},"mobile":{"background-color":"var(--ast-global-color-5)","background-image":"","background-repeat":"repeat","background-position":"center center","background-size":"auto","background-attachment":"scroll","background-type":"","background-media":"","overlay-type":"","overlay-color":"","overlay-opacity":"","overlay-gradient":""}},"footnotes":""},"class_list":["post-13438","page","type-page","status-publish","hentry"],"acf":[],"yoast_head":"<!-- This site is optimized with the Yoast SEO plugin v27.4 - https:\/\/yoast.com\/product\/yoast-seo-wordpress\/ -->\n<title>PTFE gy\u00e1rt\u00e1s - KACO - Der Experte f\u00fcr Dichtungssysteme<\/title>\n<meta name=\"description\" content=\"PTFE-gy\u00e1rt\u00e1s PTFE lemezek made by KACO PTFE lemezeket szinte mindenhol haszn\u00e1lnak, ahol dinamikus t\u00f6m\u00edt\u0151rendszerekre van sz\u00fcks\u00e9g, p\u00e9ld\u00e1ul forgatty\u00fas\" \/>\n<meta name=\"robots\" content=\"index, follow, max-snippet:-1, max-image-preview:large, max-video-preview:-1\" \/>\n<link rel=\"canonical\" href=\"https:\/\/kaco.de\/kompetenzen\/produktion\/ptfe-fertigung\/\" \/>\n<meta property=\"og:locale\" content=\"hu_HU\" \/>\n<meta property=\"og:type\" content=\"article\" \/>\n<meta property=\"og:title\" content=\"PTFE gy\u00e1rt\u00e1s - KACO - Der Experte f\u00fcr Dichtungssysteme\" \/>\n<meta property=\"og:description\" content=\"PTFE-gy\u00e1rt\u00e1s PTFE lemezek made by KACO PTFE lemezeket szinte mindenhol haszn\u00e1lnak, ahol dinamikus t\u00f6m\u00edt\u0151rendszerekre van sz\u00fcks\u00e9g, p\u00e9ld\u00e1ul forgatty\u00fas\" \/>\n<meta property=\"og:url\" content=\"https:\/\/kaco.de\/kompetenzen\/produktion\/ptfe-fertigung\/\" \/>\n<meta property=\"og:site_name\" content=\"KACO - Der Experte f\u00fcr Dichtungssysteme\" \/>\n<meta property=\"article:modified_time\" content=\"2022-01-25T08:31:15+00:00\" \/>\n<meta property=\"og:image\" content=\"https:\/\/kaco.de\/wp-content\/uploads\/kompetenzen-ptfe-kaco-2@2x-3024x955.jpg\" \/>\n<meta name=\"twitter:card\" content=\"summary_large_image\" \/>\n<meta name=\"twitter:label1\" content=\"Becs\u00fclt olvas\u00e1si id\u0151\" \/>\n\t<meta name=\"twitter:data1\" content=\"2 perc\" \/>\n<script type=\"application\/ld+json\" class=\"yoast-schema-graph\">{\"@context\":\"https:\\\/\\\/schema.org\",\"@graph\":[{\"@type\":\"WebPage\",\"@id\":\"https:\\\/\\\/kaco.de\\\/kompetenzen\\\/produktion\\\/ptfe-fertigung\\\/\",\"url\":\"https:\\\/\\\/kaco.de\\\/kompetenzen\\\/produktion\\\/ptfe-fertigung\\\/\",\"name\":\"PTFE gy\u00e1rt\u00e1s - KACO - Der Experte f\u00fcr Dichtungssysteme\",\"isPartOf\":{\"@id\":\"https:\\\/\\\/kaco.de\\\/#website\"},\"primaryImageOfPage\":{\"@id\":\"https:\\\/\\\/kaco.de\\\/kompetenzen\\\/produktion\\\/ptfe-fertigung\\\/#primaryimage\"},\"image\":{\"@id\":\"https:\\\/\\\/kaco.de\\\/kompetenzen\\\/produktion\\\/ptfe-fertigung\\\/#primaryimage\"},\"thumbnailUrl\":\"https:\\\/\\\/kaco.de\\\/wp-content\\\/uploads\\\/kompetenzen-ptfe-kaco-2@2x-3024x955.jpg\",\"datePublished\":\"2022-01-14T19:35:03+00:00\",\"dateModified\":\"2022-01-25T08:31:15+00:00\",\"description\":\"PTFE-gy\u00e1rt\u00e1s PTFE lemezek made by KACO PTFE lemezeket szinte mindenhol haszn\u00e1lnak, ahol dinamikus t\u00f6m\u00edt\u0151rendszerekre van sz\u00fcks\u00e9g, p\u00e9ld\u00e1ul forgatty\u00fas\",\"breadcrumb\":{\"@id\":\"https:\\\/\\\/kaco.de\\\/kompetenzen\\\/produktion\\\/ptfe-fertigung\\\/#breadcrumb\"},\"inLanguage\":\"hu\",\"potentialAction\":[{\"@type\":\"ReadAction\",\"target\":[\"https:\\\/\\\/kaco.de\\\/kompetenzen\\\/produktion\\\/ptfe-fertigung\\\/\"]}]},{\"@type\":\"ImageObject\",\"inLanguage\":\"hu\",\"@id\":\"https:\\\/\\\/kaco.de\\\/kompetenzen\\\/produktion\\\/ptfe-fertigung\\\/#primaryimage\",\"url\":\"https:\\\/\\\/kaco.de\\\/wp-content\\\/uploads\\\/kompetenzen-ptfe-kaco-2@2x-3024x955.jpg\",\"contentUrl\":\"https:\\\/\\\/kaco.de\\\/wp-content\\\/uploads\\\/kompetenzen-ptfe-kaco-2@2x-3024x955.jpg\"},{\"@type\":\"BreadcrumbList\",\"@id\":\"https:\\\/\\\/kaco.de\\\/kompetenzen\\\/produktion\\\/ptfe-fertigung\\\/#breadcrumb\",\"itemListElement\":[{\"@type\":\"ListItem\",\"position\":1,\"name\":\"Home\",\"item\":\"https:\\\/\\\/kaco.de\\\/hu\\\/ungarisch-startseite-test\\\/\"},{\"@type\":\"ListItem\",\"position\":2,\"name\":\"Kompetenci\u00e1k\",\"item\":\"https:\\\/\\\/kaco.de\\\/hu\\\/kompetenciak\\\/\"},{\"@type\":\"ListItem\",\"position\":3,\"name\":\"Termel\u00e9s\",\"item\":\"https:\\\/\\\/kaco.de\\\/kompetenzen\\\/produktion\\\/\"},{\"@type\":\"ListItem\",\"position\":4,\"name\":\"PTFE gy\u00e1rt\u00e1s\"}]},{\"@type\":\"WebSite\",\"@id\":\"https:\\\/\\\/kaco.de\\\/#website\",\"url\":\"https:\\\/\\\/kaco.de\\\/\",\"name\":\"KACO - Der Experte f\u00fcr Dichtungssysteme\",\"description\":\"Seien Sie mit unseren hochpr\u00e4zisen und anwendungsorientierten Dichtungsl\u00f6sungen bestens f\u00fcr die Automobil- und Maschinenbauindustrie ger\u00fcstet.\",\"publisher\":{\"@id\":\"https:\\\/\\\/kaco.de\\\/#organization\"},\"potentialAction\":[{\"@type\":\"SearchAction\",\"target\":{\"@type\":\"EntryPoint\",\"urlTemplate\":\"https:\\\/\\\/kaco.de\\\/?s={search_term_string}\"},\"query-input\":{\"@type\":\"PropertyValueSpecification\",\"valueRequired\":true,\"valueName\":\"search_term_string\"}}],\"inLanguage\":\"hu\"},{\"@type\":\"Organization\",\"@id\":\"https:\\\/\\\/kaco.de\\\/#organization\",\"name\":\"KACO - Der Experte f\u00fcr Dichtungssysteme\",\"url\":\"https:\\\/\\\/kaco.de\\\/\",\"logo\":{\"@type\":\"ImageObject\",\"inLanguage\":\"hu\",\"@id\":\"https:\\\/\\\/kaco.de\\\/#\\\/schema\\\/logo\\\/image\\\/\",\"url\":\"https:\\\/\\\/kaco.de\\\/wp-content\\\/uploads\\\/cropped-logo1.png\",\"contentUrl\":\"https:\\\/\\\/kaco.de\\\/wp-content\\\/uploads\\\/cropped-logo1.png\",\"width\":851,\"height\":254,\"caption\":\"KACO - Der Experte f\u00fcr Dichtungssysteme\"},\"image\":{\"@id\":\"https:\\\/\\\/kaco.de\\\/#\\\/schema\\\/logo\\\/image\\\/\"}}]}<\/script>\n<!-- \/ Yoast SEO plugin. -->","yoast_head_json":{"title":"PTFE gy\u00e1rt\u00e1s - KACO - Der Experte f\u00fcr Dichtungssysteme","description":"PTFE-gy\u00e1rt\u00e1s PTFE lemezek made by KACO PTFE lemezeket szinte mindenhol haszn\u00e1lnak, ahol dinamikus t\u00f6m\u00edt\u0151rendszerekre van sz\u00fcks\u00e9g, p\u00e9ld\u00e1ul forgatty\u00fas","robots":{"index":"index","follow":"follow","max-snippet":"max-snippet:-1","max-image-preview":"max-image-preview:large","max-video-preview":"max-video-preview:-1"},"canonical":"https:\/\/kaco.de\/kompetenzen\/produktion\/ptfe-fertigung\/","og_locale":"hu_HU","og_type":"article","og_title":"PTFE gy\u00e1rt\u00e1s - KACO - Der Experte f\u00fcr Dichtungssysteme","og_description":"PTFE-gy\u00e1rt\u00e1s PTFE lemezek made by KACO PTFE lemezeket szinte mindenhol haszn\u00e1lnak, ahol dinamikus t\u00f6m\u00edt\u0151rendszerekre van sz\u00fcks\u00e9g, p\u00e9ld\u00e1ul forgatty\u00fas","og_url":"https:\/\/kaco.de\/kompetenzen\/produktion\/ptfe-fertigung\/","og_site_name":"KACO - Der Experte f\u00fcr Dichtungssysteme","article_modified_time":"2022-01-25T08:31:15+00:00","og_image":[{"url":"https:\/\/kaco.de\/wp-content\/uploads\/kompetenzen-ptfe-kaco-2@2x-3024x955.jpg","type":"","width":"","height":""}],"twitter_card":"summary_large_image","twitter_misc":{"Becs\u00fclt olvas\u00e1si id\u0151":"2 perc"},"schema":{"@context":"https:\/\/schema.org","@graph":[{"@type":"WebPage","@id":"https:\/\/kaco.de\/kompetenzen\/produktion\/ptfe-fertigung\/","url":"https:\/\/kaco.de\/kompetenzen\/produktion\/ptfe-fertigung\/","name":"PTFE gy\u00e1rt\u00e1s - KACO - Der Experte f\u00fcr Dichtungssysteme","isPartOf":{"@id":"https:\/\/kaco.de\/#website"},"primaryImageOfPage":{"@id":"https:\/\/kaco.de\/kompetenzen\/produktion\/ptfe-fertigung\/#primaryimage"},"image":{"@id":"https:\/\/kaco.de\/kompetenzen\/produktion\/ptfe-fertigung\/#primaryimage"},"thumbnailUrl":"https:\/\/kaco.de\/wp-content\/uploads\/kompetenzen-ptfe-kaco-2@2x-3024x955.jpg","datePublished":"2022-01-14T19:35:03+00:00","dateModified":"2022-01-25T08:31:15+00:00","description":"PTFE-gy\u00e1rt\u00e1s PTFE lemezek made by KACO PTFE lemezeket szinte mindenhol haszn\u00e1lnak, ahol dinamikus t\u00f6m\u00edt\u0151rendszerekre van sz\u00fcks\u00e9g, p\u00e9ld\u00e1ul forgatty\u00fas","breadcrumb":{"@id":"https:\/\/kaco.de\/kompetenzen\/produktion\/ptfe-fertigung\/#breadcrumb"},"inLanguage":"hu","potentialAction":[{"@type":"ReadAction","target":["https:\/\/kaco.de\/kompetenzen\/produktion\/ptfe-fertigung\/"]}]},{"@type":"ImageObject","inLanguage":"hu","@id":"https:\/\/kaco.de\/kompetenzen\/produktion\/ptfe-fertigung\/#primaryimage","url":"https:\/\/kaco.de\/wp-content\/uploads\/kompetenzen-ptfe-kaco-2@2x-3024x955.jpg","contentUrl":"https:\/\/kaco.de\/wp-content\/uploads\/kompetenzen-ptfe-kaco-2@2x-3024x955.jpg"},{"@type":"BreadcrumbList","@id":"https:\/\/kaco.de\/kompetenzen\/produktion\/ptfe-fertigung\/#breadcrumb","itemListElement":[{"@type":"ListItem","position":1,"name":"Home","item":"https:\/\/kaco.de\/hu\/ungarisch-startseite-test\/"},{"@type":"ListItem","position":2,"name":"Kompetenci\u00e1k","item":"https:\/\/kaco.de\/hu\/kompetenciak\/"},{"@type":"ListItem","position":3,"name":"Termel\u00e9s","item":"https:\/\/kaco.de\/kompetenzen\/produktion\/"},{"@type":"ListItem","position":4,"name":"PTFE gy\u00e1rt\u00e1s"}]},{"@type":"WebSite","@id":"https:\/\/kaco.de\/#website","url":"https:\/\/kaco.de\/","name":"KACO - Der Experte f\u00fcr Dichtungssysteme","description":"Seien Sie mit unseren hochpr\u00e4zisen und anwendungsorientierten Dichtungsl\u00f6sungen bestens f\u00fcr die Automobil- und Maschinenbauindustrie ger\u00fcstet.","publisher":{"@id":"https:\/\/kaco.de\/#organization"},"potentialAction":[{"@type":"SearchAction","target":{"@type":"EntryPoint","urlTemplate":"https:\/\/kaco.de\/?s={search_term_string}"},"query-input":{"@type":"PropertyValueSpecification","valueRequired":true,"valueName":"search_term_string"}}],"inLanguage":"hu"},{"@type":"Organization","@id":"https:\/\/kaco.de\/#organization","name":"KACO - Der Experte f\u00fcr Dichtungssysteme","url":"https:\/\/kaco.de\/","logo":{"@type":"ImageObject","inLanguage":"hu","@id":"https:\/\/kaco.de\/#\/schema\/logo\/image\/","url":"https:\/\/kaco.de\/wp-content\/uploads\/cropped-logo1.png","contentUrl":"https:\/\/kaco.de\/wp-content\/uploads\/cropped-logo1.png","width":851,"height":254,"caption":"KACO - Der Experte f\u00fcr Dichtungssysteme"},"image":{"@id":"https:\/\/kaco.de\/#\/schema\/logo\/image\/"}}]}},"_links":{"self":[{"href":"https:\/\/kaco.de\/hu\/wp-json\/wp\/v2\/pages\/13438","targetHints":{"allow":["GET"]}}],"collection":[{"href":"https:\/\/kaco.de\/hu\/wp-json\/wp\/v2\/pages"}],"about":[{"href":"https:\/\/kaco.de\/hu\/wp-json\/wp\/v2\/types\/page"}],"author":[{"embeddable":true,"href":"https:\/\/kaco.de\/hu\/wp-json\/wp\/v2\/users\/3"}],"replies":[{"embeddable":true,"href":"https:\/\/kaco.de\/hu\/wp-json\/wp\/v2\/comments?post=13438"}],"version-history":[{"count":0,"href":"https:\/\/kaco.de\/hu\/wp-json\/wp\/v2\/pages\/13438\/revisions"}],"up":[{"embeddable":true,"href":"https:\/\/kaco.de\/hu\/wp-json\/wp\/v2\/pages\/13405"}],"wp:attachment":[{"href":"https:\/\/kaco.de\/hu\/wp-json\/wp\/v2\/media?parent=13438"}],"curies":[{"name":"wp","href":"https:\/\/api.w.org\/{rel}","templated":true}]}}