{"id":13464,"date":"2022-01-14T20:44:52","date_gmt":"2022-01-14T19:44:52","guid":{"rendered":"https:\/\/kaco21.neckarfreunde.net\/?page_id=13464"},"modified":"2022-03-25T12:18:06","modified_gmt":"2022-03-25T11:18:06","slug":"logisztika","status":"publish","type":"page","link":"https:\/\/kaco.de\/hu\/kompetenciak\/logisztika\/","title":{"rendered":"Logisztika"},"content":{"rendered":"\t\t<div data-elementor-type=\"wp-page\" data-elementor-id=\"13464\" class=\"elementor elementor-13464 elementor-639\" data-elementor-post-type=\"page\">\n\t\t\t\t\t\t<section class=\"elementor-section elementor-top-section elementor-element elementor-element-d98c42b elementor-section-full_width elementor-section-stretched elementor-section-height-default elementor-section-height-default\" data-id=\"d98c42b\" data-element_type=\"section\" data-settings=\"{&quot;stretch_section&quot;:&quot;section-stretched&quot;}\">\n\t\t\t\t\t\t<div class=\"elementor-container elementor-column-gap-default\">\n\t\t\t\t\t<div class=\"elementor-column elementor-col-100 elementor-top-column elementor-element elementor-element-472196f\" data-id=\"472196f\" data-element_type=\"column\">\n\t\t\t<div class=\"elementor-widget-wrap elementor-element-populated\">\n\t\t\t\t\t\t<div class=\"elementor-element elementor-element-0fc03e5 elementor-widget elementor-widget-image\" data-id=\"0fc03e5\" data-element_type=\"widget\" data-widget_type=\"image.default\">\n\t\t\t\t<div class=\"elementor-widget-container\">\n\t\t\t\t\t\t\t\t\t\t\t\t\t\t\t<img fetchpriority=\"high\" decoding=\"async\" width=\"1900\" height=\"600\" src=\"https:\/\/kaco.de\/wp-content\/uploads\/logistik-kaco@2x-1.jpg\" class=\"attachment-full size-full wp-image-5843\" alt=\"\" \/>\t\t\t\t\t\t\t\t\t\t\t\t\t\t\t<\/div>\n\t\t\t\t<\/div>\n\t\t\t\t\t<\/div>\n\t\t<\/div>\n\t\t\t\t\t<\/div>\n\t\t<\/section>\n\t\t\t\t<section class=\"elementor-section elementor-top-section elementor-element elementor-element-811538f elementor-section-content-bottom elementor-section-stretched pageheader elementor-section-boxed elementor-section-height-default elementor-section-height-default\" data-id=\"811538f\" data-element_type=\"section\" data-settings=\"{&quot;background_background&quot;:&quot;classic&quot;,&quot;stretch_section&quot;:&quot;section-stretched&quot;}\">\n\t\t\t\t\t\t<div class=\"elementor-container elementor-column-gap-default\">\n\t\t\t\t\t<div class=\"elementor-column elementor-col-50 elementor-top-column elementor-element elementor-element-797fade pageheader-row-left\" data-id=\"797fade\" data-element_type=\"column\" data-settings=\"{&quot;background_background&quot;:&quot;classic&quot;}\">\n\t\t\t<div class=\"elementor-widget-wrap elementor-element-populated\">\n\t\t\t\t\t\t<div class=\"elementor-element elementor-element-8bc49eb elementor-widget elementor-widget-heading\" data-id=\"8bc49eb\" data-element_type=\"widget\" data-widget_type=\"heading.default\">\n\t\t\t\t<div class=\"elementor-widget-container\">\n\t\t\t\t\t<span class=\"elementor-heading-title elementor-size-default\">Logisztika<\/span>\t\t\t\t<\/div>\n\t\t\t\t<\/div>\n\t\t\t\t<div class=\"elementor-element elementor-element-06c90e3 elementor-widget elementor-widget-heading\" data-id=\"06c90e3\" data-element_type=\"widget\" data-widget_type=\"heading.default\">\n\t\t\t\t<div class=\"elementor-widget-container\">\n\t\t\t\t\t<h1 class=\"elementor-heading-title elementor-size-default\">\u00d6n\u00e9rt extra <br>\ner\u0151fesz\u00edt\u00e9seket is tesz\u00fcnk<\/h1>\t\t\t\t<\/div>\n\t\t\t\t<\/div>\n\t\t\t\t\t<\/div>\n\t\t<\/div>\n\t\t\t\t<div class=\"elementor-column elementor-col-50 elementor-top-column elementor-element elementor-element-1c70921\" data-id=\"1c70921\" data-element_type=\"column\">\n\t\t\t<div class=\"elementor-widget-wrap\">\n\t\t\t\t\t\t\t<\/div>\n\t\t<\/div>\n\t\t\t\t\t<\/div>\n\t\t<\/section>\n\t\t\t\t<section class=\"elementor-section elementor-top-section elementor-element elementor-element-ef2bd2c elementor-section-boxed elementor-section-height-default elementor-section-height-default\" data-id=\"ef2bd2c\" data-element_type=\"section\">\n\t\t\t\t\t\t<div class=\"elementor-container elementor-column-gap-default\">\n\t\t\t\t\t<div class=\"elementor-column elementor-col-66 elementor-top-column elementor-element elementor-element-845a1c7\" data-id=\"845a1c7\" data-element_type=\"column\">\n\t\t\t<div class=\"elementor-widget-wrap elementor-element-populated\">\n\t\t\t\t\t\t<div class=\"elementor-element elementor-element-41a1804 elementor-widget elementor-widget-heading\" data-id=\"41a1804\" data-element_type=\"widget\" data-widget_type=\"heading.default\">\n\t\t\t\t<div class=\"elementor-widget-container\">\n\t\t\t\t\t<h2 class=\"elementor-heading-title elementor-size-default\">LOGISZTIKAI SZAK\u00c9RTELM\u00dcNKET \u00dcGYFELEINK JAV\u00c1RA FORD\u00cdTJUK<\/h2>\t\t\t\t<\/div>\n\t\t\t\t<\/div>\n\t\t\t\t<div class=\"elementor-element elementor-element-cf63cd1 elementor-widget elementor-widget-text-editor\" data-id=\"cf63cd1\" data-element_type=\"widget\" data-widget_type=\"text-editor.default\">\n\t\t\t\t<div class=\"elementor-widget-container\">\n\t\t\t\t\t\t\t\t\t<p><span style=\"color: #333333;\">A term\u00e9kfejleszt\u00e9st\u0151l a gy\u00e1rt\u00e1sig \u00e9s a sz\u00e1ll\u00edt\u00e1sig \u2013 a KACO mindent megtesz az\u00e9rt, hogy \u00fcgyfeleinek a lehet\u0151 legjobb szolg\u00e1ltat\u00e1st ny\u00fajtsa. Ez\u00e9rt az \u00e9rt\u00e9kteremt\u00e9si l\u00e1nc jelent\u0151s r\u00e9sz\u00e9t \u2013 bele\u00e9rtve a logisztik\u00e1t is \u2013 ma is lek\u00e9pezz\u00fck saj\u00e1t v\u00e1llalatunkon bel\u00fcl.<\/span><\/p><p><span style=\"color: #333333;\">Legyen sz\u00f3 komissi\u00f3z\u00e1sr\u00f3l, csomagol\u00e1sr\u00f3l vagy \u00e9ppen sz\u00e1ll\u00edt\u00e1sr\u00f3l. A KACO z\u00f6kken\u0151mentes folyamatr\u00f3l gondoskodik, hogy az \u00fcgyf\u00e9l a lehet\u0151 leghamarabb hozz\u00e1jusson a j\u00f6v\u0151 mobilit\u00e1si megold\u00e1saihoz. Ennek sor\u00e1n a legfontosabb szempontok sz\u00e1munkra a hat\u00e9konys\u00e1g, a megb\u00edzhat\u00f3s\u00e1g \u00e9s a biztons\u00e1g. Az \u00fcgyfeleink ig\u00e9nyeihez szabott koncepci\u00f3 struktur\u00e1lt logisztik\u00e1t teremt. C\u00e9lunk ezzel, hogy \u00fcgyfeleinknek mindent egy k\u00e9zb\u0151l biztos\u00edthassunk, \u00e9s hogy ez\u00e1ltal a folyamat k\u00f6lts\u00e9geit a lehet\u0151 legalacsonyabb szinten tartsuk, \u00e9s n\u00f6velj\u00fck hat\u00e9konys\u00e1gunkat.<\/span><\/p><p><span style=\"color: #333333;\">Logisztikai kompetenci\u00e1nk a vev\u0151i ig\u00e9nyek szerinti komissi\u00f3z\u00e1sra, valamint a c\u00edmk\u00e9z\u00e9sre, az egyedi csomagol\u00e1sra \u00e9s az \u00e1tcsomagol\u00e1sra is kiterjed. Enged\u00e9lyezett export\u0151rk\u00e9nt vil\u00e1gszerte rendelkez\u00e9sre \u00e1llunk, \u00e9s egyedileg foglalkozunk \u00fcgyfeleink ig\u00e9nyeivel.<\/span><\/p><p><span style=\"color: #333333;\">A KACO logisztikai kompetenci\u00e1ja nemcsak \u00fcgyfeleink sz\u00e1m\u00e1ra \u00e9rt\u00e9kes er\u0151forr\u00e1s. \u00c9rt\u00e9kteremt\u00e9si l\u00e1ncunk l\u00e9nyeges eleme a bels\u0151 logisztika \u00e9s a gy\u00e1rt\u00e1si anyagok bels\u0151 biztos\u00edt\u00e1sa is.<\/span><\/p><h4><span style=\"color: #333333;\">Cselekedeteink legfontosabb m\u00e9rc\u00e9je \u00fcgyfeleink maxim\u00e1lis el\u00e9gedetts\u00e9ge.<\/span><\/h4>\t\t\t\t\t\t\t\t<\/div>\n\t\t\t\t<\/div>\n\t\t\t\t\t<\/div>\n\t\t<\/div>\n\t\t\t\t<div class=\"elementor-column elementor-col-33 elementor-top-column elementor-element elementor-element-c7c270a\" data-id=\"c7c270a\" data-element_type=\"column\">\n\t\t\t<div class=\"elementor-widget-wrap\">\n\t\t\t\t\t\t\t<\/div>\n\t\t<\/div>\n\t\t\t\t\t<\/div>\n\t\t<\/section>\n\t\t\t\t<section class=\"elementor-section elementor-top-section elementor-element elementor-element-902f031 elementor-section-boxed elementor-section-height-default elementor-section-height-default\" data-id=\"902f031\" data-element_type=\"section\">\n\t\t\t\t\t\t<div class=\"elementor-container elementor-column-gap-default\">\n\t\t\t\t\t<div class=\"elementor-column elementor-col-100 elementor-top-column elementor-element elementor-element-bcad558\" data-id=\"bcad558\" data-element_type=\"column\">\n\t\t\t<div class=\"elementor-widget-wrap elementor-element-populated\">\n\t\t\t\t\t\t<div class=\"elementor-element elementor-element-b886515 elementor-widget elementor-widget-spacer\" data-id=\"b886515\" data-element_type=\"widget\" data-widget_type=\"spacer.default\">\n\t\t\t\t<div class=\"elementor-widget-container\">\n\t\t\t\t\t\t\t<div class=\"elementor-spacer\">\n\t\t\t<div class=\"elementor-spacer-inner\"><\/div>\n\t\t<\/div>\n\t\t\t\t\t\t<\/div>\n\t\t\t\t<\/div>\n\t\t\t\t\t<\/div>\n\t\t<\/div>\n\t\t\t\t\t<\/div>\n\t\t<\/section>\n\t\t\t\t<\/div>\n\t\t","protected":false},"excerpt":{"rendered":"<p>Logisztika \u00d6n\u00e9rt extra er\u0151fesz\u00edt\u00e9seket is tesz\u00fcnk LOGISZTIKAI SZAK\u00c9RTELM\u00dcNKET \u00dcGYFELEINK JAV\u00c1RA FORD\u00cdTJUK A term\u00e9kfejleszt\u00e9st\u0151l a gy\u00e1rt\u00e1sig \u00e9s a sz\u00e1ll\u00edt\u00e1sig \u2013 a KACO mindent megtesz az\u00e9rt, hogy \u00fcgyfeleinek a lehet\u0151 legjobb szolg\u00e1ltat\u00e1st ny\u00fajtsa. Ez\u00e9rt az \u00e9rt\u00e9kteremt\u00e9si l\u00e1nc jelent\u0151s r\u00e9sz\u00e9t \u2013 bele\u00e9rtve a logisztik\u00e1t is \u2013 ma is lek\u00e9pezz\u00fck saj\u00e1t v\u00e1llalatunkon bel\u00fcl. Legyen sz\u00f3 komissi\u00f3z\u00e1sr\u00f3l, csomagol\u00e1sr\u00f3l vagy \u00e9ppen [&hellip;]<\/p>\n","protected":false},"author":3,"featured_media":0,"parent":13347,"menu_order":0,"comment_status":"closed","ping_status":"closed","template":"","meta":{"_acf_changed":false,"site-sidebar-layout":"no-sidebar","site-content-layout":"page-builder","ast-site-content-layout":"default","site-content-style":"default","site-sidebar-style":"default","ast-global-header-display":"","ast-banner-title-visibility":"","ast-main-header-display":"","ast-hfb-above-header-display":"","ast-hfb-below-header-display":"","ast-hfb-mobile-header-display":"","site-post-title":"disabled","ast-breadcrumbs-content":"","ast-featured-img":"disabled","footer-sml-layout":"","ast-disable-related-posts":"","theme-transparent-header-meta":"","adv-header-id-meta":"","stick-header-meta":"","header-above-stick-meta":"","header-main-stick-meta":"","header-below-stick-meta":"","astra-migrate-meta-layouts":"default","ast-page-background-enabled":"default","ast-page-background-meta":{"desktop":{"background-color":"var(--ast-global-color-4)","background-image":"","background-repeat":"repeat","background-position":"center center","background-size":"auto","background-attachment":"scroll","background-type":"","background-media":"","overlay-type":"","overlay-color":"","overlay-opacity":"","overlay-gradient":""},"tablet":{"background-color":"","background-image":"","background-repeat":"repeat","background-position":"center center","background-size":"auto","background-attachment":"scroll","background-type":"","background-media":"","overlay-type":"","overlay-color":"","overlay-opacity":"","overlay-gradient":""},"mobile":{"background-color":"","background-image":"","background-repeat":"repeat","background-position":"center center","background-size":"auto","background-attachment":"scroll","background-type":"","background-media":"","overlay-type":"","overlay-color":"","overlay-opacity":"","overlay-gradient":""}},"ast-content-background-meta":{"desktop":{"background-color":"var(--ast-global-color-5)","background-image":"","background-repeat":"repeat","background-position":"center center","background-size":"auto","background-attachment":"scroll","background-type":"","background-media":"","overlay-type":"","overlay-color":"","overlay-opacity":"","overlay-gradient":""},"tablet":{"background-color":"var(--ast-global-color-5)","background-image":"","background-repeat":"repeat","background-position":"center center","background-size":"auto","background-attachment":"scroll","background-type":"","background-media":"","overlay-type":"","overlay-color":"","overlay-opacity":"","overlay-gradient":""},"mobile":{"background-color":"var(--ast-global-color-5)","background-image":"","background-repeat":"repeat","background-position":"center center","background-size":"auto","background-attachment":"scroll","background-type":"","background-media":"","overlay-type":"","overlay-color":"","overlay-opacity":"","overlay-gradient":""}},"footnotes":""},"class_list":["post-13464","page","type-page","status-publish","hentry"],"acf":[],"yoast_head":"<!-- This site is optimized with the Yoast SEO plugin v27.4 - https:\/\/yoast.com\/product\/yoast-seo-wordpress\/ -->\n<title>Logisztika - KACO - Der Experte f\u00fcr Dichtungssysteme<\/title>\n<meta name=\"description\" content=\"Logisztika \u00d6n\u00e9rt extra er\u0151fesz\u00edt\u00e9seket is tesz\u00fcnk LOGISZTIKAI SZAK\u00c9RTELM\u00dcNKET \u00dcGYFELEINK JAV\u00c1RA FORD\u00cdTJUK A term\u00e9kfejleszt\u00e9st\u0151l a gy\u00e1rt\u00e1sig \u00e9s a\" \/>\n<meta name=\"robots\" content=\"index, follow, max-snippet:-1, max-image-preview:large, max-video-preview:-1\" \/>\n<link rel=\"canonical\" href=\"https:\/\/kaco.de\/kompetenzen\/logistik\/\" \/>\n<meta property=\"og:locale\" content=\"hu_HU\" \/>\n<meta property=\"og:type\" content=\"article\" \/>\n<meta property=\"og:title\" content=\"Logisztika - KACO - Der Experte f\u00fcr Dichtungssysteme\" \/>\n<meta property=\"og:description\" content=\"Logisztika \u00d6n\u00e9rt extra er\u0151fesz\u00edt\u00e9seket is tesz\u00fcnk LOGISZTIKAI SZAK\u00c9RTELM\u00dcNKET \u00dcGYFELEINK JAV\u00c1RA FORD\u00cdTJUK A term\u00e9kfejleszt\u00e9st\u0151l a gy\u00e1rt\u00e1sig \u00e9s a\" \/>\n<meta property=\"og:url\" content=\"https:\/\/kaco.de\/kompetenzen\/logistik\/\" \/>\n<meta property=\"og:site_name\" content=\"KACO - Der Experte f\u00fcr Dichtungssysteme\" \/>\n<meta property=\"article:modified_time\" content=\"2022-03-25T11:18:06+00:00\" \/>\n<meta property=\"og:image\" content=\"https:\/\/kaco.de\/wp-content\/uploads\/logistik-kaco@2x-1.jpg\" \/>\n<meta name=\"twitter:card\" content=\"summary_large_image\" \/>\n<meta name=\"twitter:label1\" content=\"Becs\u00fclt olvas\u00e1si id\u0151\" \/>\n\t<meta name=\"twitter:data1\" content=\"2 perc\" \/>\n<script type=\"application\/ld+json\" class=\"yoast-schema-graph\">{\"@context\":\"https:\\\/\\\/schema.org\",\"@graph\":[{\"@type\":\"WebPage\",\"@id\":\"https:\\\/\\\/kaco.de\\\/kompetenzen\\\/logistik\\\/\",\"url\":\"https:\\\/\\\/kaco.de\\\/kompetenzen\\\/logistik\\\/\",\"name\":\"Logisztika - KACO - Der Experte f\u00fcr Dichtungssysteme\",\"isPartOf\":{\"@id\":\"https:\\\/\\\/kaco.de\\\/#website\"},\"primaryImageOfPage\":{\"@id\":\"https:\\\/\\\/kaco.de\\\/kompetenzen\\\/logistik\\\/#primaryimage\"},\"image\":{\"@id\":\"https:\\\/\\\/kaco.de\\\/kompetenzen\\\/logistik\\\/#primaryimage\"},\"thumbnailUrl\":\"https:\\\/\\\/kaco.de\\\/wp-content\\\/uploads\\\/logistik-kaco@2x-1.jpg\",\"datePublished\":\"2022-01-14T19:44:52+00:00\",\"dateModified\":\"2022-03-25T11:18:06+00:00\",\"description\":\"Logisztika \u00d6n\u00e9rt extra er\u0151fesz\u00edt\u00e9seket is tesz\u00fcnk LOGISZTIKAI SZAK\u00c9RTELM\u00dcNKET \u00dcGYFELEINK JAV\u00c1RA FORD\u00cdTJUK A term\u00e9kfejleszt\u00e9st\u0151l a gy\u00e1rt\u00e1sig \u00e9s a\",\"breadcrumb\":{\"@id\":\"https:\\\/\\\/kaco.de\\\/kompetenzen\\\/logistik\\\/#breadcrumb\"},\"inLanguage\":\"hu\",\"potentialAction\":[{\"@type\":\"ReadAction\",\"target\":[\"https:\\\/\\\/kaco.de\\\/kompetenzen\\\/logistik\\\/\"]}]},{\"@type\":\"ImageObject\",\"inLanguage\":\"hu\",\"@id\":\"https:\\\/\\\/kaco.de\\\/kompetenzen\\\/logistik\\\/#primaryimage\",\"url\":\"https:\\\/\\\/kaco.de\\\/wp-content\\\/uploads\\\/logistik-kaco@2x-1.jpg\",\"contentUrl\":\"https:\\\/\\\/kaco.de\\\/wp-content\\\/uploads\\\/logistik-kaco@2x-1.jpg\"},{\"@type\":\"BreadcrumbList\",\"@id\":\"https:\\\/\\\/kaco.de\\\/kompetenzen\\\/logistik\\\/#breadcrumb\",\"itemListElement\":[{\"@type\":\"ListItem\",\"position\":1,\"name\":\"Home\",\"item\":\"https:\\\/\\\/kaco.de\\\/hu\\\/ungarisch-startseite-test\\\/\"},{\"@type\":\"ListItem\",\"position\":2,\"name\":\"Kompetenci\u00e1k\",\"item\":\"https:\\\/\\\/kaco.de\\\/hu\\\/kompetenciak\\\/\"},{\"@type\":\"ListItem\",\"position\":3,\"name\":\"Logisztika\"}]},{\"@type\":\"WebSite\",\"@id\":\"https:\\\/\\\/kaco.de\\\/#website\",\"url\":\"https:\\\/\\\/kaco.de\\\/\",\"name\":\"KACO - Der Experte f\u00fcr Dichtungssysteme\",\"description\":\"Seien Sie mit unseren hochpr\u00e4zisen und anwendungsorientierten Dichtungsl\u00f6sungen bestens f\u00fcr die Automobil- und Maschinenbauindustrie ger\u00fcstet.\",\"publisher\":{\"@id\":\"https:\\\/\\\/kaco.de\\\/#organization\"},\"potentialAction\":[{\"@type\":\"SearchAction\",\"target\":{\"@type\":\"EntryPoint\",\"urlTemplate\":\"https:\\\/\\\/kaco.de\\\/?s={search_term_string}\"},\"query-input\":{\"@type\":\"PropertyValueSpecification\",\"valueRequired\":true,\"valueName\":\"search_term_string\"}}],\"inLanguage\":\"hu\"},{\"@type\":\"Organization\",\"@id\":\"https:\\\/\\\/kaco.de\\\/#organization\",\"name\":\"KACO - Der Experte f\u00fcr Dichtungssysteme\",\"url\":\"https:\\\/\\\/kaco.de\\\/\",\"logo\":{\"@type\":\"ImageObject\",\"inLanguage\":\"hu\",\"@id\":\"https:\\\/\\\/kaco.de\\\/#\\\/schema\\\/logo\\\/image\\\/\",\"url\":\"https:\\\/\\\/kaco.de\\\/wp-content\\\/uploads\\\/cropped-logo1.png\",\"contentUrl\":\"https:\\\/\\\/kaco.de\\\/wp-content\\\/uploads\\\/cropped-logo1.png\",\"width\":851,\"height\":254,\"caption\":\"KACO - Der Experte f\u00fcr Dichtungssysteme\"},\"image\":{\"@id\":\"https:\\\/\\\/kaco.de\\\/#\\\/schema\\\/logo\\\/image\\\/\"}}]}<\/script>\n<!-- \/ Yoast SEO plugin. -->","yoast_head_json":{"title":"Logisztika - KACO - Der Experte f\u00fcr Dichtungssysteme","description":"Logisztika \u00d6n\u00e9rt extra er\u0151fesz\u00edt\u00e9seket is tesz\u00fcnk LOGISZTIKAI SZAK\u00c9RTELM\u00dcNKET \u00dcGYFELEINK JAV\u00c1RA FORD\u00cdTJUK A term\u00e9kfejleszt\u00e9st\u0151l a gy\u00e1rt\u00e1sig \u00e9s a","robots":{"index":"index","follow":"follow","max-snippet":"max-snippet:-1","max-image-preview":"max-image-preview:large","max-video-preview":"max-video-preview:-1"},"canonical":"https:\/\/kaco.de\/kompetenzen\/logistik\/","og_locale":"hu_HU","og_type":"article","og_title":"Logisztika - KACO - Der Experte f\u00fcr Dichtungssysteme","og_description":"Logisztika \u00d6n\u00e9rt extra er\u0151fesz\u00edt\u00e9seket is tesz\u00fcnk LOGISZTIKAI SZAK\u00c9RTELM\u00dcNKET \u00dcGYFELEINK JAV\u00c1RA FORD\u00cdTJUK A term\u00e9kfejleszt\u00e9st\u0151l a gy\u00e1rt\u00e1sig \u00e9s a","og_url":"https:\/\/kaco.de\/kompetenzen\/logistik\/","og_site_name":"KACO - Der Experte f\u00fcr Dichtungssysteme","article_modified_time":"2022-03-25T11:18:06+00:00","og_image":[{"url":"https:\/\/kaco.de\/wp-content\/uploads\/logistik-kaco@2x-1.jpg","type":"","width":"","height":""}],"twitter_card":"summary_large_image","twitter_misc":{"Becs\u00fclt olvas\u00e1si id\u0151":"2 perc"},"schema":{"@context":"https:\/\/schema.org","@graph":[{"@type":"WebPage","@id":"https:\/\/kaco.de\/kompetenzen\/logistik\/","url":"https:\/\/kaco.de\/kompetenzen\/logistik\/","name":"Logisztika - KACO - Der Experte f\u00fcr Dichtungssysteme","isPartOf":{"@id":"https:\/\/kaco.de\/#website"},"primaryImageOfPage":{"@id":"https:\/\/kaco.de\/kompetenzen\/logistik\/#primaryimage"},"image":{"@id":"https:\/\/kaco.de\/kompetenzen\/logistik\/#primaryimage"},"thumbnailUrl":"https:\/\/kaco.de\/wp-content\/uploads\/logistik-kaco@2x-1.jpg","datePublished":"2022-01-14T19:44:52+00:00","dateModified":"2022-03-25T11:18:06+00:00","description":"Logisztika \u00d6n\u00e9rt extra er\u0151fesz\u00edt\u00e9seket is tesz\u00fcnk LOGISZTIKAI SZAK\u00c9RTELM\u00dcNKET \u00dcGYFELEINK JAV\u00c1RA FORD\u00cdTJUK A term\u00e9kfejleszt\u00e9st\u0151l a gy\u00e1rt\u00e1sig \u00e9s a","breadcrumb":{"@id":"https:\/\/kaco.de\/kompetenzen\/logistik\/#breadcrumb"},"inLanguage":"hu","potentialAction":[{"@type":"ReadAction","target":["https:\/\/kaco.de\/kompetenzen\/logistik\/"]}]},{"@type":"ImageObject","inLanguage":"hu","@id":"https:\/\/kaco.de\/kompetenzen\/logistik\/#primaryimage","url":"https:\/\/kaco.de\/wp-content\/uploads\/logistik-kaco@2x-1.jpg","contentUrl":"https:\/\/kaco.de\/wp-content\/uploads\/logistik-kaco@2x-1.jpg"},{"@type":"BreadcrumbList","@id":"https:\/\/kaco.de\/kompetenzen\/logistik\/#breadcrumb","itemListElement":[{"@type":"ListItem","position":1,"name":"Home","item":"https:\/\/kaco.de\/hu\/ungarisch-startseite-test\/"},{"@type":"ListItem","position":2,"name":"Kompetenci\u00e1k","item":"https:\/\/kaco.de\/hu\/kompetenciak\/"},{"@type":"ListItem","position":3,"name":"Logisztika"}]},{"@type":"WebSite","@id":"https:\/\/kaco.de\/#website","url":"https:\/\/kaco.de\/","name":"KACO - Der Experte f\u00fcr Dichtungssysteme","description":"Seien Sie mit unseren hochpr\u00e4zisen und anwendungsorientierten Dichtungsl\u00f6sungen bestens f\u00fcr die Automobil- und Maschinenbauindustrie ger\u00fcstet.","publisher":{"@id":"https:\/\/kaco.de\/#organization"},"potentialAction":[{"@type":"SearchAction","target":{"@type":"EntryPoint","urlTemplate":"https:\/\/kaco.de\/?s={search_term_string}"},"query-input":{"@type":"PropertyValueSpecification","valueRequired":true,"valueName":"search_term_string"}}],"inLanguage":"hu"},{"@type":"Organization","@id":"https:\/\/kaco.de\/#organization","name":"KACO - Der Experte f\u00fcr Dichtungssysteme","url":"https:\/\/kaco.de\/","logo":{"@type":"ImageObject","inLanguage":"hu","@id":"https:\/\/kaco.de\/#\/schema\/logo\/image\/","url":"https:\/\/kaco.de\/wp-content\/uploads\/cropped-logo1.png","contentUrl":"https:\/\/kaco.de\/wp-content\/uploads\/cropped-logo1.png","width":851,"height":254,"caption":"KACO - Der Experte f\u00fcr Dichtungssysteme"},"image":{"@id":"https:\/\/kaco.de\/#\/schema\/logo\/image\/"}}]}},"_links":{"self":[{"href":"https:\/\/kaco.de\/hu\/wp-json\/wp\/v2\/pages\/13464","targetHints":{"allow":["GET"]}}],"collection":[{"href":"https:\/\/kaco.de\/hu\/wp-json\/wp\/v2\/pages"}],"about":[{"href":"https:\/\/kaco.de\/hu\/wp-json\/wp\/v2\/types\/page"}],"author":[{"embeddable":true,"href":"https:\/\/kaco.de\/hu\/wp-json\/wp\/v2\/users\/3"}],"replies":[{"embeddable":true,"href":"https:\/\/kaco.de\/hu\/wp-json\/wp\/v2\/comments?post=13464"}],"version-history":[{"count":0,"href":"https:\/\/kaco.de\/hu\/wp-json\/wp\/v2\/pages\/13464\/revisions"}],"up":[{"embeddable":true,"href":"https:\/\/kaco.de\/hu\/wp-json\/wp\/v2\/pages\/13347"}],"wp:attachment":[{"href":"https:\/\/kaco.de\/hu\/wp-json\/wp\/v2\/media?parent=13464"}],"curies":[{"name":"wp","href":"https:\/\/api.w.org\/{rel}","templated":true}]}}