{"id":13959,"date":"2022-01-15T15:30:23","date_gmt":"2022-01-15T14:30:23","guid":{"rendered":"https:\/\/kaco21.neckarfreunde.net\/?page_id=13959"},"modified":"2022-01-15T15:30:51","modified_gmt":"2022-01-15T14:30:51","slug":"rendszerek","status":"publish","type":"page","link":"https:\/\/kaco.de\/hu\/rendszerek\/","title":{"rendered":"Rendszerek"},"content":{"rendered":"\t\t<div data-elementor-type=\"wp-page\" data-elementor-id=\"13959\" class=\"elementor elementor-13959 elementor-2236\" data-elementor-post-type=\"page\">\n\t\t\t\t\t\t<section class=\"elementor-section elementor-top-section elementor-element elementor-element-63df29c elementor-section-content-bottom elementor-section-height-min-height elementor-section-items-stretch elementor-section-boxed elementor-section-height-default\" data-id=\"63df29c\" data-element_type=\"section\" data-settings=\"{&quot;background_background&quot;:&quot;classic&quot;}\">\n\t\t\t\t\t\t<div class=\"elementor-container elementor-column-gap-default\">\n\t\t\t\t\t<div class=\"elementor-column elementor-col-50 elementor-top-column elementor-element elementor-element-1748778\" data-id=\"1748778\" data-element_type=\"column\">\n\t\t\t<div class=\"elementor-widget-wrap elementor-element-populated\">\n\t\t\t\t\t\t<div class=\"elementor-element elementor-element-ce9effe elementor-widget elementor-widget-heading\" data-id=\"ce9effe\" data-element_type=\"widget\" data-widget_type=\"heading.default\">\n\t\t\t\t<div class=\"elementor-widget-container\">\n\t\t\t\t\t<span class=\"elementor-heading-title elementor-size-default\">Rendszerek<\/span>\t\t\t\t<\/div>\n\t\t\t\t<\/div>\n\t\t\t\t<div class=\"elementor-element elementor-element-74b4abb elementor-widget elementor-widget-heading\" data-id=\"74b4abb\" data-element_type=\"widget\" data-widget_type=\"heading.default\">\n\t\t\t\t<div class=\"elementor-widget-container\">\n\t\t\t\t\t<h2 class=\"elementor-heading-title elementor-size-default\">Egy \u00faj korszak<\/h2>\t\t\t\t<\/div>\n\t\t\t\t<\/div>\n\t\t\t\t\t<\/div>\n\t\t<\/div>\n\t\t\t\t<div class=\"elementor-column elementor-col-50 elementor-top-column elementor-element elementor-element-b314368\" data-id=\"b314368\" data-element_type=\"column\">\n\t\t\t<div class=\"elementor-widget-wrap\">\n\t\t\t\t\t\t\t<\/div>\n\t\t<\/div>\n\t\t\t\t\t<\/div>\n\t\t<\/section>\n\t\t\t\t<section class=\"elementor-section elementor-top-section elementor-element elementor-element-2c7b0ad elementor-section-boxed elementor-section-height-default elementor-section-height-default\" data-id=\"2c7b0ad\" data-element_type=\"section\">\n\t\t\t\t\t\t<div class=\"elementor-container elementor-column-gap-default\">\n\t\t\t\t\t<div class=\"elementor-column elementor-col-66 elementor-top-column elementor-element elementor-element-4da0ad9\" data-id=\"4da0ad9\" data-element_type=\"column\">\n\t\t\t<div class=\"elementor-widget-wrap elementor-element-populated\">\n\t\t\t\t\t\t<div class=\"elementor-element elementor-element-f322374 elementor-widget elementor-widget-heading\" data-id=\"f322374\" data-element_type=\"widget\" data-widget_type=\"heading.default\">\n\t\t\t\t<div class=\"elementor-widget-container\">\n\t\t\t\t\t<h2 class=\"elementor-heading-title elementor-size-default\">Rendszerek<\/h2>\t\t\t\t<\/div>\n\t\t\t\t<\/div>\n\t\t\t\t<div class=\"elementor-element elementor-element-f09f7fa elementor-widget elementor-widget-spacer\" data-id=\"f09f7fa\" data-element_type=\"widget\" data-widget_type=\"spacer.default\">\n\t\t\t\t<div class=\"elementor-widget-container\">\n\t\t\t\t\t\t\t<div class=\"elementor-spacer\">\n\t\t\t<div class=\"elementor-spacer-inner\"><\/div>\n\t\t<\/div>\n\t\t\t\t\t\t<\/div>\n\t\t\t\t<\/div>\n\t\t\t\t<div class=\"elementor-element elementor-element-9e3dc3e elementor-widget elementor-widget-text-editor\" data-id=\"9e3dc3e\" data-element_type=\"widget\" data-widget_type=\"text-editor.default\">\n\t\t\t\t<div class=\"elementor-widget-container\">\n\t\t\t\t\t\t\t\t\t<p>A KACO a megl\u00e9v\u0151 anyag- \u00e9s term\u00e9kismeretet egyes\u00edti a rendszeregys\u00e9gek l\u00e9trehoz\u00e1s\u00e1hoz. A c\u00e9lzott funkcion\u00e1lis integr\u00e1ci\u00f3 cs\u00f6kkentheti az \u00f6sszeszerel\u00e9si l\u00e9p\u00e9seket, a t\u00f6meget \u00e9s a kapcsol\u00f3d\u00f3 k\u00f6lts\u00e9geket. Az elektromobilit\u00e1s ir\u00e1ny\u00e1ba t\u00f6rt\u00e9n\u0151 \u00e1talakul\u00e1s \u00faj lehet\u0151s\u00e9geket k\u00edn\u00e1l, amelyeket a legjobban az \u00fcgyfeleinkkel val\u00f3 korai egy\u00fcttm\u0171k\u00f6d\u00e9ssel lehet kihaszn\u00e1lni a korai fejleszt\u00e9si f\u00e1zisok keret\u00e9ben.<\/p>\t\t\t\t\t\t\t\t<\/div>\n\t\t\t\t<\/div>\n\t\t\t\t\t<\/div>\n\t\t<\/div>\n\t\t\t\t<div class=\"elementor-column elementor-col-33 elementor-top-column elementor-element elementor-element-c300cb9\" data-id=\"c300cb9\" data-element_type=\"column\">\n\t\t\t<div class=\"elementor-widget-wrap\">\n\t\t\t\t\t\t\t<\/div>\n\t\t<\/div>\n\t\t\t\t\t<\/div>\n\t\t<\/section>\n\t\t\t\t<section class=\"elementor-section elementor-top-section elementor-element elementor-element-4b389d5 elementor-section-boxed elementor-section-height-default elementor-section-height-default\" data-id=\"4b389d5\" data-element_type=\"section\">\n\t\t\t\t\t\t<div class=\"elementor-container elementor-column-gap-default\">\n\t\t\t\t\t<div class=\"elementor-column elementor-col-100 elementor-top-column elementor-element elementor-element-92c5b00\" data-id=\"92c5b00\" data-element_type=\"column\">\n\t\t\t<div class=\"elementor-widget-wrap elementor-element-populated\">\n\t\t\t\t\t\t<div class=\"elementor-element elementor-element-803ffb8 elementor-widget elementor-widget-jet-listing-grid\" data-id=\"803ffb8\" data-element_type=\"widget\" data-settings=\"{&quot;columns&quot;:3}\" data-widget_type=\"jet-listing-grid.default\">\n\t\t\t\t<div class=\"elementor-widget-container\">\n\t\t\t\t\t<div class=\"jet-listing-grid jet-listing\"><div class=\"jet-listing-grid__items grid-col-desk-3 grid-col-tablet-3 grid-col-mobile-3 jet-listing-grid--1974 jet-equal-columns__wrapper\" data-queried-id=\"13959|WP_Post\" data-nav=\"{&quot;enabled&quot;:false,&quot;type&quot;:null,&quot;more_el&quot;:null,&quot;query&quot;:[],&quot;widget_settings&quot;:{&quot;lisitng_id&quot;:1974,&quot;posts_num&quot;:15,&quot;columns&quot;:3,&quot;columns_tablet&quot;:3,&quot;columns_mobile&quot;:3,&quot;column_min_width&quot;:240,&quot;column_min_width_tablet&quot;:240,&quot;column_min_width_mobile&quot;:240,&quot;inline_columns_css&quot;:false,&quot;is_archive_template&quot;:&quot;&quot;,&quot;post_status&quot;:[&quot;publish&quot;],&quot;use_random_posts_num&quot;:&quot;&quot;,&quot;max_posts_num&quot;:9,&quot;not_found_message&quot;:&quot;No data was found&quot;,&quot;is_masonry&quot;:false,&quot;equal_columns_height&quot;:&quot;yes&quot;,&quot;use_load_more&quot;:&quot;&quot;,&quot;load_more_id&quot;:&quot;&quot;,&quot;load_more_type&quot;:&quot;click&quot;,&quot;load_more_offset&quot;:{&quot;unit&quot;:&quot;px&quot;,&quot;size&quot;:0,&quot;sizes&quot;:[]},&quot;use_custom_post_types&quot;:&quot;&quot;,&quot;custom_post_types&quot;:[],&quot;hide_widget_if&quot;:&quot;&quot;,&quot;carousel_enabled&quot;:&quot;&quot;,&quot;slides_to_scroll&quot;:&quot;1&quot;,&quot;arrows&quot;:&quot;true&quot;,&quot;arrow_icon&quot;:&quot;fa fa-angle-left&quot;,&quot;dots&quot;:&quot;&quot;,&quot;autoplay&quot;:&quot;true&quot;,&quot;pause_on_hover&quot;:&quot;true&quot;,&quot;autoplay_speed&quot;:5000,&quot;infinite&quot;:&quot;true&quot;,&quot;center_mode&quot;:&quot;&quot;,&quot;effect&quot;:&quot;slide&quot;,&quot;speed&quot;:500,&quot;inject_alternative_items&quot;:&quot;&quot;,&quot;injection_items&quot;:[],&quot;scroll_slider_enabled&quot;:&quot;&quot;,&quot;scroll_slider_on&quot;:[&quot;desktop&quot;,&quot;tablet&quot;,&quot;mobile&quot;],&quot;custom_query&quot;:false,&quot;custom_query_id&quot;:&quot;&quot;,&quot;_element_id&quot;:&quot;&quot;,&quot;collapse_first_last_gap&quot;:false,&quot;list_tag_selection&quot;:&quot;&quot;,&quot;list_items_wrapper_tag&quot;:&quot;div&quot;,&quot;list_item_tag&quot;:&quot;div&quot;,&quot;empty_items_wrapper_tag&quot;:&quot;div&quot;}}\" data-page=\"1\" data-pages=\"1\" data-listing-source=\"posts\" data-listing-id=\"1974\" data-query-id=\"\"><div class=\"jet-listing-grid__item jet-listing-dynamic-post-14087 jet-equal-columns\" data-post-id=\"14087\"  ><div class=\"jet-engine-listing-overlay-wrap\" data-url=\"https:\/\/kaco.de\/hu\/term\u00e9kek\/ioss-integralt-olajtomites-erzekelovel\/\">\t\t<div data-elementor-type=\"jet-listing-items\" data-elementor-id=\"15235\" class=\"elementor elementor-15235 elementor-1974 elementor-1974\" data-elementor-post-type=\"jet-engine\">\n\t\t\t\t\t\t<section class=\"elementor-section elementor-top-section elementor-element elementor-element-6b2c196 elementor-section-boxed elementor-section-height-default elementor-section-height-default\" data-id=\"6b2c196\" data-element_type=\"section\" data-settings=\"{&quot;background_background&quot;:&quot;classic&quot;}\">\n\t\t\t\t\t\t<div class=\"elementor-container elementor-column-gap-default\">\n\t\t\t\t\t<div class=\"elementor-column elementor-col-100 elementor-top-column elementor-element elementor-element-8d8d451\" data-id=\"8d8d451\" data-element_type=\"column\">\n\t\t\t<div class=\"elementor-widget-wrap elementor-element-populated\">\n\t\t\t\t\t\t<div class=\"elementor-element elementor-element-5735a37 elementor-widget elementor-widget-image\" data-id=\"5735a37\" data-element_type=\"widget\" data-widget_type=\"image.default\">\n\t\t\t\t<div class=\"elementor-widget-container\">\n\t\t\t\t\t\t\t\t\t\t\t\t\t\t\t<img fetchpriority=\"high\" decoding=\"async\" width=\"1024\" height=\"1024\" src=\"https:\/\/kaco.de\/wp-content\/uploads\/ioss-integrierte-oeldichtung-sensor-kaco.png\" class=\"attachment-large size-large wp-image-4414\" alt=\"IOSS Integrierte \u00d6ldichtung Sensor Kaco\" srcset=\"https:\/\/kaco.de\/wp-content\/uploads\/ioss-integrierte-oeldichtung-sensor-kaco.png 1024w, https:\/\/kaco.de\/wp-content\/uploads\/ioss-integrierte-oeldichtung-sensor-kaco-300x300.png 300w, https:\/\/kaco.de\/wp-content\/uploads\/ioss-integrierte-oeldichtung-sensor-kaco-150x150.png 150w, https:\/\/kaco.de\/wp-content\/uploads\/ioss-integrierte-oeldichtung-sensor-kaco-768x768.png 768w\" sizes=\"(max-width: 1024px) 100vw, 1024px\" \/>\t\t\t\t\t\t\t\t\t\t\t\t\t\t\t<\/div>\n\t\t\t\t<\/div>\n\t\t\t\t<div class=\"elementor-element elementor-element-c74c240 elementor-widget elementor-widget-heading\" data-id=\"c74c240\" data-element_type=\"widget\" data-widget_type=\"heading.default\">\n\t\t\t\t<div class=\"elementor-widget-container\">\n\t\t\t\t\t<h3 class=\"elementor-heading-title elementor-size-default\">IOSS\u00ae (integr\u00e1lt olajt\u00f6m\u00edt\u00e9s \u00e9rz\u00e9kel\u0151vel)<\/h3>\t\t\t\t<\/div>\n\t\t\t\t<\/div>\n\t\t\t\t<div class=\"elementor-element elementor-element-0e181cc elementor-widget elementor-widget-spacer\" data-id=\"0e181cc\" data-element_type=\"widget\" data-widget_type=\"spacer.default\">\n\t\t\t\t<div class=\"elementor-widget-container\">\n\t\t\t\t\t\t\t<div class=\"elementor-spacer\">\n\t\t\t<div class=\"elementor-spacer-inner\"><\/div>\n\t\t<\/div>\n\t\t\t\t\t\t<\/div>\n\t\t\t\t<\/div>\n\t\t\t\t<div class=\"elementor-element elementor-element-016e857 elementor-widget elementor-widget-heading\" data-id=\"016e857\" data-element_type=\"widget\" data-widget_type=\"heading.default\">\n\t\t\t\t<div class=\"elementor-widget-container\">\n\t\t\t\t\t<p class=\"elementor-heading-title elementor-size-default\"><a href=\"https:\/\/kaco.de\/hu\/term\u00e9kek\/ioss-integralt-olajtomites-erzekelovel\/\">Term\u00e9k megtekint\u00e9se <\/a><\/p>\t\t\t\t<\/div>\n\t\t\t\t<\/div>\n\t\t\t\t\t<\/div>\n\t\t<\/div>\n\t\t\t\t\t<\/div>\n\t\t<\/section>\n\t\t\t\t<\/div>\n\t\t<a href=\"https:\/\/kaco.de\/hu\/term\u00e9kek\/ioss-integralt-olajtomites-erzekelovel\/\" class=\"jet-engine-listing-overlay-link\"><\/a><\/div><\/div><div class=\"jet-listing-grid__item jet-listing-dynamic-post-14085 jet-equal-columns\" data-post-id=\"14085\"  ><div class=\"jet-engine-listing-overlay-wrap\" data-url=\"https:\/\/kaco.de\/hu\/term\u00e9kek\/ios-integralt-olajtomites\/\">\t\t<div data-elementor-type=\"jet-listing-items\" data-elementor-id=\"15235\" class=\"elementor elementor-15235 elementor-1974 elementor-1974\" data-elementor-post-type=\"jet-engine\">\n\t\t\t\t\t\t<section class=\"elementor-section elementor-top-section elementor-element elementor-element-6b2c196 elementor-section-boxed elementor-section-height-default elementor-section-height-default\" data-id=\"6b2c196\" data-element_type=\"section\" data-settings=\"{&quot;background_background&quot;:&quot;classic&quot;}\">\n\t\t\t\t\t\t<div class=\"elementor-container elementor-column-gap-default\">\n\t\t\t\t\t<div class=\"elementor-column elementor-col-100 elementor-top-column elementor-element elementor-element-8d8d451\" data-id=\"8d8d451\" data-element_type=\"column\">\n\t\t\t<div class=\"elementor-widget-wrap elementor-element-populated\">\n\t\t\t\t\t\t<div class=\"elementor-element elementor-element-5735a37 elementor-widget elementor-widget-image\" data-id=\"5735a37\" data-element_type=\"widget\" data-widget_type=\"image.default\">\n\t\t\t\t<div class=\"elementor-widget-container\">\n\t\t\t\t\t\t\t\t\t\t\t\t\t\t\t<img decoding=\"async\" width=\"1024\" height=\"1024\" src=\"https:\/\/kaco.de\/wp-content\/uploads\/ios-integrierte-oeldichtung-kaco.png\" class=\"attachment-large size-large wp-image-4410\" alt=\"IOS Integrierte \u00d6ldichtung Kaco\" srcset=\"https:\/\/kaco.de\/wp-content\/uploads\/ios-integrierte-oeldichtung-kaco.png 1024w, https:\/\/kaco.de\/wp-content\/uploads\/ios-integrierte-oeldichtung-kaco-300x300.png 300w, https:\/\/kaco.de\/wp-content\/uploads\/ios-integrierte-oeldichtung-kaco-150x150.png 150w, https:\/\/kaco.de\/wp-content\/uploads\/ios-integrierte-oeldichtung-kaco-768x768.png 768w\" sizes=\"(max-width: 1024px) 100vw, 1024px\" \/>\t\t\t\t\t\t\t\t\t\t\t\t\t\t\t<\/div>\n\t\t\t\t<\/div>\n\t\t\t\t<div class=\"elementor-element elementor-element-c74c240 elementor-widget elementor-widget-heading\" data-id=\"c74c240\" data-element_type=\"widget\" data-widget_type=\"heading.default\">\n\t\t\t\t<div class=\"elementor-widget-container\">\n\t\t\t\t\t<h3 class=\"elementor-heading-title elementor-size-default\">IOS\u00ae (integr\u00e1lt olajt\u00f6m\u00edt\u00e9s)<\/h3>\t\t\t\t<\/div>\n\t\t\t\t<\/div>\n\t\t\t\t<div class=\"elementor-element elementor-element-0e181cc elementor-widget elementor-widget-spacer\" data-id=\"0e181cc\" data-element_type=\"widget\" data-widget_type=\"spacer.default\">\n\t\t\t\t<div class=\"elementor-widget-container\">\n\t\t\t\t\t\t\t<div class=\"elementor-spacer\">\n\t\t\t<div class=\"elementor-spacer-inner\"><\/div>\n\t\t<\/div>\n\t\t\t\t\t\t<\/div>\n\t\t\t\t<\/div>\n\t\t\t\t<div class=\"elementor-element elementor-element-016e857 elementor-widget elementor-widget-heading\" data-id=\"016e857\" data-element_type=\"widget\" data-widget_type=\"heading.default\">\n\t\t\t\t<div class=\"elementor-widget-container\">\n\t\t\t\t\t<p class=\"elementor-heading-title elementor-size-default\"><a href=\"https:\/\/kaco.de\/hu\/term\u00e9kek\/ios-integralt-olajtomites\/\">Term\u00e9k megtekint\u00e9se <\/a><\/p>\t\t\t\t<\/div>\n\t\t\t\t<\/div>\n\t\t\t\t\t<\/div>\n\t\t<\/div>\n\t\t\t\t\t<\/div>\n\t\t<\/section>\n\t\t\t\t<\/div>\n\t\t<a href=\"https:\/\/kaco.de\/hu\/term\u00e9kek\/ios-integralt-olajtomites\/\" class=\"jet-engine-listing-overlay-link\"><\/a><\/div><\/div><\/div><\/div>\t\t\t\t<\/div>\n\t\t\t\t<\/div>\n\t\t\t\t\t<\/div>\n\t\t<\/div>\n\t\t\t\t\t<\/div>\n\t\t<\/section>\n\t\t\t\t<\/div>\n\t\t","protected":false},"excerpt":{"rendered":"<p>Rendszerek Egy \u00faj korszak Rendszerek A KACO a megl\u00e9v\u0151 anyag- \u00e9s term\u00e9kismeretet egyes\u00edti a rendszeregys\u00e9gek l\u00e9trehoz\u00e1s\u00e1hoz. A c\u00e9lzott funkcion\u00e1lis integr\u00e1ci\u00f3 cs\u00f6kkentheti az \u00f6sszeszerel\u00e9si l\u00e9p\u00e9seket, a t\u00f6meget \u00e9s a kapcsol\u00f3d\u00f3 k\u00f6lts\u00e9geket. Az elektromobilit\u00e1s ir\u00e1ny\u00e1ba t\u00f6rt\u00e9n\u0151 \u00e1talakul\u00e1s \u00faj lehet\u0151s\u00e9geket k\u00edn\u00e1l, amelyeket a legjobban az \u00fcgyfeleinkkel val\u00f3 korai egy\u00fcttm\u0171k\u00f6d\u00e9ssel lehet kihaszn\u00e1lni a korai fejleszt\u00e9si f\u00e1zisok keret\u00e9ben. No data [&hellip;]<\/p>\n","protected":false},"author":3,"featured_media":0,"parent":0,"menu_order":0,"comment_status":"closed","ping_status":"closed","template":"","meta":{"_acf_changed":false,"site-sidebar-layout":"no-sidebar","site-content-layout":"page-builder","ast-site-content-layout":"default","site-content-style":"default","site-sidebar-style":"default","ast-global-header-display":"","ast-banner-title-visibility":"","ast-main-header-display":"","ast-hfb-above-header-display":"","ast-hfb-below-header-display":"","ast-hfb-mobile-header-display":"","site-post-title":"disabled","ast-breadcrumbs-content":"","ast-featured-img":"disabled","footer-sml-layout":"","ast-disable-related-posts":"","theme-transparent-header-meta":"","adv-header-id-meta":"","stick-header-meta":"","header-above-stick-meta":"","header-main-stick-meta":"","header-below-stick-meta":"","astra-migrate-meta-layouts":"default","ast-page-background-enabled":"default","ast-page-background-meta":{"desktop":{"background-color":"var(--ast-global-color-4)","background-image":"","background-repeat":"repeat","background-position":"center center","background-size":"auto","background-attachment":"scroll","background-type":"","background-media":"","overlay-type":"","overlay-color":"","overlay-opacity":"","overlay-gradient":""},"tablet":{"background-color":"","background-image":"","background-repeat":"repeat","background-position":"center center","background-size":"auto","background-attachment":"scroll","background-type":"","background-media":"","overlay-type":"","overlay-color":"","overlay-opacity":"","overlay-gradient":""},"mobile":{"background-color":"","background-image":"","background-repeat":"repeat","background-position":"center center","background-size":"auto","background-attachment":"scroll","background-type":"","background-media":"","overlay-type":"","overlay-color":"","overlay-opacity":"","overlay-gradient":""}},"ast-content-background-meta":{"desktop":{"background-color":"var(--ast-global-color-5)","background-image":"","background-repeat":"repeat","background-position":"center center","background-size":"auto","background-attachment":"scroll","background-type":"","background-media":"","overlay-type":"","overlay-color":"","overlay-opacity":"","overlay-gradient":""},"tablet":{"background-color":"var(--ast-global-color-5)","background-image":"","background-repeat":"repeat","background-position":"center center","background-size":"auto","background-attachment":"scroll","background-type":"","background-media":"","overlay-type":"","overlay-color":"","overlay-opacity":"","overlay-gradient":""},"mobile":{"background-color":"var(--ast-global-color-5)","background-image":"","background-repeat":"repeat","background-position":"center center","background-size":"auto","background-attachment":"scroll","background-type":"","background-media":"","overlay-type":"","overlay-color":"","overlay-opacity":"","overlay-gradient":""}},"footnotes":""},"class_list":["post-13959","page","type-page","status-publish","hentry"],"acf":[],"yoast_head":"<!-- This site is optimized with the Yoast SEO plugin v27.4 - https:\/\/yoast.com\/product\/yoast-seo-wordpress\/ -->\n<title>Rendszerek - KACO - Der Experte f\u00fcr Dichtungssysteme<\/title>\n<meta name=\"description\" content=\"Rendszerek Egy \u00faj korszak Rendszerek A KACO a megl\u00e9v\u0151 anyag- \u00e9s term\u00e9kismeretet egyes\u00edti a rendszeregys\u00e9gek l\u00e9trehoz\u00e1s\u00e1hoz. A c\u00e9lzott funkcion\u00e1lis\" \/>\n<meta name=\"robots\" content=\"index, follow, max-snippet:-1, max-image-preview:large, max-video-preview:-1\" \/>\n<link rel=\"canonical\" href=\"https:\/\/kaco.de\/hu\/rendszerek\/\" \/>\n<meta property=\"og:locale\" content=\"hu_HU\" \/>\n<meta property=\"og:type\" content=\"article\" \/>\n<meta property=\"og:title\" content=\"Rendszerek - KACO - Der Experte f\u00fcr Dichtungssysteme\" \/>\n<meta property=\"og:description\" content=\"Rendszerek Egy \u00faj korszak Rendszerek A KACO a megl\u00e9v\u0151 anyag- \u00e9s term\u00e9kismeretet egyes\u00edti a rendszeregys\u00e9gek l\u00e9trehoz\u00e1s\u00e1hoz. A c\u00e9lzott funkcion\u00e1lis\" \/>\n<meta property=\"og:url\" content=\"https:\/\/kaco.de\/hu\/rendszerek\/\" \/>\n<meta property=\"og:site_name\" content=\"KACO - Der Experte f\u00fcr Dichtungssysteme\" \/>\n<meta property=\"article:modified_time\" content=\"2022-01-15T14:30:51+00:00\" \/>\n<meta name=\"twitter:card\" content=\"summary_large_image\" \/>\n<meta name=\"twitter:label1\" content=\"Becs\u00fclt olvas\u00e1si id\u0151\" \/>\n\t<meta name=\"twitter:data1\" content=\"1 perc\" \/>\n<script type=\"application\/ld+json\" class=\"yoast-schema-graph\">{\"@context\":\"https:\\\/\\\/schema.org\",\"@graph\":[{\"@type\":\"WebPage\",\"@id\":\"https:\\\/\\\/kaco.de\\\/hu\\\/rendszerek\\\/\",\"url\":\"https:\\\/\\\/kaco.de\\\/hu\\\/rendszerek\\\/\",\"name\":\"Rendszerek - KACO - Der Experte f\u00fcr Dichtungssysteme\",\"isPartOf\":{\"@id\":\"https:\\\/\\\/kaco.de\\\/#website\"},\"datePublished\":\"2022-01-15T14:30:23+00:00\",\"dateModified\":\"2022-01-15T14:30:51+00:00\",\"description\":\"Rendszerek Egy \u00faj korszak Rendszerek A KACO a megl\u00e9v\u0151 anyag- \u00e9s term\u00e9kismeretet egyes\u00edti a rendszeregys\u00e9gek l\u00e9trehoz\u00e1s\u00e1hoz. A c\u00e9lzott funkcion\u00e1lis\",\"breadcrumb\":{\"@id\":\"https:\\\/\\\/kaco.de\\\/hu\\\/rendszerek\\\/#breadcrumb\"},\"inLanguage\":\"hu\",\"potentialAction\":[{\"@type\":\"ReadAction\",\"target\":[\"https:\\\/\\\/kaco.de\\\/hu\\\/rendszerek\\\/\"]}]},{\"@type\":\"BreadcrumbList\",\"@id\":\"https:\\\/\\\/kaco.de\\\/hu\\\/rendszerek\\\/#breadcrumb\",\"itemListElement\":[{\"@type\":\"ListItem\",\"position\":1,\"name\":\"Home\",\"item\":\"https:\\\/\\\/kaco.de\\\/hu\\\/ungarisch-startseite-test\\\/\"},{\"@type\":\"ListItem\",\"position\":2,\"name\":\"Rendszerek\"}]},{\"@type\":\"WebSite\",\"@id\":\"https:\\\/\\\/kaco.de\\\/#website\",\"url\":\"https:\\\/\\\/kaco.de\\\/\",\"name\":\"KACO - Der Experte f\u00fcr Dichtungssysteme\",\"description\":\"Seien Sie mit unseren hochpr\u00e4zisen und anwendungsorientierten Dichtungsl\u00f6sungen bestens f\u00fcr die Automobil- und Maschinenbauindustrie ger\u00fcstet.\",\"publisher\":{\"@id\":\"https:\\\/\\\/kaco.de\\\/#organization\"},\"potentialAction\":[{\"@type\":\"SearchAction\",\"target\":{\"@type\":\"EntryPoint\",\"urlTemplate\":\"https:\\\/\\\/kaco.de\\\/?s={search_term_string}\"},\"query-input\":{\"@type\":\"PropertyValueSpecification\",\"valueRequired\":true,\"valueName\":\"search_term_string\"}}],\"inLanguage\":\"hu\"},{\"@type\":\"Organization\",\"@id\":\"https:\\\/\\\/kaco.de\\\/#organization\",\"name\":\"KACO - Der Experte f\u00fcr Dichtungssysteme\",\"url\":\"https:\\\/\\\/kaco.de\\\/\",\"logo\":{\"@type\":\"ImageObject\",\"inLanguage\":\"hu\",\"@id\":\"https:\\\/\\\/kaco.de\\\/#\\\/schema\\\/logo\\\/image\\\/\",\"url\":\"https:\\\/\\\/kaco.de\\\/wp-content\\\/uploads\\\/cropped-logo1.png\",\"contentUrl\":\"https:\\\/\\\/kaco.de\\\/wp-content\\\/uploads\\\/cropped-logo1.png\",\"width\":851,\"height\":254,\"caption\":\"KACO - Der Experte f\u00fcr Dichtungssysteme\"},\"image\":{\"@id\":\"https:\\\/\\\/kaco.de\\\/#\\\/schema\\\/logo\\\/image\\\/\"}}]}<\/script>\n<!-- \/ Yoast SEO plugin. -->","yoast_head_json":{"title":"Rendszerek - KACO - Der Experte f\u00fcr Dichtungssysteme","description":"Rendszerek Egy \u00faj korszak Rendszerek A KACO a megl\u00e9v\u0151 anyag- \u00e9s term\u00e9kismeretet egyes\u00edti a rendszeregys\u00e9gek l\u00e9trehoz\u00e1s\u00e1hoz. A c\u00e9lzott funkcion\u00e1lis","robots":{"index":"index","follow":"follow","max-snippet":"max-snippet:-1","max-image-preview":"max-image-preview:large","max-video-preview":"max-video-preview:-1"},"canonical":"https:\/\/kaco.de\/hu\/rendszerek\/","og_locale":"hu_HU","og_type":"article","og_title":"Rendszerek - KACO - Der Experte f\u00fcr Dichtungssysteme","og_description":"Rendszerek Egy \u00faj korszak Rendszerek A KACO a megl\u00e9v\u0151 anyag- \u00e9s term\u00e9kismeretet egyes\u00edti a rendszeregys\u00e9gek l\u00e9trehoz\u00e1s\u00e1hoz. A c\u00e9lzott funkcion\u00e1lis","og_url":"https:\/\/kaco.de\/hu\/rendszerek\/","og_site_name":"KACO - Der Experte f\u00fcr Dichtungssysteme","article_modified_time":"2022-01-15T14:30:51+00:00","twitter_card":"summary_large_image","twitter_misc":{"Becs\u00fclt olvas\u00e1si id\u0151":"1 perc"},"schema":{"@context":"https:\/\/schema.org","@graph":[{"@type":"WebPage","@id":"https:\/\/kaco.de\/hu\/rendszerek\/","url":"https:\/\/kaco.de\/hu\/rendszerek\/","name":"Rendszerek - KACO - Der Experte f\u00fcr Dichtungssysteme","isPartOf":{"@id":"https:\/\/kaco.de\/#website"},"datePublished":"2022-01-15T14:30:23+00:00","dateModified":"2022-01-15T14:30:51+00:00","description":"Rendszerek Egy \u00faj korszak Rendszerek A KACO a megl\u00e9v\u0151 anyag- \u00e9s term\u00e9kismeretet egyes\u00edti a rendszeregys\u00e9gek l\u00e9trehoz\u00e1s\u00e1hoz. A c\u00e9lzott funkcion\u00e1lis","breadcrumb":{"@id":"https:\/\/kaco.de\/hu\/rendszerek\/#breadcrumb"},"inLanguage":"hu","potentialAction":[{"@type":"ReadAction","target":["https:\/\/kaco.de\/hu\/rendszerek\/"]}]},{"@type":"BreadcrumbList","@id":"https:\/\/kaco.de\/hu\/rendszerek\/#breadcrumb","itemListElement":[{"@type":"ListItem","position":1,"name":"Home","item":"https:\/\/kaco.de\/hu\/ungarisch-startseite-test\/"},{"@type":"ListItem","position":2,"name":"Rendszerek"}]},{"@type":"WebSite","@id":"https:\/\/kaco.de\/#website","url":"https:\/\/kaco.de\/","name":"KACO - Der Experte f\u00fcr Dichtungssysteme","description":"Seien Sie mit unseren hochpr\u00e4zisen und anwendungsorientierten Dichtungsl\u00f6sungen bestens f\u00fcr die Automobil- und Maschinenbauindustrie ger\u00fcstet.","publisher":{"@id":"https:\/\/kaco.de\/#organization"},"potentialAction":[{"@type":"SearchAction","target":{"@type":"EntryPoint","urlTemplate":"https:\/\/kaco.de\/?s={search_term_string}"},"query-input":{"@type":"PropertyValueSpecification","valueRequired":true,"valueName":"search_term_string"}}],"inLanguage":"hu"},{"@type":"Organization","@id":"https:\/\/kaco.de\/#organization","name":"KACO - Der Experte f\u00fcr Dichtungssysteme","url":"https:\/\/kaco.de\/","logo":{"@type":"ImageObject","inLanguage":"hu","@id":"https:\/\/kaco.de\/#\/schema\/logo\/image\/","url":"https:\/\/kaco.de\/wp-content\/uploads\/cropped-logo1.png","contentUrl":"https:\/\/kaco.de\/wp-content\/uploads\/cropped-logo1.png","width":851,"height":254,"caption":"KACO - Der Experte f\u00fcr Dichtungssysteme"},"image":{"@id":"https:\/\/kaco.de\/#\/schema\/logo\/image\/"}}]}},"_links":{"self":[{"href":"https:\/\/kaco.de\/hu\/wp-json\/wp\/v2\/pages\/13959","targetHints":{"allow":["GET"]}}],"collection":[{"href":"https:\/\/kaco.de\/hu\/wp-json\/wp\/v2\/pages"}],"about":[{"href":"https:\/\/kaco.de\/hu\/wp-json\/wp\/v2\/types\/page"}],"author":[{"embeddable":true,"href":"https:\/\/kaco.de\/hu\/wp-json\/wp\/v2\/users\/3"}],"replies":[{"embeddable":true,"href":"https:\/\/kaco.de\/hu\/wp-json\/wp\/v2\/comments?post=13959"}],"version-history":[{"count":0,"href":"https:\/\/kaco.de\/hu\/wp-json\/wp\/v2\/pages\/13959\/revisions"}],"wp:attachment":[{"href":"https:\/\/kaco.de\/hu\/wp-json\/wp\/v2\/media?parent=13959"}],"curies":[{"name":"wp","href":"https:\/\/api.w.org\/{rel}","templated":true}]}}