{"id":14195,"date":"2022-01-16T11:28:45","date_gmt":"2022-01-16T10:28:45","guid":{"rendered":"https:\/\/kaco21.neckarfreunde.net\/?page_id=14195"},"modified":"2024-04-30T15:27:28","modified_gmt":"2024-04-30T13:27:28","slug":"jogi-nyilatkozat","status":"publish","type":"page","link":"https:\/\/kaco.de\/hu\/jogi-nyilatkozat\/","title":{"rendered":"Jogi nyilatkozat"},"content":{"rendered":"\t\t<div data-elementor-type=\"wp-page\" data-elementor-id=\"14195\" class=\"elementor elementor-14195 elementor-12122\" data-elementor-post-type=\"page\">\n\t\t\t\t\t\t<section class=\"elementor-section elementor-top-section elementor-element elementor-element-b511c40 elementor-section-full_width elementor-section-stretched elementor-section-height-default elementor-section-height-default\" data-id=\"b511c40\" data-element_type=\"section\" data-settings=\"{&quot;stretch_section&quot;:&quot;section-stretched&quot;}\">\n\t\t\t\t\t\t<div class=\"elementor-container elementor-column-gap-default\">\n\t\t\t\t\t<div class=\"elementor-column elementor-col-100 elementor-top-column elementor-element elementor-element-04c123e\" data-id=\"04c123e\" data-element_type=\"column\">\n\t\t\t<div class=\"elementor-widget-wrap elementor-element-populated\">\n\t\t\t\t\t\t<div class=\"elementor-element elementor-element-55506d6 elementor-widget elementor-widget-image\" data-id=\"55506d6\" data-element_type=\"widget\" data-widget_type=\"image.default\">\n\t\t\t\t<div class=\"elementor-widget-container\">\n\t\t\t\t\t\t\t\t\t\t\t\t\t\t\t<img fetchpriority=\"high\" decoding=\"async\" width=\"1500\" height=\"635\" src=\"https:\/\/kaco.de\/wp-content\/uploads\/unternehmen-kaco@2x.jpeg\" class=\"attachment-full size-full wp-image-7312\" alt=\"Unternehmen KACO\" \/>\t\t\t\t\t\t\t\t\t\t\t\t\t\t\t<\/div>\n\t\t\t\t<\/div>\n\t\t\t\t\t<\/div>\n\t\t<\/div>\n\t\t\t\t\t<\/div>\n\t\t<\/section>\n\t\t\t\t<section class=\"elementor-section elementor-top-section elementor-element elementor-element-c381d69 elementor-section-content-bottom elementor-section-stretched pageheader elementor-section-boxed elementor-section-height-default elementor-section-height-default\" data-id=\"c381d69\" data-element_type=\"section\" data-settings=\"{&quot;background_background&quot;:&quot;classic&quot;,&quot;stretch_section&quot;:&quot;section-stretched&quot;}\">\n\t\t\t\t\t\t<div class=\"elementor-container elementor-column-gap-default\">\n\t\t\t\t\t<div class=\"elementor-column elementor-col-50 elementor-top-column elementor-element elementor-element-b710c6f pageheader-row-left\" data-id=\"b710c6f\" data-element_type=\"column\" data-settings=\"{&quot;background_background&quot;:&quot;classic&quot;}\">\n\t\t\t<div class=\"elementor-widget-wrap elementor-element-populated\">\n\t\t\t\t\t\t<div class=\"elementor-element elementor-element-e7a25e6 elementor-widget elementor-widget-heading\" data-id=\"e7a25e6\" data-element_type=\"widget\" data-widget_type=\"heading.default\">\n\t\t\t\t<div class=\"elementor-widget-container\">\n\t\t\t\t\t<h1 class=\"elementor-heading-title elementor-size-default\">Jogi nyilatkozat<\/h1>\t\t\t\t<\/div>\n\t\t\t\t<\/div>\n\t\t\t\t\t<\/div>\n\t\t<\/div>\n\t\t\t\t<div class=\"elementor-column elementor-col-50 elementor-top-column elementor-element elementor-element-f3fca4b\" data-id=\"f3fca4b\" data-element_type=\"column\">\n\t\t\t<div class=\"elementor-widget-wrap\">\n\t\t\t\t\t\t\t<\/div>\n\t\t<\/div>\n\t\t\t\t\t<\/div>\n\t\t<\/section>\n\t\t\t\t<section class=\"elementor-section elementor-top-section elementor-element elementor-element-6075cc1 elementor-section-stretched elementor-section-boxed elementor-section-height-default elementor-section-height-default\" data-id=\"6075cc1\" data-element_type=\"section\" data-settings=\"{&quot;stretch_section&quot;:&quot;section-stretched&quot;,&quot;background_background&quot;:&quot;classic&quot;}\">\n\t\t\t\t\t\t<div class=\"elementor-container elementor-column-gap-default\">\n\t\t\t\t\t<div class=\"elementor-column elementor-col-66 elementor-top-column elementor-element elementor-element-2e1565c\" data-id=\"2e1565c\" data-element_type=\"column\">\n\t\t\t<div class=\"elementor-widget-wrap elementor-element-populated\">\n\t\t\t\t\t\t<div class=\"elementor-element elementor-element-dcfd801 elementor-widget elementor-widget-text-editor\" data-id=\"dcfd801\" data-element_type=\"widget\" data-widget_type=\"text-editor.default\">\n\t\t\t\t<div class=\"elementor-widget-container\">\n\t\t\t\t\t\t\t\t\t<h3>Szellemi tulajdon<\/h3><p>A weboldalakon megjelen\u0151 inform\u00e1ci\u00f3k, m\u00e1rk\u00e1k, log\u00f3k \u00e9s embl\u00e9m\u00e1k a KACO GmbH + Co. KG vagy le\u00e1nyv\u00e1llalatai tulajdon\u00e1t k\u00e9pezik.<\/p><p>Az inform\u00e1ci\u00f3k egyike sem \u00e9rtelmezhet\u0151 enged\u00e9ly, vagy hozz\u00e1j\u00e1rul\u00e1s megad\u00e1sak\u00e9nt, illetve a v\u00e9djegyhaszn\u00e1lat mell\u0151zhet\u0151s\u00e9gek\u00e9nt.<\/p><p>Semmilyen inform\u00e1ci\u00f3 \u00e9s egy\u00e9b tartalom nem m\u00f3dos\u00edthat\u00f3, m\u00e1solhat\u00f3, reproduk\u00e1lhat\u00f3, \u00e9rt\u00e9kes\u00edthet\u0151, b\u00e9rbe adhat\u00f3, felhaszn\u00e1lhat\u00f3, kieg\u00e9sz\u00edthet\u0151, harmadik f\u00e9l sz\u00e1m\u00e1ra el\u00e9rhet\u0151v\u00e9 nem tehet\u0151, vagy m\u00e1s m\u00f3don nem hasznos\u00edthat\u00f3.<\/p><p>Ezen inform\u00e1ci\u00f3k felhaszn\u00e1l\u00e1sa csak a KACO GmbH + Co. KG kifejezett \u00edr\u00e1sbeli hozz\u00e1j\u00e1rul\u00e1sa eset\u00e9n enged\u00e9lyezett.<\/p><p>A megadott haszn\u00e1lati jogon, vagy egy\u00e9b jogokon k\u00edv\u00fcl semmif\u00e9le tov\u00e1bbi jog, k\u00fcl\u00f6n\u00f6sen a c\u00e9gn\u00e9vhez \u00e9s egy\u00e9b ipari tulajdonjogokhoz, p\u00e9ld\u00e1ul szabadalmakhoz, haszn\u00e1lati mint\u00e1khoz, formatervez\u00e9si mint\u00e1khoz vagy v\u00e9djegyekhez nem biztos\u00edthat\u00f3, \u00e9s azt csak a KACO GmbH + Co. KG adhat.<\/p><p>A weboldalakon tal\u00e1lhat\u00f3 \u00f6sszes sz\u00f6veg, k\u00e9p, grafika, anim\u00e1ci\u00f3, vide\u00f3, zene, hang, elrendez\u00e9s, valamint minden grafikai tervez\u00e9s \u00e9s egy\u00e9b anyag a KACO GmbH + Co. KG \u00e9s le\u00e1nyv\u00e1llalatai szerz\u0151i \u00e9s egy\u00e9b szellemi tulajdonjogai k\u00f6z\u00e9 tartozik.<\/p><p>A KACO GmbH + Co. KG szerz\u0151i joggal rendelkezik a weboldalon megjelen\u0151 inform\u00e1ci\u00f3k kiv\u00e1laszt\u00e1s\u00e1ra, koordin\u00e1l\u00e1s\u00e1ra \u00e9s kezel\u00e9s\u00e9re tekintettel.<\/p><p>Az inform\u00e1ci\u00f3k kereskedelmi felhaszn\u00e1l\u00e1s, vagy terjeszt\u00e9s c\u00e9lj\u00e1b\u00f3l nem m\u00e1solhat\u00f3k, \u00e9s nem m\u00f3dos\u00edthat\u00f3k, ill. tov\u00e1bb\u00edthat\u00f3k m\u00e1s webhelyekre.<\/p><p>A KACO GmbH + Co. KG a vonatkoz\u00f3 t\u00f6rv\u00e9nyek \u00e1ltal megengedett m\u00e9rt\u00e9kben \u00e9rv\u00e9nyes\u00edti szellemi tulajdonjogait vil\u00e1gszerte.<\/p><p>Copyright \u00a9 2024 KACO GmbH + Co. KG.<\/p>\t\t\t\t\t\t\t\t<\/div>\n\t\t\t\t<\/div>\n\t\t\t\t<div class=\"elementor-element elementor-element-cc1c453 elementor-widget elementor-widget-spacer\" data-id=\"cc1c453\" data-element_type=\"widget\" data-widget_type=\"spacer.default\">\n\t\t\t\t<div class=\"elementor-widget-container\">\n\t\t\t\t\t\t\t<div class=\"elementor-spacer\">\n\t\t\t<div class=\"elementor-spacer-inner\"><\/div>\n\t\t<\/div>\n\t\t\t\t\t\t<\/div>\n\t\t\t\t<\/div>\n\t\t\t\t<div class=\"elementor-element elementor-element-824b2f9 elementor-widget elementor-widget-text-editor\" data-id=\"824b2f9\" data-element_type=\"widget\" data-widget_type=\"text-editor.default\">\n\t\t\t\t<div class=\"elementor-widget-container\">\n\t\t\t\t\t\t\t\t\t<h3>Term\u00e9kek<\/h3><p>Az egyes oldalak szerkeszt\u00e9si hat\u00e1rideje ut\u00e1n a term\u00e9keken m\u00f3dos\u00edt\u00e1sok t\u00f6rt\u00e9nhettek. A gy\u00e1rt\u00f3 fenntartja mag\u00e1nak a jogot a formatervez\u00e9s vagy a forma megv\u00e1ltoztat\u00e1s\u00e1ra, a sz\u00ednben val\u00f3 elt\u00e9r\u00e9sekre \u00e9s a teljes\u00edt\u0151k\u00e9pess\u00e9g m\u00f3dos\u00edt\u00e1s\u00e1ra, felt\u00e9ve, hogy a v\u00e1ltoztat\u00e1sok vagy elt\u00e9r\u00e9sek a KACO \u00e9rdekeit figyelembe v\u00e9ve a v\u00e1s\u00e1rl\u00f3 sz\u00e1m\u00e1ra \u00e9sszer\u0171ek. Az egyes oldalak olyan term\u00e9keket \u00e9s szolg\u00e1ltat\u00e1sokat is tartalmazhatnak, amelyeket az egyes orsz\u00e1gokban nem k\u00edn\u00e1lnak.<\/p>\t\t\t\t\t\t\t\t<\/div>\n\t\t\t\t<\/div>\n\t\t\t\t<div class=\"elementor-element elementor-element-b4f0962 elementor-widget elementor-widget-spacer\" data-id=\"b4f0962\" data-element_type=\"widget\" data-widget_type=\"spacer.default\">\n\t\t\t\t<div class=\"elementor-widget-container\">\n\t\t\t\t\t\t\t<div class=\"elementor-spacer\">\n\t\t\t<div class=\"elementor-spacer-inner\"><\/div>\n\t\t<\/div>\n\t\t\t\t\t\t<\/div>\n\t\t\t\t<\/div>\n\t\t\t\t<div class=\"elementor-element elementor-element-48b2365 elementor-widget elementor-widget-text-editor\" data-id=\"48b2365\" data-element_type=\"widget\" data-widget_type=\"text-editor.default\">\n\t\t\t\t<div class=\"elementor-widget-container\">\n\t\t\t\t\t\t\t\t\t<h3>Felel\u0151ss\u00e9g<\/h3><p>Az itt felsorolt inform\u00e1ci\u00f3kat \u00e9s \u00e9rt\u00e9keket modell- \u00e9s laborat\u00f3riumi k\u00f6r\u00fclm\u00e9nyek k\u00f6z\u00f6tt hat\u00e1rozt\u00e1k meg. Nem k\u00e9pviselnek semmilyen biztos\u00edtott tulajdons\u00e1got, garanci\u00e1t vagy szavatoss\u00e1got. A term\u00e9kek megfelel\u0151 alkalmaz\u00e1sban val\u00f3 \u00e9rv\u00e9nyes\u00edt\u00e9se, teljes\u00edtm\u00e9ny\u00fck, valamint az adott c\u00e9lra val\u00f3 alkalmass\u00e1guk a felhaszn\u00e1l\u00f3 felel\u0151ss\u00e9ge.<\/p>\t\t\t\t\t\t\t\t<\/div>\n\t\t\t\t<\/div>\n\t\t\t\t<div class=\"elementor-element elementor-element-73eadb1 elementor-widget elementor-widget-spacer\" data-id=\"73eadb1\" data-element_type=\"widget\" data-widget_type=\"spacer.default\">\n\t\t\t\t<div class=\"elementor-widget-container\">\n\t\t\t\t\t\t\t<div class=\"elementor-spacer\">\n\t\t\t<div class=\"elementor-spacer-inner\"><\/div>\n\t\t<\/div>\n\t\t\t\t\t\t<\/div>\n\t\t\t\t<\/div>\n\t\t\t\t<div class=\"elementor-element elementor-element-228ac65 elementor-widget elementor-widget-text-editor\" data-id=\"228ac65\" data-element_type=\"widget\" data-widget_type=\"text-editor.default\">\n\t\t\t\t<div class=\"elementor-widget-container\">\n\t\t\t\t\t\t\t\t\t<h3>Nemi jegyzet<\/h3><p>A jobb olvashat\u00f3s\u00e1g \u00e9rdek\u00e9ben ezen a weboldalon a szem\u00e9lynevek \u00e9s szem\u00e9lyes f\u0151nevek eset\u00e9ben a h\u00edmnem\u0171 alakot haszn\u00e1ljuk. Az egyenl\u0151 b\u00e1n\u00e1sm\u00f3d \u00e9rdek\u00e9ben a megfelel\u0151 kifejez\u00e9sek elvileg minden nemre vonatkoznak. A r\u00f6vid\u00edtett nyelvi forma csak szerkeszt\u00e9si okokb\u00f3l van, \u00e9s nem jelent semmif\u00e9le \u00e9rt\u00e9k\u00edt\u00e9letet.<\/p>\t\t\t\t\t\t\t\t<\/div>\n\t\t\t\t<\/div>\n\t\t\t\t\t<\/div>\n\t\t<\/div>\n\t\t\t\t<div class=\"elementor-column elementor-col-33 elementor-top-column elementor-element elementor-element-b396f28\" data-id=\"b396f28\" data-element_type=\"column\">\n\t\t\t<div class=\"elementor-widget-wrap\">\n\t\t\t\t\t\t\t<\/div>\n\t\t<\/div>\n\t\t\t\t\t<\/div>\n\t\t<\/section>\n\t\t\t\t<\/div>\n\t\t","protected":false},"excerpt":{"rendered":"<p>Jogi nyilatkozat Szellemi tulajdon A weboldalakon megjelen\u0151 inform\u00e1ci\u00f3k, m\u00e1rk\u00e1k, log\u00f3k \u00e9s embl\u00e9m\u00e1k a KACO GmbH + Co. KG vagy le\u00e1nyv\u00e1llalatai tulajdon\u00e1t k\u00e9pezik. Az inform\u00e1ci\u00f3k egyike sem \u00e9rtelmezhet\u0151 enged\u00e9ly, vagy hozz\u00e1j\u00e1rul\u00e1s megad\u00e1sak\u00e9nt, illetve a v\u00e9djegyhaszn\u00e1lat mell\u0151zhet\u0151s\u00e9gek\u00e9nt. Semmilyen inform\u00e1ci\u00f3 \u00e9s egy\u00e9b tartalom nem m\u00f3dos\u00edthat\u00f3, m\u00e1solhat\u00f3, reproduk\u00e1lhat\u00f3, \u00e9rt\u00e9kes\u00edthet\u0151, b\u00e9rbe adhat\u00f3, felhaszn\u00e1lhat\u00f3, kieg\u00e9sz\u00edthet\u0151, harmadik f\u00e9l sz\u00e1m\u00e1ra el\u00e9rhet\u0151v\u00e9 nem tehet\u0151, [&hellip;]<\/p>\n","protected":false},"author":3,"featured_media":0,"parent":0,"menu_order":0,"comment_status":"closed","ping_status":"closed","template":"","meta":{"_acf_changed":false,"site-sidebar-layout":"no-sidebar","site-content-layout":"page-builder","ast-site-content-layout":"default","site-content-style":"default","site-sidebar-style":"default","ast-global-header-display":"","ast-banner-title-visibility":"","ast-main-header-display":"","ast-hfb-above-header-display":"","ast-hfb-below-header-display":"","ast-hfb-mobile-header-display":"","site-post-title":"disabled","ast-breadcrumbs-content":"","ast-featured-img":"disabled","footer-sml-layout":"","ast-disable-related-posts":"","theme-transparent-header-meta":"","adv-header-id-meta":"","stick-header-meta":"","header-above-stick-meta":"","header-main-stick-meta":"","header-below-stick-meta":"","astra-migrate-meta-layouts":"default","ast-page-background-enabled":"default","ast-page-background-meta":{"desktop":{"background-color":"var(--ast-global-color-4)","background-image":"","background-repeat":"repeat","background-position":"center center","background-size":"auto","background-attachment":"scroll","background-type":"","background-media":"","overlay-type":"","overlay-color":"","overlay-opacity":"","overlay-gradient":""},"tablet":{"background-color":"","background-image":"","background-repeat":"repeat","background-position":"center center","background-size":"auto","background-attachment":"scroll","background-type":"","background-media":"","overlay-type":"","overlay-color":"","overlay-opacity":"","overlay-gradient":""},"mobile":{"background-color":"","background-image":"","background-repeat":"repeat","background-position":"center center","background-size":"auto","background-attachment":"scroll","background-type":"","background-media":"","overlay-type":"","overlay-color":"","overlay-opacity":"","overlay-gradient":""}},"ast-content-background-meta":{"desktop":{"background-color":"var(--ast-global-color-5)","background-image":"","background-repeat":"repeat","background-position":"center center","background-size":"auto","background-attachment":"scroll","background-type":"","background-media":"","overlay-type":"","overlay-color":"","overlay-opacity":"","overlay-gradient":""},"tablet":{"background-color":"var(--ast-global-color-5)","background-image":"","background-repeat":"repeat","background-position":"center center","background-size":"auto","background-attachment":"scroll","background-type":"","background-media":"","overlay-type":"","overlay-color":"","overlay-opacity":"","overlay-gradient":""},"mobile":{"background-color":"var(--ast-global-color-5)","background-image":"","background-repeat":"repeat","background-position":"center center","background-size":"auto","background-attachment":"scroll","background-type":"","background-media":"","overlay-type":"","overlay-color":"","overlay-opacity":"","overlay-gradient":""}},"footnotes":""},"class_list":["post-14195","page","type-page","status-publish","hentry"],"acf":[],"yoast_head":"<!-- This site is optimized with the Yoast SEO plugin v27.4 - https:\/\/yoast.com\/product\/yoast-seo-wordpress\/ -->\n<title>Jogi nyilatkozat - KACO - Der Experte f\u00fcr Dichtungssysteme<\/title>\n<meta name=\"description\" content=\"Jogi nyilatkozat Szellemi tulajdonA weboldalakon megjelen\u0151 inform\u00e1ci\u00f3k, m\u00e1rk\u00e1k, log\u00f3k \u00e9s embl\u00e9m\u00e1k a KACO GmbH + Co. KG vagy le\u00e1nyv\u00e1llalatai tulajdon\u00e1t\" \/>\n<meta name=\"robots\" content=\"index, follow, max-snippet:-1, max-image-preview:large, max-video-preview:-1\" \/>\n<link rel=\"canonical\" href=\"https:\/\/kaco.de\/rechtliche-hinweise\/\" \/>\n<meta property=\"og:locale\" content=\"hu_HU\" \/>\n<meta property=\"og:type\" content=\"article\" \/>\n<meta property=\"og:title\" content=\"Jogi nyilatkozat - KACO - Der Experte f\u00fcr Dichtungssysteme\" \/>\n<meta property=\"og:description\" content=\"Jogi nyilatkozat Szellemi tulajdonA weboldalakon megjelen\u0151 inform\u00e1ci\u00f3k, m\u00e1rk\u00e1k, log\u00f3k \u00e9s embl\u00e9m\u00e1k a KACO GmbH + Co. KG vagy le\u00e1nyv\u00e1llalatai tulajdon\u00e1t\" \/>\n<meta property=\"og:url\" content=\"https:\/\/kaco.de\/rechtliche-hinweise\/\" \/>\n<meta property=\"og:site_name\" content=\"KACO - Der Experte f\u00fcr Dichtungssysteme\" \/>\n<meta property=\"article:modified_time\" content=\"2024-04-30T13:27:28+00:00\" \/>\n<meta property=\"og:image\" content=\"https:\/\/kaco.de\/wp-content\/uploads\/unternehmen-kaco@2x.jpeg\" \/>\n<meta name=\"twitter:card\" content=\"summary_large_image\" \/>\n<meta name=\"twitter:label1\" content=\"Becs\u00fclt olvas\u00e1si id\u0151\" \/>\n\t<meta name=\"twitter:data1\" content=\"3 perc\" \/>\n<script type=\"application\/ld+json\" class=\"yoast-schema-graph\">{\"@context\":\"https:\\\/\\\/schema.org\",\"@graph\":[{\"@type\":\"WebPage\",\"@id\":\"https:\\\/\\\/kaco.de\\\/rechtliche-hinweise\\\/\",\"url\":\"https:\\\/\\\/kaco.de\\\/rechtliche-hinweise\\\/\",\"name\":\"Jogi nyilatkozat - KACO - Der Experte f\u00fcr Dichtungssysteme\",\"isPartOf\":{\"@id\":\"https:\\\/\\\/kaco.de\\\/#website\"},\"primaryImageOfPage\":{\"@id\":\"https:\\\/\\\/kaco.de\\\/rechtliche-hinweise\\\/#primaryimage\"},\"image\":{\"@id\":\"https:\\\/\\\/kaco.de\\\/rechtliche-hinweise\\\/#primaryimage\"},\"thumbnailUrl\":\"https:\\\/\\\/kaco.de\\\/wp-content\\\/uploads\\\/unternehmen-kaco@2x.jpeg\",\"datePublished\":\"2022-01-16T10:28:45+00:00\",\"dateModified\":\"2024-04-30T13:27:28+00:00\",\"description\":\"Jogi nyilatkozat Szellemi tulajdonA weboldalakon megjelen\u0151 inform\u00e1ci\u00f3k, m\u00e1rk\u00e1k, log\u00f3k \u00e9s embl\u00e9m\u00e1k a KACO GmbH + Co. KG vagy le\u00e1nyv\u00e1llalatai tulajdon\u00e1t\",\"breadcrumb\":{\"@id\":\"https:\\\/\\\/kaco.de\\\/rechtliche-hinweise\\\/#breadcrumb\"},\"inLanguage\":\"hu\",\"potentialAction\":[{\"@type\":\"ReadAction\",\"target\":[\"https:\\\/\\\/kaco.de\\\/rechtliche-hinweise\\\/\"]}]},{\"@type\":\"ImageObject\",\"inLanguage\":\"hu\",\"@id\":\"https:\\\/\\\/kaco.de\\\/rechtliche-hinweise\\\/#primaryimage\",\"url\":\"https:\\\/\\\/kaco.de\\\/wp-content\\\/uploads\\\/unternehmen-kaco@2x.jpeg\",\"contentUrl\":\"https:\\\/\\\/kaco.de\\\/wp-content\\\/uploads\\\/unternehmen-kaco@2x.jpeg\"},{\"@type\":\"BreadcrumbList\",\"@id\":\"https:\\\/\\\/kaco.de\\\/rechtliche-hinweise\\\/#breadcrumb\",\"itemListElement\":[{\"@type\":\"ListItem\",\"position\":1,\"name\":\"Home\",\"item\":\"https:\\\/\\\/kaco.de\\\/hu\\\/ungarisch-startseite-test\\\/\"},{\"@type\":\"ListItem\",\"position\":2,\"name\":\"Jogi nyilatkozat\"}]},{\"@type\":\"WebSite\",\"@id\":\"https:\\\/\\\/kaco.de\\\/#website\",\"url\":\"https:\\\/\\\/kaco.de\\\/\",\"name\":\"KACO - Der Experte f\u00fcr Dichtungssysteme\",\"description\":\"Seien Sie mit unseren hochpr\u00e4zisen und anwendungsorientierten Dichtungsl\u00f6sungen bestens f\u00fcr die Automobil- und Maschinenbauindustrie ger\u00fcstet.\",\"publisher\":{\"@id\":\"https:\\\/\\\/kaco.de\\\/#organization\"},\"potentialAction\":[{\"@type\":\"SearchAction\",\"target\":{\"@type\":\"EntryPoint\",\"urlTemplate\":\"https:\\\/\\\/kaco.de\\\/?s={search_term_string}\"},\"query-input\":{\"@type\":\"PropertyValueSpecification\",\"valueRequired\":true,\"valueName\":\"search_term_string\"}}],\"inLanguage\":\"hu\"},{\"@type\":\"Organization\",\"@id\":\"https:\\\/\\\/kaco.de\\\/#organization\",\"name\":\"KACO - Der Experte f\u00fcr Dichtungssysteme\",\"url\":\"https:\\\/\\\/kaco.de\\\/\",\"logo\":{\"@type\":\"ImageObject\",\"inLanguage\":\"hu\",\"@id\":\"https:\\\/\\\/kaco.de\\\/#\\\/schema\\\/logo\\\/image\\\/\",\"url\":\"https:\\\/\\\/kaco.de\\\/wp-content\\\/uploads\\\/cropped-logo1.png\",\"contentUrl\":\"https:\\\/\\\/kaco.de\\\/wp-content\\\/uploads\\\/cropped-logo1.png\",\"width\":851,\"height\":254,\"caption\":\"KACO - Der Experte f\u00fcr Dichtungssysteme\"},\"image\":{\"@id\":\"https:\\\/\\\/kaco.de\\\/#\\\/schema\\\/logo\\\/image\\\/\"}}]}<\/script>\n<!-- \/ Yoast SEO plugin. -->","yoast_head_json":{"title":"Jogi nyilatkozat - KACO - Der Experte f\u00fcr Dichtungssysteme","description":"Jogi nyilatkozat Szellemi tulajdonA weboldalakon megjelen\u0151 inform\u00e1ci\u00f3k, m\u00e1rk\u00e1k, log\u00f3k \u00e9s embl\u00e9m\u00e1k a KACO GmbH + Co. KG vagy le\u00e1nyv\u00e1llalatai tulajdon\u00e1t","robots":{"index":"index","follow":"follow","max-snippet":"max-snippet:-1","max-image-preview":"max-image-preview:large","max-video-preview":"max-video-preview:-1"},"canonical":"https:\/\/kaco.de\/rechtliche-hinweise\/","og_locale":"hu_HU","og_type":"article","og_title":"Jogi nyilatkozat - KACO - Der Experte f\u00fcr Dichtungssysteme","og_description":"Jogi nyilatkozat Szellemi tulajdonA weboldalakon megjelen\u0151 inform\u00e1ci\u00f3k, m\u00e1rk\u00e1k, log\u00f3k \u00e9s embl\u00e9m\u00e1k a KACO GmbH + Co. KG vagy le\u00e1nyv\u00e1llalatai tulajdon\u00e1t","og_url":"https:\/\/kaco.de\/rechtliche-hinweise\/","og_site_name":"KACO - Der Experte f\u00fcr Dichtungssysteme","article_modified_time":"2024-04-30T13:27:28+00:00","og_image":[{"url":"https:\/\/kaco.de\/wp-content\/uploads\/unternehmen-kaco@2x.jpeg","type":"","width":"","height":""}],"twitter_card":"summary_large_image","twitter_misc":{"Becs\u00fclt olvas\u00e1si id\u0151":"3 perc"},"schema":{"@context":"https:\/\/schema.org","@graph":[{"@type":"WebPage","@id":"https:\/\/kaco.de\/rechtliche-hinweise\/","url":"https:\/\/kaco.de\/rechtliche-hinweise\/","name":"Jogi nyilatkozat - KACO - Der Experte f\u00fcr Dichtungssysteme","isPartOf":{"@id":"https:\/\/kaco.de\/#website"},"primaryImageOfPage":{"@id":"https:\/\/kaco.de\/rechtliche-hinweise\/#primaryimage"},"image":{"@id":"https:\/\/kaco.de\/rechtliche-hinweise\/#primaryimage"},"thumbnailUrl":"https:\/\/kaco.de\/wp-content\/uploads\/unternehmen-kaco@2x.jpeg","datePublished":"2022-01-16T10:28:45+00:00","dateModified":"2024-04-30T13:27:28+00:00","description":"Jogi nyilatkozat Szellemi tulajdonA weboldalakon megjelen\u0151 inform\u00e1ci\u00f3k, m\u00e1rk\u00e1k, log\u00f3k \u00e9s embl\u00e9m\u00e1k a KACO GmbH + Co. KG vagy le\u00e1nyv\u00e1llalatai tulajdon\u00e1t","breadcrumb":{"@id":"https:\/\/kaco.de\/rechtliche-hinweise\/#breadcrumb"},"inLanguage":"hu","potentialAction":[{"@type":"ReadAction","target":["https:\/\/kaco.de\/rechtliche-hinweise\/"]}]},{"@type":"ImageObject","inLanguage":"hu","@id":"https:\/\/kaco.de\/rechtliche-hinweise\/#primaryimage","url":"https:\/\/kaco.de\/wp-content\/uploads\/unternehmen-kaco@2x.jpeg","contentUrl":"https:\/\/kaco.de\/wp-content\/uploads\/unternehmen-kaco@2x.jpeg"},{"@type":"BreadcrumbList","@id":"https:\/\/kaco.de\/rechtliche-hinweise\/#breadcrumb","itemListElement":[{"@type":"ListItem","position":1,"name":"Home","item":"https:\/\/kaco.de\/hu\/ungarisch-startseite-test\/"},{"@type":"ListItem","position":2,"name":"Jogi nyilatkozat"}]},{"@type":"WebSite","@id":"https:\/\/kaco.de\/#website","url":"https:\/\/kaco.de\/","name":"KACO - Der Experte f\u00fcr Dichtungssysteme","description":"Seien Sie mit unseren hochpr\u00e4zisen und anwendungsorientierten Dichtungsl\u00f6sungen bestens f\u00fcr die Automobil- und Maschinenbauindustrie ger\u00fcstet.","publisher":{"@id":"https:\/\/kaco.de\/#organization"},"potentialAction":[{"@type":"SearchAction","target":{"@type":"EntryPoint","urlTemplate":"https:\/\/kaco.de\/?s={search_term_string}"},"query-input":{"@type":"PropertyValueSpecification","valueRequired":true,"valueName":"search_term_string"}}],"inLanguage":"hu"},{"@type":"Organization","@id":"https:\/\/kaco.de\/#organization","name":"KACO - Der Experte f\u00fcr Dichtungssysteme","url":"https:\/\/kaco.de\/","logo":{"@type":"ImageObject","inLanguage":"hu","@id":"https:\/\/kaco.de\/#\/schema\/logo\/image\/","url":"https:\/\/kaco.de\/wp-content\/uploads\/cropped-logo1.png","contentUrl":"https:\/\/kaco.de\/wp-content\/uploads\/cropped-logo1.png","width":851,"height":254,"caption":"KACO - Der Experte f\u00fcr Dichtungssysteme"},"image":{"@id":"https:\/\/kaco.de\/#\/schema\/logo\/image\/"}}]}},"_links":{"self":[{"href":"https:\/\/kaco.de\/hu\/wp-json\/wp\/v2\/pages\/14195","targetHints":{"allow":["GET"]}}],"collection":[{"href":"https:\/\/kaco.de\/hu\/wp-json\/wp\/v2\/pages"}],"about":[{"href":"https:\/\/kaco.de\/hu\/wp-json\/wp\/v2\/types\/page"}],"author":[{"embeddable":true,"href":"https:\/\/kaco.de\/hu\/wp-json\/wp\/v2\/users\/3"}],"replies":[{"embeddable":true,"href":"https:\/\/kaco.de\/hu\/wp-json\/wp\/v2\/comments?post=14195"}],"version-history":[{"count":3,"href":"https:\/\/kaco.de\/hu\/wp-json\/wp\/v2\/pages\/14195\/revisions"}],"predecessor-version":[{"id":28899,"href":"https:\/\/kaco.de\/hu\/wp-json\/wp\/v2\/pages\/14195\/revisions\/28899"}],"wp:attachment":[{"href":"https:\/\/kaco.de\/hu\/wp-json\/wp\/v2\/media?parent=14195"}],"curies":[{"name":"wp","href":"https:\/\/api.w.org\/{rel}","templated":true}]}}