{"id":16996,"date":"2021-12-09T10:11:00","date_gmt":"2021-12-09T09:11:00","guid":{"rendered":"https:\/\/kaco21.neckarfreunde.net\/newsletter\/"},"modified":"2023-07-10T11:45:31","modified_gmt":"2023-07-10T09:45:31","slug":"hirlevel","status":"publish","type":"page","link":"https:\/\/kaco.de\/hu\/hirlevel\/","title":{"rendered":"H\u00edrlev\u00e9l"},"content":{"rendered":"\t\t<div data-elementor-type=\"wp-page\" data-elementor-id=\"16996\" class=\"elementor elementor-16996 elementor-647\" data-elementor-post-type=\"page\">\n\t\t\t\t\t\t<section class=\"elementor-section elementor-top-section elementor-element elementor-element-1c4a52f elementor-section-boxed elementor-section-height-default elementor-section-height-default\" data-id=\"1c4a52f\" data-element_type=\"section\">\n\t\t\t\t\t\t<div class=\"elementor-container elementor-column-gap-default\">\n\t\t\t\t\t<div class=\"elementor-column elementor-col-66 elementor-top-column elementor-element elementor-element-4740c8d\" data-id=\"4740c8d\" data-element_type=\"column\">\n\t\t\t<div class=\"elementor-widget-wrap elementor-element-populated\">\n\t\t\t\t\t\t<div class=\"elementor-element elementor-element-9d08345 elementor-widget elementor-widget-heading\" data-id=\"9d08345\" data-element_type=\"widget\" data-widget_type=\"heading.default\">\n\t\t\t\t<div class=\"elementor-widget-container\">\n\t\t\t\t\t<h1 class=\"elementor-heading-title elementor-size-default\">Iratkozzon fel a KACO <\/br>h\u00edrekre e-mailben <\/h1>\t\t\t\t<\/div>\n\t\t\t\t<\/div>\n\t\t\t\t<div class=\"elementor-element elementor-element-e9f1777 elementor-widget elementor-widget-text-editor\" data-id=\"e9f1777\" data-element_type=\"widget\" data-widget_type=\"text-editor.default\">\n\t\t\t\t<div class=\"elementor-widget-container\">\n\t\t\t\t\t\t\t\t\t<p>Biztos\u00edtson mag\u00e1nak tud\u00e1sbeli el\u0151nyt! A KACO h\u00edrlev\u00e9llel izgalmas h\u00edreket kap k\u00f6zvetlen\u00fcl a KACO n\u00e9metorsz\u00e1gi k\u00f6zpontj\u00e1b\u00f3l.<\/p>\t\t\t\t\t\t\t\t<\/div>\n\t\t\t\t<\/div>\n\t\t\t\t\t<\/div>\n\t\t<\/div>\n\t\t\t\t<div class=\"elementor-column elementor-col-33 elementor-top-column elementor-element elementor-element-7c88c33\" data-id=\"7c88c33\" data-element_type=\"column\">\n\t\t\t<div class=\"elementor-widget-wrap\">\n\t\t\t\t\t\t\t<\/div>\n\t\t<\/div>\n\t\t\t\t\t<\/div>\n\t\t<\/section>\n\t\t\t\t<section class=\"elementor-section elementor-top-section elementor-element elementor-element-f789593 elementor-section-boxed elementor-section-height-default elementor-section-height-default\" data-id=\"f789593\" data-element_type=\"section\">\n\t\t\t\t\t\t<div class=\"elementor-container elementor-column-gap-default\">\n\t\t\t\t\t<div class=\"elementor-column elementor-col-100 elementor-top-column elementor-element elementor-element-1b1d771\" data-id=\"1b1d771\" data-element_type=\"column\">\n\t\t\t<div class=\"elementor-widget-wrap elementor-element-populated\">\n\t\t\t\t\t\t<div class=\"elementor-element elementor-element-9ae59c5 elementor-widget elementor-widget-html\" data-id=\"9ae59c5\" data-element_type=\"widget\" data-widget_type=\"html.default\">\n\t\t\t\t<div class=\"elementor-widget-container\">\n\t\t\t\t\t<!-- Begin Brevo Form -->\n<!-- START - We recommend to place the below code in head tag of your website html  -->\n<style>\n\n\n  #sib-container input:-ms-input-placeholder {\n    text-align: left;\n    font-family: \"Helvetica\", sans-serif;\n    color: #c0ccda;\n  }\n\n  #sib-container input::placeholder {\n    text-align: left;\n    font-family: \"Helvetica\", sans-serif;\n    color: #c0ccda;\n  }\n<\/style>\n<link rel=\"stylesheet\" href=\"https:\/\/sibforms.com\/forms\/end-form\/build\/sib-styles.css\">\n<!--  END - We recommend to place the above code in head tag of your website html -->\n\n<!-- START - We recommend to place the below code where you want the form in your website html  -->\n<div class=\"sib-form\" style=\"text-align: center;\n         background-color: #f3f5f7;                                           \">\n  <div id=\"sib-form-container\" class=\"sib-form-container\">\n    <div id=\"sib-container\" class=\"sib-container--large sib-container--vertical\" style=\"text-align:center; background-color:rgba(255,255,255,1); max-width:540px; border-radius:3px; border-width:0px; border-color:#C0CCD9; border-style:solid;\">\n      <form id=\"sib-form\" method=\"POST\" action=\"https:\/\/5ccdfa76.sibforms.com\/serve\/MUIFAGnLNAsbbDZCUhKZOQ_CrqYx51UNJqhcnXHYOYmaybpicRfiUf6gx5d8-WyYPaNpfBXrBdeERGEMUZ7-mBcLQX08Ty_oCJ2IHj60GSIqbg9bjhTSU8PpPNkCZ9nDrProoKfp_30URWV32IFEgSwpn11VTu2jiBolyrllCBFvV33uSqHvttVbX_a45wG3PVHZgJvKd3uGpUaH\">\n        <div style=\"padding: 16px 0;\">\n          <div class=\"sib-form-block\" style=\"font-size:32px; text-align:left; color:#009a9d; background-color:transparent; text-align:left\">\n            <p>Iratkozzon fel a KACO <\/br>h\u00edrekre e-mailben<\/p>\n          <\/div>\n        <\/div>\n        <div style=\"padding: 16px 0;\">\n          <div class=\"sib-form-block\" style=\"font-size:16px; text-align:left; color:#41474d; background-color:transparent; text-align:left\">\n            <div class=\"sib-text-form-block\">\n              <p>Biztos\u00edtson mag\u00e1nak tud\u00e1sbeli el\u0151nyt! A KACO h\u00edrlev\u00e9llel izgalmas h\u00edreket kap k\u00f6zvetlen\u00fcl a KACO n\u00e9metorsz\u00e1gi k\u00f6zpontj\u00e1b\u00f3l.<\/p>\n            <\/div>\n          <\/div>\n        <\/div>\n        <div style=\"padding: 16px 0;\">\n          <div class=\"sib-input sib-form-block\">\n            <div class=\"form__entry entry_block\">\n              <div class=\"form__label-row \">\n                <label class=\"entry__label\" style=\"font-weight: 700; text-align:left; font-size:16px; text-align:left; font-weight:700; color:#009a9d;\" for=\"EMAIL\" data-required=\"*\">Adja meg e-mail c\u00edm\u00e9t a regisztr\u00e1ci\u00f3hoz<\/label>\n\n                <div class=\"entry__field\">\n                  <input class=\"input \" type=\"text\" id=\"EMAIL\" name=\"EMAIL\" autocomplete=\"off\" placeholder=\"E-mail address\" data-required=\"true\" required \/>\n                <\/div>\n              <\/div>\n\n              <label class=\"entry__error entry__error--primary\" style=\"font-size:16px; text-align:left;color:#661d1d; background-color:#ffeded; border-radius:3px; border-color:#ff4949;\">\n              <\/label>\n            <\/div>\n          <\/div>\n        <\/div>\n        <div style=\"padding: 16px 0;\">\n          <div class=\"sib-optin sib-form-block\" data-required=\"true\">\n            <div class=\"form__entry entry_mcq\">\n              <div class=\"form__label-row \">\n                <div class=\"entry__choice\" style=\"\">\n                  <label>\n                    <input type=\"checkbox\" class=\"input_replaced\" value=\"1\" id=\"OPT_IN\" name=\"OPT_IN\" required \/>\n                    <span class=\"checkbox checkbox_tick_positive\"\n            style=\"margin-left:\"\n            ><\/span><span style=\"font-size:14px; text-align:left; color:#3C4858; background-color:transparent;\"><p>Hozz\u00e1j\u00e1rulok ahhoz, hogy a KACO a kor\u00e1bban megadott adataimon kereszt\u00fcl e-mailben kapcsolatba l\u00e9pjen velem, hogy t\u00e1j\u00e9koztasson saj\u00e1t aktu\u00e1lis sajt\u00f3k\u00f6zlem\u00e9nyeir\u0151l. Ezt a hozz\u00e1j\u00e1rul\u00e1st b\u00e1rmikor, ak\u00e1r r\u00e9szlegesen is visszavonhatom a info@kaco.de c\u00edmen.<br>\nA KACO adatv\u00e9delemr\u0151l b\u0151vebben az adatv\u00e9delmi nyilatkozatunkban t\u00e1j\u00e9koz\u00f3dhat.<\/p><span data-required=\"*\" style=\"display: inline;\" class=\"entry__label entry__label_optin\"><\/span><\/span> <\/label>\n                <\/div>\n              <\/div>\n              <label class=\"entry__error entry__error--primary\" style=\"font-size:16px; text-align:left;  color:#661d1d; background-color:#ffeded; border-radius:3px; border-color:#ff4949;\">\n              <\/label>\n            <\/div>\n          <\/div>\n        <\/div>\n        <div style=\"padding: 16px 0;\">\n          <div class=\"sib-form-block\" style=\"text-align: left\">\n            <button class=\"sib-form-block__button sib-form-block__button-with-loader\" style=\"font-size:16px; text-align:left; font-weight:700;  color:#FFFFFF; background-color:#009a9d; border-width:0px;\" form=\"sib-form\" type=\"submit\">\n              <svg class=\"icon clickable__icon progress-indicator__icon sib-hide-loader-icon\" viewBox=\"0 0 512 512\">\n                <path d=\"M460.116 373.846l-20.823-12.022c-5.541-3.199-7.54-10.159-4.663-15.874 30.137-59.886 28.343-131.652-5.386-189.946-33.641-58.394-94.896-95.833-161.827-99.676C261.028 55.961 256 50.751 256 44.352V20.309c0-6.904 5.808-12.337 12.703-11.982 83.556 4.306 160.163 50.864 202.11 123.677 42.063 72.696 44.079 162.316 6.031 236.832-3.14 6.148-10.75 8.461-16.728 5.01z\" \/>\n              <\/svg>\n              H\u00cdRLEV\u00c9L FELIRATKOZ\u00c1S\n            <\/button>\n          <\/div>\n        <\/div>\n        <input type=\"text\" name=\"email_address_check\" value=\"\" class=\"input--hidden\">\n        <input type=\"hidden\" name=\"locale\" value=\"de\">\n        <input type=\"hidden\" name=\"html_type\" value=\"simple\">\n      <\/form>\n    <\/div>\n  <\/div>\n<\/div>\n<!-- END - We recommend to place the below code where you want the form in your website html  -->\n<!-- End Brevo Form -->\t\t\t\t<\/div>\n\t\t\t\t<\/div>\n\t\t\t\t\t<\/div>\n\t\t<\/div>\n\t\t\t\t\t<\/div>\n\t\t<\/section>\n\t\t\t\t<section class=\"elementor-section elementor-top-section elementor-element elementor-element-f3d1ecd elementor-section-boxed elementor-section-height-default elementor-section-height-default\" data-id=\"f3d1ecd\" data-element_type=\"section\">\n\t\t\t\t\t\t<div class=\"elementor-container elementor-column-gap-default\">\n\t\t\t\t\t<div class=\"elementor-column elementor-col-100 elementor-top-column elementor-element elementor-element-1984c06\" data-id=\"1984c06\" data-element_type=\"column\">\n\t\t\t<div class=\"elementor-widget-wrap elementor-element-populated\">\n\t\t\t\t\t\t<div class=\"elementor-element elementor-element-b64d61b elementor-widget elementor-widget-spacer\" data-id=\"b64d61b\" data-element_type=\"widget\" data-widget_type=\"spacer.default\">\n\t\t\t\t<div class=\"elementor-widget-container\">\n\t\t\t\t\t\t\t<div class=\"elementor-spacer\">\n\t\t\t<div class=\"elementor-spacer-inner\"><\/div>\n\t\t<\/div>\n\t\t\t\t\t\t<\/div>\n\t\t\t\t<\/div>\n\t\t\t\t\t<\/div>\n\t\t<\/div>\n\t\t\t\t\t<\/div>\n\t\t<\/section>\n\t\t\t\t<\/div>\n\t\t","protected":false},"excerpt":{"rendered":"<p>Iratkozzon fel a KACO h\u00edrekre e-mailben Biztos\u00edtson mag\u00e1nak tud\u00e1sbeli el\u0151nyt! A KACO h\u00edrlev\u00e9llel izgalmas h\u00edreket kap k\u00f6zvetlen\u00fcl a KACO n\u00e9metorsz\u00e1gi k\u00f6zpontj\u00e1b\u00f3l. Iratkozzon fel a KACO h\u00edrekre e-mailben Biztos\u00edtson mag\u00e1nak tud\u00e1sbeli el\u0151nyt! A KACO h\u00edrlev\u00e9llel izgalmas h\u00edreket kap k\u00f6zvetlen\u00fcl a KACO n\u00e9metorsz\u00e1gi k\u00f6zpontj\u00e1b\u00f3l. Adja meg e-mail c\u00edm\u00e9t a regisztr\u00e1ci\u00f3hoz Hozz\u00e1j\u00e1rulok ahhoz, hogy a KACO a kor\u00e1bban [&hellip;]<\/p>\n","protected":false},"author":3,"featured_media":0,"parent":0,"menu_order":0,"comment_status":"closed","ping_status":"closed","template":"","meta":{"_acf_changed":false,"site-sidebar-layout":"no-sidebar","site-content-layout":"page-builder","ast-site-content-layout":"default","site-content-style":"default","site-sidebar-style":"default","ast-global-header-display":"","ast-banner-title-visibility":"","ast-main-header-display":"","ast-hfb-above-header-display":"","ast-hfb-below-header-display":"","ast-hfb-mobile-header-display":"","site-post-title":"disabled","ast-breadcrumbs-content":"","ast-featured-img":"disabled","footer-sml-layout":"","ast-disable-related-posts":"","theme-transparent-header-meta":"","adv-header-id-meta":"","stick-header-meta":"","header-above-stick-meta":"","header-main-stick-meta":"","header-below-stick-meta":"","astra-migrate-meta-layouts":"default","ast-page-background-enabled":"default","ast-page-background-meta":{"desktop":{"background-color":"var(--ast-global-color-4)","background-image":"","background-repeat":"repeat","background-position":"center center","background-size":"auto","background-attachment":"scroll","background-type":"","background-media":"","overlay-type":"","overlay-color":"","overlay-opacity":"","overlay-gradient":""},"tablet":{"background-color":"","background-image":"","background-repeat":"repeat","background-position":"center center","background-size":"auto","background-attachment":"scroll","background-type":"","background-media":"","overlay-type":"","overlay-color":"","overlay-opacity":"","overlay-gradient":""},"mobile":{"background-color":"","background-image":"","background-repeat":"repeat","background-position":"center center","background-size":"auto","background-attachment":"scroll","background-type":"","background-media":"","overlay-type":"","overlay-color":"","overlay-opacity":"","overlay-gradient":""}},"ast-content-background-meta":{"desktop":{"background-color":"var(--ast-global-color-5)","background-image":"","background-repeat":"repeat","background-position":"center center","background-size":"auto","background-attachment":"scroll","background-type":"","background-media":"","overlay-type":"","overlay-color":"","overlay-opacity":"","overlay-gradient":""},"tablet":{"background-color":"var(--ast-global-color-5)","background-image":"","background-repeat":"repeat","background-position":"center center","background-size":"auto","background-attachment":"scroll","background-type":"","background-media":"","overlay-type":"","overlay-color":"","overlay-opacity":"","overlay-gradient":""},"mobile":{"background-color":"var(--ast-global-color-5)","background-image":"","background-repeat":"repeat","background-position":"center center","background-size":"auto","background-attachment":"scroll","background-type":"","background-media":"","overlay-type":"","overlay-color":"","overlay-opacity":"","overlay-gradient":""}},"footnotes":""},"class_list":["post-16996","page","type-page","status-publish","hentry"],"acf":[],"yoast_head":"<!-- This site is optimized with the Yoast SEO plugin v27.3 - https:\/\/yoast.com\/product\/yoast-seo-wordpress\/ -->\n<title>H\u00edrlev\u00e9l - KACO - Der Experte f\u00fcr Dichtungssysteme<\/title>\n<meta name=\"description\" content=\"Iratkozzon fel a KACO h\u00edrekre e-mailben Biztos\u00edtson mag\u00e1nak tud\u00e1sbeli el\u0151nyt! A KACO h\u00edrlev\u00e9llel izgalmas h\u00edreket kap k\u00f6zvetlen\u00fcl a KACO n\u00e9metorsz\u00e1gi\" \/>\n<meta name=\"robots\" content=\"index, follow, max-snippet:-1, max-image-preview:large, max-video-preview:-1\" \/>\n<link rel=\"canonical\" href=\"https:\/\/kaco.de\/cn\/newsletter\/\" \/>\n<meta property=\"og:locale\" content=\"hu_HU\" \/>\n<meta property=\"og:type\" content=\"article\" \/>\n<meta property=\"og:title\" content=\"H\u00edrlev\u00e9l - KACO - Der Experte f\u00fcr Dichtungssysteme\" \/>\n<meta property=\"og:description\" content=\"Iratkozzon fel a KACO h\u00edrekre e-mailben Biztos\u00edtson mag\u00e1nak tud\u00e1sbeli el\u0151nyt! A KACO h\u00edrlev\u00e9llel izgalmas h\u00edreket kap k\u00f6zvetlen\u00fcl a KACO n\u00e9metorsz\u00e1gi\" \/>\n<meta property=\"og:url\" content=\"https:\/\/kaco.de\/cn\/newsletter\/\" \/>\n<meta property=\"og:site_name\" content=\"KACO - Der Experte f\u00fcr Dichtungssysteme\" \/>\n<meta property=\"article:modified_time\" content=\"2023-07-10T09:45:31+00:00\" \/>\n<meta name=\"twitter:card\" content=\"summary_large_image\" \/>\n<meta name=\"twitter:label1\" content=\"Becs\u00fclt olvas\u00e1si id\u0151\" \/>\n\t<meta name=\"twitter:data1\" content=\"1 perc\" \/>\n<script type=\"application\/ld+json\" class=\"yoast-schema-graph\">{\"@context\":\"https:\\\/\\\/schema.org\",\"@graph\":[{\"@type\":\"WebPage\",\"@id\":\"https:\\\/\\\/kaco.de\\\/cn\\\/newsletter\\\/\",\"url\":\"https:\\\/\\\/kaco.de\\\/cn\\\/newsletter\\\/\",\"name\":\"H\u00edrlev\u00e9l - KACO - Der Experte f\u00fcr Dichtungssysteme\",\"isPartOf\":{\"@id\":\"https:\\\/\\\/kaco.de\\\/#website\"},\"datePublished\":\"2021-12-09T09:11:00+00:00\",\"dateModified\":\"2023-07-10T09:45:31+00:00\",\"description\":\"Iratkozzon fel a KACO h\u00edrekre e-mailben Biztos\u00edtson mag\u00e1nak tud\u00e1sbeli el\u0151nyt! A KACO h\u00edrlev\u00e9llel izgalmas h\u00edreket kap k\u00f6zvetlen\u00fcl a KACO n\u00e9metorsz\u00e1gi\",\"breadcrumb\":{\"@id\":\"https:\\\/\\\/kaco.de\\\/cn\\\/newsletter\\\/#breadcrumb\"},\"inLanguage\":\"hu\",\"potentialAction\":[{\"@type\":\"ReadAction\",\"target\":[\"https:\\\/\\\/kaco.de\\\/cn\\\/newsletter\\\/\"]}]},{\"@type\":\"BreadcrumbList\",\"@id\":\"https:\\\/\\\/kaco.de\\\/cn\\\/newsletter\\\/#breadcrumb\",\"itemListElement\":[{\"@type\":\"ListItem\",\"position\":1,\"name\":\"Home\",\"item\":\"https:\\\/\\\/kaco.de\\\/hu\\\/ungarisch-startseite-test\\\/\"},{\"@type\":\"ListItem\",\"position\":2,\"name\":\"H\u00edrlev\u00e9l\"}]},{\"@type\":\"WebSite\",\"@id\":\"https:\\\/\\\/kaco.de\\\/#website\",\"url\":\"https:\\\/\\\/kaco.de\\\/\",\"name\":\"KACO - Der Experte f\u00fcr Dichtungssysteme\",\"description\":\"Seien Sie mit unseren hochpr\u00e4zisen und anwendungsorientierten Dichtungsl\u00f6sungen bestens f\u00fcr die Automobil- und Maschinenbauindustrie ger\u00fcstet.\",\"publisher\":{\"@id\":\"https:\\\/\\\/kaco.de\\\/#organization\"},\"potentialAction\":[{\"@type\":\"SearchAction\",\"target\":{\"@type\":\"EntryPoint\",\"urlTemplate\":\"https:\\\/\\\/kaco.de\\\/?s={search_term_string}\"},\"query-input\":{\"@type\":\"PropertyValueSpecification\",\"valueRequired\":true,\"valueName\":\"search_term_string\"}}],\"inLanguage\":\"hu\"},{\"@type\":\"Organization\",\"@id\":\"https:\\\/\\\/kaco.de\\\/#organization\",\"name\":\"KACO - Der Experte f\u00fcr Dichtungssysteme\",\"url\":\"https:\\\/\\\/kaco.de\\\/\",\"logo\":{\"@type\":\"ImageObject\",\"inLanguage\":\"hu\",\"@id\":\"https:\\\/\\\/kaco.de\\\/#\\\/schema\\\/logo\\\/image\\\/\",\"url\":\"https:\\\/\\\/kaco.de\\\/wp-content\\\/uploads\\\/cropped-logo1.png\",\"contentUrl\":\"https:\\\/\\\/kaco.de\\\/wp-content\\\/uploads\\\/cropped-logo1.png\",\"width\":851,\"height\":254,\"caption\":\"KACO - Der Experte f\u00fcr Dichtungssysteme\"},\"image\":{\"@id\":\"https:\\\/\\\/kaco.de\\\/#\\\/schema\\\/logo\\\/image\\\/\"}}]}<\/script>\n<!-- \/ Yoast SEO plugin. -->","yoast_head_json":{"title":"H\u00edrlev\u00e9l - KACO - Der Experte f\u00fcr Dichtungssysteme","description":"Iratkozzon fel a KACO h\u00edrekre e-mailben Biztos\u00edtson mag\u00e1nak tud\u00e1sbeli el\u0151nyt! A KACO h\u00edrlev\u00e9llel izgalmas h\u00edreket kap k\u00f6zvetlen\u00fcl a KACO n\u00e9metorsz\u00e1gi","robots":{"index":"index","follow":"follow","max-snippet":"max-snippet:-1","max-image-preview":"max-image-preview:large","max-video-preview":"max-video-preview:-1"},"canonical":"https:\/\/kaco.de\/cn\/newsletter\/","og_locale":"hu_HU","og_type":"article","og_title":"H\u00edrlev\u00e9l - KACO - Der Experte f\u00fcr Dichtungssysteme","og_description":"Iratkozzon fel a KACO h\u00edrekre e-mailben Biztos\u00edtson mag\u00e1nak tud\u00e1sbeli el\u0151nyt! A KACO h\u00edrlev\u00e9llel izgalmas h\u00edreket kap k\u00f6zvetlen\u00fcl a KACO n\u00e9metorsz\u00e1gi","og_url":"https:\/\/kaco.de\/cn\/newsletter\/","og_site_name":"KACO - Der Experte f\u00fcr Dichtungssysteme","article_modified_time":"2023-07-10T09:45:31+00:00","twitter_card":"summary_large_image","twitter_misc":{"Becs\u00fclt olvas\u00e1si id\u0151":"1 perc"},"schema":{"@context":"https:\/\/schema.org","@graph":[{"@type":"WebPage","@id":"https:\/\/kaco.de\/cn\/newsletter\/","url":"https:\/\/kaco.de\/cn\/newsletter\/","name":"H\u00edrlev\u00e9l - KACO - Der Experte f\u00fcr Dichtungssysteme","isPartOf":{"@id":"https:\/\/kaco.de\/#website"},"datePublished":"2021-12-09T09:11:00+00:00","dateModified":"2023-07-10T09:45:31+00:00","description":"Iratkozzon fel a KACO h\u00edrekre e-mailben Biztos\u00edtson mag\u00e1nak tud\u00e1sbeli el\u0151nyt! A KACO h\u00edrlev\u00e9llel izgalmas h\u00edreket kap k\u00f6zvetlen\u00fcl a KACO n\u00e9metorsz\u00e1gi","breadcrumb":{"@id":"https:\/\/kaco.de\/cn\/newsletter\/#breadcrumb"},"inLanguage":"hu","potentialAction":[{"@type":"ReadAction","target":["https:\/\/kaco.de\/cn\/newsletter\/"]}]},{"@type":"BreadcrumbList","@id":"https:\/\/kaco.de\/cn\/newsletter\/#breadcrumb","itemListElement":[{"@type":"ListItem","position":1,"name":"Home","item":"https:\/\/kaco.de\/hu\/ungarisch-startseite-test\/"},{"@type":"ListItem","position":2,"name":"H\u00edrlev\u00e9l"}]},{"@type":"WebSite","@id":"https:\/\/kaco.de\/#website","url":"https:\/\/kaco.de\/","name":"KACO - Der Experte f\u00fcr Dichtungssysteme","description":"Seien Sie mit unseren hochpr\u00e4zisen und anwendungsorientierten Dichtungsl\u00f6sungen bestens f\u00fcr die Automobil- und Maschinenbauindustrie ger\u00fcstet.","publisher":{"@id":"https:\/\/kaco.de\/#organization"},"potentialAction":[{"@type":"SearchAction","target":{"@type":"EntryPoint","urlTemplate":"https:\/\/kaco.de\/?s={search_term_string}"},"query-input":{"@type":"PropertyValueSpecification","valueRequired":true,"valueName":"search_term_string"}}],"inLanguage":"hu"},{"@type":"Organization","@id":"https:\/\/kaco.de\/#organization","name":"KACO - Der Experte f\u00fcr Dichtungssysteme","url":"https:\/\/kaco.de\/","logo":{"@type":"ImageObject","inLanguage":"hu","@id":"https:\/\/kaco.de\/#\/schema\/logo\/image\/","url":"https:\/\/kaco.de\/wp-content\/uploads\/cropped-logo1.png","contentUrl":"https:\/\/kaco.de\/wp-content\/uploads\/cropped-logo1.png","width":851,"height":254,"caption":"KACO - Der Experte f\u00fcr Dichtungssysteme"},"image":{"@id":"https:\/\/kaco.de\/#\/schema\/logo\/image\/"}}]}},"_links":{"self":[{"href":"https:\/\/kaco.de\/hu\/wp-json\/wp\/v2\/pages\/16996","targetHints":{"allow":["GET"]}}],"collection":[{"href":"https:\/\/kaco.de\/hu\/wp-json\/wp\/v2\/pages"}],"about":[{"href":"https:\/\/kaco.de\/hu\/wp-json\/wp\/v2\/types\/page"}],"author":[{"embeddable":true,"href":"https:\/\/kaco.de\/hu\/wp-json\/wp\/v2\/users\/3"}],"replies":[{"embeddable":true,"href":"https:\/\/kaco.de\/hu\/wp-json\/wp\/v2\/comments?post=16996"}],"version-history":[{"count":6,"href":"https:\/\/kaco.de\/hu\/wp-json\/wp\/v2\/pages\/16996\/revisions"}],"predecessor-version":[{"id":25697,"href":"https:\/\/kaco.de\/hu\/wp-json\/wp\/v2\/pages\/16996\/revisions\/25697"}],"wp:attachment":[{"href":"https:\/\/kaco.de\/hu\/wp-json\/wp\/v2\/media?parent=16996"}],"curies":[{"name":"wp","href":"https:\/\/api.w.org\/{rel}","templated":true}]}}