{"id":17495,"date":"2022-02-01T11:51:26","date_gmt":"2022-02-01T10:51:26","guid":{"rendered":"https:\/\/kaco21.neckarfreunde.net\/?page_id=17495"},"modified":"2025-12-08T07:45:58","modified_gmt":"2025-12-08T06:45:58","slug":"adatvedelem","status":"publish","type":"page","link":"https:\/\/kaco.de\/hu\/adatvedelem\/","title":{"rendered":"Adatv\u00e9delem"},"content":{"rendered":"\t\t<div data-elementor-type=\"wp-page\" data-elementor-id=\"17495\" class=\"elementor elementor-17495 elementor-11\" data-elementor-post-type=\"page\">\n\t\t\t\t\t\t<section class=\"elementor-section elementor-top-section elementor-element elementor-element-3f4add3 elementor-section-boxed elementor-section-height-default elementor-section-height-default\" data-id=\"3f4add3\" data-element_type=\"section\">\n\t\t\t\t\t\t<div class=\"elementor-container elementor-column-gap-default\">\n\t\t\t\t\t<div class=\"elementor-column elementor-col-66 elementor-top-column elementor-element elementor-element-203cedd\" data-id=\"203cedd\" data-element_type=\"column\">\n\t\t\t<div class=\"elementor-widget-wrap elementor-element-populated\">\n\t\t\t\t\t\t<div class=\"elementor-element elementor-element-88ee9a5 elementor-widget elementor-widget-heading\" data-id=\"88ee9a5\" data-element_type=\"widget\" data-widget_type=\"heading.default\">\n\t\t\t\t<div class=\"elementor-widget-container\">\n\t\t\t\t\t<h1 class=\"elementor-heading-title elementor-size-default\">Jelenlegi DSGVO<\/h1>\t\t\t\t<\/div>\n\t\t\t\t<\/div>\n\t\t\t\t<div class=\"elementor-element elementor-element-c74771c elementor-widget elementor-widget-spacer\" data-id=\"c74771c\" data-element_type=\"widget\" data-widget_type=\"spacer.default\">\n\t\t\t\t<div class=\"elementor-widget-container\">\n\t\t\t\t\t\t\t<div class=\"elementor-spacer\">\n\t\t\t<div class=\"elementor-spacer-inner\"><\/div>\n\t\t<\/div>\n\t\t\t\t\t\t<\/div>\n\t\t\t\t<\/div>\n\t\t\t\t<div class=\"elementor-element elementor-element-46b8cab elementor-widget elementor-widget-text-editor\" data-id=\"46b8cab\" data-element_type=\"widget\" data-widget_type=\"text-editor.default\">\n\t\t\t\t<div class=\"elementor-widget-container\">\n\t\t\t\t\t\t\t\t\t<article><div id=\"c802\" class=\"csc-default\"><h2 class=\"csc-firstHeader\">Magyar\u00e1zat<\/h2><\/div><\/article>\t\t\t\t\t\t\t\t<\/div>\n\t\t\t\t<\/div>\n\t\t\t\t<div class=\"elementor-element elementor-element-ff1978b elementor-widget elementor-widget-button\" data-id=\"ff1978b\" data-element_type=\"widget\" data-widget_type=\"button.default\">\n\t\t\t\t<div class=\"elementor-widget-container\">\n\t\t\t\t\t\t\t\t\t<div class=\"elementor-button-wrapper\">\n\t\t\t\t\t<a class=\"elementor-button elementor-button-link elementor-size-sm\" href=\"https:\/\/kaco.de\/wp-content\/uploads\/Privacy-Policy-and-Information_ds_2025.docx\" target=\"_blank\">\n\t\t\t\t\t\t<span class=\"elementor-button-content-wrapper\">\n\t\t\t\t\t\t\t\t\t<span class=\"elementor-button-text\">DSGVO nyilatkozat let\u00f6lt\u00e9se<\/span>\n\t\t\t\t\t<\/span>\n\t\t\t\t\t<\/a>\n\t\t\t\t<\/div>\n\t\t\t\t\t\t\t\t<\/div>\n\t\t\t\t<\/div>\n\t\t\t\t<div class=\"elementor-element elementor-element-a2ef24a elementor-widget elementor-widget-spacer\" data-id=\"a2ef24a\" data-element_type=\"widget\" data-widget_type=\"spacer.default\">\n\t\t\t\t<div class=\"elementor-widget-container\">\n\t\t\t\t\t\t\t<div class=\"elementor-spacer\">\n\t\t\t<div class=\"elementor-spacer-inner\"><\/div>\n\t\t<\/div>\n\t\t\t\t\t\t<\/div>\n\t\t\t\t<\/div>\n\t\t\t\t<div class=\"elementor-element elementor-element-550daca elementor-widget elementor-widget-text-editor\" data-id=\"550daca\" data-element_type=\"widget\" data-widget_type=\"text-editor.default\">\n\t\t\t\t<div class=\"elementor-widget-container\">\n\t\t\t\t\t\t\t\t\t<article><div id=\"c199\" class=\"csc-default\"><h2>Kapcsolat<\/h2><p>A KACO v\u00e1llalatn\u00e1l vagy a KACO GmbH + Co. KG-n\u00e1l esetlegesen t\u00e1rolt adatokkal kapcsolatos t\u00e1j\u00e9koztat\u00e1s \u00e9s magyar\u00e1zat, illetve t\u00e1j\u00e9koztat\u00e1s, helyesb\u00edt\u00e9s, z\u00e1rol\u00e1s vagy t\u00f6rl\u00e9s ir\u00e1nti k\u00e9relem eset\u00e9n k\u00e9rj\u00fck, forduljon a k\u00f6vetkez\u0151 c\u00edmre:<\/p><p><strong>TDSSG GmbH &#8211; Team Datenschutz Services<\/strong><\/p><p><strong>Eberhard H\u00e4cker<\/strong><br \/>Adatv\u00e9delmi tisztvisel\u0151<\/p><p>kaco@team-datenschutz.de<\/p><div>\u00a0<\/div><\/div><div id=\"c202\" class=\"csc-default\"><h2>Biztons\u00e1g<\/h2><p>A KACO GmbH + Co. KG technikai \u00e9s szervez\u00e9si biztons\u00e1gi int\u00e9zked\u00e9seket alkalmaz annak \u00e9rdek\u00e9ben, hogy az \u00d6n \u00e1ltal rendelkez\u00e9s\u00fcnkre bocs\u00e1tott szem\u00e9lyes adatokat megv\u00e9dje a v\u00e9letlen vagy sz\u00e1nd\u00e9kos manipul\u00e1ci\u00f3t\u00f3l, elveszt\u00e9st\u0151l, megsemmis\u00fcl\u00e9st\u0151l vagy illet\u00e9ktelen szem\u00e9lyek hozz\u00e1f\u00e9r\u00e9s\u00e9t\u0151l. Biztons\u00e1gi int\u00e9zked\u00e9seinket folyamatosan fejlesztj\u00fck \u00e9s a technika \u00e1ll\u00e1sa szerint alak\u00edtjuk.<\/p><\/div><\/article>\t\t\t\t\t\t\t\t<\/div>\n\t\t\t\t<\/div>\n\t\t\t\t\t<\/div>\n\t\t<\/div>\n\t\t\t\t<div class=\"elementor-column elementor-col-33 elementor-top-column elementor-element elementor-element-d0d763f\" data-id=\"d0d763f\" data-element_type=\"column\">\n\t\t\t<div class=\"elementor-widget-wrap\">\n\t\t\t\t\t\t\t<\/div>\n\t\t<\/div>\n\t\t\t\t\t<\/div>\n\t\t<\/section>\n\t\t\t\t<\/div>\n\t\t","protected":false},"excerpt":{"rendered":"<p>Jelenlegi DSGVO Magyar\u00e1zat DSGVO nyilatkozat let\u00f6lt\u00e9se Kapcsolat A KACO v\u00e1llalatn\u00e1l vagy a KACO GmbH + Co. KG-n\u00e1l esetlegesen t\u00e1rolt adatokkal kapcsolatos t\u00e1j\u00e9koztat\u00e1s \u00e9s magyar\u00e1zat, illetve t\u00e1j\u00e9koztat\u00e1s, helyesb\u00edt\u00e9s, z\u00e1rol\u00e1s vagy t\u00f6rl\u00e9s ir\u00e1nti k\u00e9relem eset\u00e9n k\u00e9rj\u00fck, forduljon a k\u00f6vetkez\u0151 c\u00edmre: TDSSG GmbH &#8211; Team Datenschutz Services Eberhard H\u00e4ckerAdatv\u00e9delmi tisztvisel\u0151 kaco@team-datenschutz.de \u00a0 Biztons\u00e1g A KACO GmbH + Co. [&hellip;]<\/p>\n","protected":false},"author":3,"featured_media":0,"parent":0,"menu_order":0,"comment_status":"closed","ping_status":"closed","template":"","meta":{"_acf_changed":false,"site-sidebar-layout":"no-sidebar","site-content-layout":"page-builder","ast-site-content-layout":"default","site-content-style":"default","site-sidebar-style":"default","ast-global-header-display":"","ast-banner-title-visibility":"","ast-main-header-display":"","ast-hfb-above-header-display":"","ast-hfb-below-header-display":"","ast-hfb-mobile-header-display":"","site-post-title":"disabled","ast-breadcrumbs-content":"","ast-featured-img":"disabled","footer-sml-layout":"","ast-disable-related-posts":"","theme-transparent-header-meta":"","adv-header-id-meta":"","stick-header-meta":"","header-above-stick-meta":"","header-main-stick-meta":"","header-below-stick-meta":"","astra-migrate-meta-layouts":"default","ast-page-background-enabled":"default","ast-page-background-meta":{"desktop":{"background-color":"var(--ast-global-color-4)","background-image":"","background-repeat":"repeat","background-position":"center center","background-size":"auto","background-attachment":"scroll","background-type":"","background-media":"","overlay-type":"","overlay-color":"","overlay-opacity":"","overlay-gradient":""},"tablet":{"background-color":"","background-image":"","background-repeat":"repeat","background-position":"center center","background-size":"auto","background-attachment":"scroll","background-type":"","background-media":"","overlay-type":"","overlay-color":"","overlay-opacity":"","overlay-gradient":""},"mobile":{"background-color":"","background-image":"","background-repeat":"repeat","background-position":"center center","background-size":"auto","background-attachment":"scroll","background-type":"","background-media":"","overlay-type":"","overlay-color":"","overlay-opacity":"","overlay-gradient":""}},"ast-content-background-meta":{"desktop":{"background-color":"var(--ast-global-color-5)","background-image":"","background-repeat":"repeat","background-position":"center center","background-size":"auto","background-attachment":"scroll","background-type":"","background-media":"","overlay-type":"","overlay-color":"","overlay-opacity":"","overlay-gradient":""},"tablet":{"background-color":"var(--ast-global-color-5)","background-image":"","background-repeat":"repeat","background-position":"center center","background-size":"auto","background-attachment":"scroll","background-type":"","background-media":"","overlay-type":"","overlay-color":"","overlay-opacity":"","overlay-gradient":""},"mobile":{"background-color":"var(--ast-global-color-5)","background-image":"","background-repeat":"repeat","background-position":"center center","background-size":"auto","background-attachment":"scroll","background-type":"","background-media":"","overlay-type":"","overlay-color":"","overlay-opacity":"","overlay-gradient":""}},"footnotes":""},"class_list":["post-17495","page","type-page","status-publish","hentry"],"acf":[],"yoast_head":"<!-- This site is optimized with the Yoast SEO plugin v27.4 - https:\/\/yoast.com\/product\/yoast-seo-wordpress\/ -->\n<title>Adatv\u00e9delem - KACO - Der Experte f\u00fcr Dichtungssysteme<\/title>\n<meta name=\"description\" content=\"Jelenlegi DSGVO Magyar\u00e1zat DSGVO nyilatkozat let\u00f6lt\u00e9se KapcsolatA KACO v\u00e1llalatn\u00e1l vagy a KACO GmbH + Co. KG-n\u00e1l esetlegesen t\u00e1rolt adatokkal kapcsolatos\" \/>\n<meta name=\"robots\" content=\"index, follow, max-snippet:-1, max-image-preview:large, max-video-preview:-1\" \/>\n<link rel=\"canonical\" href=\"https:\/\/kaco.de\/en\/privacy\/\" \/>\n<meta property=\"og:locale\" content=\"hu_HU\" \/>\n<meta property=\"og:type\" content=\"article\" \/>\n<meta property=\"og:title\" content=\"Adatv\u00e9delem - KACO - Der Experte f\u00fcr Dichtungssysteme\" \/>\n<meta property=\"og:description\" content=\"Jelenlegi DSGVO Magyar\u00e1zat DSGVO nyilatkozat let\u00f6lt\u00e9se KapcsolatA KACO v\u00e1llalatn\u00e1l vagy a KACO GmbH + Co. KG-n\u00e1l esetlegesen t\u00e1rolt adatokkal kapcsolatos\" \/>\n<meta property=\"og:url\" content=\"https:\/\/kaco.de\/en\/privacy\/\" \/>\n<meta property=\"og:site_name\" content=\"KACO - Der Experte f\u00fcr Dichtungssysteme\" \/>\n<meta property=\"article:modified_time\" content=\"2025-12-08T06:45:58+00:00\" \/>\n<meta name=\"twitter:card\" content=\"summary_large_image\" \/>\n<meta name=\"twitter:label1\" content=\"Becs\u00fclt olvas\u00e1si id\u0151\" \/>\n\t<meta name=\"twitter:data1\" content=\"1 perc\" \/>\n<script type=\"application\/ld+json\" class=\"yoast-schema-graph\">{\"@context\":\"https:\\\/\\\/schema.org\",\"@graph\":[{\"@type\":\"WebPage\",\"@id\":\"https:\\\/\\\/kaco.de\\\/en\\\/privacy\\\/\",\"url\":\"https:\\\/\\\/kaco.de\\\/en\\\/privacy\\\/\",\"name\":\"Adatv\u00e9delem - KACO - Der Experte f\u00fcr Dichtungssysteme\",\"isPartOf\":{\"@id\":\"https:\\\/\\\/kaco.de\\\/#website\"},\"datePublished\":\"2022-02-01T10:51:26+00:00\",\"dateModified\":\"2025-12-08T06:45:58+00:00\",\"description\":\"Jelenlegi DSGVO Magyar\u00e1zat DSGVO nyilatkozat let\u00f6lt\u00e9se KapcsolatA KACO v\u00e1llalatn\u00e1l vagy a KACO GmbH + Co. KG-n\u00e1l esetlegesen t\u00e1rolt adatokkal kapcsolatos\",\"breadcrumb\":{\"@id\":\"https:\\\/\\\/kaco.de\\\/en\\\/privacy\\\/#breadcrumb\"},\"inLanguage\":\"hu\",\"potentialAction\":[{\"@type\":\"ReadAction\",\"target\":[\"https:\\\/\\\/kaco.de\\\/en\\\/privacy\\\/\"]}]},{\"@type\":\"BreadcrumbList\",\"@id\":\"https:\\\/\\\/kaco.de\\\/en\\\/privacy\\\/#breadcrumb\",\"itemListElement\":[{\"@type\":\"ListItem\",\"position\":1,\"name\":\"Home\",\"item\":\"https:\\\/\\\/kaco.de\\\/hu\\\/ungarisch-startseite-test\\\/\"},{\"@type\":\"ListItem\",\"position\":2,\"name\":\"Adatv\u00e9delem\"}]},{\"@type\":\"WebSite\",\"@id\":\"https:\\\/\\\/kaco.de\\\/#website\",\"url\":\"https:\\\/\\\/kaco.de\\\/\",\"name\":\"KACO - Der Experte f\u00fcr Dichtungssysteme\",\"description\":\"Seien Sie mit unseren hochpr\u00e4zisen und anwendungsorientierten Dichtungsl\u00f6sungen bestens f\u00fcr die Automobil- und Maschinenbauindustrie ger\u00fcstet.\",\"publisher\":{\"@id\":\"https:\\\/\\\/kaco.de\\\/#organization\"},\"potentialAction\":[{\"@type\":\"SearchAction\",\"target\":{\"@type\":\"EntryPoint\",\"urlTemplate\":\"https:\\\/\\\/kaco.de\\\/?s={search_term_string}\"},\"query-input\":{\"@type\":\"PropertyValueSpecification\",\"valueRequired\":true,\"valueName\":\"search_term_string\"}}],\"inLanguage\":\"hu\"},{\"@type\":\"Organization\",\"@id\":\"https:\\\/\\\/kaco.de\\\/#organization\",\"name\":\"KACO - Der Experte f\u00fcr Dichtungssysteme\",\"url\":\"https:\\\/\\\/kaco.de\\\/\",\"logo\":{\"@type\":\"ImageObject\",\"inLanguage\":\"hu\",\"@id\":\"https:\\\/\\\/kaco.de\\\/#\\\/schema\\\/logo\\\/image\\\/\",\"url\":\"https:\\\/\\\/kaco.de\\\/wp-content\\\/uploads\\\/cropped-logo1.png\",\"contentUrl\":\"https:\\\/\\\/kaco.de\\\/wp-content\\\/uploads\\\/cropped-logo1.png\",\"width\":851,\"height\":254,\"caption\":\"KACO - Der Experte f\u00fcr Dichtungssysteme\"},\"image\":{\"@id\":\"https:\\\/\\\/kaco.de\\\/#\\\/schema\\\/logo\\\/image\\\/\"}}]}<\/script>\n<!-- \/ Yoast SEO plugin. -->","yoast_head_json":{"title":"Adatv\u00e9delem - KACO - Der Experte f\u00fcr Dichtungssysteme","description":"Jelenlegi DSGVO Magyar\u00e1zat DSGVO nyilatkozat let\u00f6lt\u00e9se KapcsolatA KACO v\u00e1llalatn\u00e1l vagy a KACO GmbH + Co. KG-n\u00e1l esetlegesen t\u00e1rolt adatokkal kapcsolatos","robots":{"index":"index","follow":"follow","max-snippet":"max-snippet:-1","max-image-preview":"max-image-preview:large","max-video-preview":"max-video-preview:-1"},"canonical":"https:\/\/kaco.de\/en\/privacy\/","og_locale":"hu_HU","og_type":"article","og_title":"Adatv\u00e9delem - KACO - Der Experte f\u00fcr Dichtungssysteme","og_description":"Jelenlegi DSGVO Magyar\u00e1zat DSGVO nyilatkozat let\u00f6lt\u00e9se KapcsolatA KACO v\u00e1llalatn\u00e1l vagy a KACO GmbH + Co. KG-n\u00e1l esetlegesen t\u00e1rolt adatokkal kapcsolatos","og_url":"https:\/\/kaco.de\/en\/privacy\/","og_site_name":"KACO - Der Experte f\u00fcr Dichtungssysteme","article_modified_time":"2025-12-08T06:45:58+00:00","twitter_card":"summary_large_image","twitter_misc":{"Becs\u00fclt olvas\u00e1si id\u0151":"1 perc"},"schema":{"@context":"https:\/\/schema.org","@graph":[{"@type":"WebPage","@id":"https:\/\/kaco.de\/en\/privacy\/","url":"https:\/\/kaco.de\/en\/privacy\/","name":"Adatv\u00e9delem - KACO - Der Experte f\u00fcr Dichtungssysteme","isPartOf":{"@id":"https:\/\/kaco.de\/#website"},"datePublished":"2022-02-01T10:51:26+00:00","dateModified":"2025-12-08T06:45:58+00:00","description":"Jelenlegi DSGVO Magyar\u00e1zat DSGVO nyilatkozat let\u00f6lt\u00e9se KapcsolatA KACO v\u00e1llalatn\u00e1l vagy a KACO GmbH + Co. KG-n\u00e1l esetlegesen t\u00e1rolt adatokkal kapcsolatos","breadcrumb":{"@id":"https:\/\/kaco.de\/en\/privacy\/#breadcrumb"},"inLanguage":"hu","potentialAction":[{"@type":"ReadAction","target":["https:\/\/kaco.de\/en\/privacy\/"]}]},{"@type":"BreadcrumbList","@id":"https:\/\/kaco.de\/en\/privacy\/#breadcrumb","itemListElement":[{"@type":"ListItem","position":1,"name":"Home","item":"https:\/\/kaco.de\/hu\/ungarisch-startseite-test\/"},{"@type":"ListItem","position":2,"name":"Adatv\u00e9delem"}]},{"@type":"WebSite","@id":"https:\/\/kaco.de\/#website","url":"https:\/\/kaco.de\/","name":"KACO - Der Experte f\u00fcr Dichtungssysteme","description":"Seien Sie mit unseren hochpr\u00e4zisen und anwendungsorientierten Dichtungsl\u00f6sungen bestens f\u00fcr die Automobil- und Maschinenbauindustrie ger\u00fcstet.","publisher":{"@id":"https:\/\/kaco.de\/#organization"},"potentialAction":[{"@type":"SearchAction","target":{"@type":"EntryPoint","urlTemplate":"https:\/\/kaco.de\/?s={search_term_string}"},"query-input":{"@type":"PropertyValueSpecification","valueRequired":true,"valueName":"search_term_string"}}],"inLanguage":"hu"},{"@type":"Organization","@id":"https:\/\/kaco.de\/#organization","name":"KACO - Der Experte f\u00fcr Dichtungssysteme","url":"https:\/\/kaco.de\/","logo":{"@type":"ImageObject","inLanguage":"hu","@id":"https:\/\/kaco.de\/#\/schema\/logo\/image\/","url":"https:\/\/kaco.de\/wp-content\/uploads\/cropped-logo1.png","contentUrl":"https:\/\/kaco.de\/wp-content\/uploads\/cropped-logo1.png","width":851,"height":254,"caption":"KACO - Der Experte f\u00fcr Dichtungssysteme"},"image":{"@id":"https:\/\/kaco.de\/#\/schema\/logo\/image\/"}}]}},"_links":{"self":[{"href":"https:\/\/kaco.de\/hu\/wp-json\/wp\/v2\/pages\/17495","targetHints":{"allow":["GET"]}}],"collection":[{"href":"https:\/\/kaco.de\/hu\/wp-json\/wp\/v2\/pages"}],"about":[{"href":"https:\/\/kaco.de\/hu\/wp-json\/wp\/v2\/types\/page"}],"author":[{"embeddable":true,"href":"https:\/\/kaco.de\/hu\/wp-json\/wp\/v2\/users\/3"}],"replies":[{"embeddable":true,"href":"https:\/\/kaco.de\/hu\/wp-json\/wp\/v2\/comments?post=17495"}],"version-history":[{"count":3,"href":"https:\/\/kaco.de\/hu\/wp-json\/wp\/v2\/pages\/17495\/revisions"}],"predecessor-version":[{"id":31532,"href":"https:\/\/kaco.de\/hu\/wp-json\/wp\/v2\/pages\/17495\/revisions\/31532"}],"wp:attachment":[{"href":"https:\/\/kaco.de\/hu\/wp-json\/wp\/v2\/media?parent=17495"}],"curies":[{"name":"wp","href":"https:\/\/api.w.org\/{rel}","templated":true}]}}