{"id":30274,"date":"2025-01-30T14:29:25","date_gmt":"2025-01-30T13:29:25","guid":{"rendered":"https:\/\/kaco.de\/?page_id=30274"},"modified":"2025-01-30T14:35:31","modified_gmt":"2025-01-30T13:35:31","slug":"emberi-jogi-strategia-alapnyilatkozat","status":"publish","type":"page","link":"https:\/\/kaco.de\/hu\/vallalat\/filozofia\/emberi-jogi-strategia-alapnyilatkozat\/","title":{"rendered":"Emberi jogi strat\u00e9gia alapnyilatkozat"},"content":{"rendered":"\t\t<div data-elementor-type=\"wp-page\" data-elementor-id=\"30274\" class=\"elementor elementor-30274 elementor-30214\" data-elementor-post-type=\"page\">\n\t\t\t\t\t\t<section class=\"elementor-section elementor-top-section elementor-element elementor-element-bab16dd elementor-section-full_width elementor-section-stretched elementor-section-height-default elementor-section-height-default\" data-id=\"bab16dd\" data-element_type=\"section\" data-settings=\"{&quot;stretch_section&quot;:&quot;section-stretched&quot;}\">\n\t\t\t\t\t\t<div class=\"elementor-container elementor-column-gap-default\">\n\t\t\t\t\t<div class=\"elementor-column elementor-col-100 elementor-top-column elementor-element elementor-element-9fe4873\" data-id=\"9fe4873\" data-element_type=\"column\">\n\t\t\t<div class=\"elementor-widget-wrap elementor-element-populated\">\n\t\t\t\t\t\t<div class=\"elementor-element elementor-element-74aa00a elementor-widget elementor-widget-image\" data-id=\"74aa00a\" data-element_type=\"widget\" data-widget_type=\"image.default\">\n\t\t\t\t<div class=\"elementor-widget-container\">\n\t\t\t\t\t\t\t\t\t\t\t\t\t\t\t<img fetchpriority=\"high\" decoding=\"async\" width=\"1900\" height=\"600\" src=\"https:\/\/kaco.de\/wp-content\/uploads\/unternehmen-unternehmensleitbild-kaco@2x.jpg\" class=\"attachment-full size-full wp-image-7744\" alt=\"Unternehmen Unternehmensleitbild Kaco\" \/>\t\t\t\t\t\t\t\t\t\t\t\t\t\t\t<\/div>\n\t\t\t\t<\/div>\n\t\t\t\t\t<\/div>\n\t\t<\/div>\n\t\t\t\t\t<\/div>\n\t\t<\/section>\n\t\t\t\t<section class=\"elementor-section elementor-top-section elementor-element elementor-element-1fef2b3 elementor-section-content-bottom elementor-section-stretched pageheader elementor-section-boxed elementor-section-height-default elementor-section-height-default\" data-id=\"1fef2b3\" data-element_type=\"section\" data-settings=\"{&quot;background_background&quot;:&quot;classic&quot;,&quot;stretch_section&quot;:&quot;section-stretched&quot;}\">\n\t\t\t\t\t\t<div class=\"elementor-container elementor-column-gap-default\">\n\t\t\t\t\t<div class=\"elementor-column elementor-col-50 elementor-top-column elementor-element elementor-element-1bd191e pageheader-row-left\" data-id=\"1bd191e\" data-element_type=\"column\" data-settings=\"{&quot;background_background&quot;:&quot;classic&quot;}\">\n\t\t\t<div class=\"elementor-widget-wrap elementor-element-populated\">\n\t\t\t\t\t\t<div class=\"elementor-element elementor-element-fc899ff elementor-widget elementor-widget-heading\" data-id=\"fc899ff\" data-element_type=\"widget\" data-widget_type=\"heading.default\">\n\t\t\t\t<div class=\"elementor-widget-container\">\n\t\t\t\t\t<span class=\"elementor-heading-title elementor-size-default\">Filoz\u00f3fia<\/span>\t\t\t\t<\/div>\n\t\t\t\t<\/div>\n\t\t\t\t<div class=\"elementor-element elementor-element-8ba028d elementor-widget elementor-widget-heading\" data-id=\"8ba028d\" data-element_type=\"widget\" data-widget_type=\"heading.default\">\n\t\t\t\t<div class=\"elementor-widget-container\">\n\t\t\t\t\t<h1 class=\"elementor-heading-title elementor-size-default\">Emberi jogi strat\u00e9gia alapnyilatkozat\n<\/h1>\t\t\t\t<\/div>\n\t\t\t\t<\/div>\n\t\t\t\t\t<\/div>\n\t\t<\/div>\n\t\t\t\t<div class=\"elementor-column elementor-col-50 elementor-top-column elementor-element elementor-element-56105c4\" data-id=\"56105c4\" data-element_type=\"column\">\n\t\t\t<div class=\"elementor-widget-wrap\">\n\t\t\t\t\t\t\t<\/div>\n\t\t<\/div>\n\t\t\t\t\t<\/div>\n\t\t<\/section>\n\t\t<div class=\"elementor-element elementor-element-334741d e-flex e-con-boxed e-con e-parent\" data-id=\"334741d\" data-element_type=\"container\">\n\t\t\t\t\t<div class=\"e-con-inner\">\n\t\t\t\t\t<\/div>\n\t\t\t\t<\/div>\n\t\t<div class=\"elementor-element elementor-element-a14acb9 e-flex e-con-boxed e-con e-parent\" data-id=\"a14acb9\" data-element_type=\"container\">\n\t\t\t\t\t<div class=\"e-con-inner\">\n\t\t<div class=\"elementor-element elementor-element-f8fc23f e-con-full e-flex e-con e-child\" data-id=\"f8fc23f\" data-element_type=\"container\">\n\t\t\t\t<div class=\"elementor-element elementor-element-d4eaff1 elementor-widget elementor-widget-text-editor\" data-id=\"d4eaff1\" data-element_type=\"widget\" data-widget_type=\"text-editor.default\">\n\t\t\t\t<div class=\"elementor-widget-container\">\n\t\t\t\t\t\t\t\t\t<p>A KACO a stabil gazdas\u00e1gi v\u00e1llalkoz\u00e1sokat jellemz\u0151 v\u00e1llalati kult\u00far\u00e1val rendelkez\u0151 v\u00e1llalat, amely tudat\u00e1ban van az emberi jogok tiszteletben tart\u00e1s\u00e1val, valamint az \u00e9ghajlat \u00e9s a k\u00f6rnyezet v\u00e9delm\u00e9vel kapcsolatos felel\u0151ss\u00e9g\u00e9nek. \u00c9rt\u00e9krend\u00fcnk t\u00f6bbek k\u00f6z\u00f6tt az Egyes\u00fclt Nemzetek Sz\u00f6vets\u00e9ge (ENSZ) \u00fczleti \u00e9s emberi jogi ir\u00e1nyelvein alapul. Ezeket az ir\u00e1nyad\u00f3 elveket \u00e9s egy\u00e9b elveket a magatart\u00e1si k\u00f3dex\u00fcnkben r\u00f6gz\u00edtett\u00fck, amelyet a KACO \u00e9s a KACO besz\u00e1ll\u00edt\u00f3i \u00e9s v\u00e1llalkoz\u00f3i (a tov\u00e1bbiakban: &#8222;besz\u00e1ll\u00edt\u00f3k&#8221;) a KACO ell\u00e1t\u00e1si l\u00e1nc\u00e1ban k\u00f6telesek betartani \u00e9s v\u00e9grehajtani, \u00e9s amely \u00fczleti tev\u00e9kenys\u00e9g\u00fcket ir\u00e1ny\u00edtja.<\/p><p>A KACO vezet\u0151s\u00e9ge fel\u00fcgyeli az &#8222;Emberi jogok tiszteletben tart\u00e1s\u00e1ra vonatkoz\u00f3 alapelvek&#8221; v\u00e9grehajt\u00e1s\u00e1t \u00e9s betart\u00e1s\u00e1t.<\/p><p>A KACO az emberek \u00e9s a k\u00f6rnyezet ir\u00e1nti felel\u0151ss\u00e9g\u00e9t a fent eml\u00edtett v\u00e9dett \u00e1ruk megfelel\u0151 \u00e9s hat\u00e9kony kock\u00e1zatkezel\u00e9s\u00e9vel, az al\u00e1bbi int\u00e9zked\u00e9sekkel teljes\u00edti:<\/p><ul><li>A kock\u00e1zatelemz\u00e9s elk\u00e9sz\u00edt\u00e9se a menedzsment mag\u00e1t\u00f3l \u00e9rtet\u0151d\u0151 r\u00e9sze. Az azonos\u00edtott kock\u00e1zatokat \u00e9sszer\u0171 m\u00e9rt\u00e9kben \u00e9s priorit\u00e1sok meg\u00e1llap\u00edt\u00e1sa ut\u00e1n a v\u00e1llalat eg\u00e9sz\u00e9re \u00e9s k\u00f6zvetlen besz\u00e1ll\u00edt\u00f3inkra kiterjed\u0151 megel\u0151z\u0151 int\u00e9zked\u00e9sekkel minimaliz\u00e1ljuk..<\/li><li>A k\u00f6zvetlen ell\u00e1t\u00e1si l\u00e1ncban az embereket \u00e9s a k\u00f6rnyezetet fenyeget\u0151 k\u00f6zvetlen vesz\u00e9lyeket k\u00e9sedelem n\u00e9lk\u00fcl v\u00e9grehajtott int\u00e9zked\u00e9sekkel kezelik. Az embereket \u00e9s a k\u00f6rnyezetet \u00e9rint\u0151 s\u00falyos \u00e9s k\u00f6zvetlen kock\u00e1zatok eset\u00e9n a k\u00f6zvetlen sz\u00e1ll\u00edt\u00f3val egy\u00fcttm\u0171k\u00f6dve kidolgozunk egy int\u00e9zked\u00e9si tervet a kock\u00e1zat cs\u00f6kkent\u00e9s\u00e9re, \u00e9s sz\u00fcks\u00e9g eset\u00e9n megsz\u00fcntet\u00e9s\u00e9re.<\/li><li>Ha a kidolgozott int\u00e9zked\u00e9si terveket nem hajtj\u00e1k v\u00e9gre, vagy azok nem vezetnek a meghat\u00e1rozott c\u00e9lhoz, fenntartjuk a jogot, hogy v\u00e9gs\u0151 megold\u00e1sk\u00e9nt felmondjuk az \u00fczleti kapcsolatot a k\u00f6zvetlen besz\u00e1ll\u00edt\u00f3val.<\/li><li>Besz\u00e1ll\u00edt\u00f3inkat gondosan v\u00e1lasztjuk ki, az emberi jogok \u00e9s a k\u00f6rnyezet v\u00e9delm\u00e9t szolg\u00e1l\u00f3 megel\u0151z\u0151 int\u00e9zked\u00e9seik alapj\u00e1n is.<\/li><li>A munkav\u00e1llal\u00f3inkkal \u00e9s besz\u00e1ll\u00edt\u00f3inkkal szembeni elv\u00e1r\u00e1sainkat a Magatart\u00e1si k\u00f3dex\u00fcnk tartalmazza. Munkat\u00e1rsaink rendszeresen k\u00e9pz\u00e9st kapnak a tartalomr\u00f3l. A magatart\u00e1si k\u00f3dexet k\u00f6z\u00f6lj\u00fck besz\u00e1ll\u00edt\u00f3inkkal, \u00e9s a KACO honlapj\u00e1n is el\u00e9rhet\u0151.<\/li><li>Az emberi jogok megs\u00e9rt\u00e9s\u00e9vel vagy a szervezet\u00fcnk k\u00f6rnyezetv\u00e9delmi norm\u00e1inak figyelmen k\u00edv\u00fcl hagy\u00e1s\u00e1val kapcsolatos panaszokat b\u00e1rmikor tov\u00e1bb\u00edthatja a KACO-hoz. A bejelent\u00e9si elj\u00e1r\u00e1s a KACO alkalmazottai, valamint a besz\u00e1ll\u00edt\u00f3i l\u00e1ncunk valamennyi besz\u00e1ll\u00edt\u00f3ja \u00e9s valamennyi \u00fczleti partnere sz\u00e1m\u00e1ra el\u00e9rhet\u0151 a KACO <a href=\"http:\/\/www.kaco.de\">kaco.de<\/a> weboldal\u00e1n kereszt\u00fcl.<\/li><li>Ha ezen a bejelent\u0151 rendszeren kereszt\u00fcl kapunk inform\u00e1ci\u00f3kat az ir\u00e1nyelveink megs\u00e9rt\u00e9s\u00e9r\u0151l, ezeket a bels\u0151 szab\u00e1lyzatoknak megfelel\u0151en ellen\u0151rizz\u00fck \u00e9s \u00e9rt\u00e9kelj\u00fck, \u00e9s sz\u00fcks\u00e9g eset\u00e9n a megfelel\u0151 besz\u00e1ll\u00edt\u00f3val egy\u00fctt int\u00e9zked\u00e9seket dolgozunk ki.<\/li><li>\u00c9vente jelent\u00e9st k\u00fcld\u00fcnk a vezet\u0151s\u00e9gnek a kock\u00e1zatokr\u00f3l, a megtett int\u00e9zked\u00e9sekr\u0151l, az int\u00e9zked\u00e9sek hat\u00e9konys\u00e1g\u00e1r\u00f3l \u00e9s a rendszer hat\u00e9konys\u00e1g\u00e1nak \u00e9rt\u00e9kel\u00e9s\u00e9r\u0151l. Ezt a jelent\u00e9st legal\u00e1bb 7 \u00e9vig archiv\u00e1ljuk.<\/li><li>\u00c9vente egyszer \u00e9s eseti alapon is ellen\u0151rizz\u00fck az \u00f6sszes le\u00edrt int\u00e9zked\u00e9st, hogy azok megfelelnek-e a c\u00e9lnak, \u00e9s folyamatosan tov\u00e1bbfejlesztj\u00fck \u0151ket..<\/li><\/ul>\t\t\t\t\t\t\t\t<\/div>\n\t\t\t\t<\/div>\n\t\t\t\t<\/div>\n\t\t<div class=\"elementor-element elementor-element-99370e4 e-con-full e-flex e-con e-child\" data-id=\"99370e4\" data-element_type=\"container\">\n\t\t\t\t<\/div>\n\t\t\t\t\t<\/div>\n\t\t\t\t<\/div>\n\t\t<div class=\"elementor-element elementor-element-ea571b1 e-flex e-con-boxed e-con e-parent\" data-id=\"ea571b1\" data-element_type=\"container\">\n\t\t\t\t\t<div class=\"e-con-inner\">\n\t\t\t\t<div class=\"elementor-element elementor-element-8fd22ed elementor-widget elementor-widget-button\" data-id=\"8fd22ed\" data-element_type=\"widget\" data-widget_type=\"button.default\">\n\t\t\t\t<div class=\"elementor-widget-container\">\n\t\t\t\t\t\t\t\t\t<div class=\"elementor-button-wrapper\">\n\t\t\t\t\t<a class=\"elementor-button elementor-button-link elementor-size-sm\" href=\"https:\/\/kaco.de\/wp-content\/uploads\/RD_F110_10_-Menschenrechtsstrategie.pdf\">\n\t\t\t\t\t\t<span class=\"elementor-button-content-wrapper\">\n\t\t\t\t\t\t\t\t\t<span class=\"elementor-button-text\">Download PDF<\/span>\n\t\t\t\t\t<\/span>\n\t\t\t\t\t<\/a>\n\t\t\t\t<\/div>\n\t\t\t\t\t\t\t\t<\/div>\n\t\t\t\t<\/div>\n\t\t\t\t\t<\/div>\n\t\t\t\t<\/div>\n\t\t\t\t<\/div>\n\t\t","protected":false},"excerpt":{"rendered":"<p>Filoz\u00f3fia Emberi jogi strat\u00e9gia alapnyilatkozat A KACO a stabil gazdas\u00e1gi v\u00e1llalkoz\u00e1sokat jellemz\u0151 v\u00e1llalati kult\u00far\u00e1val rendelkez\u0151 v\u00e1llalat, amely tudat\u00e1ban van az emberi jogok tiszteletben tart\u00e1s\u00e1val, valamint az \u00e9ghajlat \u00e9s a k\u00f6rnyezet v\u00e9delm\u00e9vel kapcsolatos felel\u0151ss\u00e9g\u00e9nek. \u00c9rt\u00e9krend\u00fcnk t\u00f6bbek k\u00f6z\u00f6tt az Egyes\u00fclt Nemzetek Sz\u00f6vets\u00e9ge (ENSZ) \u00fczleti \u00e9s emberi jogi ir\u00e1nyelvein alapul. Ezeket az ir\u00e1nyad\u00f3 elveket \u00e9s egy\u00e9b elveket a [&hellip;]<\/p>\n","protected":false},"author":9,"featured_media":0,"parent":13330,"menu_order":0,"comment_status":"closed","ping_status":"closed","template":"","meta":{"_acf_changed":false,"site-sidebar-layout":"no-sidebar","site-content-layout":"page-builder","ast-site-content-layout":"full-width-container","site-content-style":"default","site-sidebar-style":"default","ast-global-header-display":"","ast-banner-title-visibility":"","ast-main-header-display":"","ast-hfb-above-header-display":"","ast-hfb-below-header-display":"","ast-hfb-mobile-header-display":"","site-post-title":"disabled","ast-breadcrumbs-content":"","ast-featured-img":"disabled","footer-sml-layout":"","ast-disable-related-posts":"","theme-transparent-header-meta":"","adv-header-id-meta":"","stick-header-meta":"","header-above-stick-meta":"","header-main-stick-meta":"","header-below-stick-meta":"","astra-migrate-meta-layouts":"set","ast-page-background-enabled":"default","ast-page-background-meta":{"desktop":{"background-color":"var(--ast-global-color-4)","background-image":"","background-repeat":"repeat","background-position":"center center","background-size":"auto","background-attachment":"scroll","background-type":"","background-media":"","overlay-type":"","overlay-color":"","overlay-opacity":"","overlay-gradient":""},"tablet":{"background-color":"","background-image":"","background-repeat":"repeat","background-position":"center center","background-size":"auto","background-attachment":"scroll","background-type":"","background-media":"","overlay-type":"","overlay-color":"","overlay-opacity":"","overlay-gradient":""},"mobile":{"background-color":"","background-image":"","background-repeat":"repeat","background-position":"center center","background-size":"auto","background-attachment":"scroll","background-type":"","background-media":"","overlay-type":"","overlay-color":"","overlay-opacity":"","overlay-gradient":""}},"ast-content-background-meta":{"desktop":{"background-color":"var(--ast-global-color-5)","background-image":"","background-repeat":"repeat","background-position":"center center","background-size":"auto","background-attachment":"scroll","background-type":"","background-media":"","overlay-type":"","overlay-color":"","overlay-opacity":"","overlay-gradient":""},"tablet":{"background-color":"var(--ast-global-color-5)","background-image":"","background-repeat":"repeat","background-position":"center center","background-size":"auto","background-attachment":"scroll","background-type":"","background-media":"","overlay-type":"","overlay-color":"","overlay-opacity":"","overlay-gradient":""},"mobile":{"background-color":"var(--ast-global-color-5)","background-image":"","background-repeat":"repeat","background-position":"center center","background-size":"auto","background-attachment":"scroll","background-type":"","background-media":"","overlay-type":"","overlay-color":"","overlay-opacity":"","overlay-gradient":""}},"footnotes":""},"class_list":["post-30274","page","type-page","status-publish","hentry"],"acf":[],"yoast_head":"<!-- This site is optimized with the Yoast SEO plugin v27.3 - https:\/\/yoast.com\/product\/yoast-seo-wordpress\/ -->\n<title>Emberi jogi strat\u00e9gia alapnyilatkozat - KACO - Der Experte f\u00fcr Dichtungssysteme<\/title>\n<meta name=\"description\" content=\"Filoz\u00f3fia Emberi jogi strat\u00e9gia alapnyilatkozat A KACO a stabil gazdas\u00e1gi v\u00e1llalkoz\u00e1sokat jellemz\u0151 v\u00e1llalati kult\u00far\u00e1val rendelkez\u0151 v\u00e1llalat, amely\" \/>\n<meta name=\"robots\" content=\"index, follow, max-snippet:-1, max-image-preview:large, max-video-preview:-1\" \/>\n<link rel=\"canonical\" href=\"https:\/\/kaco.de\/hu\/vallalat\/filozofia\/emberi-jogi-strategia-alapnyilatkozat\/\" \/>\n<meta property=\"og:locale\" content=\"hu_HU\" \/>\n<meta property=\"og:type\" content=\"article\" \/>\n<meta property=\"og:title\" content=\"Emberi jogi strat\u00e9gia alapnyilatkozat - KACO - Der Experte f\u00fcr Dichtungssysteme\" \/>\n<meta property=\"og:description\" content=\"Filoz\u00f3fia Emberi jogi strat\u00e9gia alapnyilatkozat A KACO a stabil gazdas\u00e1gi v\u00e1llalkoz\u00e1sokat jellemz\u0151 v\u00e1llalati kult\u00far\u00e1val rendelkez\u0151 v\u00e1llalat, amely\" \/>\n<meta property=\"og:url\" content=\"https:\/\/kaco.de\/hu\/vallalat\/filozofia\/emberi-jogi-strategia-alapnyilatkozat\/\" \/>\n<meta property=\"og:site_name\" content=\"KACO - Der Experte f\u00fcr Dichtungssysteme\" \/>\n<meta property=\"article:modified_time\" content=\"2025-01-30T13:35:31+00:00\" \/>\n<meta property=\"og:image\" content=\"https:\/\/kaco.de\/wp-content\/uploads\/unternehmen-unternehmensleitbild-kaco@2x.jpg\" \/>\n\t<meta property=\"og:image:width\" content=\"2560\" \/>\n\t<meta property=\"og:image:height\" content=\"808\" \/>\n\t<meta property=\"og:image:type\" content=\"image\/jpeg\" \/>\n<meta name=\"twitter:card\" content=\"summary_large_image\" \/>\n<meta name=\"twitter:label1\" content=\"Becs\u00fclt olvas\u00e1si id\u0151\" \/>\n\t<meta name=\"twitter:data1\" content=\"3 perc\" \/>\n<script type=\"application\/ld+json\" class=\"yoast-schema-graph\">{\"@context\":\"https:\\\/\\\/schema.org\",\"@graph\":[{\"@type\":\"WebPage\",\"@id\":\"https:\\\/\\\/kaco.de\\\/hu\\\/vallalat\\\/filozofia\\\/emberi-jogi-strategia-alapnyilatkozat\\\/\",\"url\":\"https:\\\/\\\/kaco.de\\\/hu\\\/vallalat\\\/filozofia\\\/emberi-jogi-strategia-alapnyilatkozat\\\/\",\"name\":\"Emberi jogi strat\u00e9gia alapnyilatkozat - KACO - Der Experte f\u00fcr Dichtungssysteme\",\"isPartOf\":{\"@id\":\"https:\\\/\\\/kaco.de\\\/#website\"},\"primaryImageOfPage\":{\"@id\":\"https:\\\/\\\/kaco.de\\\/hu\\\/vallalat\\\/filozofia\\\/emberi-jogi-strategia-alapnyilatkozat\\\/#primaryimage\"},\"image\":{\"@id\":\"https:\\\/\\\/kaco.de\\\/hu\\\/vallalat\\\/filozofia\\\/emberi-jogi-strategia-alapnyilatkozat\\\/#primaryimage\"},\"thumbnailUrl\":\"https:\\\/\\\/kaco.de\\\/wp-content\\\/uploads\\\/unternehmen-unternehmensleitbild-kaco@2x.jpg\",\"datePublished\":\"2025-01-30T13:29:25+00:00\",\"dateModified\":\"2025-01-30T13:35:31+00:00\",\"description\":\"Filoz\u00f3fia Emberi jogi strat\u00e9gia alapnyilatkozat A KACO a stabil gazdas\u00e1gi v\u00e1llalkoz\u00e1sokat jellemz\u0151 v\u00e1llalati kult\u00far\u00e1val rendelkez\u0151 v\u00e1llalat, amely\",\"breadcrumb\":{\"@id\":\"https:\\\/\\\/kaco.de\\\/hu\\\/vallalat\\\/filozofia\\\/emberi-jogi-strategia-alapnyilatkozat\\\/#breadcrumb\"},\"inLanguage\":\"hu\",\"potentialAction\":[{\"@type\":\"ReadAction\",\"target\":[\"https:\\\/\\\/kaco.de\\\/hu\\\/vallalat\\\/filozofia\\\/emberi-jogi-strategia-alapnyilatkozat\\\/\"]}]},{\"@type\":\"ImageObject\",\"inLanguage\":\"hu\",\"@id\":\"https:\\\/\\\/kaco.de\\\/hu\\\/vallalat\\\/filozofia\\\/emberi-jogi-strategia-alapnyilatkozat\\\/#primaryimage\",\"url\":\"https:\\\/\\\/kaco.de\\\/wp-content\\\/uploads\\\/unternehmen-unternehmensleitbild-kaco@2x.jpg\",\"contentUrl\":\"https:\\\/\\\/kaco.de\\\/wp-content\\\/uploads\\\/unternehmen-unternehmensleitbild-kaco@2x.jpg\"},{\"@type\":\"BreadcrumbList\",\"@id\":\"https:\\\/\\\/kaco.de\\\/hu\\\/vallalat\\\/filozofia\\\/emberi-jogi-strategia-alapnyilatkozat\\\/#breadcrumb\",\"itemListElement\":[{\"@type\":\"ListItem\",\"position\":1,\"name\":\"Home\",\"item\":\"https:\\\/\\\/kaco.de\\\/hu\\\/ungarisch-startseite-test\\\/\"},{\"@type\":\"ListItem\",\"position\":2,\"name\":\"KACO, a t\u00f6m\u00edt\u00e9sek szak\u00e9rt\u0151je\",\"item\":\"https:\\\/\\\/kaco.de\\\/hu\\\/vallalat\\\/\"},{\"@type\":\"ListItem\",\"position\":3,\"name\":\"Filoz\u00f3fia\",\"item\":\"https:\\\/\\\/kaco.de\\\/hu\\\/vallalat\\\/filozofia\\\/\"},{\"@type\":\"ListItem\",\"position\":4,\"name\":\"Emberi jogi strat\u00e9gia alapnyilatkozat\"}]},{\"@type\":\"WebSite\",\"@id\":\"https:\\\/\\\/kaco.de\\\/#website\",\"url\":\"https:\\\/\\\/kaco.de\\\/\",\"name\":\"KACO - Der Experte f\u00fcr Dichtungssysteme\",\"description\":\"Seien Sie mit unseren hochpr\u00e4zisen und anwendungsorientierten Dichtungsl\u00f6sungen bestens f\u00fcr die Automobil- und Maschinenbauindustrie ger\u00fcstet.\",\"publisher\":{\"@id\":\"https:\\\/\\\/kaco.de\\\/#organization\"},\"potentialAction\":[{\"@type\":\"SearchAction\",\"target\":{\"@type\":\"EntryPoint\",\"urlTemplate\":\"https:\\\/\\\/kaco.de\\\/?s={search_term_string}\"},\"query-input\":{\"@type\":\"PropertyValueSpecification\",\"valueRequired\":true,\"valueName\":\"search_term_string\"}}],\"inLanguage\":\"hu\"},{\"@type\":\"Organization\",\"@id\":\"https:\\\/\\\/kaco.de\\\/#organization\",\"name\":\"KACO - Der Experte f\u00fcr Dichtungssysteme\",\"url\":\"https:\\\/\\\/kaco.de\\\/\",\"logo\":{\"@type\":\"ImageObject\",\"inLanguage\":\"hu\",\"@id\":\"https:\\\/\\\/kaco.de\\\/#\\\/schema\\\/logo\\\/image\\\/\",\"url\":\"https:\\\/\\\/kaco.de\\\/wp-content\\\/uploads\\\/cropped-logo1.png\",\"contentUrl\":\"https:\\\/\\\/kaco.de\\\/wp-content\\\/uploads\\\/cropped-logo1.png\",\"width\":851,\"height\":254,\"caption\":\"KACO - Der Experte f\u00fcr Dichtungssysteme\"},\"image\":{\"@id\":\"https:\\\/\\\/kaco.de\\\/#\\\/schema\\\/logo\\\/image\\\/\"}}]}<\/script>\n<!-- \/ Yoast SEO plugin. -->","yoast_head_json":{"title":"Emberi jogi strat\u00e9gia alapnyilatkozat - KACO - Der Experte f\u00fcr Dichtungssysteme","description":"Filoz\u00f3fia Emberi jogi strat\u00e9gia alapnyilatkozat A KACO a stabil gazdas\u00e1gi v\u00e1llalkoz\u00e1sokat jellemz\u0151 v\u00e1llalati kult\u00far\u00e1val rendelkez\u0151 v\u00e1llalat, amely","robots":{"index":"index","follow":"follow","max-snippet":"max-snippet:-1","max-image-preview":"max-image-preview:large","max-video-preview":"max-video-preview:-1"},"canonical":"https:\/\/kaco.de\/hu\/vallalat\/filozofia\/emberi-jogi-strategia-alapnyilatkozat\/","og_locale":"hu_HU","og_type":"article","og_title":"Emberi jogi strat\u00e9gia alapnyilatkozat - KACO - Der Experte f\u00fcr Dichtungssysteme","og_description":"Filoz\u00f3fia Emberi jogi strat\u00e9gia alapnyilatkozat A KACO a stabil gazdas\u00e1gi v\u00e1llalkoz\u00e1sokat jellemz\u0151 v\u00e1llalati kult\u00far\u00e1val rendelkez\u0151 v\u00e1llalat, amely","og_url":"https:\/\/kaco.de\/hu\/vallalat\/filozofia\/emberi-jogi-strategia-alapnyilatkozat\/","og_site_name":"KACO - Der Experte f\u00fcr Dichtungssysteme","article_modified_time":"2025-01-30T13:35:31+00:00","og_image":[{"width":2560,"height":808,"url":"https:\/\/kaco.de\/wp-content\/uploads\/unternehmen-unternehmensleitbild-kaco@2x.jpg","type":"image\/jpeg"}],"twitter_card":"summary_large_image","twitter_misc":{"Becs\u00fclt olvas\u00e1si id\u0151":"3 perc"},"schema":{"@context":"https:\/\/schema.org","@graph":[{"@type":"WebPage","@id":"https:\/\/kaco.de\/hu\/vallalat\/filozofia\/emberi-jogi-strategia-alapnyilatkozat\/","url":"https:\/\/kaco.de\/hu\/vallalat\/filozofia\/emberi-jogi-strategia-alapnyilatkozat\/","name":"Emberi jogi strat\u00e9gia alapnyilatkozat - KACO - Der Experte f\u00fcr Dichtungssysteme","isPartOf":{"@id":"https:\/\/kaco.de\/#website"},"primaryImageOfPage":{"@id":"https:\/\/kaco.de\/hu\/vallalat\/filozofia\/emberi-jogi-strategia-alapnyilatkozat\/#primaryimage"},"image":{"@id":"https:\/\/kaco.de\/hu\/vallalat\/filozofia\/emberi-jogi-strategia-alapnyilatkozat\/#primaryimage"},"thumbnailUrl":"https:\/\/kaco.de\/wp-content\/uploads\/unternehmen-unternehmensleitbild-kaco@2x.jpg","datePublished":"2025-01-30T13:29:25+00:00","dateModified":"2025-01-30T13:35:31+00:00","description":"Filoz\u00f3fia Emberi jogi strat\u00e9gia alapnyilatkozat A KACO a stabil gazdas\u00e1gi v\u00e1llalkoz\u00e1sokat jellemz\u0151 v\u00e1llalati kult\u00far\u00e1val rendelkez\u0151 v\u00e1llalat, amely","breadcrumb":{"@id":"https:\/\/kaco.de\/hu\/vallalat\/filozofia\/emberi-jogi-strategia-alapnyilatkozat\/#breadcrumb"},"inLanguage":"hu","potentialAction":[{"@type":"ReadAction","target":["https:\/\/kaco.de\/hu\/vallalat\/filozofia\/emberi-jogi-strategia-alapnyilatkozat\/"]}]},{"@type":"ImageObject","inLanguage":"hu","@id":"https:\/\/kaco.de\/hu\/vallalat\/filozofia\/emberi-jogi-strategia-alapnyilatkozat\/#primaryimage","url":"https:\/\/kaco.de\/wp-content\/uploads\/unternehmen-unternehmensleitbild-kaco@2x.jpg","contentUrl":"https:\/\/kaco.de\/wp-content\/uploads\/unternehmen-unternehmensleitbild-kaco@2x.jpg"},{"@type":"BreadcrumbList","@id":"https:\/\/kaco.de\/hu\/vallalat\/filozofia\/emberi-jogi-strategia-alapnyilatkozat\/#breadcrumb","itemListElement":[{"@type":"ListItem","position":1,"name":"Home","item":"https:\/\/kaco.de\/hu\/ungarisch-startseite-test\/"},{"@type":"ListItem","position":2,"name":"KACO, a t\u00f6m\u00edt\u00e9sek szak\u00e9rt\u0151je","item":"https:\/\/kaco.de\/hu\/vallalat\/"},{"@type":"ListItem","position":3,"name":"Filoz\u00f3fia","item":"https:\/\/kaco.de\/hu\/vallalat\/filozofia\/"},{"@type":"ListItem","position":4,"name":"Emberi jogi strat\u00e9gia alapnyilatkozat"}]},{"@type":"WebSite","@id":"https:\/\/kaco.de\/#website","url":"https:\/\/kaco.de\/","name":"KACO - Der Experte f\u00fcr Dichtungssysteme","description":"Seien Sie mit unseren hochpr\u00e4zisen und anwendungsorientierten Dichtungsl\u00f6sungen bestens f\u00fcr die Automobil- und Maschinenbauindustrie ger\u00fcstet.","publisher":{"@id":"https:\/\/kaco.de\/#organization"},"potentialAction":[{"@type":"SearchAction","target":{"@type":"EntryPoint","urlTemplate":"https:\/\/kaco.de\/?s={search_term_string}"},"query-input":{"@type":"PropertyValueSpecification","valueRequired":true,"valueName":"search_term_string"}}],"inLanguage":"hu"},{"@type":"Organization","@id":"https:\/\/kaco.de\/#organization","name":"KACO - Der Experte f\u00fcr Dichtungssysteme","url":"https:\/\/kaco.de\/","logo":{"@type":"ImageObject","inLanguage":"hu","@id":"https:\/\/kaco.de\/#\/schema\/logo\/image\/","url":"https:\/\/kaco.de\/wp-content\/uploads\/cropped-logo1.png","contentUrl":"https:\/\/kaco.de\/wp-content\/uploads\/cropped-logo1.png","width":851,"height":254,"caption":"KACO - Der Experte f\u00fcr Dichtungssysteme"},"image":{"@id":"https:\/\/kaco.de\/#\/schema\/logo\/image\/"}}]}},"_links":{"self":[{"href":"https:\/\/kaco.de\/hu\/wp-json\/wp\/v2\/pages\/30274","targetHints":{"allow":["GET"]}}],"collection":[{"href":"https:\/\/kaco.de\/hu\/wp-json\/wp\/v2\/pages"}],"about":[{"href":"https:\/\/kaco.de\/hu\/wp-json\/wp\/v2\/types\/page"}],"author":[{"embeddable":true,"href":"https:\/\/kaco.de\/hu\/wp-json\/wp\/v2\/users\/9"}],"replies":[{"embeddable":true,"href":"https:\/\/kaco.de\/hu\/wp-json\/wp\/v2\/comments?post=30274"}],"version-history":[{"count":7,"href":"https:\/\/kaco.de\/hu\/wp-json\/wp\/v2\/pages\/30274\/revisions"}],"predecessor-version":[{"id":30282,"href":"https:\/\/kaco.de\/hu\/wp-json\/wp\/v2\/pages\/30274\/revisions\/30282"}],"up":[{"embeddable":true,"href":"https:\/\/kaco.de\/hu\/wp-json\/wp\/v2\/pages\/13330"}],"wp:attachment":[{"href":"https:\/\/kaco.de\/hu\/wp-json\/wp\/v2\/media?parent=30274"}],"curies":[{"name":"wp","href":"https:\/\/api.w.org\/{rel}","templated":true}]}}